{"id":257641,"date":"2026-02-27T09:38:25","date_gmt":"2026-02-27T07:38:25","guid":{"rendered":"https:\/\/bbqentertainment.com\/toode\/camp-chef-14-sidekick-koos-grillplaadiga-24-ja-36-pelletgrillidele\/"},"modified":"2026-03-02T17:20:33","modified_gmt":"2026-03-02T15:20:33","slug":"camp-chef-14-sidekick-koos-grillplaadiga-24-ja-36-pelletgrillidele","status":"publish","type":"product","link":"https:\/\/bbqentertainment.com\/en\/toode\/camp-chef-14-sidekick-koos-grillplaadiga-24-ja-36-pelletgrillidele\/","title":{"rendered":"Camp Chef 14&#8243; SideKick koos grillplaadiga 24&#8243; ja 36&#8243; pelletgrillidele"},"content":{"rendered":"<p>\u00dcliv\u00f5imsa Sidekick mooduliga muudad oma pelletgrilli t\u00e4iuslikuks aiak\u00f6\u00f6giks. Grilligaasiga t\u00f6\u00f6tav moodulpliit sobitub t\u00e4pselt Camp Chef Woodwind grillide otsalaua asemele. \u00dcliv\u00f5imas 8kW kaherealine valualumiiniumist p\u00f5leti v\u00f5imaldab teil valmistada roogi mistahes mahus, kasv\u00f5i \u00e4mbriga. Kombineerituna pelletgrilliga ei j\u00e4\u00e4 mistahes toote valmistamine proffesionaalsel tasemel enam k\u00e4ttesaamatuks!<\/p>\n<p>Moodulile saab omakorda lisada 14&#8243;tolliseid Camp Chef universaalmooduleid, nagu n\u00e4iteks planchaplaat, pitsaahi v\u00f5i r\u00f6stifunktsiooniga grill.<\/p>\n<p><strong>TOOTE OMADUSED<\/strong><\/p>\n<p>\u00dchildub enamiku Camp Chef 14 tolliste tarvikutega<\/p>\n<p>Komplektis on professionaalne restipind, mis on kohe valmis k\u00fcpsetamiseks.<\/p>\n<p>Komplekt sisaldab kohe ka malmist planchaplaati ja rasvakogumise n\u00f5ud.<\/p>\n<p>Plaat esiserva poole kaldu, esiservas rasvarenn \u00e4rajooksu auguga.<\/p>\n<p>Komplektis v\u00e4iksema gaasiballooni hoidik.<\/p>\n<p>Kaasas tugevduskandurid grilli k\u00fclge installeerimiseks ja kruvid.<\/p>\n<p>Sobib paigaldamiseks Camp Chef pelletigrillidele, 2016 ja uuemad<\/p>\n<p>8kW valatud alumiiniumist, kaherealine p\u00f5leti<\/p>\n<p>Automaats\u00fc\u00fcde nupu keeramisel.<\/p>\n<p>Kuumuse reguleerimise nupp<\/p>\n<p>P\u00f5leti \u00fcmber tuulekaitse ja kaetud p\u00f5hi.<\/p>\n<p>V\u00f5imalus k\u00fcpsetada, praadida, keeta, hautada, praadida, grillida jne (tarvikuid m\u00fc\u00fcakse eraldi)<\/p>\n","protected":false},"excerpt":{"rendered":"<h3>Camp Chef 14&#8243; SideKick koos grillplaadiga 24&#8243; ja 36&#8243; pelletgrillidele<\/h3>\n<p>\u00dcliv\u00f5imas, 8kW tuulekraega moodul-gaasipliit pelletgrilli muutmiseks t\u00f5eliseks v\u00e4lik\u00f6\u00f6giks. Kohe kaasas lisaks pliidirestile ka malmist, rasvakogumise renniga planchaplaat ja rasvakogumise n\u00f5u.<\/p>\n","protected":false},"featured_media":257594,"template":"","meta":{"inline_featured_image":false},"product_brand":[],"product_cat":[729,92],"product_tag":[],"class_list":{"0":"post-257641","1":"product","2":"type-product","3":"status-publish","4":"has-post-thumbnail","6":"product_cat-camp-chef","7":"product_cat-lisatarvikud","9":"first","10":"instock","11":"taxable","12":"shipping-taxable","13":"purchasable","14":"product-type-simple"},"yoast_head":"<!-- This site is optimized with the Yoast SEO plugin v27.2 - https:\/\/yoast.com\/product\/yoast-seo-wordpress\/ -->\n<title>Camp Chef 14&quot; SideKick koos grillplaadiga 24&quot; ja 36&quot; pelletgrillidele - BBQ Entertainment<\/title>\n<meta name=\"robots\" content=\"index, follow, max-snippet:-1, max-image-preview:large, max-video-preview:-1\" \/>\n<link rel=\"canonical\" href=\"https:\/\/bbqentertainment.com\/toode\/camp-chef-14-sidekick-koos-grillplaadiga-24-ja-36-pelletgrillidele\/\" \/>\n<meta property=\"og:locale\" content=\"en_US\" \/>\n<meta property=\"og:type\" content=\"article\" \/>\n<meta property=\"og:title\" content=\"Camp Chef 14&quot; SideKick koos grillplaadiga 24&quot; ja 36&quot; pelletgrillidele - BBQ Entertainment\" \/>\n<meta property=\"og:description\" content=\"Camp Chef 14&quot; SideKick koos grillplaadiga 24&quot; ja 36&quot; pelletgrillidele \u00dcliv\u00f5imas, 8kW tuulekraega moodul-gaasipliit pelletgrilli muutmiseks t\u00f5eliseks v\u00e4lik\u00f6\u00f6giks. Kohe kaasas lisaks pliidirestile ka malmist, rasvakogumise renniga planchaplaat ja rasvakogumise n\u00f5u.\" \/>\n<meta property=\"og:url\" content=\"https:\/\/bbqentertainment.com\/toode\/camp-chef-14-sidekick-koos-grillplaadiga-24-ja-36-pelletgrillidele\/\" \/>\n<meta property=\"og:site_name\" content=\"BBQ Entertainment\" \/>\n<meta property=\"article:publisher\" content=\"https:\/\/www.facebook.com\/BBQ-Entertainment-N-Catering-2437913376443540\" \/>\n<meta property=\"article:modified_time\" content=\"2026-03-02T15:20:33+00:00\" \/>\n<meta property=\"og:image\" content=\"https:\/\/bbqentertainment.com\/wp-content\/uploads\/2026\/02\/CampChef-malmplaat-kuljemoodul.png\" \/>\n\t<meta property=\"og:image:width\" content=\"300\" \/>\n\t<meta property=\"og:image:height\" content=\"300\" \/>\n\t<meta property=\"og:image:type\" content=\"image\/png\" \/>\n<meta name=\"twitter:card\" content=\"summary_large_image\" \/>\n<meta name=\"twitter:label1\" content=\"Est. reading time\" \/>\n\t<meta name=\"twitter:data1\" content=\"1 minute\" \/>\n<script type=\"application\/ld+json\" class=\"yoast-schema-graph\">{\"@context\":\"https:\/\/schema.org\",\"@graph\":[{\"@type\":[\"WebPage\",\"ItemPage\"],\"@id\":\"https:\/\/bbqentertainment.com\/toode\/camp-chef-14-sidekick-koos-grillplaadiga-24-ja-36-pelletgrillidele\/\",\"url\":\"https:\/\/bbqentertainment.com\/toode\/camp-chef-14-sidekick-koos-grillplaadiga-24-ja-36-pelletgrillidele\/\",\"name\":\"Camp Chef 14\\\" SideKick koos grillplaadiga 24\\\" ja 36\\\" pelletgrillidele - BBQ Entertainment\",\"isPartOf\":{\"@id\":\"https:\/\/bbqentertainment.com\/#website\"},\"primaryImageOfPage\":{\"@id\":\"https:\/\/bbqentertainment.com\/toode\/camp-chef-14-sidekick-koos-grillplaadiga-24-ja-36-pelletgrillidele\/#primaryimage\"},\"image\":{\"@id\":\"https:\/\/bbqentertainment.com\/toode\/camp-chef-14-sidekick-koos-grillplaadiga-24-ja-36-pelletgrillidele\/#primaryimage\"},\"thumbnailUrl\":\"https:\/\/bbqentertainment.com\/wp-content\/uploads\/2026\/02\/CampChef-malmplaat-kuljemoodul.png\",\"datePublished\":\"2026-02-27T07:38:25+00:00\",\"dateModified\":\"2026-03-02T15:20:33+00:00\",\"breadcrumb\":{\"@id\":\"https:\/\/bbqentertainment.com\/toode\/camp-chef-14-sidekick-koos-grillplaadiga-24-ja-36-pelletgrillidele\/#breadcrumb\"},\"inLanguage\":\"en-US\",\"potentialAction\":[{\"@type\":\"ReadAction\",\"target\":[\"https:\/\/bbqentertainment.com\/toode\/camp-chef-14-sidekick-koos-grillplaadiga-24-ja-36-pelletgrillidele\/\"]}]},{\"@type\":\"ImageObject\",\"inLanguage\":\"en-US\",\"@id\":\"https:\/\/bbqentertainment.com\/toode\/camp-chef-14-sidekick-koos-grillplaadiga-24-ja-36-pelletgrillidele\/#primaryimage\",\"url\":\"https:\/\/bbqentertainment.com\/wp-content\/uploads\/2026\/02\/CampChef-malmplaat-kuljemoodul.png\",\"contentUrl\":\"https:\/\/bbqentertainment.com\/wp-content\/uploads\/2026\/02\/CampChef-malmplaat-kuljemoodul.png\",\"width\":300,\"height\":300},{\"@type\":\"BreadcrumbList\",\"@id\":\"https:\/\/bbqentertainment.com\/toode\/camp-chef-14-sidekick-koos-grillplaadiga-24-ja-36-pelletgrillidele\/#breadcrumb\",\"itemListElement\":[{\"@type\":\"ListItem\",\"position\":1,\"name\":\"AVALEHT\",\"item\":\"https:\/\/bbqentertainment.com\/en\/\"},{\"@type\":\"ListItem\",\"position\":2,\"name\":\"Tooted\",\"item\":\"https:\/\/bbqentertainment.com\/tooted\/\"},{\"@type\":\"ListItem\",\"position\":3,\"name\":\"Grillid ja ahjud\",\"item\":\"https:\/\/bbqentertainment.com\/tootekategooria\/grillid-ja-ahjud\/\"},{\"@type\":\"ListItem\",\"position\":4,\"name\":\"Camp Chef\",\"item\":\"https:\/\/bbqentertainment.com\/tootekategooria\/grillid-ja-ahjud\/camp-chef\/\"},{\"@type\":\"ListItem\",\"position\":5,\"name\":\"Camp Chef 14&#8243; SideKick koos grillplaadiga 24&#8243; ja 36&#8243; pelletgrillidele\"}]},{\"@type\":\"WebSite\",\"@id\":\"https:\/\/bbqentertainment.com\/#website\",\"url\":\"https:\/\/bbqentertainment.com\/\",\"name\":\"BBQ Entertainment\",\"description\":\"BBQ is a great lifestyle, not just fun!\",\"publisher\":{\"@id\":\"https:\/\/bbqentertainment.com\/#organization\"},\"potentialAction\":[{\"@type\":\"SearchAction\",\"target\":{\"@type\":\"EntryPoint\",\"urlTemplate\":\"https:\/\/bbqentertainment.com\/?s={search_term_string}\"},\"query-input\":{\"@type\":\"PropertyValueSpecification\",\"valueRequired\":true,\"valueName\":\"search_term_string\"}}],\"inLanguage\":\"en-US\"},{\"@type\":\"Organization\",\"@id\":\"https:\/\/bbqentertainment.com\/#organization\",\"name\":\"BBQ Entertainment O\u00dc\",\"url\":\"https:\/\/bbqentertainment.com\/\",\"logo\":{\"@type\":\"ImageObject\",\"inLanguage\":\"en-US\",\"@id\":\"https:\/\/bbqentertainment.com\/#\/schema\/logo\/image\/\",\"url\":\"https:\/\/bbqentertainment.com\/wp-content\/uploads\/2020\/04\/BBQ-Entertainment-N-Catering-Enn-Tobreluts-Logo.png\",\"contentUrl\":\"https:\/\/bbqentertainment.com\/wp-content\/uploads\/2020\/04\/BBQ-Entertainment-N-Catering-Enn-Tobreluts-Logo.png\",\"width\":628,\"height\":266,\"caption\":\"BBQ Entertainment O\u00dc\"},\"image\":{\"@id\":\"https:\/\/bbqentertainment.com\/#\/schema\/logo\/image\/\"},\"sameAs\":[\"https:\/\/www.facebook.com\/BBQ-Entertainment-N-Catering-2437913376443540\",\"https:\/\/www.instagram.com\/bbqentertainmentncatering\/\",\"https:\/\/www.youtube.com\/channel\/UCmpuANQVhLy2Md8nrenp2jA\"]}]}<\/script>\n<!-- \/ Yoast SEO plugin. -->","yoast_head_json":{"title":"Camp Chef 14\" SideKick koos grillplaadiga 24\" ja 36\" pelletgrillidele - BBQ Entertainment","robots":{"index":"index","follow":"follow","max-snippet":"max-snippet:-1","max-image-preview":"max-image-preview:large","max-video-preview":"max-video-preview:-1"},"canonical":"https:\/\/bbqentertainment.com\/toode\/camp-chef-14-sidekick-koos-grillplaadiga-24-ja-36-pelletgrillidele\/","og_locale":"en_US","og_type":"article","og_title":"Camp Chef 14\" SideKick koos grillplaadiga 24\" ja 36\" pelletgrillidele - BBQ Entertainment","og_description":"Camp Chef 14\" SideKick koos grillplaadiga 24\" ja 36\" pelletgrillidele \u00dcliv\u00f5imas, 8kW tuulekraega moodul-gaasipliit pelletgrilli muutmiseks t\u00f5eliseks v\u00e4lik\u00f6\u00f6giks. Kohe kaasas lisaks pliidirestile ka malmist, rasvakogumise renniga planchaplaat ja rasvakogumise n\u00f5u.","og_url":"https:\/\/bbqentertainment.com\/toode\/camp-chef-14-sidekick-koos-grillplaadiga-24-ja-36-pelletgrillidele\/","og_site_name":"BBQ Entertainment","article_publisher":"https:\/\/www.facebook.com\/BBQ-Entertainment-N-Catering-2437913376443540","article_modified_time":"2026-03-02T15:20:33+00:00","og_image":[{"width":300,"height":300,"url":"https:\/\/bbqentertainment.com\/wp-content\/uploads\/2026\/02\/CampChef-malmplaat-kuljemoodul.png","type":"image\/png"}],"twitter_card":"summary_large_image","twitter_misc":{"Est. reading time":"1 minute"},"schema":{"@context":"https:\/\/schema.org","@graph":[{"@type":["WebPage","ItemPage"],"@id":"https:\/\/bbqentertainment.com\/toode\/camp-chef-14-sidekick-koos-grillplaadiga-24-ja-36-pelletgrillidele\/","url":"https:\/\/bbqentertainment.com\/toode\/camp-chef-14-sidekick-koos-grillplaadiga-24-ja-36-pelletgrillidele\/","name":"Camp Chef 14\" SideKick koos grillplaadiga 24\" ja 36\" pelletgrillidele - BBQ Entertainment","isPartOf":{"@id":"https:\/\/bbqentertainment.com\/#website"},"primaryImageOfPage":{"@id":"https:\/\/bbqentertainment.com\/toode\/camp-chef-14-sidekick-koos-grillplaadiga-24-ja-36-pelletgrillidele\/#primaryimage"},"image":{"@id":"https:\/\/bbqentertainment.com\/toode\/camp-chef-14-sidekick-koos-grillplaadiga-24-ja-36-pelletgrillidele\/#primaryimage"},"thumbnailUrl":"https:\/\/bbqentertainment.com\/wp-content\/uploads\/2026\/02\/CampChef-malmplaat-kuljemoodul.png","datePublished":"2026-02-27T07:38:25+00:00","dateModified":"2026-03-02T15:20:33+00:00","breadcrumb":{"@id":"https:\/\/bbqentertainment.com\/toode\/camp-chef-14-sidekick-koos-grillplaadiga-24-ja-36-pelletgrillidele\/#breadcrumb"},"inLanguage":"en-US","potentialAction":[{"@type":"ReadAction","target":["https:\/\/bbqentertainment.com\/toode\/camp-chef-14-sidekick-koos-grillplaadiga-24-ja-36-pelletgrillidele\/"]}]},{"@type":"ImageObject","inLanguage":"en-US","@id":"https:\/\/bbqentertainment.com\/toode\/camp-chef-14-sidekick-koos-grillplaadiga-24-ja-36-pelletgrillidele\/#primaryimage","url":"https:\/\/bbqentertainment.com\/wp-content\/uploads\/2026\/02\/CampChef-malmplaat-kuljemoodul.png","contentUrl":"https:\/\/bbqentertainment.com\/wp-content\/uploads\/2026\/02\/CampChef-malmplaat-kuljemoodul.png","width":300,"height":300},{"@type":"BreadcrumbList","@id":"https:\/\/bbqentertainment.com\/toode\/camp-chef-14-sidekick-koos-grillplaadiga-24-ja-36-pelletgrillidele\/#breadcrumb","itemListElement":[{"@type":"ListItem","position":1,"name":"AVALEHT","item":"https:\/\/bbqentertainment.com\/en\/"},{"@type":"ListItem","position":2,"name":"Tooted","item":"https:\/\/bbqentertainment.com\/tooted\/"},{"@type":"ListItem","position":3,"name":"Grillid ja ahjud","item":"https:\/\/bbqentertainment.com\/tootekategooria\/grillid-ja-ahjud\/"},{"@type":"ListItem","position":4,"name":"Camp Chef","item":"https:\/\/bbqentertainment.com\/tootekategooria\/grillid-ja-ahjud\/camp-chef\/"},{"@type":"ListItem","position":5,"name":"Camp Chef 14&#8243; SideKick koos grillplaadiga 24&#8243; ja 36&#8243; pelletgrillidele"}]},{"@type":"WebSite","@id":"https:\/\/bbqentertainment.com\/#website","url":"https:\/\/bbqentertainment.com\/","name":"BBQ Entertainment","description":"BBQ is a great lifestyle, not just fun!","publisher":{"@id":"https:\/\/bbqentertainment.com\/#organization"},"potentialAction":[{"@type":"SearchAction","target":{"@type":"EntryPoint","urlTemplate":"https:\/\/bbqentertainment.com\/?s={search_term_string}"},"query-input":{"@type":"PropertyValueSpecification","valueRequired":true,"valueName":"search_term_string"}}],"inLanguage":"en-US"},{"@type":"Organization","@id":"https:\/\/bbqentertainment.com\/#organization","name":"BBQ Entertainment O\u00dc","url":"https:\/\/bbqentertainment.com\/","logo":{"@type":"ImageObject","inLanguage":"en-US","@id":"https:\/\/bbqentertainment.com\/#\/schema\/logo\/image\/","url":"https:\/\/bbqentertainment.com\/wp-content\/uploads\/2020\/04\/BBQ-Entertainment-N-Catering-Enn-Tobreluts-Logo.png","contentUrl":"https:\/\/bbqentertainment.com\/wp-content\/uploads\/2020\/04\/BBQ-Entertainment-N-Catering-Enn-Tobreluts-Logo.png","width":628,"height":266,"caption":"BBQ Entertainment O\u00dc"},"image":{"@id":"https:\/\/bbqentertainment.com\/#\/schema\/logo\/image\/"},"sameAs":["https:\/\/www.facebook.com\/BBQ-Entertainment-N-Catering-2437913376443540","https:\/\/www.instagram.com\/bbqentertainmentncatering\/","https:\/\/www.youtube.com\/channel\/UCmpuANQVhLy2Md8nrenp2jA"]}]}},"_links":{"self":[{"href":"https:\/\/bbqentertainment.com\/en\/wp-json\/wp\/v2\/product\/257641","targetHints":{"allow":["GET"]}}],"collection":[{"href":"https:\/\/bbqentertainment.com\/en\/wp-json\/wp\/v2\/product"}],"about":[{"href":"https:\/\/bbqentertainment.com\/en\/wp-json\/wp\/v2\/types\/product"}],"wp:featuredmedia":[{"embeddable":true,"href":"https:\/\/bbqentertainment.com\/en\/wp-json\/wp\/v2\/media\/257594"}],"wp:attachment":[{"href":"https:\/\/bbqentertainment.com\/en\/wp-json\/wp\/v2\/media?parent=257641"}],"wp:term":[{"taxonomy":"product_brand","embeddable":true,"href":"https:\/\/bbqentertainment.com\/en\/wp-json\/wp\/v2\/product_brand?post=257641"},{"taxonomy":"product_cat","embeddable":true,"href":"https:\/\/bbqentertainment.com\/en\/wp-json\/wp\/v2\/product_cat?post=257641"},{"taxonomy":"product_tag","embeddable":true,"href":"https:\/\/bbqentertainment.com\/en\/wp-json\/wp\/v2\/product_tag?post=257641"}],"curies":[{"name":"wp","href":"https:\/\/api.w.org\/{rel}","templated":true}]}}