{"id":257642,"date":"2026-02-27T09:38:25","date_gmt":"2026-02-27T07:38:25","guid":{"rendered":"https:\/\/bbqentertainment.com\/toode\/camp-chef-deluxe-bbq-grill-box-36x42cm-must\/"},"modified":"2026-02-27T10:01:01","modified_gmt":"2026-02-27T08:01:01","slug":"camp-chef-deluxe-bbq-grill-box-36x42cm-must","status":"publish","type":"product","link":"https:\/\/bbqentertainment.com\/en\/toode\/camp-chef-deluxe-bbq-grill-box-36x42cm-must\/","title":{"rendered":"Camp Chef Deluxe BBQ Grill Box 36x42cm, must"},"content":{"rendered":"<p>Sobib k\u00f5igile Camp Chef 14-tollistele k\u00fcpsetuss\u00fcsteemidele + Sidekick pelletigrilli k\u00fcljepliidile.<br \/>\nSpetsiaalselt disainitud soojuse hajutamise plaadid muudavad leegi infrapunasoojuseks. Alla tilkuvad rasvatilgad aurustavad koheselt. Kaanes sisseehitatud temperatuurin\u00e4idik.<br \/>\nHingedega kaas ja kaane k\u00e4epide mugavaks avamiseks ning kaane lukustus transpordiks. Karbist v\u00e4lja v\u00f5ttes, valmis k\u00fcpsetamiseks sekunditega.<br \/>\nTrue Seasoned Finish malmist grillrest.<br \/>\nLaius: 34,5 cm<br \/>\nK\u00f5rgus: 20,5cm<br \/>\nS\u00fcgavus: 35,5 cm<\/p>\n","protected":false},"excerpt":{"rendered":"<h3>Camp Chef Deluxe BBQ Grill Box 36x42cm, must<\/h3>\n<p>BBQ moodul, mis ideaalselt sobib Pro 30 Deluxe pliidi ja Camp Chef Woodwind pelletgrillide Sideklick gaasipliidi moodulitega.<\/p>\n","protected":false},"featured_media":257613,"template":"","meta":{"inline_featured_image":false},"product_brand":[],"product_cat":[729,92],"product_tag":[],"class_list":{"0":"post-257642","1":"product","2":"type-product","3":"status-publish","4":"has-post-thumbnail","6":"product_cat-camp-chef","7":"product_cat-lisatarvikud","9":"first","10":"instock","11":"purchasable","12":"product-type-simple"},"yoast_head":"<!-- This site is optimized with the Yoast SEO plugin v27.2 - https:\/\/yoast.com\/product\/yoast-seo-wordpress\/ -->\n<title>Camp Chef Deluxe BBQ Grill Box 36x42cm, must - BBQ Entertainment<\/title>\n<meta name=\"robots\" content=\"index, follow, max-snippet:-1, max-image-preview:large, max-video-preview:-1\" \/>\n<link rel=\"canonical\" href=\"https:\/\/bbqentertainment.com\/toode\/camp-chef-deluxe-bbq-grill-box-36x42cm-must\/\" \/>\n<meta property=\"og:locale\" content=\"en_US\" \/>\n<meta property=\"og:type\" content=\"article\" \/>\n<meta property=\"og:title\" content=\"Camp Chef Deluxe BBQ Grill Box 36x42cm, must - BBQ Entertainment\" \/>\n<meta property=\"og:description\" content=\"Camp Chef Deluxe BBQ Grill Box 36x42cm, must BBQ moodul, mis ideaalselt sobib Pro 30 Deluxe pliidi ja Camp Chef Woodwind pelletgrillide Sideklick gaasipliidi moodulitega.\" \/>\n<meta property=\"og:url\" content=\"https:\/\/bbqentertainment.com\/toode\/camp-chef-deluxe-bbq-grill-box-36x42cm-must\/\" \/>\n<meta property=\"og:site_name\" content=\"BBQ Entertainment\" \/>\n<meta property=\"article:publisher\" content=\"https:\/\/www.facebook.com\/BBQ-Entertainment-N-Catering-2437913376443540\" \/>\n<meta property=\"article:modified_time\" content=\"2026-02-27T08:01:01+00:00\" \/>\n<meta property=\"og:image\" content=\"https:\/\/bbqentertainment.com\/wp-content\/uploads\/2026\/02\/BBQ-moodul-camp-chef.png\" \/>\n\t<meta property=\"og:image:width\" content=\"300\" \/>\n\t<meta property=\"og:image:height\" content=\"300\" \/>\n\t<meta property=\"og:image:type\" content=\"image\/png\" \/>\n<meta name=\"twitter:card\" content=\"summary_large_image\" \/>\n<meta name=\"twitter:label1\" content=\"Est. reading time\" \/>\n\t<meta name=\"twitter:data1\" content=\"1 minute\" \/>\n<script type=\"application\/ld+json\" class=\"yoast-schema-graph\">{\"@context\":\"https:\/\/schema.org\",\"@graph\":[{\"@type\":[\"WebPage\",\"ItemPage\"],\"@id\":\"https:\/\/bbqentertainment.com\/toode\/camp-chef-deluxe-bbq-grill-box-36x42cm-must\/\",\"url\":\"https:\/\/bbqentertainment.com\/toode\/camp-chef-deluxe-bbq-grill-box-36x42cm-must\/\",\"name\":\"Camp Chef Deluxe BBQ Grill Box 36x42cm, must - BBQ Entertainment\",\"isPartOf\":{\"@id\":\"https:\/\/bbqentertainment.com\/#website\"},\"primaryImageOfPage\":{\"@id\":\"https:\/\/bbqentertainment.com\/toode\/camp-chef-deluxe-bbq-grill-box-36x42cm-must\/#primaryimage\"},\"image\":{\"@id\":\"https:\/\/bbqentertainment.com\/toode\/camp-chef-deluxe-bbq-grill-box-36x42cm-must\/#primaryimage\"},\"thumbnailUrl\":\"https:\/\/bbqentertainment.com\/wp-content\/uploads\/2026\/02\/BBQ-moodul-camp-chef.png\",\"datePublished\":\"2026-02-27T07:38:25+00:00\",\"dateModified\":\"2026-02-27T08:01:01+00:00\",\"breadcrumb\":{\"@id\":\"https:\/\/bbqentertainment.com\/toode\/camp-chef-deluxe-bbq-grill-box-36x42cm-must\/#breadcrumb\"},\"inLanguage\":\"en-US\",\"potentialAction\":[{\"@type\":\"ReadAction\",\"target\":[\"https:\/\/bbqentertainment.com\/toode\/camp-chef-deluxe-bbq-grill-box-36x42cm-must\/\"]}]},{\"@type\":\"ImageObject\",\"inLanguage\":\"en-US\",\"@id\":\"https:\/\/bbqentertainment.com\/toode\/camp-chef-deluxe-bbq-grill-box-36x42cm-must\/#primaryimage\",\"url\":\"https:\/\/bbqentertainment.com\/wp-content\/uploads\/2026\/02\/BBQ-moodul-camp-chef.png\",\"contentUrl\":\"https:\/\/bbqentertainment.com\/wp-content\/uploads\/2026\/02\/BBQ-moodul-camp-chef.png\",\"width\":300,\"height\":300},{\"@type\":\"BreadcrumbList\",\"@id\":\"https:\/\/bbqentertainment.com\/toode\/camp-chef-deluxe-bbq-grill-box-36x42cm-must\/#breadcrumb\",\"itemListElement\":[{\"@type\":\"ListItem\",\"position\":1,\"name\":\"AVALEHT\",\"item\":\"https:\/\/bbqentertainment.com\/en\/\"},{\"@type\":\"ListItem\",\"position\":2,\"name\":\"Tooted\",\"item\":\"https:\/\/bbqentertainment.com\/tooted\/\"},{\"@type\":\"ListItem\",\"position\":3,\"name\":\"Grillid ja ahjud\",\"item\":\"https:\/\/bbqentertainment.com\/tootekategooria\/grillid-ja-ahjud\/\"},{\"@type\":\"ListItem\",\"position\":4,\"name\":\"Camp Chef\",\"item\":\"https:\/\/bbqentertainment.com\/tootekategooria\/grillid-ja-ahjud\/camp-chef\/\"},{\"@type\":\"ListItem\",\"position\":5,\"name\":\"Camp Chef Deluxe BBQ Grill Box 36x42cm, must\"}]},{\"@type\":\"WebSite\",\"@id\":\"https:\/\/bbqentertainment.com\/#website\",\"url\":\"https:\/\/bbqentertainment.com\/\",\"name\":\"BBQ Entertainment\",\"description\":\"BBQ is a great lifestyle, not just fun!\",\"publisher\":{\"@id\":\"https:\/\/bbqentertainment.com\/#organization\"},\"potentialAction\":[{\"@type\":\"SearchAction\",\"target\":{\"@type\":\"EntryPoint\",\"urlTemplate\":\"https:\/\/bbqentertainment.com\/?s={search_term_string}\"},\"query-input\":{\"@type\":\"PropertyValueSpecification\",\"valueRequired\":true,\"valueName\":\"search_term_string\"}}],\"inLanguage\":\"en-US\"},{\"@type\":\"Organization\",\"@id\":\"https:\/\/bbqentertainment.com\/#organization\",\"name\":\"BBQ Entertainment O\u00dc\",\"url\":\"https:\/\/bbqentertainment.com\/\",\"logo\":{\"@type\":\"ImageObject\",\"inLanguage\":\"en-US\",\"@id\":\"https:\/\/bbqentertainment.com\/#\/schema\/logo\/image\/\",\"url\":\"https:\/\/bbqentertainment.com\/wp-content\/uploads\/2020\/04\/BBQ-Entertainment-N-Catering-Enn-Tobreluts-Logo.png\",\"contentUrl\":\"https:\/\/bbqentertainment.com\/wp-content\/uploads\/2020\/04\/BBQ-Entertainment-N-Catering-Enn-Tobreluts-Logo.png\",\"width\":628,\"height\":266,\"caption\":\"BBQ Entertainment O\u00dc\"},\"image\":{\"@id\":\"https:\/\/bbqentertainment.com\/#\/schema\/logo\/image\/\"},\"sameAs\":[\"https:\/\/www.facebook.com\/BBQ-Entertainment-N-Catering-2437913376443540\",\"https:\/\/www.instagram.com\/bbqentertainmentncatering\/\",\"https:\/\/www.youtube.com\/channel\/UCmpuANQVhLy2Md8nrenp2jA\"]}]}<\/script>\n<!-- \/ Yoast SEO plugin. -->","yoast_head_json":{"title":"Camp Chef Deluxe BBQ Grill Box 36x42cm, must - BBQ Entertainment","robots":{"index":"index","follow":"follow","max-snippet":"max-snippet:-1","max-image-preview":"max-image-preview:large","max-video-preview":"max-video-preview:-1"},"canonical":"https:\/\/bbqentertainment.com\/toode\/camp-chef-deluxe-bbq-grill-box-36x42cm-must\/","og_locale":"en_US","og_type":"article","og_title":"Camp Chef Deluxe BBQ Grill Box 36x42cm, must - BBQ Entertainment","og_description":"Camp Chef Deluxe BBQ Grill Box 36x42cm, must BBQ moodul, mis ideaalselt sobib Pro 30 Deluxe pliidi ja Camp Chef Woodwind pelletgrillide Sideklick gaasipliidi moodulitega.","og_url":"https:\/\/bbqentertainment.com\/toode\/camp-chef-deluxe-bbq-grill-box-36x42cm-must\/","og_site_name":"BBQ Entertainment","article_publisher":"https:\/\/www.facebook.com\/BBQ-Entertainment-N-Catering-2437913376443540","article_modified_time":"2026-02-27T08:01:01+00:00","og_image":[{"width":300,"height":300,"url":"https:\/\/bbqentertainment.com\/wp-content\/uploads\/2026\/02\/BBQ-moodul-camp-chef.png","type":"image\/png"}],"twitter_card":"summary_large_image","twitter_misc":{"Est. reading time":"1 minute"},"schema":{"@context":"https:\/\/schema.org","@graph":[{"@type":["WebPage","ItemPage"],"@id":"https:\/\/bbqentertainment.com\/toode\/camp-chef-deluxe-bbq-grill-box-36x42cm-must\/","url":"https:\/\/bbqentertainment.com\/toode\/camp-chef-deluxe-bbq-grill-box-36x42cm-must\/","name":"Camp Chef Deluxe BBQ Grill Box 36x42cm, must - BBQ Entertainment","isPartOf":{"@id":"https:\/\/bbqentertainment.com\/#website"},"primaryImageOfPage":{"@id":"https:\/\/bbqentertainment.com\/toode\/camp-chef-deluxe-bbq-grill-box-36x42cm-must\/#primaryimage"},"image":{"@id":"https:\/\/bbqentertainment.com\/toode\/camp-chef-deluxe-bbq-grill-box-36x42cm-must\/#primaryimage"},"thumbnailUrl":"https:\/\/bbqentertainment.com\/wp-content\/uploads\/2026\/02\/BBQ-moodul-camp-chef.png","datePublished":"2026-02-27T07:38:25+00:00","dateModified":"2026-02-27T08:01:01+00:00","breadcrumb":{"@id":"https:\/\/bbqentertainment.com\/toode\/camp-chef-deluxe-bbq-grill-box-36x42cm-must\/#breadcrumb"},"inLanguage":"en-US","potentialAction":[{"@type":"ReadAction","target":["https:\/\/bbqentertainment.com\/toode\/camp-chef-deluxe-bbq-grill-box-36x42cm-must\/"]}]},{"@type":"ImageObject","inLanguage":"en-US","@id":"https:\/\/bbqentertainment.com\/toode\/camp-chef-deluxe-bbq-grill-box-36x42cm-must\/#primaryimage","url":"https:\/\/bbqentertainment.com\/wp-content\/uploads\/2026\/02\/BBQ-moodul-camp-chef.png","contentUrl":"https:\/\/bbqentertainment.com\/wp-content\/uploads\/2026\/02\/BBQ-moodul-camp-chef.png","width":300,"height":300},{"@type":"BreadcrumbList","@id":"https:\/\/bbqentertainment.com\/toode\/camp-chef-deluxe-bbq-grill-box-36x42cm-must\/#breadcrumb","itemListElement":[{"@type":"ListItem","position":1,"name":"AVALEHT","item":"https:\/\/bbqentertainment.com\/en\/"},{"@type":"ListItem","position":2,"name":"Tooted","item":"https:\/\/bbqentertainment.com\/tooted\/"},{"@type":"ListItem","position":3,"name":"Grillid ja ahjud","item":"https:\/\/bbqentertainment.com\/tootekategooria\/grillid-ja-ahjud\/"},{"@type":"ListItem","position":4,"name":"Camp Chef","item":"https:\/\/bbqentertainment.com\/tootekategooria\/grillid-ja-ahjud\/camp-chef\/"},{"@type":"ListItem","position":5,"name":"Camp Chef Deluxe BBQ Grill Box 36x42cm, must"}]},{"@type":"WebSite","@id":"https:\/\/bbqentertainment.com\/#website","url":"https:\/\/bbqentertainment.com\/","name":"BBQ Entertainment","description":"BBQ is a great lifestyle, not just fun!","publisher":{"@id":"https:\/\/bbqentertainment.com\/#organization"},"potentialAction":[{"@type":"SearchAction","target":{"@type":"EntryPoint","urlTemplate":"https:\/\/bbqentertainment.com\/?s={search_term_string}"},"query-input":{"@type":"PropertyValueSpecification","valueRequired":true,"valueName":"search_term_string"}}],"inLanguage":"en-US"},{"@type":"Organization","@id":"https:\/\/bbqentertainment.com\/#organization","name":"BBQ Entertainment O\u00dc","url":"https:\/\/bbqentertainment.com\/","logo":{"@type":"ImageObject","inLanguage":"en-US","@id":"https:\/\/bbqentertainment.com\/#\/schema\/logo\/image\/","url":"https:\/\/bbqentertainment.com\/wp-content\/uploads\/2020\/04\/BBQ-Entertainment-N-Catering-Enn-Tobreluts-Logo.png","contentUrl":"https:\/\/bbqentertainment.com\/wp-content\/uploads\/2020\/04\/BBQ-Entertainment-N-Catering-Enn-Tobreluts-Logo.png","width":628,"height":266,"caption":"BBQ Entertainment O\u00dc"},"image":{"@id":"https:\/\/bbqentertainment.com\/#\/schema\/logo\/image\/"},"sameAs":["https:\/\/www.facebook.com\/BBQ-Entertainment-N-Catering-2437913376443540","https:\/\/www.instagram.com\/bbqentertainmentncatering\/","https:\/\/www.youtube.com\/channel\/UCmpuANQVhLy2Md8nrenp2jA"]}]}},"_links":{"self":[{"href":"https:\/\/bbqentertainment.com\/en\/wp-json\/wp\/v2\/product\/257642","targetHints":{"allow":["GET"]}}],"collection":[{"href":"https:\/\/bbqentertainment.com\/en\/wp-json\/wp\/v2\/product"}],"about":[{"href":"https:\/\/bbqentertainment.com\/en\/wp-json\/wp\/v2\/types\/product"}],"wp:featuredmedia":[{"embeddable":true,"href":"https:\/\/bbqentertainment.com\/en\/wp-json\/wp\/v2\/media\/257613"}],"wp:attachment":[{"href":"https:\/\/bbqentertainment.com\/en\/wp-json\/wp\/v2\/media?parent=257642"}],"wp:term":[{"taxonomy":"product_brand","embeddable":true,"href":"https:\/\/bbqentertainment.com\/en\/wp-json\/wp\/v2\/product_brand?post=257642"},{"taxonomy":"product_cat","embeddable":true,"href":"https:\/\/bbqentertainment.com\/en\/wp-json\/wp\/v2\/product_cat?post=257642"},{"taxonomy":"product_tag","embeddable":true,"href":"https:\/\/bbqentertainment.com\/en\/wp-json\/wp\/v2\/product_tag?post=257642"}],"curies":[{"name":"wp","href":"https:\/\/api.w.org\/{rel}","templated":true}]}}