{"id":257643,"date":"2026-02-27T09:38:25","date_gmt":"2026-02-27T07:38:25","guid":{"rendered":"https:\/\/bbqentertainment.com\/toode\/camp-chef-woodwind-pro24-wifi-pelletgrill\/"},"modified":"2026-03-02T17:05:34","modified_gmt":"2026-03-02T15:05:34","slug":"camp-chef-woodwind-pro24-wifi-pelletgrill","status":"publish","type":"product","link":"https:\/\/bbqentertainment.com\/en\/toode\/camp-chef-woodwind-pro24-wifi-pelletgrill\/","title":{"rendered":"Camp Chef Woodwind PRO24 WiFi pelletgrill"},"content":{"rendered":"<p>Revolutsiooniline &#8211; ainulaadne BBQ ahi, kus lisaks pelletist p\u00f5hik\u00fcttele saab lisada suurema suitsuhulga tekitamiseks lisamoodulisse Smoke Box ka puidut\u00fckke, hakkepuitu v\u00f5i isegi s\u00fctt! Woodwind Pro&#8217;ga saate isegi k\u00fclmsuitsutada!<\/p>\n<p>Ammu on r\u00e4\u00e4gitud rohkema suitsu v\u00f5imalusest. Camp Chef on esimene grillitootja maailmas, kes selle ka reaalselt \u00e4ra tegi! Kui soovite, et teie unistuste grill tekitaks rohkema suitsu ja julgemat\/\u00e4kilisemat maitset, siis meeldib teile kindlasti uudne suitsukastiga Smoker Box.<\/p>\n<p>Lisaks lehtpuugraanulitele v\u00f5imaldab Smoke Box teil \u00fcheaegselt juhtida kuumust ja maitset. Smoke Boxiga saate grillis lisaks puidugraanulitele kasutada puidut\u00fckke, puiduhaket ja isegi s\u00fctt ning kasutades siibrit saate oma soojusv\u00f5imsust kohandada just teile vajalikuks..<\/p>\n<p>Proovida saab ka pelletgrillide puhul t\u00e4iesti uut meetodit &#8211;\u00a0 k\u00fclmsuitseuamine, kasutades eels\u00fc\u00fcdatud klotside t\u00f6\u00f6shoidmiseks ainult ventilaatorire\u017eiimi.<\/p>\n<p>Kas soovite midagi veidi argisemat? Lihtsalt t\u00e4itke oma grilli pelletipunker. Nuppu vajutades s\u00fc\u00fcdake grill ja saavutategi pelletgrillidele iseloomulikku maheda suitsumaitse.<\/p>\n<p>CampChef usub, et teie toiduvalmistamise kogemus peab olema v\u00f5imalikult lihtne ja k\u00f5igile k\u00e4ttesaadav. Ja selleks ei pea endale koju soetama tervet hunnikut erinevaid grille, vaid n\u00fc\u00fcd saab \u00fchega k\u00f5ik tehtud! Smoke Box \u00fchendab klassikalise suitsuahju maitse pelletigrilli mugavusega. Te ei pea enam valima, mida oma p\u00e4evaga ette v\u00f5tate. Pole tarvis kogu p\u00e4eva grilli k\u00f5rval passida. Suitsetage madalal temperatuuril aeglaselt, aga suitsuselt. Veetke aega hea seltskonnaga, teades, et \u00f5htus\u00f6\u00f6k on tulemas erakordne..<\/p>\n<p>TEHNILISED ANDMED:<\/p>\n<p>&#8211; Alumine rest: suurusega 49cm x 56cm<\/p>\n<p>&#8211; \u00dclemine riiul: koosneb kahest riiulist, millest iga\u00fcks on 22cm x56 cm &#8211; saate kasutada eraldi v\u00f5i m\u00f5lemat korraga.<\/p>\n<p>Maksimaaalselt kahel korrusel kogu grillipinda kasutades saate omaklassi suurima k\u00fcpsetuspinnaga grilli.<\/p>\n<p>&#8211; K\u00fcpsetustemperatuuri vahemik: 70\u00b0C-230\u00b0C<\/p>\n<p>&#8211; Pelletipunkri maht: 10 kg<\/p>\n<p>&#8211; M\u00f5\u00f5dud: laius 127cm x k\u00f5rgus 113cm x s\u00fcgavus 66cm<\/p>\n<p>&#8211; Kasuatav vool : tavapistik 220V<\/p>\n<p>&#8211; Pellet: klassikaline 6mm<\/p>\n<p>&#8211; WiFi ja Bluetooth: \u00fclilihtne juhtimine grillist eemal olles.<\/p>\n<p>&#8211; Sisetemperatuuri andurid: 4 porti ja 4 andurit kohe grilliga kaasas. Korraga saab kasutada k\u00f5iki nelja andurit!<\/p>\n<p>&#8211; S\u00fc\u00fcde: automaatne. S\u00fc\u00fctepulk t\u00f6\u00f6tab\/s\u00fc\u00fctab kolm minutit, mille j\u00e4rel l\u00fclitub v\u00e4lja.<\/p>\n<p>&#8211; Displei: v\u00e4rviline, k\u00fcljel kinnitusnupp. Displeilt n\u00e4eb &#8211; grilli seadistatud temperatuuri, grilli hetke temperatuuri, suitsu hulka, nelja sisetemperatuuri korraga\u00a0 (kui andurid on \u00fchendatud) ja grilli sissel\u00fclitamise kellaaega. Lisaks men\u00fc\u00fc t\u00e4ppisseadeks.<\/p>\n<p>&#8211; R\u00f6stimiss\u00fcsteem: k\u00fcttekoldelt saab lihtsalt kangist t\u00f5mmates eemaldada soojusjaoti, mille tulemusena saab liha r\u00f6stida l\u00e4bi rasvaeemaldusplaadi aukude.<\/p>\n<p>&#8211; Tuha puhastuss\u00fcsteem: k\u00fcttekolde p\u00f5hi on eemaldatav. Kangist t\u00f5mmates eemaldub k\u00fcttekolde p\u00f5hi ja tuhk kukub grilli all olevasse topsi. J\u00e4lgi, et s\u00fc\u00fctamise ajal oleks k\u00fcttekolde p\u00f5hi suletud. NB Eemalda tuhk enne grilli k\u00e4imapanekut iga neljanda s\u00fc\u00fctamiskorra eel. Kuuma grilli puhul metall paisub ja siiber ei pruugi h\u00e4sti liikuda. Lisaks ei s\u00fctti pelletid uuesti.<\/p>\n<p>&#8211; Aken visuaalselt pelletinivoo j\u00e4lgimiseks.<\/p>\n<p>&#8211; Integreeritud \u00f5llepudeli avaja.<\/p>\n<p>&#8211; Grilli kaal ilma lisamooduliteta: 69,0kg<\/p>\n<p>&#8211; Garantii kaks aastat.<\/p>\n<p>SOOJUSHAJUTI JA SUITSU V\u00c4LJALASKEAVA \u2013 Soojushajuti on ette n\u00e4htud suitsu l\u00fckkamiseks \u00fchtlaselt laiali, soojendades samas ka grilli k\u00fclgi. Nii sunnitakse suits ringlema enne v\u00e4ljalaskeklapist v\u00e4ljumist. See lahendus tagab \u00fchtlase soojuse ja maksimaalse suitsu kogu kambri ulatuses.<\/p>\n<p>WIFI CONTROLLER + CAMP CHEF CONNECT \u2013 Woodwind WIFI sarjal on t\u00e4isv\u00e4rviline ekraan, ilmastikukindel ekraanipaneeli kate, h\u00f5lpsasti kasutatav men\u00fc\u00fcketas ja neli porti sisetemperatuuri andurite jaoks. \u00dchendage telefon ja grill rakendusega Camp Chef Connect, et maitset reguleerida ja j\u00e4lgida. Apple App Store&#8217;is ja Google Play Store&#8217;is saadaval olev Camp Chef Connect v\u00f5imaldab teil j\u00e4lgida oma grilli k\u00f5ikjal. Seadistage m\u00e4rguannetega taimerid, vaadake varasemate kokkamiste ajaloolisi andmeid, m\u00e4rgistage oma sondid ja valige Smart Meat Assistanti abil oma lihat\u00fc\u00fcp. Pelletigrilli kasutamine pole kunagi olnud lihtsam.<\/p>\n<p>ROOSTEVABASEST TERASEST KOMPONENDID \u2013 K\u00f5rgekvaliteediline roostevaba teras aitab grillil hoida kuumust ning kaitsta rooste ja korrosiooni eest. Roostevaba teras grilli sisemuses &#8211; 430. Suitsueemaldus libliklapp, tihend ja p\u00f5letuskamber on k\u00f5ik 304.<\/p>\n<p>SUITSU HULK \u2013 PID-kontroller aitab reguleerida suitsu ja temperatuuri. Kontrollige t\u00e4pselt, kui palju suitsu oma grilli sisse lisate, reguleerides astmeliselt suitsuhulka. PID-i \u00e4\u00e4rmiselt detailne kontroller annab teile t\u00f6\u00f6stusharu k\u00f5ige t\u00e4psema grilltemperatuuri. Kui teie suitsu arv suureneb, suureneb teie suitsu eraldumine. Kui teie suitsuarv v\u00e4heneb, p\u00fcsib temperatuur k\u00f5rgem.<\/p>\n<p>TUHA PUHASTAMINE \u2013 teie pelletigrill t\u00f6\u00f6tab lehtpuugraanulitega, nende graanulite p\u00f5lemine ja h\u00f5\u00f5gumine annab teile suitsu, kuid sellega kaasneb ka tuhk. Selle asemel et tolmuimejaga m\u00e4ssata, t\u00f5mmake lihtsalt grilli otsas asuvat tuhapuhastusnuppu, teie soovimatu tuhk t\u00fchjeneb p\u00f5hja all olevasse n\u00f5usse. Nii saate tuha m\u00f5ne sekundi jooksul eemaldada ja \u00e4ra visata.<\/p>\n<p><strong>LISAMOODULID<\/strong> (m\u00fc\u00fcakse eraldi):<\/p>\n<p>SIDEKICK MOODUL \u2013 grilligaasiga t\u00f6\u00f6tav \u00fcliv\u00f5imas (8kW) k\u00fcljemoodul, mis paigaldatakse otsalaua asemel. Mooduliga kohe kaasas malmist Flat Top grillplaat koos rasvarenni ja rasva \u00e4rakorje topsiga.<\/p>\n<p>SIDEKICK DELUXE BBQ GRILL BOX &#8211; r\u00f6stimisrestiga, kaanega suletav moodul, mille saab SideKick moodulile peale t\u00f5sta. Nii moodustub pelletgrilli otsa eraldi v\u00f5imas gaasigrill.<\/p>\n<p>SIDEKICK PIZZA BOX &#8211; pitsakiviga pitsaahi, mis t\u00f5stetakse Sidekick mooduli peale. Srvestades gaasip\u00f5leti suurt v\u00f5imsust ei ole probleemiks kivi 400C temperatuuri saavutamine. Kr\u00f5be juustu\u00e4\u00e4r on tagatud!<iframe loading=\"lazy\" title=\"This Pellet Grill has Changed Pellet Smoking Forever | Woodwind Pro\" src=\"https:\/\/www.youtube.com\/embed\/dONyczdsL_s?feature=oembed\" width=\"1020\" height=\"574\" frameborder=\"0\" allowfullscreen=\"allowfullscreen\"><\/iframe><\/p>\n<p><iframe loading=\"lazy\" title=\"This Pellet Grill has Changed Pellet Smoking Forever | Woodwind Pro\" width=\"1020\" height=\"574\" src=\"https:\/\/www.youtube.com\/embed\/dONyczdsL_s?feature=oembed\" frameborder=\"0\" allow=\"accelerometer; autoplay; clipboard-write; encrypted-media; gyroscope; picture-in-picture; web-share\" referrerpolicy=\"strict-origin-when-cross-origin\" allowfullscreen><\/iframe><\/p>\n","protected":false},"excerpt":{"rendered":"<h3>Camp Chef Woodwind PRO24 WiFi pelletgrill<\/h3>\n<p>Maailmas ainulaadne integreeritud Smoker Box s\u00fcsteemiga pelletgrill.<\/p>\n","protected":false},"featured_media":257619,"template":"","meta":{"inline_featured_image":false},"product_brand":[],"product_cat":[729],"product_tag":[],"class_list":{"0":"post-257643","1":"product","2":"type-product","3":"status-publish","4":"has-post-thumbnail","6":"product_cat-camp-chef","8":"first","9":"instock","10":"taxable","11":"shipping-taxable","12":"purchasable","13":"product-type-simple"},"yoast_head":"<!-- This site is optimized with the Yoast SEO plugin v27.2 - https:\/\/yoast.com\/product\/yoast-seo-wordpress\/ -->\n<title>Camp Chef Woodwind PRO24 WiFi pelletgrill - BBQ Entertainment<\/title>\n<meta name=\"robots\" content=\"index, follow, max-snippet:-1, max-image-preview:large, max-video-preview:-1\" \/>\n<link rel=\"canonical\" href=\"https:\/\/bbqentertainment.com\/toode\/camp-chef-woodwind-pro24-wifi-pelletgrill\/\" \/>\n<meta property=\"og:locale\" content=\"en_US\" \/>\n<meta property=\"og:type\" content=\"article\" \/>\n<meta property=\"og:title\" content=\"Camp Chef Woodwind PRO24 WiFi pelletgrill - BBQ Entertainment\" \/>\n<meta property=\"og:description\" content=\"Camp Chef Woodwind PRO24 WiFi pelletgrill Maailmas ainulaadne integreeritud Smoker Box s\u00fcsteemiga pelletgrill.\" \/>\n<meta property=\"og:url\" content=\"https:\/\/bbqentertainment.com\/toode\/camp-chef-woodwind-pro24-wifi-pelletgrill\/\" \/>\n<meta property=\"og:site_name\" content=\"BBQ Entertainment\" \/>\n<meta property=\"article:publisher\" content=\"https:\/\/www.facebook.com\/BBQ-Entertainment-N-Catering-2437913376443540\" \/>\n<meta property=\"article:modified_time\" content=\"2026-03-02T15:05:34+00:00\" \/>\n<meta property=\"og:image\" content=\"https:\/\/bbqentertainment.com\/wp-content\/uploads\/2026\/02\/CampChef-woodw-pro-24pelletgrill.png\" \/>\n\t<meta property=\"og:image:width\" content=\"300\" \/>\n\t<meta property=\"og:image:height\" content=\"300\" \/>\n\t<meta property=\"og:image:type\" content=\"image\/png\" \/>\n<meta name=\"twitter:card\" content=\"summary_large_image\" \/>\n<meta name=\"twitter:label1\" content=\"Est. reading time\" \/>\n\t<meta name=\"twitter:data1\" content=\"5 minutes\" \/>\n<script type=\"application\/ld+json\" class=\"yoast-schema-graph\">{\"@context\":\"https:\/\/schema.org\",\"@graph\":[{\"@type\":[\"WebPage\",\"ItemPage\"],\"@id\":\"https:\/\/bbqentertainment.com\/toode\/camp-chef-woodwind-pro24-wifi-pelletgrill\/\",\"url\":\"https:\/\/bbqentertainment.com\/toode\/camp-chef-woodwind-pro24-wifi-pelletgrill\/\",\"name\":\"Camp Chef Woodwind PRO24 WiFi pelletgrill - BBQ Entertainment\",\"isPartOf\":{\"@id\":\"https:\/\/bbqentertainment.com\/#website\"},\"primaryImageOfPage\":{\"@id\":\"https:\/\/bbqentertainment.com\/toode\/camp-chef-woodwind-pro24-wifi-pelletgrill\/#primaryimage\"},\"image\":{\"@id\":\"https:\/\/bbqentertainment.com\/toode\/camp-chef-woodwind-pro24-wifi-pelletgrill\/#primaryimage\"},\"thumbnailUrl\":\"https:\/\/bbqentertainment.com\/wp-content\/uploads\/2026\/02\/CampChef-woodw-pro-24pelletgrill.png\",\"datePublished\":\"2026-02-27T07:38:25+00:00\",\"dateModified\":\"2026-03-02T15:05:34+00:00\",\"breadcrumb\":{\"@id\":\"https:\/\/bbqentertainment.com\/toode\/camp-chef-woodwind-pro24-wifi-pelletgrill\/#breadcrumb\"},\"inLanguage\":\"en-US\",\"potentialAction\":[{\"@type\":\"ReadAction\",\"target\":[\"https:\/\/bbqentertainment.com\/toode\/camp-chef-woodwind-pro24-wifi-pelletgrill\/\"]}]},{\"@type\":\"ImageObject\",\"inLanguage\":\"en-US\",\"@id\":\"https:\/\/bbqentertainment.com\/toode\/camp-chef-woodwind-pro24-wifi-pelletgrill\/#primaryimage\",\"url\":\"https:\/\/bbqentertainment.com\/wp-content\/uploads\/2026\/02\/CampChef-woodw-pro-24pelletgrill.png\",\"contentUrl\":\"https:\/\/bbqentertainment.com\/wp-content\/uploads\/2026\/02\/CampChef-woodw-pro-24pelletgrill.png\",\"width\":300,\"height\":300},{\"@type\":\"BreadcrumbList\",\"@id\":\"https:\/\/bbqentertainment.com\/toode\/camp-chef-woodwind-pro24-wifi-pelletgrill\/#breadcrumb\",\"itemListElement\":[{\"@type\":\"ListItem\",\"position\":1,\"name\":\"AVALEHT\",\"item\":\"https:\/\/bbqentertainment.com\/en\/\"},{\"@type\":\"ListItem\",\"position\":2,\"name\":\"Tooted\",\"item\":\"https:\/\/bbqentertainment.com\/tooted\/\"},{\"@type\":\"ListItem\",\"position\":3,\"name\":\"Grillid ja ahjud\",\"item\":\"https:\/\/bbqentertainment.com\/tootekategooria\/grillid-ja-ahjud\/\"},{\"@type\":\"ListItem\",\"position\":4,\"name\":\"Camp Chef\",\"item\":\"https:\/\/bbqentertainment.com\/tootekategooria\/grillid-ja-ahjud\/camp-chef\/\"},{\"@type\":\"ListItem\",\"position\":5,\"name\":\"Camp Chef Woodwind PRO24 WiFi pelletgrill\"}]},{\"@type\":\"WebSite\",\"@id\":\"https:\/\/bbqentertainment.com\/#website\",\"url\":\"https:\/\/bbqentertainment.com\/\",\"name\":\"BBQ Entertainment\",\"description\":\"BBQ is a great lifestyle, not just fun!\",\"publisher\":{\"@id\":\"https:\/\/bbqentertainment.com\/#organization\"},\"potentialAction\":[{\"@type\":\"SearchAction\",\"target\":{\"@type\":\"EntryPoint\",\"urlTemplate\":\"https:\/\/bbqentertainment.com\/?s={search_term_string}\"},\"query-input\":{\"@type\":\"PropertyValueSpecification\",\"valueRequired\":true,\"valueName\":\"search_term_string\"}}],\"inLanguage\":\"en-US\"},{\"@type\":\"Organization\",\"@id\":\"https:\/\/bbqentertainment.com\/#organization\",\"name\":\"BBQ Entertainment O\u00dc\",\"url\":\"https:\/\/bbqentertainment.com\/\",\"logo\":{\"@type\":\"ImageObject\",\"inLanguage\":\"en-US\",\"@id\":\"https:\/\/bbqentertainment.com\/#\/schema\/logo\/image\/\",\"url\":\"https:\/\/bbqentertainment.com\/wp-content\/uploads\/2020\/04\/BBQ-Entertainment-N-Catering-Enn-Tobreluts-Logo.png\",\"contentUrl\":\"https:\/\/bbqentertainment.com\/wp-content\/uploads\/2020\/04\/BBQ-Entertainment-N-Catering-Enn-Tobreluts-Logo.png\",\"width\":628,\"height\":266,\"caption\":\"BBQ Entertainment O\u00dc\"},\"image\":{\"@id\":\"https:\/\/bbqentertainment.com\/#\/schema\/logo\/image\/\"},\"sameAs\":[\"https:\/\/www.facebook.com\/BBQ-Entertainment-N-Catering-2437913376443540\",\"https:\/\/www.instagram.com\/bbqentertainmentncatering\/\",\"https:\/\/www.youtube.com\/channel\/UCmpuANQVhLy2Md8nrenp2jA\"]}]}<\/script>\n<!-- \/ Yoast SEO plugin. -->","yoast_head_json":{"title":"Camp Chef Woodwind PRO24 WiFi pelletgrill - BBQ Entertainment","robots":{"index":"index","follow":"follow","max-snippet":"max-snippet:-1","max-image-preview":"max-image-preview:large","max-video-preview":"max-video-preview:-1"},"canonical":"https:\/\/bbqentertainment.com\/toode\/camp-chef-woodwind-pro24-wifi-pelletgrill\/","og_locale":"en_US","og_type":"article","og_title":"Camp Chef Woodwind PRO24 WiFi pelletgrill - BBQ Entertainment","og_description":"Camp Chef Woodwind PRO24 WiFi pelletgrill Maailmas ainulaadne integreeritud Smoker Box s\u00fcsteemiga pelletgrill.","og_url":"https:\/\/bbqentertainment.com\/toode\/camp-chef-woodwind-pro24-wifi-pelletgrill\/","og_site_name":"BBQ Entertainment","article_publisher":"https:\/\/www.facebook.com\/BBQ-Entertainment-N-Catering-2437913376443540","article_modified_time":"2026-03-02T15:05:34+00:00","og_image":[{"width":300,"height":300,"url":"https:\/\/bbqentertainment.com\/wp-content\/uploads\/2026\/02\/CampChef-woodw-pro-24pelletgrill.png","type":"image\/png"}],"twitter_card":"summary_large_image","twitter_misc":{"Est. reading time":"5 minutes"},"schema":{"@context":"https:\/\/schema.org","@graph":[{"@type":["WebPage","ItemPage"],"@id":"https:\/\/bbqentertainment.com\/toode\/camp-chef-woodwind-pro24-wifi-pelletgrill\/","url":"https:\/\/bbqentertainment.com\/toode\/camp-chef-woodwind-pro24-wifi-pelletgrill\/","name":"Camp Chef Woodwind PRO24 WiFi pelletgrill - BBQ Entertainment","isPartOf":{"@id":"https:\/\/bbqentertainment.com\/#website"},"primaryImageOfPage":{"@id":"https:\/\/bbqentertainment.com\/toode\/camp-chef-woodwind-pro24-wifi-pelletgrill\/#primaryimage"},"image":{"@id":"https:\/\/bbqentertainment.com\/toode\/camp-chef-woodwind-pro24-wifi-pelletgrill\/#primaryimage"},"thumbnailUrl":"https:\/\/bbqentertainment.com\/wp-content\/uploads\/2026\/02\/CampChef-woodw-pro-24pelletgrill.png","datePublished":"2026-02-27T07:38:25+00:00","dateModified":"2026-03-02T15:05:34+00:00","breadcrumb":{"@id":"https:\/\/bbqentertainment.com\/toode\/camp-chef-woodwind-pro24-wifi-pelletgrill\/#breadcrumb"},"inLanguage":"en-US","potentialAction":[{"@type":"ReadAction","target":["https:\/\/bbqentertainment.com\/toode\/camp-chef-woodwind-pro24-wifi-pelletgrill\/"]}]},{"@type":"ImageObject","inLanguage":"en-US","@id":"https:\/\/bbqentertainment.com\/toode\/camp-chef-woodwind-pro24-wifi-pelletgrill\/#primaryimage","url":"https:\/\/bbqentertainment.com\/wp-content\/uploads\/2026\/02\/CampChef-woodw-pro-24pelletgrill.png","contentUrl":"https:\/\/bbqentertainment.com\/wp-content\/uploads\/2026\/02\/CampChef-woodw-pro-24pelletgrill.png","width":300,"height":300},{"@type":"BreadcrumbList","@id":"https:\/\/bbqentertainment.com\/toode\/camp-chef-woodwind-pro24-wifi-pelletgrill\/#breadcrumb","itemListElement":[{"@type":"ListItem","position":1,"name":"AVALEHT","item":"https:\/\/bbqentertainment.com\/en\/"},{"@type":"ListItem","position":2,"name":"Tooted","item":"https:\/\/bbqentertainment.com\/tooted\/"},{"@type":"ListItem","position":3,"name":"Grillid ja ahjud","item":"https:\/\/bbqentertainment.com\/tootekategooria\/grillid-ja-ahjud\/"},{"@type":"ListItem","position":4,"name":"Camp Chef","item":"https:\/\/bbqentertainment.com\/tootekategooria\/grillid-ja-ahjud\/camp-chef\/"},{"@type":"ListItem","position":5,"name":"Camp Chef Woodwind PRO24 WiFi pelletgrill"}]},{"@type":"WebSite","@id":"https:\/\/bbqentertainment.com\/#website","url":"https:\/\/bbqentertainment.com\/","name":"BBQ Entertainment","description":"BBQ is a great lifestyle, not just fun!","publisher":{"@id":"https:\/\/bbqentertainment.com\/#organization"},"potentialAction":[{"@type":"SearchAction","target":{"@type":"EntryPoint","urlTemplate":"https:\/\/bbqentertainment.com\/?s={search_term_string}"},"query-input":{"@type":"PropertyValueSpecification","valueRequired":true,"valueName":"search_term_string"}}],"inLanguage":"en-US"},{"@type":"Organization","@id":"https:\/\/bbqentertainment.com\/#organization","name":"BBQ Entertainment O\u00dc","url":"https:\/\/bbqentertainment.com\/","logo":{"@type":"ImageObject","inLanguage":"en-US","@id":"https:\/\/bbqentertainment.com\/#\/schema\/logo\/image\/","url":"https:\/\/bbqentertainment.com\/wp-content\/uploads\/2020\/04\/BBQ-Entertainment-N-Catering-Enn-Tobreluts-Logo.png","contentUrl":"https:\/\/bbqentertainment.com\/wp-content\/uploads\/2020\/04\/BBQ-Entertainment-N-Catering-Enn-Tobreluts-Logo.png","width":628,"height":266,"caption":"BBQ Entertainment O\u00dc"},"image":{"@id":"https:\/\/bbqentertainment.com\/#\/schema\/logo\/image\/"},"sameAs":["https:\/\/www.facebook.com\/BBQ-Entertainment-N-Catering-2437913376443540","https:\/\/www.instagram.com\/bbqentertainmentncatering\/","https:\/\/www.youtube.com\/channel\/UCmpuANQVhLy2Md8nrenp2jA"]}]}},"_links":{"self":[{"href":"https:\/\/bbqentertainment.com\/en\/wp-json\/wp\/v2\/product\/257643","targetHints":{"allow":["GET"]}}],"collection":[{"href":"https:\/\/bbqentertainment.com\/en\/wp-json\/wp\/v2\/product"}],"about":[{"href":"https:\/\/bbqentertainment.com\/en\/wp-json\/wp\/v2\/types\/product"}],"wp:featuredmedia":[{"embeddable":true,"href":"https:\/\/bbqentertainment.com\/en\/wp-json\/wp\/v2\/media\/257619"}],"wp:attachment":[{"href":"https:\/\/bbqentertainment.com\/en\/wp-json\/wp\/v2\/media?parent=257643"}],"wp:term":[{"taxonomy":"product_brand","embeddable":true,"href":"https:\/\/bbqentertainment.com\/en\/wp-json\/wp\/v2\/product_brand?post=257643"},{"taxonomy":"product_cat","embeddable":true,"href":"https:\/\/bbqentertainment.com\/en\/wp-json\/wp\/v2\/product_cat?post=257643"},{"taxonomy":"product_tag","embeddable":true,"href":"https:\/\/bbqentertainment.com\/en\/wp-json\/wp\/v2\/product_tag?post=257643"}],"curies":[{"name":"wp","href":"https:\/\/api.w.org\/{rel}","templated":true}]}}