{"id":257775,"date":"2026-03-02T00:44:38","date_gmt":"2026-03-01T22:44:38","guid":{"rendered":"https:\/\/bbqentertainment.com\/?post_type=product&#038;p=257775"},"modified":"2026-04-06T12:26:39","modified_gmt":"2026-04-06T09:26:39","slug":"napoleon-kuumusehajuti-soegrillile","status":"publish","type":"product","link":"https:\/\/bbqentertainment.com\/en\/toode\/napoleon-kuumusehajuti-soegrillile\/","title":{"rendered":"Napoleon kuumusehajuti s\u00f6egrillile (Charcoal ring &#038; Diffusor Plate) \u00d846,5cm (sobib 22&#8221; ja 18&#8221; s\u00f6egrillidele)"},"content":{"rendered":"","protected":false},"excerpt":{"rendered":"<h3><strong>Napoleon kuumusehajuti s\u00f6egrillile (Charcoal ring &amp; Diffusor Plate) \u00d846,5cm (sobib 22&#8221; ja 18&#8221; s\u00f6egrillidele)<\/strong><\/h3>\n<p>Kuumusehajuti koondab s\u00f6ed kokku ja reguleerib \u00f5huvoolu, hoides temperatuuri t\u00e4pselt \u00f5igel tasemel. Difuusori plaat jaotab kuumuse \u00fchtlaselt, tagades j\u00e4rjepideva temperatuuri pikaks ja aeglaseks k\u00fcpsetamiseks. Koos pikendavad need kaks tarvikut s\u00f6e p\u00f5lemisaega, mis t\u00e4hendab, et sul kulub s\u00f6e lisamiseks v\u00e4hem aega ja vaeva.<br \/>\nPulled pork, brisket ja teised aeglase k\u00fcpsetuse klassikud pole kunagi olnud nii lihtsad \u2013 isegi s\u00f6egrillil.<\/p>\n<p><strong>P\u00f5hiomadused<\/strong><\/p>\n<ul>\n<li>100% roostevabast terasest \u2013 vastupidav ja pikaajaline<\/li>\n<li>N\u00f5udepesumasinas pestavad osad \u2013 kiire ja lihtne puhastus<\/li>\n<li>S\u00f6ering koondab s\u00f6ed \u00fchtlaseks massiiviks, lihtsustades s\u00fc\u00fctamist ja kuumuse jaotamist<\/li>\n<li>Difuusori plaat tagab \u00fchtlasema kuumuse ja pikendab s\u00f6e p\u00f5lemisaega<\/li>\n<li>Koos ideaalsed madalal temperatuuril pikaks k\u00fcpsetamiseks ja suitsetamiseks<\/li>\n<li>Sobib Napoleon ja teiste 22-tolliste (55,9 cm) s\u00f6egrillide muutmiseks suitsetajaks<\/li>\n<li>Kasuta koos puulaastude ja -t\u00fckkidega parima suitsuse maitse saavutamiseks<\/li>\n<\/ul>\n","protected":false},"featured_media":257816,"template":"","meta":{"inline_featured_image":false},"product_brand":[],"product_cat":[625,92,562,479],"product_tag":[],"class_list":{"0":"post-257775","1":"product","2":"type-product","3":"status-publish","4":"has-post-thumbnail","6":"product_cat-napoleon-soegrillid","7":"product_cat-lisatarvikud","8":"product_cat-lisatarvikud-napoleon","9":"product_cat-grillitarvikud","11":"first","12":"instock","13":"taxable","14":"shipping-taxable","15":"purchasable","16":"product-type-simple"},"yoast_head":"<!-- This site is optimized with the Yoast SEO plugin v27.4 - https:\/\/yoast.com\/product\/yoast-seo-wordpress\/ -->\n<title>Napoleon kuumusehajuti s\u00f6egrillile (Charcoal ring &amp; Diffusor Plate) \u00d846,5cm (sobib 22&#039;&#039; ja 18&#039;&#039; s\u00f6egrillidele) - BBQ Entertainment<\/title>\n<meta name=\"robots\" content=\"index, follow, max-snippet:-1, max-image-preview:large, max-video-preview:-1\" \/>\n<link rel=\"canonical\" href=\"https:\/\/bbqentertainment.com\/toode\/napoleon-kuumusehajuti-soegrillile\/\" \/>\n<meta property=\"og:locale\" content=\"en_US\" \/>\n<meta property=\"og:type\" content=\"article\" \/>\n<meta property=\"og:title\" content=\"Napoleon kuumusehajuti s\u00f6egrillile (Charcoal ring &amp; Diffusor Plate) \u00d846,5cm (sobib 22&#039;&#039; ja 18&#039;&#039; s\u00f6egrillidele) - BBQ Entertainment\" \/>\n<meta property=\"og:description\" content=\"Napoleon kuumusehajuti s\u00f6egrillile (Charcoal ring &amp; Diffusor Plate) \u00d846,5cm (sobib 22&#039;&#039; ja 18&#039;&#039; s\u00f6egrillidele) Kuumusehajuti koondab s\u00f6ed kokku ja reguleerib \u00f5huvoolu, hoides temperatuuri t\u00e4pselt \u00f5igel tasemel. Difuusori plaat jaotab kuumuse \u00fchtlaselt, tagades j\u00e4rjepideva temperatuuri pikaks ja aeglaseks k\u00fcpsetamiseks. Koos pikendavad need kaks tarvikut s\u00f6e p\u00f5lemisaega, mis t\u00e4hendab, et sul kulub s\u00f6e lisamiseks v\u00e4hem aega ja vaeva. Pulled pork, brisket ja teised aeglase k\u00fcpsetuse klassikud pole kunagi olnud nii lihtsad \u2013 isegi s\u00f6egrillil.  P\u00f5hiomadused   100% roostevabast terasest \u2013 vastupidav ja pikaajaline  N\u00f5udepesumasinas pestavad osad \u2013 kiire ja lihtne puhastus  S\u00f6ering koondab s\u00f6ed \u00fchtlaseks massiiviks, lihtsustades s\u00fc\u00fctamist ja kuumuse jaotamist  Difuusori plaat tagab \u00fchtlasema kuumuse ja pikendab s\u00f6e p\u00f5lemisaega  Koos ideaalsed madalal temperatuuril pikaks k\u00fcpsetamiseks ja suitsetamiseks  Sobib Napoleon ja teiste 22-tolliste (55,9 cm) s\u00f6egrillide muutmiseks suitsetajaks  Kasuta koos puulaastude ja -t\u00fckkidega parima suitsuse maitse saavutamiseks\" \/>\n<meta property=\"og:url\" content=\"https:\/\/bbqentertainment.com\/toode\/napoleon-kuumusehajuti-soegrillile\/\" \/>\n<meta property=\"og:site_name\" content=\"BBQ Entertainment\" \/>\n<meta property=\"article:publisher\" content=\"https:\/\/www.facebook.com\/BBQ-Entertainment-N-Catering-2437913376443540\" \/>\n<meta property=\"article:modified_time\" content=\"2026-04-06T09:26:39+00:00\" \/>\n<meta property=\"og:image\" content=\"https:\/\/bbqentertainment.com\/wp-content\/uploads\/2026\/03\/67745-Charcoal-Diffuser-Ring-OnWhite_01.jpg\" \/>\n\t<meta property=\"og:image:width\" content=\"1000\" \/>\n\t<meta property=\"og:image:height\" content=\"1000\" \/>\n\t<meta property=\"og:image:type\" content=\"image\/jpeg\" \/>\n<meta name=\"twitter:card\" content=\"summary_large_image\" \/>\n<meta name=\"twitter:label1\" content=\"Est. reading time\" \/>\n\t<meta name=\"twitter:data1\" content=\"1 minute\" \/>\n<script type=\"application\/ld+json\" class=\"yoast-schema-graph\">{\"@context\":\"https:\\\/\\\/schema.org\",\"@graph\":[{\"@type\":[\"WebPage\",\"ItemPage\"],\"@id\":\"https:\\\/\\\/bbqentertainment.com\\\/toode\\\/napoleon-kuumusehajuti-soegrillile\\\/\",\"url\":\"https:\\\/\\\/bbqentertainment.com\\\/toode\\\/napoleon-kuumusehajuti-soegrillile\\\/\",\"name\":\"Napoleon kuumusehajuti s\u00f6egrillile (Charcoal ring & Diffusor Plate) \u00d846,5cm (sobib 22'' ja 18'' s\u00f6egrillidele) - BBQ Entertainment\",\"isPartOf\":{\"@id\":\"https:\\\/\\\/bbqentertainment.com\\\/#website\"},\"primaryImageOfPage\":{\"@id\":\"https:\\\/\\\/bbqentertainment.com\\\/toode\\\/napoleon-kuumusehajuti-soegrillile\\\/#primaryimage\"},\"image\":{\"@id\":\"https:\\\/\\\/bbqentertainment.com\\\/toode\\\/napoleon-kuumusehajuti-soegrillile\\\/#primaryimage\"},\"thumbnailUrl\":\"https:\\\/\\\/bbqentertainment.com\\\/wp-content\\\/uploads\\\/2026\\\/03\\\/67745-Charcoal-Diffuser-Ring-OnWhite_01.jpg\",\"datePublished\":\"2026-03-01T22:44:38+00:00\",\"dateModified\":\"2026-04-06T09:26:39+00:00\",\"breadcrumb\":{\"@id\":\"https:\\\/\\\/bbqentertainment.com\\\/toode\\\/napoleon-kuumusehajuti-soegrillile\\\/#breadcrumb\"},\"inLanguage\":\"en-US\",\"potentialAction\":[{\"@type\":\"ReadAction\",\"target\":[\"https:\\\/\\\/bbqentertainment.com\\\/toode\\\/napoleon-kuumusehajuti-soegrillile\\\/\"]}]},{\"@type\":\"ImageObject\",\"inLanguage\":\"en-US\",\"@id\":\"https:\\\/\\\/bbqentertainment.com\\\/toode\\\/napoleon-kuumusehajuti-soegrillile\\\/#primaryimage\",\"url\":\"https:\\\/\\\/bbqentertainment.com\\\/wp-content\\\/uploads\\\/2026\\\/03\\\/67745-Charcoal-Diffuser-Ring-OnWhite_01.jpg\",\"contentUrl\":\"https:\\\/\\\/bbqentertainment.com\\\/wp-content\\\/uploads\\\/2026\\\/03\\\/67745-Charcoal-Diffuser-Ring-OnWhite_01.jpg\",\"width\":1000,\"height\":1000},{\"@type\":\"BreadcrumbList\",\"@id\":\"https:\\\/\\\/bbqentertainment.com\\\/toode\\\/napoleon-kuumusehajuti-soegrillile\\\/#breadcrumb\",\"itemListElement\":[{\"@type\":\"ListItem\",\"position\":1,\"name\":\"AVALEHT\",\"item\":\"https:\\\/\\\/bbqentertainment.com\\\/en\\\/\"},{\"@type\":\"ListItem\",\"position\":2,\"name\":\"Tooted\",\"item\":\"https:\\\/\\\/bbqentertainment.com\\\/tooted\\\/\"},{\"@type\":\"ListItem\",\"position\":3,\"name\":\"Lisatarvikud\",\"item\":\"https:\\\/\\\/bbqentertainment.com\\\/tootekategooria\\\/lisatarvikud\\\/\"},{\"@type\":\"ListItem\",\"position\":4,\"name\":\"Lisatarvikud Napoleon\",\"item\":\"https:\\\/\\\/bbqentertainment.com\\\/tootekategooria\\\/lisatarvikud\\\/lisatarvikud-napoleon\\\/\"},{\"@type\":\"ListItem\",\"position\":5,\"name\":\"Napoleon kuumusehajuti s\u00f6egrillile (Charcoal ring &#038; Diffusor Plate) \u00d846,5cm (sobib 22&#8221; ja 18&#8221; s\u00f6egrillidele)\"}]},{\"@type\":\"WebSite\",\"@id\":\"https:\\\/\\\/bbqentertainment.com\\\/#website\",\"url\":\"https:\\\/\\\/bbqentertainment.com\\\/\",\"name\":\"BBQ Entertainment\",\"description\":\"BBQ is a great lifestyle, not just fun!\",\"publisher\":{\"@id\":\"https:\\\/\\\/bbqentertainment.com\\\/#organization\"},\"potentialAction\":[{\"@type\":\"SearchAction\",\"target\":{\"@type\":\"EntryPoint\",\"urlTemplate\":\"https:\\\/\\\/bbqentertainment.com\\\/?s={search_term_string}\"},\"query-input\":{\"@type\":\"PropertyValueSpecification\",\"valueRequired\":true,\"valueName\":\"search_term_string\"}}],\"inLanguage\":\"en-US\"},{\"@type\":\"Organization\",\"@id\":\"https:\\\/\\\/bbqentertainment.com\\\/#organization\",\"name\":\"BBQ Entertainment O\u00dc\",\"url\":\"https:\\\/\\\/bbqentertainment.com\\\/\",\"logo\":{\"@type\":\"ImageObject\",\"inLanguage\":\"en-US\",\"@id\":\"https:\\\/\\\/bbqentertainment.com\\\/#\\\/schema\\\/logo\\\/image\\\/\",\"url\":\"https:\\\/\\\/bbqentertainment.com\\\/wp-content\\\/uploads\\\/2020\\\/04\\\/BBQ-Entertainment-N-Catering-Enn-Tobreluts-Logo.png\",\"contentUrl\":\"https:\\\/\\\/bbqentertainment.com\\\/wp-content\\\/uploads\\\/2020\\\/04\\\/BBQ-Entertainment-N-Catering-Enn-Tobreluts-Logo.png\",\"width\":628,\"height\":266,\"caption\":\"BBQ Entertainment O\u00dc\"},\"image\":{\"@id\":\"https:\\\/\\\/bbqentertainment.com\\\/#\\\/schema\\\/logo\\\/image\\\/\"},\"sameAs\":[\"https:\\\/\\\/www.facebook.com\\\/BBQ-Entertainment-N-Catering-2437913376443540\",\"https:\\\/\\\/www.instagram.com\\\/bbqentertainmentncatering\\\/\",\"https:\\\/\\\/www.youtube.com\\\/channel\\\/UCmpuANQVhLy2Md8nrenp2jA\"]}]}<\/script>\n<!-- \/ Yoast SEO plugin. -->","yoast_head_json":{"title":"Napoleon kuumusehajuti s\u00f6egrillile (Charcoal ring & Diffusor Plate) \u00d846,5cm (sobib 22'' ja 18'' s\u00f6egrillidele) - BBQ Entertainment","robots":{"index":"index","follow":"follow","max-snippet":"max-snippet:-1","max-image-preview":"max-image-preview:large","max-video-preview":"max-video-preview:-1"},"canonical":"https:\/\/bbqentertainment.com\/toode\/napoleon-kuumusehajuti-soegrillile\/","og_locale":"en_US","og_type":"article","og_title":"Napoleon kuumusehajuti s\u00f6egrillile (Charcoal ring & Diffusor Plate) \u00d846,5cm (sobib 22'' ja 18'' s\u00f6egrillidele) - BBQ Entertainment","og_description":"Napoleon kuumusehajuti s\u00f6egrillile (Charcoal ring &amp; Diffusor Plate) \u00d846,5cm (sobib 22'' ja 18'' s\u00f6egrillidele) Kuumusehajuti koondab s\u00f6ed kokku ja reguleerib \u00f5huvoolu, hoides temperatuuri t\u00e4pselt \u00f5igel tasemel. Difuusori plaat jaotab kuumuse \u00fchtlaselt, tagades j\u00e4rjepideva temperatuuri pikaks ja aeglaseks k\u00fcpsetamiseks. Koos pikendavad need kaks tarvikut s\u00f6e p\u00f5lemisaega, mis t\u00e4hendab, et sul kulub s\u00f6e lisamiseks v\u00e4hem aega ja vaeva. Pulled pork, brisket ja teised aeglase k\u00fcpsetuse klassikud pole kunagi olnud nii lihtsad \u2013 isegi s\u00f6egrillil.  P\u00f5hiomadused   100% roostevabast terasest \u2013 vastupidav ja pikaajaline  N\u00f5udepesumasinas pestavad osad \u2013 kiire ja lihtne puhastus  S\u00f6ering koondab s\u00f6ed \u00fchtlaseks massiiviks, lihtsustades s\u00fc\u00fctamist ja kuumuse jaotamist  Difuusori plaat tagab \u00fchtlasema kuumuse ja pikendab s\u00f6e p\u00f5lemisaega  Koos ideaalsed madalal temperatuuril pikaks k\u00fcpsetamiseks ja suitsetamiseks  Sobib Napoleon ja teiste 22-tolliste (55,9 cm) s\u00f6egrillide muutmiseks suitsetajaks  Kasuta koos puulaastude ja -t\u00fckkidega parima suitsuse maitse saavutamiseks","og_url":"https:\/\/bbqentertainment.com\/toode\/napoleon-kuumusehajuti-soegrillile\/","og_site_name":"BBQ Entertainment","article_publisher":"https:\/\/www.facebook.com\/BBQ-Entertainment-N-Catering-2437913376443540","article_modified_time":"2026-04-06T09:26:39+00:00","og_image":[{"width":1000,"height":1000,"url":"https:\/\/bbqentertainment.com\/wp-content\/uploads\/2026\/03\/67745-Charcoal-Diffuser-Ring-OnWhite_01.jpg","type":"image\/jpeg"}],"twitter_card":"summary_large_image","twitter_misc":{"Est. reading time":"1 minute"},"schema":{"@context":"https:\/\/schema.org","@graph":[{"@type":["WebPage","ItemPage"],"@id":"https:\/\/bbqentertainment.com\/toode\/napoleon-kuumusehajuti-soegrillile\/","url":"https:\/\/bbqentertainment.com\/toode\/napoleon-kuumusehajuti-soegrillile\/","name":"Napoleon kuumusehajuti s\u00f6egrillile (Charcoal ring & Diffusor Plate) \u00d846,5cm (sobib 22'' ja 18'' s\u00f6egrillidele) - BBQ Entertainment","isPartOf":{"@id":"https:\/\/bbqentertainment.com\/#website"},"primaryImageOfPage":{"@id":"https:\/\/bbqentertainment.com\/toode\/napoleon-kuumusehajuti-soegrillile\/#primaryimage"},"image":{"@id":"https:\/\/bbqentertainment.com\/toode\/napoleon-kuumusehajuti-soegrillile\/#primaryimage"},"thumbnailUrl":"https:\/\/bbqentertainment.com\/wp-content\/uploads\/2026\/03\/67745-Charcoal-Diffuser-Ring-OnWhite_01.jpg","datePublished":"2026-03-01T22:44:38+00:00","dateModified":"2026-04-06T09:26:39+00:00","breadcrumb":{"@id":"https:\/\/bbqentertainment.com\/toode\/napoleon-kuumusehajuti-soegrillile\/#breadcrumb"},"inLanguage":"en-US","potentialAction":[{"@type":"ReadAction","target":["https:\/\/bbqentertainment.com\/toode\/napoleon-kuumusehajuti-soegrillile\/"]}]},{"@type":"ImageObject","inLanguage":"en-US","@id":"https:\/\/bbqentertainment.com\/toode\/napoleon-kuumusehajuti-soegrillile\/#primaryimage","url":"https:\/\/bbqentertainment.com\/wp-content\/uploads\/2026\/03\/67745-Charcoal-Diffuser-Ring-OnWhite_01.jpg","contentUrl":"https:\/\/bbqentertainment.com\/wp-content\/uploads\/2026\/03\/67745-Charcoal-Diffuser-Ring-OnWhite_01.jpg","width":1000,"height":1000},{"@type":"BreadcrumbList","@id":"https:\/\/bbqentertainment.com\/toode\/napoleon-kuumusehajuti-soegrillile\/#breadcrumb","itemListElement":[{"@type":"ListItem","position":1,"name":"AVALEHT","item":"https:\/\/bbqentertainment.com\/en\/"},{"@type":"ListItem","position":2,"name":"Tooted","item":"https:\/\/bbqentertainment.com\/tooted\/"},{"@type":"ListItem","position":3,"name":"Lisatarvikud","item":"https:\/\/bbqentertainment.com\/tootekategooria\/lisatarvikud\/"},{"@type":"ListItem","position":4,"name":"Lisatarvikud Napoleon","item":"https:\/\/bbqentertainment.com\/tootekategooria\/lisatarvikud\/lisatarvikud-napoleon\/"},{"@type":"ListItem","position":5,"name":"Napoleon kuumusehajuti s\u00f6egrillile (Charcoal ring &#038; Diffusor Plate) \u00d846,5cm (sobib 22&#8221; ja 18&#8221; s\u00f6egrillidele)"}]},{"@type":"WebSite","@id":"https:\/\/bbqentertainment.com\/#website","url":"https:\/\/bbqentertainment.com\/","name":"BBQ Entertainment","description":"BBQ is a great lifestyle, not just fun!","publisher":{"@id":"https:\/\/bbqentertainment.com\/#organization"},"potentialAction":[{"@type":"SearchAction","target":{"@type":"EntryPoint","urlTemplate":"https:\/\/bbqentertainment.com\/?s={search_term_string}"},"query-input":{"@type":"PropertyValueSpecification","valueRequired":true,"valueName":"search_term_string"}}],"inLanguage":"en-US"},{"@type":"Organization","@id":"https:\/\/bbqentertainment.com\/#organization","name":"BBQ Entertainment O\u00dc","url":"https:\/\/bbqentertainment.com\/","logo":{"@type":"ImageObject","inLanguage":"en-US","@id":"https:\/\/bbqentertainment.com\/#\/schema\/logo\/image\/","url":"https:\/\/bbqentertainment.com\/wp-content\/uploads\/2020\/04\/BBQ-Entertainment-N-Catering-Enn-Tobreluts-Logo.png","contentUrl":"https:\/\/bbqentertainment.com\/wp-content\/uploads\/2020\/04\/BBQ-Entertainment-N-Catering-Enn-Tobreluts-Logo.png","width":628,"height":266,"caption":"BBQ Entertainment O\u00dc"},"image":{"@id":"https:\/\/bbqentertainment.com\/#\/schema\/logo\/image\/"},"sameAs":["https:\/\/www.facebook.com\/BBQ-Entertainment-N-Catering-2437913376443540","https:\/\/www.instagram.com\/bbqentertainmentncatering\/","https:\/\/www.youtube.com\/channel\/UCmpuANQVhLy2Md8nrenp2jA"]}]}},"_links":{"self":[{"href":"https:\/\/bbqentertainment.com\/en\/wp-json\/wp\/v2\/product\/257775","targetHints":{"allow":["GET"]}}],"collection":[{"href":"https:\/\/bbqentertainment.com\/en\/wp-json\/wp\/v2\/product"}],"about":[{"href":"https:\/\/bbqentertainment.com\/en\/wp-json\/wp\/v2\/types\/product"}],"wp:featuredmedia":[{"embeddable":true,"href":"https:\/\/bbqentertainment.com\/en\/wp-json\/wp\/v2\/media\/257816"}],"wp:attachment":[{"href":"https:\/\/bbqentertainment.com\/en\/wp-json\/wp\/v2\/media?parent=257775"}],"wp:term":[{"taxonomy":"product_brand","embeddable":true,"href":"https:\/\/bbqentertainment.com\/en\/wp-json\/wp\/v2\/product_brand?post=257775"},{"taxonomy":"product_cat","embeddable":true,"href":"https:\/\/bbqentertainment.com\/en\/wp-json\/wp\/v2\/product_cat?post=257775"},{"taxonomy":"product_tag","embeddable":true,"href":"https:\/\/bbqentertainment.com\/en\/wp-json\/wp\/v2\/product_tag?post=257775"}],"curies":[{"name":"wp","href":"https:\/\/api.w.org\/{rel}","templated":true}]}}