{"id":257776,"date":"2026-03-02T00:46:14","date_gmt":"2026-03-01T22:46:14","guid":{"rendered":"https:\/\/bbqentertainment.com\/?post_type=product&#038;p=257776"},"modified":"2026-04-06T12:26:52","modified_gmt":"2026-04-06T09:26:52","slug":"napoleon-kolmeosaline-reisi-grillitarvikute-komplekt-kandekotis-grilltangid-labidas-ja-puhastushari","status":"publish","type":"product","link":"https:\/\/bbqentertainment.com\/en\/toode\/napoleon-kolmeosaline-reisi-grillitarvikute-komplekt-kandekotis-grilltangid-labidas-ja-puhastushari\/","title":{"rendered":"Napoleon kolmeosaline reisi-grillitarvikute komplekt kandekotis (grilltangid, -labidas ja -puhastushari)"},"content":{"rendered":"","protected":false},"excerpt":{"rendered":"<h3>Napoleon kolmeosaline reisi-grillitarvikute komplekt kandekotis (grilltangid, -labidas ja -puhastushari)<\/h3>\n<p>Kompaktne komplekt sisaldab kokkupandavaid tange, spaatlit ja harjastega grillharja \u2013 k\u00f5ik vajalik professionaalseks grillimiseks nii matkal, rannas kui ka reisil.<\/p>\n<p>Grillhari looduslike Palmyra harjastega eemaldab mustuse t\u00f5husalt, kahjustamata grillpinda. Spaatli kolmelt k\u00fcljelt viilutatud servad muudavad toidu keeramise \u00fclilihtsaks ning tangide sooned tagavad t\u00e4pse ja kindla haarde. Alumiiniumsulamist riputusauk spaatlil toimib ka pudeliavojana \u2013 v\u00e4ike, aga kasulik lisand!<\/p>\n<p>K\u00f5ik t\u00f6\u00f6riistad klappuvad kokku ja avanevad lihtsalt nupuvajutusega ning riputusaasad teevad ladustamise mugavaks. Komplektiga kaasas olev kandekott mahutab k\u00f5ik kolm t\u00f6\u00f6riista korralikult ja kompaktselt.<\/p>\n<p><strong>P\u00f5hiomadused<\/strong><\/p>\n<ul>\n<li>Kompaktsed ja vastupidavad t\u00f6\u00f6riistad grillimiseks teel olles<\/li>\n<li>Spaatli kolmelt k\u00fcljelt viilutatud servad muudavad toidu keeramise lihtsaks<\/li>\n<li>Looduslikud Palmyra harjased \u2013 t\u00f5husad mustuse vastu, ohutud grillpinnale<\/li>\n<li>Kokkupandavad ja avatavad lihtsalt nupuvajutusega<\/li>\n<li>Alumiiniumsulamist riputusauk toimib ka pudeliavojana<\/li>\n<li>Kaasas kandekott k\u00f5igi kolme t\u00f6\u00f6riista transportimiseks<\/li>\n<\/ul>\n","protected":false},"featured_media":257818,"template":"","meta":{"inline_featured_image":false},"product_brand":[],"product_cat":[562,479],"product_tag":[],"class_list":{"0":"post-257776","1":"product","2":"type-product","3":"status-publish","4":"has-post-thumbnail","6":"product_cat-lisatarvikud-napoleon","7":"product_cat-grillitarvikud","9":"first","10":"instock","11":"taxable","12":"shipping-taxable","13":"purchasable","14":"product-type-simple"},"yoast_head":"<!-- This site is optimized with the Yoast SEO plugin v27.2 - https:\/\/yoast.com\/product\/yoast-seo-wordpress\/ -->\n<title>Napoleon kolmeosaline reisi-grillitarvikute komplekt kandekotis (grilltangid, -labidas ja -puhastushari) - BBQ Entertainment<\/title>\n<meta name=\"robots\" content=\"index, follow, max-snippet:-1, max-image-preview:large, max-video-preview:-1\" \/>\n<link rel=\"canonical\" href=\"https:\/\/bbqentertainment.com\/toode\/napoleon-kolmeosaline-reisi-grillitarvikute-komplekt-kandekotis-grilltangid-labidas-ja-puhastushari\/\" \/>\n<meta property=\"og:locale\" content=\"en_US\" \/>\n<meta property=\"og:type\" content=\"article\" \/>\n<meta property=\"og:title\" content=\"Napoleon kolmeosaline reisi-grillitarvikute komplekt kandekotis (grilltangid, -labidas ja -puhastushari) - BBQ Entertainment\" \/>\n<meta property=\"og:description\" content=\"Napoleon kolmeosaline reisi-grillitarvikute komplekt kandekotis (grilltangid, -labidas ja -puhastushari) Kompaktne komplekt sisaldab kokkupandavaid tange, spaatlit ja harjastega grillharja \u2013 k\u00f5ik vajalik professionaalseks grillimiseks nii matkal, rannas kui ka reisil.  Grillhari looduslike Palmyra harjastega eemaldab mustuse t\u00f5husalt, kahjustamata grillpinda. Spaatli kolmelt k\u00fcljelt viilutatud servad muudavad toidu keeramise \u00fclilihtsaks ning tangide sooned tagavad t\u00e4pse ja kindla haarde. Alumiiniumsulamist riputusauk spaatlil toimib ka pudeliavojana \u2013 v\u00e4ike, aga kasulik lisand!  K\u00f5ik t\u00f6\u00f6riistad klappuvad kokku ja avanevad lihtsalt nupuvajutusega ning riputusaasad teevad ladustamise mugavaks. Komplektiga kaasas olev kandekott mahutab k\u00f5ik kolm t\u00f6\u00f6riista korralikult ja kompaktselt.  P\u00f5hiomadused   Kompaktsed ja vastupidavad t\u00f6\u00f6riistad grillimiseks teel olles  Spaatli kolmelt k\u00fcljelt viilutatud servad muudavad toidu keeramise lihtsaks  Looduslikud Palmyra harjased \u2013 t\u00f5husad mustuse vastu, ohutud grillpinnale  Kokkupandavad ja avatavad lihtsalt nupuvajutusega  Alumiiniumsulamist riputusauk toimib ka pudeliavojana  Kaasas kandekott k\u00f5igi kolme t\u00f6\u00f6riista transportimiseks\" \/>\n<meta property=\"og:url\" content=\"https:\/\/bbqentertainment.com\/toode\/napoleon-kolmeosaline-reisi-grillitarvikute-komplekt-kandekotis-grilltangid-labidas-ja-puhastushari\/\" \/>\n<meta property=\"og:site_name\" content=\"BBQ Entertainment\" \/>\n<meta property=\"article:publisher\" content=\"https:\/\/www.facebook.com\/BBQ-Entertainment-N-Catering-2437913376443540\" \/>\n<meta property=\"article:modified_time\" content=\"2026-04-06T09:26:52+00:00\" \/>\n<meta property=\"og:image\" content=\"https:\/\/bbqentertainment.com\/wp-content\/uploads\/2026\/03\/GATL001-Web-Gallery-01-Original_JPG-GATL001_TravelToolSet_Bag-Opn.jpg\" \/>\n\t<meta property=\"og:image:width\" content=\"1000\" \/>\n\t<meta property=\"og:image:height\" content=\"1000\" \/>\n\t<meta property=\"og:image:type\" content=\"image\/jpeg\" \/>\n<meta name=\"twitter:card\" content=\"summary_large_image\" \/>\n<meta name=\"twitter:label1\" content=\"Est. reading time\" \/>\n\t<meta name=\"twitter:data1\" content=\"1 minute\" \/>\n<script type=\"application\/ld+json\" class=\"yoast-schema-graph\">{\"@context\":\"https:\/\/schema.org\",\"@graph\":[{\"@type\":[\"WebPage\",\"ItemPage\"],\"@id\":\"https:\/\/bbqentertainment.com\/toode\/napoleon-kolmeosaline-reisi-grillitarvikute-komplekt-kandekotis-grilltangid-labidas-ja-puhastushari\/\",\"url\":\"https:\/\/bbqentertainment.com\/toode\/napoleon-kolmeosaline-reisi-grillitarvikute-komplekt-kandekotis-grilltangid-labidas-ja-puhastushari\/\",\"name\":\"Napoleon kolmeosaline reisi-grillitarvikute komplekt kandekotis (grilltangid, -labidas ja -puhastushari) - BBQ Entertainment\",\"isPartOf\":{\"@id\":\"https:\/\/bbqentertainment.com\/#website\"},\"primaryImageOfPage\":{\"@id\":\"https:\/\/bbqentertainment.com\/toode\/napoleon-kolmeosaline-reisi-grillitarvikute-komplekt-kandekotis-grilltangid-labidas-ja-puhastushari\/#primaryimage\"},\"image\":{\"@id\":\"https:\/\/bbqentertainment.com\/toode\/napoleon-kolmeosaline-reisi-grillitarvikute-komplekt-kandekotis-grilltangid-labidas-ja-puhastushari\/#primaryimage\"},\"thumbnailUrl\":\"https:\/\/bbqentertainment.com\/wp-content\/uploads\/2026\/03\/GATL001-Web-Gallery-01-Original_JPG-GATL001_TravelToolSet_Bag-Opn.jpg\",\"datePublished\":\"2026-03-01T22:46:14+00:00\",\"dateModified\":\"2026-04-06T09:26:52+00:00\",\"breadcrumb\":{\"@id\":\"https:\/\/bbqentertainment.com\/toode\/napoleon-kolmeosaline-reisi-grillitarvikute-komplekt-kandekotis-grilltangid-labidas-ja-puhastushari\/#breadcrumb\"},\"inLanguage\":\"en-US\",\"potentialAction\":[{\"@type\":\"ReadAction\",\"target\":[\"https:\/\/bbqentertainment.com\/toode\/napoleon-kolmeosaline-reisi-grillitarvikute-komplekt-kandekotis-grilltangid-labidas-ja-puhastushari\/\"]}]},{\"@type\":\"ImageObject\",\"inLanguage\":\"en-US\",\"@id\":\"https:\/\/bbqentertainment.com\/toode\/napoleon-kolmeosaline-reisi-grillitarvikute-komplekt-kandekotis-grilltangid-labidas-ja-puhastushari\/#primaryimage\",\"url\":\"https:\/\/bbqentertainment.com\/wp-content\/uploads\/2026\/03\/GATL001-Web-Gallery-01-Original_JPG-GATL001_TravelToolSet_Bag-Opn.jpg\",\"contentUrl\":\"https:\/\/bbqentertainment.com\/wp-content\/uploads\/2026\/03\/GATL001-Web-Gallery-01-Original_JPG-GATL001_TravelToolSet_Bag-Opn.jpg\",\"width\":1000,\"height\":1000},{\"@type\":\"BreadcrumbList\",\"@id\":\"https:\/\/bbqentertainment.com\/toode\/napoleon-kolmeosaline-reisi-grillitarvikute-komplekt-kandekotis-grilltangid-labidas-ja-puhastushari\/#breadcrumb\",\"itemListElement\":[{\"@type\":\"ListItem\",\"position\":1,\"name\":\"AVALEHT\",\"item\":\"https:\/\/bbqentertainment.com\/en\/\"},{\"@type\":\"ListItem\",\"position\":2,\"name\":\"Tooted\",\"item\":\"https:\/\/bbqentertainment.com\/tooted\/\"},{\"@type\":\"ListItem\",\"position\":3,\"name\":\"Lisatarvikud\",\"item\":\"https:\/\/bbqentertainment.com\/tootekategooria\/lisatarvikud\/\"},{\"@type\":\"ListItem\",\"position\":4,\"name\":\"Lisatarvikud Napoleon\",\"item\":\"https:\/\/bbqentertainment.com\/tootekategooria\/lisatarvikud\/lisatarvikud-napoleon\/\"},{\"@type\":\"ListItem\",\"position\":5,\"name\":\"Napoleon kolmeosaline reisi-grillitarvikute komplekt kandekotis (grilltangid, -labidas ja -puhastushari)\"}]},{\"@type\":\"WebSite\",\"@id\":\"https:\/\/bbqentertainment.com\/#website\",\"url\":\"https:\/\/bbqentertainment.com\/\",\"name\":\"BBQ Entertainment\",\"description\":\"BBQ is a great lifestyle, not just fun!\",\"publisher\":{\"@id\":\"https:\/\/bbqentertainment.com\/#organization\"},\"potentialAction\":[{\"@type\":\"SearchAction\",\"target\":{\"@type\":\"EntryPoint\",\"urlTemplate\":\"https:\/\/bbqentertainment.com\/?s={search_term_string}\"},\"query-input\":{\"@type\":\"PropertyValueSpecification\",\"valueRequired\":true,\"valueName\":\"search_term_string\"}}],\"inLanguage\":\"en-US\"},{\"@type\":\"Organization\",\"@id\":\"https:\/\/bbqentertainment.com\/#organization\",\"name\":\"BBQ Entertainment O\u00dc\",\"url\":\"https:\/\/bbqentertainment.com\/\",\"logo\":{\"@type\":\"ImageObject\",\"inLanguage\":\"en-US\",\"@id\":\"https:\/\/bbqentertainment.com\/#\/schema\/logo\/image\/\",\"url\":\"https:\/\/bbqentertainment.com\/wp-content\/uploads\/2020\/04\/BBQ-Entertainment-N-Catering-Enn-Tobreluts-Logo.png\",\"contentUrl\":\"https:\/\/bbqentertainment.com\/wp-content\/uploads\/2020\/04\/BBQ-Entertainment-N-Catering-Enn-Tobreluts-Logo.png\",\"width\":628,\"height\":266,\"caption\":\"BBQ Entertainment O\u00dc\"},\"image\":{\"@id\":\"https:\/\/bbqentertainment.com\/#\/schema\/logo\/image\/\"},\"sameAs\":[\"https:\/\/www.facebook.com\/BBQ-Entertainment-N-Catering-2437913376443540\",\"https:\/\/www.instagram.com\/bbqentertainmentncatering\/\",\"https:\/\/www.youtube.com\/channel\/UCmpuANQVhLy2Md8nrenp2jA\"]}]}<\/script>\n<!-- \/ Yoast SEO plugin. -->","yoast_head_json":{"title":"Napoleon kolmeosaline reisi-grillitarvikute komplekt kandekotis (grilltangid, -labidas ja -puhastushari) - BBQ Entertainment","robots":{"index":"index","follow":"follow","max-snippet":"max-snippet:-1","max-image-preview":"max-image-preview:large","max-video-preview":"max-video-preview:-1"},"canonical":"https:\/\/bbqentertainment.com\/toode\/napoleon-kolmeosaline-reisi-grillitarvikute-komplekt-kandekotis-grilltangid-labidas-ja-puhastushari\/","og_locale":"en_US","og_type":"article","og_title":"Napoleon kolmeosaline reisi-grillitarvikute komplekt kandekotis (grilltangid, -labidas ja -puhastushari) - BBQ Entertainment","og_description":"Napoleon kolmeosaline reisi-grillitarvikute komplekt kandekotis (grilltangid, -labidas ja -puhastushari) Kompaktne komplekt sisaldab kokkupandavaid tange, spaatlit ja harjastega grillharja \u2013 k\u00f5ik vajalik professionaalseks grillimiseks nii matkal, rannas kui ka reisil.  Grillhari looduslike Palmyra harjastega eemaldab mustuse t\u00f5husalt, kahjustamata grillpinda. Spaatli kolmelt k\u00fcljelt viilutatud servad muudavad toidu keeramise \u00fclilihtsaks ning tangide sooned tagavad t\u00e4pse ja kindla haarde. Alumiiniumsulamist riputusauk spaatlil toimib ka pudeliavojana \u2013 v\u00e4ike, aga kasulik lisand!  K\u00f5ik t\u00f6\u00f6riistad klappuvad kokku ja avanevad lihtsalt nupuvajutusega ning riputusaasad teevad ladustamise mugavaks. Komplektiga kaasas olev kandekott mahutab k\u00f5ik kolm t\u00f6\u00f6riista korralikult ja kompaktselt.  P\u00f5hiomadused   Kompaktsed ja vastupidavad t\u00f6\u00f6riistad grillimiseks teel olles  Spaatli kolmelt k\u00fcljelt viilutatud servad muudavad toidu keeramise lihtsaks  Looduslikud Palmyra harjased \u2013 t\u00f5husad mustuse vastu, ohutud grillpinnale  Kokkupandavad ja avatavad lihtsalt nupuvajutusega  Alumiiniumsulamist riputusauk toimib ka pudeliavojana  Kaasas kandekott k\u00f5igi kolme t\u00f6\u00f6riista transportimiseks","og_url":"https:\/\/bbqentertainment.com\/toode\/napoleon-kolmeosaline-reisi-grillitarvikute-komplekt-kandekotis-grilltangid-labidas-ja-puhastushari\/","og_site_name":"BBQ Entertainment","article_publisher":"https:\/\/www.facebook.com\/BBQ-Entertainment-N-Catering-2437913376443540","article_modified_time":"2026-04-06T09:26:52+00:00","og_image":[{"width":1000,"height":1000,"url":"https:\/\/bbqentertainment.com\/wp-content\/uploads\/2026\/03\/GATL001-Web-Gallery-01-Original_JPG-GATL001_TravelToolSet_Bag-Opn.jpg","type":"image\/jpeg"}],"twitter_card":"summary_large_image","twitter_misc":{"Est. reading time":"1 minute"},"schema":{"@context":"https:\/\/schema.org","@graph":[{"@type":["WebPage","ItemPage"],"@id":"https:\/\/bbqentertainment.com\/toode\/napoleon-kolmeosaline-reisi-grillitarvikute-komplekt-kandekotis-grilltangid-labidas-ja-puhastushari\/","url":"https:\/\/bbqentertainment.com\/toode\/napoleon-kolmeosaline-reisi-grillitarvikute-komplekt-kandekotis-grilltangid-labidas-ja-puhastushari\/","name":"Napoleon kolmeosaline reisi-grillitarvikute komplekt kandekotis (grilltangid, -labidas ja -puhastushari) - BBQ Entertainment","isPartOf":{"@id":"https:\/\/bbqentertainment.com\/#website"},"primaryImageOfPage":{"@id":"https:\/\/bbqentertainment.com\/toode\/napoleon-kolmeosaline-reisi-grillitarvikute-komplekt-kandekotis-grilltangid-labidas-ja-puhastushari\/#primaryimage"},"image":{"@id":"https:\/\/bbqentertainment.com\/toode\/napoleon-kolmeosaline-reisi-grillitarvikute-komplekt-kandekotis-grilltangid-labidas-ja-puhastushari\/#primaryimage"},"thumbnailUrl":"https:\/\/bbqentertainment.com\/wp-content\/uploads\/2026\/03\/GATL001-Web-Gallery-01-Original_JPG-GATL001_TravelToolSet_Bag-Opn.jpg","datePublished":"2026-03-01T22:46:14+00:00","dateModified":"2026-04-06T09:26:52+00:00","breadcrumb":{"@id":"https:\/\/bbqentertainment.com\/toode\/napoleon-kolmeosaline-reisi-grillitarvikute-komplekt-kandekotis-grilltangid-labidas-ja-puhastushari\/#breadcrumb"},"inLanguage":"en-US","potentialAction":[{"@type":"ReadAction","target":["https:\/\/bbqentertainment.com\/toode\/napoleon-kolmeosaline-reisi-grillitarvikute-komplekt-kandekotis-grilltangid-labidas-ja-puhastushari\/"]}]},{"@type":"ImageObject","inLanguage":"en-US","@id":"https:\/\/bbqentertainment.com\/toode\/napoleon-kolmeosaline-reisi-grillitarvikute-komplekt-kandekotis-grilltangid-labidas-ja-puhastushari\/#primaryimage","url":"https:\/\/bbqentertainment.com\/wp-content\/uploads\/2026\/03\/GATL001-Web-Gallery-01-Original_JPG-GATL001_TravelToolSet_Bag-Opn.jpg","contentUrl":"https:\/\/bbqentertainment.com\/wp-content\/uploads\/2026\/03\/GATL001-Web-Gallery-01-Original_JPG-GATL001_TravelToolSet_Bag-Opn.jpg","width":1000,"height":1000},{"@type":"BreadcrumbList","@id":"https:\/\/bbqentertainment.com\/toode\/napoleon-kolmeosaline-reisi-grillitarvikute-komplekt-kandekotis-grilltangid-labidas-ja-puhastushari\/#breadcrumb","itemListElement":[{"@type":"ListItem","position":1,"name":"AVALEHT","item":"https:\/\/bbqentertainment.com\/en\/"},{"@type":"ListItem","position":2,"name":"Tooted","item":"https:\/\/bbqentertainment.com\/tooted\/"},{"@type":"ListItem","position":3,"name":"Lisatarvikud","item":"https:\/\/bbqentertainment.com\/tootekategooria\/lisatarvikud\/"},{"@type":"ListItem","position":4,"name":"Lisatarvikud Napoleon","item":"https:\/\/bbqentertainment.com\/tootekategooria\/lisatarvikud\/lisatarvikud-napoleon\/"},{"@type":"ListItem","position":5,"name":"Napoleon kolmeosaline reisi-grillitarvikute komplekt kandekotis (grilltangid, -labidas ja -puhastushari)"}]},{"@type":"WebSite","@id":"https:\/\/bbqentertainment.com\/#website","url":"https:\/\/bbqentertainment.com\/","name":"BBQ Entertainment","description":"BBQ is a great lifestyle, not just fun!","publisher":{"@id":"https:\/\/bbqentertainment.com\/#organization"},"potentialAction":[{"@type":"SearchAction","target":{"@type":"EntryPoint","urlTemplate":"https:\/\/bbqentertainment.com\/?s={search_term_string}"},"query-input":{"@type":"PropertyValueSpecification","valueRequired":true,"valueName":"search_term_string"}}],"inLanguage":"en-US"},{"@type":"Organization","@id":"https:\/\/bbqentertainment.com\/#organization","name":"BBQ Entertainment O\u00dc","url":"https:\/\/bbqentertainment.com\/","logo":{"@type":"ImageObject","inLanguage":"en-US","@id":"https:\/\/bbqentertainment.com\/#\/schema\/logo\/image\/","url":"https:\/\/bbqentertainment.com\/wp-content\/uploads\/2020\/04\/BBQ-Entertainment-N-Catering-Enn-Tobreluts-Logo.png","contentUrl":"https:\/\/bbqentertainment.com\/wp-content\/uploads\/2020\/04\/BBQ-Entertainment-N-Catering-Enn-Tobreluts-Logo.png","width":628,"height":266,"caption":"BBQ Entertainment O\u00dc"},"image":{"@id":"https:\/\/bbqentertainment.com\/#\/schema\/logo\/image\/"},"sameAs":["https:\/\/www.facebook.com\/BBQ-Entertainment-N-Catering-2437913376443540","https:\/\/www.instagram.com\/bbqentertainmentncatering\/","https:\/\/www.youtube.com\/channel\/UCmpuANQVhLy2Md8nrenp2jA"]}]}},"_links":{"self":[{"href":"https:\/\/bbqentertainment.com\/en\/wp-json\/wp\/v2\/product\/257776","targetHints":{"allow":["GET"]}}],"collection":[{"href":"https:\/\/bbqentertainment.com\/en\/wp-json\/wp\/v2\/product"}],"about":[{"href":"https:\/\/bbqentertainment.com\/en\/wp-json\/wp\/v2\/types\/product"}],"wp:featuredmedia":[{"embeddable":true,"href":"https:\/\/bbqentertainment.com\/en\/wp-json\/wp\/v2\/media\/257818"}],"wp:attachment":[{"href":"https:\/\/bbqentertainment.com\/en\/wp-json\/wp\/v2\/media?parent=257776"}],"wp:term":[{"taxonomy":"product_brand","embeddable":true,"href":"https:\/\/bbqentertainment.com\/en\/wp-json\/wp\/v2\/product_brand?post=257776"},{"taxonomy":"product_cat","embeddable":true,"href":"https:\/\/bbqentertainment.com\/en\/wp-json\/wp\/v2\/product_cat?post=257776"},{"taxonomy":"product_tag","embeddable":true,"href":"https:\/\/bbqentertainment.com\/en\/wp-json\/wp\/v2\/product_tag?post=257776"}],"curies":[{"name":"wp","href":"https:\/\/api.w.org\/{rel}","templated":true}]}}