{"id":257778,"date":"2026-03-02T00:47:12","date_gmt":"2026-03-01T22:47:12","guid":{"rendered":"https:\/\/bbqentertainment.com\/?post_type=product&#038;p=257778"},"modified":"2026-04-13T22:10:52","modified_gmt":"2026-04-13T19:10:52","slug":"napoleon-lapik-premium-grillipuhatushari-kahepealine","status":"publish","type":"product","link":"https:\/\/bbqentertainment.com\/en\/toode\/napoleon-lapik-premium-grillipuhatushari-kahepealine\/","title":{"rendered":"Napoleon lapik premium grillipuhatushari kahepealine"},"content":{"rendered":"","protected":false},"excerpt":{"rendered":"<h3>Napoleon lapik premium grillipuhatushari kahepealine<\/h3>\n<p>Premium kahe otsaga grillhari on loodud toime tulema igasuguse puhastust\u00f6\u00f6ga, pakkudes nii j\u00f5udu kui ka mitmek\u00fclgsust. Vastupidav roostevabast terasest tugevate harjastega puhastuspea aitab eemaldada t\u00f5rksa mustuse ja kinnip\u00f5lenud j\u00e4\u00e4gid, samal ajal kui puhastuspadjake sobib prahi ja j\u00e4\u00e4kide eemaldamiseks erinevatelt k\u00fcpsetuspindadelt. Vastavalt vajadusele saad mugavalt vahetada terasharjaste ja puhastuspadja vahel. Harja saab kasutada nii soojadel kui ka jahedatel pindadel. Harjapea integreeritud lisahaare v\u00f5imaldab rakendada rohkem survet, kui mustus on eriti visa, andes rohkem kontrolli ja parema tulemuse. Tugev, praktiline ja paindlik t\u00f6\u00f6riist, mis aitab hoida grilli heas korras ja valmis j\u00e4rgmiseks kasutuseks.<\/p>\n<p><strong>P\u00f5hiomadused<\/strong><\/p>\n<ul>\n<li>Lihtne vahetada kasutust grilli ja plancha vahel, et puhastada erinevaid k\u00fcpsetuspindu<\/li>\n<li>Kahe otsaga disain v\u00f5imaldab puhastada nii soojadel kui ka jahedatel pindadel<\/li>\n<li>Tugevad roostevabast terasest harjased rooste, katlakivi ja kinnip\u00f5lenud j\u00e4\u00e4kide eemaldamiseks<\/li>\n<li>Libisemiskindel k\u00e4epide ja liisahaare harjapeal, et vajadusel tugevamat survet rakendada<\/li>\n<\/ul>\n","protected":false},"featured_media":258005,"template":"","meta":{"inline_featured_image":false},"product_brand":[],"product_cat":[562,479],"product_tag":[],"class_list":{"0":"post-257778","1":"product","2":"type-product","3":"status-publish","4":"has-post-thumbnail","6":"product_cat-lisatarvikud-napoleon","7":"product_cat-grillitarvikud","9":"first","10":"instock","11":"taxable","12":"shipping-taxable","13":"purchasable","14":"product-type-simple"},"yoast_head":"<!-- This site is optimized with the Yoast SEO plugin v27.4 - https:\/\/yoast.com\/product\/yoast-seo-wordpress\/ -->\n<title>Napoleon lapik premium grillipuhatushari kahepealine - BBQ Entertainment<\/title>\n<meta name=\"robots\" content=\"index, follow, max-snippet:-1, max-image-preview:large, max-video-preview:-1\" \/>\n<link rel=\"canonical\" href=\"https:\/\/bbqentertainment.com\/toode\/napoleon-lapik-premium-grillipuhatushari-kahepealine\/\" \/>\n<meta property=\"og:locale\" content=\"en_US\" \/>\n<meta property=\"og:type\" content=\"article\" \/>\n<meta property=\"og:title\" content=\"Napoleon lapik premium grillipuhatushari kahepealine - BBQ Entertainment\" \/>\n<meta property=\"og:description\" content=\"Napoleon lapik premium grillipuhatushari kahepealine Premium kahe otsaga grillhari on loodud toime tulema igasuguse puhastust\u00f6\u00f6ga, pakkudes nii j\u00f5udu kui ka mitmek\u00fclgsust. Vastupidav roostevabast terasest tugevate harjastega puhastuspea aitab eemaldada t\u00f5rksa mustuse ja kinnip\u00f5lenud j\u00e4\u00e4gid, samal ajal kui puhastuspadjake sobib prahi ja j\u00e4\u00e4kide eemaldamiseks erinevatelt k\u00fcpsetuspindadelt. Vastavalt vajadusele saad mugavalt vahetada terasharjaste ja puhastuspadja vahel. Harja saab kasutada nii soojadel kui ka jahedatel pindadel. Harjapea integreeritud lisahaare v\u00f5imaldab rakendada rohkem survet, kui mustus on eriti visa, andes rohkem kontrolli ja parema tulemuse. Tugev, praktiline ja paindlik t\u00f6\u00f6riist, mis aitab hoida grilli heas korras ja valmis j\u00e4rgmiseks kasutuseks.  P\u00f5hiomadused   Lihtne vahetada kasutust grilli ja plancha vahel, et puhastada erinevaid k\u00fcpsetuspindu  Kahe otsaga disain v\u00f5imaldab puhastada nii soojadel kui ka jahedatel pindadel  Tugevad roostevabast terasest harjased rooste, katlakivi ja kinnip\u00f5lenud j\u00e4\u00e4kide eemaldamiseks  Libisemiskindel k\u00e4epide ja liisahaare harjapeal, et vajadusel tugevamat survet rakendada\" \/>\n<meta property=\"og:url\" content=\"https:\/\/bbqentertainment.com\/toode\/napoleon-lapik-premium-grillipuhatushari-kahepealine\/\" \/>\n<meta property=\"og:site_name\" content=\"BBQ Entertainment\" \/>\n<meta property=\"article:publisher\" content=\"https:\/\/www.facebook.com\/BBQ-Entertainment-N-Catering-2437913376443540\" \/>\n<meta property=\"article:modified_time\" content=\"2026-04-13T19:10:52+00:00\" \/>\n<meta property=\"og:image\" content=\"https:\/\/bbqentertainment.com\/wp-content\/uploads\/2026\/03\/GABR004-Web-Gallery-01-Original_JPG-GABR004_Better_DualHead-GrillBrush_set.jpg\" \/>\n\t<meta property=\"og:image:width\" content=\"900\" \/>\n\t<meta property=\"og:image:height\" content=\"900\" \/>\n\t<meta property=\"og:image:type\" content=\"image\/jpeg\" \/>\n<meta name=\"twitter:card\" content=\"summary_large_image\" \/>\n<meta name=\"twitter:label1\" content=\"Est. reading time\" \/>\n\t<meta name=\"twitter:data1\" content=\"1 minute\" \/>\n<script type=\"application\/ld+json\" class=\"yoast-schema-graph\">{\"@context\":\"https:\\\/\\\/schema.org\",\"@graph\":[{\"@type\":[\"WebPage\",\"ItemPage\"],\"@id\":\"https:\\\/\\\/bbqentertainment.com\\\/toode\\\/napoleon-lapik-premium-grillipuhatushari-kahepealine\\\/\",\"url\":\"https:\\\/\\\/bbqentertainment.com\\\/toode\\\/napoleon-lapik-premium-grillipuhatushari-kahepealine\\\/\",\"name\":\"Napoleon lapik premium grillipuhatushari kahepealine - BBQ Entertainment\",\"isPartOf\":{\"@id\":\"https:\\\/\\\/bbqentertainment.com\\\/#website\"},\"primaryImageOfPage\":{\"@id\":\"https:\\\/\\\/bbqentertainment.com\\\/toode\\\/napoleon-lapik-premium-grillipuhatushari-kahepealine\\\/#primaryimage\"},\"image\":{\"@id\":\"https:\\\/\\\/bbqentertainment.com\\\/toode\\\/napoleon-lapik-premium-grillipuhatushari-kahepealine\\\/#primaryimage\"},\"thumbnailUrl\":\"https:\\\/\\\/bbqentertainment.com\\\/wp-content\\\/uploads\\\/2026\\\/03\\\/GABR004-Web-Gallery-01-Original_JPG-GABR004_Better_DualHead-GrillBrush_set.jpg\",\"datePublished\":\"2026-03-01T22:47:12+00:00\",\"dateModified\":\"2026-04-13T19:10:52+00:00\",\"breadcrumb\":{\"@id\":\"https:\\\/\\\/bbqentertainment.com\\\/toode\\\/napoleon-lapik-premium-grillipuhatushari-kahepealine\\\/#breadcrumb\"},\"inLanguage\":\"en-US\",\"potentialAction\":[{\"@type\":\"ReadAction\",\"target\":[\"https:\\\/\\\/bbqentertainment.com\\\/toode\\\/napoleon-lapik-premium-grillipuhatushari-kahepealine\\\/\"]}]},{\"@type\":\"ImageObject\",\"inLanguage\":\"en-US\",\"@id\":\"https:\\\/\\\/bbqentertainment.com\\\/toode\\\/napoleon-lapik-premium-grillipuhatushari-kahepealine\\\/#primaryimage\",\"url\":\"https:\\\/\\\/bbqentertainment.com\\\/wp-content\\\/uploads\\\/2026\\\/03\\\/GABR004-Web-Gallery-01-Original_JPG-GABR004_Better_DualHead-GrillBrush_set.jpg\",\"contentUrl\":\"https:\\\/\\\/bbqentertainment.com\\\/wp-content\\\/uploads\\\/2026\\\/03\\\/GABR004-Web-Gallery-01-Original_JPG-GABR004_Better_DualHead-GrillBrush_set.jpg\",\"width\":900,\"height\":900},{\"@type\":\"BreadcrumbList\",\"@id\":\"https:\\\/\\\/bbqentertainment.com\\\/toode\\\/napoleon-lapik-premium-grillipuhatushari-kahepealine\\\/#breadcrumb\",\"itemListElement\":[{\"@type\":\"ListItem\",\"position\":1,\"name\":\"AVALEHT\",\"item\":\"https:\\\/\\\/bbqentertainment.com\\\/en\\\/\"},{\"@type\":\"ListItem\",\"position\":2,\"name\":\"Tooted\",\"item\":\"https:\\\/\\\/bbqentertainment.com\\\/tooted\\\/\"},{\"@type\":\"ListItem\",\"position\":3,\"name\":\"Lisatarvikud\",\"item\":\"https:\\\/\\\/bbqentertainment.com\\\/tootekategooria\\\/lisatarvikud\\\/\"},{\"@type\":\"ListItem\",\"position\":4,\"name\":\"Lisatarvikud Napoleon\",\"item\":\"https:\\\/\\\/bbqentertainment.com\\\/tootekategooria\\\/lisatarvikud\\\/lisatarvikud-napoleon\\\/\"},{\"@type\":\"ListItem\",\"position\":5,\"name\":\"Napoleon lapik premium grillipuhatushari kahepealine\"}]},{\"@type\":\"WebSite\",\"@id\":\"https:\\\/\\\/bbqentertainment.com\\\/#website\",\"url\":\"https:\\\/\\\/bbqentertainment.com\\\/\",\"name\":\"BBQ Entertainment\",\"description\":\"BBQ is a great lifestyle, not just fun!\",\"publisher\":{\"@id\":\"https:\\\/\\\/bbqentertainment.com\\\/#organization\"},\"potentialAction\":[{\"@type\":\"SearchAction\",\"target\":{\"@type\":\"EntryPoint\",\"urlTemplate\":\"https:\\\/\\\/bbqentertainment.com\\\/?s={search_term_string}\"},\"query-input\":{\"@type\":\"PropertyValueSpecification\",\"valueRequired\":true,\"valueName\":\"search_term_string\"}}],\"inLanguage\":\"en-US\"},{\"@type\":\"Organization\",\"@id\":\"https:\\\/\\\/bbqentertainment.com\\\/#organization\",\"name\":\"BBQ Entertainment O\u00dc\",\"url\":\"https:\\\/\\\/bbqentertainment.com\\\/\",\"logo\":{\"@type\":\"ImageObject\",\"inLanguage\":\"en-US\",\"@id\":\"https:\\\/\\\/bbqentertainment.com\\\/#\\\/schema\\\/logo\\\/image\\\/\",\"url\":\"https:\\\/\\\/bbqentertainment.com\\\/wp-content\\\/uploads\\\/2020\\\/04\\\/BBQ-Entertainment-N-Catering-Enn-Tobreluts-Logo.png\",\"contentUrl\":\"https:\\\/\\\/bbqentertainment.com\\\/wp-content\\\/uploads\\\/2020\\\/04\\\/BBQ-Entertainment-N-Catering-Enn-Tobreluts-Logo.png\",\"width\":628,\"height\":266,\"caption\":\"BBQ Entertainment O\u00dc\"},\"image\":{\"@id\":\"https:\\\/\\\/bbqentertainment.com\\\/#\\\/schema\\\/logo\\\/image\\\/\"},\"sameAs\":[\"https:\\\/\\\/www.facebook.com\\\/BBQ-Entertainment-N-Catering-2437913376443540\",\"https:\\\/\\\/www.instagram.com\\\/bbqentertainmentncatering\\\/\",\"https:\\\/\\\/www.youtube.com\\\/channel\\\/UCmpuANQVhLy2Md8nrenp2jA\"]}]}<\/script>\n<!-- \/ Yoast SEO plugin. -->","yoast_head_json":{"title":"Napoleon lapik premium grillipuhatushari kahepealine - BBQ Entertainment","robots":{"index":"index","follow":"follow","max-snippet":"max-snippet:-1","max-image-preview":"max-image-preview:large","max-video-preview":"max-video-preview:-1"},"canonical":"https:\/\/bbqentertainment.com\/toode\/napoleon-lapik-premium-grillipuhatushari-kahepealine\/","og_locale":"en_US","og_type":"article","og_title":"Napoleon lapik premium grillipuhatushari kahepealine - BBQ Entertainment","og_description":"Napoleon lapik premium grillipuhatushari kahepealine Premium kahe otsaga grillhari on loodud toime tulema igasuguse puhastust\u00f6\u00f6ga, pakkudes nii j\u00f5udu kui ka mitmek\u00fclgsust. Vastupidav roostevabast terasest tugevate harjastega puhastuspea aitab eemaldada t\u00f5rksa mustuse ja kinnip\u00f5lenud j\u00e4\u00e4gid, samal ajal kui puhastuspadjake sobib prahi ja j\u00e4\u00e4kide eemaldamiseks erinevatelt k\u00fcpsetuspindadelt. Vastavalt vajadusele saad mugavalt vahetada terasharjaste ja puhastuspadja vahel. Harja saab kasutada nii soojadel kui ka jahedatel pindadel. Harjapea integreeritud lisahaare v\u00f5imaldab rakendada rohkem survet, kui mustus on eriti visa, andes rohkem kontrolli ja parema tulemuse. Tugev, praktiline ja paindlik t\u00f6\u00f6riist, mis aitab hoida grilli heas korras ja valmis j\u00e4rgmiseks kasutuseks.  P\u00f5hiomadused   Lihtne vahetada kasutust grilli ja plancha vahel, et puhastada erinevaid k\u00fcpsetuspindu  Kahe otsaga disain v\u00f5imaldab puhastada nii soojadel kui ka jahedatel pindadel  Tugevad roostevabast terasest harjased rooste, katlakivi ja kinnip\u00f5lenud j\u00e4\u00e4kide eemaldamiseks  Libisemiskindel k\u00e4epide ja liisahaare harjapeal, et vajadusel tugevamat survet rakendada","og_url":"https:\/\/bbqentertainment.com\/toode\/napoleon-lapik-premium-grillipuhatushari-kahepealine\/","og_site_name":"BBQ Entertainment","article_publisher":"https:\/\/www.facebook.com\/BBQ-Entertainment-N-Catering-2437913376443540","article_modified_time":"2026-04-13T19:10:52+00:00","og_image":[{"width":900,"height":900,"url":"https:\/\/bbqentertainment.com\/wp-content\/uploads\/2026\/03\/GABR004-Web-Gallery-01-Original_JPG-GABR004_Better_DualHead-GrillBrush_set.jpg","type":"image\/jpeg"}],"twitter_card":"summary_large_image","twitter_misc":{"Est. reading time":"1 minute"},"schema":{"@context":"https:\/\/schema.org","@graph":[{"@type":["WebPage","ItemPage"],"@id":"https:\/\/bbqentertainment.com\/toode\/napoleon-lapik-premium-grillipuhatushari-kahepealine\/","url":"https:\/\/bbqentertainment.com\/toode\/napoleon-lapik-premium-grillipuhatushari-kahepealine\/","name":"Napoleon lapik premium grillipuhatushari kahepealine - BBQ Entertainment","isPartOf":{"@id":"https:\/\/bbqentertainment.com\/#website"},"primaryImageOfPage":{"@id":"https:\/\/bbqentertainment.com\/toode\/napoleon-lapik-premium-grillipuhatushari-kahepealine\/#primaryimage"},"image":{"@id":"https:\/\/bbqentertainment.com\/toode\/napoleon-lapik-premium-grillipuhatushari-kahepealine\/#primaryimage"},"thumbnailUrl":"https:\/\/bbqentertainment.com\/wp-content\/uploads\/2026\/03\/GABR004-Web-Gallery-01-Original_JPG-GABR004_Better_DualHead-GrillBrush_set.jpg","datePublished":"2026-03-01T22:47:12+00:00","dateModified":"2026-04-13T19:10:52+00:00","breadcrumb":{"@id":"https:\/\/bbqentertainment.com\/toode\/napoleon-lapik-premium-grillipuhatushari-kahepealine\/#breadcrumb"},"inLanguage":"en-US","potentialAction":[{"@type":"ReadAction","target":["https:\/\/bbqentertainment.com\/toode\/napoleon-lapik-premium-grillipuhatushari-kahepealine\/"]}]},{"@type":"ImageObject","inLanguage":"en-US","@id":"https:\/\/bbqentertainment.com\/toode\/napoleon-lapik-premium-grillipuhatushari-kahepealine\/#primaryimage","url":"https:\/\/bbqentertainment.com\/wp-content\/uploads\/2026\/03\/GABR004-Web-Gallery-01-Original_JPG-GABR004_Better_DualHead-GrillBrush_set.jpg","contentUrl":"https:\/\/bbqentertainment.com\/wp-content\/uploads\/2026\/03\/GABR004-Web-Gallery-01-Original_JPG-GABR004_Better_DualHead-GrillBrush_set.jpg","width":900,"height":900},{"@type":"BreadcrumbList","@id":"https:\/\/bbqentertainment.com\/toode\/napoleon-lapik-premium-grillipuhatushari-kahepealine\/#breadcrumb","itemListElement":[{"@type":"ListItem","position":1,"name":"AVALEHT","item":"https:\/\/bbqentertainment.com\/en\/"},{"@type":"ListItem","position":2,"name":"Tooted","item":"https:\/\/bbqentertainment.com\/tooted\/"},{"@type":"ListItem","position":3,"name":"Lisatarvikud","item":"https:\/\/bbqentertainment.com\/tootekategooria\/lisatarvikud\/"},{"@type":"ListItem","position":4,"name":"Lisatarvikud Napoleon","item":"https:\/\/bbqentertainment.com\/tootekategooria\/lisatarvikud\/lisatarvikud-napoleon\/"},{"@type":"ListItem","position":5,"name":"Napoleon lapik premium grillipuhatushari kahepealine"}]},{"@type":"WebSite","@id":"https:\/\/bbqentertainment.com\/#website","url":"https:\/\/bbqentertainment.com\/","name":"BBQ Entertainment","description":"BBQ is a great lifestyle, not just fun!","publisher":{"@id":"https:\/\/bbqentertainment.com\/#organization"},"potentialAction":[{"@type":"SearchAction","target":{"@type":"EntryPoint","urlTemplate":"https:\/\/bbqentertainment.com\/?s={search_term_string}"},"query-input":{"@type":"PropertyValueSpecification","valueRequired":true,"valueName":"search_term_string"}}],"inLanguage":"en-US"},{"@type":"Organization","@id":"https:\/\/bbqentertainment.com\/#organization","name":"BBQ Entertainment O\u00dc","url":"https:\/\/bbqentertainment.com\/","logo":{"@type":"ImageObject","inLanguage":"en-US","@id":"https:\/\/bbqentertainment.com\/#\/schema\/logo\/image\/","url":"https:\/\/bbqentertainment.com\/wp-content\/uploads\/2020\/04\/BBQ-Entertainment-N-Catering-Enn-Tobreluts-Logo.png","contentUrl":"https:\/\/bbqentertainment.com\/wp-content\/uploads\/2020\/04\/BBQ-Entertainment-N-Catering-Enn-Tobreluts-Logo.png","width":628,"height":266,"caption":"BBQ Entertainment O\u00dc"},"image":{"@id":"https:\/\/bbqentertainment.com\/#\/schema\/logo\/image\/"},"sameAs":["https:\/\/www.facebook.com\/BBQ-Entertainment-N-Catering-2437913376443540","https:\/\/www.instagram.com\/bbqentertainmentncatering\/","https:\/\/www.youtube.com\/channel\/UCmpuANQVhLy2Md8nrenp2jA"]}]}},"_links":{"self":[{"href":"https:\/\/bbqentertainment.com\/en\/wp-json\/wp\/v2\/product\/257778","targetHints":{"allow":["GET"]}}],"collection":[{"href":"https:\/\/bbqentertainment.com\/en\/wp-json\/wp\/v2\/product"}],"about":[{"href":"https:\/\/bbqentertainment.com\/en\/wp-json\/wp\/v2\/types\/product"}],"wp:featuredmedia":[{"embeddable":true,"href":"https:\/\/bbqentertainment.com\/en\/wp-json\/wp\/v2\/media\/258005"}],"wp:attachment":[{"href":"https:\/\/bbqentertainment.com\/en\/wp-json\/wp\/v2\/media?parent=257778"}],"wp:term":[{"taxonomy":"product_brand","embeddable":true,"href":"https:\/\/bbqentertainment.com\/en\/wp-json\/wp\/v2\/product_brand?post=257778"},{"taxonomy":"product_cat","embeddable":true,"href":"https:\/\/bbqentertainment.com\/en\/wp-json\/wp\/v2\/product_cat?post=257778"},{"taxonomy":"product_tag","embeddable":true,"href":"https:\/\/bbqentertainment.com\/en\/wp-json\/wp\/v2\/product_tag?post=257778"}],"curies":[{"name":"wp","href":"https:\/\/api.w.org\/{rel}","templated":true}]}}