{"id":257779,"date":"2026-03-02T00:47:13","date_gmt":"2026-03-01T22:47:13","guid":{"rendered":"https:\/\/bbqentertainment.com\/?post_type=product&#038;p=257779"},"modified":"2026-04-13T22:10:52","modified_gmt":"2026-04-13T19:10:52","slug":"napoleon-lapik-premium-roostevabast-grillipuhatushari","status":"publish","type":"product","link":"https:\/\/bbqentertainment.com\/en\/toode\/napoleon-lapik-premium-roostevabast-grillipuhatushari\/","title":{"rendered":"Napoleon lapik premium roostevabast grillipuhatushari"},"content":{"rendered":"","protected":false},"excerpt":{"rendered":"<h3>Napoleon lapik premium roostevabast grillipuhatushari<\/h3>\n<p>Tee grilli puhastamine lihtsaks ka siis, kui mustus on t\u00f5sisem. Premium roostevabast terasest grillhari on valmistatud vastupidavast roostevabast terasest ning tugevate harjastega, et eemaldada h\u00f5lpsalt kinnip\u00f5lenud j\u00e4\u00e4gid, rooste ja katlakivi. Libisemiskindel ergonoomiline k\u00e4epide p\u00fcsib kindlalt k\u00e4es ning harjapea lisahaare aitab vajadusel tugevamat survet rakendada, kui restil on t\u00f5rksamat mustust. Integreeritud pudeliavaja toimib \u00fchtlasi riputusv\u00f5imalusena, et t\u00f6\u00f6riist oleks alati k\u00e4ep\u00e4rast ja grillitarvikud p\u00fcsiksid korras. See hari \u00fchendab j\u00f5u, mugavuse ja nutika disaini, et grill p\u00fcsiks heas korras hooaeg hooaja j\u00e4rel.<\/p>\n<p><strong>P\u00f5hiomadused<\/strong><\/p>\n<ul>\n<li>T\u00f5sine puhastaja t\u00f5sisele grillijale, m\u00f5eldud t\u00f5rksa mustuse eemaldamiseks ja grilli heas t\u00f6\u00f6korras hoidmiseks<\/li>\n<li>Roostevabast terasest konstruktsioon pikaajaliseks kasutuseks<\/li>\n<li>Tugevad roostevabast terasest harjased rooste, katlakivi ja kinnip\u00f5lenud j\u00e4\u00e4kide eemaldamiseks<\/li>\n<li>Libisemiskindel k\u00e4epide ja lisahaare harjapeal, et vajadusel tugevamat survet rakendada<\/li>\n<li>Alumiiniumisulamist riputusava, mis toimib ka pudeliavajana lisamugavuse jaoks<\/li>\n<\/ul>\n<p><!-- notionvc: 311975c6-767a-4b17-b250-8a34fd0e550e --><\/p>\n","protected":false},"featured_media":257988,"template":"","meta":{"inline_featured_image":false},"product_brand":[],"product_cat":[562,479],"product_tag":[],"class_list":{"0":"post-257779","1":"product","2":"type-product","3":"status-publish","4":"has-post-thumbnail","6":"product_cat-lisatarvikud-napoleon","7":"product_cat-grillitarvikud","9":"first","10":"instock","11":"taxable","12":"shipping-taxable","13":"purchasable","14":"product-type-simple"},"yoast_head":"<!-- This site is optimized with the Yoast SEO plugin v27.4 - https:\/\/yoast.com\/product\/yoast-seo-wordpress\/ -->\n<title>Napoleon lapik premium roostevabast grillipuhatushari - BBQ Entertainment<\/title>\n<meta name=\"robots\" content=\"index, follow, max-snippet:-1, max-image-preview:large, max-video-preview:-1\" \/>\n<link rel=\"canonical\" href=\"https:\/\/bbqentertainment.com\/toode\/napoleon-lapik-premium-roostevabast-grillipuhatushari\/\" \/>\n<meta property=\"og:locale\" content=\"en_US\" \/>\n<meta property=\"og:type\" content=\"article\" \/>\n<meta property=\"og:title\" content=\"Napoleon lapik premium roostevabast grillipuhatushari - BBQ Entertainment\" \/>\n<meta property=\"og:description\" content=\"Napoleon lapik premium roostevabast grillipuhatushari Tee grilli puhastamine lihtsaks ka siis, kui mustus on t\u00f5sisem. Premium roostevabast terasest grillhari on valmistatud vastupidavast roostevabast terasest ning tugevate harjastega, et eemaldada h\u00f5lpsalt kinnip\u00f5lenud j\u00e4\u00e4gid, rooste ja katlakivi. Libisemiskindel ergonoomiline k\u00e4epide p\u00fcsib kindlalt k\u00e4es ning harjapea lisahaare aitab vajadusel tugevamat survet rakendada, kui restil on t\u00f5rksamat mustust. Integreeritud pudeliavaja toimib \u00fchtlasi riputusv\u00f5imalusena, et t\u00f6\u00f6riist oleks alati k\u00e4ep\u00e4rast ja grillitarvikud p\u00fcsiksid korras. See hari \u00fchendab j\u00f5u, mugavuse ja nutika disaini, et grill p\u00fcsiks heas korras hooaeg hooaja j\u00e4rel.  P\u00f5hiomadused   T\u00f5sine puhastaja t\u00f5sisele grillijale, m\u00f5eldud t\u00f5rksa mustuse eemaldamiseks ja grilli heas t\u00f6\u00f6korras hoidmiseks  Roostevabast terasest konstruktsioon pikaajaliseks kasutuseks  Tugevad roostevabast terasest harjased rooste, katlakivi ja kinnip\u00f5lenud j\u00e4\u00e4kide eemaldamiseks  Libisemiskindel k\u00e4epide ja lisahaare harjapeal, et vajadusel tugevamat survet rakendada  Alumiiniumisulamist riputusava, mis toimib ka pudeliavajana lisamugavuse jaoks\" \/>\n<meta property=\"og:url\" content=\"https:\/\/bbqentertainment.com\/toode\/napoleon-lapik-premium-roostevabast-grillipuhatushari\/\" \/>\n<meta property=\"og:site_name\" content=\"BBQ Entertainment\" \/>\n<meta property=\"article:publisher\" content=\"https:\/\/www.facebook.com\/BBQ-Entertainment-N-Catering-2437913376443540\" \/>\n<meta property=\"article:modified_time\" content=\"2026-04-13T19:10:52+00:00\" \/>\n<meta property=\"og:image\" content=\"https:\/\/bbqentertainment.com\/wp-content\/uploads\/2026\/03\/GABR007-Web-Gallery-01-Original_JPG-GABR007_BetterGriddleBrush_Prod-Ang-L-SSBristles.jpg\" \/>\n\t<meta property=\"og:image:width\" content=\"900\" \/>\n\t<meta property=\"og:image:height\" content=\"900\" \/>\n\t<meta property=\"og:image:type\" content=\"image\/jpeg\" \/>\n<meta name=\"twitter:card\" content=\"summary_large_image\" \/>\n<script type=\"application\/ld+json\" class=\"yoast-schema-graph\">{\"@context\":\"https:\\\/\\\/schema.org\",\"@graph\":[{\"@type\":[\"WebPage\",\"ItemPage\"],\"@id\":\"https:\\\/\\\/bbqentertainment.com\\\/toode\\\/napoleon-lapik-premium-roostevabast-grillipuhatushari\\\/\",\"url\":\"https:\\\/\\\/bbqentertainment.com\\\/toode\\\/napoleon-lapik-premium-roostevabast-grillipuhatushari\\\/\",\"name\":\"Napoleon lapik premium roostevabast grillipuhatushari - BBQ Entertainment\",\"isPartOf\":{\"@id\":\"https:\\\/\\\/bbqentertainment.com\\\/#website\"},\"primaryImageOfPage\":{\"@id\":\"https:\\\/\\\/bbqentertainment.com\\\/toode\\\/napoleon-lapik-premium-roostevabast-grillipuhatushari\\\/#primaryimage\"},\"image\":{\"@id\":\"https:\\\/\\\/bbqentertainment.com\\\/toode\\\/napoleon-lapik-premium-roostevabast-grillipuhatushari\\\/#primaryimage\"},\"thumbnailUrl\":\"https:\\\/\\\/bbqentertainment.com\\\/wp-content\\\/uploads\\\/2026\\\/03\\\/GABR007-Web-Gallery-01-Original_JPG-GABR007_BetterGriddleBrush_Prod-Ang-L-SSBristles.jpg\",\"datePublished\":\"2026-03-01T22:47:13+00:00\",\"dateModified\":\"2026-04-13T19:10:52+00:00\",\"breadcrumb\":{\"@id\":\"https:\\\/\\\/bbqentertainment.com\\\/toode\\\/napoleon-lapik-premium-roostevabast-grillipuhatushari\\\/#breadcrumb\"},\"inLanguage\":\"en-US\",\"potentialAction\":[{\"@type\":\"ReadAction\",\"target\":[\"https:\\\/\\\/bbqentertainment.com\\\/toode\\\/napoleon-lapik-premium-roostevabast-grillipuhatushari\\\/\"]}]},{\"@type\":\"ImageObject\",\"inLanguage\":\"en-US\",\"@id\":\"https:\\\/\\\/bbqentertainment.com\\\/toode\\\/napoleon-lapik-premium-roostevabast-grillipuhatushari\\\/#primaryimage\",\"url\":\"https:\\\/\\\/bbqentertainment.com\\\/wp-content\\\/uploads\\\/2026\\\/03\\\/GABR007-Web-Gallery-01-Original_JPG-GABR007_BetterGriddleBrush_Prod-Ang-L-SSBristles.jpg\",\"contentUrl\":\"https:\\\/\\\/bbqentertainment.com\\\/wp-content\\\/uploads\\\/2026\\\/03\\\/GABR007-Web-Gallery-01-Original_JPG-GABR007_BetterGriddleBrush_Prod-Ang-L-SSBristles.jpg\",\"width\":900,\"height\":900},{\"@type\":\"BreadcrumbList\",\"@id\":\"https:\\\/\\\/bbqentertainment.com\\\/toode\\\/napoleon-lapik-premium-roostevabast-grillipuhatushari\\\/#breadcrumb\",\"itemListElement\":[{\"@type\":\"ListItem\",\"position\":1,\"name\":\"AVALEHT\",\"item\":\"https:\\\/\\\/bbqentertainment.com\\\/en\\\/\"},{\"@type\":\"ListItem\",\"position\":2,\"name\":\"Tooted\",\"item\":\"https:\\\/\\\/bbqentertainment.com\\\/tooted\\\/\"},{\"@type\":\"ListItem\",\"position\":3,\"name\":\"Lisatarvikud\",\"item\":\"https:\\\/\\\/bbqentertainment.com\\\/tootekategooria\\\/lisatarvikud\\\/\"},{\"@type\":\"ListItem\",\"position\":4,\"name\":\"Lisatarvikud Napoleon\",\"item\":\"https:\\\/\\\/bbqentertainment.com\\\/tootekategooria\\\/lisatarvikud\\\/lisatarvikud-napoleon\\\/\"},{\"@type\":\"ListItem\",\"position\":5,\"name\":\"Napoleon lapik premium roostevabast grillipuhatushari\"}]},{\"@type\":\"WebSite\",\"@id\":\"https:\\\/\\\/bbqentertainment.com\\\/#website\",\"url\":\"https:\\\/\\\/bbqentertainment.com\\\/\",\"name\":\"BBQ Entertainment\",\"description\":\"BBQ is a great lifestyle, not just fun!\",\"publisher\":{\"@id\":\"https:\\\/\\\/bbqentertainment.com\\\/#organization\"},\"potentialAction\":[{\"@type\":\"SearchAction\",\"target\":{\"@type\":\"EntryPoint\",\"urlTemplate\":\"https:\\\/\\\/bbqentertainment.com\\\/?s={search_term_string}\"},\"query-input\":{\"@type\":\"PropertyValueSpecification\",\"valueRequired\":true,\"valueName\":\"search_term_string\"}}],\"inLanguage\":\"en-US\"},{\"@type\":\"Organization\",\"@id\":\"https:\\\/\\\/bbqentertainment.com\\\/#organization\",\"name\":\"BBQ Entertainment O\u00dc\",\"url\":\"https:\\\/\\\/bbqentertainment.com\\\/\",\"logo\":{\"@type\":\"ImageObject\",\"inLanguage\":\"en-US\",\"@id\":\"https:\\\/\\\/bbqentertainment.com\\\/#\\\/schema\\\/logo\\\/image\\\/\",\"url\":\"https:\\\/\\\/bbqentertainment.com\\\/wp-content\\\/uploads\\\/2020\\\/04\\\/BBQ-Entertainment-N-Catering-Enn-Tobreluts-Logo.png\",\"contentUrl\":\"https:\\\/\\\/bbqentertainment.com\\\/wp-content\\\/uploads\\\/2020\\\/04\\\/BBQ-Entertainment-N-Catering-Enn-Tobreluts-Logo.png\",\"width\":628,\"height\":266,\"caption\":\"BBQ Entertainment O\u00dc\"},\"image\":{\"@id\":\"https:\\\/\\\/bbqentertainment.com\\\/#\\\/schema\\\/logo\\\/image\\\/\"},\"sameAs\":[\"https:\\\/\\\/www.facebook.com\\\/BBQ-Entertainment-N-Catering-2437913376443540\",\"https:\\\/\\\/www.instagram.com\\\/bbqentertainmentncatering\\\/\",\"https:\\\/\\\/www.youtube.com\\\/channel\\\/UCmpuANQVhLy2Md8nrenp2jA\"]}]}<\/script>\n<!-- \/ Yoast SEO plugin. -->","yoast_head_json":{"title":"Napoleon lapik premium roostevabast grillipuhatushari - BBQ Entertainment","robots":{"index":"index","follow":"follow","max-snippet":"max-snippet:-1","max-image-preview":"max-image-preview:large","max-video-preview":"max-video-preview:-1"},"canonical":"https:\/\/bbqentertainment.com\/toode\/napoleon-lapik-premium-roostevabast-grillipuhatushari\/","og_locale":"en_US","og_type":"article","og_title":"Napoleon lapik premium roostevabast grillipuhatushari - BBQ Entertainment","og_description":"Napoleon lapik premium roostevabast grillipuhatushari Tee grilli puhastamine lihtsaks ka siis, kui mustus on t\u00f5sisem. Premium roostevabast terasest grillhari on valmistatud vastupidavast roostevabast terasest ning tugevate harjastega, et eemaldada h\u00f5lpsalt kinnip\u00f5lenud j\u00e4\u00e4gid, rooste ja katlakivi. Libisemiskindel ergonoomiline k\u00e4epide p\u00fcsib kindlalt k\u00e4es ning harjapea lisahaare aitab vajadusel tugevamat survet rakendada, kui restil on t\u00f5rksamat mustust. Integreeritud pudeliavaja toimib \u00fchtlasi riputusv\u00f5imalusena, et t\u00f6\u00f6riist oleks alati k\u00e4ep\u00e4rast ja grillitarvikud p\u00fcsiksid korras. See hari \u00fchendab j\u00f5u, mugavuse ja nutika disaini, et grill p\u00fcsiks heas korras hooaeg hooaja j\u00e4rel.  P\u00f5hiomadused   T\u00f5sine puhastaja t\u00f5sisele grillijale, m\u00f5eldud t\u00f5rksa mustuse eemaldamiseks ja grilli heas t\u00f6\u00f6korras hoidmiseks  Roostevabast terasest konstruktsioon pikaajaliseks kasutuseks  Tugevad roostevabast terasest harjased rooste, katlakivi ja kinnip\u00f5lenud j\u00e4\u00e4kide eemaldamiseks  Libisemiskindel k\u00e4epide ja lisahaare harjapeal, et vajadusel tugevamat survet rakendada  Alumiiniumisulamist riputusava, mis toimib ka pudeliavajana lisamugavuse jaoks","og_url":"https:\/\/bbqentertainment.com\/toode\/napoleon-lapik-premium-roostevabast-grillipuhatushari\/","og_site_name":"BBQ Entertainment","article_publisher":"https:\/\/www.facebook.com\/BBQ-Entertainment-N-Catering-2437913376443540","article_modified_time":"2026-04-13T19:10:52+00:00","og_image":[{"width":900,"height":900,"url":"https:\/\/bbqentertainment.com\/wp-content\/uploads\/2026\/03\/GABR007-Web-Gallery-01-Original_JPG-GABR007_BetterGriddleBrush_Prod-Ang-L-SSBristles.jpg","type":"image\/jpeg"}],"twitter_card":"summary_large_image","schema":{"@context":"https:\/\/schema.org","@graph":[{"@type":["WebPage","ItemPage"],"@id":"https:\/\/bbqentertainment.com\/toode\/napoleon-lapik-premium-roostevabast-grillipuhatushari\/","url":"https:\/\/bbqentertainment.com\/toode\/napoleon-lapik-premium-roostevabast-grillipuhatushari\/","name":"Napoleon lapik premium roostevabast grillipuhatushari - BBQ Entertainment","isPartOf":{"@id":"https:\/\/bbqentertainment.com\/#website"},"primaryImageOfPage":{"@id":"https:\/\/bbqentertainment.com\/toode\/napoleon-lapik-premium-roostevabast-grillipuhatushari\/#primaryimage"},"image":{"@id":"https:\/\/bbqentertainment.com\/toode\/napoleon-lapik-premium-roostevabast-grillipuhatushari\/#primaryimage"},"thumbnailUrl":"https:\/\/bbqentertainment.com\/wp-content\/uploads\/2026\/03\/GABR007-Web-Gallery-01-Original_JPG-GABR007_BetterGriddleBrush_Prod-Ang-L-SSBristles.jpg","datePublished":"2026-03-01T22:47:13+00:00","dateModified":"2026-04-13T19:10:52+00:00","breadcrumb":{"@id":"https:\/\/bbqentertainment.com\/toode\/napoleon-lapik-premium-roostevabast-grillipuhatushari\/#breadcrumb"},"inLanguage":"en-US","potentialAction":[{"@type":"ReadAction","target":["https:\/\/bbqentertainment.com\/toode\/napoleon-lapik-premium-roostevabast-grillipuhatushari\/"]}]},{"@type":"ImageObject","inLanguage":"en-US","@id":"https:\/\/bbqentertainment.com\/toode\/napoleon-lapik-premium-roostevabast-grillipuhatushari\/#primaryimage","url":"https:\/\/bbqentertainment.com\/wp-content\/uploads\/2026\/03\/GABR007-Web-Gallery-01-Original_JPG-GABR007_BetterGriddleBrush_Prod-Ang-L-SSBristles.jpg","contentUrl":"https:\/\/bbqentertainment.com\/wp-content\/uploads\/2026\/03\/GABR007-Web-Gallery-01-Original_JPG-GABR007_BetterGriddleBrush_Prod-Ang-L-SSBristles.jpg","width":900,"height":900},{"@type":"BreadcrumbList","@id":"https:\/\/bbqentertainment.com\/toode\/napoleon-lapik-premium-roostevabast-grillipuhatushari\/#breadcrumb","itemListElement":[{"@type":"ListItem","position":1,"name":"AVALEHT","item":"https:\/\/bbqentertainment.com\/en\/"},{"@type":"ListItem","position":2,"name":"Tooted","item":"https:\/\/bbqentertainment.com\/tooted\/"},{"@type":"ListItem","position":3,"name":"Lisatarvikud","item":"https:\/\/bbqentertainment.com\/tootekategooria\/lisatarvikud\/"},{"@type":"ListItem","position":4,"name":"Lisatarvikud Napoleon","item":"https:\/\/bbqentertainment.com\/tootekategooria\/lisatarvikud\/lisatarvikud-napoleon\/"},{"@type":"ListItem","position":5,"name":"Napoleon lapik premium roostevabast grillipuhatushari"}]},{"@type":"WebSite","@id":"https:\/\/bbqentertainment.com\/#website","url":"https:\/\/bbqentertainment.com\/","name":"BBQ Entertainment","description":"BBQ is a great lifestyle, not just fun!","publisher":{"@id":"https:\/\/bbqentertainment.com\/#organization"},"potentialAction":[{"@type":"SearchAction","target":{"@type":"EntryPoint","urlTemplate":"https:\/\/bbqentertainment.com\/?s={search_term_string}"},"query-input":{"@type":"PropertyValueSpecification","valueRequired":true,"valueName":"search_term_string"}}],"inLanguage":"en-US"},{"@type":"Organization","@id":"https:\/\/bbqentertainment.com\/#organization","name":"BBQ Entertainment O\u00dc","url":"https:\/\/bbqentertainment.com\/","logo":{"@type":"ImageObject","inLanguage":"en-US","@id":"https:\/\/bbqentertainment.com\/#\/schema\/logo\/image\/","url":"https:\/\/bbqentertainment.com\/wp-content\/uploads\/2020\/04\/BBQ-Entertainment-N-Catering-Enn-Tobreluts-Logo.png","contentUrl":"https:\/\/bbqentertainment.com\/wp-content\/uploads\/2020\/04\/BBQ-Entertainment-N-Catering-Enn-Tobreluts-Logo.png","width":628,"height":266,"caption":"BBQ Entertainment O\u00dc"},"image":{"@id":"https:\/\/bbqentertainment.com\/#\/schema\/logo\/image\/"},"sameAs":["https:\/\/www.facebook.com\/BBQ-Entertainment-N-Catering-2437913376443540","https:\/\/www.instagram.com\/bbqentertainmentncatering\/","https:\/\/www.youtube.com\/channel\/UCmpuANQVhLy2Md8nrenp2jA"]}]}},"_links":{"self":[{"href":"https:\/\/bbqentertainment.com\/en\/wp-json\/wp\/v2\/product\/257779","targetHints":{"allow":["GET"]}}],"collection":[{"href":"https:\/\/bbqentertainment.com\/en\/wp-json\/wp\/v2\/product"}],"about":[{"href":"https:\/\/bbqentertainment.com\/en\/wp-json\/wp\/v2\/types\/product"}],"wp:featuredmedia":[{"embeddable":true,"href":"https:\/\/bbqentertainment.com\/en\/wp-json\/wp\/v2\/media\/257988"}],"wp:attachment":[{"href":"https:\/\/bbqentertainment.com\/en\/wp-json\/wp\/v2\/media?parent=257779"}],"wp:term":[{"taxonomy":"product_brand","embeddable":true,"href":"https:\/\/bbqentertainment.com\/en\/wp-json\/wp\/v2\/product_brand?post=257779"},{"taxonomy":"product_cat","embeddable":true,"href":"https:\/\/bbqentertainment.com\/en\/wp-json\/wp\/v2\/product_cat?post=257779"},{"taxonomy":"product_tag","embeddable":true,"href":"https:\/\/bbqentertainment.com\/en\/wp-json\/wp\/v2\/product_tag?post=257779"}],"curies":[{"name":"wp","href":"https:\/\/api.w.org\/{rel}","templated":true}]}}