{"id":257780,"date":"2026-03-02T00:47:14","date_gmt":"2026-03-01T22:47:14","guid":{"rendered":"https:\/\/bbqentertainment.com\/?post_type=product&#038;p=257780"},"modified":"2026-04-13T22:10:52","modified_gmt":"2026-04-13T19:10:52","slug":"napoleon-grillipuhastusvahend-grilli-sisepindade-puhastamiseks","status":"publish","type":"product","link":"https:\/\/bbqentertainment.com\/en\/toode\/napoleon-grillipuhastusvahend-grilli-sisepindade-puhastamiseks\/","title":{"rendered":"Napoleon grillipuhastusvahend grilli sisepindade puhastamiseks"},"content":{"rendered":"","protected":false},"excerpt":{"rendered":"<h3>Napoleon grillipuhastusvahend grilli sisepindade puhastamiseks<\/h3>\n<p>Tee grilli sisemus puhtaks ilma liigse vaevata. Napoleon grilli sisepuhastusvahend on m\u00f5eldud rasva ja mustuse eemaldamiseks grilli tulekambrist. See aitab puhastada kiiresti ja t\u00f5husalt, et grill p\u00fcsiks heas korras ja t\u00f6\u00f6taks korralikult.<\/p>\n<p><strong>Kasutusjuhend<\/strong>: kraabi esmalt \u00e4ra suurem rasv ja mustus. Pihusta puhastusvahend tulekambrile. Oota 2\u20133 minutit ja loputa veega, v\u00e4ltides p\u00f5letite otsest loputamist. Seej\u00e4rel p\u00fchi pind puhtaks niiske lapiga.<\/p>\n<p><strong>Ohutussoovitused<\/strong>: transpordi ja hoiusta pudelit p\u00fcstises asendis ja jahedas kohas. Meditsiinilise abi vajadusel hoia toote pakend v\u00f5i etikett k\u00e4ep\u00e4rast. Hoia lastele k\u00e4ttesaamatus kohas.<\/p>\n<p><strong>P\u00f5hiomadused<\/strong><\/p>\n<ul>\n<li>Lahustab mustuse ja rasvaj\u00e4\u00e4gid<\/li>\n<li>Biolagunev<\/li>\n<li>Kasutusvalmis<\/li>\n<\/ul>\n<p><!-- notionvc: 8039b2a2-d8bb-42f6-b47d-5d277ec3dc61 --><\/p>\n","protected":false},"featured_media":257981,"template":"","meta":{"inline_featured_image":false},"product_brand":[],"product_cat":[562],"product_tag":[],"class_list":{"0":"post-257780","1":"product","2":"type-product","3":"status-publish","4":"has-post-thumbnail","6":"product_cat-lisatarvikud-napoleon","8":"first","9":"instock","10":"taxable","11":"shipping-taxable","12":"purchasable","13":"product-type-simple"},"yoast_head":"<!-- This site is optimized with the Yoast SEO plugin v27.4 - https:\/\/yoast.com\/product\/yoast-seo-wordpress\/ -->\n<title>Napoleon grillipuhastusvahend grilli sisepindade puhastamiseks - BBQ Entertainment<\/title>\n<meta name=\"robots\" content=\"index, follow, max-snippet:-1, max-image-preview:large, max-video-preview:-1\" \/>\n<link rel=\"canonical\" href=\"https:\/\/bbqentertainment.com\/toode\/napoleon-grillipuhastusvahend-grilli-sisepindade-puhastamiseks\/\" \/>\n<meta property=\"og:locale\" content=\"en_US\" \/>\n<meta property=\"og:type\" content=\"article\" \/>\n<meta property=\"og:title\" content=\"Napoleon grillipuhastusvahend grilli sisepindade puhastamiseks - BBQ Entertainment\" \/>\n<meta property=\"og:description\" content=\"Napoleon grillipuhastusvahend grilli sisepindade puhastamiseks Tee grilli sisemus puhtaks ilma liigse vaevata. Napoleon grilli sisepuhastusvahend on m\u00f5eldud rasva ja mustuse eemaldamiseks grilli tulekambrist. See aitab puhastada kiiresti ja t\u00f5husalt, et grill p\u00fcsiks heas korras ja t\u00f6\u00f6taks korralikult.  Kasutusjuhend: kraabi esmalt \u00e4ra suurem rasv ja mustus. Pihusta puhastusvahend tulekambrile. Oota 2\u20133 minutit ja loputa veega, v\u00e4ltides p\u00f5letite otsest loputamist. Seej\u00e4rel p\u00fchi pind puhtaks niiske lapiga.  Ohutussoovitused: transpordi ja hoiusta pudelit p\u00fcstises asendis ja jahedas kohas. Meditsiinilise abi vajadusel hoia toote pakend v\u00f5i etikett k\u00e4ep\u00e4rast. Hoia lastele k\u00e4ttesaamatus kohas.  P\u00f5hiomadused   Lahustab mustuse ja rasvaj\u00e4\u00e4gid  Biolagunev  Kasutusvalmis\" \/>\n<meta property=\"og:url\" content=\"https:\/\/bbqentertainment.com\/toode\/napoleon-grillipuhastusvahend-grilli-sisepindade-puhastamiseks\/\" \/>\n<meta property=\"og:site_name\" content=\"BBQ Entertainment\" \/>\n<meta property=\"article:publisher\" content=\"https:\/\/www.facebook.com\/BBQ-Entertainment-N-Catering-2437913376443540\" \/>\n<meta property=\"article:modified_time\" content=\"2026-04-13T19:10:52+00:00\" \/>\n<meta property=\"og:image\" content=\"https:\/\/bbqentertainment.com\/wp-content\/uploads\/2026\/03\/10243-Web-Gallery-01-10243-JPG-01-1.jpg\" \/>\n\t<meta property=\"og:image:width\" content=\"900\" \/>\n\t<meta property=\"og:image:height\" content=\"900\" \/>\n\t<meta property=\"og:image:type\" content=\"image\/jpeg\" \/>\n<meta name=\"twitter:card\" content=\"summary_large_image\" \/>\n<script type=\"application\/ld+json\" class=\"yoast-schema-graph\">{\"@context\":\"https:\\\/\\\/schema.org\",\"@graph\":[{\"@type\":[\"WebPage\",\"ItemPage\"],\"@id\":\"https:\\\/\\\/bbqentertainment.com\\\/toode\\\/napoleon-grillipuhastusvahend-grilli-sisepindade-puhastamiseks\\\/\",\"url\":\"https:\\\/\\\/bbqentertainment.com\\\/toode\\\/napoleon-grillipuhastusvahend-grilli-sisepindade-puhastamiseks\\\/\",\"name\":\"Napoleon grillipuhastusvahend grilli sisepindade puhastamiseks - BBQ Entertainment\",\"isPartOf\":{\"@id\":\"https:\\\/\\\/bbqentertainment.com\\\/#website\"},\"primaryImageOfPage\":{\"@id\":\"https:\\\/\\\/bbqentertainment.com\\\/toode\\\/napoleon-grillipuhastusvahend-grilli-sisepindade-puhastamiseks\\\/#primaryimage\"},\"image\":{\"@id\":\"https:\\\/\\\/bbqentertainment.com\\\/toode\\\/napoleon-grillipuhastusvahend-grilli-sisepindade-puhastamiseks\\\/#primaryimage\"},\"thumbnailUrl\":\"https:\\\/\\\/bbqentertainment.com\\\/wp-content\\\/uploads\\\/2026\\\/03\\\/10243-Web-Gallery-01-10243-JPG-01-1.jpg\",\"datePublished\":\"2026-03-01T22:47:14+00:00\",\"dateModified\":\"2026-04-13T19:10:52+00:00\",\"breadcrumb\":{\"@id\":\"https:\\\/\\\/bbqentertainment.com\\\/toode\\\/napoleon-grillipuhastusvahend-grilli-sisepindade-puhastamiseks\\\/#breadcrumb\"},\"inLanguage\":\"en-US\",\"potentialAction\":[{\"@type\":\"ReadAction\",\"target\":[\"https:\\\/\\\/bbqentertainment.com\\\/toode\\\/napoleon-grillipuhastusvahend-grilli-sisepindade-puhastamiseks\\\/\"]}]},{\"@type\":\"ImageObject\",\"inLanguage\":\"en-US\",\"@id\":\"https:\\\/\\\/bbqentertainment.com\\\/toode\\\/napoleon-grillipuhastusvahend-grilli-sisepindade-puhastamiseks\\\/#primaryimage\",\"url\":\"https:\\\/\\\/bbqentertainment.com\\\/wp-content\\\/uploads\\\/2026\\\/03\\\/10243-Web-Gallery-01-10243-JPG-01-1.jpg\",\"contentUrl\":\"https:\\\/\\\/bbqentertainment.com\\\/wp-content\\\/uploads\\\/2026\\\/03\\\/10243-Web-Gallery-01-10243-JPG-01-1.jpg\",\"width\":900,\"height\":900},{\"@type\":\"BreadcrumbList\",\"@id\":\"https:\\\/\\\/bbqentertainment.com\\\/toode\\\/napoleon-grillipuhastusvahend-grilli-sisepindade-puhastamiseks\\\/#breadcrumb\",\"itemListElement\":[{\"@type\":\"ListItem\",\"position\":1,\"name\":\"AVALEHT\",\"item\":\"https:\\\/\\\/bbqentertainment.com\\\/en\\\/\"},{\"@type\":\"ListItem\",\"position\":2,\"name\":\"Tooted\",\"item\":\"https:\\\/\\\/bbqentertainment.com\\\/tooted\\\/\"},{\"@type\":\"ListItem\",\"position\":3,\"name\":\"Lisatarvikud\",\"item\":\"https:\\\/\\\/bbqentertainment.com\\\/tootekategooria\\\/lisatarvikud\\\/\"},{\"@type\":\"ListItem\",\"position\":4,\"name\":\"Lisatarvikud Napoleon\",\"item\":\"https:\\\/\\\/bbqentertainment.com\\\/tootekategooria\\\/lisatarvikud\\\/lisatarvikud-napoleon\\\/\"},{\"@type\":\"ListItem\",\"position\":5,\"name\":\"Napoleon grillipuhastusvahend grilli sisepindade puhastamiseks\"}]},{\"@type\":\"WebSite\",\"@id\":\"https:\\\/\\\/bbqentertainment.com\\\/#website\",\"url\":\"https:\\\/\\\/bbqentertainment.com\\\/\",\"name\":\"BBQ Entertainment\",\"description\":\"BBQ is a great lifestyle, not just fun!\",\"publisher\":{\"@id\":\"https:\\\/\\\/bbqentertainment.com\\\/#organization\"},\"potentialAction\":[{\"@type\":\"SearchAction\",\"target\":{\"@type\":\"EntryPoint\",\"urlTemplate\":\"https:\\\/\\\/bbqentertainment.com\\\/?s={search_term_string}\"},\"query-input\":{\"@type\":\"PropertyValueSpecification\",\"valueRequired\":true,\"valueName\":\"search_term_string\"}}],\"inLanguage\":\"en-US\"},{\"@type\":\"Organization\",\"@id\":\"https:\\\/\\\/bbqentertainment.com\\\/#organization\",\"name\":\"BBQ Entertainment O\u00dc\",\"url\":\"https:\\\/\\\/bbqentertainment.com\\\/\",\"logo\":{\"@type\":\"ImageObject\",\"inLanguage\":\"en-US\",\"@id\":\"https:\\\/\\\/bbqentertainment.com\\\/#\\\/schema\\\/logo\\\/image\\\/\",\"url\":\"https:\\\/\\\/bbqentertainment.com\\\/wp-content\\\/uploads\\\/2020\\\/04\\\/BBQ-Entertainment-N-Catering-Enn-Tobreluts-Logo.png\",\"contentUrl\":\"https:\\\/\\\/bbqentertainment.com\\\/wp-content\\\/uploads\\\/2020\\\/04\\\/BBQ-Entertainment-N-Catering-Enn-Tobreluts-Logo.png\",\"width\":628,\"height\":266,\"caption\":\"BBQ Entertainment O\u00dc\"},\"image\":{\"@id\":\"https:\\\/\\\/bbqentertainment.com\\\/#\\\/schema\\\/logo\\\/image\\\/\"},\"sameAs\":[\"https:\\\/\\\/www.facebook.com\\\/BBQ-Entertainment-N-Catering-2437913376443540\",\"https:\\\/\\\/www.instagram.com\\\/bbqentertainmentncatering\\\/\",\"https:\\\/\\\/www.youtube.com\\\/channel\\\/UCmpuANQVhLy2Md8nrenp2jA\"]}]}<\/script>\n<!-- \/ Yoast SEO plugin. -->","yoast_head_json":{"title":"Napoleon grillipuhastusvahend grilli sisepindade puhastamiseks - BBQ Entertainment","robots":{"index":"index","follow":"follow","max-snippet":"max-snippet:-1","max-image-preview":"max-image-preview:large","max-video-preview":"max-video-preview:-1"},"canonical":"https:\/\/bbqentertainment.com\/toode\/napoleon-grillipuhastusvahend-grilli-sisepindade-puhastamiseks\/","og_locale":"en_US","og_type":"article","og_title":"Napoleon grillipuhastusvahend grilli sisepindade puhastamiseks - BBQ Entertainment","og_description":"Napoleon grillipuhastusvahend grilli sisepindade puhastamiseks Tee grilli sisemus puhtaks ilma liigse vaevata. Napoleon grilli sisepuhastusvahend on m\u00f5eldud rasva ja mustuse eemaldamiseks grilli tulekambrist. See aitab puhastada kiiresti ja t\u00f5husalt, et grill p\u00fcsiks heas korras ja t\u00f6\u00f6taks korralikult.  Kasutusjuhend: kraabi esmalt \u00e4ra suurem rasv ja mustus. Pihusta puhastusvahend tulekambrile. Oota 2\u20133 minutit ja loputa veega, v\u00e4ltides p\u00f5letite otsest loputamist. Seej\u00e4rel p\u00fchi pind puhtaks niiske lapiga.  Ohutussoovitused: transpordi ja hoiusta pudelit p\u00fcstises asendis ja jahedas kohas. Meditsiinilise abi vajadusel hoia toote pakend v\u00f5i etikett k\u00e4ep\u00e4rast. Hoia lastele k\u00e4ttesaamatus kohas.  P\u00f5hiomadused   Lahustab mustuse ja rasvaj\u00e4\u00e4gid  Biolagunev  Kasutusvalmis","og_url":"https:\/\/bbqentertainment.com\/toode\/napoleon-grillipuhastusvahend-grilli-sisepindade-puhastamiseks\/","og_site_name":"BBQ Entertainment","article_publisher":"https:\/\/www.facebook.com\/BBQ-Entertainment-N-Catering-2437913376443540","article_modified_time":"2026-04-13T19:10:52+00:00","og_image":[{"width":900,"height":900,"url":"https:\/\/bbqentertainment.com\/wp-content\/uploads\/2026\/03\/10243-Web-Gallery-01-10243-JPG-01-1.jpg","type":"image\/jpeg"}],"twitter_card":"summary_large_image","schema":{"@context":"https:\/\/schema.org","@graph":[{"@type":["WebPage","ItemPage"],"@id":"https:\/\/bbqentertainment.com\/toode\/napoleon-grillipuhastusvahend-grilli-sisepindade-puhastamiseks\/","url":"https:\/\/bbqentertainment.com\/toode\/napoleon-grillipuhastusvahend-grilli-sisepindade-puhastamiseks\/","name":"Napoleon grillipuhastusvahend grilli sisepindade puhastamiseks - BBQ Entertainment","isPartOf":{"@id":"https:\/\/bbqentertainment.com\/#website"},"primaryImageOfPage":{"@id":"https:\/\/bbqentertainment.com\/toode\/napoleon-grillipuhastusvahend-grilli-sisepindade-puhastamiseks\/#primaryimage"},"image":{"@id":"https:\/\/bbqentertainment.com\/toode\/napoleon-grillipuhastusvahend-grilli-sisepindade-puhastamiseks\/#primaryimage"},"thumbnailUrl":"https:\/\/bbqentertainment.com\/wp-content\/uploads\/2026\/03\/10243-Web-Gallery-01-10243-JPG-01-1.jpg","datePublished":"2026-03-01T22:47:14+00:00","dateModified":"2026-04-13T19:10:52+00:00","breadcrumb":{"@id":"https:\/\/bbqentertainment.com\/toode\/napoleon-grillipuhastusvahend-grilli-sisepindade-puhastamiseks\/#breadcrumb"},"inLanguage":"en-US","potentialAction":[{"@type":"ReadAction","target":["https:\/\/bbqentertainment.com\/toode\/napoleon-grillipuhastusvahend-grilli-sisepindade-puhastamiseks\/"]}]},{"@type":"ImageObject","inLanguage":"en-US","@id":"https:\/\/bbqentertainment.com\/toode\/napoleon-grillipuhastusvahend-grilli-sisepindade-puhastamiseks\/#primaryimage","url":"https:\/\/bbqentertainment.com\/wp-content\/uploads\/2026\/03\/10243-Web-Gallery-01-10243-JPG-01-1.jpg","contentUrl":"https:\/\/bbqentertainment.com\/wp-content\/uploads\/2026\/03\/10243-Web-Gallery-01-10243-JPG-01-1.jpg","width":900,"height":900},{"@type":"BreadcrumbList","@id":"https:\/\/bbqentertainment.com\/toode\/napoleon-grillipuhastusvahend-grilli-sisepindade-puhastamiseks\/#breadcrumb","itemListElement":[{"@type":"ListItem","position":1,"name":"AVALEHT","item":"https:\/\/bbqentertainment.com\/en\/"},{"@type":"ListItem","position":2,"name":"Tooted","item":"https:\/\/bbqentertainment.com\/tooted\/"},{"@type":"ListItem","position":3,"name":"Lisatarvikud","item":"https:\/\/bbqentertainment.com\/tootekategooria\/lisatarvikud\/"},{"@type":"ListItem","position":4,"name":"Lisatarvikud Napoleon","item":"https:\/\/bbqentertainment.com\/tootekategooria\/lisatarvikud\/lisatarvikud-napoleon\/"},{"@type":"ListItem","position":5,"name":"Napoleon grillipuhastusvahend grilli sisepindade puhastamiseks"}]},{"@type":"WebSite","@id":"https:\/\/bbqentertainment.com\/#website","url":"https:\/\/bbqentertainment.com\/","name":"BBQ Entertainment","description":"BBQ is a great lifestyle, not just fun!","publisher":{"@id":"https:\/\/bbqentertainment.com\/#organization"},"potentialAction":[{"@type":"SearchAction","target":{"@type":"EntryPoint","urlTemplate":"https:\/\/bbqentertainment.com\/?s={search_term_string}"},"query-input":{"@type":"PropertyValueSpecification","valueRequired":true,"valueName":"search_term_string"}}],"inLanguage":"en-US"},{"@type":"Organization","@id":"https:\/\/bbqentertainment.com\/#organization","name":"BBQ Entertainment O\u00dc","url":"https:\/\/bbqentertainment.com\/","logo":{"@type":"ImageObject","inLanguage":"en-US","@id":"https:\/\/bbqentertainment.com\/#\/schema\/logo\/image\/","url":"https:\/\/bbqentertainment.com\/wp-content\/uploads\/2020\/04\/BBQ-Entertainment-N-Catering-Enn-Tobreluts-Logo.png","contentUrl":"https:\/\/bbqentertainment.com\/wp-content\/uploads\/2020\/04\/BBQ-Entertainment-N-Catering-Enn-Tobreluts-Logo.png","width":628,"height":266,"caption":"BBQ Entertainment O\u00dc"},"image":{"@id":"https:\/\/bbqentertainment.com\/#\/schema\/logo\/image\/"},"sameAs":["https:\/\/www.facebook.com\/BBQ-Entertainment-N-Catering-2437913376443540","https:\/\/www.instagram.com\/bbqentertainmentncatering\/","https:\/\/www.youtube.com\/channel\/UCmpuANQVhLy2Md8nrenp2jA"]}]}},"_links":{"self":[{"href":"https:\/\/bbqentertainment.com\/en\/wp-json\/wp\/v2\/product\/257780","targetHints":{"allow":["GET"]}}],"collection":[{"href":"https:\/\/bbqentertainment.com\/en\/wp-json\/wp\/v2\/product"}],"about":[{"href":"https:\/\/bbqentertainment.com\/en\/wp-json\/wp\/v2\/types\/product"}],"wp:featuredmedia":[{"embeddable":true,"href":"https:\/\/bbqentertainment.com\/en\/wp-json\/wp\/v2\/media\/257981"}],"wp:attachment":[{"href":"https:\/\/bbqentertainment.com\/en\/wp-json\/wp\/v2\/media?parent=257780"}],"wp:term":[{"taxonomy":"product_brand","embeddable":true,"href":"https:\/\/bbqentertainment.com\/en\/wp-json\/wp\/v2\/product_brand?post=257780"},{"taxonomy":"product_cat","embeddable":true,"href":"https:\/\/bbqentertainment.com\/en\/wp-json\/wp\/v2\/product_cat?post=257780"},{"taxonomy":"product_tag","embeddable":true,"href":"https:\/\/bbqentertainment.com\/en\/wp-json\/wp\/v2\/product_tag?post=257780"}],"curies":[{"name":"wp","href":"https:\/\/api.w.org\/{rel}","templated":true}]}}