{"id":257782,"date":"2026-03-02T00:47:15","date_gmt":"2026-03-01T22:47:15","guid":{"rendered":"https:\/\/bbqentertainment.com\/?post_type=product&#038;p=257782"},"modified":"2026-04-13T21:41:47","modified_gmt":"2026-04-13T18:41:47","slug":"napoleon-grillipuhastusvahend-emailkattega-grillide-puhastamiseks","status":"publish","type":"product","link":"https:\/\/bbqentertainment.com\/en\/toode\/napoleon-grillipuhastusvahend-emailkattega-grillide-puhastamiseks\/","title":{"rendered":"Napoleon grillipuhastusvahend emailkattega grillide puhastamiseks"},"content":{"rendered":"","protected":false},"excerpt":{"rendered":"<h3>Napoleon grillipuhastusvahend emailkattega grillide puhastamiseks<\/h3>\n<p>Puhasta oma Napoleon grill lihtsalt ja t\u00f5husalt. Napoleon emailpindade puhastusvahend on loodud grilli v\u00e4lispindade kiireks puhastamiseks ning sobib kasutamiseks k\u00f5igil mudelitel, sh musta, halli ja Phantom-viimistlusega grillidel. Regulaarne puhastus aitab hoida grilli v\u00e4limuse korrektse ja viimistluse \u00fchtlase.<\/p>\n<p><strong>Kasutusjuhend<\/strong>: pihusta puhastusvahend grilli v\u00e4lispinnale. Oota 2\u20133 minutit. Loputa hoolikalt ning p\u00fchi pind puhtaks pehme mikrokiudlapiga, et saavutada \u00fchtlane ja puhas tulemus.<\/p>\n<p><strong>Ohutussoovitused<\/strong>: transpordi ja hoiusta pudelit p\u00fcstises asendis ja jahedas kohas. Meditsiinilise abi vajadusel hoia toote pakend v\u00f5i etikett k\u00e4ep\u00e4rast. Hoia lastele k\u00e4ttesaamatus kohas.<\/p>\n<p><strong>P\u00f5hiomadused<\/strong><\/p>\n<p>&#8211; J\u00e4tab triipudeta ja plekivaba tulemuse<br \/>\n&#8211; Lihtne peale kanda<br \/>\n&#8211; Kasutusvalmis<\/p>\n","protected":false},"featured_media":257976,"template":"","meta":{"inline_featured_image":false},"product_brand":[],"product_cat":[562],"product_tag":[],"class_list":{"0":"post-257782","1":"product","2":"type-product","3":"status-publish","4":"has-post-thumbnail","6":"product_cat-lisatarvikud-napoleon","8":"first","9":"instock","10":"taxable","11":"shipping-taxable","12":"purchasable","13":"product-type-simple"},"yoast_head":"<!-- This site is optimized with the Yoast SEO plugin v27.4 - https:\/\/yoast.com\/product\/yoast-seo-wordpress\/ -->\n<title>Napoleon grillipuhastusvahend emailkattega grillide puhastamiseks - BBQ Entertainment<\/title>\n<meta name=\"robots\" content=\"index, follow, max-snippet:-1, max-image-preview:large, max-video-preview:-1\" \/>\n<link rel=\"canonical\" href=\"https:\/\/bbqentertainment.com\/toode\/napoleon-grillipuhastusvahend-emailkattega-grillide-puhastamiseks\/\" \/>\n<meta property=\"og:locale\" content=\"en_US\" \/>\n<meta property=\"og:type\" content=\"article\" \/>\n<meta property=\"og:title\" content=\"Napoleon grillipuhastusvahend emailkattega grillide puhastamiseks - BBQ Entertainment\" \/>\n<meta property=\"og:description\" content=\"Napoleon grillipuhastusvahend emailkattega grillide puhastamiseks Puhasta oma Napoleon grill lihtsalt ja t\u00f5husalt. Napoleon emailpindade puhastusvahend on loodud grilli v\u00e4lispindade kiireks puhastamiseks ning sobib kasutamiseks k\u00f5igil mudelitel, sh musta, halli ja Phantom-viimistlusega grillidel. Regulaarne puhastus aitab hoida grilli v\u00e4limuse korrektse ja viimistluse \u00fchtlase.  Kasutusjuhend: pihusta puhastusvahend grilli v\u00e4lispinnale. Oota 2\u20133 minutit. Loputa hoolikalt ning p\u00fchi pind puhtaks pehme mikrokiudlapiga, et saavutada \u00fchtlane ja puhas tulemus.  Ohutussoovitused: transpordi ja hoiusta pudelit p\u00fcstises asendis ja jahedas kohas. Meditsiinilise abi vajadusel hoia toote pakend v\u00f5i etikett k\u00e4ep\u00e4rast. Hoia lastele k\u00e4ttesaamatus kohas.  P\u00f5hiomadused  - J\u00e4tab triipudeta ja plekivaba tulemuse - Lihtne peale kanda - Kasutusvalmis\" \/>\n<meta property=\"og:url\" content=\"https:\/\/bbqentertainment.com\/toode\/napoleon-grillipuhastusvahend-emailkattega-grillide-puhastamiseks\/\" \/>\n<meta property=\"og:site_name\" content=\"BBQ Entertainment\" \/>\n<meta property=\"article:publisher\" content=\"https:\/\/www.facebook.com\/BBQ-Entertainment-N-Catering-2437913376443540\" \/>\n<meta property=\"article:modified_time\" content=\"2026-04-13T18:41:47+00:00\" \/>\n<meta property=\"og:image\" content=\"https:\/\/bbqentertainment.com\/wp-content\/uploads\/2026\/03\/10243-Web-Gallery-01-10243-JPG-01.jpg\" \/>\n\t<meta property=\"og:image:width\" content=\"900\" \/>\n\t<meta property=\"og:image:height\" content=\"900\" \/>\n\t<meta property=\"og:image:type\" content=\"image\/jpeg\" \/>\n<meta name=\"twitter:card\" content=\"summary_large_image\" \/>\n<script type=\"application\/ld+json\" class=\"yoast-schema-graph\">{\"@context\":\"https:\\\/\\\/schema.org\",\"@graph\":[{\"@type\":[\"WebPage\",\"ItemPage\"],\"@id\":\"https:\\\/\\\/bbqentertainment.com\\\/toode\\\/napoleon-grillipuhastusvahend-emailkattega-grillide-puhastamiseks\\\/\",\"url\":\"https:\\\/\\\/bbqentertainment.com\\\/toode\\\/napoleon-grillipuhastusvahend-emailkattega-grillide-puhastamiseks\\\/\",\"name\":\"Napoleon grillipuhastusvahend emailkattega grillide puhastamiseks - BBQ Entertainment\",\"isPartOf\":{\"@id\":\"https:\\\/\\\/bbqentertainment.com\\\/#website\"},\"primaryImageOfPage\":{\"@id\":\"https:\\\/\\\/bbqentertainment.com\\\/toode\\\/napoleon-grillipuhastusvahend-emailkattega-grillide-puhastamiseks\\\/#primaryimage\"},\"image\":{\"@id\":\"https:\\\/\\\/bbqentertainment.com\\\/toode\\\/napoleon-grillipuhastusvahend-emailkattega-grillide-puhastamiseks\\\/#primaryimage\"},\"thumbnailUrl\":\"https:\\\/\\\/bbqentertainment.com\\\/wp-content\\\/uploads\\\/2026\\\/03\\\/10243-Web-Gallery-01-10243-JPG-01.jpg\",\"datePublished\":\"2026-03-01T22:47:15+00:00\",\"dateModified\":\"2026-04-13T18:41:47+00:00\",\"breadcrumb\":{\"@id\":\"https:\\\/\\\/bbqentertainment.com\\\/toode\\\/napoleon-grillipuhastusvahend-emailkattega-grillide-puhastamiseks\\\/#breadcrumb\"},\"inLanguage\":\"en-US\",\"potentialAction\":[{\"@type\":\"ReadAction\",\"target\":[\"https:\\\/\\\/bbqentertainment.com\\\/toode\\\/napoleon-grillipuhastusvahend-emailkattega-grillide-puhastamiseks\\\/\"]}]},{\"@type\":\"ImageObject\",\"inLanguage\":\"en-US\",\"@id\":\"https:\\\/\\\/bbqentertainment.com\\\/toode\\\/napoleon-grillipuhastusvahend-emailkattega-grillide-puhastamiseks\\\/#primaryimage\",\"url\":\"https:\\\/\\\/bbqentertainment.com\\\/wp-content\\\/uploads\\\/2026\\\/03\\\/10243-Web-Gallery-01-10243-JPG-01.jpg\",\"contentUrl\":\"https:\\\/\\\/bbqentertainment.com\\\/wp-content\\\/uploads\\\/2026\\\/03\\\/10243-Web-Gallery-01-10243-JPG-01.jpg\",\"width\":900,\"height\":900},{\"@type\":\"BreadcrumbList\",\"@id\":\"https:\\\/\\\/bbqentertainment.com\\\/toode\\\/napoleon-grillipuhastusvahend-emailkattega-grillide-puhastamiseks\\\/#breadcrumb\",\"itemListElement\":[{\"@type\":\"ListItem\",\"position\":1,\"name\":\"AVALEHT\",\"item\":\"https:\\\/\\\/bbqentertainment.com\\\/en\\\/\"},{\"@type\":\"ListItem\",\"position\":2,\"name\":\"Tooted\",\"item\":\"https:\\\/\\\/bbqentertainment.com\\\/tooted\\\/\"},{\"@type\":\"ListItem\",\"position\":3,\"name\":\"Lisatarvikud\",\"item\":\"https:\\\/\\\/bbqentertainment.com\\\/tootekategooria\\\/lisatarvikud\\\/\"},{\"@type\":\"ListItem\",\"position\":4,\"name\":\"Lisatarvikud Napoleon\",\"item\":\"https:\\\/\\\/bbqentertainment.com\\\/tootekategooria\\\/lisatarvikud\\\/lisatarvikud-napoleon\\\/\"},{\"@type\":\"ListItem\",\"position\":5,\"name\":\"Napoleon grillipuhastusvahend emailkattega grillide puhastamiseks\"}]},{\"@type\":\"WebSite\",\"@id\":\"https:\\\/\\\/bbqentertainment.com\\\/#website\",\"url\":\"https:\\\/\\\/bbqentertainment.com\\\/\",\"name\":\"BBQ Entertainment\",\"description\":\"BBQ is a great lifestyle, not just fun!\",\"publisher\":{\"@id\":\"https:\\\/\\\/bbqentertainment.com\\\/#organization\"},\"potentialAction\":[{\"@type\":\"SearchAction\",\"target\":{\"@type\":\"EntryPoint\",\"urlTemplate\":\"https:\\\/\\\/bbqentertainment.com\\\/?s={search_term_string}\"},\"query-input\":{\"@type\":\"PropertyValueSpecification\",\"valueRequired\":true,\"valueName\":\"search_term_string\"}}],\"inLanguage\":\"en-US\"},{\"@type\":\"Organization\",\"@id\":\"https:\\\/\\\/bbqentertainment.com\\\/#organization\",\"name\":\"BBQ Entertainment O\u00dc\",\"url\":\"https:\\\/\\\/bbqentertainment.com\\\/\",\"logo\":{\"@type\":\"ImageObject\",\"inLanguage\":\"en-US\",\"@id\":\"https:\\\/\\\/bbqentertainment.com\\\/#\\\/schema\\\/logo\\\/image\\\/\",\"url\":\"https:\\\/\\\/bbqentertainment.com\\\/wp-content\\\/uploads\\\/2020\\\/04\\\/BBQ-Entertainment-N-Catering-Enn-Tobreluts-Logo.png\",\"contentUrl\":\"https:\\\/\\\/bbqentertainment.com\\\/wp-content\\\/uploads\\\/2020\\\/04\\\/BBQ-Entertainment-N-Catering-Enn-Tobreluts-Logo.png\",\"width\":628,\"height\":266,\"caption\":\"BBQ Entertainment O\u00dc\"},\"image\":{\"@id\":\"https:\\\/\\\/bbqentertainment.com\\\/#\\\/schema\\\/logo\\\/image\\\/\"},\"sameAs\":[\"https:\\\/\\\/www.facebook.com\\\/BBQ-Entertainment-N-Catering-2437913376443540\",\"https:\\\/\\\/www.instagram.com\\\/bbqentertainmentncatering\\\/\",\"https:\\\/\\\/www.youtube.com\\\/channel\\\/UCmpuANQVhLy2Md8nrenp2jA\"]}]}<\/script>\n<!-- \/ Yoast SEO plugin. -->","yoast_head_json":{"title":"Napoleon grillipuhastusvahend emailkattega grillide puhastamiseks - BBQ Entertainment","robots":{"index":"index","follow":"follow","max-snippet":"max-snippet:-1","max-image-preview":"max-image-preview:large","max-video-preview":"max-video-preview:-1"},"canonical":"https:\/\/bbqentertainment.com\/toode\/napoleon-grillipuhastusvahend-emailkattega-grillide-puhastamiseks\/","og_locale":"en_US","og_type":"article","og_title":"Napoleon grillipuhastusvahend emailkattega grillide puhastamiseks - BBQ Entertainment","og_description":"Napoleon grillipuhastusvahend emailkattega grillide puhastamiseks Puhasta oma Napoleon grill lihtsalt ja t\u00f5husalt. Napoleon emailpindade puhastusvahend on loodud grilli v\u00e4lispindade kiireks puhastamiseks ning sobib kasutamiseks k\u00f5igil mudelitel, sh musta, halli ja Phantom-viimistlusega grillidel. Regulaarne puhastus aitab hoida grilli v\u00e4limuse korrektse ja viimistluse \u00fchtlase.  Kasutusjuhend: pihusta puhastusvahend grilli v\u00e4lispinnale. Oota 2\u20133 minutit. Loputa hoolikalt ning p\u00fchi pind puhtaks pehme mikrokiudlapiga, et saavutada \u00fchtlane ja puhas tulemus.  Ohutussoovitused: transpordi ja hoiusta pudelit p\u00fcstises asendis ja jahedas kohas. Meditsiinilise abi vajadusel hoia toote pakend v\u00f5i etikett k\u00e4ep\u00e4rast. Hoia lastele k\u00e4ttesaamatus kohas.  P\u00f5hiomadused  - J\u00e4tab triipudeta ja plekivaba tulemuse - Lihtne peale kanda - Kasutusvalmis","og_url":"https:\/\/bbqentertainment.com\/toode\/napoleon-grillipuhastusvahend-emailkattega-grillide-puhastamiseks\/","og_site_name":"BBQ Entertainment","article_publisher":"https:\/\/www.facebook.com\/BBQ-Entertainment-N-Catering-2437913376443540","article_modified_time":"2026-04-13T18:41:47+00:00","og_image":[{"width":900,"height":900,"url":"https:\/\/bbqentertainment.com\/wp-content\/uploads\/2026\/03\/10243-Web-Gallery-01-10243-JPG-01.jpg","type":"image\/jpeg"}],"twitter_card":"summary_large_image","schema":{"@context":"https:\/\/schema.org","@graph":[{"@type":["WebPage","ItemPage"],"@id":"https:\/\/bbqentertainment.com\/toode\/napoleon-grillipuhastusvahend-emailkattega-grillide-puhastamiseks\/","url":"https:\/\/bbqentertainment.com\/toode\/napoleon-grillipuhastusvahend-emailkattega-grillide-puhastamiseks\/","name":"Napoleon grillipuhastusvahend emailkattega grillide puhastamiseks - BBQ Entertainment","isPartOf":{"@id":"https:\/\/bbqentertainment.com\/#website"},"primaryImageOfPage":{"@id":"https:\/\/bbqentertainment.com\/toode\/napoleon-grillipuhastusvahend-emailkattega-grillide-puhastamiseks\/#primaryimage"},"image":{"@id":"https:\/\/bbqentertainment.com\/toode\/napoleon-grillipuhastusvahend-emailkattega-grillide-puhastamiseks\/#primaryimage"},"thumbnailUrl":"https:\/\/bbqentertainment.com\/wp-content\/uploads\/2026\/03\/10243-Web-Gallery-01-10243-JPG-01.jpg","datePublished":"2026-03-01T22:47:15+00:00","dateModified":"2026-04-13T18:41:47+00:00","breadcrumb":{"@id":"https:\/\/bbqentertainment.com\/toode\/napoleon-grillipuhastusvahend-emailkattega-grillide-puhastamiseks\/#breadcrumb"},"inLanguage":"en-US","potentialAction":[{"@type":"ReadAction","target":["https:\/\/bbqentertainment.com\/toode\/napoleon-grillipuhastusvahend-emailkattega-grillide-puhastamiseks\/"]}]},{"@type":"ImageObject","inLanguage":"en-US","@id":"https:\/\/bbqentertainment.com\/toode\/napoleon-grillipuhastusvahend-emailkattega-grillide-puhastamiseks\/#primaryimage","url":"https:\/\/bbqentertainment.com\/wp-content\/uploads\/2026\/03\/10243-Web-Gallery-01-10243-JPG-01.jpg","contentUrl":"https:\/\/bbqentertainment.com\/wp-content\/uploads\/2026\/03\/10243-Web-Gallery-01-10243-JPG-01.jpg","width":900,"height":900},{"@type":"BreadcrumbList","@id":"https:\/\/bbqentertainment.com\/toode\/napoleon-grillipuhastusvahend-emailkattega-grillide-puhastamiseks\/#breadcrumb","itemListElement":[{"@type":"ListItem","position":1,"name":"AVALEHT","item":"https:\/\/bbqentertainment.com\/en\/"},{"@type":"ListItem","position":2,"name":"Tooted","item":"https:\/\/bbqentertainment.com\/tooted\/"},{"@type":"ListItem","position":3,"name":"Lisatarvikud","item":"https:\/\/bbqentertainment.com\/tootekategooria\/lisatarvikud\/"},{"@type":"ListItem","position":4,"name":"Lisatarvikud Napoleon","item":"https:\/\/bbqentertainment.com\/tootekategooria\/lisatarvikud\/lisatarvikud-napoleon\/"},{"@type":"ListItem","position":5,"name":"Napoleon grillipuhastusvahend emailkattega grillide puhastamiseks"}]},{"@type":"WebSite","@id":"https:\/\/bbqentertainment.com\/#website","url":"https:\/\/bbqentertainment.com\/","name":"BBQ Entertainment","description":"BBQ is a great lifestyle, not just fun!","publisher":{"@id":"https:\/\/bbqentertainment.com\/#organization"},"potentialAction":[{"@type":"SearchAction","target":{"@type":"EntryPoint","urlTemplate":"https:\/\/bbqentertainment.com\/?s={search_term_string}"},"query-input":{"@type":"PropertyValueSpecification","valueRequired":true,"valueName":"search_term_string"}}],"inLanguage":"en-US"},{"@type":"Organization","@id":"https:\/\/bbqentertainment.com\/#organization","name":"BBQ Entertainment O\u00dc","url":"https:\/\/bbqentertainment.com\/","logo":{"@type":"ImageObject","inLanguage":"en-US","@id":"https:\/\/bbqentertainment.com\/#\/schema\/logo\/image\/","url":"https:\/\/bbqentertainment.com\/wp-content\/uploads\/2020\/04\/BBQ-Entertainment-N-Catering-Enn-Tobreluts-Logo.png","contentUrl":"https:\/\/bbqentertainment.com\/wp-content\/uploads\/2020\/04\/BBQ-Entertainment-N-Catering-Enn-Tobreluts-Logo.png","width":628,"height":266,"caption":"BBQ Entertainment O\u00dc"},"image":{"@id":"https:\/\/bbqentertainment.com\/#\/schema\/logo\/image\/"},"sameAs":["https:\/\/www.facebook.com\/BBQ-Entertainment-N-Catering-2437913376443540","https:\/\/www.instagram.com\/bbqentertainmentncatering\/","https:\/\/www.youtube.com\/channel\/UCmpuANQVhLy2Md8nrenp2jA"]}]}},"_links":{"self":[{"href":"https:\/\/bbqentertainment.com\/en\/wp-json\/wp\/v2\/product\/257782","targetHints":{"allow":["GET"]}}],"collection":[{"href":"https:\/\/bbqentertainment.com\/en\/wp-json\/wp\/v2\/product"}],"about":[{"href":"https:\/\/bbqentertainment.com\/en\/wp-json\/wp\/v2\/types\/product"}],"wp:featuredmedia":[{"embeddable":true,"href":"https:\/\/bbqentertainment.com\/en\/wp-json\/wp\/v2\/media\/257976"}],"wp:attachment":[{"href":"https:\/\/bbqentertainment.com\/en\/wp-json\/wp\/v2\/media?parent=257782"}],"wp:term":[{"taxonomy":"product_brand","embeddable":true,"href":"https:\/\/bbqentertainment.com\/en\/wp-json\/wp\/v2\/product_brand?post=257782"},{"taxonomy":"product_cat","embeddable":true,"href":"https:\/\/bbqentertainment.com\/en\/wp-json\/wp\/v2\/product_cat?post=257782"},{"taxonomy":"product_tag","embeddable":true,"href":"https:\/\/bbqentertainment.com\/en\/wp-json\/wp\/v2\/product_tag?post=257782"}],"curies":[{"name":"wp","href":"https:\/\/api.w.org\/{rel}","templated":true}]}}