{"id":257783,"date":"2026-03-02T00:47:16","date_gmt":"2026-03-01T22:47:16","guid":{"rendered":"https:\/\/bbqentertainment.com\/?post_type=product&#038;p=257783"},"modified":"2026-04-13T22:10:52","modified_gmt":"2026-04-13T19:10:52","slug":"napoleon-grillipuhastusvahend-roostevabast-grillide-puhastamiseks","status":"publish","type":"product","link":"https:\/\/bbqentertainment.com\/en\/toode\/napoleon-grillipuhastusvahend-roostevabast-grillide-puhastamiseks\/","title":{"rendered":"Napoleon grillipuhastusvahend roostevabast grillide puhastamiseks"},"content":{"rendered":"","protected":false},"excerpt":{"rendered":"<h3>Napoleon grillipuhastusvahend roostevabast grillide puhastamiseks<\/h3>\n<p>Lase oma grillil s\u00e4rada. Napoleon roostevaba terase puhastusvahend puhastab sinu grilli ning j\u00e4tab pinnale kaitstud, l\u00e4ikiva viimistluse. See sobib kasutamiseks k\u00f5ikidel grilli v\u00e4listel roostevabast terasest pindadel.<\/p>\n<p><strong>Kasutusjuhend<\/strong>: pihusta puhastusvahend grilli pinnale, jaota see puhta r\u00e4tikuga \u00fchtlaselt laiali ja lase umbes minut m\u00f5juda. Seej\u00e4rel poleeri pind puhta ning rasvavaba r\u00e4tikuga. Kriimustuste v\u00e4ltimiseks kasuta pehmet mikrokiudlappi.<\/p>\n<p><strong>Ohutussoovitused<\/strong>: transpordi ja hoiusta pudelit p\u00fcstises asendis ja jahedas kohas. Meditsiinilise abi vajadusel hoia toote pakend v\u00f5i etikett k\u00e4ep\u00e4rast. Hoia lastele k\u00e4ttesaamatus kohas. Toote ohutusinfo (SDS) leiad sellelt veebilehelt.<\/p>\n<p><strong>P\u00f5hiomadused<\/strong><\/p>\n<p>&#8211; Moodustab pinnale kaitsva kihi<br \/>\n&#8211; Lihtne peale kanda<br \/>\n&#8211; Kasutusvalmis<\/p>\n","protected":false},"featured_media":257973,"template":"","meta":{"inline_featured_image":false},"product_brand":[],"product_cat":[562],"product_tag":[],"class_list":{"0":"post-257783","1":"product","2":"type-product","3":"status-publish","4":"has-post-thumbnail","6":"product_cat-lisatarvikud-napoleon","8":"first","9":"instock","10":"taxable","11":"shipping-taxable","12":"purchasable","13":"product-type-simple"},"yoast_head":"<!-- This site is optimized with the Yoast SEO plugin v27.4 - https:\/\/yoast.com\/product\/yoast-seo-wordpress\/ -->\n<title>Napoleon grillipuhastusvahend roostevabast grillide puhastamiseks - BBQ Entertainment<\/title>\n<meta name=\"robots\" content=\"index, follow, max-snippet:-1, max-image-preview:large, max-video-preview:-1\" \/>\n<link rel=\"canonical\" href=\"https:\/\/bbqentertainment.com\/toode\/napoleon-grillipuhastusvahend-roostevabast-grillide-puhastamiseks\/\" \/>\n<meta property=\"og:locale\" content=\"en_US\" \/>\n<meta property=\"og:type\" content=\"article\" \/>\n<meta property=\"og:title\" content=\"Napoleon grillipuhastusvahend roostevabast grillide puhastamiseks - BBQ Entertainment\" \/>\n<meta property=\"og:description\" content=\"Napoleon grillipuhastusvahend roostevabast grillide puhastamiseks Lase oma grillil s\u00e4rada. Napoleon roostevaba terase puhastusvahend puhastab sinu grilli ning j\u00e4tab pinnale kaitstud, l\u00e4ikiva viimistluse. See sobib kasutamiseks k\u00f5ikidel grilli v\u00e4listel roostevabast terasest pindadel.  Kasutusjuhend: pihusta puhastusvahend grilli pinnale, jaota see puhta r\u00e4tikuga \u00fchtlaselt laiali ja lase umbes minut m\u00f5juda. Seej\u00e4rel poleeri pind puhta ning rasvavaba r\u00e4tikuga. Kriimustuste v\u00e4ltimiseks kasuta pehmet mikrokiudlappi.  Ohutussoovitused: transpordi ja hoiusta pudelit p\u00fcstises asendis ja jahedas kohas. Meditsiinilise abi vajadusel hoia toote pakend v\u00f5i etikett k\u00e4ep\u00e4rast. Hoia lastele k\u00e4ttesaamatus kohas. Toote ohutusinfo (SDS) leiad sellelt veebilehelt.  P\u00f5hiomadused  - Moodustab pinnale kaitsva kihi - Lihtne peale kanda - Kasutusvalmis\" \/>\n<meta property=\"og:url\" content=\"https:\/\/bbqentertainment.com\/toode\/napoleon-grillipuhastusvahend-roostevabast-grillide-puhastamiseks\/\" \/>\n<meta property=\"og:site_name\" content=\"BBQ Entertainment\" \/>\n<meta property=\"article:publisher\" content=\"https:\/\/www.facebook.com\/BBQ-Entertainment-N-Catering-2437913376443540\" \/>\n<meta property=\"article:modified_time\" content=\"2026-04-13T19:10:52+00:00\" \/>\n<meta property=\"og:image\" content=\"https:\/\/bbqentertainment.com\/wp-content\/uploads\/2026\/03\/10242_Front.jpg\" \/>\n\t<meta property=\"og:image:width\" content=\"900\" \/>\n\t<meta property=\"og:image:height\" content=\"900\" \/>\n\t<meta property=\"og:image:type\" content=\"image\/jpeg\" \/>\n<meta name=\"twitter:card\" content=\"summary_large_image\" \/>\n<script type=\"application\/ld+json\" class=\"yoast-schema-graph\">{\"@context\":\"https:\\\/\\\/schema.org\",\"@graph\":[{\"@type\":[\"WebPage\",\"ItemPage\"],\"@id\":\"https:\\\/\\\/bbqentertainment.com\\\/toode\\\/napoleon-grillipuhastusvahend-roostevabast-grillide-puhastamiseks\\\/\",\"url\":\"https:\\\/\\\/bbqentertainment.com\\\/toode\\\/napoleon-grillipuhastusvahend-roostevabast-grillide-puhastamiseks\\\/\",\"name\":\"Napoleon grillipuhastusvahend roostevabast grillide puhastamiseks - BBQ Entertainment\",\"isPartOf\":{\"@id\":\"https:\\\/\\\/bbqentertainment.com\\\/#website\"},\"primaryImageOfPage\":{\"@id\":\"https:\\\/\\\/bbqentertainment.com\\\/toode\\\/napoleon-grillipuhastusvahend-roostevabast-grillide-puhastamiseks\\\/#primaryimage\"},\"image\":{\"@id\":\"https:\\\/\\\/bbqentertainment.com\\\/toode\\\/napoleon-grillipuhastusvahend-roostevabast-grillide-puhastamiseks\\\/#primaryimage\"},\"thumbnailUrl\":\"https:\\\/\\\/bbqentertainment.com\\\/wp-content\\\/uploads\\\/2026\\\/03\\\/10242_Front.jpg\",\"datePublished\":\"2026-03-01T22:47:16+00:00\",\"dateModified\":\"2026-04-13T19:10:52+00:00\",\"breadcrumb\":{\"@id\":\"https:\\\/\\\/bbqentertainment.com\\\/toode\\\/napoleon-grillipuhastusvahend-roostevabast-grillide-puhastamiseks\\\/#breadcrumb\"},\"inLanguage\":\"en-US\",\"potentialAction\":[{\"@type\":\"ReadAction\",\"target\":[\"https:\\\/\\\/bbqentertainment.com\\\/toode\\\/napoleon-grillipuhastusvahend-roostevabast-grillide-puhastamiseks\\\/\"]}]},{\"@type\":\"ImageObject\",\"inLanguage\":\"en-US\",\"@id\":\"https:\\\/\\\/bbqentertainment.com\\\/toode\\\/napoleon-grillipuhastusvahend-roostevabast-grillide-puhastamiseks\\\/#primaryimage\",\"url\":\"https:\\\/\\\/bbqentertainment.com\\\/wp-content\\\/uploads\\\/2026\\\/03\\\/10242_Front.jpg\",\"contentUrl\":\"https:\\\/\\\/bbqentertainment.com\\\/wp-content\\\/uploads\\\/2026\\\/03\\\/10242_Front.jpg\",\"width\":900,\"height\":900},{\"@type\":\"BreadcrumbList\",\"@id\":\"https:\\\/\\\/bbqentertainment.com\\\/toode\\\/napoleon-grillipuhastusvahend-roostevabast-grillide-puhastamiseks\\\/#breadcrumb\",\"itemListElement\":[{\"@type\":\"ListItem\",\"position\":1,\"name\":\"AVALEHT\",\"item\":\"https:\\\/\\\/bbqentertainment.com\\\/en\\\/\"},{\"@type\":\"ListItem\",\"position\":2,\"name\":\"Tooted\",\"item\":\"https:\\\/\\\/bbqentertainment.com\\\/tooted\\\/\"},{\"@type\":\"ListItem\",\"position\":3,\"name\":\"Lisatarvikud\",\"item\":\"https:\\\/\\\/bbqentertainment.com\\\/tootekategooria\\\/lisatarvikud\\\/\"},{\"@type\":\"ListItem\",\"position\":4,\"name\":\"Lisatarvikud Napoleon\",\"item\":\"https:\\\/\\\/bbqentertainment.com\\\/tootekategooria\\\/lisatarvikud\\\/lisatarvikud-napoleon\\\/\"},{\"@type\":\"ListItem\",\"position\":5,\"name\":\"Napoleon grillipuhastusvahend roostevabast grillide puhastamiseks\"}]},{\"@type\":\"WebSite\",\"@id\":\"https:\\\/\\\/bbqentertainment.com\\\/#website\",\"url\":\"https:\\\/\\\/bbqentertainment.com\\\/\",\"name\":\"BBQ Entertainment\",\"description\":\"BBQ is a great lifestyle, not just fun!\",\"publisher\":{\"@id\":\"https:\\\/\\\/bbqentertainment.com\\\/#organization\"},\"potentialAction\":[{\"@type\":\"SearchAction\",\"target\":{\"@type\":\"EntryPoint\",\"urlTemplate\":\"https:\\\/\\\/bbqentertainment.com\\\/?s={search_term_string}\"},\"query-input\":{\"@type\":\"PropertyValueSpecification\",\"valueRequired\":true,\"valueName\":\"search_term_string\"}}],\"inLanguage\":\"en-US\"},{\"@type\":\"Organization\",\"@id\":\"https:\\\/\\\/bbqentertainment.com\\\/#organization\",\"name\":\"BBQ Entertainment O\u00dc\",\"url\":\"https:\\\/\\\/bbqentertainment.com\\\/\",\"logo\":{\"@type\":\"ImageObject\",\"inLanguage\":\"en-US\",\"@id\":\"https:\\\/\\\/bbqentertainment.com\\\/#\\\/schema\\\/logo\\\/image\\\/\",\"url\":\"https:\\\/\\\/bbqentertainment.com\\\/wp-content\\\/uploads\\\/2020\\\/04\\\/BBQ-Entertainment-N-Catering-Enn-Tobreluts-Logo.png\",\"contentUrl\":\"https:\\\/\\\/bbqentertainment.com\\\/wp-content\\\/uploads\\\/2020\\\/04\\\/BBQ-Entertainment-N-Catering-Enn-Tobreluts-Logo.png\",\"width\":628,\"height\":266,\"caption\":\"BBQ Entertainment O\u00dc\"},\"image\":{\"@id\":\"https:\\\/\\\/bbqentertainment.com\\\/#\\\/schema\\\/logo\\\/image\\\/\"},\"sameAs\":[\"https:\\\/\\\/www.facebook.com\\\/BBQ-Entertainment-N-Catering-2437913376443540\",\"https:\\\/\\\/www.instagram.com\\\/bbqentertainmentncatering\\\/\",\"https:\\\/\\\/www.youtube.com\\\/channel\\\/UCmpuANQVhLy2Md8nrenp2jA\"]}]}<\/script>\n<!-- \/ Yoast SEO plugin. -->","yoast_head_json":{"title":"Napoleon grillipuhastusvahend roostevabast grillide puhastamiseks - BBQ Entertainment","robots":{"index":"index","follow":"follow","max-snippet":"max-snippet:-1","max-image-preview":"max-image-preview:large","max-video-preview":"max-video-preview:-1"},"canonical":"https:\/\/bbqentertainment.com\/toode\/napoleon-grillipuhastusvahend-roostevabast-grillide-puhastamiseks\/","og_locale":"en_US","og_type":"article","og_title":"Napoleon grillipuhastusvahend roostevabast grillide puhastamiseks - BBQ Entertainment","og_description":"Napoleon grillipuhastusvahend roostevabast grillide puhastamiseks Lase oma grillil s\u00e4rada. Napoleon roostevaba terase puhastusvahend puhastab sinu grilli ning j\u00e4tab pinnale kaitstud, l\u00e4ikiva viimistluse. See sobib kasutamiseks k\u00f5ikidel grilli v\u00e4listel roostevabast terasest pindadel.  Kasutusjuhend: pihusta puhastusvahend grilli pinnale, jaota see puhta r\u00e4tikuga \u00fchtlaselt laiali ja lase umbes minut m\u00f5juda. Seej\u00e4rel poleeri pind puhta ning rasvavaba r\u00e4tikuga. Kriimustuste v\u00e4ltimiseks kasuta pehmet mikrokiudlappi.  Ohutussoovitused: transpordi ja hoiusta pudelit p\u00fcstises asendis ja jahedas kohas. Meditsiinilise abi vajadusel hoia toote pakend v\u00f5i etikett k\u00e4ep\u00e4rast. Hoia lastele k\u00e4ttesaamatus kohas. Toote ohutusinfo (SDS) leiad sellelt veebilehelt.  P\u00f5hiomadused  - Moodustab pinnale kaitsva kihi - Lihtne peale kanda - Kasutusvalmis","og_url":"https:\/\/bbqentertainment.com\/toode\/napoleon-grillipuhastusvahend-roostevabast-grillide-puhastamiseks\/","og_site_name":"BBQ Entertainment","article_publisher":"https:\/\/www.facebook.com\/BBQ-Entertainment-N-Catering-2437913376443540","article_modified_time":"2026-04-13T19:10:52+00:00","og_image":[{"width":900,"height":900,"url":"https:\/\/bbqentertainment.com\/wp-content\/uploads\/2026\/03\/10242_Front.jpg","type":"image\/jpeg"}],"twitter_card":"summary_large_image","schema":{"@context":"https:\/\/schema.org","@graph":[{"@type":["WebPage","ItemPage"],"@id":"https:\/\/bbqentertainment.com\/toode\/napoleon-grillipuhastusvahend-roostevabast-grillide-puhastamiseks\/","url":"https:\/\/bbqentertainment.com\/toode\/napoleon-grillipuhastusvahend-roostevabast-grillide-puhastamiseks\/","name":"Napoleon grillipuhastusvahend roostevabast grillide puhastamiseks - BBQ Entertainment","isPartOf":{"@id":"https:\/\/bbqentertainment.com\/#website"},"primaryImageOfPage":{"@id":"https:\/\/bbqentertainment.com\/toode\/napoleon-grillipuhastusvahend-roostevabast-grillide-puhastamiseks\/#primaryimage"},"image":{"@id":"https:\/\/bbqentertainment.com\/toode\/napoleon-grillipuhastusvahend-roostevabast-grillide-puhastamiseks\/#primaryimage"},"thumbnailUrl":"https:\/\/bbqentertainment.com\/wp-content\/uploads\/2026\/03\/10242_Front.jpg","datePublished":"2026-03-01T22:47:16+00:00","dateModified":"2026-04-13T19:10:52+00:00","breadcrumb":{"@id":"https:\/\/bbqentertainment.com\/toode\/napoleon-grillipuhastusvahend-roostevabast-grillide-puhastamiseks\/#breadcrumb"},"inLanguage":"en-US","potentialAction":[{"@type":"ReadAction","target":["https:\/\/bbqentertainment.com\/toode\/napoleon-grillipuhastusvahend-roostevabast-grillide-puhastamiseks\/"]}]},{"@type":"ImageObject","inLanguage":"en-US","@id":"https:\/\/bbqentertainment.com\/toode\/napoleon-grillipuhastusvahend-roostevabast-grillide-puhastamiseks\/#primaryimage","url":"https:\/\/bbqentertainment.com\/wp-content\/uploads\/2026\/03\/10242_Front.jpg","contentUrl":"https:\/\/bbqentertainment.com\/wp-content\/uploads\/2026\/03\/10242_Front.jpg","width":900,"height":900},{"@type":"BreadcrumbList","@id":"https:\/\/bbqentertainment.com\/toode\/napoleon-grillipuhastusvahend-roostevabast-grillide-puhastamiseks\/#breadcrumb","itemListElement":[{"@type":"ListItem","position":1,"name":"AVALEHT","item":"https:\/\/bbqentertainment.com\/en\/"},{"@type":"ListItem","position":2,"name":"Tooted","item":"https:\/\/bbqentertainment.com\/tooted\/"},{"@type":"ListItem","position":3,"name":"Lisatarvikud","item":"https:\/\/bbqentertainment.com\/tootekategooria\/lisatarvikud\/"},{"@type":"ListItem","position":4,"name":"Lisatarvikud Napoleon","item":"https:\/\/bbqentertainment.com\/tootekategooria\/lisatarvikud\/lisatarvikud-napoleon\/"},{"@type":"ListItem","position":5,"name":"Napoleon grillipuhastusvahend roostevabast grillide puhastamiseks"}]},{"@type":"WebSite","@id":"https:\/\/bbqentertainment.com\/#website","url":"https:\/\/bbqentertainment.com\/","name":"BBQ Entertainment","description":"BBQ is a great lifestyle, not just fun!","publisher":{"@id":"https:\/\/bbqentertainment.com\/#organization"},"potentialAction":[{"@type":"SearchAction","target":{"@type":"EntryPoint","urlTemplate":"https:\/\/bbqentertainment.com\/?s={search_term_string}"},"query-input":{"@type":"PropertyValueSpecification","valueRequired":true,"valueName":"search_term_string"}}],"inLanguage":"en-US"},{"@type":"Organization","@id":"https:\/\/bbqentertainment.com\/#organization","name":"BBQ Entertainment O\u00dc","url":"https:\/\/bbqentertainment.com\/","logo":{"@type":"ImageObject","inLanguage":"en-US","@id":"https:\/\/bbqentertainment.com\/#\/schema\/logo\/image\/","url":"https:\/\/bbqentertainment.com\/wp-content\/uploads\/2020\/04\/BBQ-Entertainment-N-Catering-Enn-Tobreluts-Logo.png","contentUrl":"https:\/\/bbqentertainment.com\/wp-content\/uploads\/2020\/04\/BBQ-Entertainment-N-Catering-Enn-Tobreluts-Logo.png","width":628,"height":266,"caption":"BBQ Entertainment O\u00dc"},"image":{"@id":"https:\/\/bbqentertainment.com\/#\/schema\/logo\/image\/"},"sameAs":["https:\/\/www.facebook.com\/BBQ-Entertainment-N-Catering-2437913376443540","https:\/\/www.instagram.com\/bbqentertainmentncatering\/","https:\/\/www.youtube.com\/channel\/UCmpuANQVhLy2Md8nrenp2jA"]}]}},"_links":{"self":[{"href":"https:\/\/bbqentertainment.com\/en\/wp-json\/wp\/v2\/product\/257783","targetHints":{"allow":["GET"]}}],"collection":[{"href":"https:\/\/bbqentertainment.com\/en\/wp-json\/wp\/v2\/product"}],"about":[{"href":"https:\/\/bbqentertainment.com\/en\/wp-json\/wp\/v2\/types\/product"}],"wp:featuredmedia":[{"embeddable":true,"href":"https:\/\/bbqentertainment.com\/en\/wp-json\/wp\/v2\/media\/257973"}],"wp:attachment":[{"href":"https:\/\/bbqentertainment.com\/en\/wp-json\/wp\/v2\/media?parent=257783"}],"wp:term":[{"taxonomy":"product_brand","embeddable":true,"href":"https:\/\/bbqentertainment.com\/en\/wp-json\/wp\/v2\/product_brand?post=257783"},{"taxonomy":"product_cat","embeddable":true,"href":"https:\/\/bbqentertainment.com\/en\/wp-json\/wp\/v2\/product_cat?post=257783"},{"taxonomy":"product_tag","embeddable":true,"href":"https:\/\/bbqentertainment.com\/en\/wp-json\/wp\/v2\/product_tag?post=257783"}],"curies":[{"name":"wp","href":"https:\/\/api.w.org\/{rel}","templated":true}]}}