{"id":257784,"date":"2026-03-02T00:47:17","date_gmt":"2026-03-01T22:47:17","guid":{"rendered":"https:\/\/bbqentertainment.com\/?post_type=product&#038;p=257784"},"modified":"2026-04-13T22:10:52","modified_gmt":"2026-04-13T19:10:52","slug":"napoleon-4-osaline-puhastuskomplekt-grillplaadi-plancha-jaoks-2-kastmepudelit-puhastushari-ja-kaabits","status":"publish","type":"product","link":"https:\/\/bbqentertainment.com\/en\/toode\/napoleon-4-osaline-puhastuskomplekt-grillplaadi-plancha-jaoks-2-kastmepudelit-puhastushari-ja-kaabits\/","title":{"rendered":"Napoleon 4-osaline puhastuskomplekt grillplaadi\/plancha jaoks (2 kastmepudelit, puhastushari ja -kaabits)"},"content":{"rendered":"","protected":false},"excerpt":{"rendered":"<h3><strong>Napoleon 4-osaline puhastuskomplekt grillplaadi\/plancha jaoks (2 kastmepudelit, puhastushari ja -kaabits)<\/strong><\/h3>\n<p>Napoleon 4-osaline plancha puhastuskomplekt (GATL013) on praktiline hoolduskomplekt, mis on loodud spetsiaalselt plancha ja sileda k\u00fcpsetusplaadiga grillimiseks. Komplektis on tugev puhastushari, mis aitab eemaldada toiduj\u00e4\u00e4ke ning rasvakogunemist, kaks \u00f5lipudelit k\u00fcpsetuspinna hooldamiseks ja kaitsmiseks ning spetsiaalne kaabits, millega saad eemaldada t\u00f5rksa mustuse ja kinnitunud j\u00e4\u00e4gid ilma metallpinda kahjustamata. Koos kasutades aitavad need t\u00f6\u00f6riistad hoida k\u00fcpsetusplaadi puhtana, paremini toimivana ja pikema elueaga.<\/p>\n<p>Harjaga saad mugavalt puhastada k\u00fcpsetuspinda toiduj\u00e4\u00e4kidest ja rasvast ka \u00f5ues kasutamisel, kus t\u00f6\u00f6riistad peavad olema vastupidavad ja t\u00f6\u00f6kindlad. \u00d5lipudelid sobivad \u00f5hukese kaitsekihi peale kandmiseks enne ja p\u00e4rast kasutust, et pind p\u00fcsiks paremini \u201emaitsestatud\u201c, v\u00e4hem kleepuv ja paremini kaitstud oks\u00fcdeerumise eest siis, kui plaat parasjagu kasutuses ei ole. Kaabits aitab omakorda lahti t\u00f5sta kinnip\u00f5lenud j\u00e4\u00e4ke ja karamellistunud suhkrut, et k\u00fcpsetuspind j\u00e4\u00e4ks taas sile ja valmis j\u00e4rgmiseks korraks.<\/p>\n<p><strong>P\u00f5hiomadused<\/strong><\/p>\n<p>&#8211; 4-osaline hoolduskomplekt plancha ja sileda k\u00fcpsetusplaadi puhastamiseks<br \/>\n&#8211; Tugev puhastushari toiduj\u00e4\u00e4kide ja rasvakihi eemaldamiseks<br \/>\n&#8211; 2 \u00f5lipudelit kaitsekihi lisamiseks ja k\u00fcpsetuspinna hooldamiseks<br \/>\n&#8211; Spetsiaalne kaabits t\u00f5rksa mustuse eemaldamiseks ilma metallpinda kahjustamata<br \/>\n&#8211; Aitab hoida k\u00fcpsetuspinna puhtana, parema tulemusega ja pikema elueaga<\/p>\n","protected":false},"featured_media":258022,"template":"","meta":{"inline_featured_image":false},"product_brand":[],"product_cat":[562,479],"product_tag":[],"class_list":{"0":"post-257784","1":"product","2":"type-product","3":"status-publish","4":"has-post-thumbnail","6":"product_cat-lisatarvikud-napoleon","7":"product_cat-grillitarvikud","9":"first","10":"instock","11":"taxable","12":"shipping-taxable","13":"purchasable","14":"product-type-simple"},"yoast_head":"<!-- This site is optimized with the Yoast SEO plugin v27.4 - https:\/\/yoast.com\/product\/yoast-seo-wordpress\/ -->\n<title>Napoleon 4-osaline puhastuskomplekt grillplaadi\/plancha jaoks (2 kastmepudelit, puhastushari ja -kaabits) - BBQ Entertainment<\/title>\n<meta name=\"robots\" content=\"index, follow, max-snippet:-1, max-image-preview:large, max-video-preview:-1\" \/>\n<link rel=\"canonical\" href=\"https:\/\/bbqentertainment.com\/toode\/napoleon-4-osaline-puhastuskomplekt-grillplaadi-plancha-jaoks-2-kastmepudelit-puhastushari-ja-kaabits\/\" \/>\n<meta property=\"og:locale\" content=\"en_US\" \/>\n<meta property=\"og:type\" content=\"article\" \/>\n<meta property=\"og:title\" content=\"Napoleon 4-osaline puhastuskomplekt grillplaadi\/plancha jaoks (2 kastmepudelit, puhastushari ja -kaabits) - BBQ Entertainment\" \/>\n<meta property=\"og:description\" content=\"Napoleon 4-osaline puhastuskomplekt grillplaadi\/plancha jaoks (2 kastmepudelit, puhastushari ja -kaabits) Napoleon 4-osaline plancha puhastuskomplekt (GATL013) on praktiline hoolduskomplekt, mis on loodud spetsiaalselt plancha ja sileda k\u00fcpsetusplaadiga grillimiseks. Komplektis on tugev puhastushari, mis aitab eemaldada toiduj\u00e4\u00e4ke ning rasvakogunemist, kaks \u00f5lipudelit k\u00fcpsetuspinna hooldamiseks ja kaitsmiseks ning spetsiaalne kaabits, millega saad eemaldada t\u00f5rksa mustuse ja kinnitunud j\u00e4\u00e4gid ilma metallpinda kahjustamata. Koos kasutades aitavad need t\u00f6\u00f6riistad hoida k\u00fcpsetusplaadi puhtana, paremini toimivana ja pikema elueaga.  Harjaga saad mugavalt puhastada k\u00fcpsetuspinda toiduj\u00e4\u00e4kidest ja rasvast ka \u00f5ues kasutamisel, kus t\u00f6\u00f6riistad peavad olema vastupidavad ja t\u00f6\u00f6kindlad. \u00d5lipudelid sobivad \u00f5hukese kaitsekihi peale kandmiseks enne ja p\u00e4rast kasutust, et pind p\u00fcsiks paremini \u201emaitsestatud\u201c, v\u00e4hem kleepuv ja paremini kaitstud oks\u00fcdeerumise eest siis, kui plaat parasjagu kasutuses ei ole. Kaabits aitab omakorda lahti t\u00f5sta kinnip\u00f5lenud j\u00e4\u00e4ke ja karamellistunud suhkrut, et k\u00fcpsetuspind j\u00e4\u00e4ks taas sile ja valmis j\u00e4rgmiseks korraks.  P\u00f5hiomadused  - 4-osaline hoolduskomplekt plancha ja sileda k\u00fcpsetusplaadi puhastamiseks - Tugev puhastushari toiduj\u00e4\u00e4kide ja rasvakihi eemaldamiseks - 2 \u00f5lipudelit kaitsekihi lisamiseks ja k\u00fcpsetuspinna hooldamiseks - Spetsiaalne kaabits t\u00f5rksa mustuse eemaldamiseks ilma metallpinda kahjustamata - Aitab hoida k\u00fcpsetuspinna puhtana, parema tulemusega ja pikema elueaga\" \/>\n<meta property=\"og:url\" content=\"https:\/\/bbqentertainment.com\/toode\/napoleon-4-osaline-puhastuskomplekt-grillplaadi-plancha-jaoks-2-kastmepudelit-puhastushari-ja-kaabits\/\" \/>\n<meta property=\"og:site_name\" content=\"BBQ Entertainment\" \/>\n<meta property=\"article:publisher\" content=\"https:\/\/www.facebook.com\/BBQ-Entertainment-N-Catering-2437913376443540\" \/>\n<meta property=\"article:modified_time\" content=\"2026-04-13T19:10:52+00:00\" \/>\n<meta property=\"og:image\" content=\"https:\/\/bbqentertainment.com\/wp-content\/uploads\/2026\/03\/Napoleon-GATL013-Plancha-Cleaning-Set-lge.jpg\" \/>\n\t<meta property=\"og:image:width\" content=\"1000\" \/>\n\t<meta property=\"og:image:height\" content=\"1000\" \/>\n\t<meta property=\"og:image:type\" content=\"image\/jpeg\" \/>\n<meta name=\"twitter:card\" content=\"summary_large_image\" \/>\n<meta name=\"twitter:label1\" content=\"Est. reading time\" \/>\n\t<meta name=\"twitter:data1\" content=\"1 minute\" \/>\n<script type=\"application\/ld+json\" class=\"yoast-schema-graph\">{\"@context\":\"https:\\\/\\\/schema.org\",\"@graph\":[{\"@type\":[\"WebPage\",\"ItemPage\"],\"@id\":\"https:\\\/\\\/bbqentertainment.com\\\/toode\\\/napoleon-4-osaline-puhastuskomplekt-grillplaadi-plancha-jaoks-2-kastmepudelit-puhastushari-ja-kaabits\\\/\",\"url\":\"https:\\\/\\\/bbqentertainment.com\\\/toode\\\/napoleon-4-osaline-puhastuskomplekt-grillplaadi-plancha-jaoks-2-kastmepudelit-puhastushari-ja-kaabits\\\/\",\"name\":\"Napoleon 4-osaline puhastuskomplekt grillplaadi\\\/plancha jaoks (2 kastmepudelit, puhastushari ja -kaabits) - BBQ Entertainment\",\"isPartOf\":{\"@id\":\"https:\\\/\\\/bbqentertainment.com\\\/#website\"},\"primaryImageOfPage\":{\"@id\":\"https:\\\/\\\/bbqentertainment.com\\\/toode\\\/napoleon-4-osaline-puhastuskomplekt-grillplaadi-plancha-jaoks-2-kastmepudelit-puhastushari-ja-kaabits\\\/#primaryimage\"},\"image\":{\"@id\":\"https:\\\/\\\/bbqentertainment.com\\\/toode\\\/napoleon-4-osaline-puhastuskomplekt-grillplaadi-plancha-jaoks-2-kastmepudelit-puhastushari-ja-kaabits\\\/#primaryimage\"},\"thumbnailUrl\":\"https:\\\/\\\/bbqentertainment.com\\\/wp-content\\\/uploads\\\/2026\\\/03\\\/Napoleon-GATL013-Plancha-Cleaning-Set-lge.jpg\",\"datePublished\":\"2026-03-01T22:47:17+00:00\",\"dateModified\":\"2026-04-13T19:10:52+00:00\",\"breadcrumb\":{\"@id\":\"https:\\\/\\\/bbqentertainment.com\\\/toode\\\/napoleon-4-osaline-puhastuskomplekt-grillplaadi-plancha-jaoks-2-kastmepudelit-puhastushari-ja-kaabits\\\/#breadcrumb\"},\"inLanguage\":\"en-US\",\"potentialAction\":[{\"@type\":\"ReadAction\",\"target\":[\"https:\\\/\\\/bbqentertainment.com\\\/toode\\\/napoleon-4-osaline-puhastuskomplekt-grillplaadi-plancha-jaoks-2-kastmepudelit-puhastushari-ja-kaabits\\\/\"]}]},{\"@type\":\"ImageObject\",\"inLanguage\":\"en-US\",\"@id\":\"https:\\\/\\\/bbqentertainment.com\\\/toode\\\/napoleon-4-osaline-puhastuskomplekt-grillplaadi-plancha-jaoks-2-kastmepudelit-puhastushari-ja-kaabits\\\/#primaryimage\",\"url\":\"https:\\\/\\\/bbqentertainment.com\\\/wp-content\\\/uploads\\\/2026\\\/03\\\/Napoleon-GATL013-Plancha-Cleaning-Set-lge.jpg\",\"contentUrl\":\"https:\\\/\\\/bbqentertainment.com\\\/wp-content\\\/uploads\\\/2026\\\/03\\\/Napoleon-GATL013-Plancha-Cleaning-Set-lge.jpg\",\"width\":1000,\"height\":1000},{\"@type\":\"BreadcrumbList\",\"@id\":\"https:\\\/\\\/bbqentertainment.com\\\/toode\\\/napoleon-4-osaline-puhastuskomplekt-grillplaadi-plancha-jaoks-2-kastmepudelit-puhastushari-ja-kaabits\\\/#breadcrumb\",\"itemListElement\":[{\"@type\":\"ListItem\",\"position\":1,\"name\":\"AVALEHT\",\"item\":\"https:\\\/\\\/bbqentertainment.com\\\/en\\\/\"},{\"@type\":\"ListItem\",\"position\":2,\"name\":\"Tooted\",\"item\":\"https:\\\/\\\/bbqentertainment.com\\\/tooted\\\/\"},{\"@type\":\"ListItem\",\"position\":3,\"name\":\"Lisatarvikud\",\"item\":\"https:\\\/\\\/bbqentertainment.com\\\/tootekategooria\\\/lisatarvikud\\\/\"},{\"@type\":\"ListItem\",\"position\":4,\"name\":\"Lisatarvikud Napoleon\",\"item\":\"https:\\\/\\\/bbqentertainment.com\\\/tootekategooria\\\/lisatarvikud\\\/lisatarvikud-napoleon\\\/\"},{\"@type\":\"ListItem\",\"position\":5,\"name\":\"Napoleon 4-osaline puhastuskomplekt grillplaadi\\\/plancha jaoks (2 kastmepudelit, puhastushari ja -kaabits)\"}]},{\"@type\":\"WebSite\",\"@id\":\"https:\\\/\\\/bbqentertainment.com\\\/#website\",\"url\":\"https:\\\/\\\/bbqentertainment.com\\\/\",\"name\":\"BBQ Entertainment\",\"description\":\"BBQ is a great lifestyle, not just fun!\",\"publisher\":{\"@id\":\"https:\\\/\\\/bbqentertainment.com\\\/#organization\"},\"potentialAction\":[{\"@type\":\"SearchAction\",\"target\":{\"@type\":\"EntryPoint\",\"urlTemplate\":\"https:\\\/\\\/bbqentertainment.com\\\/?s={search_term_string}\"},\"query-input\":{\"@type\":\"PropertyValueSpecification\",\"valueRequired\":true,\"valueName\":\"search_term_string\"}}],\"inLanguage\":\"en-US\"},{\"@type\":\"Organization\",\"@id\":\"https:\\\/\\\/bbqentertainment.com\\\/#organization\",\"name\":\"BBQ Entertainment O\u00dc\",\"url\":\"https:\\\/\\\/bbqentertainment.com\\\/\",\"logo\":{\"@type\":\"ImageObject\",\"inLanguage\":\"en-US\",\"@id\":\"https:\\\/\\\/bbqentertainment.com\\\/#\\\/schema\\\/logo\\\/image\\\/\",\"url\":\"https:\\\/\\\/bbqentertainment.com\\\/wp-content\\\/uploads\\\/2020\\\/04\\\/BBQ-Entertainment-N-Catering-Enn-Tobreluts-Logo.png\",\"contentUrl\":\"https:\\\/\\\/bbqentertainment.com\\\/wp-content\\\/uploads\\\/2020\\\/04\\\/BBQ-Entertainment-N-Catering-Enn-Tobreluts-Logo.png\",\"width\":628,\"height\":266,\"caption\":\"BBQ Entertainment O\u00dc\"},\"image\":{\"@id\":\"https:\\\/\\\/bbqentertainment.com\\\/#\\\/schema\\\/logo\\\/image\\\/\"},\"sameAs\":[\"https:\\\/\\\/www.facebook.com\\\/BBQ-Entertainment-N-Catering-2437913376443540\",\"https:\\\/\\\/www.instagram.com\\\/bbqentertainmentncatering\\\/\",\"https:\\\/\\\/www.youtube.com\\\/channel\\\/UCmpuANQVhLy2Md8nrenp2jA\"]}]}<\/script>\n<!-- \/ Yoast SEO plugin. -->","yoast_head_json":{"title":"Napoleon 4-osaline puhastuskomplekt grillplaadi\/plancha jaoks (2 kastmepudelit, puhastushari ja -kaabits) - BBQ Entertainment","robots":{"index":"index","follow":"follow","max-snippet":"max-snippet:-1","max-image-preview":"max-image-preview:large","max-video-preview":"max-video-preview:-1"},"canonical":"https:\/\/bbqentertainment.com\/toode\/napoleon-4-osaline-puhastuskomplekt-grillplaadi-plancha-jaoks-2-kastmepudelit-puhastushari-ja-kaabits\/","og_locale":"en_US","og_type":"article","og_title":"Napoleon 4-osaline puhastuskomplekt grillplaadi\/plancha jaoks (2 kastmepudelit, puhastushari ja -kaabits) - BBQ Entertainment","og_description":"Napoleon 4-osaline puhastuskomplekt grillplaadi\/plancha jaoks (2 kastmepudelit, puhastushari ja -kaabits) Napoleon 4-osaline plancha puhastuskomplekt (GATL013) on praktiline hoolduskomplekt, mis on loodud spetsiaalselt plancha ja sileda k\u00fcpsetusplaadiga grillimiseks. Komplektis on tugev puhastushari, mis aitab eemaldada toiduj\u00e4\u00e4ke ning rasvakogunemist, kaks \u00f5lipudelit k\u00fcpsetuspinna hooldamiseks ja kaitsmiseks ning spetsiaalne kaabits, millega saad eemaldada t\u00f5rksa mustuse ja kinnitunud j\u00e4\u00e4gid ilma metallpinda kahjustamata. Koos kasutades aitavad need t\u00f6\u00f6riistad hoida k\u00fcpsetusplaadi puhtana, paremini toimivana ja pikema elueaga.  Harjaga saad mugavalt puhastada k\u00fcpsetuspinda toiduj\u00e4\u00e4kidest ja rasvast ka \u00f5ues kasutamisel, kus t\u00f6\u00f6riistad peavad olema vastupidavad ja t\u00f6\u00f6kindlad. \u00d5lipudelid sobivad \u00f5hukese kaitsekihi peale kandmiseks enne ja p\u00e4rast kasutust, et pind p\u00fcsiks paremini \u201emaitsestatud\u201c, v\u00e4hem kleepuv ja paremini kaitstud oks\u00fcdeerumise eest siis, kui plaat parasjagu kasutuses ei ole. Kaabits aitab omakorda lahti t\u00f5sta kinnip\u00f5lenud j\u00e4\u00e4ke ja karamellistunud suhkrut, et k\u00fcpsetuspind j\u00e4\u00e4ks taas sile ja valmis j\u00e4rgmiseks korraks.  P\u00f5hiomadused  - 4-osaline hoolduskomplekt plancha ja sileda k\u00fcpsetusplaadi puhastamiseks - Tugev puhastushari toiduj\u00e4\u00e4kide ja rasvakihi eemaldamiseks - 2 \u00f5lipudelit kaitsekihi lisamiseks ja k\u00fcpsetuspinna hooldamiseks - Spetsiaalne kaabits t\u00f5rksa mustuse eemaldamiseks ilma metallpinda kahjustamata - Aitab hoida k\u00fcpsetuspinna puhtana, parema tulemusega ja pikema elueaga","og_url":"https:\/\/bbqentertainment.com\/toode\/napoleon-4-osaline-puhastuskomplekt-grillplaadi-plancha-jaoks-2-kastmepudelit-puhastushari-ja-kaabits\/","og_site_name":"BBQ Entertainment","article_publisher":"https:\/\/www.facebook.com\/BBQ-Entertainment-N-Catering-2437913376443540","article_modified_time":"2026-04-13T19:10:52+00:00","og_image":[{"width":1000,"height":1000,"url":"https:\/\/bbqentertainment.com\/wp-content\/uploads\/2026\/03\/Napoleon-GATL013-Plancha-Cleaning-Set-lge.jpg","type":"image\/jpeg"}],"twitter_card":"summary_large_image","twitter_misc":{"Est. reading time":"1 minute"},"schema":{"@context":"https:\/\/schema.org","@graph":[{"@type":["WebPage","ItemPage"],"@id":"https:\/\/bbqentertainment.com\/toode\/napoleon-4-osaline-puhastuskomplekt-grillplaadi-plancha-jaoks-2-kastmepudelit-puhastushari-ja-kaabits\/","url":"https:\/\/bbqentertainment.com\/toode\/napoleon-4-osaline-puhastuskomplekt-grillplaadi-plancha-jaoks-2-kastmepudelit-puhastushari-ja-kaabits\/","name":"Napoleon 4-osaline puhastuskomplekt grillplaadi\/plancha jaoks (2 kastmepudelit, puhastushari ja -kaabits) - BBQ Entertainment","isPartOf":{"@id":"https:\/\/bbqentertainment.com\/#website"},"primaryImageOfPage":{"@id":"https:\/\/bbqentertainment.com\/toode\/napoleon-4-osaline-puhastuskomplekt-grillplaadi-plancha-jaoks-2-kastmepudelit-puhastushari-ja-kaabits\/#primaryimage"},"image":{"@id":"https:\/\/bbqentertainment.com\/toode\/napoleon-4-osaline-puhastuskomplekt-grillplaadi-plancha-jaoks-2-kastmepudelit-puhastushari-ja-kaabits\/#primaryimage"},"thumbnailUrl":"https:\/\/bbqentertainment.com\/wp-content\/uploads\/2026\/03\/Napoleon-GATL013-Plancha-Cleaning-Set-lge.jpg","datePublished":"2026-03-01T22:47:17+00:00","dateModified":"2026-04-13T19:10:52+00:00","breadcrumb":{"@id":"https:\/\/bbqentertainment.com\/toode\/napoleon-4-osaline-puhastuskomplekt-grillplaadi-plancha-jaoks-2-kastmepudelit-puhastushari-ja-kaabits\/#breadcrumb"},"inLanguage":"en-US","potentialAction":[{"@type":"ReadAction","target":["https:\/\/bbqentertainment.com\/toode\/napoleon-4-osaline-puhastuskomplekt-grillplaadi-plancha-jaoks-2-kastmepudelit-puhastushari-ja-kaabits\/"]}]},{"@type":"ImageObject","inLanguage":"en-US","@id":"https:\/\/bbqentertainment.com\/toode\/napoleon-4-osaline-puhastuskomplekt-grillplaadi-plancha-jaoks-2-kastmepudelit-puhastushari-ja-kaabits\/#primaryimage","url":"https:\/\/bbqentertainment.com\/wp-content\/uploads\/2026\/03\/Napoleon-GATL013-Plancha-Cleaning-Set-lge.jpg","contentUrl":"https:\/\/bbqentertainment.com\/wp-content\/uploads\/2026\/03\/Napoleon-GATL013-Plancha-Cleaning-Set-lge.jpg","width":1000,"height":1000},{"@type":"BreadcrumbList","@id":"https:\/\/bbqentertainment.com\/toode\/napoleon-4-osaline-puhastuskomplekt-grillplaadi-plancha-jaoks-2-kastmepudelit-puhastushari-ja-kaabits\/#breadcrumb","itemListElement":[{"@type":"ListItem","position":1,"name":"AVALEHT","item":"https:\/\/bbqentertainment.com\/en\/"},{"@type":"ListItem","position":2,"name":"Tooted","item":"https:\/\/bbqentertainment.com\/tooted\/"},{"@type":"ListItem","position":3,"name":"Lisatarvikud","item":"https:\/\/bbqentertainment.com\/tootekategooria\/lisatarvikud\/"},{"@type":"ListItem","position":4,"name":"Lisatarvikud Napoleon","item":"https:\/\/bbqentertainment.com\/tootekategooria\/lisatarvikud\/lisatarvikud-napoleon\/"},{"@type":"ListItem","position":5,"name":"Napoleon 4-osaline puhastuskomplekt grillplaadi\/plancha jaoks (2 kastmepudelit, puhastushari ja -kaabits)"}]},{"@type":"WebSite","@id":"https:\/\/bbqentertainment.com\/#website","url":"https:\/\/bbqentertainment.com\/","name":"BBQ Entertainment","description":"BBQ is a great lifestyle, not just fun!","publisher":{"@id":"https:\/\/bbqentertainment.com\/#organization"},"potentialAction":[{"@type":"SearchAction","target":{"@type":"EntryPoint","urlTemplate":"https:\/\/bbqentertainment.com\/?s={search_term_string}"},"query-input":{"@type":"PropertyValueSpecification","valueRequired":true,"valueName":"search_term_string"}}],"inLanguage":"en-US"},{"@type":"Organization","@id":"https:\/\/bbqentertainment.com\/#organization","name":"BBQ Entertainment O\u00dc","url":"https:\/\/bbqentertainment.com\/","logo":{"@type":"ImageObject","inLanguage":"en-US","@id":"https:\/\/bbqentertainment.com\/#\/schema\/logo\/image\/","url":"https:\/\/bbqentertainment.com\/wp-content\/uploads\/2020\/04\/BBQ-Entertainment-N-Catering-Enn-Tobreluts-Logo.png","contentUrl":"https:\/\/bbqentertainment.com\/wp-content\/uploads\/2020\/04\/BBQ-Entertainment-N-Catering-Enn-Tobreluts-Logo.png","width":628,"height":266,"caption":"BBQ Entertainment O\u00dc"},"image":{"@id":"https:\/\/bbqentertainment.com\/#\/schema\/logo\/image\/"},"sameAs":["https:\/\/www.facebook.com\/BBQ-Entertainment-N-Catering-2437913376443540","https:\/\/www.instagram.com\/bbqentertainmentncatering\/","https:\/\/www.youtube.com\/channel\/UCmpuANQVhLy2Md8nrenp2jA"]}]}},"_links":{"self":[{"href":"https:\/\/bbqentertainment.com\/en\/wp-json\/wp\/v2\/product\/257784","targetHints":{"allow":["GET"]}}],"collection":[{"href":"https:\/\/bbqentertainment.com\/en\/wp-json\/wp\/v2\/product"}],"about":[{"href":"https:\/\/bbqentertainment.com\/en\/wp-json\/wp\/v2\/types\/product"}],"wp:featuredmedia":[{"embeddable":true,"href":"https:\/\/bbqentertainment.com\/en\/wp-json\/wp\/v2\/media\/258022"}],"wp:attachment":[{"href":"https:\/\/bbqentertainment.com\/en\/wp-json\/wp\/v2\/media?parent=257784"}],"wp:term":[{"taxonomy":"product_brand","embeddable":true,"href":"https:\/\/bbqentertainment.com\/en\/wp-json\/wp\/v2\/product_brand?post=257784"},{"taxonomy":"product_cat","embeddable":true,"href":"https:\/\/bbqentertainment.com\/en\/wp-json\/wp\/v2\/product_cat?post=257784"},{"taxonomy":"product_tag","embeddable":true,"href":"https:\/\/bbqentertainment.com\/en\/wp-json\/wp\/v2\/product_tag?post=257784"}],"curies":[{"name":"wp","href":"https:\/\/api.w.org\/{rel}","templated":true}]}}