{"id":257786,"date":"2026-03-02T00:47:19","date_gmt":"2026-03-01T22:47:19","guid":{"rendered":"https:\/\/bbqentertainment.com\/?post_type=product&#038;p=257786"},"modified":"2026-04-13T21:56:15","modified_gmt":"2026-04-13T18:56:15","slug":"napoleon-silikoonist-grillpintsel-algajatele","status":"publish","type":"product","link":"https:\/\/bbqentertainment.com\/en\/toode\/napoleon-silikoonist-grillpintsel-algajatele\/","title":{"rendered":"Napoleon silikoonist grillpintsel algajatele"},"content":{"rendered":"","protected":false},"excerpt":{"rendered":"<h3>Napoleon silikoonist grillpintsel algajatele<\/h3>\n<p>Paindlikud ja kuumuskindlad silikoonharjased jaotavad marinaadid, glasuurid ja kastmed \u00fchtlaselt ning t\u00e4iuslikult ilma et harjased sulaksid, narmendaksid v\u00f5i karvu ajaksid. Ergonoomiline, libisemiskindel k\u00e4epide tagab kindla haarde ja mugava kasutamise ka pikemate grillimis- v\u00f5i k\u00fcpsetussessioonide ajal. Vastupidaval alumiiniumisulamist k\u00e4epidemel on riputusava, mis toimib \u00fchtlasi pudeliavajana, nii et vajalik t\u00f6\u00f6riist on alati k\u00e4ep\u00e4rast. Pintsel on lihtsasti puhastatav ja m\u00f5eldud kestma, olles asendamatu abiline grillimisel, r\u00f6stimisel ja k\u00fcpsetamisel.<\/p>\n<p><strong>P\u00f5hiomadused<\/strong><\/p>\n<p>&#8211; Kuumakindlad silikoonharjased, mis on painduvad ja sobivad igat t\u00fc\u00fcpi kastmete ning marinaadidega.<br \/>\n&#8211; Turvaline, libisemiskindel k\u00e4epide, mis tagab kindla haarde ja ohutu kasutamise.<br \/>\n&#8211; Alumiiniumisulamist k\u00e4epide riputusavaga, mis toimib ka pudeliavajana<\/p>\n","protected":false},"featured_media":257967,"template":"","meta":{"inline_featured_image":false},"product_brand":[],"product_cat":[562,479],"product_tag":[],"class_list":{"0":"post-257786","1":"product","2":"type-product","3":"status-publish","4":"has-post-thumbnail","6":"product_cat-lisatarvikud-napoleon","7":"product_cat-grillitarvikud","9":"first","10":"instock","11":"taxable","12":"shipping-taxable","13":"purchasable","14":"product-type-simple"},"yoast_head":"<!-- This site is optimized with the Yoast SEO plugin v27.4 - https:\/\/yoast.com\/product\/yoast-seo-wordpress\/ -->\n<title>Napoleon silikoonist grillpintsel algajatele - BBQ Entertainment<\/title>\n<meta name=\"robots\" content=\"index, follow, max-snippet:-1, max-image-preview:large, max-video-preview:-1\" \/>\n<link rel=\"canonical\" href=\"https:\/\/bbqentertainment.com\/toode\/napoleon-silikoonist-grillpintsel-algajatele\/\" \/>\n<meta property=\"og:locale\" content=\"en_US\" \/>\n<meta property=\"og:type\" content=\"article\" \/>\n<meta property=\"og:title\" content=\"Napoleon silikoonist grillpintsel algajatele - BBQ Entertainment\" \/>\n<meta property=\"og:description\" content=\"Napoleon silikoonist grillpintsel algajatele Paindlikud ja kuumuskindlad silikoonharjased jaotavad marinaadid, glasuurid ja kastmed \u00fchtlaselt ning t\u00e4iuslikult ilma et harjased sulaksid, narmendaksid v\u00f5i karvu ajaksid. Ergonoomiline, libisemiskindel k\u00e4epide tagab kindla haarde ja mugava kasutamise ka pikemate grillimis- v\u00f5i k\u00fcpsetussessioonide ajal. Vastupidaval alumiiniumisulamist k\u00e4epidemel on riputusava, mis toimib \u00fchtlasi pudeliavajana, nii et vajalik t\u00f6\u00f6riist on alati k\u00e4ep\u00e4rast. Pintsel on lihtsasti puhastatav ja m\u00f5eldud kestma, olles asendamatu abiline grillimisel, r\u00f6stimisel ja k\u00fcpsetamisel.  P\u00f5hiomadused  - Kuumakindlad silikoonharjased, mis on painduvad ja sobivad igat t\u00fc\u00fcpi kastmete ning marinaadidega. - Turvaline, libisemiskindel k\u00e4epide, mis tagab kindla haarde ja ohutu kasutamise. - Alumiiniumisulamist k\u00e4epide riputusavaga, mis toimib ka pudeliavajana\" \/>\n<meta property=\"og:url\" content=\"https:\/\/bbqentertainment.com\/toode\/napoleon-silikoonist-grillpintsel-algajatele\/\" \/>\n<meta property=\"og:site_name\" content=\"BBQ Entertainment\" \/>\n<meta property=\"article:publisher\" content=\"https:\/\/www.facebook.com\/BBQ-Entertainment-N-Catering-2437913376443540\" \/>\n<meta property=\"article:modified_time\" content=\"2026-04-13T18:56:15+00:00\" \/>\n<meta property=\"og:image\" content=\"https:\/\/bbqentertainment.com\/wp-content\/uploads\/2026\/03\/GATL005-Web-Gallery-01-Original_JPG-GATL005_GoodBastingBrush_Prod-Ang-R.jpg\" \/>\n\t<meta property=\"og:image:width\" content=\"900\" \/>\n\t<meta property=\"og:image:height\" content=\"900\" \/>\n\t<meta property=\"og:image:type\" content=\"image\/jpeg\" \/>\n<meta name=\"twitter:card\" content=\"summary_large_image\" \/>\n<meta name=\"twitter:label1\" content=\"Est. reading time\" \/>\n\t<meta name=\"twitter:data1\" content=\"1 minute\" \/>\n<script type=\"application\/ld+json\" class=\"yoast-schema-graph\">{\"@context\":\"https:\\\/\\\/schema.org\",\"@graph\":[{\"@type\":[\"WebPage\",\"ItemPage\"],\"@id\":\"https:\\\/\\\/bbqentertainment.com\\\/toode\\\/napoleon-silikoonist-grillpintsel-algajatele\\\/\",\"url\":\"https:\\\/\\\/bbqentertainment.com\\\/toode\\\/napoleon-silikoonist-grillpintsel-algajatele\\\/\",\"name\":\"Napoleon silikoonist grillpintsel algajatele - BBQ Entertainment\",\"isPartOf\":{\"@id\":\"https:\\\/\\\/bbqentertainment.com\\\/#website\"},\"primaryImageOfPage\":{\"@id\":\"https:\\\/\\\/bbqentertainment.com\\\/toode\\\/napoleon-silikoonist-grillpintsel-algajatele\\\/#primaryimage\"},\"image\":{\"@id\":\"https:\\\/\\\/bbqentertainment.com\\\/toode\\\/napoleon-silikoonist-grillpintsel-algajatele\\\/#primaryimage\"},\"thumbnailUrl\":\"https:\\\/\\\/bbqentertainment.com\\\/wp-content\\\/uploads\\\/2026\\\/03\\\/GATL005-Web-Gallery-01-Original_JPG-GATL005_GoodBastingBrush_Prod-Ang-R.jpg\",\"datePublished\":\"2026-03-01T22:47:19+00:00\",\"dateModified\":\"2026-04-13T18:56:15+00:00\",\"breadcrumb\":{\"@id\":\"https:\\\/\\\/bbqentertainment.com\\\/toode\\\/napoleon-silikoonist-grillpintsel-algajatele\\\/#breadcrumb\"},\"inLanguage\":\"en-US\",\"potentialAction\":[{\"@type\":\"ReadAction\",\"target\":[\"https:\\\/\\\/bbqentertainment.com\\\/toode\\\/napoleon-silikoonist-grillpintsel-algajatele\\\/\"]}]},{\"@type\":\"ImageObject\",\"inLanguage\":\"en-US\",\"@id\":\"https:\\\/\\\/bbqentertainment.com\\\/toode\\\/napoleon-silikoonist-grillpintsel-algajatele\\\/#primaryimage\",\"url\":\"https:\\\/\\\/bbqentertainment.com\\\/wp-content\\\/uploads\\\/2026\\\/03\\\/GATL005-Web-Gallery-01-Original_JPG-GATL005_GoodBastingBrush_Prod-Ang-R.jpg\",\"contentUrl\":\"https:\\\/\\\/bbqentertainment.com\\\/wp-content\\\/uploads\\\/2026\\\/03\\\/GATL005-Web-Gallery-01-Original_JPG-GATL005_GoodBastingBrush_Prod-Ang-R.jpg\",\"width\":900,\"height\":900},{\"@type\":\"BreadcrumbList\",\"@id\":\"https:\\\/\\\/bbqentertainment.com\\\/toode\\\/napoleon-silikoonist-grillpintsel-algajatele\\\/#breadcrumb\",\"itemListElement\":[{\"@type\":\"ListItem\",\"position\":1,\"name\":\"AVALEHT\",\"item\":\"https:\\\/\\\/bbqentertainment.com\\\/en\\\/\"},{\"@type\":\"ListItem\",\"position\":2,\"name\":\"Tooted\",\"item\":\"https:\\\/\\\/bbqentertainment.com\\\/tooted\\\/\"},{\"@type\":\"ListItem\",\"position\":3,\"name\":\"Lisatarvikud\",\"item\":\"https:\\\/\\\/bbqentertainment.com\\\/tootekategooria\\\/lisatarvikud\\\/\"},{\"@type\":\"ListItem\",\"position\":4,\"name\":\"Lisatarvikud Napoleon\",\"item\":\"https:\\\/\\\/bbqentertainment.com\\\/tootekategooria\\\/lisatarvikud\\\/lisatarvikud-napoleon\\\/\"},{\"@type\":\"ListItem\",\"position\":5,\"name\":\"Napoleon silikoonist grillpintsel algajatele\"}]},{\"@type\":\"WebSite\",\"@id\":\"https:\\\/\\\/bbqentertainment.com\\\/#website\",\"url\":\"https:\\\/\\\/bbqentertainment.com\\\/\",\"name\":\"BBQ Entertainment\",\"description\":\"BBQ is a great lifestyle, not just fun!\",\"publisher\":{\"@id\":\"https:\\\/\\\/bbqentertainment.com\\\/#organization\"},\"potentialAction\":[{\"@type\":\"SearchAction\",\"target\":{\"@type\":\"EntryPoint\",\"urlTemplate\":\"https:\\\/\\\/bbqentertainment.com\\\/?s={search_term_string}\"},\"query-input\":{\"@type\":\"PropertyValueSpecification\",\"valueRequired\":true,\"valueName\":\"search_term_string\"}}],\"inLanguage\":\"en-US\"},{\"@type\":\"Organization\",\"@id\":\"https:\\\/\\\/bbqentertainment.com\\\/#organization\",\"name\":\"BBQ Entertainment O\u00dc\",\"url\":\"https:\\\/\\\/bbqentertainment.com\\\/\",\"logo\":{\"@type\":\"ImageObject\",\"inLanguage\":\"en-US\",\"@id\":\"https:\\\/\\\/bbqentertainment.com\\\/#\\\/schema\\\/logo\\\/image\\\/\",\"url\":\"https:\\\/\\\/bbqentertainment.com\\\/wp-content\\\/uploads\\\/2020\\\/04\\\/BBQ-Entertainment-N-Catering-Enn-Tobreluts-Logo.png\",\"contentUrl\":\"https:\\\/\\\/bbqentertainment.com\\\/wp-content\\\/uploads\\\/2020\\\/04\\\/BBQ-Entertainment-N-Catering-Enn-Tobreluts-Logo.png\",\"width\":628,\"height\":266,\"caption\":\"BBQ Entertainment O\u00dc\"},\"image\":{\"@id\":\"https:\\\/\\\/bbqentertainment.com\\\/#\\\/schema\\\/logo\\\/image\\\/\"},\"sameAs\":[\"https:\\\/\\\/www.facebook.com\\\/BBQ-Entertainment-N-Catering-2437913376443540\",\"https:\\\/\\\/www.instagram.com\\\/bbqentertainmentncatering\\\/\",\"https:\\\/\\\/www.youtube.com\\\/channel\\\/UCmpuANQVhLy2Md8nrenp2jA\"]}]}<\/script>\n<!-- \/ Yoast SEO plugin. -->","yoast_head_json":{"title":"Napoleon silikoonist grillpintsel algajatele - BBQ Entertainment","robots":{"index":"index","follow":"follow","max-snippet":"max-snippet:-1","max-image-preview":"max-image-preview:large","max-video-preview":"max-video-preview:-1"},"canonical":"https:\/\/bbqentertainment.com\/toode\/napoleon-silikoonist-grillpintsel-algajatele\/","og_locale":"en_US","og_type":"article","og_title":"Napoleon silikoonist grillpintsel algajatele - BBQ Entertainment","og_description":"Napoleon silikoonist grillpintsel algajatele Paindlikud ja kuumuskindlad silikoonharjased jaotavad marinaadid, glasuurid ja kastmed \u00fchtlaselt ning t\u00e4iuslikult ilma et harjased sulaksid, narmendaksid v\u00f5i karvu ajaksid. Ergonoomiline, libisemiskindel k\u00e4epide tagab kindla haarde ja mugava kasutamise ka pikemate grillimis- v\u00f5i k\u00fcpsetussessioonide ajal. Vastupidaval alumiiniumisulamist k\u00e4epidemel on riputusava, mis toimib \u00fchtlasi pudeliavajana, nii et vajalik t\u00f6\u00f6riist on alati k\u00e4ep\u00e4rast. Pintsel on lihtsasti puhastatav ja m\u00f5eldud kestma, olles asendamatu abiline grillimisel, r\u00f6stimisel ja k\u00fcpsetamisel.  P\u00f5hiomadused  - Kuumakindlad silikoonharjased, mis on painduvad ja sobivad igat t\u00fc\u00fcpi kastmete ning marinaadidega. - Turvaline, libisemiskindel k\u00e4epide, mis tagab kindla haarde ja ohutu kasutamise. - Alumiiniumisulamist k\u00e4epide riputusavaga, mis toimib ka pudeliavajana","og_url":"https:\/\/bbqentertainment.com\/toode\/napoleon-silikoonist-grillpintsel-algajatele\/","og_site_name":"BBQ Entertainment","article_publisher":"https:\/\/www.facebook.com\/BBQ-Entertainment-N-Catering-2437913376443540","article_modified_time":"2026-04-13T18:56:15+00:00","og_image":[{"width":900,"height":900,"url":"https:\/\/bbqentertainment.com\/wp-content\/uploads\/2026\/03\/GATL005-Web-Gallery-01-Original_JPG-GATL005_GoodBastingBrush_Prod-Ang-R.jpg","type":"image\/jpeg"}],"twitter_card":"summary_large_image","twitter_misc":{"Est. reading time":"1 minute"},"schema":{"@context":"https:\/\/schema.org","@graph":[{"@type":["WebPage","ItemPage"],"@id":"https:\/\/bbqentertainment.com\/toode\/napoleon-silikoonist-grillpintsel-algajatele\/","url":"https:\/\/bbqentertainment.com\/toode\/napoleon-silikoonist-grillpintsel-algajatele\/","name":"Napoleon silikoonist grillpintsel algajatele - BBQ Entertainment","isPartOf":{"@id":"https:\/\/bbqentertainment.com\/#website"},"primaryImageOfPage":{"@id":"https:\/\/bbqentertainment.com\/toode\/napoleon-silikoonist-grillpintsel-algajatele\/#primaryimage"},"image":{"@id":"https:\/\/bbqentertainment.com\/toode\/napoleon-silikoonist-grillpintsel-algajatele\/#primaryimage"},"thumbnailUrl":"https:\/\/bbqentertainment.com\/wp-content\/uploads\/2026\/03\/GATL005-Web-Gallery-01-Original_JPG-GATL005_GoodBastingBrush_Prod-Ang-R.jpg","datePublished":"2026-03-01T22:47:19+00:00","dateModified":"2026-04-13T18:56:15+00:00","breadcrumb":{"@id":"https:\/\/bbqentertainment.com\/toode\/napoleon-silikoonist-grillpintsel-algajatele\/#breadcrumb"},"inLanguage":"en-US","potentialAction":[{"@type":"ReadAction","target":["https:\/\/bbqentertainment.com\/toode\/napoleon-silikoonist-grillpintsel-algajatele\/"]}]},{"@type":"ImageObject","inLanguage":"en-US","@id":"https:\/\/bbqentertainment.com\/toode\/napoleon-silikoonist-grillpintsel-algajatele\/#primaryimage","url":"https:\/\/bbqentertainment.com\/wp-content\/uploads\/2026\/03\/GATL005-Web-Gallery-01-Original_JPG-GATL005_GoodBastingBrush_Prod-Ang-R.jpg","contentUrl":"https:\/\/bbqentertainment.com\/wp-content\/uploads\/2026\/03\/GATL005-Web-Gallery-01-Original_JPG-GATL005_GoodBastingBrush_Prod-Ang-R.jpg","width":900,"height":900},{"@type":"BreadcrumbList","@id":"https:\/\/bbqentertainment.com\/toode\/napoleon-silikoonist-grillpintsel-algajatele\/#breadcrumb","itemListElement":[{"@type":"ListItem","position":1,"name":"AVALEHT","item":"https:\/\/bbqentertainment.com\/en\/"},{"@type":"ListItem","position":2,"name":"Tooted","item":"https:\/\/bbqentertainment.com\/tooted\/"},{"@type":"ListItem","position":3,"name":"Lisatarvikud","item":"https:\/\/bbqentertainment.com\/tootekategooria\/lisatarvikud\/"},{"@type":"ListItem","position":4,"name":"Lisatarvikud Napoleon","item":"https:\/\/bbqentertainment.com\/tootekategooria\/lisatarvikud\/lisatarvikud-napoleon\/"},{"@type":"ListItem","position":5,"name":"Napoleon silikoonist grillpintsel algajatele"}]},{"@type":"WebSite","@id":"https:\/\/bbqentertainment.com\/#website","url":"https:\/\/bbqentertainment.com\/","name":"BBQ Entertainment","description":"BBQ is a great lifestyle, not just fun!","publisher":{"@id":"https:\/\/bbqentertainment.com\/#organization"},"potentialAction":[{"@type":"SearchAction","target":{"@type":"EntryPoint","urlTemplate":"https:\/\/bbqentertainment.com\/?s={search_term_string}"},"query-input":{"@type":"PropertyValueSpecification","valueRequired":true,"valueName":"search_term_string"}}],"inLanguage":"en-US"},{"@type":"Organization","@id":"https:\/\/bbqentertainment.com\/#organization","name":"BBQ Entertainment O\u00dc","url":"https:\/\/bbqentertainment.com\/","logo":{"@type":"ImageObject","inLanguage":"en-US","@id":"https:\/\/bbqentertainment.com\/#\/schema\/logo\/image\/","url":"https:\/\/bbqentertainment.com\/wp-content\/uploads\/2020\/04\/BBQ-Entertainment-N-Catering-Enn-Tobreluts-Logo.png","contentUrl":"https:\/\/bbqentertainment.com\/wp-content\/uploads\/2020\/04\/BBQ-Entertainment-N-Catering-Enn-Tobreluts-Logo.png","width":628,"height":266,"caption":"BBQ Entertainment O\u00dc"},"image":{"@id":"https:\/\/bbqentertainment.com\/#\/schema\/logo\/image\/"},"sameAs":["https:\/\/www.facebook.com\/BBQ-Entertainment-N-Catering-2437913376443540","https:\/\/www.instagram.com\/bbqentertainmentncatering\/","https:\/\/www.youtube.com\/channel\/UCmpuANQVhLy2Md8nrenp2jA"]}]}},"_links":{"self":[{"href":"https:\/\/bbqentertainment.com\/en\/wp-json\/wp\/v2\/product\/257786","targetHints":{"allow":["GET"]}}],"collection":[{"href":"https:\/\/bbqentertainment.com\/en\/wp-json\/wp\/v2\/product"}],"about":[{"href":"https:\/\/bbqentertainment.com\/en\/wp-json\/wp\/v2\/types\/product"}],"wp:featuredmedia":[{"embeddable":true,"href":"https:\/\/bbqentertainment.com\/en\/wp-json\/wp\/v2\/media\/257967"}],"wp:attachment":[{"href":"https:\/\/bbqentertainment.com\/en\/wp-json\/wp\/v2\/media?parent=257786"}],"wp:term":[{"taxonomy":"product_brand","embeddable":true,"href":"https:\/\/bbqentertainment.com\/en\/wp-json\/wp\/v2\/product_brand?post=257786"},{"taxonomy":"product_cat","embeddable":true,"href":"https:\/\/bbqentertainment.com\/en\/wp-json\/wp\/v2\/product_cat?post=257786"},{"taxonomy":"product_tag","embeddable":true,"href":"https:\/\/bbqentertainment.com\/en\/wp-json\/wp\/v2\/product_tag?post=257786"}],"curies":[{"name":"wp","href":"https:\/\/api.w.org\/{rel}","templated":true}]}}