{"id":257788,"date":"2026-03-02T00:47:20","date_gmt":"2026-03-01T22:47:20","guid":{"rendered":"https:\/\/bbqentertainment.com\/?post_type=product&#038;p=257788"},"modified":"2026-04-13T21:56:15","modified_gmt":"2026-04-13T18:56:15","slug":"napoleon-bambusepuust-loikelaud-prestige-ja-pro-grillidele","status":"publish","type":"product","link":"https:\/\/bbqentertainment.com\/en\/toode\/napoleon-bambusepuust-loikelaud-prestige-ja-pro-grillidele\/","title":{"rendered":"Napoleon bambusepuust l\u00f5ikelaud Prestige ja PRO grillidele"},"content":{"rendered":"","protected":false},"excerpt":{"rendered":"<h3>Napoleon bambusepuust l\u00f5ikelaud Prestige ja PRO grillidele<\/h3>\n<p>Bambusest l\u00f5ikelaud sobib ideaalselt igap\u00e4evaseks kasutamiseks nii k\u00f6\u00f6gis kui ka grilli k\u00f5rval. 45,7 \u00d7 30,5 cm suurune laud on spetsiaalselt disainitud nii, et see mahuks Napoleon Rogue SE, Prestige ja Prestige PRO grillide k\u00fclmariiulitele, et ettevalmistus oleks v\u00f5imalikult lihtne. Bambuse loomulikult antibakteriaalne pind teeb sellest suurep\u00e4rase abilise toidu ettevalmistamisel. Silikoonist jalad hoiavad lauda stabiilselt paigal ning kaitsevad nii t\u00f6\u00f6pinda kui ka grilli k\u00fclmariiulit. Ergonoomilised k\u00e4epidemed muudavad kandmise mugavaks ka siis, kui laud on toiduga kaetud. \u00c4\u00e4ris soontega kogub mahlad ja lihaleemest j\u00e4\u00e4gid kokku, et saaksid neid kasutada kastmete ja lihaleeme valmistamiseks. Nutikas, mitmeotstarbeline ja lihtsasti hooldatav lisatarvik, mis teeb toiduvalmistamise mugavamaks.<\/p>\n<p><strong>P\u00f5hiomadused<\/strong><\/p>\n<p>&#8211; Sobib Prestige ja Rogue SE mudelite k\u00fclmariiulitele<br \/>\n&#8211; Silikoonjalad stabiilsuseks ja k\u00fclmariiuli kaitseks<br \/>\n&#8211; Ergonoomiline k\u00e4epide<br \/>\n&#8211; M\u00f5\u00f5dud 45,7 \u00d7 30,5 cm<br \/>\n&#8211; Mahlavagu\/tilgasooned puhtamaks toidu ettevalmistuseks<\/p>\n","protected":false},"featured_media":258008,"template":"","meta":{"inline_featured_image":false},"product_brand":[],"product_cat":[562,25],"product_tag":[],"class_list":{"0":"post-257788","1":"product","2":"type-product","3":"status-publish","4":"has-post-thumbnail","6":"product_cat-lisatarvikud-napoleon","7":"product_cat-foolium-ja-toidukile","9":"first","10":"instock","11":"taxable","12":"shipping-taxable","13":"purchasable","14":"product-type-simple"},"yoast_head":"<!-- This site is optimized with the Yoast SEO plugin v27.4 - https:\/\/yoast.com\/product\/yoast-seo-wordpress\/ -->\n<title>Napoleon bambusepuust l\u00f5ikelaud Prestige ja PRO grillidele - BBQ Entertainment<\/title>\n<meta name=\"robots\" content=\"index, follow, max-snippet:-1, max-image-preview:large, max-video-preview:-1\" \/>\n<link rel=\"canonical\" href=\"https:\/\/bbqentertainment.com\/toode\/napoleon-bambusepuust-loikelaud-prestige-ja-pro-grillidele\/\" \/>\n<meta property=\"og:locale\" content=\"en_US\" \/>\n<meta property=\"og:type\" content=\"article\" \/>\n<meta property=\"og:title\" content=\"Napoleon bambusepuust l\u00f5ikelaud Prestige ja PRO grillidele - BBQ Entertainment\" \/>\n<meta property=\"og:description\" content=\"Napoleon bambusepuust l\u00f5ikelaud Prestige ja PRO grillidele Bambusest l\u00f5ikelaud sobib ideaalselt igap\u00e4evaseks kasutamiseks nii k\u00f6\u00f6gis kui ka grilli k\u00f5rval. 45,7 \u00d7 30,5 cm suurune laud on spetsiaalselt disainitud nii, et see mahuks Napoleon Rogue SE, Prestige ja Prestige PRO grillide k\u00fclmariiulitele, et ettevalmistus oleks v\u00f5imalikult lihtne. Bambuse loomulikult antibakteriaalne pind teeb sellest suurep\u00e4rase abilise toidu ettevalmistamisel. Silikoonist jalad hoiavad lauda stabiilselt paigal ning kaitsevad nii t\u00f6\u00f6pinda kui ka grilli k\u00fclmariiulit. Ergonoomilised k\u00e4epidemed muudavad kandmise mugavaks ka siis, kui laud on toiduga kaetud. \u00c4\u00e4ris soontega kogub mahlad ja lihaleemest j\u00e4\u00e4gid kokku, et saaksid neid kasutada kastmete ja lihaleeme valmistamiseks. Nutikas, mitmeotstarbeline ja lihtsasti hooldatav lisatarvik, mis teeb toiduvalmistamise mugavamaks.  P\u00f5hiomadused  - Sobib Prestige ja Rogue SE mudelite k\u00fclmariiulitele - Silikoonjalad stabiilsuseks ja k\u00fclmariiuli kaitseks - Ergonoomiline k\u00e4epide - M\u00f5\u00f5dud 45,7 \u00d7 30,5 cm - Mahlavagu\/tilgasooned puhtamaks toidu ettevalmistuseks\" \/>\n<meta property=\"og:url\" content=\"https:\/\/bbqentertainment.com\/toode\/napoleon-bambusepuust-loikelaud-prestige-ja-pro-grillidele\/\" \/>\n<meta property=\"og:site_name\" content=\"BBQ Entertainment\" \/>\n<meta property=\"article:publisher\" content=\"https:\/\/www.facebook.com\/BBQ-Entertainment-N-Catering-2437913376443540\" \/>\n<meta property=\"article:modified_time\" content=\"2026-04-13T18:56:15+00:00\" \/>\n<meta property=\"og:image\" content=\"https:\/\/bbqentertainment.com\/wp-content\/uploads\/2026\/03\/70114-Web-Gallery-03-70114-PRO-Bamboo-Cutting-Board-OnBlack-1.jpg\" \/>\n\t<meta property=\"og:image:width\" content=\"900\" \/>\n\t<meta property=\"og:image:height\" content=\"900\" \/>\n\t<meta property=\"og:image:type\" content=\"image\/jpeg\" \/>\n<meta name=\"twitter:card\" content=\"summary_large_image\" \/>\n<meta name=\"twitter:label1\" content=\"Est. reading time\" \/>\n\t<meta name=\"twitter:data1\" content=\"1 minute\" \/>\n<script type=\"application\/ld+json\" class=\"yoast-schema-graph\">{\"@context\":\"https:\\\/\\\/schema.org\",\"@graph\":[{\"@type\":[\"WebPage\",\"ItemPage\"],\"@id\":\"https:\\\/\\\/bbqentertainment.com\\\/toode\\\/napoleon-bambusepuust-loikelaud-prestige-ja-pro-grillidele\\\/\",\"url\":\"https:\\\/\\\/bbqentertainment.com\\\/toode\\\/napoleon-bambusepuust-loikelaud-prestige-ja-pro-grillidele\\\/\",\"name\":\"Napoleon bambusepuust l\u00f5ikelaud Prestige ja PRO grillidele - BBQ Entertainment\",\"isPartOf\":{\"@id\":\"https:\\\/\\\/bbqentertainment.com\\\/#website\"},\"primaryImageOfPage\":{\"@id\":\"https:\\\/\\\/bbqentertainment.com\\\/toode\\\/napoleon-bambusepuust-loikelaud-prestige-ja-pro-grillidele\\\/#primaryimage\"},\"image\":{\"@id\":\"https:\\\/\\\/bbqentertainment.com\\\/toode\\\/napoleon-bambusepuust-loikelaud-prestige-ja-pro-grillidele\\\/#primaryimage\"},\"thumbnailUrl\":\"https:\\\/\\\/bbqentertainment.com\\\/wp-content\\\/uploads\\\/2026\\\/03\\\/70114-Web-Gallery-03-70114-PRO-Bamboo-Cutting-Board-OnBlack-1.jpg\",\"datePublished\":\"2026-03-01T22:47:20+00:00\",\"dateModified\":\"2026-04-13T18:56:15+00:00\",\"breadcrumb\":{\"@id\":\"https:\\\/\\\/bbqentertainment.com\\\/toode\\\/napoleon-bambusepuust-loikelaud-prestige-ja-pro-grillidele\\\/#breadcrumb\"},\"inLanguage\":\"en-US\",\"potentialAction\":[{\"@type\":\"ReadAction\",\"target\":[\"https:\\\/\\\/bbqentertainment.com\\\/toode\\\/napoleon-bambusepuust-loikelaud-prestige-ja-pro-grillidele\\\/\"]}]},{\"@type\":\"ImageObject\",\"inLanguage\":\"en-US\",\"@id\":\"https:\\\/\\\/bbqentertainment.com\\\/toode\\\/napoleon-bambusepuust-loikelaud-prestige-ja-pro-grillidele\\\/#primaryimage\",\"url\":\"https:\\\/\\\/bbqentertainment.com\\\/wp-content\\\/uploads\\\/2026\\\/03\\\/70114-Web-Gallery-03-70114-PRO-Bamboo-Cutting-Board-OnBlack-1.jpg\",\"contentUrl\":\"https:\\\/\\\/bbqentertainment.com\\\/wp-content\\\/uploads\\\/2026\\\/03\\\/70114-Web-Gallery-03-70114-PRO-Bamboo-Cutting-Board-OnBlack-1.jpg\",\"width\":900,\"height\":900},{\"@type\":\"BreadcrumbList\",\"@id\":\"https:\\\/\\\/bbqentertainment.com\\\/toode\\\/napoleon-bambusepuust-loikelaud-prestige-ja-pro-grillidele\\\/#breadcrumb\",\"itemListElement\":[{\"@type\":\"ListItem\",\"position\":1,\"name\":\"AVALEHT\",\"item\":\"https:\\\/\\\/bbqentertainment.com\\\/en\\\/\"},{\"@type\":\"ListItem\",\"position\":2,\"name\":\"Tooted\",\"item\":\"https:\\\/\\\/bbqentertainment.com\\\/tooted\\\/\"},{\"@type\":\"ListItem\",\"position\":3,\"name\":\"Lisatarvikud\",\"item\":\"https:\\\/\\\/bbqentertainment.com\\\/tootekategooria\\\/lisatarvikud\\\/\"},{\"@type\":\"ListItem\",\"position\":4,\"name\":\"Lisatarvikud Napoleon\",\"item\":\"https:\\\/\\\/bbqentertainment.com\\\/tootekategooria\\\/lisatarvikud\\\/lisatarvikud-napoleon\\\/\"},{\"@type\":\"ListItem\",\"position\":5,\"name\":\"Napoleon bambusepuust l\u00f5ikelaud Prestige ja PRO grillidele\"}]},{\"@type\":\"WebSite\",\"@id\":\"https:\\\/\\\/bbqentertainment.com\\\/#website\",\"url\":\"https:\\\/\\\/bbqentertainment.com\\\/\",\"name\":\"BBQ Entertainment\",\"description\":\"BBQ is a great lifestyle, not just fun!\",\"publisher\":{\"@id\":\"https:\\\/\\\/bbqentertainment.com\\\/#organization\"},\"potentialAction\":[{\"@type\":\"SearchAction\",\"target\":{\"@type\":\"EntryPoint\",\"urlTemplate\":\"https:\\\/\\\/bbqentertainment.com\\\/?s={search_term_string}\"},\"query-input\":{\"@type\":\"PropertyValueSpecification\",\"valueRequired\":true,\"valueName\":\"search_term_string\"}}],\"inLanguage\":\"en-US\"},{\"@type\":\"Organization\",\"@id\":\"https:\\\/\\\/bbqentertainment.com\\\/#organization\",\"name\":\"BBQ Entertainment O\u00dc\",\"url\":\"https:\\\/\\\/bbqentertainment.com\\\/\",\"logo\":{\"@type\":\"ImageObject\",\"inLanguage\":\"en-US\",\"@id\":\"https:\\\/\\\/bbqentertainment.com\\\/#\\\/schema\\\/logo\\\/image\\\/\",\"url\":\"https:\\\/\\\/bbqentertainment.com\\\/wp-content\\\/uploads\\\/2020\\\/04\\\/BBQ-Entertainment-N-Catering-Enn-Tobreluts-Logo.png\",\"contentUrl\":\"https:\\\/\\\/bbqentertainment.com\\\/wp-content\\\/uploads\\\/2020\\\/04\\\/BBQ-Entertainment-N-Catering-Enn-Tobreluts-Logo.png\",\"width\":628,\"height\":266,\"caption\":\"BBQ Entertainment O\u00dc\"},\"image\":{\"@id\":\"https:\\\/\\\/bbqentertainment.com\\\/#\\\/schema\\\/logo\\\/image\\\/\"},\"sameAs\":[\"https:\\\/\\\/www.facebook.com\\\/BBQ-Entertainment-N-Catering-2437913376443540\",\"https:\\\/\\\/www.instagram.com\\\/bbqentertainmentncatering\\\/\",\"https:\\\/\\\/www.youtube.com\\\/channel\\\/UCmpuANQVhLy2Md8nrenp2jA\"]}]}<\/script>\n<!-- \/ Yoast SEO plugin. -->","yoast_head_json":{"title":"Napoleon bambusepuust l\u00f5ikelaud Prestige ja PRO grillidele - BBQ Entertainment","robots":{"index":"index","follow":"follow","max-snippet":"max-snippet:-1","max-image-preview":"max-image-preview:large","max-video-preview":"max-video-preview:-1"},"canonical":"https:\/\/bbqentertainment.com\/toode\/napoleon-bambusepuust-loikelaud-prestige-ja-pro-grillidele\/","og_locale":"en_US","og_type":"article","og_title":"Napoleon bambusepuust l\u00f5ikelaud Prestige ja PRO grillidele - BBQ Entertainment","og_description":"Napoleon bambusepuust l\u00f5ikelaud Prestige ja PRO grillidele Bambusest l\u00f5ikelaud sobib ideaalselt igap\u00e4evaseks kasutamiseks nii k\u00f6\u00f6gis kui ka grilli k\u00f5rval. 45,7 \u00d7 30,5 cm suurune laud on spetsiaalselt disainitud nii, et see mahuks Napoleon Rogue SE, Prestige ja Prestige PRO grillide k\u00fclmariiulitele, et ettevalmistus oleks v\u00f5imalikult lihtne. Bambuse loomulikult antibakteriaalne pind teeb sellest suurep\u00e4rase abilise toidu ettevalmistamisel. Silikoonist jalad hoiavad lauda stabiilselt paigal ning kaitsevad nii t\u00f6\u00f6pinda kui ka grilli k\u00fclmariiulit. Ergonoomilised k\u00e4epidemed muudavad kandmise mugavaks ka siis, kui laud on toiduga kaetud. \u00c4\u00e4ris soontega kogub mahlad ja lihaleemest j\u00e4\u00e4gid kokku, et saaksid neid kasutada kastmete ja lihaleeme valmistamiseks. Nutikas, mitmeotstarbeline ja lihtsasti hooldatav lisatarvik, mis teeb toiduvalmistamise mugavamaks.  P\u00f5hiomadused  - Sobib Prestige ja Rogue SE mudelite k\u00fclmariiulitele - Silikoonjalad stabiilsuseks ja k\u00fclmariiuli kaitseks - Ergonoomiline k\u00e4epide - M\u00f5\u00f5dud 45,7 \u00d7 30,5 cm - Mahlavagu\/tilgasooned puhtamaks toidu ettevalmistuseks","og_url":"https:\/\/bbqentertainment.com\/toode\/napoleon-bambusepuust-loikelaud-prestige-ja-pro-grillidele\/","og_site_name":"BBQ Entertainment","article_publisher":"https:\/\/www.facebook.com\/BBQ-Entertainment-N-Catering-2437913376443540","article_modified_time":"2026-04-13T18:56:15+00:00","og_image":[{"width":900,"height":900,"url":"https:\/\/bbqentertainment.com\/wp-content\/uploads\/2026\/03\/70114-Web-Gallery-03-70114-PRO-Bamboo-Cutting-Board-OnBlack-1.jpg","type":"image\/jpeg"}],"twitter_card":"summary_large_image","twitter_misc":{"Est. reading time":"1 minute"},"schema":{"@context":"https:\/\/schema.org","@graph":[{"@type":["WebPage","ItemPage"],"@id":"https:\/\/bbqentertainment.com\/toode\/napoleon-bambusepuust-loikelaud-prestige-ja-pro-grillidele\/","url":"https:\/\/bbqentertainment.com\/toode\/napoleon-bambusepuust-loikelaud-prestige-ja-pro-grillidele\/","name":"Napoleon bambusepuust l\u00f5ikelaud Prestige ja PRO grillidele - BBQ Entertainment","isPartOf":{"@id":"https:\/\/bbqentertainment.com\/#website"},"primaryImageOfPage":{"@id":"https:\/\/bbqentertainment.com\/toode\/napoleon-bambusepuust-loikelaud-prestige-ja-pro-grillidele\/#primaryimage"},"image":{"@id":"https:\/\/bbqentertainment.com\/toode\/napoleon-bambusepuust-loikelaud-prestige-ja-pro-grillidele\/#primaryimage"},"thumbnailUrl":"https:\/\/bbqentertainment.com\/wp-content\/uploads\/2026\/03\/70114-Web-Gallery-03-70114-PRO-Bamboo-Cutting-Board-OnBlack-1.jpg","datePublished":"2026-03-01T22:47:20+00:00","dateModified":"2026-04-13T18:56:15+00:00","breadcrumb":{"@id":"https:\/\/bbqentertainment.com\/toode\/napoleon-bambusepuust-loikelaud-prestige-ja-pro-grillidele\/#breadcrumb"},"inLanguage":"en-US","potentialAction":[{"@type":"ReadAction","target":["https:\/\/bbqentertainment.com\/toode\/napoleon-bambusepuust-loikelaud-prestige-ja-pro-grillidele\/"]}]},{"@type":"ImageObject","inLanguage":"en-US","@id":"https:\/\/bbqentertainment.com\/toode\/napoleon-bambusepuust-loikelaud-prestige-ja-pro-grillidele\/#primaryimage","url":"https:\/\/bbqentertainment.com\/wp-content\/uploads\/2026\/03\/70114-Web-Gallery-03-70114-PRO-Bamboo-Cutting-Board-OnBlack-1.jpg","contentUrl":"https:\/\/bbqentertainment.com\/wp-content\/uploads\/2026\/03\/70114-Web-Gallery-03-70114-PRO-Bamboo-Cutting-Board-OnBlack-1.jpg","width":900,"height":900},{"@type":"BreadcrumbList","@id":"https:\/\/bbqentertainment.com\/toode\/napoleon-bambusepuust-loikelaud-prestige-ja-pro-grillidele\/#breadcrumb","itemListElement":[{"@type":"ListItem","position":1,"name":"AVALEHT","item":"https:\/\/bbqentertainment.com\/en\/"},{"@type":"ListItem","position":2,"name":"Tooted","item":"https:\/\/bbqentertainment.com\/tooted\/"},{"@type":"ListItem","position":3,"name":"Lisatarvikud","item":"https:\/\/bbqentertainment.com\/tootekategooria\/lisatarvikud\/"},{"@type":"ListItem","position":4,"name":"Lisatarvikud Napoleon","item":"https:\/\/bbqentertainment.com\/tootekategooria\/lisatarvikud\/lisatarvikud-napoleon\/"},{"@type":"ListItem","position":5,"name":"Napoleon bambusepuust l\u00f5ikelaud Prestige ja PRO grillidele"}]},{"@type":"WebSite","@id":"https:\/\/bbqentertainment.com\/#website","url":"https:\/\/bbqentertainment.com\/","name":"BBQ Entertainment","description":"BBQ is a great lifestyle, not just fun!","publisher":{"@id":"https:\/\/bbqentertainment.com\/#organization"},"potentialAction":[{"@type":"SearchAction","target":{"@type":"EntryPoint","urlTemplate":"https:\/\/bbqentertainment.com\/?s={search_term_string}"},"query-input":{"@type":"PropertyValueSpecification","valueRequired":true,"valueName":"search_term_string"}}],"inLanguage":"en-US"},{"@type":"Organization","@id":"https:\/\/bbqentertainment.com\/#organization","name":"BBQ Entertainment O\u00dc","url":"https:\/\/bbqentertainment.com\/","logo":{"@type":"ImageObject","inLanguage":"en-US","@id":"https:\/\/bbqentertainment.com\/#\/schema\/logo\/image\/","url":"https:\/\/bbqentertainment.com\/wp-content\/uploads\/2020\/04\/BBQ-Entertainment-N-Catering-Enn-Tobreluts-Logo.png","contentUrl":"https:\/\/bbqentertainment.com\/wp-content\/uploads\/2020\/04\/BBQ-Entertainment-N-Catering-Enn-Tobreluts-Logo.png","width":628,"height":266,"caption":"BBQ Entertainment O\u00dc"},"image":{"@id":"https:\/\/bbqentertainment.com\/#\/schema\/logo\/image\/"},"sameAs":["https:\/\/www.facebook.com\/BBQ-Entertainment-N-Catering-2437913376443540","https:\/\/www.instagram.com\/bbqentertainmentncatering\/","https:\/\/www.youtube.com\/channel\/UCmpuANQVhLy2Md8nrenp2jA"]}]}},"_links":{"self":[{"href":"https:\/\/bbqentertainment.com\/en\/wp-json\/wp\/v2\/product\/257788","targetHints":{"allow":["GET"]}}],"collection":[{"href":"https:\/\/bbqentertainment.com\/en\/wp-json\/wp\/v2\/product"}],"about":[{"href":"https:\/\/bbqentertainment.com\/en\/wp-json\/wp\/v2\/types\/product"}],"wp:featuredmedia":[{"embeddable":true,"href":"https:\/\/bbqentertainment.com\/en\/wp-json\/wp\/v2\/media\/258008"}],"wp:attachment":[{"href":"https:\/\/bbqentertainment.com\/en\/wp-json\/wp\/v2\/media?parent=257788"}],"wp:term":[{"taxonomy":"product_brand","embeddable":true,"href":"https:\/\/bbqentertainment.com\/en\/wp-json\/wp\/v2\/product_brand?post=257788"},{"taxonomy":"product_cat","embeddable":true,"href":"https:\/\/bbqentertainment.com\/en\/wp-json\/wp\/v2\/product_cat?post=257788"},{"taxonomy":"product_tag","embeddable":true,"href":"https:\/\/bbqentertainment.com\/en\/wp-json\/wp\/v2\/product_tag?post=257788"}],"curies":[{"name":"wp","href":"https:\/\/api.w.org\/{rel}","templated":true}]}}