{"id":257789,"date":"2026-03-02T00:47:21","date_gmt":"2026-03-01T22:47:21","guid":{"rendered":"https:\/\/bbqentertainment.com\/?post_type=product&#038;p=257789"},"modified":"2026-04-13T21:56:15","modified_gmt":"2026-04-13T18:56:15","slug":"napoleon-bambusepuust-loikelaud-46x33-cm-lihamahlasoone-ja-roostevabast-korjekaussidega","status":"publish","type":"product","link":"https:\/\/bbqentertainment.com\/en\/toode\/napoleon-bambusepuust-loikelaud-46x33-cm-lihamahlasoone-ja-roostevabast-korjekaussidega\/","title":{"rendered":"Napoleon bambusepuust l\u00f5ikelaud 46&#215;33 cm lihamahlasoone ja roostevabast korjekaussidega"},"content":{"rendered":"","protected":false},"excerpt":{"rendered":"<h3>Napoleon bambusepuust l\u00f5ikelaud 46&#215;33 cm lihamahlasoone ja roostevabast korjekaussidega<\/h3>\n<p>Napoleon PRO sarja l\u00f5ikelaua ja kausside komplekt sisaldab vastupidavat bambusest l\u00f5ikelauda ning kahte roostevabast terasest kaussi. Bambuspuidust loomulikult antibakteriaalne pind teeb selle komplekti ideaalseks abiliseks toidu ettevalmistamisel enne grillimist. Nutika disaini t\u00f5ttu mahuvad kaks roostevabast terasest kaussi l\u00f5ikelaua sisse peitu, nii et need ei v\u00f5ta eraldi ruumi ja on vajadusel kohe k\u00e4ep\u00e4rast. L\u00f5ikelaual on ka lihamahlasoon, mis kogub liha ja toidu mahlad kokku ning v\u00f5imaldab need mugavalt k\u00e4epidemete kaudu kaussidesse valada. Bambus on t\u00e4nu oma tihedusele v\u00f5rreldes tavap\u00e4raste lehtpuidust l\u00f5ikelaudadega peaaegu hooldusvaba ning lisaks taastuv ressurss, mis kasvab kiiresti. See on praktiline, mitmeotstarbeline ja lihtsasti hooldatav lisatarvik, mis sobib igasse k\u00f6\u00f6ki.<\/p>\n<p><strong>P\u00f5hiomadused<\/strong><\/p>\n<p>&#8211; Vastupidav bambus<br \/>\n&#8211; Kausside peidetud hoiustamisega disain<br \/>\n&#8211; Lihamahlasoon, mis kogub vedelikud kokku<br \/>\n&#8211; 2 roostevabast terasest kaussi<br \/>\n&#8211; M\u00f5\u00f5dud 33 cm \u00d7 46 cm \u00d7 5,5 cm<\/p>\n","protected":false},"featured_media":258030,"template":"","meta":{"inline_featured_image":false},"product_brand":[],"product_cat":[562,25],"product_tag":[],"class_list":{"0":"post-257789","1":"product","2":"type-product","3":"status-publish","4":"has-post-thumbnail","6":"product_cat-lisatarvikud-napoleon","7":"product_cat-foolium-ja-toidukile","9":"first","10":"instock","11":"taxable","12":"shipping-taxable","13":"purchasable","14":"product-type-simple"},"yoast_head":"<!-- This site is optimized with the Yoast SEO plugin v27.4 - https:\/\/yoast.com\/product\/yoast-seo-wordpress\/ -->\n<title>Napoleon bambusepuust l\u00f5ikelaud 46x33 cm lihamahlasoone ja roostevabast korjekaussidega - BBQ Entertainment<\/title>\n<meta name=\"robots\" content=\"index, follow, max-snippet:-1, max-image-preview:large, max-video-preview:-1\" \/>\n<link rel=\"canonical\" href=\"https:\/\/bbqentertainment.com\/toode\/napoleon-bambusepuust-loikelaud-46x33-cm-lihamahlasoone-ja-roostevabast-korjekaussidega\/\" \/>\n<meta property=\"og:locale\" content=\"en_US\" \/>\n<meta property=\"og:type\" content=\"article\" \/>\n<meta property=\"og:title\" content=\"Napoleon bambusepuust l\u00f5ikelaud 46x33 cm lihamahlasoone ja roostevabast korjekaussidega - BBQ Entertainment\" \/>\n<meta property=\"og:description\" content=\"Napoleon bambusepuust l\u00f5ikelaud 46x33 cm lihamahlasoone ja roostevabast korjekaussidega Napoleon PRO sarja l\u00f5ikelaua ja kausside komplekt sisaldab vastupidavat bambusest l\u00f5ikelauda ning kahte roostevabast terasest kaussi. Bambuspuidust loomulikult antibakteriaalne pind teeb selle komplekti ideaalseks abiliseks toidu ettevalmistamisel enne grillimist. Nutika disaini t\u00f5ttu mahuvad kaks roostevabast terasest kaussi l\u00f5ikelaua sisse peitu, nii et need ei v\u00f5ta eraldi ruumi ja on vajadusel kohe k\u00e4ep\u00e4rast. L\u00f5ikelaual on ka lihamahlasoon, mis kogub liha ja toidu mahlad kokku ning v\u00f5imaldab need mugavalt k\u00e4epidemete kaudu kaussidesse valada. Bambus on t\u00e4nu oma tihedusele v\u00f5rreldes tavap\u00e4raste lehtpuidust l\u00f5ikelaudadega peaaegu hooldusvaba ning lisaks taastuv ressurss, mis kasvab kiiresti. See on praktiline, mitmeotstarbeline ja lihtsasti hooldatav lisatarvik, mis sobib igasse k\u00f6\u00f6ki.  P\u00f5hiomadused  - Vastupidav bambus - Kausside peidetud hoiustamisega disain - Lihamahlasoon, mis kogub vedelikud kokku - 2 roostevabast terasest kaussi - M\u00f5\u00f5dud 33 cm \u00d7 46 cm \u00d7 5,5 cm\" \/>\n<meta property=\"og:url\" content=\"https:\/\/bbqentertainment.com\/toode\/napoleon-bambusepuust-loikelaud-46x33-cm-lihamahlasoone-ja-roostevabast-korjekaussidega\/\" \/>\n<meta property=\"og:site_name\" content=\"BBQ Entertainment\" \/>\n<meta property=\"article:publisher\" content=\"https:\/\/www.facebook.com\/BBQ-Entertainment-N-Catering-2437913376443540\" \/>\n<meta property=\"article:modified_time\" content=\"2026-04-13T18:56:15+00:00\" \/>\n<meta property=\"og:image\" content=\"https:\/\/bbqentertainment.com\/wp-content\/uploads\/2026\/03\/70012-Web-Gallery-01-70012-Professional-CuttingBoardSet-onWhite.jpg\" \/>\n\t<meta property=\"og:image:width\" content=\"1200\" \/>\n\t<meta property=\"og:image:height\" content=\"1200\" \/>\n\t<meta property=\"og:image:type\" content=\"image\/jpeg\" \/>\n<meta name=\"twitter:card\" content=\"summary_large_image\" \/>\n<meta name=\"twitter:label1\" content=\"Est. reading time\" \/>\n\t<meta name=\"twitter:data1\" content=\"1 minute\" \/>\n<script type=\"application\/ld+json\" class=\"yoast-schema-graph\">{\"@context\":\"https:\\\/\\\/schema.org\",\"@graph\":[{\"@type\":[\"WebPage\",\"ItemPage\"],\"@id\":\"https:\\\/\\\/bbqentertainment.com\\\/toode\\\/napoleon-bambusepuust-loikelaud-46x33-cm-lihamahlasoone-ja-roostevabast-korjekaussidega\\\/\",\"url\":\"https:\\\/\\\/bbqentertainment.com\\\/toode\\\/napoleon-bambusepuust-loikelaud-46x33-cm-lihamahlasoone-ja-roostevabast-korjekaussidega\\\/\",\"name\":\"Napoleon bambusepuust l\u00f5ikelaud 46x33 cm lihamahlasoone ja roostevabast korjekaussidega - BBQ Entertainment\",\"isPartOf\":{\"@id\":\"https:\\\/\\\/bbqentertainment.com\\\/#website\"},\"primaryImageOfPage\":{\"@id\":\"https:\\\/\\\/bbqentertainment.com\\\/toode\\\/napoleon-bambusepuust-loikelaud-46x33-cm-lihamahlasoone-ja-roostevabast-korjekaussidega\\\/#primaryimage\"},\"image\":{\"@id\":\"https:\\\/\\\/bbqentertainment.com\\\/toode\\\/napoleon-bambusepuust-loikelaud-46x33-cm-lihamahlasoone-ja-roostevabast-korjekaussidega\\\/#primaryimage\"},\"thumbnailUrl\":\"https:\\\/\\\/bbqentertainment.com\\\/wp-content\\\/uploads\\\/2026\\\/03\\\/70012-Web-Gallery-01-70012-Professional-CuttingBoardSet-onWhite.jpg\",\"datePublished\":\"2026-03-01T22:47:21+00:00\",\"dateModified\":\"2026-04-13T18:56:15+00:00\",\"breadcrumb\":{\"@id\":\"https:\\\/\\\/bbqentertainment.com\\\/toode\\\/napoleon-bambusepuust-loikelaud-46x33-cm-lihamahlasoone-ja-roostevabast-korjekaussidega\\\/#breadcrumb\"},\"inLanguage\":\"en-US\",\"potentialAction\":[{\"@type\":\"ReadAction\",\"target\":[\"https:\\\/\\\/bbqentertainment.com\\\/toode\\\/napoleon-bambusepuust-loikelaud-46x33-cm-lihamahlasoone-ja-roostevabast-korjekaussidega\\\/\"]}]},{\"@type\":\"ImageObject\",\"inLanguage\":\"en-US\",\"@id\":\"https:\\\/\\\/bbqentertainment.com\\\/toode\\\/napoleon-bambusepuust-loikelaud-46x33-cm-lihamahlasoone-ja-roostevabast-korjekaussidega\\\/#primaryimage\",\"url\":\"https:\\\/\\\/bbqentertainment.com\\\/wp-content\\\/uploads\\\/2026\\\/03\\\/70012-Web-Gallery-01-70012-Professional-CuttingBoardSet-onWhite.jpg\",\"contentUrl\":\"https:\\\/\\\/bbqentertainment.com\\\/wp-content\\\/uploads\\\/2026\\\/03\\\/70012-Web-Gallery-01-70012-Professional-CuttingBoardSet-onWhite.jpg\",\"width\":1200,\"height\":1200},{\"@type\":\"BreadcrumbList\",\"@id\":\"https:\\\/\\\/bbqentertainment.com\\\/toode\\\/napoleon-bambusepuust-loikelaud-46x33-cm-lihamahlasoone-ja-roostevabast-korjekaussidega\\\/#breadcrumb\",\"itemListElement\":[{\"@type\":\"ListItem\",\"position\":1,\"name\":\"AVALEHT\",\"item\":\"https:\\\/\\\/bbqentertainment.com\\\/en\\\/\"},{\"@type\":\"ListItem\",\"position\":2,\"name\":\"Tooted\",\"item\":\"https:\\\/\\\/bbqentertainment.com\\\/tooted\\\/\"},{\"@type\":\"ListItem\",\"position\":3,\"name\":\"Lisatarvikud\",\"item\":\"https:\\\/\\\/bbqentertainment.com\\\/tootekategooria\\\/lisatarvikud\\\/\"},{\"@type\":\"ListItem\",\"position\":4,\"name\":\"Lisatarvikud Napoleon\",\"item\":\"https:\\\/\\\/bbqentertainment.com\\\/tootekategooria\\\/lisatarvikud\\\/lisatarvikud-napoleon\\\/\"},{\"@type\":\"ListItem\",\"position\":5,\"name\":\"Napoleon bambusepuust l\u00f5ikelaud 46&#215;33 cm lihamahlasoone ja roostevabast korjekaussidega\"}]},{\"@type\":\"WebSite\",\"@id\":\"https:\\\/\\\/bbqentertainment.com\\\/#website\",\"url\":\"https:\\\/\\\/bbqentertainment.com\\\/\",\"name\":\"BBQ Entertainment\",\"description\":\"BBQ is a great lifestyle, not just fun!\",\"publisher\":{\"@id\":\"https:\\\/\\\/bbqentertainment.com\\\/#organization\"},\"potentialAction\":[{\"@type\":\"SearchAction\",\"target\":{\"@type\":\"EntryPoint\",\"urlTemplate\":\"https:\\\/\\\/bbqentertainment.com\\\/?s={search_term_string}\"},\"query-input\":{\"@type\":\"PropertyValueSpecification\",\"valueRequired\":true,\"valueName\":\"search_term_string\"}}],\"inLanguage\":\"en-US\"},{\"@type\":\"Organization\",\"@id\":\"https:\\\/\\\/bbqentertainment.com\\\/#organization\",\"name\":\"BBQ Entertainment O\u00dc\",\"url\":\"https:\\\/\\\/bbqentertainment.com\\\/\",\"logo\":{\"@type\":\"ImageObject\",\"inLanguage\":\"en-US\",\"@id\":\"https:\\\/\\\/bbqentertainment.com\\\/#\\\/schema\\\/logo\\\/image\\\/\",\"url\":\"https:\\\/\\\/bbqentertainment.com\\\/wp-content\\\/uploads\\\/2020\\\/04\\\/BBQ-Entertainment-N-Catering-Enn-Tobreluts-Logo.png\",\"contentUrl\":\"https:\\\/\\\/bbqentertainment.com\\\/wp-content\\\/uploads\\\/2020\\\/04\\\/BBQ-Entertainment-N-Catering-Enn-Tobreluts-Logo.png\",\"width\":628,\"height\":266,\"caption\":\"BBQ Entertainment O\u00dc\"},\"image\":{\"@id\":\"https:\\\/\\\/bbqentertainment.com\\\/#\\\/schema\\\/logo\\\/image\\\/\"},\"sameAs\":[\"https:\\\/\\\/www.facebook.com\\\/BBQ-Entertainment-N-Catering-2437913376443540\",\"https:\\\/\\\/www.instagram.com\\\/bbqentertainmentncatering\\\/\",\"https:\\\/\\\/www.youtube.com\\\/channel\\\/UCmpuANQVhLy2Md8nrenp2jA\"]}]}<\/script>\n<!-- \/ Yoast SEO plugin. -->","yoast_head_json":{"title":"Napoleon bambusepuust l\u00f5ikelaud 46x33 cm lihamahlasoone ja roostevabast korjekaussidega - BBQ Entertainment","robots":{"index":"index","follow":"follow","max-snippet":"max-snippet:-1","max-image-preview":"max-image-preview:large","max-video-preview":"max-video-preview:-1"},"canonical":"https:\/\/bbqentertainment.com\/toode\/napoleon-bambusepuust-loikelaud-46x33-cm-lihamahlasoone-ja-roostevabast-korjekaussidega\/","og_locale":"en_US","og_type":"article","og_title":"Napoleon bambusepuust l\u00f5ikelaud 46x33 cm lihamahlasoone ja roostevabast korjekaussidega - BBQ Entertainment","og_description":"Napoleon bambusepuust l\u00f5ikelaud 46x33 cm lihamahlasoone ja roostevabast korjekaussidega Napoleon PRO sarja l\u00f5ikelaua ja kausside komplekt sisaldab vastupidavat bambusest l\u00f5ikelauda ning kahte roostevabast terasest kaussi. Bambuspuidust loomulikult antibakteriaalne pind teeb selle komplekti ideaalseks abiliseks toidu ettevalmistamisel enne grillimist. Nutika disaini t\u00f5ttu mahuvad kaks roostevabast terasest kaussi l\u00f5ikelaua sisse peitu, nii et need ei v\u00f5ta eraldi ruumi ja on vajadusel kohe k\u00e4ep\u00e4rast. L\u00f5ikelaual on ka lihamahlasoon, mis kogub liha ja toidu mahlad kokku ning v\u00f5imaldab need mugavalt k\u00e4epidemete kaudu kaussidesse valada. Bambus on t\u00e4nu oma tihedusele v\u00f5rreldes tavap\u00e4raste lehtpuidust l\u00f5ikelaudadega peaaegu hooldusvaba ning lisaks taastuv ressurss, mis kasvab kiiresti. See on praktiline, mitmeotstarbeline ja lihtsasti hooldatav lisatarvik, mis sobib igasse k\u00f6\u00f6ki.  P\u00f5hiomadused  - Vastupidav bambus - Kausside peidetud hoiustamisega disain - Lihamahlasoon, mis kogub vedelikud kokku - 2 roostevabast terasest kaussi - M\u00f5\u00f5dud 33 cm \u00d7 46 cm \u00d7 5,5 cm","og_url":"https:\/\/bbqentertainment.com\/toode\/napoleon-bambusepuust-loikelaud-46x33-cm-lihamahlasoone-ja-roostevabast-korjekaussidega\/","og_site_name":"BBQ Entertainment","article_publisher":"https:\/\/www.facebook.com\/BBQ-Entertainment-N-Catering-2437913376443540","article_modified_time":"2026-04-13T18:56:15+00:00","og_image":[{"width":1200,"height":1200,"url":"https:\/\/bbqentertainment.com\/wp-content\/uploads\/2026\/03\/70012-Web-Gallery-01-70012-Professional-CuttingBoardSet-onWhite.jpg","type":"image\/jpeg"}],"twitter_card":"summary_large_image","twitter_misc":{"Est. reading time":"1 minute"},"schema":{"@context":"https:\/\/schema.org","@graph":[{"@type":["WebPage","ItemPage"],"@id":"https:\/\/bbqentertainment.com\/toode\/napoleon-bambusepuust-loikelaud-46x33-cm-lihamahlasoone-ja-roostevabast-korjekaussidega\/","url":"https:\/\/bbqentertainment.com\/toode\/napoleon-bambusepuust-loikelaud-46x33-cm-lihamahlasoone-ja-roostevabast-korjekaussidega\/","name":"Napoleon bambusepuust l\u00f5ikelaud 46x33 cm lihamahlasoone ja roostevabast korjekaussidega - BBQ Entertainment","isPartOf":{"@id":"https:\/\/bbqentertainment.com\/#website"},"primaryImageOfPage":{"@id":"https:\/\/bbqentertainment.com\/toode\/napoleon-bambusepuust-loikelaud-46x33-cm-lihamahlasoone-ja-roostevabast-korjekaussidega\/#primaryimage"},"image":{"@id":"https:\/\/bbqentertainment.com\/toode\/napoleon-bambusepuust-loikelaud-46x33-cm-lihamahlasoone-ja-roostevabast-korjekaussidega\/#primaryimage"},"thumbnailUrl":"https:\/\/bbqentertainment.com\/wp-content\/uploads\/2026\/03\/70012-Web-Gallery-01-70012-Professional-CuttingBoardSet-onWhite.jpg","datePublished":"2026-03-01T22:47:21+00:00","dateModified":"2026-04-13T18:56:15+00:00","breadcrumb":{"@id":"https:\/\/bbqentertainment.com\/toode\/napoleon-bambusepuust-loikelaud-46x33-cm-lihamahlasoone-ja-roostevabast-korjekaussidega\/#breadcrumb"},"inLanguage":"en-US","potentialAction":[{"@type":"ReadAction","target":["https:\/\/bbqentertainment.com\/toode\/napoleon-bambusepuust-loikelaud-46x33-cm-lihamahlasoone-ja-roostevabast-korjekaussidega\/"]}]},{"@type":"ImageObject","inLanguage":"en-US","@id":"https:\/\/bbqentertainment.com\/toode\/napoleon-bambusepuust-loikelaud-46x33-cm-lihamahlasoone-ja-roostevabast-korjekaussidega\/#primaryimage","url":"https:\/\/bbqentertainment.com\/wp-content\/uploads\/2026\/03\/70012-Web-Gallery-01-70012-Professional-CuttingBoardSet-onWhite.jpg","contentUrl":"https:\/\/bbqentertainment.com\/wp-content\/uploads\/2026\/03\/70012-Web-Gallery-01-70012-Professional-CuttingBoardSet-onWhite.jpg","width":1200,"height":1200},{"@type":"BreadcrumbList","@id":"https:\/\/bbqentertainment.com\/toode\/napoleon-bambusepuust-loikelaud-46x33-cm-lihamahlasoone-ja-roostevabast-korjekaussidega\/#breadcrumb","itemListElement":[{"@type":"ListItem","position":1,"name":"AVALEHT","item":"https:\/\/bbqentertainment.com\/en\/"},{"@type":"ListItem","position":2,"name":"Tooted","item":"https:\/\/bbqentertainment.com\/tooted\/"},{"@type":"ListItem","position":3,"name":"Lisatarvikud","item":"https:\/\/bbqentertainment.com\/tootekategooria\/lisatarvikud\/"},{"@type":"ListItem","position":4,"name":"Lisatarvikud Napoleon","item":"https:\/\/bbqentertainment.com\/tootekategooria\/lisatarvikud\/lisatarvikud-napoleon\/"},{"@type":"ListItem","position":5,"name":"Napoleon bambusepuust l\u00f5ikelaud 46&#215;33 cm lihamahlasoone ja roostevabast korjekaussidega"}]},{"@type":"WebSite","@id":"https:\/\/bbqentertainment.com\/#website","url":"https:\/\/bbqentertainment.com\/","name":"BBQ Entertainment","description":"BBQ is a great lifestyle, not just fun!","publisher":{"@id":"https:\/\/bbqentertainment.com\/#organization"},"potentialAction":[{"@type":"SearchAction","target":{"@type":"EntryPoint","urlTemplate":"https:\/\/bbqentertainment.com\/?s={search_term_string}"},"query-input":{"@type":"PropertyValueSpecification","valueRequired":true,"valueName":"search_term_string"}}],"inLanguage":"en-US"},{"@type":"Organization","@id":"https:\/\/bbqentertainment.com\/#organization","name":"BBQ Entertainment O\u00dc","url":"https:\/\/bbqentertainment.com\/","logo":{"@type":"ImageObject","inLanguage":"en-US","@id":"https:\/\/bbqentertainment.com\/#\/schema\/logo\/image\/","url":"https:\/\/bbqentertainment.com\/wp-content\/uploads\/2020\/04\/BBQ-Entertainment-N-Catering-Enn-Tobreluts-Logo.png","contentUrl":"https:\/\/bbqentertainment.com\/wp-content\/uploads\/2020\/04\/BBQ-Entertainment-N-Catering-Enn-Tobreluts-Logo.png","width":628,"height":266,"caption":"BBQ Entertainment O\u00dc"},"image":{"@id":"https:\/\/bbqentertainment.com\/#\/schema\/logo\/image\/"},"sameAs":["https:\/\/www.facebook.com\/BBQ-Entertainment-N-Catering-2437913376443540","https:\/\/www.instagram.com\/bbqentertainmentncatering\/","https:\/\/www.youtube.com\/channel\/UCmpuANQVhLy2Md8nrenp2jA"]}]}},"_links":{"self":[{"href":"https:\/\/bbqentertainment.com\/en\/wp-json\/wp\/v2\/product\/257789","targetHints":{"allow":["GET"]}}],"collection":[{"href":"https:\/\/bbqentertainment.com\/en\/wp-json\/wp\/v2\/product"}],"about":[{"href":"https:\/\/bbqentertainment.com\/en\/wp-json\/wp\/v2\/types\/product"}],"wp:featuredmedia":[{"embeddable":true,"href":"https:\/\/bbqentertainment.com\/en\/wp-json\/wp\/v2\/media\/258030"}],"wp:attachment":[{"href":"https:\/\/bbqentertainment.com\/en\/wp-json\/wp\/v2\/media?parent=257789"}],"wp:term":[{"taxonomy":"product_brand","embeddable":true,"href":"https:\/\/bbqentertainment.com\/en\/wp-json\/wp\/v2\/product_brand?post=257789"},{"taxonomy":"product_cat","embeddable":true,"href":"https:\/\/bbqentertainment.com\/en\/wp-json\/wp\/v2\/product_cat?post=257789"},{"taxonomy":"product_tag","embeddable":true,"href":"https:\/\/bbqentertainment.com\/en\/wp-json\/wp\/v2\/product_tag?post=257789"}],"curies":[{"name":"wp","href":"https:\/\/api.w.org\/{rel}","templated":true}]}}