{"id":257790,"date":"2026-03-02T00:47:22","date_gmt":"2026-03-01T22:47:22","guid":{"rendered":"https:\/\/bbqentertainment.com\/?post_type=product&#038;p=257790"},"modified":"2026-04-13T21:56:15","modified_gmt":"2026-04-13T18:56:15","slug":"napoleon-accu-probe-pro-x-juhtmevaba-termomeeter","status":"publish","type":"product","link":"https:\/\/bbqentertainment.com\/en\/toode\/napoleon-accu-probe-pro-x-juhtmevaba-termomeeter\/","title":{"rendered":"Napoleon Accu-Probe Pro X juhtmevaba termomeeter"},"content":{"rendered":"","protected":false},"excerpt":{"rendered":"<h3>Napoleon Accu-Probe Pro X juhtmevaba termomeeter<\/h3>\n<p>Saavuta t\u00e4pne k\u00fcpsetustulemus nagu kunagi varem Napoleon ACCU-PROBE PRO X juhtmevaba termomeetriga. See on loodud taluma k\u00f5rgeid temperatuure kuni 649\u00b0C ning sellel on veekindel, \u00fcli\u00f5huke andur 6 temperatuurisensoriga, mis tagab v\u00e4ga t\u00e4pse m\u00f5\u00f5tmise. ACCU-PROBE PRO X sobib kasutamiseks nii toas kui \u00f5ues, grillimisel, r\u00f6stimisel, frit\u00fc\u00fcri kasutamisel, kuuma\u00f5hufrit\u00fc\u00fcris ja ka sous vide k\u00fcpsetamisel. Bluetooth-\u00fchendus ja magnetiline dokkimisjaam teevad j\u00e4lgimise mugavaks ning hoiavad seadme alati k\u00e4ep\u00e4rast. See on t\u00f6\u00f6riist, mis aitab t\u00f5sisel kokal ja grillijal saada iga kord \u00fchtlaselt hea tulemuse.<\/p>\n<p><strong>P\u00f5hiomadused<\/strong><\/p>\n<p>&#8211; Lai temperatuurivahemik: sisetemperatuur kuni 100\u00b0C ja \u00fcmbritsev temperatuur kuni 649\u00b0C erinevateks k\u00fcpsetusviisideks<br \/>\n&#8211; Laiendatud Bluetooth-levi kuni 900 jalga mugavaks ja muretuks j\u00e4lgimiseks<br \/>\n&#8211; Napoleon Home \u00e4pp juhendatud k\u00fcpsetuste, temperatuurihoiatuste ja reaalajas j\u00e4lgimisega<br \/>\n&#8211; 6 sensorit: 5 sisemist sensorit toidu temperatuuri j\u00e4lgimiseks ja 1 v\u00e4line sensor \u00fcmbritseva temperatuuri m\u00f5\u00f5tmiseks<br \/>\n&#8211; Laetav aku ja kaasas laadimiskaabel<br \/>\n&#8211; Pikk t\u00f6\u00f6aeg: alus kuni 50 tundi ja andur kuni 40 tundi<br \/>\n&#8211; Magnetiline alus, mis kinnitub metallpindadele ja hoiab seadme l\u00e4hedal, kuid mitte jalus<br \/>\n&#8211; Veekindel, sobib ka sous vide ja frit\u00fc\u00fcris kasutamiseks<\/p>\n","protected":false},"featured_media":258038,"template":"","meta":{"inline_featured_image":false},"product_brand":[],"product_cat":[562,24],"product_tag":[],"class_list":{"0":"post-257790","1":"product","2":"type-product","3":"status-publish","4":"has-post-thumbnail","6":"product_cat-lisatarvikud-napoleon","7":"product_cat-termomeetrid","9":"first","10":"instock","11":"taxable","12":"shipping-taxable","13":"purchasable","14":"product-type-simple"},"yoast_head":"<!-- This site is optimized with the Yoast SEO plugin v27.2 - https:\/\/yoast.com\/product\/yoast-seo-wordpress\/ -->\n<title>Napoleon Accu-Probe Pro X juhtmevaba termomeeter - BBQ Entertainment<\/title>\n<meta name=\"robots\" content=\"index, follow, max-snippet:-1, max-image-preview:large, max-video-preview:-1\" \/>\n<link rel=\"canonical\" href=\"https:\/\/bbqentertainment.com\/toode\/napoleon-accu-probe-pro-x-juhtmevaba-termomeeter\/\" \/>\n<meta property=\"og:locale\" content=\"en_US\" \/>\n<meta property=\"og:type\" content=\"article\" \/>\n<meta property=\"og:title\" content=\"Napoleon Accu-Probe Pro X juhtmevaba termomeeter - BBQ Entertainment\" \/>\n<meta property=\"og:description\" content=\"Napoleon Accu-Probe Pro X juhtmevaba termomeeter Saavuta t\u00e4pne k\u00fcpsetustulemus nagu kunagi varem Napoleon ACCU-PROBE PRO X juhtmevaba termomeetriga. See on loodud taluma k\u00f5rgeid temperatuure kuni 649\u00b0C ning sellel on veekindel, \u00fcli\u00f5huke andur 6 temperatuurisensoriga, mis tagab v\u00e4ga t\u00e4pse m\u00f5\u00f5tmise. ACCU-PROBE PRO X sobib kasutamiseks nii toas kui \u00f5ues, grillimisel, r\u00f6stimisel, frit\u00fc\u00fcri kasutamisel, kuuma\u00f5hufrit\u00fc\u00fcris ja ka sous vide k\u00fcpsetamisel. Bluetooth-\u00fchendus ja magnetiline dokkimisjaam teevad j\u00e4lgimise mugavaks ning hoiavad seadme alati k\u00e4ep\u00e4rast. See on t\u00f6\u00f6riist, mis aitab t\u00f5sisel kokal ja grillijal saada iga kord \u00fchtlaselt hea tulemuse.  P\u00f5hiomadused  - Lai temperatuurivahemik: sisetemperatuur kuni 100\u00b0C ja \u00fcmbritsev temperatuur kuni 649\u00b0C erinevateks k\u00fcpsetusviisideks - Laiendatud Bluetooth-levi kuni 900 jalga mugavaks ja muretuks j\u00e4lgimiseks - Napoleon Home \u00e4pp juhendatud k\u00fcpsetuste, temperatuurihoiatuste ja reaalajas j\u00e4lgimisega - 6 sensorit: 5 sisemist sensorit toidu temperatuuri j\u00e4lgimiseks ja 1 v\u00e4line sensor \u00fcmbritseva temperatuuri m\u00f5\u00f5tmiseks - Laetav aku ja kaasas laadimiskaabel - Pikk t\u00f6\u00f6aeg: alus kuni 50 tundi ja andur kuni 40 tundi - Magnetiline alus, mis kinnitub metallpindadele ja hoiab seadme l\u00e4hedal, kuid mitte jalus - Veekindel, sobib ka sous vide ja frit\u00fc\u00fcris kasutamiseks\" \/>\n<meta property=\"og:url\" content=\"https:\/\/bbqentertainment.com\/toode\/napoleon-accu-probe-pro-x-juhtmevaba-termomeeter\/\" \/>\n<meta property=\"og:site_name\" content=\"BBQ Entertainment\" \/>\n<meta property=\"article:publisher\" content=\"https:\/\/www.facebook.com\/BBQ-Entertainment-N-Catering-2437913376443540\" \/>\n<meta property=\"article:modified_time\" content=\"2026-04-13T18:56:15+00:00\" \/>\n<meta property=\"og:image\" content=\"https:\/\/bbqentertainment.com\/wp-content\/uploads\/2026\/03\/70130-Web-Gallery-01-Original_JPG-Accu-Probe-70130-Prod-Ang-Left.jpg\" \/>\n\t<meta property=\"og:image:width\" content=\"1200\" \/>\n\t<meta property=\"og:image:height\" content=\"1200\" \/>\n\t<meta property=\"og:image:type\" content=\"image\/jpeg\" \/>\n<meta name=\"twitter:card\" content=\"summary_large_image\" \/>\n<meta name=\"twitter:label1\" content=\"Est. reading time\" \/>\n\t<meta name=\"twitter:data1\" content=\"1 minute\" \/>\n<script type=\"application\/ld+json\" class=\"yoast-schema-graph\">{\"@context\":\"https:\/\/schema.org\",\"@graph\":[{\"@type\":[\"WebPage\",\"ItemPage\"],\"@id\":\"https:\/\/bbqentertainment.com\/toode\/napoleon-accu-probe-pro-x-juhtmevaba-termomeeter\/\",\"url\":\"https:\/\/bbqentertainment.com\/toode\/napoleon-accu-probe-pro-x-juhtmevaba-termomeeter\/\",\"name\":\"Napoleon Accu-Probe Pro X juhtmevaba termomeeter - BBQ Entertainment\",\"isPartOf\":{\"@id\":\"https:\/\/bbqentertainment.com\/#website\"},\"primaryImageOfPage\":{\"@id\":\"https:\/\/bbqentertainment.com\/toode\/napoleon-accu-probe-pro-x-juhtmevaba-termomeeter\/#primaryimage\"},\"image\":{\"@id\":\"https:\/\/bbqentertainment.com\/toode\/napoleon-accu-probe-pro-x-juhtmevaba-termomeeter\/#primaryimage\"},\"thumbnailUrl\":\"https:\/\/bbqentertainment.com\/wp-content\/uploads\/2026\/03\/70130-Web-Gallery-01-Original_JPG-Accu-Probe-70130-Prod-Ang-Left.jpg\",\"datePublished\":\"2026-03-01T22:47:22+00:00\",\"dateModified\":\"2026-04-13T18:56:15+00:00\",\"breadcrumb\":{\"@id\":\"https:\/\/bbqentertainment.com\/toode\/napoleon-accu-probe-pro-x-juhtmevaba-termomeeter\/#breadcrumb\"},\"inLanguage\":\"en-US\",\"potentialAction\":[{\"@type\":\"ReadAction\",\"target\":[\"https:\/\/bbqentertainment.com\/toode\/napoleon-accu-probe-pro-x-juhtmevaba-termomeeter\/\"]}]},{\"@type\":\"ImageObject\",\"inLanguage\":\"en-US\",\"@id\":\"https:\/\/bbqentertainment.com\/toode\/napoleon-accu-probe-pro-x-juhtmevaba-termomeeter\/#primaryimage\",\"url\":\"https:\/\/bbqentertainment.com\/wp-content\/uploads\/2026\/03\/70130-Web-Gallery-01-Original_JPG-Accu-Probe-70130-Prod-Ang-Left.jpg\",\"contentUrl\":\"https:\/\/bbqentertainment.com\/wp-content\/uploads\/2026\/03\/70130-Web-Gallery-01-Original_JPG-Accu-Probe-70130-Prod-Ang-Left.jpg\",\"width\":1200,\"height\":1200},{\"@type\":\"BreadcrumbList\",\"@id\":\"https:\/\/bbqentertainment.com\/toode\/napoleon-accu-probe-pro-x-juhtmevaba-termomeeter\/#breadcrumb\",\"itemListElement\":[{\"@type\":\"ListItem\",\"position\":1,\"name\":\"AVALEHT\",\"item\":\"https:\/\/bbqentertainment.com\/en\/\"},{\"@type\":\"ListItem\",\"position\":2,\"name\":\"Tooted\",\"item\":\"https:\/\/bbqentertainment.com\/tooted\/\"},{\"@type\":\"ListItem\",\"position\":3,\"name\":\"Lisatarvikud\",\"item\":\"https:\/\/bbqentertainment.com\/tootekategooria\/lisatarvikud\/\"},{\"@type\":\"ListItem\",\"position\":4,\"name\":\"Lisatarvikud Napoleon\",\"item\":\"https:\/\/bbqentertainment.com\/tootekategooria\/lisatarvikud\/lisatarvikud-napoleon\/\"},{\"@type\":\"ListItem\",\"position\":5,\"name\":\"Napoleon Accu-Probe Pro X juhtmevaba termomeeter\"}]},{\"@type\":\"WebSite\",\"@id\":\"https:\/\/bbqentertainment.com\/#website\",\"url\":\"https:\/\/bbqentertainment.com\/\",\"name\":\"BBQ Entertainment\",\"description\":\"BBQ is a great lifestyle, not just fun!\",\"publisher\":{\"@id\":\"https:\/\/bbqentertainment.com\/#organization\"},\"potentialAction\":[{\"@type\":\"SearchAction\",\"target\":{\"@type\":\"EntryPoint\",\"urlTemplate\":\"https:\/\/bbqentertainment.com\/?s={search_term_string}\"},\"query-input\":{\"@type\":\"PropertyValueSpecification\",\"valueRequired\":true,\"valueName\":\"search_term_string\"}}],\"inLanguage\":\"en-US\"},{\"@type\":\"Organization\",\"@id\":\"https:\/\/bbqentertainment.com\/#organization\",\"name\":\"BBQ Entertainment O\u00dc\",\"url\":\"https:\/\/bbqentertainment.com\/\",\"logo\":{\"@type\":\"ImageObject\",\"inLanguage\":\"en-US\",\"@id\":\"https:\/\/bbqentertainment.com\/#\/schema\/logo\/image\/\",\"url\":\"https:\/\/bbqentertainment.com\/wp-content\/uploads\/2020\/04\/BBQ-Entertainment-N-Catering-Enn-Tobreluts-Logo.png\",\"contentUrl\":\"https:\/\/bbqentertainment.com\/wp-content\/uploads\/2020\/04\/BBQ-Entertainment-N-Catering-Enn-Tobreluts-Logo.png\",\"width\":628,\"height\":266,\"caption\":\"BBQ Entertainment O\u00dc\"},\"image\":{\"@id\":\"https:\/\/bbqentertainment.com\/#\/schema\/logo\/image\/\"},\"sameAs\":[\"https:\/\/www.facebook.com\/BBQ-Entertainment-N-Catering-2437913376443540\",\"https:\/\/www.instagram.com\/bbqentertainmentncatering\/\",\"https:\/\/www.youtube.com\/channel\/UCmpuANQVhLy2Md8nrenp2jA\"]}]}<\/script>\n<!-- \/ Yoast SEO plugin. -->","yoast_head_json":{"title":"Napoleon Accu-Probe Pro X juhtmevaba termomeeter - BBQ Entertainment","robots":{"index":"index","follow":"follow","max-snippet":"max-snippet:-1","max-image-preview":"max-image-preview:large","max-video-preview":"max-video-preview:-1"},"canonical":"https:\/\/bbqentertainment.com\/toode\/napoleon-accu-probe-pro-x-juhtmevaba-termomeeter\/","og_locale":"en_US","og_type":"article","og_title":"Napoleon Accu-Probe Pro X juhtmevaba termomeeter - BBQ Entertainment","og_description":"Napoleon Accu-Probe Pro X juhtmevaba termomeeter Saavuta t\u00e4pne k\u00fcpsetustulemus nagu kunagi varem Napoleon ACCU-PROBE PRO X juhtmevaba termomeetriga. See on loodud taluma k\u00f5rgeid temperatuure kuni 649\u00b0C ning sellel on veekindel, \u00fcli\u00f5huke andur 6 temperatuurisensoriga, mis tagab v\u00e4ga t\u00e4pse m\u00f5\u00f5tmise. ACCU-PROBE PRO X sobib kasutamiseks nii toas kui \u00f5ues, grillimisel, r\u00f6stimisel, frit\u00fc\u00fcri kasutamisel, kuuma\u00f5hufrit\u00fc\u00fcris ja ka sous vide k\u00fcpsetamisel. Bluetooth-\u00fchendus ja magnetiline dokkimisjaam teevad j\u00e4lgimise mugavaks ning hoiavad seadme alati k\u00e4ep\u00e4rast. See on t\u00f6\u00f6riist, mis aitab t\u00f5sisel kokal ja grillijal saada iga kord \u00fchtlaselt hea tulemuse.  P\u00f5hiomadused  - Lai temperatuurivahemik: sisetemperatuur kuni 100\u00b0C ja \u00fcmbritsev temperatuur kuni 649\u00b0C erinevateks k\u00fcpsetusviisideks - Laiendatud Bluetooth-levi kuni 900 jalga mugavaks ja muretuks j\u00e4lgimiseks - Napoleon Home \u00e4pp juhendatud k\u00fcpsetuste, temperatuurihoiatuste ja reaalajas j\u00e4lgimisega - 6 sensorit: 5 sisemist sensorit toidu temperatuuri j\u00e4lgimiseks ja 1 v\u00e4line sensor \u00fcmbritseva temperatuuri m\u00f5\u00f5tmiseks - Laetav aku ja kaasas laadimiskaabel - Pikk t\u00f6\u00f6aeg: alus kuni 50 tundi ja andur kuni 40 tundi - Magnetiline alus, mis kinnitub metallpindadele ja hoiab seadme l\u00e4hedal, kuid mitte jalus - Veekindel, sobib ka sous vide ja frit\u00fc\u00fcris kasutamiseks","og_url":"https:\/\/bbqentertainment.com\/toode\/napoleon-accu-probe-pro-x-juhtmevaba-termomeeter\/","og_site_name":"BBQ Entertainment","article_publisher":"https:\/\/www.facebook.com\/BBQ-Entertainment-N-Catering-2437913376443540","article_modified_time":"2026-04-13T18:56:15+00:00","og_image":[{"width":1200,"height":1200,"url":"https:\/\/bbqentertainment.com\/wp-content\/uploads\/2026\/03\/70130-Web-Gallery-01-Original_JPG-Accu-Probe-70130-Prod-Ang-Left.jpg","type":"image\/jpeg"}],"twitter_card":"summary_large_image","twitter_misc":{"Est. reading time":"1 minute"},"schema":{"@context":"https:\/\/schema.org","@graph":[{"@type":["WebPage","ItemPage"],"@id":"https:\/\/bbqentertainment.com\/toode\/napoleon-accu-probe-pro-x-juhtmevaba-termomeeter\/","url":"https:\/\/bbqentertainment.com\/toode\/napoleon-accu-probe-pro-x-juhtmevaba-termomeeter\/","name":"Napoleon Accu-Probe Pro X juhtmevaba termomeeter - BBQ Entertainment","isPartOf":{"@id":"https:\/\/bbqentertainment.com\/#website"},"primaryImageOfPage":{"@id":"https:\/\/bbqentertainment.com\/toode\/napoleon-accu-probe-pro-x-juhtmevaba-termomeeter\/#primaryimage"},"image":{"@id":"https:\/\/bbqentertainment.com\/toode\/napoleon-accu-probe-pro-x-juhtmevaba-termomeeter\/#primaryimage"},"thumbnailUrl":"https:\/\/bbqentertainment.com\/wp-content\/uploads\/2026\/03\/70130-Web-Gallery-01-Original_JPG-Accu-Probe-70130-Prod-Ang-Left.jpg","datePublished":"2026-03-01T22:47:22+00:00","dateModified":"2026-04-13T18:56:15+00:00","breadcrumb":{"@id":"https:\/\/bbqentertainment.com\/toode\/napoleon-accu-probe-pro-x-juhtmevaba-termomeeter\/#breadcrumb"},"inLanguage":"en-US","potentialAction":[{"@type":"ReadAction","target":["https:\/\/bbqentertainment.com\/toode\/napoleon-accu-probe-pro-x-juhtmevaba-termomeeter\/"]}]},{"@type":"ImageObject","inLanguage":"en-US","@id":"https:\/\/bbqentertainment.com\/toode\/napoleon-accu-probe-pro-x-juhtmevaba-termomeeter\/#primaryimage","url":"https:\/\/bbqentertainment.com\/wp-content\/uploads\/2026\/03\/70130-Web-Gallery-01-Original_JPG-Accu-Probe-70130-Prod-Ang-Left.jpg","contentUrl":"https:\/\/bbqentertainment.com\/wp-content\/uploads\/2026\/03\/70130-Web-Gallery-01-Original_JPG-Accu-Probe-70130-Prod-Ang-Left.jpg","width":1200,"height":1200},{"@type":"BreadcrumbList","@id":"https:\/\/bbqentertainment.com\/toode\/napoleon-accu-probe-pro-x-juhtmevaba-termomeeter\/#breadcrumb","itemListElement":[{"@type":"ListItem","position":1,"name":"AVALEHT","item":"https:\/\/bbqentertainment.com\/en\/"},{"@type":"ListItem","position":2,"name":"Tooted","item":"https:\/\/bbqentertainment.com\/tooted\/"},{"@type":"ListItem","position":3,"name":"Lisatarvikud","item":"https:\/\/bbqentertainment.com\/tootekategooria\/lisatarvikud\/"},{"@type":"ListItem","position":4,"name":"Lisatarvikud Napoleon","item":"https:\/\/bbqentertainment.com\/tootekategooria\/lisatarvikud\/lisatarvikud-napoleon\/"},{"@type":"ListItem","position":5,"name":"Napoleon Accu-Probe Pro X juhtmevaba termomeeter"}]},{"@type":"WebSite","@id":"https:\/\/bbqentertainment.com\/#website","url":"https:\/\/bbqentertainment.com\/","name":"BBQ Entertainment","description":"BBQ is a great lifestyle, not just fun!","publisher":{"@id":"https:\/\/bbqentertainment.com\/#organization"},"potentialAction":[{"@type":"SearchAction","target":{"@type":"EntryPoint","urlTemplate":"https:\/\/bbqentertainment.com\/?s={search_term_string}"},"query-input":{"@type":"PropertyValueSpecification","valueRequired":true,"valueName":"search_term_string"}}],"inLanguage":"en-US"},{"@type":"Organization","@id":"https:\/\/bbqentertainment.com\/#organization","name":"BBQ Entertainment O\u00dc","url":"https:\/\/bbqentertainment.com\/","logo":{"@type":"ImageObject","inLanguage":"en-US","@id":"https:\/\/bbqentertainment.com\/#\/schema\/logo\/image\/","url":"https:\/\/bbqentertainment.com\/wp-content\/uploads\/2020\/04\/BBQ-Entertainment-N-Catering-Enn-Tobreluts-Logo.png","contentUrl":"https:\/\/bbqentertainment.com\/wp-content\/uploads\/2020\/04\/BBQ-Entertainment-N-Catering-Enn-Tobreluts-Logo.png","width":628,"height":266,"caption":"BBQ Entertainment O\u00dc"},"image":{"@id":"https:\/\/bbqentertainment.com\/#\/schema\/logo\/image\/"},"sameAs":["https:\/\/www.facebook.com\/BBQ-Entertainment-N-Catering-2437913376443540","https:\/\/www.instagram.com\/bbqentertainmentncatering\/","https:\/\/www.youtube.com\/channel\/UCmpuANQVhLy2Md8nrenp2jA"]}]}},"_links":{"self":[{"href":"https:\/\/bbqentertainment.com\/en\/wp-json\/wp\/v2\/product\/257790","targetHints":{"allow":["GET"]}}],"collection":[{"href":"https:\/\/bbqentertainment.com\/en\/wp-json\/wp\/v2\/product"}],"about":[{"href":"https:\/\/bbqentertainment.com\/en\/wp-json\/wp\/v2\/types\/product"}],"wp:featuredmedia":[{"embeddable":true,"href":"https:\/\/bbqentertainment.com\/en\/wp-json\/wp\/v2\/media\/258038"}],"wp:attachment":[{"href":"https:\/\/bbqentertainment.com\/en\/wp-json\/wp\/v2\/media?parent=257790"}],"wp:term":[{"taxonomy":"product_brand","embeddable":true,"href":"https:\/\/bbqentertainment.com\/en\/wp-json\/wp\/v2\/product_brand?post=257790"},{"taxonomy":"product_cat","embeddable":true,"href":"https:\/\/bbqentertainment.com\/en\/wp-json\/wp\/v2\/product_cat?post=257790"},{"taxonomy":"product_tag","embeddable":true,"href":"https:\/\/bbqentertainment.com\/en\/wp-json\/wp\/v2\/product_tag?post=257790"}],"curies":[{"name":"wp","href":"https:\/\/api.w.org\/{rel}","templated":true}]}}