{"id":257791,"date":"2026-03-02T00:47:23","date_gmt":"2026-03-01T22:47:23","guid":{"rendered":"https:\/\/bbqentertainment.com\/?post_type=product&#038;p=257791"},"modified":"2026-04-13T21:41:13","modified_gmt":"2026-04-13T18:41:13","slug":"napoleon-freestyle-365-kolme-pohipoleti-ja-klassikalise-kuljepliidiga-gaasigrill-aluskapp-uksega","status":"publish","type":"product","link":"https:\/\/bbqentertainment.com\/en\/toode\/napoleon-freestyle-365-kolme-pohipoleti-ja-klassikalise-kuljepliidiga-gaasigrill-aluskapp-uksega\/","title":{"rendered":"Napoleon Freestyle 365 kolme p\u00f5hip\u00f5leti ja klassikalise k\u00fcljepliidiga gaasigrill, aluskapp uksega"},"content":{"rendered":"","protected":false},"excerpt":{"rendered":"<h3>Napoleon Freestyle 365 kolme p\u00f5hip\u00f5leti ja klassikalise k\u00fcljepliidiga gaasigrill, aluskapp uksega<\/h3>\n<p>Freestyle 365 propaaniga gaasigrill k\u00fclgp\u00f5letiga on kompaktne, kuid pakub premium-klassi funktsioone ja v\u00e4ga head hinna ja kvaliteedi suhet. Kiire JETFIRE s\u00fc\u00fctes\u00fcsteem s\u00fc\u00fctab p\u00f5hik\u00fcttekehad leegiimpulsiga lihtsalt ja kindlalt iga kord. Portselanemailiga kaetud malmrestid aitavad saavutada ilusa pruunistuse ja head grillij\u00e4ljed. Kolm roostevabast terasest p\u00f5letit tagavad \u00fchtlase kuumuse, mida on lihtne reguleerida ja j\u00e4lgida sisseehitatud temperatuurianduri abil. Samal ajal kui grillid, saad k\u00fclgp\u00f5letil valmistada lisandeid ja kastmeid. Tugevad rattad teevad grilli liigutamise mugavaks ning parempoolne kokkuklapitav k\u00fclmariiul, millel on t\u00f6\u00f6riistahoidikud ja pudeliavaja, aitab hoida t\u00f6\u00f6pinna korras ning sobitada grill sinu ruumi ja harjumustega.<\/p>\n<p><strong>P\u00f5hiomadused<\/strong><\/p>\n<p>&#8211; Portselankattega, roostekindlamad lainekujuga restid \u00fchtlaseks kuumuse jaotuseks ja heaks pruunistuseks<br \/>\n&#8211; Suurem ettevalmistusala ja kokkuklapitavad k\u00fclmariiulid lihtsamaks hoiustamiseks<br \/>\n&#8211; JETFIRE s\u00fc\u00fctes\u00fcsteem, mis s\u00fc\u00fctab iga p\u00f5letaja eraldi kiireks k\u00e4ivituseks<br \/>\n&#8211; Must portselanemailkatted kaitsevad kaant kulumise, ilma ja s\u00f5rmej\u00e4lgede eest<br \/>\n&#8211; Astmeline kuumaplaatide lahendus tagab \u00fchtlasema kuumuse, kaitseb p\u00f5leteid ja on lihtsam puhastada<br \/>\n&#8211; H\u00e4sti loetav temperatuuriandur stiilse musta raamiga<br \/>\n&#8211; Suletud k\u00e4rudisain hoiab propaaniballooni kindlalt paigal ja kaitseb grilli ilmastiku eest<br \/>\n&#8211; Vastupidav valualumiiniumist tulekamber peegeldab kuumust ja loob ahjulaadse k\u00fcpsetuskeskkonna<br \/>\n&#8211; T\u00f6\u00f6riistakonksud m\u00f5lemal k\u00fclmariiulil, et tarvikud oleksid k\u00e4eulatuses ja t\u00f6\u00f6pind puhas<br \/>\n&#8211; Ballooni kindel hoiustamine kapis lihtsaks paigutamiseks ja turvaliseks liigutamiseks<br \/>\n&#8211; Soft-touch k\u00e4epide p\u00fcsib jahedamana ja on mugav kasutada<br \/>\n&#8211; K\u00fclgp\u00f5leti lisandite ja kastmete valmistamiseks grillimise ajal<br \/>\n&#8211; Integreeritud pudeliavaja, et see oleks alati k\u00e4ep\u00e4rast<br \/>\n&#8211; 10-aastane piiratud garantii<\/p>\n","protected":false},"featured_media":258040,"template":"","meta":{"inline_featured_image":false},"product_brand":[],"product_cat":[17,561],"product_tag":[],"class_list":{"0":"post-257791","1":"product","2":"type-product","3":"status-publish","4":"has-post-thumbnail","6":"product_cat-grillid-ja-ahjud","7":"product_cat-napoleon-gaasigrillid","8":"product_shipping_class-ainult-ise-jarele-tulemisega","10":"first","11":"instock","12":"taxable","13":"shipping-taxable","14":"purchasable","15":"product-type-simple"},"yoast_head":"<!-- This site is optimized with the Yoast SEO plugin v27.4 - https:\/\/yoast.com\/product\/yoast-seo-wordpress\/ -->\n<title>Napoleon Freestyle 365 kolme p\u00f5hip\u00f5leti ja klassikalise k\u00fcljepliidiga gaasigrill, aluskapp uksega - BBQ Entertainment<\/title>\n<meta name=\"robots\" content=\"index, follow, max-snippet:-1, max-image-preview:large, max-video-preview:-1\" \/>\n<link rel=\"canonical\" href=\"https:\/\/bbqentertainment.com\/toode\/napoleon-freestyle-365-kolme-pohipoleti-ja-klassikalise-kuljepliidiga-gaasigrill-aluskapp-uksega\/\" \/>\n<meta property=\"og:locale\" content=\"en_US\" \/>\n<meta property=\"og:type\" content=\"article\" \/>\n<meta property=\"og:title\" content=\"Napoleon Freestyle 365 kolme p\u00f5hip\u00f5leti ja klassikalise k\u00fcljepliidiga gaasigrill, aluskapp uksega - BBQ Entertainment\" \/>\n<meta property=\"og:description\" content=\"Napoleon Freestyle 365 kolme p\u00f5hip\u00f5leti ja klassikalise k\u00fcljepliidiga gaasigrill, aluskapp uksega Freestyle 365 propaaniga gaasigrill k\u00fclgp\u00f5letiga on kompaktne, kuid pakub premium-klassi funktsioone ja v\u00e4ga head hinna ja kvaliteedi suhet. Kiire JETFIRE s\u00fc\u00fctes\u00fcsteem s\u00fc\u00fctab p\u00f5hik\u00fcttekehad leegiimpulsiga lihtsalt ja kindlalt iga kord. Portselanemailiga kaetud malmrestid aitavad saavutada ilusa pruunistuse ja head grillij\u00e4ljed. Kolm roostevabast terasest p\u00f5letit tagavad \u00fchtlase kuumuse, mida on lihtne reguleerida ja j\u00e4lgida sisseehitatud temperatuurianduri abil. Samal ajal kui grillid, saad k\u00fclgp\u00f5letil valmistada lisandeid ja kastmeid. Tugevad rattad teevad grilli liigutamise mugavaks ning parempoolne kokkuklapitav k\u00fclmariiul, millel on t\u00f6\u00f6riistahoidikud ja pudeliavaja, aitab hoida t\u00f6\u00f6pinna korras ning sobitada grill sinu ruumi ja harjumustega.  P\u00f5hiomadused  - Portselankattega, roostekindlamad lainekujuga restid \u00fchtlaseks kuumuse jaotuseks ja heaks pruunistuseks - Suurem ettevalmistusala ja kokkuklapitavad k\u00fclmariiulid lihtsamaks hoiustamiseks - JETFIRE s\u00fc\u00fctes\u00fcsteem, mis s\u00fc\u00fctab iga p\u00f5letaja eraldi kiireks k\u00e4ivituseks - Must portselanemailkatted kaitsevad kaant kulumise, ilma ja s\u00f5rmej\u00e4lgede eest - Astmeline kuumaplaatide lahendus tagab \u00fchtlasema kuumuse, kaitseb p\u00f5leteid ja on lihtsam puhastada - H\u00e4sti loetav temperatuuriandur stiilse musta raamiga - Suletud k\u00e4rudisain hoiab propaaniballooni kindlalt paigal ja kaitseb grilli ilmastiku eest - Vastupidav valualumiiniumist tulekamber peegeldab kuumust ja loob ahjulaadse k\u00fcpsetuskeskkonna - T\u00f6\u00f6riistakonksud m\u00f5lemal k\u00fclmariiulil, et tarvikud oleksid k\u00e4eulatuses ja t\u00f6\u00f6pind puhas - Ballooni kindel hoiustamine kapis lihtsaks paigutamiseks ja turvaliseks liigutamiseks - Soft-touch k\u00e4epide p\u00fcsib jahedamana ja on mugav kasutada - K\u00fclgp\u00f5leti lisandite ja kastmete valmistamiseks grillimise ajal - Integreeritud pudeliavaja, et see oleks alati k\u00e4ep\u00e4rast - 10-aastane piiratud garantii\" \/>\n<meta property=\"og:url\" content=\"https:\/\/bbqentertainment.com\/toode\/napoleon-freestyle-365-kolme-pohipoleti-ja-klassikalise-kuljepliidiga-gaasigrill-aluskapp-uksega\/\" \/>\n<meta property=\"og:site_name\" content=\"BBQ Entertainment\" \/>\n<meta property=\"article:publisher\" content=\"https:\/\/www.facebook.com\/BBQ-Entertainment-N-Catering-2437913376443540\" \/>\n<meta property=\"article:modified_time\" content=\"2026-04-13T18:41:13+00:00\" \/>\n<meta property=\"og:image\" content=\"https:\/\/bbqentertainment.com\/wp-content\/uploads\/2026\/03\/F365DSBPK-1-CH-Web-Gallery-01-Original_JPG-Freestyle_F365DSBPK-1-RC-Prod-Str.jpg\" \/>\n\t<meta property=\"og:image:width\" content=\"1200\" \/>\n\t<meta property=\"og:image:height\" content=\"1200\" \/>\n\t<meta property=\"og:image:type\" content=\"image\/jpeg\" \/>\n<meta name=\"twitter:card\" content=\"summary_large_image\" \/>\n<script type=\"application\/ld+json\" class=\"yoast-schema-graph\">{\"@context\":\"https:\\\/\\\/schema.org\",\"@graph\":[{\"@type\":[\"WebPage\",\"ItemPage\"],\"@id\":\"https:\\\/\\\/bbqentertainment.com\\\/toode\\\/napoleon-freestyle-365-kolme-pohipoleti-ja-klassikalise-kuljepliidiga-gaasigrill-aluskapp-uksega\\\/\",\"url\":\"https:\\\/\\\/bbqentertainment.com\\\/toode\\\/napoleon-freestyle-365-kolme-pohipoleti-ja-klassikalise-kuljepliidiga-gaasigrill-aluskapp-uksega\\\/\",\"name\":\"Napoleon Freestyle 365 kolme p\u00f5hip\u00f5leti ja klassikalise k\u00fcljepliidiga gaasigrill, aluskapp uksega - BBQ Entertainment\",\"isPartOf\":{\"@id\":\"https:\\\/\\\/bbqentertainment.com\\\/#website\"},\"primaryImageOfPage\":{\"@id\":\"https:\\\/\\\/bbqentertainment.com\\\/toode\\\/napoleon-freestyle-365-kolme-pohipoleti-ja-klassikalise-kuljepliidiga-gaasigrill-aluskapp-uksega\\\/#primaryimage\"},\"image\":{\"@id\":\"https:\\\/\\\/bbqentertainment.com\\\/toode\\\/napoleon-freestyle-365-kolme-pohipoleti-ja-klassikalise-kuljepliidiga-gaasigrill-aluskapp-uksega\\\/#primaryimage\"},\"thumbnailUrl\":\"https:\\\/\\\/bbqentertainment.com\\\/wp-content\\\/uploads\\\/2026\\\/03\\\/F365DSBPK-1-CH-Web-Gallery-01-Original_JPG-Freestyle_F365DSBPK-1-RC-Prod-Str.jpg\",\"datePublished\":\"2026-03-01T22:47:23+00:00\",\"dateModified\":\"2026-04-13T18:41:13+00:00\",\"breadcrumb\":{\"@id\":\"https:\\\/\\\/bbqentertainment.com\\\/toode\\\/napoleon-freestyle-365-kolme-pohipoleti-ja-klassikalise-kuljepliidiga-gaasigrill-aluskapp-uksega\\\/#breadcrumb\"},\"inLanguage\":\"en-US\",\"potentialAction\":[{\"@type\":\"ReadAction\",\"target\":[\"https:\\\/\\\/bbqentertainment.com\\\/toode\\\/napoleon-freestyle-365-kolme-pohipoleti-ja-klassikalise-kuljepliidiga-gaasigrill-aluskapp-uksega\\\/\"]}]},{\"@type\":\"ImageObject\",\"inLanguage\":\"en-US\",\"@id\":\"https:\\\/\\\/bbqentertainment.com\\\/toode\\\/napoleon-freestyle-365-kolme-pohipoleti-ja-klassikalise-kuljepliidiga-gaasigrill-aluskapp-uksega\\\/#primaryimage\",\"url\":\"https:\\\/\\\/bbqentertainment.com\\\/wp-content\\\/uploads\\\/2026\\\/03\\\/F365DSBPK-1-CH-Web-Gallery-01-Original_JPG-Freestyle_F365DSBPK-1-RC-Prod-Str.jpg\",\"contentUrl\":\"https:\\\/\\\/bbqentertainment.com\\\/wp-content\\\/uploads\\\/2026\\\/03\\\/F365DSBPK-1-CH-Web-Gallery-01-Original_JPG-Freestyle_F365DSBPK-1-RC-Prod-Str.jpg\",\"width\":1200,\"height\":1200},{\"@type\":\"BreadcrumbList\",\"@id\":\"https:\\\/\\\/bbqentertainment.com\\\/toode\\\/napoleon-freestyle-365-kolme-pohipoleti-ja-klassikalise-kuljepliidiga-gaasigrill-aluskapp-uksega\\\/#breadcrumb\",\"itemListElement\":[{\"@type\":\"ListItem\",\"position\":1,\"name\":\"AVALEHT\",\"item\":\"https:\\\/\\\/bbqentertainment.com\\\/en\\\/\"},{\"@type\":\"ListItem\",\"position\":2,\"name\":\"Tooted\",\"item\":\"https:\\\/\\\/bbqentertainment.com\\\/tooted\\\/\"},{\"@type\":\"ListItem\",\"position\":3,\"name\":\"Grillid ja ahjud\",\"item\":\"https:\\\/\\\/bbqentertainment.com\\\/tootekategooria\\\/grillid-ja-ahjud\\\/\"},{\"@type\":\"ListItem\",\"position\":4,\"name\":\"Napoleon gaasigrillid\",\"item\":\"https:\\\/\\\/bbqentertainment.com\\\/tootekategooria\\\/grillid-ja-ahjud\\\/napoleon-gaasigrillid\\\/\"},{\"@type\":\"ListItem\",\"position\":5,\"name\":\"Napoleon Freestyle 365 kolme p\u00f5hip\u00f5leti ja klassikalise k\u00fcljepliidiga gaasigrill, aluskapp uksega\"}]},{\"@type\":\"WebSite\",\"@id\":\"https:\\\/\\\/bbqentertainment.com\\\/#website\",\"url\":\"https:\\\/\\\/bbqentertainment.com\\\/\",\"name\":\"BBQ Entertainment\",\"description\":\"BBQ is a great lifestyle, not just fun!\",\"publisher\":{\"@id\":\"https:\\\/\\\/bbqentertainment.com\\\/#organization\"},\"potentialAction\":[{\"@type\":\"SearchAction\",\"target\":{\"@type\":\"EntryPoint\",\"urlTemplate\":\"https:\\\/\\\/bbqentertainment.com\\\/?s={search_term_string}\"},\"query-input\":{\"@type\":\"PropertyValueSpecification\",\"valueRequired\":true,\"valueName\":\"search_term_string\"}}],\"inLanguage\":\"en-US\"},{\"@type\":\"Organization\",\"@id\":\"https:\\\/\\\/bbqentertainment.com\\\/#organization\",\"name\":\"BBQ Entertainment O\u00dc\",\"url\":\"https:\\\/\\\/bbqentertainment.com\\\/\",\"logo\":{\"@type\":\"ImageObject\",\"inLanguage\":\"en-US\",\"@id\":\"https:\\\/\\\/bbqentertainment.com\\\/#\\\/schema\\\/logo\\\/image\\\/\",\"url\":\"https:\\\/\\\/bbqentertainment.com\\\/wp-content\\\/uploads\\\/2020\\\/04\\\/BBQ-Entertainment-N-Catering-Enn-Tobreluts-Logo.png\",\"contentUrl\":\"https:\\\/\\\/bbqentertainment.com\\\/wp-content\\\/uploads\\\/2020\\\/04\\\/BBQ-Entertainment-N-Catering-Enn-Tobreluts-Logo.png\",\"width\":628,\"height\":266,\"caption\":\"BBQ Entertainment O\u00dc\"},\"image\":{\"@id\":\"https:\\\/\\\/bbqentertainment.com\\\/#\\\/schema\\\/logo\\\/image\\\/\"},\"sameAs\":[\"https:\\\/\\\/www.facebook.com\\\/BBQ-Entertainment-N-Catering-2437913376443540\",\"https:\\\/\\\/www.instagram.com\\\/bbqentertainmentncatering\\\/\",\"https:\\\/\\\/www.youtube.com\\\/channel\\\/UCmpuANQVhLy2Md8nrenp2jA\"]}]}<\/script>\n<!-- \/ Yoast SEO plugin. -->","yoast_head_json":{"title":"Napoleon Freestyle 365 kolme p\u00f5hip\u00f5leti ja klassikalise k\u00fcljepliidiga gaasigrill, aluskapp uksega - BBQ Entertainment","robots":{"index":"index","follow":"follow","max-snippet":"max-snippet:-1","max-image-preview":"max-image-preview:large","max-video-preview":"max-video-preview:-1"},"canonical":"https:\/\/bbqentertainment.com\/toode\/napoleon-freestyle-365-kolme-pohipoleti-ja-klassikalise-kuljepliidiga-gaasigrill-aluskapp-uksega\/","og_locale":"en_US","og_type":"article","og_title":"Napoleon Freestyle 365 kolme p\u00f5hip\u00f5leti ja klassikalise k\u00fcljepliidiga gaasigrill, aluskapp uksega - BBQ Entertainment","og_description":"Napoleon Freestyle 365 kolme p\u00f5hip\u00f5leti ja klassikalise k\u00fcljepliidiga gaasigrill, aluskapp uksega Freestyle 365 propaaniga gaasigrill k\u00fclgp\u00f5letiga on kompaktne, kuid pakub premium-klassi funktsioone ja v\u00e4ga head hinna ja kvaliteedi suhet. Kiire JETFIRE s\u00fc\u00fctes\u00fcsteem s\u00fc\u00fctab p\u00f5hik\u00fcttekehad leegiimpulsiga lihtsalt ja kindlalt iga kord. Portselanemailiga kaetud malmrestid aitavad saavutada ilusa pruunistuse ja head grillij\u00e4ljed. Kolm roostevabast terasest p\u00f5letit tagavad \u00fchtlase kuumuse, mida on lihtne reguleerida ja j\u00e4lgida sisseehitatud temperatuurianduri abil. Samal ajal kui grillid, saad k\u00fclgp\u00f5letil valmistada lisandeid ja kastmeid. Tugevad rattad teevad grilli liigutamise mugavaks ning parempoolne kokkuklapitav k\u00fclmariiul, millel on t\u00f6\u00f6riistahoidikud ja pudeliavaja, aitab hoida t\u00f6\u00f6pinna korras ning sobitada grill sinu ruumi ja harjumustega.  P\u00f5hiomadused  - Portselankattega, roostekindlamad lainekujuga restid \u00fchtlaseks kuumuse jaotuseks ja heaks pruunistuseks - Suurem ettevalmistusala ja kokkuklapitavad k\u00fclmariiulid lihtsamaks hoiustamiseks - JETFIRE s\u00fc\u00fctes\u00fcsteem, mis s\u00fc\u00fctab iga p\u00f5letaja eraldi kiireks k\u00e4ivituseks - Must portselanemailkatted kaitsevad kaant kulumise, ilma ja s\u00f5rmej\u00e4lgede eest - Astmeline kuumaplaatide lahendus tagab \u00fchtlasema kuumuse, kaitseb p\u00f5leteid ja on lihtsam puhastada - H\u00e4sti loetav temperatuuriandur stiilse musta raamiga - Suletud k\u00e4rudisain hoiab propaaniballooni kindlalt paigal ja kaitseb grilli ilmastiku eest - Vastupidav valualumiiniumist tulekamber peegeldab kuumust ja loob ahjulaadse k\u00fcpsetuskeskkonna - T\u00f6\u00f6riistakonksud m\u00f5lemal k\u00fclmariiulil, et tarvikud oleksid k\u00e4eulatuses ja t\u00f6\u00f6pind puhas - Ballooni kindel hoiustamine kapis lihtsaks paigutamiseks ja turvaliseks liigutamiseks - Soft-touch k\u00e4epide p\u00fcsib jahedamana ja on mugav kasutada - K\u00fclgp\u00f5leti lisandite ja kastmete valmistamiseks grillimise ajal - Integreeritud pudeliavaja, et see oleks alati k\u00e4ep\u00e4rast - 10-aastane piiratud garantii","og_url":"https:\/\/bbqentertainment.com\/toode\/napoleon-freestyle-365-kolme-pohipoleti-ja-klassikalise-kuljepliidiga-gaasigrill-aluskapp-uksega\/","og_site_name":"BBQ Entertainment","article_publisher":"https:\/\/www.facebook.com\/BBQ-Entertainment-N-Catering-2437913376443540","article_modified_time":"2026-04-13T18:41:13+00:00","og_image":[{"width":1200,"height":1200,"url":"https:\/\/bbqentertainment.com\/wp-content\/uploads\/2026\/03\/F365DSBPK-1-CH-Web-Gallery-01-Original_JPG-Freestyle_F365DSBPK-1-RC-Prod-Str.jpg","type":"image\/jpeg"}],"twitter_card":"summary_large_image","schema":{"@context":"https:\/\/schema.org","@graph":[{"@type":["WebPage","ItemPage"],"@id":"https:\/\/bbqentertainment.com\/toode\/napoleon-freestyle-365-kolme-pohipoleti-ja-klassikalise-kuljepliidiga-gaasigrill-aluskapp-uksega\/","url":"https:\/\/bbqentertainment.com\/toode\/napoleon-freestyle-365-kolme-pohipoleti-ja-klassikalise-kuljepliidiga-gaasigrill-aluskapp-uksega\/","name":"Napoleon Freestyle 365 kolme p\u00f5hip\u00f5leti ja klassikalise k\u00fcljepliidiga gaasigrill, aluskapp uksega - BBQ Entertainment","isPartOf":{"@id":"https:\/\/bbqentertainment.com\/#website"},"primaryImageOfPage":{"@id":"https:\/\/bbqentertainment.com\/toode\/napoleon-freestyle-365-kolme-pohipoleti-ja-klassikalise-kuljepliidiga-gaasigrill-aluskapp-uksega\/#primaryimage"},"image":{"@id":"https:\/\/bbqentertainment.com\/toode\/napoleon-freestyle-365-kolme-pohipoleti-ja-klassikalise-kuljepliidiga-gaasigrill-aluskapp-uksega\/#primaryimage"},"thumbnailUrl":"https:\/\/bbqentertainment.com\/wp-content\/uploads\/2026\/03\/F365DSBPK-1-CH-Web-Gallery-01-Original_JPG-Freestyle_F365DSBPK-1-RC-Prod-Str.jpg","datePublished":"2026-03-01T22:47:23+00:00","dateModified":"2026-04-13T18:41:13+00:00","breadcrumb":{"@id":"https:\/\/bbqentertainment.com\/toode\/napoleon-freestyle-365-kolme-pohipoleti-ja-klassikalise-kuljepliidiga-gaasigrill-aluskapp-uksega\/#breadcrumb"},"inLanguage":"en-US","potentialAction":[{"@type":"ReadAction","target":["https:\/\/bbqentertainment.com\/toode\/napoleon-freestyle-365-kolme-pohipoleti-ja-klassikalise-kuljepliidiga-gaasigrill-aluskapp-uksega\/"]}]},{"@type":"ImageObject","inLanguage":"en-US","@id":"https:\/\/bbqentertainment.com\/toode\/napoleon-freestyle-365-kolme-pohipoleti-ja-klassikalise-kuljepliidiga-gaasigrill-aluskapp-uksega\/#primaryimage","url":"https:\/\/bbqentertainment.com\/wp-content\/uploads\/2026\/03\/F365DSBPK-1-CH-Web-Gallery-01-Original_JPG-Freestyle_F365DSBPK-1-RC-Prod-Str.jpg","contentUrl":"https:\/\/bbqentertainment.com\/wp-content\/uploads\/2026\/03\/F365DSBPK-1-CH-Web-Gallery-01-Original_JPG-Freestyle_F365DSBPK-1-RC-Prod-Str.jpg","width":1200,"height":1200},{"@type":"BreadcrumbList","@id":"https:\/\/bbqentertainment.com\/toode\/napoleon-freestyle-365-kolme-pohipoleti-ja-klassikalise-kuljepliidiga-gaasigrill-aluskapp-uksega\/#breadcrumb","itemListElement":[{"@type":"ListItem","position":1,"name":"AVALEHT","item":"https:\/\/bbqentertainment.com\/en\/"},{"@type":"ListItem","position":2,"name":"Tooted","item":"https:\/\/bbqentertainment.com\/tooted\/"},{"@type":"ListItem","position":3,"name":"Grillid ja ahjud","item":"https:\/\/bbqentertainment.com\/tootekategooria\/grillid-ja-ahjud\/"},{"@type":"ListItem","position":4,"name":"Napoleon gaasigrillid","item":"https:\/\/bbqentertainment.com\/tootekategooria\/grillid-ja-ahjud\/napoleon-gaasigrillid\/"},{"@type":"ListItem","position":5,"name":"Napoleon Freestyle 365 kolme p\u00f5hip\u00f5leti ja klassikalise k\u00fcljepliidiga gaasigrill, aluskapp uksega"}]},{"@type":"WebSite","@id":"https:\/\/bbqentertainment.com\/#website","url":"https:\/\/bbqentertainment.com\/","name":"BBQ Entertainment","description":"BBQ is a great lifestyle, not just fun!","publisher":{"@id":"https:\/\/bbqentertainment.com\/#organization"},"potentialAction":[{"@type":"SearchAction","target":{"@type":"EntryPoint","urlTemplate":"https:\/\/bbqentertainment.com\/?s={search_term_string}"},"query-input":{"@type":"PropertyValueSpecification","valueRequired":true,"valueName":"search_term_string"}}],"inLanguage":"en-US"},{"@type":"Organization","@id":"https:\/\/bbqentertainment.com\/#organization","name":"BBQ Entertainment O\u00dc","url":"https:\/\/bbqentertainment.com\/","logo":{"@type":"ImageObject","inLanguage":"en-US","@id":"https:\/\/bbqentertainment.com\/#\/schema\/logo\/image\/","url":"https:\/\/bbqentertainment.com\/wp-content\/uploads\/2020\/04\/BBQ-Entertainment-N-Catering-Enn-Tobreluts-Logo.png","contentUrl":"https:\/\/bbqentertainment.com\/wp-content\/uploads\/2020\/04\/BBQ-Entertainment-N-Catering-Enn-Tobreluts-Logo.png","width":628,"height":266,"caption":"BBQ Entertainment O\u00dc"},"image":{"@id":"https:\/\/bbqentertainment.com\/#\/schema\/logo\/image\/"},"sameAs":["https:\/\/www.facebook.com\/BBQ-Entertainment-N-Catering-2437913376443540","https:\/\/www.instagram.com\/bbqentertainmentncatering\/","https:\/\/www.youtube.com\/channel\/UCmpuANQVhLy2Md8nrenp2jA"]}]}},"_links":{"self":[{"href":"https:\/\/bbqentertainment.com\/en\/wp-json\/wp\/v2\/product\/257791","targetHints":{"allow":["GET"]}}],"collection":[{"href":"https:\/\/bbqentertainment.com\/en\/wp-json\/wp\/v2\/product"}],"about":[{"href":"https:\/\/bbqentertainment.com\/en\/wp-json\/wp\/v2\/types\/product"}],"wp:featuredmedia":[{"embeddable":true,"href":"https:\/\/bbqentertainment.com\/en\/wp-json\/wp\/v2\/media\/258040"}],"wp:attachment":[{"href":"https:\/\/bbqentertainment.com\/en\/wp-json\/wp\/v2\/media?parent=257791"}],"wp:term":[{"taxonomy":"product_brand","embeddable":true,"href":"https:\/\/bbqentertainment.com\/en\/wp-json\/wp\/v2\/product_brand?post=257791"},{"taxonomy":"product_cat","embeddable":true,"href":"https:\/\/bbqentertainment.com\/en\/wp-json\/wp\/v2\/product_cat?post=257791"},{"taxonomy":"product_tag","embeddable":true,"href":"https:\/\/bbqentertainment.com\/en\/wp-json\/wp\/v2\/product_tag?post=257791"}],"curies":[{"name":"wp","href":"https:\/\/api.w.org\/{rel}","templated":true}]}}