{"id":257792,"date":"2026-03-02T00:47:24","date_gmt":"2026-03-01T22:47:24","guid":{"rendered":"https:\/\/bbqentertainment.com\/?post_type=product&#038;p=257792"},"modified":"2026-04-13T21:41:12","modified_gmt":"2026-04-13T18:41:12","slug":"napoleon-freeestyle-365-kolme-pohipoleti-ja-keraamilise-kuljepliidiga-gaasigrill-aluskapp-uksega","status":"publish","type":"product","link":"https:\/\/bbqentertainment.com\/en\/toode\/napoleon-freeestyle-365-kolme-pohipoleti-ja-keraamilise-kuljepliidiga-gaasigrill-aluskapp-uksega\/","title":{"rendered":"Napoleon Freeestyle 365 kolme p\u00f5hip\u00f5leti ja keraamilise k\u00fcljepliidiga gaasigrill, aluskapp uksega"},"content":{"rendered":"","protected":false},"excerpt":{"rendered":"<h3>Napoleon Freeestyle 365 kolme p\u00f5hip\u00f5leti ja keraamilise k\u00fcljepliidiga gaasigrill, aluskapp uksega<\/h3>\n<p>Napoleon Freestyle PRO 365 \u00fchendab suurep\u00e4rase j\u00f5udluse ja kompaktse disaini, sobides ideaalselt terrassile, ridaelamu hoovi ja v\u00e4iksemasse aeda. Napoleoni kvaliteedile omaselt on see grill ehitatud vastupidavaks ning varustatud v\u00f5imsa SIZZLE ZONE infrapuna k\u00fclgp\u00f5letiga, millega saad liha kiirelt k\u00f5rgel kuumusel pruunistada nagu restoranis. Igap\u00e4evane grillimine on lihtne t\u00e4nu JETFIRE s\u00fc\u00fctes\u00fcsteemile ning roostevabast terasest p\u00f5letitele, mis tagavad \u00fchtlase kuumuse ja hea kontrolli. Temperatuuri j\u00e4lgimist aitab ACCU-PROBE termomeeter. Kokkupandav k\u00fclmariiul koos t\u00f6\u00f6riistakonksude ja pudeliavajaga hoiab olulised tarvikud k\u00e4eulatuses, s\u00e4\u00e4stes samal ajal ruumi. Tugevad rattad teevad grilli liigutamise mugavaks ning elegantne must viimistlus annab ajatu v\u00e4limuse. Kompaktne, praktiline ja mitmek\u00fclgne: Freestyle PRO 365-ga saad grillida seal, kus parasjagu soovid.<\/p>\n<p><strong>P\u00f5hiomadused<\/strong><\/p>\n<p>&#8211; V\u00f5imsus 15 kW<br \/>\n&#8211; 3 roostevabast terasest p\u00f5hik\u00fcttekeha<br \/>\n&#8211; Kogu k\u00fcpsetusala 3 775 cm\u00b2<br \/>\n&#8211; P\u00f5hik\u00fcpsetusala 51 \u00d7 45 cm<br \/>\n&#8211; Portselankattega malmist ikoonilised WAVE k\u00fcpsetusrestid<br \/>\n&#8211; Infrapuna SIZZLE ZONE pruunistamisjaam k\u00fclgp\u00f5letina, roostevabast terasest restiga<br \/>\n&#8211; Premium ergonoomilised juhtnupud<br \/>\n&#8211; Kohene JETFIRE s\u00fc\u00fcde<br \/>\n&#8211; T\u00e4pne kuumuse reguleerimine<br \/>\n&#8211; ACCU-PROBE temperatuuriandur<br \/>\n&#8211; Roostevabast terasest kuumaplaadid p\u00f5letite kaitseks ja \u00fchtlasemaks kuumuseks<br \/>\n&#8211; Tugevad, erineval maastikul h\u00e4sti liikuvad rattad<br \/>\n&#8211; Roostevabast terasest soojendusrest<br \/>\n&#8211; Kroomitud soojendusrest<br \/>\n&#8211; Suletud k\u00e4rudisain<br \/>\n&#8211; Kokkupandav k\u00fclmariiul<br \/>\n&#8211; 10-aastane piiratud garantii<\/p>\n","protected":false},"featured_media":258050,"template":"","meta":{"inline_featured_image":false},"product_brand":[],"product_cat":[17,561],"product_tag":[],"class_list":{"0":"post-257792","1":"product","2":"type-product","3":"status-publish","4":"has-post-thumbnail","6":"product_cat-grillid-ja-ahjud","7":"product_cat-napoleon-gaasigrillid","8":"product_shipping_class-ainult-ise-jarele-tulemisega","10":"first","11":"instock","12":"taxable","13":"shipping-taxable","14":"purchasable","15":"product-type-simple"},"yoast_head":"<!-- This site is optimized with the Yoast SEO plugin v27.4 - https:\/\/yoast.com\/product\/yoast-seo-wordpress\/ -->\n<title>Napoleon Freeestyle 365 kolme p\u00f5hip\u00f5leti ja keraamilise k\u00fcljepliidiga gaasigrill, aluskapp uksega - BBQ Entertainment<\/title>\n<meta name=\"robots\" content=\"index, follow, max-snippet:-1, max-image-preview:large, max-video-preview:-1\" \/>\n<link rel=\"canonical\" href=\"https:\/\/bbqentertainment.com\/toode\/napoleon-freeestyle-365-kolme-pohipoleti-ja-keraamilise-kuljepliidiga-gaasigrill-aluskapp-uksega\/\" \/>\n<meta property=\"og:locale\" content=\"en_US\" \/>\n<meta property=\"og:type\" content=\"article\" \/>\n<meta property=\"og:title\" content=\"Napoleon Freeestyle 365 kolme p\u00f5hip\u00f5leti ja keraamilise k\u00fcljepliidiga gaasigrill, aluskapp uksega - BBQ Entertainment\" \/>\n<meta property=\"og:description\" content=\"Napoleon Freeestyle 365 kolme p\u00f5hip\u00f5leti ja keraamilise k\u00fcljepliidiga gaasigrill, aluskapp uksega Napoleon Freestyle PRO 365 \u00fchendab suurep\u00e4rase j\u00f5udluse ja kompaktse disaini, sobides ideaalselt terrassile, ridaelamu hoovi ja v\u00e4iksemasse aeda. Napoleoni kvaliteedile omaselt on see grill ehitatud vastupidavaks ning varustatud v\u00f5imsa SIZZLE ZONE infrapuna k\u00fclgp\u00f5letiga, millega saad liha kiirelt k\u00f5rgel kuumusel pruunistada nagu restoranis. Igap\u00e4evane grillimine on lihtne t\u00e4nu JETFIRE s\u00fc\u00fctes\u00fcsteemile ning roostevabast terasest p\u00f5letitele, mis tagavad \u00fchtlase kuumuse ja hea kontrolli. Temperatuuri j\u00e4lgimist aitab ACCU-PROBE termomeeter. Kokkupandav k\u00fclmariiul koos t\u00f6\u00f6riistakonksude ja pudeliavajaga hoiab olulised tarvikud k\u00e4eulatuses, s\u00e4\u00e4stes samal ajal ruumi. Tugevad rattad teevad grilli liigutamise mugavaks ning elegantne must viimistlus annab ajatu v\u00e4limuse. Kompaktne, praktiline ja mitmek\u00fclgne: Freestyle PRO 365-ga saad grillida seal, kus parasjagu soovid.  P\u00f5hiomadused  - V\u00f5imsus 15 kW - 3 roostevabast terasest p\u00f5hik\u00fcttekeha - Kogu k\u00fcpsetusala 3 775 cm\u00b2 - P\u00f5hik\u00fcpsetusala 51 \u00d7 45 cm - Portselankattega malmist ikoonilised WAVE k\u00fcpsetusrestid - Infrapuna SIZZLE ZONE pruunistamisjaam k\u00fclgp\u00f5letina, roostevabast terasest restiga - Premium ergonoomilised juhtnupud - Kohene JETFIRE s\u00fc\u00fcde - T\u00e4pne kuumuse reguleerimine - ACCU-PROBE temperatuuriandur - Roostevabast terasest kuumaplaadid p\u00f5letite kaitseks ja \u00fchtlasemaks kuumuseks - Tugevad, erineval maastikul h\u00e4sti liikuvad rattad - Roostevabast terasest soojendusrest - Kroomitud soojendusrest - Suletud k\u00e4rudisain - Kokkupandav k\u00fclmariiul - 10-aastane piiratud garantii\" \/>\n<meta property=\"og:url\" content=\"https:\/\/bbqentertainment.com\/toode\/napoleon-freeestyle-365-kolme-pohipoleti-ja-keraamilise-kuljepliidiga-gaasigrill-aluskapp-uksega\/\" \/>\n<meta property=\"og:site_name\" content=\"BBQ Entertainment\" \/>\n<meta property=\"article:publisher\" content=\"https:\/\/www.facebook.com\/BBQ-Entertainment-N-Catering-2437913376443540\" \/>\n<meta property=\"article:modified_time\" content=\"2026-04-13T18:41:12+00:00\" \/>\n<meta property=\"og:image\" content=\"https:\/\/bbqentertainment.com\/wp-content\/uploads\/2026\/03\/FP365DSIBPK-1-CH-Web-Gallery-01-Original_JPG-Freestyle_FP365DSIBPK-1-RC-Prod-Str.jpg\" \/>\n\t<meta property=\"og:image:width\" content=\"1200\" \/>\n\t<meta property=\"og:image:height\" content=\"1200\" \/>\n\t<meta property=\"og:image:type\" content=\"image\/jpeg\" \/>\n<meta name=\"twitter:card\" content=\"summary_large_image\" \/>\n<meta name=\"twitter:label1\" content=\"Est. reading time\" \/>\n\t<meta name=\"twitter:data1\" content=\"1 minute\" \/>\n<script type=\"application\/ld+json\" class=\"yoast-schema-graph\">{\"@context\":\"https:\\\/\\\/schema.org\",\"@graph\":[{\"@type\":[\"WebPage\",\"ItemPage\"],\"@id\":\"https:\\\/\\\/bbqentertainment.com\\\/toode\\\/napoleon-freeestyle-365-kolme-pohipoleti-ja-keraamilise-kuljepliidiga-gaasigrill-aluskapp-uksega\\\/\",\"url\":\"https:\\\/\\\/bbqentertainment.com\\\/toode\\\/napoleon-freeestyle-365-kolme-pohipoleti-ja-keraamilise-kuljepliidiga-gaasigrill-aluskapp-uksega\\\/\",\"name\":\"Napoleon Freeestyle 365 kolme p\u00f5hip\u00f5leti ja keraamilise k\u00fcljepliidiga gaasigrill, aluskapp uksega - BBQ Entertainment\",\"isPartOf\":{\"@id\":\"https:\\\/\\\/bbqentertainment.com\\\/#website\"},\"primaryImageOfPage\":{\"@id\":\"https:\\\/\\\/bbqentertainment.com\\\/toode\\\/napoleon-freeestyle-365-kolme-pohipoleti-ja-keraamilise-kuljepliidiga-gaasigrill-aluskapp-uksega\\\/#primaryimage\"},\"image\":{\"@id\":\"https:\\\/\\\/bbqentertainment.com\\\/toode\\\/napoleon-freeestyle-365-kolme-pohipoleti-ja-keraamilise-kuljepliidiga-gaasigrill-aluskapp-uksega\\\/#primaryimage\"},\"thumbnailUrl\":\"https:\\\/\\\/bbqentertainment.com\\\/wp-content\\\/uploads\\\/2026\\\/03\\\/FP365DSIBPK-1-CH-Web-Gallery-01-Original_JPG-Freestyle_FP365DSIBPK-1-RC-Prod-Str.jpg\",\"datePublished\":\"2026-03-01T22:47:24+00:00\",\"dateModified\":\"2026-04-13T18:41:12+00:00\",\"breadcrumb\":{\"@id\":\"https:\\\/\\\/bbqentertainment.com\\\/toode\\\/napoleon-freeestyle-365-kolme-pohipoleti-ja-keraamilise-kuljepliidiga-gaasigrill-aluskapp-uksega\\\/#breadcrumb\"},\"inLanguage\":\"en-US\",\"potentialAction\":[{\"@type\":\"ReadAction\",\"target\":[\"https:\\\/\\\/bbqentertainment.com\\\/toode\\\/napoleon-freeestyle-365-kolme-pohipoleti-ja-keraamilise-kuljepliidiga-gaasigrill-aluskapp-uksega\\\/\"]}]},{\"@type\":\"ImageObject\",\"inLanguage\":\"en-US\",\"@id\":\"https:\\\/\\\/bbqentertainment.com\\\/toode\\\/napoleon-freeestyle-365-kolme-pohipoleti-ja-keraamilise-kuljepliidiga-gaasigrill-aluskapp-uksega\\\/#primaryimage\",\"url\":\"https:\\\/\\\/bbqentertainment.com\\\/wp-content\\\/uploads\\\/2026\\\/03\\\/FP365DSIBPK-1-CH-Web-Gallery-01-Original_JPG-Freestyle_FP365DSIBPK-1-RC-Prod-Str.jpg\",\"contentUrl\":\"https:\\\/\\\/bbqentertainment.com\\\/wp-content\\\/uploads\\\/2026\\\/03\\\/FP365DSIBPK-1-CH-Web-Gallery-01-Original_JPG-Freestyle_FP365DSIBPK-1-RC-Prod-Str.jpg\",\"width\":1200,\"height\":1200},{\"@type\":\"BreadcrumbList\",\"@id\":\"https:\\\/\\\/bbqentertainment.com\\\/toode\\\/napoleon-freeestyle-365-kolme-pohipoleti-ja-keraamilise-kuljepliidiga-gaasigrill-aluskapp-uksega\\\/#breadcrumb\",\"itemListElement\":[{\"@type\":\"ListItem\",\"position\":1,\"name\":\"AVALEHT\",\"item\":\"https:\\\/\\\/bbqentertainment.com\\\/en\\\/\"},{\"@type\":\"ListItem\",\"position\":2,\"name\":\"Tooted\",\"item\":\"https:\\\/\\\/bbqentertainment.com\\\/tooted\\\/\"},{\"@type\":\"ListItem\",\"position\":3,\"name\":\"Grillid ja ahjud\",\"item\":\"https:\\\/\\\/bbqentertainment.com\\\/tootekategooria\\\/grillid-ja-ahjud\\\/\"},{\"@type\":\"ListItem\",\"position\":4,\"name\":\"Napoleon gaasigrillid\",\"item\":\"https:\\\/\\\/bbqentertainment.com\\\/tootekategooria\\\/grillid-ja-ahjud\\\/napoleon-gaasigrillid\\\/\"},{\"@type\":\"ListItem\",\"position\":5,\"name\":\"Napoleon Freeestyle 365 kolme p\u00f5hip\u00f5leti ja keraamilise k\u00fcljepliidiga gaasigrill, aluskapp uksega\"}]},{\"@type\":\"WebSite\",\"@id\":\"https:\\\/\\\/bbqentertainment.com\\\/#website\",\"url\":\"https:\\\/\\\/bbqentertainment.com\\\/\",\"name\":\"BBQ Entertainment\",\"description\":\"BBQ is a great lifestyle, not just fun!\",\"publisher\":{\"@id\":\"https:\\\/\\\/bbqentertainment.com\\\/#organization\"},\"potentialAction\":[{\"@type\":\"SearchAction\",\"target\":{\"@type\":\"EntryPoint\",\"urlTemplate\":\"https:\\\/\\\/bbqentertainment.com\\\/?s={search_term_string}\"},\"query-input\":{\"@type\":\"PropertyValueSpecification\",\"valueRequired\":true,\"valueName\":\"search_term_string\"}}],\"inLanguage\":\"en-US\"},{\"@type\":\"Organization\",\"@id\":\"https:\\\/\\\/bbqentertainment.com\\\/#organization\",\"name\":\"BBQ Entertainment O\u00dc\",\"url\":\"https:\\\/\\\/bbqentertainment.com\\\/\",\"logo\":{\"@type\":\"ImageObject\",\"inLanguage\":\"en-US\",\"@id\":\"https:\\\/\\\/bbqentertainment.com\\\/#\\\/schema\\\/logo\\\/image\\\/\",\"url\":\"https:\\\/\\\/bbqentertainment.com\\\/wp-content\\\/uploads\\\/2020\\\/04\\\/BBQ-Entertainment-N-Catering-Enn-Tobreluts-Logo.png\",\"contentUrl\":\"https:\\\/\\\/bbqentertainment.com\\\/wp-content\\\/uploads\\\/2020\\\/04\\\/BBQ-Entertainment-N-Catering-Enn-Tobreluts-Logo.png\",\"width\":628,\"height\":266,\"caption\":\"BBQ Entertainment O\u00dc\"},\"image\":{\"@id\":\"https:\\\/\\\/bbqentertainment.com\\\/#\\\/schema\\\/logo\\\/image\\\/\"},\"sameAs\":[\"https:\\\/\\\/www.facebook.com\\\/BBQ-Entertainment-N-Catering-2437913376443540\",\"https:\\\/\\\/www.instagram.com\\\/bbqentertainmentncatering\\\/\",\"https:\\\/\\\/www.youtube.com\\\/channel\\\/UCmpuANQVhLy2Md8nrenp2jA\"]}]}<\/script>\n<!-- \/ Yoast SEO plugin. -->","yoast_head_json":{"title":"Napoleon Freeestyle 365 kolme p\u00f5hip\u00f5leti ja keraamilise k\u00fcljepliidiga gaasigrill, aluskapp uksega - BBQ Entertainment","robots":{"index":"index","follow":"follow","max-snippet":"max-snippet:-1","max-image-preview":"max-image-preview:large","max-video-preview":"max-video-preview:-1"},"canonical":"https:\/\/bbqentertainment.com\/toode\/napoleon-freeestyle-365-kolme-pohipoleti-ja-keraamilise-kuljepliidiga-gaasigrill-aluskapp-uksega\/","og_locale":"en_US","og_type":"article","og_title":"Napoleon Freeestyle 365 kolme p\u00f5hip\u00f5leti ja keraamilise k\u00fcljepliidiga gaasigrill, aluskapp uksega - BBQ Entertainment","og_description":"Napoleon Freeestyle 365 kolme p\u00f5hip\u00f5leti ja keraamilise k\u00fcljepliidiga gaasigrill, aluskapp uksega Napoleon Freestyle PRO 365 \u00fchendab suurep\u00e4rase j\u00f5udluse ja kompaktse disaini, sobides ideaalselt terrassile, ridaelamu hoovi ja v\u00e4iksemasse aeda. Napoleoni kvaliteedile omaselt on see grill ehitatud vastupidavaks ning varustatud v\u00f5imsa SIZZLE ZONE infrapuna k\u00fclgp\u00f5letiga, millega saad liha kiirelt k\u00f5rgel kuumusel pruunistada nagu restoranis. Igap\u00e4evane grillimine on lihtne t\u00e4nu JETFIRE s\u00fc\u00fctes\u00fcsteemile ning roostevabast terasest p\u00f5letitele, mis tagavad \u00fchtlase kuumuse ja hea kontrolli. Temperatuuri j\u00e4lgimist aitab ACCU-PROBE termomeeter. Kokkupandav k\u00fclmariiul koos t\u00f6\u00f6riistakonksude ja pudeliavajaga hoiab olulised tarvikud k\u00e4eulatuses, s\u00e4\u00e4stes samal ajal ruumi. Tugevad rattad teevad grilli liigutamise mugavaks ning elegantne must viimistlus annab ajatu v\u00e4limuse. Kompaktne, praktiline ja mitmek\u00fclgne: Freestyle PRO 365-ga saad grillida seal, kus parasjagu soovid.  P\u00f5hiomadused  - V\u00f5imsus 15 kW - 3 roostevabast terasest p\u00f5hik\u00fcttekeha - Kogu k\u00fcpsetusala 3 775 cm\u00b2 - P\u00f5hik\u00fcpsetusala 51 \u00d7 45 cm - Portselankattega malmist ikoonilised WAVE k\u00fcpsetusrestid - Infrapuna SIZZLE ZONE pruunistamisjaam k\u00fclgp\u00f5letina, roostevabast terasest restiga - Premium ergonoomilised juhtnupud - Kohene JETFIRE s\u00fc\u00fcde - T\u00e4pne kuumuse reguleerimine - ACCU-PROBE temperatuuriandur - Roostevabast terasest kuumaplaadid p\u00f5letite kaitseks ja \u00fchtlasemaks kuumuseks - Tugevad, erineval maastikul h\u00e4sti liikuvad rattad - Roostevabast terasest soojendusrest - Kroomitud soojendusrest - Suletud k\u00e4rudisain - Kokkupandav k\u00fclmariiul - 10-aastane piiratud garantii","og_url":"https:\/\/bbqentertainment.com\/toode\/napoleon-freeestyle-365-kolme-pohipoleti-ja-keraamilise-kuljepliidiga-gaasigrill-aluskapp-uksega\/","og_site_name":"BBQ Entertainment","article_publisher":"https:\/\/www.facebook.com\/BBQ-Entertainment-N-Catering-2437913376443540","article_modified_time":"2026-04-13T18:41:12+00:00","og_image":[{"width":1200,"height":1200,"url":"https:\/\/bbqentertainment.com\/wp-content\/uploads\/2026\/03\/FP365DSIBPK-1-CH-Web-Gallery-01-Original_JPG-Freestyle_FP365DSIBPK-1-RC-Prod-Str.jpg","type":"image\/jpeg"}],"twitter_card":"summary_large_image","twitter_misc":{"Est. reading time":"1 minute"},"schema":{"@context":"https:\/\/schema.org","@graph":[{"@type":["WebPage","ItemPage"],"@id":"https:\/\/bbqentertainment.com\/toode\/napoleon-freeestyle-365-kolme-pohipoleti-ja-keraamilise-kuljepliidiga-gaasigrill-aluskapp-uksega\/","url":"https:\/\/bbqentertainment.com\/toode\/napoleon-freeestyle-365-kolme-pohipoleti-ja-keraamilise-kuljepliidiga-gaasigrill-aluskapp-uksega\/","name":"Napoleon Freeestyle 365 kolme p\u00f5hip\u00f5leti ja keraamilise k\u00fcljepliidiga gaasigrill, aluskapp uksega - BBQ Entertainment","isPartOf":{"@id":"https:\/\/bbqentertainment.com\/#website"},"primaryImageOfPage":{"@id":"https:\/\/bbqentertainment.com\/toode\/napoleon-freeestyle-365-kolme-pohipoleti-ja-keraamilise-kuljepliidiga-gaasigrill-aluskapp-uksega\/#primaryimage"},"image":{"@id":"https:\/\/bbqentertainment.com\/toode\/napoleon-freeestyle-365-kolme-pohipoleti-ja-keraamilise-kuljepliidiga-gaasigrill-aluskapp-uksega\/#primaryimage"},"thumbnailUrl":"https:\/\/bbqentertainment.com\/wp-content\/uploads\/2026\/03\/FP365DSIBPK-1-CH-Web-Gallery-01-Original_JPG-Freestyle_FP365DSIBPK-1-RC-Prod-Str.jpg","datePublished":"2026-03-01T22:47:24+00:00","dateModified":"2026-04-13T18:41:12+00:00","breadcrumb":{"@id":"https:\/\/bbqentertainment.com\/toode\/napoleon-freeestyle-365-kolme-pohipoleti-ja-keraamilise-kuljepliidiga-gaasigrill-aluskapp-uksega\/#breadcrumb"},"inLanguage":"en-US","potentialAction":[{"@type":"ReadAction","target":["https:\/\/bbqentertainment.com\/toode\/napoleon-freeestyle-365-kolme-pohipoleti-ja-keraamilise-kuljepliidiga-gaasigrill-aluskapp-uksega\/"]}]},{"@type":"ImageObject","inLanguage":"en-US","@id":"https:\/\/bbqentertainment.com\/toode\/napoleon-freeestyle-365-kolme-pohipoleti-ja-keraamilise-kuljepliidiga-gaasigrill-aluskapp-uksega\/#primaryimage","url":"https:\/\/bbqentertainment.com\/wp-content\/uploads\/2026\/03\/FP365DSIBPK-1-CH-Web-Gallery-01-Original_JPG-Freestyle_FP365DSIBPK-1-RC-Prod-Str.jpg","contentUrl":"https:\/\/bbqentertainment.com\/wp-content\/uploads\/2026\/03\/FP365DSIBPK-1-CH-Web-Gallery-01-Original_JPG-Freestyle_FP365DSIBPK-1-RC-Prod-Str.jpg","width":1200,"height":1200},{"@type":"BreadcrumbList","@id":"https:\/\/bbqentertainment.com\/toode\/napoleon-freeestyle-365-kolme-pohipoleti-ja-keraamilise-kuljepliidiga-gaasigrill-aluskapp-uksega\/#breadcrumb","itemListElement":[{"@type":"ListItem","position":1,"name":"AVALEHT","item":"https:\/\/bbqentertainment.com\/en\/"},{"@type":"ListItem","position":2,"name":"Tooted","item":"https:\/\/bbqentertainment.com\/tooted\/"},{"@type":"ListItem","position":3,"name":"Grillid ja ahjud","item":"https:\/\/bbqentertainment.com\/tootekategooria\/grillid-ja-ahjud\/"},{"@type":"ListItem","position":4,"name":"Napoleon gaasigrillid","item":"https:\/\/bbqentertainment.com\/tootekategooria\/grillid-ja-ahjud\/napoleon-gaasigrillid\/"},{"@type":"ListItem","position":5,"name":"Napoleon Freeestyle 365 kolme p\u00f5hip\u00f5leti ja keraamilise k\u00fcljepliidiga gaasigrill, aluskapp uksega"}]},{"@type":"WebSite","@id":"https:\/\/bbqentertainment.com\/#website","url":"https:\/\/bbqentertainment.com\/","name":"BBQ Entertainment","description":"BBQ is a great lifestyle, not just fun!","publisher":{"@id":"https:\/\/bbqentertainment.com\/#organization"},"potentialAction":[{"@type":"SearchAction","target":{"@type":"EntryPoint","urlTemplate":"https:\/\/bbqentertainment.com\/?s={search_term_string}"},"query-input":{"@type":"PropertyValueSpecification","valueRequired":true,"valueName":"search_term_string"}}],"inLanguage":"en-US"},{"@type":"Organization","@id":"https:\/\/bbqentertainment.com\/#organization","name":"BBQ Entertainment O\u00dc","url":"https:\/\/bbqentertainment.com\/","logo":{"@type":"ImageObject","inLanguage":"en-US","@id":"https:\/\/bbqentertainment.com\/#\/schema\/logo\/image\/","url":"https:\/\/bbqentertainment.com\/wp-content\/uploads\/2020\/04\/BBQ-Entertainment-N-Catering-Enn-Tobreluts-Logo.png","contentUrl":"https:\/\/bbqentertainment.com\/wp-content\/uploads\/2020\/04\/BBQ-Entertainment-N-Catering-Enn-Tobreluts-Logo.png","width":628,"height":266,"caption":"BBQ Entertainment O\u00dc"},"image":{"@id":"https:\/\/bbqentertainment.com\/#\/schema\/logo\/image\/"},"sameAs":["https:\/\/www.facebook.com\/BBQ-Entertainment-N-Catering-2437913376443540","https:\/\/www.instagram.com\/bbqentertainmentncatering\/","https:\/\/www.youtube.com\/channel\/UCmpuANQVhLy2Md8nrenp2jA"]}]}},"_links":{"self":[{"href":"https:\/\/bbqentertainment.com\/en\/wp-json\/wp\/v2\/product\/257792","targetHints":{"allow":["GET"]}}],"collection":[{"href":"https:\/\/bbqentertainment.com\/en\/wp-json\/wp\/v2\/product"}],"about":[{"href":"https:\/\/bbqentertainment.com\/en\/wp-json\/wp\/v2\/types\/product"}],"wp:featuredmedia":[{"embeddable":true,"href":"https:\/\/bbqentertainment.com\/en\/wp-json\/wp\/v2\/media\/258050"}],"wp:attachment":[{"href":"https:\/\/bbqentertainment.com\/en\/wp-json\/wp\/v2\/media?parent=257792"}],"wp:term":[{"taxonomy":"product_brand","embeddable":true,"href":"https:\/\/bbqentertainment.com\/en\/wp-json\/wp\/v2\/product_brand?post=257792"},{"taxonomy":"product_cat","embeddable":true,"href":"https:\/\/bbqentertainment.com\/en\/wp-json\/wp\/v2\/product_cat?post=257792"},{"taxonomy":"product_tag","embeddable":true,"href":"https:\/\/bbqentertainment.com\/en\/wp-json\/wp\/v2\/product_tag?post=257792"}],"curies":[{"name":"wp","href":"https:\/\/api.w.org\/{rel}","templated":true}]}}