{"id":257796,"date":"2026-03-02T00:47:27","date_gmt":"2026-03-01T22:47:27","guid":{"rendered":"https:\/\/bbqentertainment.com\/?post_type=product&#038;p=257796"},"modified":"2026-04-16T13:56:22","modified_gmt":"2026-04-16T10:56:22","slug":"napoleon-freestyle-24-nakkekindla-planchaplaadiga-3-poletiga-gaasigrill","status":"publish","type":"product","link":"https:\/\/bbqentertainment.com\/en\/toode\/napoleon-freestyle-24-nakkekindla-planchaplaadiga-3-poletiga-gaasigrill\/","title":{"rendered":"Napoleon Freestyle 24&#8243; nakkekindla planchaplaadiga, 3-p\u00f5letiga gaasigrill"},"content":{"rendered":"","protected":false},"excerpt":{"rendered":"<h3>Napoleon Freestyle 24&#8243; nakkekindla planchaplaadiga, 3-p\u00f5letiga gaasigrill<\/h3>\n<p>Freestyle 24 eelmaitsestatud mittenakkuva plaancha on loodud neile, kes soovivad \u00f5ues kokkamisel mitmek\u00fclgsust, vastupidavust ja stiilset v\u00e4limust. 3,5 mm eelmaitsestatud terasest k\u00fcpsetuspind hoiab kuumust h\u00e4sti ja k\u00fcpsetab \u00fchtlaselt. Loomulik maitsestus aitab luua mittenakkuva pinna ning kaitseb plaati kriimustuste eest, nii et saad kasutada ka metallist t\u00f6\u00f6riistu ilma muretsemata. Kolm v\u00f5imsat p\u00f5letit annavad \u00fchtlase kuumuse nii madalal temperatuuril \u00f5rnade roogade jaoks kui ka k\u00f5rgel kuumusel pruunistamiseks. Kokkupandavad k\u00fclmariiulid integreeritud t\u00f6\u00f6riistakonksudega hoiavad tarvikud k\u00e4eulatuses, ning eest ligip\u00e4\u00e4setav rasvakogumiss\u00fcsteem aitab t\u00f6\u00f6ala puhta ja korras hoida. Lisaks on plaanchal kahekordse liikumisega kaitsekaas k\u00fcpsetuspinna katmiseks, ning integreeritud pudeliavaja.<\/p>\n<p><strong>P\u00f5hiomadused<\/strong><\/p>\n<p>&#8211; 3 p\u00f5hik\u00fcttekeha, kogu k\u00fcpsetusala 43,2 \u00d7 59,7 cm<br \/>\n&#8211; T\u00e4pne kuumuse reguleerimine nii k\u00f5rgel kuumusel pruunistamiseks kui ka madalamal kuumusel \u00f5rnaks k\u00fcpsetamiseks<br \/>\n&#8211; Vastupidav viimistlus: l\u00e4ikiv must korpus ja juhtpaneel ning roostekindlam, tugevdatud eelmaitsestatud terasest k\u00fcpsetuspind, mis sobib kasutamiseks v\u00e4litingimustes<br \/>\n&#8211; 3,5 mm eelmaitsestatud terasest k\u00fcpsetuspind, mis kuumeneb kiiresti ja \u00fchtlaselt ning sobib kasutamiseks metallist t\u00f6\u00f6riistadega<br \/>\n&#8211; Elektrooniline s\u00fc\u00fcde kiireks ja lihtsaks k\u00e4ivituseks<br \/>\n&#8211; Kokkupandavad k\u00fclmariiulid ruumi s\u00e4\u00e4stmiseks ja integreeritud t\u00f6\u00f6riistakonksud tarvikute hoidmiseks<br \/>\n&#8211; 2 k\u00fclgratast, et plaanchat oleks lihtne liigutada<br \/>\n&#8211; 10-aastane piiratud garantii<br \/>\n&#8211; LIFT EASE kahekordse p\u00f6\u00f6rdega kaitsekaas, mis on m\u00f5eldud k\u00fcpsetuspinna kaitsmiseks, ning mida ei tohi k\u00fcpsetamise ajal sulgeda<br \/>\n&#8211; Tugevdatud k\u00fcpsetuspinna alus, mis aitab v\u00e4ltida k\u00f5verdumist ja talub j\u00e4rske temperatuurimuutusi<br \/>\n&#8211; Eest ligip\u00e4\u00e4setav rasvahaldus: mugav rasvakogumisalus puhtama t\u00f6\u00f6ala jaoks<br \/>\n&#8211; Stiilne l\u00e4ikiv must viimistlus, mis on vastupidav ja ilmastikukindlam<\/p>\n","protected":false},"featured_media":258113,"template":"","meta":{"inline_featured_image":false},"product_brand":[],"product_cat":[17,561],"product_tag":[],"class_list":{"0":"post-257796","1":"product","2":"type-product","3":"status-publish","4":"has-post-thumbnail","6":"product_cat-grillid-ja-ahjud","7":"product_cat-napoleon-gaasigrillid","8":"product_shipping_class-ainult-ise-jarele-tulemisega","10":"first","11":"instock","12":"sale","13":"taxable","14":"shipping-taxable","15":"purchasable","16":"product-type-simple"},"yoast_head":"<!-- This site is optimized with the Yoast SEO plugin v27.4 - https:\/\/yoast.com\/product\/yoast-seo-wordpress\/ -->\n<title>Napoleon Freestyle 24&quot; nakkekindla planchaplaadiga, 3-p\u00f5letiga gaasigrill - BBQ Entertainment<\/title>\n<meta name=\"robots\" content=\"index, follow, max-snippet:-1, max-image-preview:large, max-video-preview:-1\" \/>\n<link rel=\"canonical\" href=\"https:\/\/bbqentertainment.com\/toode\/napoleon-freestyle-24-nakkekindla-planchaplaadiga-3-poletiga-gaasigrill\/\" \/>\n<meta property=\"og:locale\" content=\"en_US\" \/>\n<meta property=\"og:type\" content=\"article\" \/>\n<meta property=\"og:title\" content=\"Napoleon Freestyle 24&quot; nakkekindla planchaplaadiga, 3-p\u00f5letiga gaasigrill - BBQ Entertainment\" \/>\n<meta property=\"og:description\" content=\"Napoleon Freestyle 24&quot; nakkekindla planchaplaadiga, 3-p\u00f5letiga gaasigrill Freestyle 24 eelmaitsestatud mittenakkuva plaancha on loodud neile, kes soovivad \u00f5ues kokkamisel mitmek\u00fclgsust, vastupidavust ja stiilset v\u00e4limust. 3,5 mm eelmaitsestatud terasest k\u00fcpsetuspind hoiab kuumust h\u00e4sti ja k\u00fcpsetab \u00fchtlaselt. Loomulik maitsestus aitab luua mittenakkuva pinna ning kaitseb plaati kriimustuste eest, nii et saad kasutada ka metallist t\u00f6\u00f6riistu ilma muretsemata. Kolm v\u00f5imsat p\u00f5letit annavad \u00fchtlase kuumuse nii madalal temperatuuril \u00f5rnade roogade jaoks kui ka k\u00f5rgel kuumusel pruunistamiseks. Kokkupandavad k\u00fclmariiulid integreeritud t\u00f6\u00f6riistakonksudega hoiavad tarvikud k\u00e4eulatuses, ning eest ligip\u00e4\u00e4setav rasvakogumiss\u00fcsteem aitab t\u00f6\u00f6ala puhta ja korras hoida. Lisaks on plaanchal kahekordse liikumisega kaitsekaas k\u00fcpsetuspinna katmiseks, ning integreeritud pudeliavaja.  P\u00f5hiomadused  - 3 p\u00f5hik\u00fcttekeha, kogu k\u00fcpsetusala 43,2 \u00d7 59,7 cm - T\u00e4pne kuumuse reguleerimine nii k\u00f5rgel kuumusel pruunistamiseks kui ka madalamal kuumusel \u00f5rnaks k\u00fcpsetamiseks - Vastupidav viimistlus: l\u00e4ikiv must korpus ja juhtpaneel ning roostekindlam, tugevdatud eelmaitsestatud terasest k\u00fcpsetuspind, mis sobib kasutamiseks v\u00e4litingimustes - 3,5 mm eelmaitsestatud terasest k\u00fcpsetuspind, mis kuumeneb kiiresti ja \u00fchtlaselt ning sobib kasutamiseks metallist t\u00f6\u00f6riistadega - Elektrooniline s\u00fc\u00fcde kiireks ja lihtsaks k\u00e4ivituseks - Kokkupandavad k\u00fclmariiulid ruumi s\u00e4\u00e4stmiseks ja integreeritud t\u00f6\u00f6riistakonksud tarvikute hoidmiseks - 2 k\u00fclgratast, et plaanchat oleks lihtne liigutada - 10-aastane piiratud garantii - LIFT EASE kahekordse p\u00f6\u00f6rdega kaitsekaas, mis on m\u00f5eldud k\u00fcpsetuspinna kaitsmiseks, ning mida ei tohi k\u00fcpsetamise ajal sulgeda - Tugevdatud k\u00fcpsetuspinna alus, mis aitab v\u00e4ltida k\u00f5verdumist ja talub j\u00e4rske temperatuurimuutusi - Eest ligip\u00e4\u00e4setav rasvahaldus: mugav rasvakogumisalus puhtama t\u00f6\u00f6ala jaoks - Stiilne l\u00e4ikiv must viimistlus, mis on vastupidav ja ilmastikukindlam\" \/>\n<meta property=\"og:url\" content=\"https:\/\/bbqentertainment.com\/toode\/napoleon-freestyle-24-nakkekindla-planchaplaadiga-3-poletiga-gaasigrill\/\" \/>\n<meta property=\"og:site_name\" content=\"BBQ Entertainment\" \/>\n<meta property=\"article:publisher\" content=\"https:\/\/www.facebook.com\/BBQ-Entertainment-N-Catering-2437913376443540\" \/>\n<meta property=\"article:modified_time\" content=\"2026-04-16T10:56:22+00:00\" \/>\n<meta property=\"og:image\" content=\"https:\/\/bbqentertainment.com\/wp-content\/uploads\/2026\/03\/Freestyle-F24DFTPK-Prod-Str.jpg\" \/>\n\t<meta property=\"og:image:width\" content=\"1200\" \/>\n\t<meta property=\"og:image:height\" content=\"1200\" \/>\n\t<meta property=\"og:image:type\" content=\"image\/jpeg\" \/>\n<meta name=\"twitter:card\" content=\"summary_large_image\" \/>\n<meta name=\"twitter:label1\" content=\"Est. reading time\" \/>\n\t<meta name=\"twitter:data1\" content=\"1 minute\" \/>\n<script type=\"application\/ld+json\" class=\"yoast-schema-graph\">{\"@context\":\"https:\\\/\\\/schema.org\",\"@graph\":[{\"@type\":[\"WebPage\",\"ItemPage\"],\"@id\":\"https:\\\/\\\/bbqentertainment.com\\\/toode\\\/napoleon-freestyle-24-nakkekindla-planchaplaadiga-3-poletiga-gaasigrill\\\/\",\"url\":\"https:\\\/\\\/bbqentertainment.com\\\/toode\\\/napoleon-freestyle-24-nakkekindla-planchaplaadiga-3-poletiga-gaasigrill\\\/\",\"name\":\"Napoleon Freestyle 24\\\" nakkekindla planchaplaadiga, 3-p\u00f5letiga gaasigrill - BBQ Entertainment\",\"isPartOf\":{\"@id\":\"https:\\\/\\\/bbqentertainment.com\\\/#website\"},\"primaryImageOfPage\":{\"@id\":\"https:\\\/\\\/bbqentertainment.com\\\/toode\\\/napoleon-freestyle-24-nakkekindla-planchaplaadiga-3-poletiga-gaasigrill\\\/#primaryimage\"},\"image\":{\"@id\":\"https:\\\/\\\/bbqentertainment.com\\\/toode\\\/napoleon-freestyle-24-nakkekindla-planchaplaadiga-3-poletiga-gaasigrill\\\/#primaryimage\"},\"thumbnailUrl\":\"https:\\\/\\\/bbqentertainment.com\\\/wp-content\\\/uploads\\\/2026\\\/03\\\/Freestyle-F24DFTPK-Prod-Str.jpg\",\"datePublished\":\"2026-03-01T22:47:27+00:00\",\"dateModified\":\"2026-04-16T10:56:22+00:00\",\"breadcrumb\":{\"@id\":\"https:\\\/\\\/bbqentertainment.com\\\/toode\\\/napoleon-freestyle-24-nakkekindla-planchaplaadiga-3-poletiga-gaasigrill\\\/#breadcrumb\"},\"inLanguage\":\"en-US\",\"potentialAction\":[{\"@type\":\"ReadAction\",\"target\":[\"https:\\\/\\\/bbqentertainment.com\\\/toode\\\/napoleon-freestyle-24-nakkekindla-planchaplaadiga-3-poletiga-gaasigrill\\\/\"]}]},{\"@type\":\"ImageObject\",\"inLanguage\":\"en-US\",\"@id\":\"https:\\\/\\\/bbqentertainment.com\\\/toode\\\/napoleon-freestyle-24-nakkekindla-planchaplaadiga-3-poletiga-gaasigrill\\\/#primaryimage\",\"url\":\"https:\\\/\\\/bbqentertainment.com\\\/wp-content\\\/uploads\\\/2026\\\/03\\\/Freestyle-F24DFTPK-Prod-Str.jpg\",\"contentUrl\":\"https:\\\/\\\/bbqentertainment.com\\\/wp-content\\\/uploads\\\/2026\\\/03\\\/Freestyle-F24DFTPK-Prod-Str.jpg\",\"width\":1200,\"height\":1200},{\"@type\":\"BreadcrumbList\",\"@id\":\"https:\\\/\\\/bbqentertainment.com\\\/toode\\\/napoleon-freestyle-24-nakkekindla-planchaplaadiga-3-poletiga-gaasigrill\\\/#breadcrumb\",\"itemListElement\":[{\"@type\":\"ListItem\",\"position\":1,\"name\":\"AVALEHT\",\"item\":\"https:\\\/\\\/bbqentertainment.com\\\/en\\\/\"},{\"@type\":\"ListItem\",\"position\":2,\"name\":\"Tooted\",\"item\":\"https:\\\/\\\/bbqentertainment.com\\\/tooted\\\/\"},{\"@type\":\"ListItem\",\"position\":3,\"name\":\"Grillid ja ahjud\",\"item\":\"https:\\\/\\\/bbqentertainment.com\\\/tootekategooria\\\/grillid-ja-ahjud\\\/\"},{\"@type\":\"ListItem\",\"position\":4,\"name\":\"Napoleon gaasigrillid\",\"item\":\"https:\\\/\\\/bbqentertainment.com\\\/tootekategooria\\\/grillid-ja-ahjud\\\/napoleon-gaasigrillid\\\/\"},{\"@type\":\"ListItem\",\"position\":5,\"name\":\"Napoleon Freestyle 24&#8243; nakkekindla planchaplaadiga, 3-p\u00f5letiga gaasigrill\"}]},{\"@type\":\"WebSite\",\"@id\":\"https:\\\/\\\/bbqentertainment.com\\\/#website\",\"url\":\"https:\\\/\\\/bbqentertainment.com\\\/\",\"name\":\"BBQ Entertainment\",\"description\":\"BBQ is a great lifestyle, not just fun!\",\"publisher\":{\"@id\":\"https:\\\/\\\/bbqentertainment.com\\\/#organization\"},\"potentialAction\":[{\"@type\":\"SearchAction\",\"target\":{\"@type\":\"EntryPoint\",\"urlTemplate\":\"https:\\\/\\\/bbqentertainment.com\\\/?s={search_term_string}\"},\"query-input\":{\"@type\":\"PropertyValueSpecification\",\"valueRequired\":true,\"valueName\":\"search_term_string\"}}],\"inLanguage\":\"en-US\"},{\"@type\":\"Organization\",\"@id\":\"https:\\\/\\\/bbqentertainment.com\\\/#organization\",\"name\":\"BBQ Entertainment O\u00dc\",\"url\":\"https:\\\/\\\/bbqentertainment.com\\\/\",\"logo\":{\"@type\":\"ImageObject\",\"inLanguage\":\"en-US\",\"@id\":\"https:\\\/\\\/bbqentertainment.com\\\/#\\\/schema\\\/logo\\\/image\\\/\",\"url\":\"https:\\\/\\\/bbqentertainment.com\\\/wp-content\\\/uploads\\\/2020\\\/04\\\/BBQ-Entertainment-N-Catering-Enn-Tobreluts-Logo.png\",\"contentUrl\":\"https:\\\/\\\/bbqentertainment.com\\\/wp-content\\\/uploads\\\/2020\\\/04\\\/BBQ-Entertainment-N-Catering-Enn-Tobreluts-Logo.png\",\"width\":628,\"height\":266,\"caption\":\"BBQ Entertainment O\u00dc\"},\"image\":{\"@id\":\"https:\\\/\\\/bbqentertainment.com\\\/#\\\/schema\\\/logo\\\/image\\\/\"},\"sameAs\":[\"https:\\\/\\\/www.facebook.com\\\/BBQ-Entertainment-N-Catering-2437913376443540\",\"https:\\\/\\\/www.instagram.com\\\/bbqentertainmentncatering\\\/\",\"https:\\\/\\\/www.youtube.com\\\/channel\\\/UCmpuANQVhLy2Md8nrenp2jA\"]}]}<\/script>\n<!-- \/ Yoast SEO plugin. -->","yoast_head_json":{"title":"Napoleon Freestyle 24\" nakkekindla planchaplaadiga, 3-p\u00f5letiga gaasigrill - BBQ Entertainment","robots":{"index":"index","follow":"follow","max-snippet":"max-snippet:-1","max-image-preview":"max-image-preview:large","max-video-preview":"max-video-preview:-1"},"canonical":"https:\/\/bbqentertainment.com\/toode\/napoleon-freestyle-24-nakkekindla-planchaplaadiga-3-poletiga-gaasigrill\/","og_locale":"en_US","og_type":"article","og_title":"Napoleon Freestyle 24\" nakkekindla planchaplaadiga, 3-p\u00f5letiga gaasigrill - BBQ Entertainment","og_description":"Napoleon Freestyle 24\" nakkekindla planchaplaadiga, 3-p\u00f5letiga gaasigrill Freestyle 24 eelmaitsestatud mittenakkuva plaancha on loodud neile, kes soovivad \u00f5ues kokkamisel mitmek\u00fclgsust, vastupidavust ja stiilset v\u00e4limust. 3,5 mm eelmaitsestatud terasest k\u00fcpsetuspind hoiab kuumust h\u00e4sti ja k\u00fcpsetab \u00fchtlaselt. Loomulik maitsestus aitab luua mittenakkuva pinna ning kaitseb plaati kriimustuste eest, nii et saad kasutada ka metallist t\u00f6\u00f6riistu ilma muretsemata. Kolm v\u00f5imsat p\u00f5letit annavad \u00fchtlase kuumuse nii madalal temperatuuril \u00f5rnade roogade jaoks kui ka k\u00f5rgel kuumusel pruunistamiseks. Kokkupandavad k\u00fclmariiulid integreeritud t\u00f6\u00f6riistakonksudega hoiavad tarvikud k\u00e4eulatuses, ning eest ligip\u00e4\u00e4setav rasvakogumiss\u00fcsteem aitab t\u00f6\u00f6ala puhta ja korras hoida. Lisaks on plaanchal kahekordse liikumisega kaitsekaas k\u00fcpsetuspinna katmiseks, ning integreeritud pudeliavaja.  P\u00f5hiomadused  - 3 p\u00f5hik\u00fcttekeha, kogu k\u00fcpsetusala 43,2 \u00d7 59,7 cm - T\u00e4pne kuumuse reguleerimine nii k\u00f5rgel kuumusel pruunistamiseks kui ka madalamal kuumusel \u00f5rnaks k\u00fcpsetamiseks - Vastupidav viimistlus: l\u00e4ikiv must korpus ja juhtpaneel ning roostekindlam, tugevdatud eelmaitsestatud terasest k\u00fcpsetuspind, mis sobib kasutamiseks v\u00e4litingimustes - 3,5 mm eelmaitsestatud terasest k\u00fcpsetuspind, mis kuumeneb kiiresti ja \u00fchtlaselt ning sobib kasutamiseks metallist t\u00f6\u00f6riistadega - Elektrooniline s\u00fc\u00fcde kiireks ja lihtsaks k\u00e4ivituseks - Kokkupandavad k\u00fclmariiulid ruumi s\u00e4\u00e4stmiseks ja integreeritud t\u00f6\u00f6riistakonksud tarvikute hoidmiseks - 2 k\u00fclgratast, et plaanchat oleks lihtne liigutada - 10-aastane piiratud garantii - LIFT EASE kahekordse p\u00f6\u00f6rdega kaitsekaas, mis on m\u00f5eldud k\u00fcpsetuspinna kaitsmiseks, ning mida ei tohi k\u00fcpsetamise ajal sulgeda - Tugevdatud k\u00fcpsetuspinna alus, mis aitab v\u00e4ltida k\u00f5verdumist ja talub j\u00e4rske temperatuurimuutusi - Eest ligip\u00e4\u00e4setav rasvahaldus: mugav rasvakogumisalus puhtama t\u00f6\u00f6ala jaoks - Stiilne l\u00e4ikiv must viimistlus, mis on vastupidav ja ilmastikukindlam","og_url":"https:\/\/bbqentertainment.com\/toode\/napoleon-freestyle-24-nakkekindla-planchaplaadiga-3-poletiga-gaasigrill\/","og_site_name":"BBQ Entertainment","article_publisher":"https:\/\/www.facebook.com\/BBQ-Entertainment-N-Catering-2437913376443540","article_modified_time":"2026-04-16T10:56:22+00:00","og_image":[{"width":1200,"height":1200,"url":"https:\/\/bbqentertainment.com\/wp-content\/uploads\/2026\/03\/Freestyle-F24DFTPK-Prod-Str.jpg","type":"image\/jpeg"}],"twitter_card":"summary_large_image","twitter_misc":{"Est. reading time":"1 minute"},"schema":{"@context":"https:\/\/schema.org","@graph":[{"@type":["WebPage","ItemPage"],"@id":"https:\/\/bbqentertainment.com\/toode\/napoleon-freestyle-24-nakkekindla-planchaplaadiga-3-poletiga-gaasigrill\/","url":"https:\/\/bbqentertainment.com\/toode\/napoleon-freestyle-24-nakkekindla-planchaplaadiga-3-poletiga-gaasigrill\/","name":"Napoleon Freestyle 24\" nakkekindla planchaplaadiga, 3-p\u00f5letiga gaasigrill - BBQ Entertainment","isPartOf":{"@id":"https:\/\/bbqentertainment.com\/#website"},"primaryImageOfPage":{"@id":"https:\/\/bbqentertainment.com\/toode\/napoleon-freestyle-24-nakkekindla-planchaplaadiga-3-poletiga-gaasigrill\/#primaryimage"},"image":{"@id":"https:\/\/bbqentertainment.com\/toode\/napoleon-freestyle-24-nakkekindla-planchaplaadiga-3-poletiga-gaasigrill\/#primaryimage"},"thumbnailUrl":"https:\/\/bbqentertainment.com\/wp-content\/uploads\/2026\/03\/Freestyle-F24DFTPK-Prod-Str.jpg","datePublished":"2026-03-01T22:47:27+00:00","dateModified":"2026-04-16T10:56:22+00:00","breadcrumb":{"@id":"https:\/\/bbqentertainment.com\/toode\/napoleon-freestyle-24-nakkekindla-planchaplaadiga-3-poletiga-gaasigrill\/#breadcrumb"},"inLanguage":"en-US","potentialAction":[{"@type":"ReadAction","target":["https:\/\/bbqentertainment.com\/toode\/napoleon-freestyle-24-nakkekindla-planchaplaadiga-3-poletiga-gaasigrill\/"]}]},{"@type":"ImageObject","inLanguage":"en-US","@id":"https:\/\/bbqentertainment.com\/toode\/napoleon-freestyle-24-nakkekindla-planchaplaadiga-3-poletiga-gaasigrill\/#primaryimage","url":"https:\/\/bbqentertainment.com\/wp-content\/uploads\/2026\/03\/Freestyle-F24DFTPK-Prod-Str.jpg","contentUrl":"https:\/\/bbqentertainment.com\/wp-content\/uploads\/2026\/03\/Freestyle-F24DFTPK-Prod-Str.jpg","width":1200,"height":1200},{"@type":"BreadcrumbList","@id":"https:\/\/bbqentertainment.com\/toode\/napoleon-freestyle-24-nakkekindla-planchaplaadiga-3-poletiga-gaasigrill\/#breadcrumb","itemListElement":[{"@type":"ListItem","position":1,"name":"AVALEHT","item":"https:\/\/bbqentertainment.com\/en\/"},{"@type":"ListItem","position":2,"name":"Tooted","item":"https:\/\/bbqentertainment.com\/tooted\/"},{"@type":"ListItem","position":3,"name":"Grillid ja ahjud","item":"https:\/\/bbqentertainment.com\/tootekategooria\/grillid-ja-ahjud\/"},{"@type":"ListItem","position":4,"name":"Napoleon gaasigrillid","item":"https:\/\/bbqentertainment.com\/tootekategooria\/grillid-ja-ahjud\/napoleon-gaasigrillid\/"},{"@type":"ListItem","position":5,"name":"Napoleon Freestyle 24&#8243; nakkekindla planchaplaadiga, 3-p\u00f5letiga gaasigrill"}]},{"@type":"WebSite","@id":"https:\/\/bbqentertainment.com\/#website","url":"https:\/\/bbqentertainment.com\/","name":"BBQ Entertainment","description":"BBQ is a great lifestyle, not just fun!","publisher":{"@id":"https:\/\/bbqentertainment.com\/#organization"},"potentialAction":[{"@type":"SearchAction","target":{"@type":"EntryPoint","urlTemplate":"https:\/\/bbqentertainment.com\/?s={search_term_string}"},"query-input":{"@type":"PropertyValueSpecification","valueRequired":true,"valueName":"search_term_string"}}],"inLanguage":"en-US"},{"@type":"Organization","@id":"https:\/\/bbqentertainment.com\/#organization","name":"BBQ Entertainment O\u00dc","url":"https:\/\/bbqentertainment.com\/","logo":{"@type":"ImageObject","inLanguage":"en-US","@id":"https:\/\/bbqentertainment.com\/#\/schema\/logo\/image\/","url":"https:\/\/bbqentertainment.com\/wp-content\/uploads\/2020\/04\/BBQ-Entertainment-N-Catering-Enn-Tobreluts-Logo.png","contentUrl":"https:\/\/bbqentertainment.com\/wp-content\/uploads\/2020\/04\/BBQ-Entertainment-N-Catering-Enn-Tobreluts-Logo.png","width":628,"height":266,"caption":"BBQ Entertainment O\u00dc"},"image":{"@id":"https:\/\/bbqentertainment.com\/#\/schema\/logo\/image\/"},"sameAs":["https:\/\/www.facebook.com\/BBQ-Entertainment-N-Catering-2437913376443540","https:\/\/www.instagram.com\/bbqentertainmentncatering\/","https:\/\/www.youtube.com\/channel\/UCmpuANQVhLy2Md8nrenp2jA"]}]}},"_links":{"self":[{"href":"https:\/\/bbqentertainment.com\/en\/wp-json\/wp\/v2\/product\/257796","targetHints":{"allow":["GET"]}}],"collection":[{"href":"https:\/\/bbqentertainment.com\/en\/wp-json\/wp\/v2\/product"}],"about":[{"href":"https:\/\/bbqentertainment.com\/en\/wp-json\/wp\/v2\/types\/product"}],"wp:featuredmedia":[{"embeddable":true,"href":"https:\/\/bbqentertainment.com\/en\/wp-json\/wp\/v2\/media\/258113"}],"wp:attachment":[{"href":"https:\/\/bbqentertainment.com\/en\/wp-json\/wp\/v2\/media?parent=257796"}],"wp:term":[{"taxonomy":"product_brand","embeddable":true,"href":"https:\/\/bbqentertainment.com\/en\/wp-json\/wp\/v2\/product_brand?post=257796"},{"taxonomy":"product_cat","embeddable":true,"href":"https:\/\/bbqentertainment.com\/en\/wp-json\/wp\/v2\/product_cat?post=257796"},{"taxonomy":"product_tag","embeddable":true,"href":"https:\/\/bbqentertainment.com\/en\/wp-json\/wp\/v2\/product_tag?post=257796"}],"curies":[{"name":"wp","href":"https:\/\/api.w.org\/{rel}","templated":true}]}}