{"id":257797,"date":"2026-03-02T00:47:28","date_gmt":"2026-03-01T22:47:28","guid":{"rendered":"https:\/\/bbqentertainment.com\/?post_type=product&#038;p=257797"},"modified":"2026-04-13T21:56:15","modified_gmt":"2026-04-13T18:56:15","slug":"napoleon-prestige-500-rsib-infrapuna-kulg-ja-tagapoletiga-gaasigrill-4-poletit","status":"publish","type":"product","link":"https:\/\/bbqentertainment.com\/en\/toode\/napoleon-prestige-500-rsib-infrapuna-kulg-ja-tagapoletiga-gaasigrill-4-poletit\/","title":{"rendered":"Napoleon Prestige\u00ae 500 RSIB infrapuna k\u00fclg- ja tagap\u00f5letiga gaasigrill, 4 p\u00f5letit"},"content":{"rendered":"","protected":false},"excerpt":{"rendered":"<h3>Napoleon Prestige\u00ae 500 RSIB infrapuna k\u00fclg- ja tagap\u00f5letiga gaasigrill, 4 p\u00f5letit<\/h3>\n<p>Must Prestige 500 propaaniga gaasigrill infrapuna k\u00fclg- ja tagumise p\u00f5letiga pakub v\u00f5imsat ja mitmek\u00fclgset grillimiskogemust modernses disainis. Suurem varrasgrillimise p\u00f5leti ning infrapuna pruunistamisjaam k\u00fclgp\u00f5letil annavad parema j\u00f5udluse nii kiireks pruunistamiseks kui ka \u00fchtlaseks k\u00fcpsetuseks. LED-valgustusega juhtnupud muudavad \u00f5htuse grillimise mugavaks ning SafetyGlow funktsioon lisab turvalisust, kuna nupud helendavad gaasi kasutamisel punaselt. Peidetav soojendusrest hoiab grilli korras ja varjatud t\u00f6\u00f6riistakonksud annavad juurde ettevalmistuspinda. Prestige 500 sobib neile, kes hindavad tugevat j\u00f5udlust, nutikaid lahendusi ja puhtaid jooni.<\/p>\n<p><strong>P\u00f5hiomadused<\/strong><\/p>\n<p>&#8211; V\u00f5imsus 25,7 kW<br \/>\n&#8211; 4 roostevabast terasest p\u00f5hik\u00fcttekeha<br \/>\n&#8211; Kogu k\u00fcpsetusala 5658 cm\u00b2<br \/>\n&#8211; P\u00f5hik\u00fcpsetusala 71 \u00d7 46 cm<br \/>\n&#8211; 8,5 mm roostevabast terasest ikoonilised WAVE k\u00fcpsetusrestid<br \/>\n&#8211; Eluaegne bumper-to-bumper garantii<br \/>\n&#8211; Infrapuna SIZZLE ZONE k\u00fclgp\u00f5leti<br \/>\n&#8211; LED-juhtnupud SafetyGlow funktsiooniga<br \/>\n&#8211; Kohene, patareivaba JETFIRE 2.0 s\u00fc\u00fcde<br \/>\n&#8211; Tagumine infrapuna varrasgrillimise p\u00f5leti koos kaasasoleva tugevdatud varrasgrillimise komplektiga<br \/>\n&#8211; ACCU-PROBE temperatuuriandur<br \/>\n&#8211; LIFT EASE rullkaanega konvektsioonkuppel<br \/>\n&#8211; Kahetasandilised roostevabast terasest kuumaplaadid<br \/>\n&#8211; T\u00f6\u00f6stuslikud lukustatavad rattad<br \/>\n&#8211; Integreeritud, varjatud t\u00f6\u00f6riistakonksud<br \/>\n&#8211; Peidetav soojendusrest<br \/>\n&#8211; Lihtsasti puhastatav rasvahalduss\u00fcsteem<br \/>\n&#8211; \u00dchildub Napoleon Home \u00e4piga<\/p>\n","protected":false},"featured_media":258086,"template":"","meta":{"inline_featured_image":false},"product_brand":[],"product_cat":[17,561],"product_tag":[],"class_list":{"0":"post-257797","1":"product","2":"type-product","3":"status-publish","4":"has-post-thumbnail","6":"product_cat-grillid-ja-ahjud","7":"product_cat-napoleon-gaasigrillid","8":"product_shipping_class-ainult-ise-jarele-tulemisega","10":"first","11":"instock","12":"taxable","13":"shipping-taxable","14":"purchasable","15":"product-type-simple"},"yoast_head":"<!-- This site is optimized with the Yoast SEO plugin v27.4 - https:\/\/yoast.com\/product\/yoast-seo-wordpress\/ -->\n<title>Napoleon Prestige\u00ae 500 RSIB infrapuna k\u00fclg- ja tagap\u00f5letiga gaasigrill, 4 p\u00f5letit - BBQ Entertainment<\/title>\n<meta name=\"robots\" content=\"index, follow, max-snippet:-1, max-image-preview:large, max-video-preview:-1\" \/>\n<link rel=\"canonical\" href=\"https:\/\/bbqentertainment.com\/toode\/napoleon-prestige-500-rsib-infrapuna-kulg-ja-tagapoletiga-gaasigrill-4-poletit\/\" \/>\n<meta property=\"og:locale\" content=\"en_US\" \/>\n<meta property=\"og:type\" content=\"article\" \/>\n<meta property=\"og:title\" content=\"Napoleon Prestige\u00ae 500 RSIB infrapuna k\u00fclg- ja tagap\u00f5letiga gaasigrill, 4 p\u00f5letit - BBQ Entertainment\" \/>\n<meta property=\"og:description\" content=\"Napoleon Prestige\u00ae 500 RSIB infrapuna k\u00fclg- ja tagap\u00f5letiga gaasigrill, 4 p\u00f5letit Must Prestige 500 propaaniga gaasigrill infrapuna k\u00fclg- ja tagumise p\u00f5letiga pakub v\u00f5imsat ja mitmek\u00fclgset grillimiskogemust modernses disainis. Suurem varrasgrillimise p\u00f5leti ning infrapuna pruunistamisjaam k\u00fclgp\u00f5letil annavad parema j\u00f5udluse nii kiireks pruunistamiseks kui ka \u00fchtlaseks k\u00fcpsetuseks. LED-valgustusega juhtnupud muudavad \u00f5htuse grillimise mugavaks ning SafetyGlow funktsioon lisab turvalisust, kuna nupud helendavad gaasi kasutamisel punaselt. Peidetav soojendusrest hoiab grilli korras ja varjatud t\u00f6\u00f6riistakonksud annavad juurde ettevalmistuspinda. Prestige 500 sobib neile, kes hindavad tugevat j\u00f5udlust, nutikaid lahendusi ja puhtaid jooni.  P\u00f5hiomadused  - V\u00f5imsus 25,7 kW - 4 roostevabast terasest p\u00f5hik\u00fcttekeha - Kogu k\u00fcpsetusala 5658 cm\u00b2 - P\u00f5hik\u00fcpsetusala 71 \u00d7 46 cm - 8,5 mm roostevabast terasest ikoonilised WAVE k\u00fcpsetusrestid - Eluaegne bumper-to-bumper garantii - Infrapuna SIZZLE ZONE k\u00fclgp\u00f5leti - LED-juhtnupud SafetyGlow funktsiooniga - Kohene, patareivaba JETFIRE 2.0 s\u00fc\u00fcde - Tagumine infrapuna varrasgrillimise p\u00f5leti koos kaasasoleva tugevdatud varrasgrillimise komplektiga - ACCU-PROBE temperatuuriandur - LIFT EASE rullkaanega konvektsioonkuppel - Kahetasandilised roostevabast terasest kuumaplaadid - T\u00f6\u00f6stuslikud lukustatavad rattad - Integreeritud, varjatud t\u00f6\u00f6riistakonksud - Peidetav soojendusrest - Lihtsasti puhastatav rasvahalduss\u00fcsteem - \u00dchildub Napoleon Home \u00e4piga\" \/>\n<meta property=\"og:url\" content=\"https:\/\/bbqentertainment.com\/toode\/napoleon-prestige-500-rsib-infrapuna-kulg-ja-tagapoletiga-gaasigrill-4-poletit\/\" \/>\n<meta property=\"og:site_name\" content=\"BBQ Entertainment\" \/>\n<meta property=\"article:publisher\" content=\"https:\/\/www.facebook.com\/BBQ-Entertainment-N-Catering-2437913376443540\" \/>\n<meta property=\"article:modified_time\" content=\"2026-04-13T18:56:15+00:00\" \/>\n<meta property=\"og:image\" content=\"https:\/\/bbqentertainment.com\/wp-content\/uploads\/2026\/03\/P500VRSIBPK-DE-Web-Gallery-01-Prestige-P500VRSIBPK-Prod-Str_C_TR_AP.jpg\" \/>\n\t<meta property=\"og:image:width\" content=\"1200\" \/>\n\t<meta property=\"og:image:height\" content=\"1200\" \/>\n\t<meta property=\"og:image:type\" content=\"image\/jpeg\" \/>\n<meta name=\"twitter:card\" content=\"summary_large_image\" \/>\n<meta name=\"twitter:label1\" content=\"Est. reading time\" \/>\n\t<meta name=\"twitter:data1\" content=\"1 minute\" \/>\n<script type=\"application\/ld+json\" class=\"yoast-schema-graph\">{\"@context\":\"https:\\\/\\\/schema.org\",\"@graph\":[{\"@type\":[\"WebPage\",\"ItemPage\"],\"@id\":\"https:\\\/\\\/bbqentertainment.com\\\/toode\\\/napoleon-prestige-500-rsib-infrapuna-kulg-ja-tagapoletiga-gaasigrill-4-poletit\\\/\",\"url\":\"https:\\\/\\\/bbqentertainment.com\\\/toode\\\/napoleon-prestige-500-rsib-infrapuna-kulg-ja-tagapoletiga-gaasigrill-4-poletit\\\/\",\"name\":\"Napoleon Prestige\u00ae 500 RSIB infrapuna k\u00fclg- ja tagap\u00f5letiga gaasigrill, 4 p\u00f5letit - BBQ Entertainment\",\"isPartOf\":{\"@id\":\"https:\\\/\\\/bbqentertainment.com\\\/#website\"},\"primaryImageOfPage\":{\"@id\":\"https:\\\/\\\/bbqentertainment.com\\\/toode\\\/napoleon-prestige-500-rsib-infrapuna-kulg-ja-tagapoletiga-gaasigrill-4-poletit\\\/#primaryimage\"},\"image\":{\"@id\":\"https:\\\/\\\/bbqentertainment.com\\\/toode\\\/napoleon-prestige-500-rsib-infrapuna-kulg-ja-tagapoletiga-gaasigrill-4-poletit\\\/#primaryimage\"},\"thumbnailUrl\":\"https:\\\/\\\/bbqentertainment.com\\\/wp-content\\\/uploads\\\/2026\\\/03\\\/P500VRSIBPK-DE-Web-Gallery-01-Prestige-P500VRSIBPK-Prod-Str_C_TR_AP.jpg\",\"datePublished\":\"2026-03-01T22:47:28+00:00\",\"dateModified\":\"2026-04-13T18:56:15+00:00\",\"breadcrumb\":{\"@id\":\"https:\\\/\\\/bbqentertainment.com\\\/toode\\\/napoleon-prestige-500-rsib-infrapuna-kulg-ja-tagapoletiga-gaasigrill-4-poletit\\\/#breadcrumb\"},\"inLanguage\":\"en-US\",\"potentialAction\":[{\"@type\":\"ReadAction\",\"target\":[\"https:\\\/\\\/bbqentertainment.com\\\/toode\\\/napoleon-prestige-500-rsib-infrapuna-kulg-ja-tagapoletiga-gaasigrill-4-poletit\\\/\"]}]},{\"@type\":\"ImageObject\",\"inLanguage\":\"en-US\",\"@id\":\"https:\\\/\\\/bbqentertainment.com\\\/toode\\\/napoleon-prestige-500-rsib-infrapuna-kulg-ja-tagapoletiga-gaasigrill-4-poletit\\\/#primaryimage\",\"url\":\"https:\\\/\\\/bbqentertainment.com\\\/wp-content\\\/uploads\\\/2026\\\/03\\\/P500VRSIBPK-DE-Web-Gallery-01-Prestige-P500VRSIBPK-Prod-Str_C_TR_AP.jpg\",\"contentUrl\":\"https:\\\/\\\/bbqentertainment.com\\\/wp-content\\\/uploads\\\/2026\\\/03\\\/P500VRSIBPK-DE-Web-Gallery-01-Prestige-P500VRSIBPK-Prod-Str_C_TR_AP.jpg\",\"width\":1200,\"height\":1200},{\"@type\":\"BreadcrumbList\",\"@id\":\"https:\\\/\\\/bbqentertainment.com\\\/toode\\\/napoleon-prestige-500-rsib-infrapuna-kulg-ja-tagapoletiga-gaasigrill-4-poletit\\\/#breadcrumb\",\"itemListElement\":[{\"@type\":\"ListItem\",\"position\":1,\"name\":\"AVALEHT\",\"item\":\"https:\\\/\\\/bbqentertainment.com\\\/en\\\/\"},{\"@type\":\"ListItem\",\"position\":2,\"name\":\"Tooted\",\"item\":\"https:\\\/\\\/bbqentertainment.com\\\/tooted\\\/\"},{\"@type\":\"ListItem\",\"position\":3,\"name\":\"Grillid ja ahjud\",\"item\":\"https:\\\/\\\/bbqentertainment.com\\\/tootekategooria\\\/grillid-ja-ahjud\\\/\"},{\"@type\":\"ListItem\",\"position\":4,\"name\":\"Napoleon gaasigrillid\",\"item\":\"https:\\\/\\\/bbqentertainment.com\\\/tootekategooria\\\/grillid-ja-ahjud\\\/napoleon-gaasigrillid\\\/\"},{\"@type\":\"ListItem\",\"position\":5,\"name\":\"Napoleon Prestige\u00ae 500 RSIB infrapuna k\u00fclg- ja tagap\u00f5letiga gaasigrill, 4 p\u00f5letit\"}]},{\"@type\":\"WebSite\",\"@id\":\"https:\\\/\\\/bbqentertainment.com\\\/#website\",\"url\":\"https:\\\/\\\/bbqentertainment.com\\\/\",\"name\":\"BBQ Entertainment\",\"description\":\"BBQ is a great lifestyle, not just fun!\",\"publisher\":{\"@id\":\"https:\\\/\\\/bbqentertainment.com\\\/#organization\"},\"potentialAction\":[{\"@type\":\"SearchAction\",\"target\":{\"@type\":\"EntryPoint\",\"urlTemplate\":\"https:\\\/\\\/bbqentertainment.com\\\/?s={search_term_string}\"},\"query-input\":{\"@type\":\"PropertyValueSpecification\",\"valueRequired\":true,\"valueName\":\"search_term_string\"}}],\"inLanguage\":\"en-US\"},{\"@type\":\"Organization\",\"@id\":\"https:\\\/\\\/bbqentertainment.com\\\/#organization\",\"name\":\"BBQ Entertainment O\u00dc\",\"url\":\"https:\\\/\\\/bbqentertainment.com\\\/\",\"logo\":{\"@type\":\"ImageObject\",\"inLanguage\":\"en-US\",\"@id\":\"https:\\\/\\\/bbqentertainment.com\\\/#\\\/schema\\\/logo\\\/image\\\/\",\"url\":\"https:\\\/\\\/bbqentertainment.com\\\/wp-content\\\/uploads\\\/2020\\\/04\\\/BBQ-Entertainment-N-Catering-Enn-Tobreluts-Logo.png\",\"contentUrl\":\"https:\\\/\\\/bbqentertainment.com\\\/wp-content\\\/uploads\\\/2020\\\/04\\\/BBQ-Entertainment-N-Catering-Enn-Tobreluts-Logo.png\",\"width\":628,\"height\":266,\"caption\":\"BBQ Entertainment O\u00dc\"},\"image\":{\"@id\":\"https:\\\/\\\/bbqentertainment.com\\\/#\\\/schema\\\/logo\\\/image\\\/\"},\"sameAs\":[\"https:\\\/\\\/www.facebook.com\\\/BBQ-Entertainment-N-Catering-2437913376443540\",\"https:\\\/\\\/www.instagram.com\\\/bbqentertainmentncatering\\\/\",\"https:\\\/\\\/www.youtube.com\\\/channel\\\/UCmpuANQVhLy2Md8nrenp2jA\"]}]}<\/script>\n<!-- \/ Yoast SEO plugin. -->","yoast_head_json":{"title":"Napoleon Prestige\u00ae 500 RSIB infrapuna k\u00fclg- ja tagap\u00f5letiga gaasigrill, 4 p\u00f5letit - BBQ Entertainment","robots":{"index":"index","follow":"follow","max-snippet":"max-snippet:-1","max-image-preview":"max-image-preview:large","max-video-preview":"max-video-preview:-1"},"canonical":"https:\/\/bbqentertainment.com\/toode\/napoleon-prestige-500-rsib-infrapuna-kulg-ja-tagapoletiga-gaasigrill-4-poletit\/","og_locale":"en_US","og_type":"article","og_title":"Napoleon Prestige\u00ae 500 RSIB infrapuna k\u00fclg- ja tagap\u00f5letiga gaasigrill, 4 p\u00f5letit - BBQ Entertainment","og_description":"Napoleon Prestige\u00ae 500 RSIB infrapuna k\u00fclg- ja tagap\u00f5letiga gaasigrill, 4 p\u00f5letit Must Prestige 500 propaaniga gaasigrill infrapuna k\u00fclg- ja tagumise p\u00f5letiga pakub v\u00f5imsat ja mitmek\u00fclgset grillimiskogemust modernses disainis. Suurem varrasgrillimise p\u00f5leti ning infrapuna pruunistamisjaam k\u00fclgp\u00f5letil annavad parema j\u00f5udluse nii kiireks pruunistamiseks kui ka \u00fchtlaseks k\u00fcpsetuseks. LED-valgustusega juhtnupud muudavad \u00f5htuse grillimise mugavaks ning SafetyGlow funktsioon lisab turvalisust, kuna nupud helendavad gaasi kasutamisel punaselt. Peidetav soojendusrest hoiab grilli korras ja varjatud t\u00f6\u00f6riistakonksud annavad juurde ettevalmistuspinda. Prestige 500 sobib neile, kes hindavad tugevat j\u00f5udlust, nutikaid lahendusi ja puhtaid jooni.  P\u00f5hiomadused  - V\u00f5imsus 25,7 kW - 4 roostevabast terasest p\u00f5hik\u00fcttekeha - Kogu k\u00fcpsetusala 5658 cm\u00b2 - P\u00f5hik\u00fcpsetusala 71 \u00d7 46 cm - 8,5 mm roostevabast terasest ikoonilised WAVE k\u00fcpsetusrestid - Eluaegne bumper-to-bumper garantii - Infrapuna SIZZLE ZONE k\u00fclgp\u00f5leti - LED-juhtnupud SafetyGlow funktsiooniga - Kohene, patareivaba JETFIRE 2.0 s\u00fc\u00fcde - Tagumine infrapuna varrasgrillimise p\u00f5leti koos kaasasoleva tugevdatud varrasgrillimise komplektiga - ACCU-PROBE temperatuuriandur - LIFT EASE rullkaanega konvektsioonkuppel - Kahetasandilised roostevabast terasest kuumaplaadid - T\u00f6\u00f6stuslikud lukustatavad rattad - Integreeritud, varjatud t\u00f6\u00f6riistakonksud - Peidetav soojendusrest - Lihtsasti puhastatav rasvahalduss\u00fcsteem - \u00dchildub Napoleon Home \u00e4piga","og_url":"https:\/\/bbqentertainment.com\/toode\/napoleon-prestige-500-rsib-infrapuna-kulg-ja-tagapoletiga-gaasigrill-4-poletit\/","og_site_name":"BBQ Entertainment","article_publisher":"https:\/\/www.facebook.com\/BBQ-Entertainment-N-Catering-2437913376443540","article_modified_time":"2026-04-13T18:56:15+00:00","og_image":[{"width":1200,"height":1200,"url":"https:\/\/bbqentertainment.com\/wp-content\/uploads\/2026\/03\/P500VRSIBPK-DE-Web-Gallery-01-Prestige-P500VRSIBPK-Prod-Str_C_TR_AP.jpg","type":"image\/jpeg"}],"twitter_card":"summary_large_image","twitter_misc":{"Est. reading time":"1 minute"},"schema":{"@context":"https:\/\/schema.org","@graph":[{"@type":["WebPage","ItemPage"],"@id":"https:\/\/bbqentertainment.com\/toode\/napoleon-prestige-500-rsib-infrapuna-kulg-ja-tagapoletiga-gaasigrill-4-poletit\/","url":"https:\/\/bbqentertainment.com\/toode\/napoleon-prestige-500-rsib-infrapuna-kulg-ja-tagapoletiga-gaasigrill-4-poletit\/","name":"Napoleon Prestige\u00ae 500 RSIB infrapuna k\u00fclg- ja tagap\u00f5letiga gaasigrill, 4 p\u00f5letit - BBQ Entertainment","isPartOf":{"@id":"https:\/\/bbqentertainment.com\/#website"},"primaryImageOfPage":{"@id":"https:\/\/bbqentertainment.com\/toode\/napoleon-prestige-500-rsib-infrapuna-kulg-ja-tagapoletiga-gaasigrill-4-poletit\/#primaryimage"},"image":{"@id":"https:\/\/bbqentertainment.com\/toode\/napoleon-prestige-500-rsib-infrapuna-kulg-ja-tagapoletiga-gaasigrill-4-poletit\/#primaryimage"},"thumbnailUrl":"https:\/\/bbqentertainment.com\/wp-content\/uploads\/2026\/03\/P500VRSIBPK-DE-Web-Gallery-01-Prestige-P500VRSIBPK-Prod-Str_C_TR_AP.jpg","datePublished":"2026-03-01T22:47:28+00:00","dateModified":"2026-04-13T18:56:15+00:00","breadcrumb":{"@id":"https:\/\/bbqentertainment.com\/toode\/napoleon-prestige-500-rsib-infrapuna-kulg-ja-tagapoletiga-gaasigrill-4-poletit\/#breadcrumb"},"inLanguage":"en-US","potentialAction":[{"@type":"ReadAction","target":["https:\/\/bbqentertainment.com\/toode\/napoleon-prestige-500-rsib-infrapuna-kulg-ja-tagapoletiga-gaasigrill-4-poletit\/"]}]},{"@type":"ImageObject","inLanguage":"en-US","@id":"https:\/\/bbqentertainment.com\/toode\/napoleon-prestige-500-rsib-infrapuna-kulg-ja-tagapoletiga-gaasigrill-4-poletit\/#primaryimage","url":"https:\/\/bbqentertainment.com\/wp-content\/uploads\/2026\/03\/P500VRSIBPK-DE-Web-Gallery-01-Prestige-P500VRSIBPK-Prod-Str_C_TR_AP.jpg","contentUrl":"https:\/\/bbqentertainment.com\/wp-content\/uploads\/2026\/03\/P500VRSIBPK-DE-Web-Gallery-01-Prestige-P500VRSIBPK-Prod-Str_C_TR_AP.jpg","width":1200,"height":1200},{"@type":"BreadcrumbList","@id":"https:\/\/bbqentertainment.com\/toode\/napoleon-prestige-500-rsib-infrapuna-kulg-ja-tagapoletiga-gaasigrill-4-poletit\/#breadcrumb","itemListElement":[{"@type":"ListItem","position":1,"name":"AVALEHT","item":"https:\/\/bbqentertainment.com\/en\/"},{"@type":"ListItem","position":2,"name":"Tooted","item":"https:\/\/bbqentertainment.com\/tooted\/"},{"@type":"ListItem","position":3,"name":"Grillid ja ahjud","item":"https:\/\/bbqentertainment.com\/tootekategooria\/grillid-ja-ahjud\/"},{"@type":"ListItem","position":4,"name":"Napoleon gaasigrillid","item":"https:\/\/bbqentertainment.com\/tootekategooria\/grillid-ja-ahjud\/napoleon-gaasigrillid\/"},{"@type":"ListItem","position":5,"name":"Napoleon Prestige\u00ae 500 RSIB infrapuna k\u00fclg- ja tagap\u00f5letiga gaasigrill, 4 p\u00f5letit"}]},{"@type":"WebSite","@id":"https:\/\/bbqentertainment.com\/#website","url":"https:\/\/bbqentertainment.com\/","name":"BBQ Entertainment","description":"BBQ is a great lifestyle, not just fun!","publisher":{"@id":"https:\/\/bbqentertainment.com\/#organization"},"potentialAction":[{"@type":"SearchAction","target":{"@type":"EntryPoint","urlTemplate":"https:\/\/bbqentertainment.com\/?s={search_term_string}"},"query-input":{"@type":"PropertyValueSpecification","valueRequired":true,"valueName":"search_term_string"}}],"inLanguage":"en-US"},{"@type":"Organization","@id":"https:\/\/bbqentertainment.com\/#organization","name":"BBQ Entertainment O\u00dc","url":"https:\/\/bbqentertainment.com\/","logo":{"@type":"ImageObject","inLanguage":"en-US","@id":"https:\/\/bbqentertainment.com\/#\/schema\/logo\/image\/","url":"https:\/\/bbqentertainment.com\/wp-content\/uploads\/2020\/04\/BBQ-Entertainment-N-Catering-Enn-Tobreluts-Logo.png","contentUrl":"https:\/\/bbqentertainment.com\/wp-content\/uploads\/2020\/04\/BBQ-Entertainment-N-Catering-Enn-Tobreluts-Logo.png","width":628,"height":266,"caption":"BBQ Entertainment O\u00dc"},"image":{"@id":"https:\/\/bbqentertainment.com\/#\/schema\/logo\/image\/"},"sameAs":["https:\/\/www.facebook.com\/BBQ-Entertainment-N-Catering-2437913376443540","https:\/\/www.instagram.com\/bbqentertainmentncatering\/","https:\/\/www.youtube.com\/channel\/UCmpuANQVhLy2Md8nrenp2jA"]}]}},"_links":{"self":[{"href":"https:\/\/bbqentertainment.com\/en\/wp-json\/wp\/v2\/product\/257797","targetHints":{"allow":["GET"]}}],"collection":[{"href":"https:\/\/bbqentertainment.com\/en\/wp-json\/wp\/v2\/product"}],"about":[{"href":"https:\/\/bbqentertainment.com\/en\/wp-json\/wp\/v2\/types\/product"}],"wp:featuredmedia":[{"embeddable":true,"href":"https:\/\/bbqentertainment.com\/en\/wp-json\/wp\/v2\/media\/258086"}],"wp:attachment":[{"href":"https:\/\/bbqentertainment.com\/en\/wp-json\/wp\/v2\/media?parent=257797"}],"wp:term":[{"taxonomy":"product_brand","embeddable":true,"href":"https:\/\/bbqentertainment.com\/en\/wp-json\/wp\/v2\/product_brand?post=257797"},{"taxonomy":"product_cat","embeddable":true,"href":"https:\/\/bbqentertainment.com\/en\/wp-json\/wp\/v2\/product_cat?post=257797"},{"taxonomy":"product_tag","embeddable":true,"href":"https:\/\/bbqentertainment.com\/en\/wp-json\/wp\/v2\/product_tag?post=257797"}],"curies":[{"name":"wp","href":"https:\/\/api.w.org\/{rel}","templated":true}]}}