{"id":257799,"date":"2026-03-02T00:47:29","date_gmt":"2026-03-01T22:47:29","guid":{"rendered":"https:\/\/bbqentertainment.com\/?post_type=product&#038;p=257799"},"modified":"2026-04-13T21:56:15","modified_gmt":"2026-04-13T18:56:15","slug":"napoleon-rogue-pro-425-sib-infrapuna-kulgpoletiga-gaasigrill-3-pohipoletit-must","status":"publish","type":"product","link":"https:\/\/bbqentertainment.com\/en\/toode\/napoleon-rogue-pro-425-sib-infrapuna-kulgpoletiga-gaasigrill-3-pohipoletit-must\/","title":{"rendered":"Napoleon Rogue\u00ae PRO 425 SIB infrapuna k\u00fclgp\u00f5letiga gaasigrill, 3 p\u00f5h\u00adip\u00f5letit, must"},"content":{"rendered":"","protected":false},"excerpt":{"rendered":"<h3>Napoleon Rogue\u00ae PRO 425 SIB infrapuna k\u00fclgp\u00f5letiga gaasigrill, 3 p\u00f5h\u00adip\u00f5letit, must<\/h3>\n<p>Rogue PRO 425 must propaaniga gaasigrill infrapuna k\u00fclgp\u00f5letiga on varustatud kolme p\u00f5hik\u00fcttekehaga ning portselanemailiga kaetud malmist k\u00fcpsetusrestidega. Patareivaba s\u00fc\u00fctes\u00fcsteem aitab grilli iga kord lihtsalt ja kindlalt k\u00e4ivitada. Integreeritud infrapuna pruunistamisjaam k\u00fclgp\u00f5letil sobib suurep\u00e4raselt nii kastmete ja lisandite tegemiseks kui ka steigi kiireks ja intensiivseks pruunistamiseks. T\u00e4nu heale k\u00fcpsetusruumile saad mugavalt grillida, pruunistada, suitsutada ja r\u00f6stida. Vastupidav must portselanemail ning pulberv\u00e4rvitud detailid lisavad stiili ja teevad grilli hooldamise lihtsamaks. Mugavust lisavad valge LED-taustvalgustusega juhtnupud, roostevabast terasest soojendusrest ja integreeritud pudeliavaja.<\/p>\n<p><strong>P\u00f5hiomadused<\/strong><\/p>\n<p>&#8211; 3 p\u00f5hik\u00fcttekeha, k\u00fcpsetusala 23 3\/4 \u00d7 18 tolli (60,325 \u00d7 45,72 cm)<br \/>\n&#8211; Vastupidav viimistlus: must portselanemailiga kaas ja uksed ning must pulberv\u00e4rvitud juhtpaneel ja k\u00fclmariiulid, mis peavad vastu ilmastikule ja ei n\u00e4ita kergesti s\u00f5rmej\u00e4lgi<br \/>\n&#8211; Infrapuna pruunistamisjaam k\u00fclgp\u00f5letina, mis saavutab v\u00e4ga k\u00f5rge kuumuse steikide kiireks pruunistamiseks ning sobib ka kastmete ja lisandite valmistamiseks<br \/>\n&#8211; Valge LED-taustvalgustusega juhtnupud, et grillida mugavamalt ja turvalisemalt ka pimedas<br \/>\n&#8211; Portselanemailiga kaetud malmist restid \u00fchtlaseks kuumenemiseks ja heaks pruunistuseks, p\u00f6\u00f6ratavad restid suuremate grillij\u00e4lgede jaoks ning sooned, mis aitavad hoida toidu mahlasemana<br \/>\n&#8211; T\u00e4pne kuumuse reguleerimine nii madalamal kuumusel k\u00fcpsetamiseks kui ka k\u00f5rgel kuumusel pruunistamiseks<br \/>\n&#8211; Ruumi s\u00e4\u00e4stev lahendus: kokkupandav k\u00fclmariiul sobib r\u00f5dudele ja v\u00e4iksematele terrassidele<br \/>\n&#8211; JETFIRE patareivaba s\u00fc\u00fcde, mis s\u00fc\u00fctab p\u00f5letid leegiimpulsiga kiiresti ja kindlalt<br \/>\n&#8211; Ikoonilised WAVE-kujulised restid \u00fchtlasema kuumuse jaoks, aitavad v\u00e4ltida toidu l\u00e4bi kukkumist ja j\u00e4tavad selged grillij\u00e4ljed<\/p>\n","protected":false},"featured_media":258068,"template":"","meta":{"inline_featured_image":false},"product_brand":[],"product_cat":[17,561],"product_tag":[],"class_list":{"0":"post-257799","1":"product","2":"type-product","3":"status-publish","4":"has-post-thumbnail","6":"product_cat-grillid-ja-ahjud","7":"product_cat-napoleon-gaasigrillid","8":"product_shipping_class-ainult-ise-jarele-tulemisega","10":"first","11":"instock","12":"taxable","13":"shipping-taxable","14":"purchasable","15":"product-type-simple"},"yoast_head":"<!-- This site is optimized with the Yoast SEO plugin v27.4 - https:\/\/yoast.com\/product\/yoast-seo-wordpress\/ -->\n<title>Napoleon Rogue\u00ae PRO 425 SIB infrapuna k\u00fclgp\u00f5letiga gaasigrill, 3 p\u00f5h\u00adip\u00f5letit, must - BBQ Entertainment<\/title>\n<meta name=\"robots\" content=\"index, follow, max-snippet:-1, max-image-preview:large, max-video-preview:-1\" \/>\n<link rel=\"canonical\" href=\"https:\/\/bbqentertainment.com\/toode\/napoleon-rogue-pro-425-sib-infrapuna-kulgpoletiga-gaasigrill-3-pohipoletit-must\/\" \/>\n<meta property=\"og:locale\" content=\"en_US\" \/>\n<meta property=\"og:type\" content=\"article\" \/>\n<meta property=\"og:title\" content=\"Napoleon Rogue\u00ae PRO 425 SIB infrapuna k\u00fclgp\u00f5letiga gaasigrill, 3 p\u00f5h\u00adip\u00f5letit, must - BBQ Entertainment\" \/>\n<meta property=\"og:description\" content=\"Napoleon Rogue\u00ae PRO 425 SIB infrapuna k\u00fclgp\u00f5letiga gaasigrill, 3 p\u00f5h\u00adip\u00f5letit, must Rogue PRO 425 must propaaniga gaasigrill infrapuna k\u00fclgp\u00f5letiga on varustatud kolme p\u00f5hik\u00fcttekehaga ning portselanemailiga kaetud malmist k\u00fcpsetusrestidega. Patareivaba s\u00fc\u00fctes\u00fcsteem aitab grilli iga kord lihtsalt ja kindlalt k\u00e4ivitada. Integreeritud infrapuna pruunistamisjaam k\u00fclgp\u00f5letil sobib suurep\u00e4raselt nii kastmete ja lisandite tegemiseks kui ka steigi kiireks ja intensiivseks pruunistamiseks. T\u00e4nu heale k\u00fcpsetusruumile saad mugavalt grillida, pruunistada, suitsutada ja r\u00f6stida. Vastupidav must portselanemail ning pulberv\u00e4rvitud detailid lisavad stiili ja teevad grilli hooldamise lihtsamaks. Mugavust lisavad valge LED-taustvalgustusega juhtnupud, roostevabast terasest soojendusrest ja integreeritud pudeliavaja.  P\u00f5hiomadused  - 3 p\u00f5hik\u00fcttekeha, k\u00fcpsetusala 23 3\/4 \u00d7 18 tolli (60,325 \u00d7 45,72 cm) - Vastupidav viimistlus: must portselanemailiga kaas ja uksed ning must pulberv\u00e4rvitud juhtpaneel ja k\u00fclmariiulid, mis peavad vastu ilmastikule ja ei n\u00e4ita kergesti s\u00f5rmej\u00e4lgi - Infrapuna pruunistamisjaam k\u00fclgp\u00f5letina, mis saavutab v\u00e4ga k\u00f5rge kuumuse steikide kiireks pruunistamiseks ning sobib ka kastmete ja lisandite valmistamiseks - Valge LED-taustvalgustusega juhtnupud, et grillida mugavamalt ja turvalisemalt ka pimedas - Portselanemailiga kaetud malmist restid \u00fchtlaseks kuumenemiseks ja heaks pruunistuseks, p\u00f6\u00f6ratavad restid suuremate grillij\u00e4lgede jaoks ning sooned, mis aitavad hoida toidu mahlasemana - T\u00e4pne kuumuse reguleerimine nii madalamal kuumusel k\u00fcpsetamiseks kui ka k\u00f5rgel kuumusel pruunistamiseks - Ruumi s\u00e4\u00e4stev lahendus: kokkupandav k\u00fclmariiul sobib r\u00f5dudele ja v\u00e4iksematele terrassidele - JETFIRE patareivaba s\u00fc\u00fcde, mis s\u00fc\u00fctab p\u00f5letid leegiimpulsiga kiiresti ja kindlalt - Ikoonilised WAVE-kujulised restid \u00fchtlasema kuumuse jaoks, aitavad v\u00e4ltida toidu l\u00e4bi kukkumist ja j\u00e4tavad selged grillij\u00e4ljed\" \/>\n<meta property=\"og:url\" content=\"https:\/\/bbqentertainment.com\/toode\/napoleon-rogue-pro-425-sib-infrapuna-kulgpoletiga-gaasigrill-3-pohipoletit-must\/\" \/>\n<meta property=\"og:site_name\" content=\"BBQ Entertainment\" \/>\n<meta property=\"article:publisher\" content=\"https:\/\/www.facebook.com\/BBQ-Entertainment-N-Catering-2437913376443540\" \/>\n<meta property=\"article:modified_time\" content=\"2026-04-13T18:56:15+00:00\" \/>\n<meta property=\"og:image\" content=\"https:\/\/bbqentertainment.com\/wp-content\/uploads\/2026\/03\/RP425SIBPK-2-CH-Web-Gallery-01-Rogue-RP425SIBPK-2_Prod_Str.jpg\" \/>\n\t<meta property=\"og:image:width\" content=\"1200\" \/>\n\t<meta property=\"og:image:height\" content=\"1200\" \/>\n\t<meta property=\"og:image:type\" content=\"image\/jpeg\" \/>\n<meta name=\"twitter:card\" content=\"summary_large_image\" \/>\n<meta name=\"twitter:label1\" content=\"Est. reading time\" \/>\n\t<meta name=\"twitter:data1\" content=\"1 minute\" \/>\n<script type=\"application\/ld+json\" class=\"yoast-schema-graph\">{\"@context\":\"https:\\\/\\\/schema.org\",\"@graph\":[{\"@type\":[\"WebPage\",\"ItemPage\"],\"@id\":\"https:\\\/\\\/bbqentertainment.com\\\/toode\\\/napoleon-rogue-pro-425-sib-infrapuna-kulgpoletiga-gaasigrill-3-pohipoletit-must\\\/\",\"url\":\"https:\\\/\\\/bbqentertainment.com\\\/toode\\\/napoleon-rogue-pro-425-sib-infrapuna-kulgpoletiga-gaasigrill-3-pohipoletit-must\\\/\",\"name\":\"Napoleon Rogue\u00ae PRO 425 SIB infrapuna k\u00fclgp\u00f5letiga gaasigrill, 3 p\u00f5h\u00adip\u00f5letit, must - BBQ Entertainment\",\"isPartOf\":{\"@id\":\"https:\\\/\\\/bbqentertainment.com\\\/#website\"},\"primaryImageOfPage\":{\"@id\":\"https:\\\/\\\/bbqentertainment.com\\\/toode\\\/napoleon-rogue-pro-425-sib-infrapuna-kulgpoletiga-gaasigrill-3-pohipoletit-must\\\/#primaryimage\"},\"image\":{\"@id\":\"https:\\\/\\\/bbqentertainment.com\\\/toode\\\/napoleon-rogue-pro-425-sib-infrapuna-kulgpoletiga-gaasigrill-3-pohipoletit-must\\\/#primaryimage\"},\"thumbnailUrl\":\"https:\\\/\\\/bbqentertainment.com\\\/wp-content\\\/uploads\\\/2026\\\/03\\\/RP425SIBPK-2-CH-Web-Gallery-01-Rogue-RP425SIBPK-2_Prod_Str.jpg\",\"datePublished\":\"2026-03-01T22:47:29+00:00\",\"dateModified\":\"2026-04-13T18:56:15+00:00\",\"breadcrumb\":{\"@id\":\"https:\\\/\\\/bbqentertainment.com\\\/toode\\\/napoleon-rogue-pro-425-sib-infrapuna-kulgpoletiga-gaasigrill-3-pohipoletit-must\\\/#breadcrumb\"},\"inLanguage\":\"en-US\",\"potentialAction\":[{\"@type\":\"ReadAction\",\"target\":[\"https:\\\/\\\/bbqentertainment.com\\\/toode\\\/napoleon-rogue-pro-425-sib-infrapuna-kulgpoletiga-gaasigrill-3-pohipoletit-must\\\/\"]}]},{\"@type\":\"ImageObject\",\"inLanguage\":\"en-US\",\"@id\":\"https:\\\/\\\/bbqentertainment.com\\\/toode\\\/napoleon-rogue-pro-425-sib-infrapuna-kulgpoletiga-gaasigrill-3-pohipoletit-must\\\/#primaryimage\",\"url\":\"https:\\\/\\\/bbqentertainment.com\\\/wp-content\\\/uploads\\\/2026\\\/03\\\/RP425SIBPK-2-CH-Web-Gallery-01-Rogue-RP425SIBPK-2_Prod_Str.jpg\",\"contentUrl\":\"https:\\\/\\\/bbqentertainment.com\\\/wp-content\\\/uploads\\\/2026\\\/03\\\/RP425SIBPK-2-CH-Web-Gallery-01-Rogue-RP425SIBPK-2_Prod_Str.jpg\",\"width\":1200,\"height\":1200},{\"@type\":\"BreadcrumbList\",\"@id\":\"https:\\\/\\\/bbqentertainment.com\\\/toode\\\/napoleon-rogue-pro-425-sib-infrapuna-kulgpoletiga-gaasigrill-3-pohipoletit-must\\\/#breadcrumb\",\"itemListElement\":[{\"@type\":\"ListItem\",\"position\":1,\"name\":\"AVALEHT\",\"item\":\"https:\\\/\\\/bbqentertainment.com\\\/en\\\/\"},{\"@type\":\"ListItem\",\"position\":2,\"name\":\"Tooted\",\"item\":\"https:\\\/\\\/bbqentertainment.com\\\/tooted\\\/\"},{\"@type\":\"ListItem\",\"position\":3,\"name\":\"Grillid ja ahjud\",\"item\":\"https:\\\/\\\/bbqentertainment.com\\\/tootekategooria\\\/grillid-ja-ahjud\\\/\"},{\"@type\":\"ListItem\",\"position\":4,\"name\":\"Napoleon gaasigrillid\",\"item\":\"https:\\\/\\\/bbqentertainment.com\\\/tootekategooria\\\/grillid-ja-ahjud\\\/napoleon-gaasigrillid\\\/\"},{\"@type\":\"ListItem\",\"position\":5,\"name\":\"Napoleon Rogue\u00ae PRO 425 SIB infrapuna k\u00fclgp\u00f5letiga gaasigrill, 3 p\u00f5h\u00adip\u00f5letit, must\"}]},{\"@type\":\"WebSite\",\"@id\":\"https:\\\/\\\/bbqentertainment.com\\\/#website\",\"url\":\"https:\\\/\\\/bbqentertainment.com\\\/\",\"name\":\"BBQ Entertainment\",\"description\":\"BBQ is a great lifestyle, not just fun!\",\"publisher\":{\"@id\":\"https:\\\/\\\/bbqentertainment.com\\\/#organization\"},\"potentialAction\":[{\"@type\":\"SearchAction\",\"target\":{\"@type\":\"EntryPoint\",\"urlTemplate\":\"https:\\\/\\\/bbqentertainment.com\\\/?s={search_term_string}\"},\"query-input\":{\"@type\":\"PropertyValueSpecification\",\"valueRequired\":true,\"valueName\":\"search_term_string\"}}],\"inLanguage\":\"en-US\"},{\"@type\":\"Organization\",\"@id\":\"https:\\\/\\\/bbqentertainment.com\\\/#organization\",\"name\":\"BBQ Entertainment O\u00dc\",\"url\":\"https:\\\/\\\/bbqentertainment.com\\\/\",\"logo\":{\"@type\":\"ImageObject\",\"inLanguage\":\"en-US\",\"@id\":\"https:\\\/\\\/bbqentertainment.com\\\/#\\\/schema\\\/logo\\\/image\\\/\",\"url\":\"https:\\\/\\\/bbqentertainment.com\\\/wp-content\\\/uploads\\\/2020\\\/04\\\/BBQ-Entertainment-N-Catering-Enn-Tobreluts-Logo.png\",\"contentUrl\":\"https:\\\/\\\/bbqentertainment.com\\\/wp-content\\\/uploads\\\/2020\\\/04\\\/BBQ-Entertainment-N-Catering-Enn-Tobreluts-Logo.png\",\"width\":628,\"height\":266,\"caption\":\"BBQ Entertainment O\u00dc\"},\"image\":{\"@id\":\"https:\\\/\\\/bbqentertainment.com\\\/#\\\/schema\\\/logo\\\/image\\\/\"},\"sameAs\":[\"https:\\\/\\\/www.facebook.com\\\/BBQ-Entertainment-N-Catering-2437913376443540\",\"https:\\\/\\\/www.instagram.com\\\/bbqentertainmentncatering\\\/\",\"https:\\\/\\\/www.youtube.com\\\/channel\\\/UCmpuANQVhLy2Md8nrenp2jA\"]}]}<\/script>\n<!-- \/ Yoast SEO plugin. -->","yoast_head_json":{"title":"Napoleon Rogue\u00ae PRO 425 SIB infrapuna k\u00fclgp\u00f5letiga gaasigrill, 3 p\u00f5h\u00adip\u00f5letit, must - BBQ Entertainment","robots":{"index":"index","follow":"follow","max-snippet":"max-snippet:-1","max-image-preview":"max-image-preview:large","max-video-preview":"max-video-preview:-1"},"canonical":"https:\/\/bbqentertainment.com\/toode\/napoleon-rogue-pro-425-sib-infrapuna-kulgpoletiga-gaasigrill-3-pohipoletit-must\/","og_locale":"en_US","og_type":"article","og_title":"Napoleon Rogue\u00ae PRO 425 SIB infrapuna k\u00fclgp\u00f5letiga gaasigrill, 3 p\u00f5h\u00adip\u00f5letit, must - BBQ Entertainment","og_description":"Napoleon Rogue\u00ae PRO 425 SIB infrapuna k\u00fclgp\u00f5letiga gaasigrill, 3 p\u00f5h\u00adip\u00f5letit, must Rogue PRO 425 must propaaniga gaasigrill infrapuna k\u00fclgp\u00f5letiga on varustatud kolme p\u00f5hik\u00fcttekehaga ning portselanemailiga kaetud malmist k\u00fcpsetusrestidega. Patareivaba s\u00fc\u00fctes\u00fcsteem aitab grilli iga kord lihtsalt ja kindlalt k\u00e4ivitada. Integreeritud infrapuna pruunistamisjaam k\u00fclgp\u00f5letil sobib suurep\u00e4raselt nii kastmete ja lisandite tegemiseks kui ka steigi kiireks ja intensiivseks pruunistamiseks. T\u00e4nu heale k\u00fcpsetusruumile saad mugavalt grillida, pruunistada, suitsutada ja r\u00f6stida. Vastupidav must portselanemail ning pulberv\u00e4rvitud detailid lisavad stiili ja teevad grilli hooldamise lihtsamaks. Mugavust lisavad valge LED-taustvalgustusega juhtnupud, roostevabast terasest soojendusrest ja integreeritud pudeliavaja.  P\u00f5hiomadused  - 3 p\u00f5hik\u00fcttekeha, k\u00fcpsetusala 23 3\/4 \u00d7 18 tolli (60,325 \u00d7 45,72 cm) - Vastupidav viimistlus: must portselanemailiga kaas ja uksed ning must pulberv\u00e4rvitud juhtpaneel ja k\u00fclmariiulid, mis peavad vastu ilmastikule ja ei n\u00e4ita kergesti s\u00f5rmej\u00e4lgi - Infrapuna pruunistamisjaam k\u00fclgp\u00f5letina, mis saavutab v\u00e4ga k\u00f5rge kuumuse steikide kiireks pruunistamiseks ning sobib ka kastmete ja lisandite valmistamiseks - Valge LED-taustvalgustusega juhtnupud, et grillida mugavamalt ja turvalisemalt ka pimedas - Portselanemailiga kaetud malmist restid \u00fchtlaseks kuumenemiseks ja heaks pruunistuseks, p\u00f6\u00f6ratavad restid suuremate grillij\u00e4lgede jaoks ning sooned, mis aitavad hoida toidu mahlasemana - T\u00e4pne kuumuse reguleerimine nii madalamal kuumusel k\u00fcpsetamiseks kui ka k\u00f5rgel kuumusel pruunistamiseks - Ruumi s\u00e4\u00e4stev lahendus: kokkupandav k\u00fclmariiul sobib r\u00f5dudele ja v\u00e4iksematele terrassidele - JETFIRE patareivaba s\u00fc\u00fcde, mis s\u00fc\u00fctab p\u00f5letid leegiimpulsiga kiiresti ja kindlalt - Ikoonilised WAVE-kujulised restid \u00fchtlasema kuumuse jaoks, aitavad v\u00e4ltida toidu l\u00e4bi kukkumist ja j\u00e4tavad selged grillij\u00e4ljed","og_url":"https:\/\/bbqentertainment.com\/toode\/napoleon-rogue-pro-425-sib-infrapuna-kulgpoletiga-gaasigrill-3-pohipoletit-must\/","og_site_name":"BBQ Entertainment","article_publisher":"https:\/\/www.facebook.com\/BBQ-Entertainment-N-Catering-2437913376443540","article_modified_time":"2026-04-13T18:56:15+00:00","og_image":[{"width":1200,"height":1200,"url":"https:\/\/bbqentertainment.com\/wp-content\/uploads\/2026\/03\/RP425SIBPK-2-CH-Web-Gallery-01-Rogue-RP425SIBPK-2_Prod_Str.jpg","type":"image\/jpeg"}],"twitter_card":"summary_large_image","twitter_misc":{"Est. reading time":"1 minute"},"schema":{"@context":"https:\/\/schema.org","@graph":[{"@type":["WebPage","ItemPage"],"@id":"https:\/\/bbqentertainment.com\/toode\/napoleon-rogue-pro-425-sib-infrapuna-kulgpoletiga-gaasigrill-3-pohipoletit-must\/","url":"https:\/\/bbqentertainment.com\/toode\/napoleon-rogue-pro-425-sib-infrapuna-kulgpoletiga-gaasigrill-3-pohipoletit-must\/","name":"Napoleon Rogue\u00ae PRO 425 SIB infrapuna k\u00fclgp\u00f5letiga gaasigrill, 3 p\u00f5h\u00adip\u00f5letit, must - BBQ Entertainment","isPartOf":{"@id":"https:\/\/bbqentertainment.com\/#website"},"primaryImageOfPage":{"@id":"https:\/\/bbqentertainment.com\/toode\/napoleon-rogue-pro-425-sib-infrapuna-kulgpoletiga-gaasigrill-3-pohipoletit-must\/#primaryimage"},"image":{"@id":"https:\/\/bbqentertainment.com\/toode\/napoleon-rogue-pro-425-sib-infrapuna-kulgpoletiga-gaasigrill-3-pohipoletit-must\/#primaryimage"},"thumbnailUrl":"https:\/\/bbqentertainment.com\/wp-content\/uploads\/2026\/03\/RP425SIBPK-2-CH-Web-Gallery-01-Rogue-RP425SIBPK-2_Prod_Str.jpg","datePublished":"2026-03-01T22:47:29+00:00","dateModified":"2026-04-13T18:56:15+00:00","breadcrumb":{"@id":"https:\/\/bbqentertainment.com\/toode\/napoleon-rogue-pro-425-sib-infrapuna-kulgpoletiga-gaasigrill-3-pohipoletit-must\/#breadcrumb"},"inLanguage":"en-US","potentialAction":[{"@type":"ReadAction","target":["https:\/\/bbqentertainment.com\/toode\/napoleon-rogue-pro-425-sib-infrapuna-kulgpoletiga-gaasigrill-3-pohipoletit-must\/"]}]},{"@type":"ImageObject","inLanguage":"en-US","@id":"https:\/\/bbqentertainment.com\/toode\/napoleon-rogue-pro-425-sib-infrapuna-kulgpoletiga-gaasigrill-3-pohipoletit-must\/#primaryimage","url":"https:\/\/bbqentertainment.com\/wp-content\/uploads\/2026\/03\/RP425SIBPK-2-CH-Web-Gallery-01-Rogue-RP425SIBPK-2_Prod_Str.jpg","contentUrl":"https:\/\/bbqentertainment.com\/wp-content\/uploads\/2026\/03\/RP425SIBPK-2-CH-Web-Gallery-01-Rogue-RP425SIBPK-2_Prod_Str.jpg","width":1200,"height":1200},{"@type":"BreadcrumbList","@id":"https:\/\/bbqentertainment.com\/toode\/napoleon-rogue-pro-425-sib-infrapuna-kulgpoletiga-gaasigrill-3-pohipoletit-must\/#breadcrumb","itemListElement":[{"@type":"ListItem","position":1,"name":"AVALEHT","item":"https:\/\/bbqentertainment.com\/en\/"},{"@type":"ListItem","position":2,"name":"Tooted","item":"https:\/\/bbqentertainment.com\/tooted\/"},{"@type":"ListItem","position":3,"name":"Grillid ja ahjud","item":"https:\/\/bbqentertainment.com\/tootekategooria\/grillid-ja-ahjud\/"},{"@type":"ListItem","position":4,"name":"Napoleon gaasigrillid","item":"https:\/\/bbqentertainment.com\/tootekategooria\/grillid-ja-ahjud\/napoleon-gaasigrillid\/"},{"@type":"ListItem","position":5,"name":"Napoleon Rogue\u00ae PRO 425 SIB infrapuna k\u00fclgp\u00f5letiga gaasigrill, 3 p\u00f5h\u00adip\u00f5letit, must"}]},{"@type":"WebSite","@id":"https:\/\/bbqentertainment.com\/#website","url":"https:\/\/bbqentertainment.com\/","name":"BBQ Entertainment","description":"BBQ is a great lifestyle, not just fun!","publisher":{"@id":"https:\/\/bbqentertainment.com\/#organization"},"potentialAction":[{"@type":"SearchAction","target":{"@type":"EntryPoint","urlTemplate":"https:\/\/bbqentertainment.com\/?s={search_term_string}"},"query-input":{"@type":"PropertyValueSpecification","valueRequired":true,"valueName":"search_term_string"}}],"inLanguage":"en-US"},{"@type":"Organization","@id":"https:\/\/bbqentertainment.com\/#organization","name":"BBQ Entertainment O\u00dc","url":"https:\/\/bbqentertainment.com\/","logo":{"@type":"ImageObject","inLanguage":"en-US","@id":"https:\/\/bbqentertainment.com\/#\/schema\/logo\/image\/","url":"https:\/\/bbqentertainment.com\/wp-content\/uploads\/2020\/04\/BBQ-Entertainment-N-Catering-Enn-Tobreluts-Logo.png","contentUrl":"https:\/\/bbqentertainment.com\/wp-content\/uploads\/2020\/04\/BBQ-Entertainment-N-Catering-Enn-Tobreluts-Logo.png","width":628,"height":266,"caption":"BBQ Entertainment O\u00dc"},"image":{"@id":"https:\/\/bbqentertainment.com\/#\/schema\/logo\/image\/"},"sameAs":["https:\/\/www.facebook.com\/BBQ-Entertainment-N-Catering-2437913376443540","https:\/\/www.instagram.com\/bbqentertainmentncatering\/","https:\/\/www.youtube.com\/channel\/UCmpuANQVhLy2Md8nrenp2jA"]}]}},"_links":{"self":[{"href":"https:\/\/bbqentertainment.com\/en\/wp-json\/wp\/v2\/product\/257799","targetHints":{"allow":["GET"]}}],"collection":[{"href":"https:\/\/bbqentertainment.com\/en\/wp-json\/wp\/v2\/product"}],"about":[{"href":"https:\/\/bbqentertainment.com\/en\/wp-json\/wp\/v2\/types\/product"}],"wp:featuredmedia":[{"embeddable":true,"href":"https:\/\/bbqentertainment.com\/en\/wp-json\/wp\/v2\/media\/258068"}],"wp:attachment":[{"href":"https:\/\/bbqentertainment.com\/en\/wp-json\/wp\/v2\/media?parent=257799"}],"wp:term":[{"taxonomy":"product_brand","embeddable":true,"href":"https:\/\/bbqentertainment.com\/en\/wp-json\/wp\/v2\/product_brand?post=257799"},{"taxonomy":"product_cat","embeddable":true,"href":"https:\/\/bbqentertainment.com\/en\/wp-json\/wp\/v2\/product_cat?post=257799"},{"taxonomy":"product_tag","embeddable":true,"href":"https:\/\/bbqentertainment.com\/en\/wp-json\/wp\/v2\/product_tag?post=257799"}],"curies":[{"name":"wp","href":"https:\/\/api.w.org\/{rel}","templated":true}]}}