{"id":257800,"date":"2026-03-02T00:47:30","date_gmt":"2026-03-01T22:47:30","guid":{"rendered":"https:\/\/bbqentertainment.com\/?post_type=product&#038;p=257800"},"modified":"2026-04-13T21:56:15","modified_gmt":"2026-04-13T18:56:15","slug":"napoleon-rogue-pro-425-sib-infrapuna-kulgpoletiga-gaasigrill-3-pohipoletit-roostevaba","status":"publish","type":"product","link":"https:\/\/bbqentertainment.com\/en\/toode\/napoleon-rogue-pro-425-sib-infrapuna-kulgpoletiga-gaasigrill-3-pohipoletit-roostevaba\/","title":{"rendered":"Napoleon Rogue\u00ae PRO 425 SIB infrapuna k\u00fclgp\u00f5letiga gaasigrill, 3 p\u00f5h\u00adip\u00f5letit, roostevaba"},"content":{"rendered":"","protected":false},"excerpt":{"rendered":"<h3>Napoleon Rogue\u00ae PRO 425 SIB infrapuna k\u00fclgp\u00f5letiga gaasigrill, 3 p\u00f5h\u00adip\u00f5letit, roostevaba<\/h3>\n<p>Rogue PRO425 gaasigrill on varustatud kolme v\u00f5imsa roostevabast terasest p\u00f5hik\u00fcttekehaga ning SIZZLE ZONE infrapuna k\u00fclgp\u00f5letiga, mis v\u00f5imaldab steike pruunistada v\u00e4ga k\u00f5rgel kuumusel, \u00fcle 800 \u00b0C. Grillil on k\u00f5rge kuppel ja mattviimistlusega emailitud malmist WAVE-restid. H\u00e4maras grillimist teevad lihtsamaks taustvalgustusega juhtnupud, mis annavad grillile ka efektse v\u00e4limuse. Mahukad k\u00fclmtasapinnad pakuvad ruumi ettevalmistuseks ning \u00fchel k\u00fcljel on integreeritud pudeliavaja. T\u00e4nu kompaktsele m\u00f5\u00f5dule sobib grill erinevatesse v\u00e4lisk\u00f6\u00f6kidesse ning on kaetud 15-aastase garantiiprogrammiga.<\/p>\n<p><strong>P\u00f5hiomadused<\/strong><\/p>\n<p>&#8211; Koguv\u00f5imsus 18,75 kW<br \/>\n&#8211; 3 p\u00f5hik\u00fcttekeha (iga\u00fcks 4,75 kW)<br \/>\n&#8211; SIZZLE ZONE infrapuna k\u00fclgp\u00f5leti 4,5 kW<br \/>\n&#8211; Grillimisala 60 \u00d7 45 cm (2700 cm\u00b2)<br \/>\n&#8211; Mattemailiga kaetud valurauast WAVE-restid<br \/>\n&#8211; M\u00f5\u00f5dud 130 \u00d7 64 \u00d7 123 cm<br \/>\n&#8211; JETFIRE s\u00fc\u00fctes\u00fcsteem, mis on integreeritud igasse juhtnuppu ja v\u00f5imaldab p\u00f5leteid eraldi s\u00fc\u00fcdata<br \/>\n&#8211; Taustvalgustusega juhtnupud mugavamaks grillimiseks h\u00e4maras<br \/>\n&#8211; Kahetasandilised roostevabast terasest kuumaplaadid \u00fchtlasema kuumuse jaoks ja p\u00f5letite kaitseks<br \/>\n&#8211; Valualumiiniumist tulekamber, mis on vastupidav ja lihtsasti puhastatav<br \/>\n&#8211; ACCU-PROBE termomeeter kupli sees temperatuuri j\u00e4lgimiseks<br \/>\n&#8211; Kahepoolse kasutusega restid: \u00fcks pool teravamate grillij\u00e4lgede jaoks, teine rasva\u00e4ravoolu soontega<br \/>\n&#8211; Reguleeritava k\u00f5rgusega roostevabast terasest rest SIZZLE ZONE p\u00f5letil<br \/>\n&#8211; Soojendusrest suuremate v\u00f5i aeglasemalt valmivate toitude jaoks ja soojas hoidmiseks<br \/>\n&#8211; Kahekordse seinaga roostevabast terasest kuppel, mis peegeldab kuumust tagasi ja aitab v\u00e4hendada kupli pealispinna v\u00e4rvimuutust<br \/>\n&#8211; Rasvakogumiss\u00fcsteem grilli all, v\u00e4ljat\u00f5mmatava rasvapleki ja -topsiga<br \/>\n&#8211; Alumine suletud kapp tarvikute ja gaasiballooni hoiustamiseks<br \/>\n&#8211; Kaks suurt k\u00fclmtasapinda tarvikukonksudega, k\u00fclmtasapinnad on alla klapitavad<br \/>\n&#8211; Neli ratast, millest kaks on lukustatavad, et grilli oleks lihtne liigutada<br \/>\n&#8211; Komplektis gaasivoolik ja surutav madalr\u00f5huregulaator<br \/>\n&#8211; Lisavarustusena saadaval s\u00f6ek\u00fcnaga lahendus, mis muudab grilli s\u00f6egrilliks, ning suitsulastude jaoks m\u00f5eldud nurgaosa aroomi lisamiseks<\/p>\n","protected":false},"featured_media":258161,"template":"","meta":{"inline_featured_image":false},"product_brand":[],"product_cat":[17,561],"product_tag":[],"class_list":{"0":"post-257800","1":"product","2":"type-product","3":"status-publish","4":"has-post-thumbnail","6":"product_cat-grillid-ja-ahjud","7":"product_cat-napoleon-gaasigrillid","8":"product_shipping_class-ainult-ise-jarele-tulemisega","10":"first","11":"instock","12":"taxable","13":"shipping-taxable","14":"purchasable","15":"product-type-simple"},"yoast_head":"<!-- This site is optimized with the Yoast SEO plugin v27.4 - https:\/\/yoast.com\/product\/yoast-seo-wordpress\/ -->\n<title>Napoleon Rogue\u00ae PRO 425 SIB infrapuna k\u00fclgp\u00f5letiga gaasigrill, 3 p\u00f5h\u00adip\u00f5letit, roostevaba - BBQ Entertainment<\/title>\n<meta name=\"robots\" content=\"index, follow, max-snippet:-1, max-image-preview:large, max-video-preview:-1\" \/>\n<link rel=\"canonical\" href=\"https:\/\/bbqentertainment.com\/toode\/napoleon-rogue-pro-425-sib-infrapuna-kulgpoletiga-gaasigrill-3-pohipoletit-roostevaba\/\" \/>\n<meta property=\"og:locale\" content=\"en_US\" \/>\n<meta property=\"og:type\" content=\"article\" \/>\n<meta property=\"og:title\" content=\"Napoleon Rogue\u00ae PRO 425 SIB infrapuna k\u00fclgp\u00f5letiga gaasigrill, 3 p\u00f5h\u00adip\u00f5letit, roostevaba - BBQ Entertainment\" \/>\n<meta property=\"og:description\" content=\"Napoleon Rogue\u00ae PRO 425 SIB infrapuna k\u00fclgp\u00f5letiga gaasigrill, 3 p\u00f5h\u00adip\u00f5letit, roostevaba Rogue PRO425 gaasigrill on varustatud kolme v\u00f5imsa roostevabast terasest p\u00f5hik\u00fcttekehaga ning SIZZLE ZONE infrapuna k\u00fclgp\u00f5letiga, mis v\u00f5imaldab steike pruunistada v\u00e4ga k\u00f5rgel kuumusel, \u00fcle 800 \u00b0C. Grillil on k\u00f5rge kuppel ja mattviimistlusega emailitud malmist WAVE-restid. H\u00e4maras grillimist teevad lihtsamaks taustvalgustusega juhtnupud, mis annavad grillile ka efektse v\u00e4limuse. Mahukad k\u00fclmtasapinnad pakuvad ruumi ettevalmistuseks ning \u00fchel k\u00fcljel on integreeritud pudeliavaja. T\u00e4nu kompaktsele m\u00f5\u00f5dule sobib grill erinevatesse v\u00e4lisk\u00f6\u00f6kidesse ning on kaetud 15-aastase garantiiprogrammiga.  P\u00f5hiomadused  - Koguv\u00f5imsus 18,75 kW - 3 p\u00f5hik\u00fcttekeha (iga\u00fcks 4,75 kW) - SIZZLE ZONE infrapuna k\u00fclgp\u00f5leti 4,5 kW - Grillimisala 60 \u00d7 45 cm (2700 cm\u00b2) - Mattemailiga kaetud valurauast WAVE-restid - M\u00f5\u00f5dud 130 \u00d7 64 \u00d7 123 cm - JETFIRE s\u00fc\u00fctes\u00fcsteem, mis on integreeritud igasse juhtnuppu ja v\u00f5imaldab p\u00f5leteid eraldi s\u00fc\u00fcdata - Taustvalgustusega juhtnupud mugavamaks grillimiseks h\u00e4maras - Kahetasandilised roostevabast terasest kuumaplaadid \u00fchtlasema kuumuse jaoks ja p\u00f5letite kaitseks - Valualumiiniumist tulekamber, mis on vastupidav ja lihtsasti puhastatav - ACCU-PROBE termomeeter kupli sees temperatuuri j\u00e4lgimiseks - Kahepoolse kasutusega restid: \u00fcks pool teravamate grillij\u00e4lgede jaoks, teine rasva\u00e4ravoolu soontega - Reguleeritava k\u00f5rgusega roostevabast terasest rest SIZZLE ZONE p\u00f5letil - Soojendusrest suuremate v\u00f5i aeglasemalt valmivate toitude jaoks ja soojas hoidmiseks - Kahekordse seinaga roostevabast terasest kuppel, mis peegeldab kuumust tagasi ja aitab v\u00e4hendada kupli pealispinna v\u00e4rvimuutust - Rasvakogumiss\u00fcsteem grilli all, v\u00e4ljat\u00f5mmatava rasvapleki ja -topsiga - Alumine suletud kapp tarvikute ja gaasiballooni hoiustamiseks - Kaks suurt k\u00fclmtasapinda tarvikukonksudega, k\u00fclmtasapinnad on alla klapitavad - Neli ratast, millest kaks on lukustatavad, et grilli oleks lihtne liigutada - Komplektis gaasivoolik ja surutav madalr\u00f5huregulaator - Lisavarustusena saadaval s\u00f6ek\u00fcnaga lahendus, mis muudab grilli s\u00f6egrilliks, ning suitsulastude jaoks m\u00f5eldud nurgaosa aroomi lisamiseks\" \/>\n<meta property=\"og:url\" content=\"https:\/\/bbqentertainment.com\/toode\/napoleon-rogue-pro-425-sib-infrapuna-kulgpoletiga-gaasigrill-3-pohipoletit-roostevaba\/\" \/>\n<meta property=\"og:site_name\" content=\"BBQ Entertainment\" \/>\n<meta property=\"article:publisher\" content=\"https:\/\/www.facebook.com\/BBQ-Entertainment-N-Catering-2437913376443540\" \/>\n<meta property=\"article:modified_time\" content=\"2026-04-13T18:56:15+00:00\" \/>\n<meta property=\"og:image\" content=\"https:\/\/bbqentertainment.com\/wp-content\/uploads\/2026\/03\/image-1-1.jpg\" \/>\n\t<meta property=\"og:image:width\" content=\"1000\" \/>\n\t<meta property=\"og:image:height\" content=\"1000\" \/>\n\t<meta property=\"og:image:type\" content=\"image\/jpeg\" \/>\n<meta name=\"twitter:card\" content=\"summary_large_image\" \/>\n<meta name=\"twitter:label1\" content=\"Est. reading time\" \/>\n\t<meta name=\"twitter:data1\" content=\"1 minute\" \/>\n<script type=\"application\/ld+json\" class=\"yoast-schema-graph\">{\"@context\":\"https:\\\/\\\/schema.org\",\"@graph\":[{\"@type\":[\"WebPage\",\"ItemPage\"],\"@id\":\"https:\\\/\\\/bbqentertainment.com\\\/toode\\\/napoleon-rogue-pro-425-sib-infrapuna-kulgpoletiga-gaasigrill-3-pohipoletit-roostevaba\\\/\",\"url\":\"https:\\\/\\\/bbqentertainment.com\\\/toode\\\/napoleon-rogue-pro-425-sib-infrapuna-kulgpoletiga-gaasigrill-3-pohipoletit-roostevaba\\\/\",\"name\":\"Napoleon Rogue\u00ae PRO 425 SIB infrapuna k\u00fclgp\u00f5letiga gaasigrill, 3 p\u00f5h\u00adip\u00f5letit, roostevaba - BBQ Entertainment\",\"isPartOf\":{\"@id\":\"https:\\\/\\\/bbqentertainment.com\\\/#website\"},\"primaryImageOfPage\":{\"@id\":\"https:\\\/\\\/bbqentertainment.com\\\/toode\\\/napoleon-rogue-pro-425-sib-infrapuna-kulgpoletiga-gaasigrill-3-pohipoletit-roostevaba\\\/#primaryimage\"},\"image\":{\"@id\":\"https:\\\/\\\/bbqentertainment.com\\\/toode\\\/napoleon-rogue-pro-425-sib-infrapuna-kulgpoletiga-gaasigrill-3-pohipoletit-roostevaba\\\/#primaryimage\"},\"thumbnailUrl\":\"https:\\\/\\\/bbqentertainment.com\\\/wp-content\\\/uploads\\\/2026\\\/03\\\/image-1-1.jpg\",\"datePublished\":\"2026-03-01T22:47:30+00:00\",\"dateModified\":\"2026-04-13T18:56:15+00:00\",\"breadcrumb\":{\"@id\":\"https:\\\/\\\/bbqentertainment.com\\\/toode\\\/napoleon-rogue-pro-425-sib-infrapuna-kulgpoletiga-gaasigrill-3-pohipoletit-roostevaba\\\/#breadcrumb\"},\"inLanguage\":\"en-US\",\"potentialAction\":[{\"@type\":\"ReadAction\",\"target\":[\"https:\\\/\\\/bbqentertainment.com\\\/toode\\\/napoleon-rogue-pro-425-sib-infrapuna-kulgpoletiga-gaasigrill-3-pohipoletit-roostevaba\\\/\"]}]},{\"@type\":\"ImageObject\",\"inLanguage\":\"en-US\",\"@id\":\"https:\\\/\\\/bbqentertainment.com\\\/toode\\\/napoleon-rogue-pro-425-sib-infrapuna-kulgpoletiga-gaasigrill-3-pohipoletit-roostevaba\\\/#primaryimage\",\"url\":\"https:\\\/\\\/bbqentertainment.com\\\/wp-content\\\/uploads\\\/2026\\\/03\\\/image-1-1.jpg\",\"contentUrl\":\"https:\\\/\\\/bbqentertainment.com\\\/wp-content\\\/uploads\\\/2026\\\/03\\\/image-1-1.jpg\",\"width\":1000,\"height\":1000},{\"@type\":\"BreadcrumbList\",\"@id\":\"https:\\\/\\\/bbqentertainment.com\\\/toode\\\/napoleon-rogue-pro-425-sib-infrapuna-kulgpoletiga-gaasigrill-3-pohipoletit-roostevaba\\\/#breadcrumb\",\"itemListElement\":[{\"@type\":\"ListItem\",\"position\":1,\"name\":\"AVALEHT\",\"item\":\"https:\\\/\\\/bbqentertainment.com\\\/en\\\/\"},{\"@type\":\"ListItem\",\"position\":2,\"name\":\"Tooted\",\"item\":\"https:\\\/\\\/bbqentertainment.com\\\/tooted\\\/\"},{\"@type\":\"ListItem\",\"position\":3,\"name\":\"Grillid ja ahjud\",\"item\":\"https:\\\/\\\/bbqentertainment.com\\\/tootekategooria\\\/grillid-ja-ahjud\\\/\"},{\"@type\":\"ListItem\",\"position\":4,\"name\":\"Napoleon gaasigrillid\",\"item\":\"https:\\\/\\\/bbqentertainment.com\\\/tootekategooria\\\/grillid-ja-ahjud\\\/napoleon-gaasigrillid\\\/\"},{\"@type\":\"ListItem\",\"position\":5,\"name\":\"Napoleon Rogue\u00ae PRO 425 SIB infrapuna k\u00fclgp\u00f5letiga gaasigrill, 3 p\u00f5h\u00adip\u00f5letit, roostevaba\"}]},{\"@type\":\"WebSite\",\"@id\":\"https:\\\/\\\/bbqentertainment.com\\\/#website\",\"url\":\"https:\\\/\\\/bbqentertainment.com\\\/\",\"name\":\"BBQ Entertainment\",\"description\":\"BBQ is a great lifestyle, not just fun!\",\"publisher\":{\"@id\":\"https:\\\/\\\/bbqentertainment.com\\\/#organization\"},\"potentialAction\":[{\"@type\":\"SearchAction\",\"target\":{\"@type\":\"EntryPoint\",\"urlTemplate\":\"https:\\\/\\\/bbqentertainment.com\\\/?s={search_term_string}\"},\"query-input\":{\"@type\":\"PropertyValueSpecification\",\"valueRequired\":true,\"valueName\":\"search_term_string\"}}],\"inLanguage\":\"en-US\"},{\"@type\":\"Organization\",\"@id\":\"https:\\\/\\\/bbqentertainment.com\\\/#organization\",\"name\":\"BBQ Entertainment O\u00dc\",\"url\":\"https:\\\/\\\/bbqentertainment.com\\\/\",\"logo\":{\"@type\":\"ImageObject\",\"inLanguage\":\"en-US\",\"@id\":\"https:\\\/\\\/bbqentertainment.com\\\/#\\\/schema\\\/logo\\\/image\\\/\",\"url\":\"https:\\\/\\\/bbqentertainment.com\\\/wp-content\\\/uploads\\\/2020\\\/04\\\/BBQ-Entertainment-N-Catering-Enn-Tobreluts-Logo.png\",\"contentUrl\":\"https:\\\/\\\/bbqentertainment.com\\\/wp-content\\\/uploads\\\/2020\\\/04\\\/BBQ-Entertainment-N-Catering-Enn-Tobreluts-Logo.png\",\"width\":628,\"height\":266,\"caption\":\"BBQ Entertainment O\u00dc\"},\"image\":{\"@id\":\"https:\\\/\\\/bbqentertainment.com\\\/#\\\/schema\\\/logo\\\/image\\\/\"},\"sameAs\":[\"https:\\\/\\\/www.facebook.com\\\/BBQ-Entertainment-N-Catering-2437913376443540\",\"https:\\\/\\\/www.instagram.com\\\/bbqentertainmentncatering\\\/\",\"https:\\\/\\\/www.youtube.com\\\/channel\\\/UCmpuANQVhLy2Md8nrenp2jA\"]}]}<\/script>\n<!-- \/ Yoast SEO plugin. -->","yoast_head_json":{"title":"Napoleon Rogue\u00ae PRO 425 SIB infrapuna k\u00fclgp\u00f5letiga gaasigrill, 3 p\u00f5h\u00adip\u00f5letit, roostevaba - BBQ Entertainment","robots":{"index":"index","follow":"follow","max-snippet":"max-snippet:-1","max-image-preview":"max-image-preview:large","max-video-preview":"max-video-preview:-1"},"canonical":"https:\/\/bbqentertainment.com\/toode\/napoleon-rogue-pro-425-sib-infrapuna-kulgpoletiga-gaasigrill-3-pohipoletit-roostevaba\/","og_locale":"en_US","og_type":"article","og_title":"Napoleon Rogue\u00ae PRO 425 SIB infrapuna k\u00fclgp\u00f5letiga gaasigrill, 3 p\u00f5h\u00adip\u00f5letit, roostevaba - BBQ Entertainment","og_description":"Napoleon Rogue\u00ae PRO 425 SIB infrapuna k\u00fclgp\u00f5letiga gaasigrill, 3 p\u00f5h\u00adip\u00f5letit, roostevaba Rogue PRO425 gaasigrill on varustatud kolme v\u00f5imsa roostevabast terasest p\u00f5hik\u00fcttekehaga ning SIZZLE ZONE infrapuna k\u00fclgp\u00f5letiga, mis v\u00f5imaldab steike pruunistada v\u00e4ga k\u00f5rgel kuumusel, \u00fcle 800 \u00b0C. Grillil on k\u00f5rge kuppel ja mattviimistlusega emailitud malmist WAVE-restid. H\u00e4maras grillimist teevad lihtsamaks taustvalgustusega juhtnupud, mis annavad grillile ka efektse v\u00e4limuse. Mahukad k\u00fclmtasapinnad pakuvad ruumi ettevalmistuseks ning \u00fchel k\u00fcljel on integreeritud pudeliavaja. T\u00e4nu kompaktsele m\u00f5\u00f5dule sobib grill erinevatesse v\u00e4lisk\u00f6\u00f6kidesse ning on kaetud 15-aastase garantiiprogrammiga.  P\u00f5hiomadused  - Koguv\u00f5imsus 18,75 kW - 3 p\u00f5hik\u00fcttekeha (iga\u00fcks 4,75 kW) - SIZZLE ZONE infrapuna k\u00fclgp\u00f5leti 4,5 kW - Grillimisala 60 \u00d7 45 cm (2700 cm\u00b2) - Mattemailiga kaetud valurauast WAVE-restid - M\u00f5\u00f5dud 130 \u00d7 64 \u00d7 123 cm - JETFIRE s\u00fc\u00fctes\u00fcsteem, mis on integreeritud igasse juhtnuppu ja v\u00f5imaldab p\u00f5leteid eraldi s\u00fc\u00fcdata - Taustvalgustusega juhtnupud mugavamaks grillimiseks h\u00e4maras - Kahetasandilised roostevabast terasest kuumaplaadid \u00fchtlasema kuumuse jaoks ja p\u00f5letite kaitseks - Valualumiiniumist tulekamber, mis on vastupidav ja lihtsasti puhastatav - ACCU-PROBE termomeeter kupli sees temperatuuri j\u00e4lgimiseks - Kahepoolse kasutusega restid: \u00fcks pool teravamate grillij\u00e4lgede jaoks, teine rasva\u00e4ravoolu soontega - Reguleeritava k\u00f5rgusega roostevabast terasest rest SIZZLE ZONE p\u00f5letil - Soojendusrest suuremate v\u00f5i aeglasemalt valmivate toitude jaoks ja soojas hoidmiseks - Kahekordse seinaga roostevabast terasest kuppel, mis peegeldab kuumust tagasi ja aitab v\u00e4hendada kupli pealispinna v\u00e4rvimuutust - Rasvakogumiss\u00fcsteem grilli all, v\u00e4ljat\u00f5mmatava rasvapleki ja -topsiga - Alumine suletud kapp tarvikute ja gaasiballooni hoiustamiseks - Kaks suurt k\u00fclmtasapinda tarvikukonksudega, k\u00fclmtasapinnad on alla klapitavad - Neli ratast, millest kaks on lukustatavad, et grilli oleks lihtne liigutada - Komplektis gaasivoolik ja surutav madalr\u00f5huregulaator - Lisavarustusena saadaval s\u00f6ek\u00fcnaga lahendus, mis muudab grilli s\u00f6egrilliks, ning suitsulastude jaoks m\u00f5eldud nurgaosa aroomi lisamiseks","og_url":"https:\/\/bbqentertainment.com\/toode\/napoleon-rogue-pro-425-sib-infrapuna-kulgpoletiga-gaasigrill-3-pohipoletit-roostevaba\/","og_site_name":"BBQ Entertainment","article_publisher":"https:\/\/www.facebook.com\/BBQ-Entertainment-N-Catering-2437913376443540","article_modified_time":"2026-04-13T18:56:15+00:00","og_image":[{"width":1000,"height":1000,"url":"https:\/\/bbqentertainment.com\/wp-content\/uploads\/2026\/03\/image-1-1.jpg","type":"image\/jpeg"}],"twitter_card":"summary_large_image","twitter_misc":{"Est. reading time":"1 minute"},"schema":{"@context":"https:\/\/schema.org","@graph":[{"@type":["WebPage","ItemPage"],"@id":"https:\/\/bbqentertainment.com\/toode\/napoleon-rogue-pro-425-sib-infrapuna-kulgpoletiga-gaasigrill-3-pohipoletit-roostevaba\/","url":"https:\/\/bbqentertainment.com\/toode\/napoleon-rogue-pro-425-sib-infrapuna-kulgpoletiga-gaasigrill-3-pohipoletit-roostevaba\/","name":"Napoleon Rogue\u00ae PRO 425 SIB infrapuna k\u00fclgp\u00f5letiga gaasigrill, 3 p\u00f5h\u00adip\u00f5letit, roostevaba - BBQ Entertainment","isPartOf":{"@id":"https:\/\/bbqentertainment.com\/#website"},"primaryImageOfPage":{"@id":"https:\/\/bbqentertainment.com\/toode\/napoleon-rogue-pro-425-sib-infrapuna-kulgpoletiga-gaasigrill-3-pohipoletit-roostevaba\/#primaryimage"},"image":{"@id":"https:\/\/bbqentertainment.com\/toode\/napoleon-rogue-pro-425-sib-infrapuna-kulgpoletiga-gaasigrill-3-pohipoletit-roostevaba\/#primaryimage"},"thumbnailUrl":"https:\/\/bbqentertainment.com\/wp-content\/uploads\/2026\/03\/image-1-1.jpg","datePublished":"2026-03-01T22:47:30+00:00","dateModified":"2026-04-13T18:56:15+00:00","breadcrumb":{"@id":"https:\/\/bbqentertainment.com\/toode\/napoleon-rogue-pro-425-sib-infrapuna-kulgpoletiga-gaasigrill-3-pohipoletit-roostevaba\/#breadcrumb"},"inLanguage":"en-US","potentialAction":[{"@type":"ReadAction","target":["https:\/\/bbqentertainment.com\/toode\/napoleon-rogue-pro-425-sib-infrapuna-kulgpoletiga-gaasigrill-3-pohipoletit-roostevaba\/"]}]},{"@type":"ImageObject","inLanguage":"en-US","@id":"https:\/\/bbqentertainment.com\/toode\/napoleon-rogue-pro-425-sib-infrapuna-kulgpoletiga-gaasigrill-3-pohipoletit-roostevaba\/#primaryimage","url":"https:\/\/bbqentertainment.com\/wp-content\/uploads\/2026\/03\/image-1-1.jpg","contentUrl":"https:\/\/bbqentertainment.com\/wp-content\/uploads\/2026\/03\/image-1-1.jpg","width":1000,"height":1000},{"@type":"BreadcrumbList","@id":"https:\/\/bbqentertainment.com\/toode\/napoleon-rogue-pro-425-sib-infrapuna-kulgpoletiga-gaasigrill-3-pohipoletit-roostevaba\/#breadcrumb","itemListElement":[{"@type":"ListItem","position":1,"name":"AVALEHT","item":"https:\/\/bbqentertainment.com\/en\/"},{"@type":"ListItem","position":2,"name":"Tooted","item":"https:\/\/bbqentertainment.com\/tooted\/"},{"@type":"ListItem","position":3,"name":"Grillid ja ahjud","item":"https:\/\/bbqentertainment.com\/tootekategooria\/grillid-ja-ahjud\/"},{"@type":"ListItem","position":4,"name":"Napoleon gaasigrillid","item":"https:\/\/bbqentertainment.com\/tootekategooria\/grillid-ja-ahjud\/napoleon-gaasigrillid\/"},{"@type":"ListItem","position":5,"name":"Napoleon Rogue\u00ae PRO 425 SIB infrapuna k\u00fclgp\u00f5letiga gaasigrill, 3 p\u00f5h\u00adip\u00f5letit, roostevaba"}]},{"@type":"WebSite","@id":"https:\/\/bbqentertainment.com\/#website","url":"https:\/\/bbqentertainment.com\/","name":"BBQ Entertainment","description":"BBQ is a great lifestyle, not just fun!","publisher":{"@id":"https:\/\/bbqentertainment.com\/#organization"},"potentialAction":[{"@type":"SearchAction","target":{"@type":"EntryPoint","urlTemplate":"https:\/\/bbqentertainment.com\/?s={search_term_string}"},"query-input":{"@type":"PropertyValueSpecification","valueRequired":true,"valueName":"search_term_string"}}],"inLanguage":"en-US"},{"@type":"Organization","@id":"https:\/\/bbqentertainment.com\/#organization","name":"BBQ Entertainment O\u00dc","url":"https:\/\/bbqentertainment.com\/","logo":{"@type":"ImageObject","inLanguage":"en-US","@id":"https:\/\/bbqentertainment.com\/#\/schema\/logo\/image\/","url":"https:\/\/bbqentertainment.com\/wp-content\/uploads\/2020\/04\/BBQ-Entertainment-N-Catering-Enn-Tobreluts-Logo.png","contentUrl":"https:\/\/bbqentertainment.com\/wp-content\/uploads\/2020\/04\/BBQ-Entertainment-N-Catering-Enn-Tobreluts-Logo.png","width":628,"height":266,"caption":"BBQ Entertainment O\u00dc"},"image":{"@id":"https:\/\/bbqentertainment.com\/#\/schema\/logo\/image\/"},"sameAs":["https:\/\/www.facebook.com\/BBQ-Entertainment-N-Catering-2437913376443540","https:\/\/www.instagram.com\/bbqentertainmentncatering\/","https:\/\/www.youtube.com\/channel\/UCmpuANQVhLy2Md8nrenp2jA"]}]}},"_links":{"self":[{"href":"https:\/\/bbqentertainment.com\/en\/wp-json\/wp\/v2\/product\/257800","targetHints":{"allow":["GET"]}}],"collection":[{"href":"https:\/\/bbqentertainment.com\/en\/wp-json\/wp\/v2\/product"}],"about":[{"href":"https:\/\/bbqentertainment.com\/en\/wp-json\/wp\/v2\/types\/product"}],"wp:featuredmedia":[{"embeddable":true,"href":"https:\/\/bbqentertainment.com\/en\/wp-json\/wp\/v2\/media\/258161"}],"wp:attachment":[{"href":"https:\/\/bbqentertainment.com\/en\/wp-json\/wp\/v2\/media?parent=257800"}],"wp:term":[{"taxonomy":"product_brand","embeddable":true,"href":"https:\/\/bbqentertainment.com\/en\/wp-json\/wp\/v2\/product_brand?post=257800"},{"taxonomy":"product_cat","embeddable":true,"href":"https:\/\/bbqentertainment.com\/en\/wp-json\/wp\/v2\/product_cat?post=257800"},{"taxonomy":"product_tag","embeddable":true,"href":"https:\/\/bbqentertainment.com\/en\/wp-json\/wp\/v2\/product_tag?post=257800"}],"curies":[{"name":"wp","href":"https:\/\/api.w.org\/{rel}","templated":true}]}}