{"id":257801,"date":"2026-03-02T00:47:31","date_gmt":"2026-03-01T22:47:31","guid":{"rendered":"https:\/\/bbqentertainment.com\/?post_type=product&#038;p=257801"},"modified":"2026-04-13T21:56:14","modified_gmt":"2026-04-13T18:56:14","slug":"napoleon-700-seeria-32-matt-must-sisseehitatav-gaasigrill-4-1-poletit-tagumine-infrapunapoleti","status":"publish","type":"product","link":"https:\/\/bbqentertainment.com\/en\/toode\/napoleon-700-seeria-32-matt-must-sisseehitatav-gaasigrill-4-1-poletit-tagumine-infrapunapoleti\/","title":{"rendered":"Napoleon 700-seeria 32&#8243; matt must sisseehitatav gaasigrill, 4 + 1 p\u00f5letit, tagumine infrapunap\u00f5leti"},"content":{"rendered":"","protected":false},"excerpt":{"rendered":"<h3>Napoleon 700-seeria 32&#8243; matt must sisseehitatav gaasigrill, 4 + 1 p\u00f5letit, tagumine infrapunap\u00f5leti<\/h3>\n<p>Mattmust sisseehitatav 700 seeria 32-tolline gaasigrill tagumise infrapunap\u00f5letiga pakub seda kvaliteeti ja j\u00f5udlust, mida Napoleoni gaasigrillidelt oodata. Grill on m\u00f5eldud sujuvalt integreeruma sinu v\u00e4lisk\u00f6\u00f6ki ning vastupidav roostevabast terasest konstruktsioon tagab pika kasutusea ja kindla t\u00f6\u00f6. Paksud, 9 mm roostevabast terasest grillrestid vajavad v\u00e4ga v\u00e4he hooldust. Turvalisust ja mugavust lisavad valgustusega juhtnupud, mis helendavad siniselt ja muutuvad p\u00f5letite kasutamisel punaseks. H\u00e4maras grillimine on lihtne t\u00e4nu integreeritud halogeenvalgustitele, mis valgustavad k\u00fcpsetuspinda. Perforeeritud ja nurkadega rasvahalduss\u00fcsteem suunab tilkumise paremini kogumisalasse, teeb puhastamise lihtsamaks ning v\u00e4hendab rasvakogunemist ja rasvatulekahju riski. Mudel on loodud lihtsaks paigalduseks: integreeritud viimistlusraam, eriti pikk gaasivoolik ja pikemad elektrijuhtmed annavad rohkem vabadust v\u00e4lisk\u00f6\u00f6gi planeerimisel ja paigaldamisel.<\/p>\n<p><strong>P\u00f5hiomadused<\/strong><\/p>\n<p>&#8211; 66 000 BTU, 4 roostevabast terasest p\u00f5hiseadet, 1 tagumine infrapunap\u00f5leti varrasgrillimiseks, k\u00fcpsetusala 74,93 \u00d7 45,72 cm<br \/>\n&#8211; 9,5 mm paksud roostevabast terasest lainekujuga restid, mis jaotavad kuumuse \u00fchtlaselt, aitavad v\u00e4ltida toidu l\u00e4bi kukkumist ja j\u00e4tavad head grillij\u00e4ljed<br \/>\n&#8211; Patareivaba s\u00fc\u00fctes\u00fcsteem, mis s\u00fc\u00fctab p\u00f5letid kohe leegiimpulsiga<br \/>\n&#8211; Kahetasandilised roostevabast terasest kuumaplaadid kaitsevad p\u00f5leteid ja suunavad tilkumise rasvakogumiss\u00fcsteemi, v\u00e4hendades kogunemist ja rasvatulekahju riski<br \/>\n&#8211; Tagumine infrapunap\u00f5leti ja kommertsklassi varrasgrillimise komplekt \u00fchtlaseks ja mahlaseks k\u00fcpsetuseks<br \/>\n&#8211; Integreeritud varrasgrillimise komplekti hoiukoht grilli all<br \/>\n&#8211; Taustvalgustusega juhtnupud (sinine, kasutamisel punane) ja sisemised halogeenvalgustid mugavaks \u00f5htuseks grillimiseks<br \/>\n&#8211; Lihtsam paigaldus: integreeritud viimistlus, pikemad elektrijuhtmed ja eriti pikk \u00fchendusvoolik, lisaks 5,08 cm (2&#8243;) tolerants l\u00f5ikeavadele<br \/>\n&#8211; T\u00e4pne temperatuuri kontroll ja ACCU-PROBE temperatuuriandur searimiseks, suitsutamiseks, r\u00f6stimiseks, varrasgrillimiseks ja k\u00fcpsetamiseks<\/p>\n","protected":false},"featured_media":258010,"template":"","meta":{"inline_featured_image":false},"product_brand":[],"product_cat":[17,561],"product_tag":[],"class_list":{"0":"post-257801","1":"product","2":"type-product","3":"status-publish","4":"has-post-thumbnail","6":"product_cat-grillid-ja-ahjud","7":"product_cat-napoleon-gaasigrillid","8":"product_shipping_class-ainult-ise-jarele-tulemisega","10":"first","11":"instock","12":"taxable","13":"shipping-taxable","14":"purchasable","15":"product-type-simple"},"yoast_head":"<!-- This site is optimized with the Yoast SEO plugin v27.4 - https:\/\/yoast.com\/product\/yoast-seo-wordpress\/ -->\n<title>Napoleon 700-seeria 32&quot; matt must sisseehitatav gaasigrill, 4 + 1 p\u00f5letit, tagumine infrapunap\u00f5leti - BBQ Entertainment<\/title>\n<meta name=\"robots\" content=\"index, follow, max-snippet:-1, max-image-preview:large, max-video-preview:-1\" \/>\n<link rel=\"canonical\" href=\"https:\/\/bbqentertainment.com\/toode\/napoleon-700-seeria-32-matt-must-sisseehitatav-gaasigrill-4-1-poletit-tagumine-infrapunapoleti\/\" \/>\n<meta property=\"og:locale\" content=\"en_US\" \/>\n<meta property=\"og:type\" content=\"article\" \/>\n<meta property=\"og:title\" content=\"Napoleon 700-seeria 32&quot; matt must sisseehitatav gaasigrill, 4 + 1 p\u00f5letit, tagumine infrapunap\u00f5leti - BBQ Entertainment\" \/>\n<meta property=\"og:description\" content=\"Napoleon 700-seeria 32&quot; matt must sisseehitatav gaasigrill, 4 + 1 p\u00f5letit, tagumine infrapunap\u00f5leti Mattmust sisseehitatav 700 seeria 32-tolline gaasigrill tagumise infrapunap\u00f5letiga pakub seda kvaliteeti ja j\u00f5udlust, mida Napoleoni gaasigrillidelt oodata. Grill on m\u00f5eldud sujuvalt integreeruma sinu v\u00e4lisk\u00f6\u00f6ki ning vastupidav roostevabast terasest konstruktsioon tagab pika kasutusea ja kindla t\u00f6\u00f6. Paksud, 9 mm roostevabast terasest grillrestid vajavad v\u00e4ga v\u00e4he hooldust. Turvalisust ja mugavust lisavad valgustusega juhtnupud, mis helendavad siniselt ja muutuvad p\u00f5letite kasutamisel punaseks. H\u00e4maras grillimine on lihtne t\u00e4nu integreeritud halogeenvalgustitele, mis valgustavad k\u00fcpsetuspinda. Perforeeritud ja nurkadega rasvahalduss\u00fcsteem suunab tilkumise paremini kogumisalasse, teeb puhastamise lihtsamaks ning v\u00e4hendab rasvakogunemist ja rasvatulekahju riski. Mudel on loodud lihtsaks paigalduseks: integreeritud viimistlusraam, eriti pikk gaasivoolik ja pikemad elektrijuhtmed annavad rohkem vabadust v\u00e4lisk\u00f6\u00f6gi planeerimisel ja paigaldamisel.  P\u00f5hiomadused  - 66 000 BTU, 4 roostevabast terasest p\u00f5hiseadet, 1 tagumine infrapunap\u00f5leti varrasgrillimiseks, k\u00fcpsetusala 74,93 \u00d7 45,72 cm - 9,5 mm paksud roostevabast terasest lainekujuga restid, mis jaotavad kuumuse \u00fchtlaselt, aitavad v\u00e4ltida toidu l\u00e4bi kukkumist ja j\u00e4tavad head grillij\u00e4ljed - Patareivaba s\u00fc\u00fctes\u00fcsteem, mis s\u00fc\u00fctab p\u00f5letid kohe leegiimpulsiga - Kahetasandilised roostevabast terasest kuumaplaadid kaitsevad p\u00f5leteid ja suunavad tilkumise rasvakogumiss\u00fcsteemi, v\u00e4hendades kogunemist ja rasvatulekahju riski - Tagumine infrapunap\u00f5leti ja kommertsklassi varrasgrillimise komplekt \u00fchtlaseks ja mahlaseks k\u00fcpsetuseks - Integreeritud varrasgrillimise komplekti hoiukoht grilli all - Taustvalgustusega juhtnupud (sinine, kasutamisel punane) ja sisemised halogeenvalgustid mugavaks \u00f5htuseks grillimiseks - Lihtsam paigaldus: integreeritud viimistlus, pikemad elektrijuhtmed ja eriti pikk \u00fchendusvoolik, lisaks 5,08 cm (2&quot;) tolerants l\u00f5ikeavadele - T\u00e4pne temperatuuri kontroll ja ACCU-PROBE temperatuuriandur searimiseks, suitsutamiseks, r\u00f6stimiseks, varrasgrillimiseks ja k\u00fcpsetamiseks\" \/>\n<meta property=\"og:url\" content=\"https:\/\/bbqentertainment.com\/toode\/napoleon-700-seeria-32-matt-must-sisseehitatav-gaasigrill-4-1-poletit-tagumine-infrapunapoleti\/\" \/>\n<meta property=\"og:site_name\" content=\"BBQ Entertainment\" \/>\n<meta property=\"article:publisher\" content=\"https:\/\/www.facebook.com\/BBQ-Entertainment-N-Catering-2437913376443540\" \/>\n<meta property=\"article:modified_time\" content=\"2026-04-13T18:56:14+00:00\" \/>\n<meta property=\"og:image\" content=\"https:\/\/bbqentertainment.com\/wp-content\/uploads\/2026\/03\/BIG32RBPMK-1-Web-Gallery-01-Original_JPG-BIG32RBPMK-1_Prod-Str.jpg\" \/>\n\t<meta property=\"og:image:width\" content=\"1200\" \/>\n\t<meta property=\"og:image:height\" content=\"1200\" \/>\n\t<meta property=\"og:image:type\" content=\"image\/jpeg\" \/>\n<meta name=\"twitter:card\" content=\"summary_large_image\" \/>\n<meta name=\"twitter:label1\" content=\"Est. reading time\" \/>\n\t<meta name=\"twitter:data1\" content=\"1 minute\" \/>\n<script type=\"application\/ld+json\" class=\"yoast-schema-graph\">{\"@context\":\"https:\\\/\\\/schema.org\",\"@graph\":[{\"@type\":[\"WebPage\",\"ItemPage\"],\"@id\":\"https:\\\/\\\/bbqentertainment.com\\\/toode\\\/napoleon-700-seeria-32-matt-must-sisseehitatav-gaasigrill-4-1-poletit-tagumine-infrapunapoleti\\\/\",\"url\":\"https:\\\/\\\/bbqentertainment.com\\\/toode\\\/napoleon-700-seeria-32-matt-must-sisseehitatav-gaasigrill-4-1-poletit-tagumine-infrapunapoleti\\\/\",\"name\":\"Napoleon 700-seeria 32\\\" matt must sisseehitatav gaasigrill, 4 + 1 p\u00f5letit, tagumine infrapunap\u00f5leti - BBQ Entertainment\",\"isPartOf\":{\"@id\":\"https:\\\/\\\/bbqentertainment.com\\\/#website\"},\"primaryImageOfPage\":{\"@id\":\"https:\\\/\\\/bbqentertainment.com\\\/toode\\\/napoleon-700-seeria-32-matt-must-sisseehitatav-gaasigrill-4-1-poletit-tagumine-infrapunapoleti\\\/#primaryimage\"},\"image\":{\"@id\":\"https:\\\/\\\/bbqentertainment.com\\\/toode\\\/napoleon-700-seeria-32-matt-must-sisseehitatav-gaasigrill-4-1-poletit-tagumine-infrapunapoleti\\\/#primaryimage\"},\"thumbnailUrl\":\"https:\\\/\\\/bbqentertainment.com\\\/wp-content\\\/uploads\\\/2026\\\/03\\\/BIG32RBPMK-1-Web-Gallery-01-Original_JPG-BIG32RBPMK-1_Prod-Str.jpg\",\"datePublished\":\"2026-03-01T22:47:31+00:00\",\"dateModified\":\"2026-04-13T18:56:14+00:00\",\"breadcrumb\":{\"@id\":\"https:\\\/\\\/bbqentertainment.com\\\/toode\\\/napoleon-700-seeria-32-matt-must-sisseehitatav-gaasigrill-4-1-poletit-tagumine-infrapunapoleti\\\/#breadcrumb\"},\"inLanguage\":\"en-US\",\"potentialAction\":[{\"@type\":\"ReadAction\",\"target\":[\"https:\\\/\\\/bbqentertainment.com\\\/toode\\\/napoleon-700-seeria-32-matt-must-sisseehitatav-gaasigrill-4-1-poletit-tagumine-infrapunapoleti\\\/\"]}]},{\"@type\":\"ImageObject\",\"inLanguage\":\"en-US\",\"@id\":\"https:\\\/\\\/bbqentertainment.com\\\/toode\\\/napoleon-700-seeria-32-matt-must-sisseehitatav-gaasigrill-4-1-poletit-tagumine-infrapunapoleti\\\/#primaryimage\",\"url\":\"https:\\\/\\\/bbqentertainment.com\\\/wp-content\\\/uploads\\\/2026\\\/03\\\/BIG32RBPMK-1-Web-Gallery-01-Original_JPG-BIG32RBPMK-1_Prod-Str.jpg\",\"contentUrl\":\"https:\\\/\\\/bbqentertainment.com\\\/wp-content\\\/uploads\\\/2026\\\/03\\\/BIG32RBPMK-1-Web-Gallery-01-Original_JPG-BIG32RBPMK-1_Prod-Str.jpg\",\"width\":1200,\"height\":1200},{\"@type\":\"BreadcrumbList\",\"@id\":\"https:\\\/\\\/bbqentertainment.com\\\/toode\\\/napoleon-700-seeria-32-matt-must-sisseehitatav-gaasigrill-4-1-poletit-tagumine-infrapunapoleti\\\/#breadcrumb\",\"itemListElement\":[{\"@type\":\"ListItem\",\"position\":1,\"name\":\"AVALEHT\",\"item\":\"https:\\\/\\\/bbqentertainment.com\\\/en\\\/\"},{\"@type\":\"ListItem\",\"position\":2,\"name\":\"Tooted\",\"item\":\"https:\\\/\\\/bbqentertainment.com\\\/tooted\\\/\"},{\"@type\":\"ListItem\",\"position\":3,\"name\":\"Grillid ja ahjud\",\"item\":\"https:\\\/\\\/bbqentertainment.com\\\/tootekategooria\\\/grillid-ja-ahjud\\\/\"},{\"@type\":\"ListItem\",\"position\":4,\"name\":\"Napoleon gaasigrillid\",\"item\":\"https:\\\/\\\/bbqentertainment.com\\\/tootekategooria\\\/grillid-ja-ahjud\\\/napoleon-gaasigrillid\\\/\"},{\"@type\":\"ListItem\",\"position\":5,\"name\":\"Napoleon 700-seeria 32&#8243; matt must sisseehitatav gaasigrill, 4 + 1 p\u00f5letit, tagumine infrapunap\u00f5leti\"}]},{\"@type\":\"WebSite\",\"@id\":\"https:\\\/\\\/bbqentertainment.com\\\/#website\",\"url\":\"https:\\\/\\\/bbqentertainment.com\\\/\",\"name\":\"BBQ Entertainment\",\"description\":\"BBQ is a great lifestyle, not just fun!\",\"publisher\":{\"@id\":\"https:\\\/\\\/bbqentertainment.com\\\/#organization\"},\"potentialAction\":[{\"@type\":\"SearchAction\",\"target\":{\"@type\":\"EntryPoint\",\"urlTemplate\":\"https:\\\/\\\/bbqentertainment.com\\\/?s={search_term_string}\"},\"query-input\":{\"@type\":\"PropertyValueSpecification\",\"valueRequired\":true,\"valueName\":\"search_term_string\"}}],\"inLanguage\":\"en-US\"},{\"@type\":\"Organization\",\"@id\":\"https:\\\/\\\/bbqentertainment.com\\\/#organization\",\"name\":\"BBQ Entertainment O\u00dc\",\"url\":\"https:\\\/\\\/bbqentertainment.com\\\/\",\"logo\":{\"@type\":\"ImageObject\",\"inLanguage\":\"en-US\",\"@id\":\"https:\\\/\\\/bbqentertainment.com\\\/#\\\/schema\\\/logo\\\/image\\\/\",\"url\":\"https:\\\/\\\/bbqentertainment.com\\\/wp-content\\\/uploads\\\/2020\\\/04\\\/BBQ-Entertainment-N-Catering-Enn-Tobreluts-Logo.png\",\"contentUrl\":\"https:\\\/\\\/bbqentertainment.com\\\/wp-content\\\/uploads\\\/2020\\\/04\\\/BBQ-Entertainment-N-Catering-Enn-Tobreluts-Logo.png\",\"width\":628,\"height\":266,\"caption\":\"BBQ Entertainment O\u00dc\"},\"image\":{\"@id\":\"https:\\\/\\\/bbqentertainment.com\\\/#\\\/schema\\\/logo\\\/image\\\/\"},\"sameAs\":[\"https:\\\/\\\/www.facebook.com\\\/BBQ-Entertainment-N-Catering-2437913376443540\",\"https:\\\/\\\/www.instagram.com\\\/bbqentertainmentncatering\\\/\",\"https:\\\/\\\/www.youtube.com\\\/channel\\\/UCmpuANQVhLy2Md8nrenp2jA\"]}]}<\/script>\n<!-- \/ Yoast SEO plugin. -->","yoast_head_json":{"title":"Napoleon 700-seeria 32\" matt must sisseehitatav gaasigrill, 4 + 1 p\u00f5letit, tagumine infrapunap\u00f5leti - BBQ Entertainment","robots":{"index":"index","follow":"follow","max-snippet":"max-snippet:-1","max-image-preview":"max-image-preview:large","max-video-preview":"max-video-preview:-1"},"canonical":"https:\/\/bbqentertainment.com\/toode\/napoleon-700-seeria-32-matt-must-sisseehitatav-gaasigrill-4-1-poletit-tagumine-infrapunapoleti\/","og_locale":"en_US","og_type":"article","og_title":"Napoleon 700-seeria 32\" matt must sisseehitatav gaasigrill, 4 + 1 p\u00f5letit, tagumine infrapunap\u00f5leti - BBQ Entertainment","og_description":"Napoleon 700-seeria 32\" matt must sisseehitatav gaasigrill, 4 + 1 p\u00f5letit, tagumine infrapunap\u00f5leti Mattmust sisseehitatav 700 seeria 32-tolline gaasigrill tagumise infrapunap\u00f5letiga pakub seda kvaliteeti ja j\u00f5udlust, mida Napoleoni gaasigrillidelt oodata. Grill on m\u00f5eldud sujuvalt integreeruma sinu v\u00e4lisk\u00f6\u00f6ki ning vastupidav roostevabast terasest konstruktsioon tagab pika kasutusea ja kindla t\u00f6\u00f6. Paksud, 9 mm roostevabast terasest grillrestid vajavad v\u00e4ga v\u00e4he hooldust. Turvalisust ja mugavust lisavad valgustusega juhtnupud, mis helendavad siniselt ja muutuvad p\u00f5letite kasutamisel punaseks. H\u00e4maras grillimine on lihtne t\u00e4nu integreeritud halogeenvalgustitele, mis valgustavad k\u00fcpsetuspinda. Perforeeritud ja nurkadega rasvahalduss\u00fcsteem suunab tilkumise paremini kogumisalasse, teeb puhastamise lihtsamaks ning v\u00e4hendab rasvakogunemist ja rasvatulekahju riski. Mudel on loodud lihtsaks paigalduseks: integreeritud viimistlusraam, eriti pikk gaasivoolik ja pikemad elektrijuhtmed annavad rohkem vabadust v\u00e4lisk\u00f6\u00f6gi planeerimisel ja paigaldamisel.  P\u00f5hiomadused  - 66 000 BTU, 4 roostevabast terasest p\u00f5hiseadet, 1 tagumine infrapunap\u00f5leti varrasgrillimiseks, k\u00fcpsetusala 74,93 \u00d7 45,72 cm - 9,5 mm paksud roostevabast terasest lainekujuga restid, mis jaotavad kuumuse \u00fchtlaselt, aitavad v\u00e4ltida toidu l\u00e4bi kukkumist ja j\u00e4tavad head grillij\u00e4ljed - Patareivaba s\u00fc\u00fctes\u00fcsteem, mis s\u00fc\u00fctab p\u00f5letid kohe leegiimpulsiga - Kahetasandilised roostevabast terasest kuumaplaadid kaitsevad p\u00f5leteid ja suunavad tilkumise rasvakogumiss\u00fcsteemi, v\u00e4hendades kogunemist ja rasvatulekahju riski - Tagumine infrapunap\u00f5leti ja kommertsklassi varrasgrillimise komplekt \u00fchtlaseks ja mahlaseks k\u00fcpsetuseks - Integreeritud varrasgrillimise komplekti hoiukoht grilli all - Taustvalgustusega juhtnupud (sinine, kasutamisel punane) ja sisemised halogeenvalgustid mugavaks \u00f5htuseks grillimiseks - Lihtsam paigaldus: integreeritud viimistlus, pikemad elektrijuhtmed ja eriti pikk \u00fchendusvoolik, lisaks 5,08 cm (2\") tolerants l\u00f5ikeavadele - T\u00e4pne temperatuuri kontroll ja ACCU-PROBE temperatuuriandur searimiseks, suitsutamiseks, r\u00f6stimiseks, varrasgrillimiseks ja k\u00fcpsetamiseks","og_url":"https:\/\/bbqentertainment.com\/toode\/napoleon-700-seeria-32-matt-must-sisseehitatav-gaasigrill-4-1-poletit-tagumine-infrapunapoleti\/","og_site_name":"BBQ Entertainment","article_publisher":"https:\/\/www.facebook.com\/BBQ-Entertainment-N-Catering-2437913376443540","article_modified_time":"2026-04-13T18:56:14+00:00","og_image":[{"width":1200,"height":1200,"url":"https:\/\/bbqentertainment.com\/wp-content\/uploads\/2026\/03\/BIG32RBPMK-1-Web-Gallery-01-Original_JPG-BIG32RBPMK-1_Prod-Str.jpg","type":"image\/jpeg"}],"twitter_card":"summary_large_image","twitter_misc":{"Est. reading time":"1 minute"},"schema":{"@context":"https:\/\/schema.org","@graph":[{"@type":["WebPage","ItemPage"],"@id":"https:\/\/bbqentertainment.com\/toode\/napoleon-700-seeria-32-matt-must-sisseehitatav-gaasigrill-4-1-poletit-tagumine-infrapunapoleti\/","url":"https:\/\/bbqentertainment.com\/toode\/napoleon-700-seeria-32-matt-must-sisseehitatav-gaasigrill-4-1-poletit-tagumine-infrapunapoleti\/","name":"Napoleon 700-seeria 32\" matt must sisseehitatav gaasigrill, 4 + 1 p\u00f5letit, tagumine infrapunap\u00f5leti - BBQ Entertainment","isPartOf":{"@id":"https:\/\/bbqentertainment.com\/#website"},"primaryImageOfPage":{"@id":"https:\/\/bbqentertainment.com\/toode\/napoleon-700-seeria-32-matt-must-sisseehitatav-gaasigrill-4-1-poletit-tagumine-infrapunapoleti\/#primaryimage"},"image":{"@id":"https:\/\/bbqentertainment.com\/toode\/napoleon-700-seeria-32-matt-must-sisseehitatav-gaasigrill-4-1-poletit-tagumine-infrapunapoleti\/#primaryimage"},"thumbnailUrl":"https:\/\/bbqentertainment.com\/wp-content\/uploads\/2026\/03\/BIG32RBPMK-1-Web-Gallery-01-Original_JPG-BIG32RBPMK-1_Prod-Str.jpg","datePublished":"2026-03-01T22:47:31+00:00","dateModified":"2026-04-13T18:56:14+00:00","breadcrumb":{"@id":"https:\/\/bbqentertainment.com\/toode\/napoleon-700-seeria-32-matt-must-sisseehitatav-gaasigrill-4-1-poletit-tagumine-infrapunapoleti\/#breadcrumb"},"inLanguage":"en-US","potentialAction":[{"@type":"ReadAction","target":["https:\/\/bbqentertainment.com\/toode\/napoleon-700-seeria-32-matt-must-sisseehitatav-gaasigrill-4-1-poletit-tagumine-infrapunapoleti\/"]}]},{"@type":"ImageObject","inLanguage":"en-US","@id":"https:\/\/bbqentertainment.com\/toode\/napoleon-700-seeria-32-matt-must-sisseehitatav-gaasigrill-4-1-poletit-tagumine-infrapunapoleti\/#primaryimage","url":"https:\/\/bbqentertainment.com\/wp-content\/uploads\/2026\/03\/BIG32RBPMK-1-Web-Gallery-01-Original_JPG-BIG32RBPMK-1_Prod-Str.jpg","contentUrl":"https:\/\/bbqentertainment.com\/wp-content\/uploads\/2026\/03\/BIG32RBPMK-1-Web-Gallery-01-Original_JPG-BIG32RBPMK-1_Prod-Str.jpg","width":1200,"height":1200},{"@type":"BreadcrumbList","@id":"https:\/\/bbqentertainment.com\/toode\/napoleon-700-seeria-32-matt-must-sisseehitatav-gaasigrill-4-1-poletit-tagumine-infrapunapoleti\/#breadcrumb","itemListElement":[{"@type":"ListItem","position":1,"name":"AVALEHT","item":"https:\/\/bbqentertainment.com\/en\/"},{"@type":"ListItem","position":2,"name":"Tooted","item":"https:\/\/bbqentertainment.com\/tooted\/"},{"@type":"ListItem","position":3,"name":"Grillid ja ahjud","item":"https:\/\/bbqentertainment.com\/tootekategooria\/grillid-ja-ahjud\/"},{"@type":"ListItem","position":4,"name":"Napoleon gaasigrillid","item":"https:\/\/bbqentertainment.com\/tootekategooria\/grillid-ja-ahjud\/napoleon-gaasigrillid\/"},{"@type":"ListItem","position":5,"name":"Napoleon 700-seeria 32&#8243; matt must sisseehitatav gaasigrill, 4 + 1 p\u00f5letit, tagumine infrapunap\u00f5leti"}]},{"@type":"WebSite","@id":"https:\/\/bbqentertainment.com\/#website","url":"https:\/\/bbqentertainment.com\/","name":"BBQ Entertainment","description":"BBQ is a great lifestyle, not just fun!","publisher":{"@id":"https:\/\/bbqentertainment.com\/#organization"},"potentialAction":[{"@type":"SearchAction","target":{"@type":"EntryPoint","urlTemplate":"https:\/\/bbqentertainment.com\/?s={search_term_string}"},"query-input":{"@type":"PropertyValueSpecification","valueRequired":true,"valueName":"search_term_string"}}],"inLanguage":"en-US"},{"@type":"Organization","@id":"https:\/\/bbqentertainment.com\/#organization","name":"BBQ Entertainment O\u00dc","url":"https:\/\/bbqentertainment.com\/","logo":{"@type":"ImageObject","inLanguage":"en-US","@id":"https:\/\/bbqentertainment.com\/#\/schema\/logo\/image\/","url":"https:\/\/bbqentertainment.com\/wp-content\/uploads\/2020\/04\/BBQ-Entertainment-N-Catering-Enn-Tobreluts-Logo.png","contentUrl":"https:\/\/bbqentertainment.com\/wp-content\/uploads\/2020\/04\/BBQ-Entertainment-N-Catering-Enn-Tobreluts-Logo.png","width":628,"height":266,"caption":"BBQ Entertainment O\u00dc"},"image":{"@id":"https:\/\/bbqentertainment.com\/#\/schema\/logo\/image\/"},"sameAs":["https:\/\/www.facebook.com\/BBQ-Entertainment-N-Catering-2437913376443540","https:\/\/www.instagram.com\/bbqentertainmentncatering\/","https:\/\/www.youtube.com\/channel\/UCmpuANQVhLy2Md8nrenp2jA"]}]}},"_links":{"self":[{"href":"https:\/\/bbqentertainment.com\/en\/wp-json\/wp\/v2\/product\/257801","targetHints":{"allow":["GET"]}}],"collection":[{"href":"https:\/\/bbqentertainment.com\/en\/wp-json\/wp\/v2\/product"}],"about":[{"href":"https:\/\/bbqentertainment.com\/en\/wp-json\/wp\/v2\/types\/product"}],"wp:featuredmedia":[{"embeddable":true,"href":"https:\/\/bbqentertainment.com\/en\/wp-json\/wp\/v2\/media\/258010"}],"wp:attachment":[{"href":"https:\/\/bbqentertainment.com\/en\/wp-json\/wp\/v2\/media?parent=257801"}],"wp:term":[{"taxonomy":"product_brand","embeddable":true,"href":"https:\/\/bbqentertainment.com\/en\/wp-json\/wp\/v2\/product_brand?post=257801"},{"taxonomy":"product_cat","embeddable":true,"href":"https:\/\/bbqentertainment.com\/en\/wp-json\/wp\/v2\/product_cat?post=257801"},{"taxonomy":"product_tag","embeddable":true,"href":"https:\/\/bbqentertainment.com\/en\/wp-json\/wp\/v2\/product_tag?post=257801"}],"curies":[{"name":"wp","href":"https:\/\/api.w.org\/{rel}","templated":true}]}}