{"id":257803,"date":"2026-03-02T00:47:33","date_gmt":"2026-03-01T22:47:33","guid":{"rendered":"https:\/\/bbqentertainment.com\/?post_type=product&#038;p=257803"},"modified":"2026-04-13T21:56:15","modified_gmt":"2026-04-13T18:56:15","slug":"napoleon-oasis-must-uhe-ukse-ja-gaasiballooni-sahtliga-kapimoodul","status":"publish","type":"product","link":"https:\/\/bbqentertainment.com\/en\/toode\/napoleon-oasis-must-uhe-ukse-ja-gaasiballooni-sahtliga-kapimoodul\/","title":{"rendered":"Napoleon Oasis must, \u00fche ukse ja gaasiballooni sahtliga kapimoodul"},"content":{"rendered":"","protected":false},"excerpt":{"rendered":"<h3>Napoleon Oasis must, \u00fche ukse ja gaasiballooni sahtliga kapimoodul<\/h3>\n<p>T\u00e4iuslik v\u00e4lisk\u00f6\u00f6k vajab rohkelt panipaika ja vastupidavat viimistlust, mis peab vastu ilmastikule. OASIS propaaniballooni kapp on roostevabast terasest uksega ning sellel on v\u00e4ljat\u00f5mmatav propaaniballooni sahtel, mis hoiab ballooni kindlalt paigal ja teeb vahetamise mugavamaks. S\u00fcsiniktooni, pulberv\u00e4rvitud galvanneel-terasest korpus on loodud kestma ning kahekordne \u201ekrobeline\u201c viimistlus suurendab vastupidavust. Paigaldus on lihtne, sest kapp saabub t\u00e4ielikult kokkupanduna ning sellel on ettevalmistatud avad gaasi- ja elektri\u00fchenduste jaoks. Reguleeritavad jalad aitavad kapi loodida ka ebatasasel pinnal. Lisa see kapp OASIS v\u00e4lisk\u00f6\u00f6gi komplekti koos valitud grillipea ja grilli-aluse kapiga, et propaaniballoon oleks turvaliselt ja korrektselt hoiustatud.<\/p>\n<p><strong>P\u00f5hiomadused<\/strong><\/p>\n<p>&#8211; V\u00e4ljat\u00f5mmatav propaaniballooni hoidik<br \/>\n&#8211; Saabub t\u00e4ielikult kokkupanduna<\/p>\n","protected":false},"featured_media":258062,"template":"","meta":{"inline_featured_image":false},"product_brand":[],"product_cat":[562,236],"product_tag":[],"class_list":{"0":"post-257803","1":"product","2":"type-product","3":"status-publish","4":"has-post-thumbnail","6":"product_cat-lisatarvikud-napoleon","7":"product_cat-grillilauad","8":"product_shipping_class-ainult-ise-jarele-tulemisega","10":"first","11":"instock","12":"taxable","13":"shipping-taxable","14":"purchasable","15":"product-type-simple"},"yoast_head":"<!-- This site is optimized with the Yoast SEO plugin v27.4 - https:\/\/yoast.com\/product\/yoast-seo-wordpress\/ -->\n<title>Napoleon Oasis must, \u00fche ukse ja gaasiballooni sahtliga kapimoodul - BBQ Entertainment<\/title>\n<meta name=\"robots\" content=\"index, follow, max-snippet:-1, max-image-preview:large, max-video-preview:-1\" \/>\n<link rel=\"canonical\" href=\"https:\/\/bbqentertainment.com\/toode\/napoleon-oasis-must-uhe-ukse-ja-gaasiballooni-sahtliga-kapimoodul\/\" \/>\n<meta property=\"og:locale\" content=\"en_US\" \/>\n<meta property=\"og:type\" content=\"article\" \/>\n<meta property=\"og:title\" content=\"Napoleon Oasis must, \u00fche ukse ja gaasiballooni sahtliga kapimoodul - BBQ Entertainment\" \/>\n<meta property=\"og:description\" content=\"Napoleon Oasis must, \u00fche ukse ja gaasiballooni sahtliga kapimoodul T\u00e4iuslik v\u00e4lisk\u00f6\u00f6k vajab rohkelt panipaika ja vastupidavat viimistlust, mis peab vastu ilmastikule. OASIS propaaniballooni kapp on roostevabast terasest uksega ning sellel on v\u00e4ljat\u00f5mmatav propaaniballooni sahtel, mis hoiab ballooni kindlalt paigal ja teeb vahetamise mugavamaks. S\u00fcsiniktooni, pulberv\u00e4rvitud galvanneel-terasest korpus on loodud kestma ning kahekordne \u201ekrobeline\u201c viimistlus suurendab vastupidavust. Paigaldus on lihtne, sest kapp saabub t\u00e4ielikult kokkupanduna ning sellel on ettevalmistatud avad gaasi- ja elektri\u00fchenduste jaoks. Reguleeritavad jalad aitavad kapi loodida ka ebatasasel pinnal. Lisa see kapp OASIS v\u00e4lisk\u00f6\u00f6gi komplekti koos valitud grillipea ja grilli-aluse kapiga, et propaaniballoon oleks turvaliselt ja korrektselt hoiustatud.  P\u00f5hiomadused  - V\u00e4ljat\u00f5mmatav propaaniballooni hoidik - Saabub t\u00e4ielikult kokkupanduna\" \/>\n<meta property=\"og:url\" content=\"https:\/\/bbqentertainment.com\/toode\/napoleon-oasis-must-uhe-ukse-ja-gaasiballooni-sahtliga-kapimoodul\/\" \/>\n<meta property=\"og:site_name\" content=\"BBQ Entertainment\" \/>\n<meta property=\"article:publisher\" content=\"https:\/\/www.facebook.com\/BBQ-Entertainment-N-Catering-2437913376443540\" \/>\n<meta property=\"article:modified_time\" content=\"2026-04-13T18:56:15+00:00\" \/>\n<meta property=\"og:image\" content=\"https:\/\/bbqentertainment.com\/wp-content\/uploads\/2026\/03\/IM-UTC-MK-Web-Gallery-03-Original_JPG-IM-UTC-MK_Oasis_Prod_Ang-R.jpg\" \/>\n\t<meta property=\"og:image:width\" content=\"1200\" \/>\n\t<meta property=\"og:image:height\" content=\"1200\" \/>\n\t<meta property=\"og:image:type\" content=\"image\/jpeg\" \/>\n<meta name=\"twitter:card\" content=\"summary_large_image\" \/>\n<script type=\"application\/ld+json\" class=\"yoast-schema-graph\">{\"@context\":\"https:\\\/\\\/schema.org\",\"@graph\":[{\"@type\":[\"WebPage\",\"ItemPage\"],\"@id\":\"https:\\\/\\\/bbqentertainment.com\\\/toode\\\/napoleon-oasis-must-uhe-ukse-ja-gaasiballooni-sahtliga-kapimoodul\\\/\",\"url\":\"https:\\\/\\\/bbqentertainment.com\\\/toode\\\/napoleon-oasis-must-uhe-ukse-ja-gaasiballooni-sahtliga-kapimoodul\\\/\",\"name\":\"Napoleon Oasis must, \u00fche ukse ja gaasiballooni sahtliga kapimoodul - BBQ Entertainment\",\"isPartOf\":{\"@id\":\"https:\\\/\\\/bbqentertainment.com\\\/#website\"},\"primaryImageOfPage\":{\"@id\":\"https:\\\/\\\/bbqentertainment.com\\\/toode\\\/napoleon-oasis-must-uhe-ukse-ja-gaasiballooni-sahtliga-kapimoodul\\\/#primaryimage\"},\"image\":{\"@id\":\"https:\\\/\\\/bbqentertainment.com\\\/toode\\\/napoleon-oasis-must-uhe-ukse-ja-gaasiballooni-sahtliga-kapimoodul\\\/#primaryimage\"},\"thumbnailUrl\":\"https:\\\/\\\/bbqentertainment.com\\\/wp-content\\\/uploads\\\/2026\\\/03\\\/IM-UTC-MK-Web-Gallery-03-Original_JPG-IM-UTC-MK_Oasis_Prod_Ang-R.jpg\",\"datePublished\":\"2026-03-01T22:47:33+00:00\",\"dateModified\":\"2026-04-13T18:56:15+00:00\",\"breadcrumb\":{\"@id\":\"https:\\\/\\\/bbqentertainment.com\\\/toode\\\/napoleon-oasis-must-uhe-ukse-ja-gaasiballooni-sahtliga-kapimoodul\\\/#breadcrumb\"},\"inLanguage\":\"en-US\",\"potentialAction\":[{\"@type\":\"ReadAction\",\"target\":[\"https:\\\/\\\/bbqentertainment.com\\\/toode\\\/napoleon-oasis-must-uhe-ukse-ja-gaasiballooni-sahtliga-kapimoodul\\\/\"]}]},{\"@type\":\"ImageObject\",\"inLanguage\":\"en-US\",\"@id\":\"https:\\\/\\\/bbqentertainment.com\\\/toode\\\/napoleon-oasis-must-uhe-ukse-ja-gaasiballooni-sahtliga-kapimoodul\\\/#primaryimage\",\"url\":\"https:\\\/\\\/bbqentertainment.com\\\/wp-content\\\/uploads\\\/2026\\\/03\\\/IM-UTC-MK-Web-Gallery-03-Original_JPG-IM-UTC-MK_Oasis_Prod_Ang-R.jpg\",\"contentUrl\":\"https:\\\/\\\/bbqentertainment.com\\\/wp-content\\\/uploads\\\/2026\\\/03\\\/IM-UTC-MK-Web-Gallery-03-Original_JPG-IM-UTC-MK_Oasis_Prod_Ang-R.jpg\",\"width\":1200,\"height\":1200},{\"@type\":\"BreadcrumbList\",\"@id\":\"https:\\\/\\\/bbqentertainment.com\\\/toode\\\/napoleon-oasis-must-uhe-ukse-ja-gaasiballooni-sahtliga-kapimoodul\\\/#breadcrumb\",\"itemListElement\":[{\"@type\":\"ListItem\",\"position\":1,\"name\":\"AVALEHT\",\"item\":\"https:\\\/\\\/bbqentertainment.com\\\/en\\\/\"},{\"@type\":\"ListItem\",\"position\":2,\"name\":\"Tooted\",\"item\":\"https:\\\/\\\/bbqentertainment.com\\\/tooted\\\/\"},{\"@type\":\"ListItem\",\"position\":3,\"name\":\"Lisatarvikud\",\"item\":\"https:\\\/\\\/bbqentertainment.com\\\/tootekategooria\\\/lisatarvikud\\\/\"},{\"@type\":\"ListItem\",\"position\":4,\"name\":\"Lisatarvikud Napoleon\",\"item\":\"https:\\\/\\\/bbqentertainment.com\\\/tootekategooria\\\/lisatarvikud\\\/lisatarvikud-napoleon\\\/\"},{\"@type\":\"ListItem\",\"position\":5,\"name\":\"Napoleon Oasis must, \u00fche ukse ja gaasiballooni sahtliga kapimoodul\"}]},{\"@type\":\"WebSite\",\"@id\":\"https:\\\/\\\/bbqentertainment.com\\\/#website\",\"url\":\"https:\\\/\\\/bbqentertainment.com\\\/\",\"name\":\"BBQ Entertainment\",\"description\":\"BBQ is a great lifestyle, not just fun!\",\"publisher\":{\"@id\":\"https:\\\/\\\/bbqentertainment.com\\\/#organization\"},\"potentialAction\":[{\"@type\":\"SearchAction\",\"target\":{\"@type\":\"EntryPoint\",\"urlTemplate\":\"https:\\\/\\\/bbqentertainment.com\\\/?s={search_term_string}\"},\"query-input\":{\"@type\":\"PropertyValueSpecification\",\"valueRequired\":true,\"valueName\":\"search_term_string\"}}],\"inLanguage\":\"en-US\"},{\"@type\":\"Organization\",\"@id\":\"https:\\\/\\\/bbqentertainment.com\\\/#organization\",\"name\":\"BBQ Entertainment O\u00dc\",\"url\":\"https:\\\/\\\/bbqentertainment.com\\\/\",\"logo\":{\"@type\":\"ImageObject\",\"inLanguage\":\"en-US\",\"@id\":\"https:\\\/\\\/bbqentertainment.com\\\/#\\\/schema\\\/logo\\\/image\\\/\",\"url\":\"https:\\\/\\\/bbqentertainment.com\\\/wp-content\\\/uploads\\\/2020\\\/04\\\/BBQ-Entertainment-N-Catering-Enn-Tobreluts-Logo.png\",\"contentUrl\":\"https:\\\/\\\/bbqentertainment.com\\\/wp-content\\\/uploads\\\/2020\\\/04\\\/BBQ-Entertainment-N-Catering-Enn-Tobreluts-Logo.png\",\"width\":628,\"height\":266,\"caption\":\"BBQ Entertainment O\u00dc\"},\"image\":{\"@id\":\"https:\\\/\\\/bbqentertainment.com\\\/#\\\/schema\\\/logo\\\/image\\\/\"},\"sameAs\":[\"https:\\\/\\\/www.facebook.com\\\/BBQ-Entertainment-N-Catering-2437913376443540\",\"https:\\\/\\\/www.instagram.com\\\/bbqentertainmentncatering\\\/\",\"https:\\\/\\\/www.youtube.com\\\/channel\\\/UCmpuANQVhLy2Md8nrenp2jA\"]}]}<\/script>\n<!-- \/ Yoast SEO plugin. -->","yoast_head_json":{"title":"Napoleon Oasis must, \u00fche ukse ja gaasiballooni sahtliga kapimoodul - BBQ Entertainment","robots":{"index":"index","follow":"follow","max-snippet":"max-snippet:-1","max-image-preview":"max-image-preview:large","max-video-preview":"max-video-preview:-1"},"canonical":"https:\/\/bbqentertainment.com\/toode\/napoleon-oasis-must-uhe-ukse-ja-gaasiballooni-sahtliga-kapimoodul\/","og_locale":"en_US","og_type":"article","og_title":"Napoleon Oasis must, \u00fche ukse ja gaasiballooni sahtliga kapimoodul - BBQ Entertainment","og_description":"Napoleon Oasis must, \u00fche ukse ja gaasiballooni sahtliga kapimoodul T\u00e4iuslik v\u00e4lisk\u00f6\u00f6k vajab rohkelt panipaika ja vastupidavat viimistlust, mis peab vastu ilmastikule. OASIS propaaniballooni kapp on roostevabast terasest uksega ning sellel on v\u00e4ljat\u00f5mmatav propaaniballooni sahtel, mis hoiab ballooni kindlalt paigal ja teeb vahetamise mugavamaks. S\u00fcsiniktooni, pulberv\u00e4rvitud galvanneel-terasest korpus on loodud kestma ning kahekordne \u201ekrobeline\u201c viimistlus suurendab vastupidavust. Paigaldus on lihtne, sest kapp saabub t\u00e4ielikult kokkupanduna ning sellel on ettevalmistatud avad gaasi- ja elektri\u00fchenduste jaoks. Reguleeritavad jalad aitavad kapi loodida ka ebatasasel pinnal. Lisa see kapp OASIS v\u00e4lisk\u00f6\u00f6gi komplekti koos valitud grillipea ja grilli-aluse kapiga, et propaaniballoon oleks turvaliselt ja korrektselt hoiustatud.  P\u00f5hiomadused  - V\u00e4ljat\u00f5mmatav propaaniballooni hoidik - Saabub t\u00e4ielikult kokkupanduna","og_url":"https:\/\/bbqentertainment.com\/toode\/napoleon-oasis-must-uhe-ukse-ja-gaasiballooni-sahtliga-kapimoodul\/","og_site_name":"BBQ Entertainment","article_publisher":"https:\/\/www.facebook.com\/BBQ-Entertainment-N-Catering-2437913376443540","article_modified_time":"2026-04-13T18:56:15+00:00","og_image":[{"width":1200,"height":1200,"url":"https:\/\/bbqentertainment.com\/wp-content\/uploads\/2026\/03\/IM-UTC-MK-Web-Gallery-03-Original_JPG-IM-UTC-MK_Oasis_Prod_Ang-R.jpg","type":"image\/jpeg"}],"twitter_card":"summary_large_image","schema":{"@context":"https:\/\/schema.org","@graph":[{"@type":["WebPage","ItemPage"],"@id":"https:\/\/bbqentertainment.com\/toode\/napoleon-oasis-must-uhe-ukse-ja-gaasiballooni-sahtliga-kapimoodul\/","url":"https:\/\/bbqentertainment.com\/toode\/napoleon-oasis-must-uhe-ukse-ja-gaasiballooni-sahtliga-kapimoodul\/","name":"Napoleon Oasis must, \u00fche ukse ja gaasiballooni sahtliga kapimoodul - BBQ Entertainment","isPartOf":{"@id":"https:\/\/bbqentertainment.com\/#website"},"primaryImageOfPage":{"@id":"https:\/\/bbqentertainment.com\/toode\/napoleon-oasis-must-uhe-ukse-ja-gaasiballooni-sahtliga-kapimoodul\/#primaryimage"},"image":{"@id":"https:\/\/bbqentertainment.com\/toode\/napoleon-oasis-must-uhe-ukse-ja-gaasiballooni-sahtliga-kapimoodul\/#primaryimage"},"thumbnailUrl":"https:\/\/bbqentertainment.com\/wp-content\/uploads\/2026\/03\/IM-UTC-MK-Web-Gallery-03-Original_JPG-IM-UTC-MK_Oasis_Prod_Ang-R.jpg","datePublished":"2026-03-01T22:47:33+00:00","dateModified":"2026-04-13T18:56:15+00:00","breadcrumb":{"@id":"https:\/\/bbqentertainment.com\/toode\/napoleon-oasis-must-uhe-ukse-ja-gaasiballooni-sahtliga-kapimoodul\/#breadcrumb"},"inLanguage":"en-US","potentialAction":[{"@type":"ReadAction","target":["https:\/\/bbqentertainment.com\/toode\/napoleon-oasis-must-uhe-ukse-ja-gaasiballooni-sahtliga-kapimoodul\/"]}]},{"@type":"ImageObject","inLanguage":"en-US","@id":"https:\/\/bbqentertainment.com\/toode\/napoleon-oasis-must-uhe-ukse-ja-gaasiballooni-sahtliga-kapimoodul\/#primaryimage","url":"https:\/\/bbqentertainment.com\/wp-content\/uploads\/2026\/03\/IM-UTC-MK-Web-Gallery-03-Original_JPG-IM-UTC-MK_Oasis_Prod_Ang-R.jpg","contentUrl":"https:\/\/bbqentertainment.com\/wp-content\/uploads\/2026\/03\/IM-UTC-MK-Web-Gallery-03-Original_JPG-IM-UTC-MK_Oasis_Prod_Ang-R.jpg","width":1200,"height":1200},{"@type":"BreadcrumbList","@id":"https:\/\/bbqentertainment.com\/toode\/napoleon-oasis-must-uhe-ukse-ja-gaasiballooni-sahtliga-kapimoodul\/#breadcrumb","itemListElement":[{"@type":"ListItem","position":1,"name":"AVALEHT","item":"https:\/\/bbqentertainment.com\/en\/"},{"@type":"ListItem","position":2,"name":"Tooted","item":"https:\/\/bbqentertainment.com\/tooted\/"},{"@type":"ListItem","position":3,"name":"Lisatarvikud","item":"https:\/\/bbqentertainment.com\/tootekategooria\/lisatarvikud\/"},{"@type":"ListItem","position":4,"name":"Lisatarvikud Napoleon","item":"https:\/\/bbqentertainment.com\/tootekategooria\/lisatarvikud\/lisatarvikud-napoleon\/"},{"@type":"ListItem","position":5,"name":"Napoleon Oasis must, \u00fche ukse ja gaasiballooni sahtliga kapimoodul"}]},{"@type":"WebSite","@id":"https:\/\/bbqentertainment.com\/#website","url":"https:\/\/bbqentertainment.com\/","name":"BBQ Entertainment","description":"BBQ is a great lifestyle, not just fun!","publisher":{"@id":"https:\/\/bbqentertainment.com\/#organization"},"potentialAction":[{"@type":"SearchAction","target":{"@type":"EntryPoint","urlTemplate":"https:\/\/bbqentertainment.com\/?s={search_term_string}"},"query-input":{"@type":"PropertyValueSpecification","valueRequired":true,"valueName":"search_term_string"}}],"inLanguage":"en-US"},{"@type":"Organization","@id":"https:\/\/bbqentertainment.com\/#organization","name":"BBQ Entertainment O\u00dc","url":"https:\/\/bbqentertainment.com\/","logo":{"@type":"ImageObject","inLanguage":"en-US","@id":"https:\/\/bbqentertainment.com\/#\/schema\/logo\/image\/","url":"https:\/\/bbqentertainment.com\/wp-content\/uploads\/2020\/04\/BBQ-Entertainment-N-Catering-Enn-Tobreluts-Logo.png","contentUrl":"https:\/\/bbqentertainment.com\/wp-content\/uploads\/2020\/04\/BBQ-Entertainment-N-Catering-Enn-Tobreluts-Logo.png","width":628,"height":266,"caption":"BBQ Entertainment O\u00dc"},"image":{"@id":"https:\/\/bbqentertainment.com\/#\/schema\/logo\/image\/"},"sameAs":["https:\/\/www.facebook.com\/BBQ-Entertainment-N-Catering-2437913376443540","https:\/\/www.instagram.com\/bbqentertainmentncatering\/","https:\/\/www.youtube.com\/channel\/UCmpuANQVhLy2Md8nrenp2jA"]}]}},"_links":{"self":[{"href":"https:\/\/bbqentertainment.com\/en\/wp-json\/wp\/v2\/product\/257803","targetHints":{"allow":["GET"]}}],"collection":[{"href":"https:\/\/bbqentertainment.com\/en\/wp-json\/wp\/v2\/product"}],"about":[{"href":"https:\/\/bbqentertainment.com\/en\/wp-json\/wp\/v2\/types\/product"}],"wp:featuredmedia":[{"embeddable":true,"href":"https:\/\/bbqentertainment.com\/en\/wp-json\/wp\/v2\/media\/258062"}],"wp:attachment":[{"href":"https:\/\/bbqentertainment.com\/en\/wp-json\/wp\/v2\/media?parent=257803"}],"wp:term":[{"taxonomy":"product_brand","embeddable":true,"href":"https:\/\/bbqentertainment.com\/en\/wp-json\/wp\/v2\/product_brand?post=257803"},{"taxonomy":"product_cat","embeddable":true,"href":"https:\/\/bbqentertainment.com\/en\/wp-json\/wp\/v2\/product_cat?post=257803"},{"taxonomy":"product_tag","embeddable":true,"href":"https:\/\/bbqentertainment.com\/en\/wp-json\/wp\/v2\/product_tag?post=257803"}],"curies":[{"name":"wp","href":"https:\/\/api.w.org\/{rel}","templated":true}]}}