{"id":257804,"date":"2026-03-02T00:47:33","date_gmt":"2026-03-01T22:47:33","guid":{"rendered":"https:\/\/bbqentertainment.com\/?post_type=product&#038;p=257804"},"modified":"2026-04-13T21:56:15","modified_gmt":"2026-04-13T18:56:15","slug":"napoleon-oasis-must-kahe-sahtliga-kapimoodul-3-ulemine-ei-avane-sobib-kuljepliidi-installeerimiseks","status":"publish","type":"product","link":"https:\/\/bbqentertainment.com\/en\/toode\/napoleon-oasis-must-kahe-sahtliga-kapimoodul-3-ulemine-ei-avane-sobib-kuljepliidi-installeerimiseks\/","title":{"rendered":"Napoleon Oasis must, kahe sahtliga kapimoodul (3 \u00fclemine ei avane, sobib k\u00fcljepliidi installeerimiseks)"},"content":{"rendered":"","protected":false},"excerpt":{"rendered":"<h3>Napoleon Oasis must, kahe sahtliga kapimoodul (3 \u00fclemine ei avane, sobib k\u00fcljepliidi installeerimiseks)<\/h3>\n<p>T\u00e4iuslik v\u00e4lisk\u00f6\u00f6k vajab rohkelt panipaika ja vastupidavat viimistlust, mis peab vastu ilmastikule. OASIS kahe sahtliga kapp pakub roostevabast terasest sahtlifrontidega stiilset ja praktilist hoiuruumi Napoleoni lisatarvikutele ja grillimisv\u00fcrtsidele. Mattmust, pulberv\u00e4rvitud galvanneel-terasest korpus on loodud kestma ning kahekordne \u201ekrobeline\u201c viimistlus suurendab vastupidavust. Paigaldus on lihtne t\u00e4nu ettevalmistatud avadele gaasi- ja elektri\u00fchenduste jaoks. Reguleeritavad jalad aitavad kapi loodida ka siis, kui terrassipind ei ole t\u00e4iesti \u00fchtlane. Kapp sobib suurep\u00e4raselt OASIS v\u00e4lisk\u00f6\u00f6gi komplekti osaks koos valitud grillipea ja grilli-aluse kapiga. \u00dclemine sahtel on mittefunktsionaalne, mis teeb selle ideaalseks lahenduseks, kui soovid paigaldada kapi peale sisseehitatava k\u00fclgp\u00f5leti v\u00f5i v\u00e4ikese kraanikausi. T\u00f6\u00f6pind ei kuulu komplekti.<\/p>\n<p><strong>P\u00f5hiomadused<\/strong><\/p>\n<p>&#8211; Kapp saabub t\u00e4ielikult kokkupanduna, et saaksid OASIS v\u00e4lisk\u00f6\u00f6gi kiiresti kokku panna<br \/>\n&#8211; Mattmust galvanneel-terasest konstruktsioon, millel on kahekordse kihiga vastupidav viimistlus<br \/>\n&#8211; \u00dclemine sahtel on mittefunktsionaalne ja sobib sisseehitatava k\u00fclgp\u00f5leti v\u00f5i v\u00e4ikese kraanikausi jaoks, teised sahtlid pakuvad rohkelt hoiuruumi<br \/>\n&#8211; Stiilsed ja vastupidavad roostevabast terasest sahtlid<br \/>\n&#8211; Lihtne paigaldus t\u00e4nu avadele gaasi- ja elektrijuhtmete l\u00e4biviimiseks<br \/>\n&#8211; Reguleeritavad jalad tasakaalu ja loodimise jaoks ka ebatasasel pinnal<br \/>\n&#8211; Kombineeritav teiste OASIS moodulitega tervikliku v\u00e4lisk\u00f6\u00f6gi loomiseks<br \/>\n&#8211; M\u00f5\u00f5dud: k\u00f5rgus 90 cm, laius 61 cm, s\u00fcgavus 61 cm<br \/>\n&#8211; OASIS komponentides on Napoleoni kvaliteet ja t\u00f6\u00f6kindlus, et saaksid komplekteerida v\u00e4lisk\u00f6\u00f6gi oma vajaduste j\u00e4rgi<\/p>\n","protected":false},"featured_media":258059,"template":"","meta":{"inline_featured_image":false},"product_brand":[],"product_cat":[562,236],"product_tag":[],"class_list":{"0":"post-257804","1":"product","2":"type-product","3":"status-publish","4":"has-post-thumbnail","6":"product_cat-lisatarvikud-napoleon","7":"product_cat-grillilauad","8":"product_shipping_class-ainult-ise-jarele-tulemisega","10":"first","11":"instock","12":"taxable","13":"shipping-taxable","14":"purchasable","15":"product-type-simple"},"yoast_head":"<!-- This site is optimized with the Yoast SEO plugin v27.4 - https:\/\/yoast.com\/product\/yoast-seo-wordpress\/ -->\n<title>Napoleon Oasis must, kahe sahtliga kapimoodul (3 \u00fclemine ei avane, sobib k\u00fcljepliidi installeerimiseks) - BBQ Entertainment<\/title>\n<meta name=\"robots\" content=\"index, follow, max-snippet:-1, max-image-preview:large, max-video-preview:-1\" \/>\n<link rel=\"canonical\" href=\"https:\/\/bbqentertainment.com\/toode\/napoleon-oasis-must-kahe-sahtliga-kapimoodul-3-ulemine-ei-avane-sobib-kuljepliidi-installeerimiseks\/\" \/>\n<meta property=\"og:locale\" content=\"en_US\" \/>\n<meta property=\"og:type\" content=\"article\" \/>\n<meta property=\"og:title\" content=\"Napoleon Oasis must, kahe sahtliga kapimoodul (3 \u00fclemine ei avane, sobib k\u00fcljepliidi installeerimiseks) - BBQ Entertainment\" \/>\n<meta property=\"og:description\" content=\"Napoleon Oasis must, kahe sahtliga kapimoodul (3 \u00fclemine ei avane, sobib k\u00fcljepliidi installeerimiseks) T\u00e4iuslik v\u00e4lisk\u00f6\u00f6k vajab rohkelt panipaika ja vastupidavat viimistlust, mis peab vastu ilmastikule. OASIS kahe sahtliga kapp pakub roostevabast terasest sahtlifrontidega stiilset ja praktilist hoiuruumi Napoleoni lisatarvikutele ja grillimisv\u00fcrtsidele. Mattmust, pulberv\u00e4rvitud galvanneel-terasest korpus on loodud kestma ning kahekordne \u201ekrobeline\u201c viimistlus suurendab vastupidavust. Paigaldus on lihtne t\u00e4nu ettevalmistatud avadele gaasi- ja elektri\u00fchenduste jaoks. Reguleeritavad jalad aitavad kapi loodida ka siis, kui terrassipind ei ole t\u00e4iesti \u00fchtlane. Kapp sobib suurep\u00e4raselt OASIS v\u00e4lisk\u00f6\u00f6gi komplekti osaks koos valitud grillipea ja grilli-aluse kapiga. \u00dclemine sahtel on mittefunktsionaalne, mis teeb selle ideaalseks lahenduseks, kui soovid paigaldada kapi peale sisseehitatava k\u00fclgp\u00f5leti v\u00f5i v\u00e4ikese kraanikausi. T\u00f6\u00f6pind ei kuulu komplekti.  P\u00f5hiomadused  - Kapp saabub t\u00e4ielikult kokkupanduna, et saaksid OASIS v\u00e4lisk\u00f6\u00f6gi kiiresti kokku panna - Mattmust galvanneel-terasest konstruktsioon, millel on kahekordse kihiga vastupidav viimistlus - \u00dclemine sahtel on mittefunktsionaalne ja sobib sisseehitatava k\u00fclgp\u00f5leti v\u00f5i v\u00e4ikese kraanikausi jaoks, teised sahtlid pakuvad rohkelt hoiuruumi - Stiilsed ja vastupidavad roostevabast terasest sahtlid - Lihtne paigaldus t\u00e4nu avadele gaasi- ja elektrijuhtmete l\u00e4biviimiseks - Reguleeritavad jalad tasakaalu ja loodimise jaoks ka ebatasasel pinnal - Kombineeritav teiste OASIS moodulitega tervikliku v\u00e4lisk\u00f6\u00f6gi loomiseks - M\u00f5\u00f5dud: k\u00f5rgus 90 cm, laius 61 cm, s\u00fcgavus 61 cm - OASIS komponentides on Napoleoni kvaliteet ja t\u00f6\u00f6kindlus, et saaksid komplekteerida v\u00e4lisk\u00f6\u00f6gi oma vajaduste j\u00e4rgi\" \/>\n<meta property=\"og:url\" content=\"https:\/\/bbqentertainment.com\/toode\/napoleon-oasis-must-kahe-sahtliga-kapimoodul-3-ulemine-ei-avane-sobib-kuljepliidi-installeerimiseks\/\" \/>\n<meta property=\"og:site_name\" content=\"BBQ Entertainment\" \/>\n<meta property=\"article:publisher\" content=\"https:\/\/www.facebook.com\/BBQ-Entertainment-N-Catering-2437913376443540\" \/>\n<meta property=\"article:modified_time\" content=\"2026-04-13T18:56:15+00:00\" \/>\n<meta property=\"og:image\" content=\"https:\/\/bbqentertainment.com\/wp-content\/uploads\/2026\/03\/IM-2DC-MK-1-Web-Gallery-01-Original_JPG-IM-2DC-MK-1_OASIS_2-DRAWER_CABINET_MATTE_BLK_STR-1.jpg\" \/>\n\t<meta property=\"og:image:width\" content=\"1200\" \/>\n\t<meta property=\"og:image:height\" content=\"1200\" \/>\n\t<meta property=\"og:image:type\" content=\"image\/jpeg\" \/>\n<meta name=\"twitter:card\" content=\"summary_large_image\" \/>\n<script type=\"application\/ld+json\" class=\"yoast-schema-graph\">{\"@context\":\"https:\\\/\\\/schema.org\",\"@graph\":[{\"@type\":[\"WebPage\",\"ItemPage\"],\"@id\":\"https:\\\/\\\/bbqentertainment.com\\\/toode\\\/napoleon-oasis-must-kahe-sahtliga-kapimoodul-3-ulemine-ei-avane-sobib-kuljepliidi-installeerimiseks\\\/\",\"url\":\"https:\\\/\\\/bbqentertainment.com\\\/toode\\\/napoleon-oasis-must-kahe-sahtliga-kapimoodul-3-ulemine-ei-avane-sobib-kuljepliidi-installeerimiseks\\\/\",\"name\":\"Napoleon Oasis must, kahe sahtliga kapimoodul (3 \u00fclemine ei avane, sobib k\u00fcljepliidi installeerimiseks) - BBQ Entertainment\",\"isPartOf\":{\"@id\":\"https:\\\/\\\/bbqentertainment.com\\\/#website\"},\"primaryImageOfPage\":{\"@id\":\"https:\\\/\\\/bbqentertainment.com\\\/toode\\\/napoleon-oasis-must-kahe-sahtliga-kapimoodul-3-ulemine-ei-avane-sobib-kuljepliidi-installeerimiseks\\\/#primaryimage\"},\"image\":{\"@id\":\"https:\\\/\\\/bbqentertainment.com\\\/toode\\\/napoleon-oasis-must-kahe-sahtliga-kapimoodul-3-ulemine-ei-avane-sobib-kuljepliidi-installeerimiseks\\\/#primaryimage\"},\"thumbnailUrl\":\"https:\\\/\\\/bbqentertainment.com\\\/wp-content\\\/uploads\\\/2026\\\/03\\\/IM-2DC-MK-1-Web-Gallery-01-Original_JPG-IM-2DC-MK-1_OASIS_2-DRAWER_CABINET_MATTE_BLK_STR-1.jpg\",\"datePublished\":\"2026-03-01T22:47:33+00:00\",\"dateModified\":\"2026-04-13T18:56:15+00:00\",\"breadcrumb\":{\"@id\":\"https:\\\/\\\/bbqentertainment.com\\\/toode\\\/napoleon-oasis-must-kahe-sahtliga-kapimoodul-3-ulemine-ei-avane-sobib-kuljepliidi-installeerimiseks\\\/#breadcrumb\"},\"inLanguage\":\"en-US\",\"potentialAction\":[{\"@type\":\"ReadAction\",\"target\":[\"https:\\\/\\\/bbqentertainment.com\\\/toode\\\/napoleon-oasis-must-kahe-sahtliga-kapimoodul-3-ulemine-ei-avane-sobib-kuljepliidi-installeerimiseks\\\/\"]}]},{\"@type\":\"ImageObject\",\"inLanguage\":\"en-US\",\"@id\":\"https:\\\/\\\/bbqentertainment.com\\\/toode\\\/napoleon-oasis-must-kahe-sahtliga-kapimoodul-3-ulemine-ei-avane-sobib-kuljepliidi-installeerimiseks\\\/#primaryimage\",\"url\":\"https:\\\/\\\/bbqentertainment.com\\\/wp-content\\\/uploads\\\/2026\\\/03\\\/IM-2DC-MK-1-Web-Gallery-01-Original_JPG-IM-2DC-MK-1_OASIS_2-DRAWER_CABINET_MATTE_BLK_STR-1.jpg\",\"contentUrl\":\"https:\\\/\\\/bbqentertainment.com\\\/wp-content\\\/uploads\\\/2026\\\/03\\\/IM-2DC-MK-1-Web-Gallery-01-Original_JPG-IM-2DC-MK-1_OASIS_2-DRAWER_CABINET_MATTE_BLK_STR-1.jpg\",\"width\":1200,\"height\":1200},{\"@type\":\"BreadcrumbList\",\"@id\":\"https:\\\/\\\/bbqentertainment.com\\\/toode\\\/napoleon-oasis-must-kahe-sahtliga-kapimoodul-3-ulemine-ei-avane-sobib-kuljepliidi-installeerimiseks\\\/#breadcrumb\",\"itemListElement\":[{\"@type\":\"ListItem\",\"position\":1,\"name\":\"AVALEHT\",\"item\":\"https:\\\/\\\/bbqentertainment.com\\\/en\\\/\"},{\"@type\":\"ListItem\",\"position\":2,\"name\":\"Tooted\",\"item\":\"https:\\\/\\\/bbqentertainment.com\\\/tooted\\\/\"},{\"@type\":\"ListItem\",\"position\":3,\"name\":\"Lisatarvikud\",\"item\":\"https:\\\/\\\/bbqentertainment.com\\\/tootekategooria\\\/lisatarvikud\\\/\"},{\"@type\":\"ListItem\",\"position\":4,\"name\":\"Lisatarvikud Napoleon\",\"item\":\"https:\\\/\\\/bbqentertainment.com\\\/tootekategooria\\\/lisatarvikud\\\/lisatarvikud-napoleon\\\/\"},{\"@type\":\"ListItem\",\"position\":5,\"name\":\"Napoleon Oasis must, kahe sahtliga kapimoodul (3 \u00fclemine ei avane, sobib k\u00fcljepliidi installeerimiseks)\"}]},{\"@type\":\"WebSite\",\"@id\":\"https:\\\/\\\/bbqentertainment.com\\\/#website\",\"url\":\"https:\\\/\\\/bbqentertainment.com\\\/\",\"name\":\"BBQ Entertainment\",\"description\":\"BBQ is a great lifestyle, not just fun!\",\"publisher\":{\"@id\":\"https:\\\/\\\/bbqentertainment.com\\\/#organization\"},\"potentialAction\":[{\"@type\":\"SearchAction\",\"target\":{\"@type\":\"EntryPoint\",\"urlTemplate\":\"https:\\\/\\\/bbqentertainment.com\\\/?s={search_term_string}\"},\"query-input\":{\"@type\":\"PropertyValueSpecification\",\"valueRequired\":true,\"valueName\":\"search_term_string\"}}],\"inLanguage\":\"en-US\"},{\"@type\":\"Organization\",\"@id\":\"https:\\\/\\\/bbqentertainment.com\\\/#organization\",\"name\":\"BBQ Entertainment O\u00dc\",\"url\":\"https:\\\/\\\/bbqentertainment.com\\\/\",\"logo\":{\"@type\":\"ImageObject\",\"inLanguage\":\"en-US\",\"@id\":\"https:\\\/\\\/bbqentertainment.com\\\/#\\\/schema\\\/logo\\\/image\\\/\",\"url\":\"https:\\\/\\\/bbqentertainment.com\\\/wp-content\\\/uploads\\\/2020\\\/04\\\/BBQ-Entertainment-N-Catering-Enn-Tobreluts-Logo.png\",\"contentUrl\":\"https:\\\/\\\/bbqentertainment.com\\\/wp-content\\\/uploads\\\/2020\\\/04\\\/BBQ-Entertainment-N-Catering-Enn-Tobreluts-Logo.png\",\"width\":628,\"height\":266,\"caption\":\"BBQ Entertainment O\u00dc\"},\"image\":{\"@id\":\"https:\\\/\\\/bbqentertainment.com\\\/#\\\/schema\\\/logo\\\/image\\\/\"},\"sameAs\":[\"https:\\\/\\\/www.facebook.com\\\/BBQ-Entertainment-N-Catering-2437913376443540\",\"https:\\\/\\\/www.instagram.com\\\/bbqentertainmentncatering\\\/\",\"https:\\\/\\\/www.youtube.com\\\/channel\\\/UCmpuANQVhLy2Md8nrenp2jA\"]}]}<\/script>\n<!-- \/ Yoast SEO plugin. -->","yoast_head_json":{"title":"Napoleon Oasis must, kahe sahtliga kapimoodul (3 \u00fclemine ei avane, sobib k\u00fcljepliidi installeerimiseks) - BBQ Entertainment","robots":{"index":"index","follow":"follow","max-snippet":"max-snippet:-1","max-image-preview":"max-image-preview:large","max-video-preview":"max-video-preview:-1"},"canonical":"https:\/\/bbqentertainment.com\/toode\/napoleon-oasis-must-kahe-sahtliga-kapimoodul-3-ulemine-ei-avane-sobib-kuljepliidi-installeerimiseks\/","og_locale":"en_US","og_type":"article","og_title":"Napoleon Oasis must, kahe sahtliga kapimoodul (3 \u00fclemine ei avane, sobib k\u00fcljepliidi installeerimiseks) - BBQ Entertainment","og_description":"Napoleon Oasis must, kahe sahtliga kapimoodul (3 \u00fclemine ei avane, sobib k\u00fcljepliidi installeerimiseks) T\u00e4iuslik v\u00e4lisk\u00f6\u00f6k vajab rohkelt panipaika ja vastupidavat viimistlust, mis peab vastu ilmastikule. OASIS kahe sahtliga kapp pakub roostevabast terasest sahtlifrontidega stiilset ja praktilist hoiuruumi Napoleoni lisatarvikutele ja grillimisv\u00fcrtsidele. Mattmust, pulberv\u00e4rvitud galvanneel-terasest korpus on loodud kestma ning kahekordne \u201ekrobeline\u201c viimistlus suurendab vastupidavust. Paigaldus on lihtne t\u00e4nu ettevalmistatud avadele gaasi- ja elektri\u00fchenduste jaoks. Reguleeritavad jalad aitavad kapi loodida ka siis, kui terrassipind ei ole t\u00e4iesti \u00fchtlane. Kapp sobib suurep\u00e4raselt OASIS v\u00e4lisk\u00f6\u00f6gi komplekti osaks koos valitud grillipea ja grilli-aluse kapiga. \u00dclemine sahtel on mittefunktsionaalne, mis teeb selle ideaalseks lahenduseks, kui soovid paigaldada kapi peale sisseehitatava k\u00fclgp\u00f5leti v\u00f5i v\u00e4ikese kraanikausi. T\u00f6\u00f6pind ei kuulu komplekti.  P\u00f5hiomadused  - Kapp saabub t\u00e4ielikult kokkupanduna, et saaksid OASIS v\u00e4lisk\u00f6\u00f6gi kiiresti kokku panna - Mattmust galvanneel-terasest konstruktsioon, millel on kahekordse kihiga vastupidav viimistlus - \u00dclemine sahtel on mittefunktsionaalne ja sobib sisseehitatava k\u00fclgp\u00f5leti v\u00f5i v\u00e4ikese kraanikausi jaoks, teised sahtlid pakuvad rohkelt hoiuruumi - Stiilsed ja vastupidavad roostevabast terasest sahtlid - Lihtne paigaldus t\u00e4nu avadele gaasi- ja elektrijuhtmete l\u00e4biviimiseks - Reguleeritavad jalad tasakaalu ja loodimise jaoks ka ebatasasel pinnal - Kombineeritav teiste OASIS moodulitega tervikliku v\u00e4lisk\u00f6\u00f6gi loomiseks - M\u00f5\u00f5dud: k\u00f5rgus 90 cm, laius 61 cm, s\u00fcgavus 61 cm - OASIS komponentides on Napoleoni kvaliteet ja t\u00f6\u00f6kindlus, et saaksid komplekteerida v\u00e4lisk\u00f6\u00f6gi oma vajaduste j\u00e4rgi","og_url":"https:\/\/bbqentertainment.com\/toode\/napoleon-oasis-must-kahe-sahtliga-kapimoodul-3-ulemine-ei-avane-sobib-kuljepliidi-installeerimiseks\/","og_site_name":"BBQ Entertainment","article_publisher":"https:\/\/www.facebook.com\/BBQ-Entertainment-N-Catering-2437913376443540","article_modified_time":"2026-04-13T18:56:15+00:00","og_image":[{"width":1200,"height":1200,"url":"https:\/\/bbqentertainment.com\/wp-content\/uploads\/2026\/03\/IM-2DC-MK-1-Web-Gallery-01-Original_JPG-IM-2DC-MK-1_OASIS_2-DRAWER_CABINET_MATTE_BLK_STR-1.jpg","type":"image\/jpeg"}],"twitter_card":"summary_large_image","schema":{"@context":"https:\/\/schema.org","@graph":[{"@type":["WebPage","ItemPage"],"@id":"https:\/\/bbqentertainment.com\/toode\/napoleon-oasis-must-kahe-sahtliga-kapimoodul-3-ulemine-ei-avane-sobib-kuljepliidi-installeerimiseks\/","url":"https:\/\/bbqentertainment.com\/toode\/napoleon-oasis-must-kahe-sahtliga-kapimoodul-3-ulemine-ei-avane-sobib-kuljepliidi-installeerimiseks\/","name":"Napoleon Oasis must, kahe sahtliga kapimoodul (3 \u00fclemine ei avane, sobib k\u00fcljepliidi installeerimiseks) - BBQ Entertainment","isPartOf":{"@id":"https:\/\/bbqentertainment.com\/#website"},"primaryImageOfPage":{"@id":"https:\/\/bbqentertainment.com\/toode\/napoleon-oasis-must-kahe-sahtliga-kapimoodul-3-ulemine-ei-avane-sobib-kuljepliidi-installeerimiseks\/#primaryimage"},"image":{"@id":"https:\/\/bbqentertainment.com\/toode\/napoleon-oasis-must-kahe-sahtliga-kapimoodul-3-ulemine-ei-avane-sobib-kuljepliidi-installeerimiseks\/#primaryimage"},"thumbnailUrl":"https:\/\/bbqentertainment.com\/wp-content\/uploads\/2026\/03\/IM-2DC-MK-1-Web-Gallery-01-Original_JPG-IM-2DC-MK-1_OASIS_2-DRAWER_CABINET_MATTE_BLK_STR-1.jpg","datePublished":"2026-03-01T22:47:33+00:00","dateModified":"2026-04-13T18:56:15+00:00","breadcrumb":{"@id":"https:\/\/bbqentertainment.com\/toode\/napoleon-oasis-must-kahe-sahtliga-kapimoodul-3-ulemine-ei-avane-sobib-kuljepliidi-installeerimiseks\/#breadcrumb"},"inLanguage":"en-US","potentialAction":[{"@type":"ReadAction","target":["https:\/\/bbqentertainment.com\/toode\/napoleon-oasis-must-kahe-sahtliga-kapimoodul-3-ulemine-ei-avane-sobib-kuljepliidi-installeerimiseks\/"]}]},{"@type":"ImageObject","inLanguage":"en-US","@id":"https:\/\/bbqentertainment.com\/toode\/napoleon-oasis-must-kahe-sahtliga-kapimoodul-3-ulemine-ei-avane-sobib-kuljepliidi-installeerimiseks\/#primaryimage","url":"https:\/\/bbqentertainment.com\/wp-content\/uploads\/2026\/03\/IM-2DC-MK-1-Web-Gallery-01-Original_JPG-IM-2DC-MK-1_OASIS_2-DRAWER_CABINET_MATTE_BLK_STR-1.jpg","contentUrl":"https:\/\/bbqentertainment.com\/wp-content\/uploads\/2026\/03\/IM-2DC-MK-1-Web-Gallery-01-Original_JPG-IM-2DC-MK-1_OASIS_2-DRAWER_CABINET_MATTE_BLK_STR-1.jpg","width":1200,"height":1200},{"@type":"BreadcrumbList","@id":"https:\/\/bbqentertainment.com\/toode\/napoleon-oasis-must-kahe-sahtliga-kapimoodul-3-ulemine-ei-avane-sobib-kuljepliidi-installeerimiseks\/#breadcrumb","itemListElement":[{"@type":"ListItem","position":1,"name":"AVALEHT","item":"https:\/\/bbqentertainment.com\/en\/"},{"@type":"ListItem","position":2,"name":"Tooted","item":"https:\/\/bbqentertainment.com\/tooted\/"},{"@type":"ListItem","position":3,"name":"Lisatarvikud","item":"https:\/\/bbqentertainment.com\/tootekategooria\/lisatarvikud\/"},{"@type":"ListItem","position":4,"name":"Lisatarvikud Napoleon","item":"https:\/\/bbqentertainment.com\/tootekategooria\/lisatarvikud\/lisatarvikud-napoleon\/"},{"@type":"ListItem","position":5,"name":"Napoleon Oasis must, kahe sahtliga kapimoodul (3 \u00fclemine ei avane, sobib k\u00fcljepliidi installeerimiseks)"}]},{"@type":"WebSite","@id":"https:\/\/bbqentertainment.com\/#website","url":"https:\/\/bbqentertainment.com\/","name":"BBQ Entertainment","description":"BBQ is a great lifestyle, not just fun!","publisher":{"@id":"https:\/\/bbqentertainment.com\/#organization"},"potentialAction":[{"@type":"SearchAction","target":{"@type":"EntryPoint","urlTemplate":"https:\/\/bbqentertainment.com\/?s={search_term_string}"},"query-input":{"@type":"PropertyValueSpecification","valueRequired":true,"valueName":"search_term_string"}}],"inLanguage":"en-US"},{"@type":"Organization","@id":"https:\/\/bbqentertainment.com\/#organization","name":"BBQ Entertainment O\u00dc","url":"https:\/\/bbqentertainment.com\/","logo":{"@type":"ImageObject","inLanguage":"en-US","@id":"https:\/\/bbqentertainment.com\/#\/schema\/logo\/image\/","url":"https:\/\/bbqentertainment.com\/wp-content\/uploads\/2020\/04\/BBQ-Entertainment-N-Catering-Enn-Tobreluts-Logo.png","contentUrl":"https:\/\/bbqentertainment.com\/wp-content\/uploads\/2020\/04\/BBQ-Entertainment-N-Catering-Enn-Tobreluts-Logo.png","width":628,"height":266,"caption":"BBQ Entertainment O\u00dc"},"image":{"@id":"https:\/\/bbqentertainment.com\/#\/schema\/logo\/image\/"},"sameAs":["https:\/\/www.facebook.com\/BBQ-Entertainment-N-Catering-2437913376443540","https:\/\/www.instagram.com\/bbqentertainmentncatering\/","https:\/\/www.youtube.com\/channel\/UCmpuANQVhLy2Md8nrenp2jA"]}]}},"_links":{"self":[{"href":"https:\/\/bbqentertainment.com\/en\/wp-json\/wp\/v2\/product\/257804","targetHints":{"allow":["GET"]}}],"collection":[{"href":"https:\/\/bbqentertainment.com\/en\/wp-json\/wp\/v2\/product"}],"about":[{"href":"https:\/\/bbqentertainment.com\/en\/wp-json\/wp\/v2\/types\/product"}],"wp:featuredmedia":[{"embeddable":true,"href":"https:\/\/bbqentertainment.com\/en\/wp-json\/wp\/v2\/media\/258059"}],"wp:attachment":[{"href":"https:\/\/bbqentertainment.com\/en\/wp-json\/wp\/v2\/media?parent=257804"}],"wp:term":[{"taxonomy":"product_brand","embeddable":true,"href":"https:\/\/bbqentertainment.com\/en\/wp-json\/wp\/v2\/product_brand?post=257804"},{"taxonomy":"product_cat","embeddable":true,"href":"https:\/\/bbqentertainment.com\/en\/wp-json\/wp\/v2\/product_cat?post=257804"},{"taxonomy":"product_tag","embeddable":true,"href":"https:\/\/bbqentertainment.com\/en\/wp-json\/wp\/v2\/product_tag?post=257804"}],"curies":[{"name":"wp","href":"https:\/\/api.w.org\/{rel}","templated":true}]}}