{"id":257806,"date":"2026-03-02T00:47:35","date_gmt":"2026-03-01T22:47:35","guid":{"rendered":"https:\/\/bbqentertainment.com\/?post_type=product&#038;p=257806"},"modified":"2026-04-06T12:26:52","modified_gmt":"2026-04-06T09:26:52","slug":"napoleon-oasis-must-paberirulli-hoidiku-ja-prugikastiga-roostevabast-ustega-kapimoodul","status":"publish","type":"product","link":"https:\/\/bbqentertainment.com\/en\/toode\/napoleon-oasis-must-paberirulli-hoidiku-ja-prugikastiga-roostevabast-ustega-kapimoodul\/","title":{"rendered":"Napoleon Oasis must paberirulli hoidiku ja pr\u00fcgikastiga, roostevabast ustega kapimoodul"},"content":{"rendered":"","protected":false},"excerpt":{"rendered":"<h3>Napoleon Oasis must paberirulli hoidiku ja pr\u00fcgikastiga, roostevabast ustega kapimoodul<\/h3>\n<p>Napoleon OASIS\u00ae pr\u00fcgikastiga kapimoodul muudab v\u00e4lisk\u00f6\u00f6gis koristamise lihtsaks ja mugavaks.<br \/>\nKapp sisaldab v\u00e4ljat\u00f5mmatavat pr\u00fcgikasti eemaldatava \u00e4mbri ning allaklappuvat sahtlit paberr\u00e4tihoidjaga \u2013 k\u00f5ik vajalik k\u00e4ep\u00e4rast ja korralikult peidetud.<br \/>\nPaigaldamine on lihtne t\u00e4nu eelvalmistatud avadele gaasi- ja elektrijuhtmestiku jaoks ning reguleeritavad tasandusjalgad tagavad stabiilse pinna ka eba\u00fchtlasel terrassil. T\u00f6\u00f6pind ei kuulu komplekti.<\/p>\n<p><strong>P\u00f5hiomadused<\/strong><\/p>\n<ul>\n<li>Pulberv\u00e4rvitud galvanneal-terasest korpus<\/li>\n<li>Eemaldatava \u00e4mbriga v\u00e4ljat\u00f5mmatav pr\u00fcgikast<\/li>\n<li>Tarnitud t\u00e4ielikult kokkupanduna \u2013 kohe kasutusvalmis<\/li>\n<li>Eelvalmistatud avad gaasi- ja elektri\u00fchenduste jaoks<\/li>\n<li>Reguleeritavad tasandusjalad \u00fchtlase pinna tagamiseks<\/li>\n<\/ul>\n","protected":false},"featured_media":257853,"template":"","meta":{"inline_featured_image":false},"product_brand":[],"product_cat":[562,236],"product_tag":[],"class_list":{"0":"post-257806","1":"product","2":"type-product","3":"status-publish","4":"has-post-thumbnail","6":"product_cat-lisatarvikud-napoleon","7":"product_cat-grillilauad","8":"product_shipping_class-ainult-ise-jarele-tulemisega","10":"first","11":"instock","12":"taxable","13":"shipping-taxable","14":"purchasable","15":"product-type-simple"},"yoast_head":"<!-- This site is optimized with the Yoast SEO plugin v27.4 - https:\/\/yoast.com\/product\/yoast-seo-wordpress\/ -->\n<title>Napoleon Oasis must paberirulli hoidiku ja pr\u00fcgikastiga, roostevabast ustega kapimoodul - BBQ Entertainment<\/title>\n<meta name=\"robots\" content=\"index, follow, max-snippet:-1, max-image-preview:large, max-video-preview:-1\" \/>\n<link rel=\"canonical\" href=\"https:\/\/bbqentertainment.com\/toode\/napoleon-oasis-must-paberirulli-hoidiku-ja-prugikastiga-roostevabast-ustega-kapimoodul\/\" \/>\n<meta property=\"og:locale\" content=\"en_US\" \/>\n<meta property=\"og:type\" content=\"article\" \/>\n<meta property=\"og:title\" content=\"Napoleon Oasis must paberirulli hoidiku ja pr\u00fcgikastiga, roostevabast ustega kapimoodul - BBQ Entertainment\" \/>\n<meta property=\"og:description\" content=\"Napoleon Oasis must paberirulli hoidiku ja pr\u00fcgikastiga, roostevabast ustega kapimoodul Napoleon OASIS\u00ae pr\u00fcgikastiga kapimoodul muudab v\u00e4lisk\u00f6\u00f6gis koristamise lihtsaks ja mugavaks. Kapp sisaldab v\u00e4ljat\u00f5mmatavat pr\u00fcgikasti eemaldatava \u00e4mbri ning allaklappuvat sahtlit paberr\u00e4tihoidjaga \u2013 k\u00f5ik vajalik k\u00e4ep\u00e4rast ja korralikult peidetud. Paigaldamine on lihtne t\u00e4nu eelvalmistatud avadele gaasi- ja elektrijuhtmestiku jaoks ning reguleeritavad tasandusjalgad tagavad stabiilse pinna ka eba\u00fchtlasel terrassil. T\u00f6\u00f6pind ei kuulu komplekti.  P\u00f5hiomadused   Pulberv\u00e4rvitud galvanneal-terasest korpus  Eemaldatava \u00e4mbriga v\u00e4ljat\u00f5mmatav pr\u00fcgikast  Tarnitud t\u00e4ielikult kokkupanduna \u2013 kohe kasutusvalmis  Eelvalmistatud avad gaasi- ja elektri\u00fchenduste jaoks  Reguleeritavad tasandusjalad \u00fchtlase pinna tagamiseks\" \/>\n<meta property=\"og:url\" content=\"https:\/\/bbqentertainment.com\/toode\/napoleon-oasis-must-paberirulli-hoidiku-ja-prugikastiga-roostevabast-ustega-kapimoodul\/\" \/>\n<meta property=\"og:site_name\" content=\"BBQ Entertainment\" \/>\n<meta property=\"article:publisher\" content=\"https:\/\/www.facebook.com\/BBQ-Entertainment-N-Catering-2437913376443540\" \/>\n<meta property=\"article:modified_time\" content=\"2026-04-06T09:26:52+00:00\" \/>\n<meta property=\"og:image\" content=\"https:\/\/bbqentertainment.com\/wp-content\/uploads\/2026\/03\/IM-WDC-MK-Web-Gallery-01-Original_JPG-IM-WDC-MK_Oasis_Prod-Str.jpg\" \/>\n\t<meta property=\"og:image:width\" content=\"1000\" \/>\n\t<meta property=\"og:image:height\" content=\"1000\" \/>\n\t<meta property=\"og:image:type\" content=\"image\/jpeg\" \/>\n<meta name=\"twitter:card\" content=\"summary_large_image\" \/>\n<meta name=\"twitter:label1\" content=\"Est. reading time\" \/>\n\t<meta name=\"twitter:data1\" content=\"1 minute\" \/>\n<script type=\"application\/ld+json\" class=\"yoast-schema-graph\">{\"@context\":\"https:\\\/\\\/schema.org\",\"@graph\":[{\"@type\":[\"WebPage\",\"ItemPage\"],\"@id\":\"https:\\\/\\\/bbqentertainment.com\\\/toode\\\/napoleon-oasis-must-paberirulli-hoidiku-ja-prugikastiga-roostevabast-ustega-kapimoodul\\\/\",\"url\":\"https:\\\/\\\/bbqentertainment.com\\\/toode\\\/napoleon-oasis-must-paberirulli-hoidiku-ja-prugikastiga-roostevabast-ustega-kapimoodul\\\/\",\"name\":\"Napoleon Oasis must paberirulli hoidiku ja pr\u00fcgikastiga, roostevabast ustega kapimoodul - BBQ Entertainment\",\"isPartOf\":{\"@id\":\"https:\\\/\\\/bbqentertainment.com\\\/#website\"},\"primaryImageOfPage\":{\"@id\":\"https:\\\/\\\/bbqentertainment.com\\\/toode\\\/napoleon-oasis-must-paberirulli-hoidiku-ja-prugikastiga-roostevabast-ustega-kapimoodul\\\/#primaryimage\"},\"image\":{\"@id\":\"https:\\\/\\\/bbqentertainment.com\\\/toode\\\/napoleon-oasis-must-paberirulli-hoidiku-ja-prugikastiga-roostevabast-ustega-kapimoodul\\\/#primaryimage\"},\"thumbnailUrl\":\"https:\\\/\\\/bbqentertainment.com\\\/wp-content\\\/uploads\\\/2026\\\/03\\\/IM-WDC-MK-Web-Gallery-01-Original_JPG-IM-WDC-MK_Oasis_Prod-Str.jpg\",\"datePublished\":\"2026-03-01T22:47:35+00:00\",\"dateModified\":\"2026-04-06T09:26:52+00:00\",\"breadcrumb\":{\"@id\":\"https:\\\/\\\/bbqentertainment.com\\\/toode\\\/napoleon-oasis-must-paberirulli-hoidiku-ja-prugikastiga-roostevabast-ustega-kapimoodul\\\/#breadcrumb\"},\"inLanguage\":\"en-US\",\"potentialAction\":[{\"@type\":\"ReadAction\",\"target\":[\"https:\\\/\\\/bbqentertainment.com\\\/toode\\\/napoleon-oasis-must-paberirulli-hoidiku-ja-prugikastiga-roostevabast-ustega-kapimoodul\\\/\"]}]},{\"@type\":\"ImageObject\",\"inLanguage\":\"en-US\",\"@id\":\"https:\\\/\\\/bbqentertainment.com\\\/toode\\\/napoleon-oasis-must-paberirulli-hoidiku-ja-prugikastiga-roostevabast-ustega-kapimoodul\\\/#primaryimage\",\"url\":\"https:\\\/\\\/bbqentertainment.com\\\/wp-content\\\/uploads\\\/2026\\\/03\\\/IM-WDC-MK-Web-Gallery-01-Original_JPG-IM-WDC-MK_Oasis_Prod-Str.jpg\",\"contentUrl\":\"https:\\\/\\\/bbqentertainment.com\\\/wp-content\\\/uploads\\\/2026\\\/03\\\/IM-WDC-MK-Web-Gallery-01-Original_JPG-IM-WDC-MK_Oasis_Prod-Str.jpg\",\"width\":1000,\"height\":1000},{\"@type\":\"BreadcrumbList\",\"@id\":\"https:\\\/\\\/bbqentertainment.com\\\/toode\\\/napoleon-oasis-must-paberirulli-hoidiku-ja-prugikastiga-roostevabast-ustega-kapimoodul\\\/#breadcrumb\",\"itemListElement\":[{\"@type\":\"ListItem\",\"position\":1,\"name\":\"AVALEHT\",\"item\":\"https:\\\/\\\/bbqentertainment.com\\\/en\\\/\"},{\"@type\":\"ListItem\",\"position\":2,\"name\":\"Tooted\",\"item\":\"https:\\\/\\\/bbqentertainment.com\\\/tooted\\\/\"},{\"@type\":\"ListItem\",\"position\":3,\"name\":\"Lisatarvikud\",\"item\":\"https:\\\/\\\/bbqentertainment.com\\\/tootekategooria\\\/lisatarvikud\\\/\"},{\"@type\":\"ListItem\",\"position\":4,\"name\":\"Lisatarvikud Napoleon\",\"item\":\"https:\\\/\\\/bbqentertainment.com\\\/tootekategooria\\\/lisatarvikud\\\/lisatarvikud-napoleon\\\/\"},{\"@type\":\"ListItem\",\"position\":5,\"name\":\"Napoleon Oasis must paberirulli hoidiku ja pr\u00fcgikastiga, roostevabast ustega kapimoodul\"}]},{\"@type\":\"WebSite\",\"@id\":\"https:\\\/\\\/bbqentertainment.com\\\/#website\",\"url\":\"https:\\\/\\\/bbqentertainment.com\\\/\",\"name\":\"BBQ Entertainment\",\"description\":\"BBQ is a great lifestyle, not just fun!\",\"publisher\":{\"@id\":\"https:\\\/\\\/bbqentertainment.com\\\/#organization\"},\"potentialAction\":[{\"@type\":\"SearchAction\",\"target\":{\"@type\":\"EntryPoint\",\"urlTemplate\":\"https:\\\/\\\/bbqentertainment.com\\\/?s={search_term_string}\"},\"query-input\":{\"@type\":\"PropertyValueSpecification\",\"valueRequired\":true,\"valueName\":\"search_term_string\"}}],\"inLanguage\":\"en-US\"},{\"@type\":\"Organization\",\"@id\":\"https:\\\/\\\/bbqentertainment.com\\\/#organization\",\"name\":\"BBQ Entertainment O\u00dc\",\"url\":\"https:\\\/\\\/bbqentertainment.com\\\/\",\"logo\":{\"@type\":\"ImageObject\",\"inLanguage\":\"en-US\",\"@id\":\"https:\\\/\\\/bbqentertainment.com\\\/#\\\/schema\\\/logo\\\/image\\\/\",\"url\":\"https:\\\/\\\/bbqentertainment.com\\\/wp-content\\\/uploads\\\/2020\\\/04\\\/BBQ-Entertainment-N-Catering-Enn-Tobreluts-Logo.png\",\"contentUrl\":\"https:\\\/\\\/bbqentertainment.com\\\/wp-content\\\/uploads\\\/2020\\\/04\\\/BBQ-Entertainment-N-Catering-Enn-Tobreluts-Logo.png\",\"width\":628,\"height\":266,\"caption\":\"BBQ Entertainment O\u00dc\"},\"image\":{\"@id\":\"https:\\\/\\\/bbqentertainment.com\\\/#\\\/schema\\\/logo\\\/image\\\/\"},\"sameAs\":[\"https:\\\/\\\/www.facebook.com\\\/BBQ-Entertainment-N-Catering-2437913376443540\",\"https:\\\/\\\/www.instagram.com\\\/bbqentertainmentncatering\\\/\",\"https:\\\/\\\/www.youtube.com\\\/channel\\\/UCmpuANQVhLy2Md8nrenp2jA\"]}]}<\/script>\n<!-- \/ Yoast SEO plugin. -->","yoast_head_json":{"title":"Napoleon Oasis must paberirulli hoidiku ja pr\u00fcgikastiga, roostevabast ustega kapimoodul - BBQ Entertainment","robots":{"index":"index","follow":"follow","max-snippet":"max-snippet:-1","max-image-preview":"max-image-preview:large","max-video-preview":"max-video-preview:-1"},"canonical":"https:\/\/bbqentertainment.com\/toode\/napoleon-oasis-must-paberirulli-hoidiku-ja-prugikastiga-roostevabast-ustega-kapimoodul\/","og_locale":"en_US","og_type":"article","og_title":"Napoleon Oasis must paberirulli hoidiku ja pr\u00fcgikastiga, roostevabast ustega kapimoodul - BBQ Entertainment","og_description":"Napoleon Oasis must paberirulli hoidiku ja pr\u00fcgikastiga, roostevabast ustega kapimoodul Napoleon OASIS\u00ae pr\u00fcgikastiga kapimoodul muudab v\u00e4lisk\u00f6\u00f6gis koristamise lihtsaks ja mugavaks. Kapp sisaldab v\u00e4ljat\u00f5mmatavat pr\u00fcgikasti eemaldatava \u00e4mbri ning allaklappuvat sahtlit paberr\u00e4tihoidjaga \u2013 k\u00f5ik vajalik k\u00e4ep\u00e4rast ja korralikult peidetud. Paigaldamine on lihtne t\u00e4nu eelvalmistatud avadele gaasi- ja elektrijuhtmestiku jaoks ning reguleeritavad tasandusjalgad tagavad stabiilse pinna ka eba\u00fchtlasel terrassil. T\u00f6\u00f6pind ei kuulu komplekti.  P\u00f5hiomadused   Pulberv\u00e4rvitud galvanneal-terasest korpus  Eemaldatava \u00e4mbriga v\u00e4ljat\u00f5mmatav pr\u00fcgikast  Tarnitud t\u00e4ielikult kokkupanduna \u2013 kohe kasutusvalmis  Eelvalmistatud avad gaasi- ja elektri\u00fchenduste jaoks  Reguleeritavad tasandusjalad \u00fchtlase pinna tagamiseks","og_url":"https:\/\/bbqentertainment.com\/toode\/napoleon-oasis-must-paberirulli-hoidiku-ja-prugikastiga-roostevabast-ustega-kapimoodul\/","og_site_name":"BBQ Entertainment","article_publisher":"https:\/\/www.facebook.com\/BBQ-Entertainment-N-Catering-2437913376443540","article_modified_time":"2026-04-06T09:26:52+00:00","og_image":[{"width":1000,"height":1000,"url":"https:\/\/bbqentertainment.com\/wp-content\/uploads\/2026\/03\/IM-WDC-MK-Web-Gallery-01-Original_JPG-IM-WDC-MK_Oasis_Prod-Str.jpg","type":"image\/jpeg"}],"twitter_card":"summary_large_image","twitter_misc":{"Est. reading time":"1 minute"},"schema":{"@context":"https:\/\/schema.org","@graph":[{"@type":["WebPage","ItemPage"],"@id":"https:\/\/bbqentertainment.com\/toode\/napoleon-oasis-must-paberirulli-hoidiku-ja-prugikastiga-roostevabast-ustega-kapimoodul\/","url":"https:\/\/bbqentertainment.com\/toode\/napoleon-oasis-must-paberirulli-hoidiku-ja-prugikastiga-roostevabast-ustega-kapimoodul\/","name":"Napoleon Oasis must paberirulli hoidiku ja pr\u00fcgikastiga, roostevabast ustega kapimoodul - BBQ Entertainment","isPartOf":{"@id":"https:\/\/bbqentertainment.com\/#website"},"primaryImageOfPage":{"@id":"https:\/\/bbqentertainment.com\/toode\/napoleon-oasis-must-paberirulli-hoidiku-ja-prugikastiga-roostevabast-ustega-kapimoodul\/#primaryimage"},"image":{"@id":"https:\/\/bbqentertainment.com\/toode\/napoleon-oasis-must-paberirulli-hoidiku-ja-prugikastiga-roostevabast-ustega-kapimoodul\/#primaryimage"},"thumbnailUrl":"https:\/\/bbqentertainment.com\/wp-content\/uploads\/2026\/03\/IM-WDC-MK-Web-Gallery-01-Original_JPG-IM-WDC-MK_Oasis_Prod-Str.jpg","datePublished":"2026-03-01T22:47:35+00:00","dateModified":"2026-04-06T09:26:52+00:00","breadcrumb":{"@id":"https:\/\/bbqentertainment.com\/toode\/napoleon-oasis-must-paberirulli-hoidiku-ja-prugikastiga-roostevabast-ustega-kapimoodul\/#breadcrumb"},"inLanguage":"en-US","potentialAction":[{"@type":"ReadAction","target":["https:\/\/bbqentertainment.com\/toode\/napoleon-oasis-must-paberirulli-hoidiku-ja-prugikastiga-roostevabast-ustega-kapimoodul\/"]}]},{"@type":"ImageObject","inLanguage":"en-US","@id":"https:\/\/bbqentertainment.com\/toode\/napoleon-oasis-must-paberirulli-hoidiku-ja-prugikastiga-roostevabast-ustega-kapimoodul\/#primaryimage","url":"https:\/\/bbqentertainment.com\/wp-content\/uploads\/2026\/03\/IM-WDC-MK-Web-Gallery-01-Original_JPG-IM-WDC-MK_Oasis_Prod-Str.jpg","contentUrl":"https:\/\/bbqentertainment.com\/wp-content\/uploads\/2026\/03\/IM-WDC-MK-Web-Gallery-01-Original_JPG-IM-WDC-MK_Oasis_Prod-Str.jpg","width":1000,"height":1000},{"@type":"BreadcrumbList","@id":"https:\/\/bbqentertainment.com\/toode\/napoleon-oasis-must-paberirulli-hoidiku-ja-prugikastiga-roostevabast-ustega-kapimoodul\/#breadcrumb","itemListElement":[{"@type":"ListItem","position":1,"name":"AVALEHT","item":"https:\/\/bbqentertainment.com\/en\/"},{"@type":"ListItem","position":2,"name":"Tooted","item":"https:\/\/bbqentertainment.com\/tooted\/"},{"@type":"ListItem","position":3,"name":"Lisatarvikud","item":"https:\/\/bbqentertainment.com\/tootekategooria\/lisatarvikud\/"},{"@type":"ListItem","position":4,"name":"Lisatarvikud Napoleon","item":"https:\/\/bbqentertainment.com\/tootekategooria\/lisatarvikud\/lisatarvikud-napoleon\/"},{"@type":"ListItem","position":5,"name":"Napoleon Oasis must paberirulli hoidiku ja pr\u00fcgikastiga, roostevabast ustega kapimoodul"}]},{"@type":"WebSite","@id":"https:\/\/bbqentertainment.com\/#website","url":"https:\/\/bbqentertainment.com\/","name":"BBQ Entertainment","description":"BBQ is a great lifestyle, not just fun!","publisher":{"@id":"https:\/\/bbqentertainment.com\/#organization"},"potentialAction":[{"@type":"SearchAction","target":{"@type":"EntryPoint","urlTemplate":"https:\/\/bbqentertainment.com\/?s={search_term_string}"},"query-input":{"@type":"PropertyValueSpecification","valueRequired":true,"valueName":"search_term_string"}}],"inLanguage":"en-US"},{"@type":"Organization","@id":"https:\/\/bbqentertainment.com\/#organization","name":"BBQ Entertainment O\u00dc","url":"https:\/\/bbqentertainment.com\/","logo":{"@type":"ImageObject","inLanguage":"en-US","@id":"https:\/\/bbqentertainment.com\/#\/schema\/logo\/image\/","url":"https:\/\/bbqentertainment.com\/wp-content\/uploads\/2020\/04\/BBQ-Entertainment-N-Catering-Enn-Tobreluts-Logo.png","contentUrl":"https:\/\/bbqentertainment.com\/wp-content\/uploads\/2020\/04\/BBQ-Entertainment-N-Catering-Enn-Tobreluts-Logo.png","width":628,"height":266,"caption":"BBQ Entertainment O\u00dc"},"image":{"@id":"https:\/\/bbqentertainment.com\/#\/schema\/logo\/image\/"},"sameAs":["https:\/\/www.facebook.com\/BBQ-Entertainment-N-Catering-2437913376443540","https:\/\/www.instagram.com\/bbqentertainmentncatering\/","https:\/\/www.youtube.com\/channel\/UCmpuANQVhLy2Md8nrenp2jA"]}]}},"_links":{"self":[{"href":"https:\/\/bbqentertainment.com\/en\/wp-json\/wp\/v2\/product\/257806","targetHints":{"allow":["GET"]}}],"collection":[{"href":"https:\/\/bbqentertainment.com\/en\/wp-json\/wp\/v2\/product"}],"about":[{"href":"https:\/\/bbqentertainment.com\/en\/wp-json\/wp\/v2\/types\/product"}],"wp:featuredmedia":[{"embeddable":true,"href":"https:\/\/bbqentertainment.com\/en\/wp-json\/wp\/v2\/media\/257853"}],"wp:attachment":[{"href":"https:\/\/bbqentertainment.com\/en\/wp-json\/wp\/v2\/media?parent=257806"}],"wp:term":[{"taxonomy":"product_brand","embeddable":true,"href":"https:\/\/bbqentertainment.com\/en\/wp-json\/wp\/v2\/product_brand?post=257806"},{"taxonomy":"product_cat","embeddable":true,"href":"https:\/\/bbqentertainment.com\/en\/wp-json\/wp\/v2\/product_cat?post=257806"},{"taxonomy":"product_tag","embeddable":true,"href":"https:\/\/bbqentertainment.com\/en\/wp-json\/wp\/v2\/product_tag?post=257806"}],"curies":[{"name":"wp","href":"https:\/\/api.w.org\/{rel}","templated":true}]}}