{"id":257808,"date":"2026-03-02T00:47:37","date_gmt":"2026-03-01T22:47:37","guid":{"rendered":"https:\/\/bbqentertainment.com\/?post_type=product&#038;p=257808"},"modified":"2026-04-06T12:26:53","modified_gmt":"2026-04-06T09:26:53","slug":"napoleon-oasis-must-big38-sisseehitatava-grilli-aluskapp-sahtlitega","status":"publish","type":"product","link":"https:\/\/bbqentertainment.com\/en\/toode\/napoleon-oasis-must-big38-sisseehitatava-grilli-aluskapp-sahtlitega\/","title":{"rendered":"Napoleon Oasis must BIG38 sisseehitatava grilli aluskapp sahtlitega"},"content":{"rendered":"","protected":false},"excerpt":{"rendered":"<h3>Napoleon Oasis must BIG38 sisseehitatava grilli aluskapp sahtlitega<\/h3>\n<p>See mattmust, pulberv\u00e4rvitud galvanneel-terasest aluskapp on loodud spetsiaalselt Napoleon Built\u2011In 700 Series 38&#8243; grillile. Pakub tugevat ja vastupidavat alust t\u00e4nu kahekihilisele viimistlusele ning kahele roostevabast terasest, sujuvalt liuguvale sahtlile grilli aluse hoiustuse jaoks. T\u00e4nu gaasi- ja elektriava v\u00e4ljal\u00f5igetele ning reguleeritavatele jalgadele on paigaldus lihtne ka eba\u00fchtlasel terrassil, et saaksid luua endale t\u00e4iusliku OASIS\u00ae v\u00e4lik\u00f6\u00f6gi.<\/p>\n<p><strong>P\u00f5hiomadused<\/strong><\/p>\n<ul>\n<li>Pulberv\u00e4rvitud galvanneal-terasest korpus \u2013 vastupidav ja stiilne<\/li>\n<li>Kaks roostevabast terasest sahtlit sujuvatel liugradidel<\/li>\n<li>Tarnitud t\u00e4ielikult kokkupanduna<\/li>\n<li>Sobib Napoleon BIG38 grillipeaga<\/li>\n<li>Eelvalmistatud avad gaasi- ja elektri\u00fchenduste jaoks<\/li>\n<li>Reguleeritavad tasandusjalgad \u00fchtlase pinna tagamiseks<\/li>\n<\/ul>\n","protected":false},"featured_media":257847,"template":"","meta":{"inline_featured_image":false},"product_brand":[],"product_cat":[562,236],"product_tag":[],"class_list":{"0":"post-257808","1":"product","2":"type-product","3":"status-publish","4":"has-post-thumbnail","6":"product_cat-lisatarvikud-napoleon","7":"product_cat-grillilauad","8":"product_shipping_class-ainult-ise-jarele-tulemisega","10":"first","11":"instock","12":"taxable","13":"shipping-taxable","14":"purchasable","15":"product-type-simple"},"yoast_head":"<!-- This site is optimized with the Yoast SEO plugin v27.4 - https:\/\/yoast.com\/product\/yoast-seo-wordpress\/ -->\n<title>Napoleon Oasis must BIG38 sisseehitatava grilli aluskapp sahtlitega - BBQ Entertainment<\/title>\n<meta name=\"robots\" content=\"index, follow, max-snippet:-1, max-image-preview:large, max-video-preview:-1\" \/>\n<link rel=\"canonical\" href=\"https:\/\/bbqentertainment.com\/toode\/napoleon-oasis-must-big38-sisseehitatava-grilli-aluskapp-sahtlitega\/\" \/>\n<meta property=\"og:locale\" content=\"en_US\" \/>\n<meta property=\"og:type\" content=\"article\" \/>\n<meta property=\"og:title\" content=\"Napoleon Oasis must BIG38 sisseehitatava grilli aluskapp sahtlitega - BBQ Entertainment\" \/>\n<meta property=\"og:description\" content=\"Napoleon Oasis must BIG38 sisseehitatava grilli aluskapp sahtlitega See mattmust, pulberv\u00e4rvitud galvanneel-terasest aluskapp on loodud spetsiaalselt Napoleon Built\u2011In 700 Series 38&quot; grillile. Pakub tugevat ja vastupidavat alust t\u00e4nu kahekihilisele viimistlusele ning kahele roostevabast terasest, sujuvalt liuguvale sahtlile grilli aluse hoiustuse jaoks. T\u00e4nu gaasi- ja elektriava v\u00e4ljal\u00f5igetele ning reguleeritavatele jalgadele on paigaldus lihtne ka eba\u00fchtlasel terrassil, et saaksid luua endale t\u00e4iusliku OASIS\u00ae v\u00e4lik\u00f6\u00f6gi.  P\u00f5hiomadused   Pulberv\u00e4rvitud galvanneal-terasest korpus \u2013 vastupidav ja stiilne  Kaks roostevabast terasest sahtlit sujuvatel liugradidel  Tarnitud t\u00e4ielikult kokkupanduna  Sobib Napoleon BIG38 grillipeaga  Eelvalmistatud avad gaasi- ja elektri\u00fchenduste jaoks  Reguleeritavad tasandusjalgad \u00fchtlase pinna tagamiseks\" \/>\n<meta property=\"og:url\" content=\"https:\/\/bbqentertainment.com\/toode\/napoleon-oasis-must-big38-sisseehitatava-grilli-aluskapp-sahtlitega\/\" \/>\n<meta property=\"og:site_name\" content=\"BBQ Entertainment\" \/>\n<meta property=\"article:publisher\" content=\"https:\/\/www.facebook.com\/BBQ-Entertainment-N-Catering-2437913376443540\" \/>\n<meta property=\"article:modified_time\" content=\"2026-04-06T09:26:53+00:00\" \/>\n<meta property=\"og:image\" content=\"https:\/\/bbqentertainment.com\/wp-content\/uploads\/2026\/03\/Napoleon-Oasis-must-BIG38-sisseehitatava-grilli-aluskapp-sahtlitega.jpg\" \/>\n\t<meta property=\"og:image:width\" content=\"1000\" \/>\n\t<meta property=\"og:image:height\" content=\"1000\" \/>\n\t<meta property=\"og:image:type\" content=\"image\/jpeg\" \/>\n<meta name=\"twitter:card\" content=\"summary_large_image\" \/>\n<meta name=\"twitter:label1\" content=\"Est. reading time\" \/>\n\t<meta name=\"twitter:data1\" content=\"1 minute\" \/>\n<script type=\"application\/ld+json\" class=\"yoast-schema-graph\">{\"@context\":\"https:\\\/\\\/schema.org\",\"@graph\":[{\"@type\":[\"WebPage\",\"ItemPage\"],\"@id\":\"https:\\\/\\\/bbqentertainment.com\\\/toode\\\/napoleon-oasis-must-big38-sisseehitatava-grilli-aluskapp-sahtlitega\\\/\",\"url\":\"https:\\\/\\\/bbqentertainment.com\\\/toode\\\/napoleon-oasis-must-big38-sisseehitatava-grilli-aluskapp-sahtlitega\\\/\",\"name\":\"Napoleon Oasis must BIG38 sisseehitatava grilli aluskapp sahtlitega - BBQ Entertainment\",\"isPartOf\":{\"@id\":\"https:\\\/\\\/bbqentertainment.com\\\/#website\"},\"primaryImageOfPage\":{\"@id\":\"https:\\\/\\\/bbqentertainment.com\\\/toode\\\/napoleon-oasis-must-big38-sisseehitatava-grilli-aluskapp-sahtlitega\\\/#primaryimage\"},\"image\":{\"@id\":\"https:\\\/\\\/bbqentertainment.com\\\/toode\\\/napoleon-oasis-must-big38-sisseehitatava-grilli-aluskapp-sahtlitega\\\/#primaryimage\"},\"thumbnailUrl\":\"https:\\\/\\\/bbqentertainment.com\\\/wp-content\\\/uploads\\\/2026\\\/03\\\/Napoleon-Oasis-must-BIG38-sisseehitatava-grilli-aluskapp-sahtlitega.jpg\",\"datePublished\":\"2026-03-01T22:47:37+00:00\",\"dateModified\":\"2026-04-06T09:26:53+00:00\",\"breadcrumb\":{\"@id\":\"https:\\\/\\\/bbqentertainment.com\\\/toode\\\/napoleon-oasis-must-big38-sisseehitatava-grilli-aluskapp-sahtlitega\\\/#breadcrumb\"},\"inLanguage\":\"en-US\",\"potentialAction\":[{\"@type\":\"ReadAction\",\"target\":[\"https:\\\/\\\/bbqentertainment.com\\\/toode\\\/napoleon-oasis-must-big38-sisseehitatava-grilli-aluskapp-sahtlitega\\\/\"]}]},{\"@type\":\"ImageObject\",\"inLanguage\":\"en-US\",\"@id\":\"https:\\\/\\\/bbqentertainment.com\\\/toode\\\/napoleon-oasis-must-big38-sisseehitatava-grilli-aluskapp-sahtlitega\\\/#primaryimage\",\"url\":\"https:\\\/\\\/bbqentertainment.com\\\/wp-content\\\/uploads\\\/2026\\\/03\\\/Napoleon-Oasis-must-BIG38-sisseehitatava-grilli-aluskapp-sahtlitega.jpg\",\"contentUrl\":\"https:\\\/\\\/bbqentertainment.com\\\/wp-content\\\/uploads\\\/2026\\\/03\\\/Napoleon-Oasis-must-BIG38-sisseehitatava-grilli-aluskapp-sahtlitega.jpg\",\"width\":1000,\"height\":1000},{\"@type\":\"BreadcrumbList\",\"@id\":\"https:\\\/\\\/bbqentertainment.com\\\/toode\\\/napoleon-oasis-must-big38-sisseehitatava-grilli-aluskapp-sahtlitega\\\/#breadcrumb\",\"itemListElement\":[{\"@type\":\"ListItem\",\"position\":1,\"name\":\"AVALEHT\",\"item\":\"https:\\\/\\\/bbqentertainment.com\\\/en\\\/\"},{\"@type\":\"ListItem\",\"position\":2,\"name\":\"Tooted\",\"item\":\"https:\\\/\\\/bbqentertainment.com\\\/tooted\\\/\"},{\"@type\":\"ListItem\",\"position\":3,\"name\":\"Lisatarvikud\",\"item\":\"https:\\\/\\\/bbqentertainment.com\\\/tootekategooria\\\/lisatarvikud\\\/\"},{\"@type\":\"ListItem\",\"position\":4,\"name\":\"Lisatarvikud Napoleon\",\"item\":\"https:\\\/\\\/bbqentertainment.com\\\/tootekategooria\\\/lisatarvikud\\\/lisatarvikud-napoleon\\\/\"},{\"@type\":\"ListItem\",\"position\":5,\"name\":\"Napoleon Oasis must BIG38 sisseehitatava grilli aluskapp sahtlitega\"}]},{\"@type\":\"WebSite\",\"@id\":\"https:\\\/\\\/bbqentertainment.com\\\/#website\",\"url\":\"https:\\\/\\\/bbqentertainment.com\\\/\",\"name\":\"BBQ Entertainment\",\"description\":\"BBQ is a great lifestyle, not just fun!\",\"publisher\":{\"@id\":\"https:\\\/\\\/bbqentertainment.com\\\/#organization\"},\"potentialAction\":[{\"@type\":\"SearchAction\",\"target\":{\"@type\":\"EntryPoint\",\"urlTemplate\":\"https:\\\/\\\/bbqentertainment.com\\\/?s={search_term_string}\"},\"query-input\":{\"@type\":\"PropertyValueSpecification\",\"valueRequired\":true,\"valueName\":\"search_term_string\"}}],\"inLanguage\":\"en-US\"},{\"@type\":\"Organization\",\"@id\":\"https:\\\/\\\/bbqentertainment.com\\\/#organization\",\"name\":\"BBQ Entertainment O\u00dc\",\"url\":\"https:\\\/\\\/bbqentertainment.com\\\/\",\"logo\":{\"@type\":\"ImageObject\",\"inLanguage\":\"en-US\",\"@id\":\"https:\\\/\\\/bbqentertainment.com\\\/#\\\/schema\\\/logo\\\/image\\\/\",\"url\":\"https:\\\/\\\/bbqentertainment.com\\\/wp-content\\\/uploads\\\/2020\\\/04\\\/BBQ-Entertainment-N-Catering-Enn-Tobreluts-Logo.png\",\"contentUrl\":\"https:\\\/\\\/bbqentertainment.com\\\/wp-content\\\/uploads\\\/2020\\\/04\\\/BBQ-Entertainment-N-Catering-Enn-Tobreluts-Logo.png\",\"width\":628,\"height\":266,\"caption\":\"BBQ Entertainment O\u00dc\"},\"image\":{\"@id\":\"https:\\\/\\\/bbqentertainment.com\\\/#\\\/schema\\\/logo\\\/image\\\/\"},\"sameAs\":[\"https:\\\/\\\/www.facebook.com\\\/BBQ-Entertainment-N-Catering-2437913376443540\",\"https:\\\/\\\/www.instagram.com\\\/bbqentertainmentncatering\\\/\",\"https:\\\/\\\/www.youtube.com\\\/channel\\\/UCmpuANQVhLy2Md8nrenp2jA\"]}]}<\/script>\n<!-- \/ Yoast SEO plugin. -->","yoast_head_json":{"title":"Napoleon Oasis must BIG38 sisseehitatava grilli aluskapp sahtlitega - BBQ Entertainment","robots":{"index":"index","follow":"follow","max-snippet":"max-snippet:-1","max-image-preview":"max-image-preview:large","max-video-preview":"max-video-preview:-1"},"canonical":"https:\/\/bbqentertainment.com\/toode\/napoleon-oasis-must-big38-sisseehitatava-grilli-aluskapp-sahtlitega\/","og_locale":"en_US","og_type":"article","og_title":"Napoleon Oasis must BIG38 sisseehitatava grilli aluskapp sahtlitega - BBQ Entertainment","og_description":"Napoleon Oasis must BIG38 sisseehitatava grilli aluskapp sahtlitega See mattmust, pulberv\u00e4rvitud galvanneel-terasest aluskapp on loodud spetsiaalselt Napoleon Built\u2011In 700 Series 38\" grillile. Pakub tugevat ja vastupidavat alust t\u00e4nu kahekihilisele viimistlusele ning kahele roostevabast terasest, sujuvalt liuguvale sahtlile grilli aluse hoiustuse jaoks. T\u00e4nu gaasi- ja elektriava v\u00e4ljal\u00f5igetele ning reguleeritavatele jalgadele on paigaldus lihtne ka eba\u00fchtlasel terrassil, et saaksid luua endale t\u00e4iusliku OASIS\u00ae v\u00e4lik\u00f6\u00f6gi.  P\u00f5hiomadused   Pulberv\u00e4rvitud galvanneal-terasest korpus \u2013 vastupidav ja stiilne  Kaks roostevabast terasest sahtlit sujuvatel liugradidel  Tarnitud t\u00e4ielikult kokkupanduna  Sobib Napoleon BIG38 grillipeaga  Eelvalmistatud avad gaasi- ja elektri\u00fchenduste jaoks  Reguleeritavad tasandusjalgad \u00fchtlase pinna tagamiseks","og_url":"https:\/\/bbqentertainment.com\/toode\/napoleon-oasis-must-big38-sisseehitatava-grilli-aluskapp-sahtlitega\/","og_site_name":"BBQ Entertainment","article_publisher":"https:\/\/www.facebook.com\/BBQ-Entertainment-N-Catering-2437913376443540","article_modified_time":"2026-04-06T09:26:53+00:00","og_image":[{"width":1000,"height":1000,"url":"https:\/\/bbqentertainment.com\/wp-content\/uploads\/2026\/03\/Napoleon-Oasis-must-BIG38-sisseehitatava-grilli-aluskapp-sahtlitega.jpg","type":"image\/jpeg"}],"twitter_card":"summary_large_image","twitter_misc":{"Est. reading time":"1 minute"},"schema":{"@context":"https:\/\/schema.org","@graph":[{"@type":["WebPage","ItemPage"],"@id":"https:\/\/bbqentertainment.com\/toode\/napoleon-oasis-must-big38-sisseehitatava-grilli-aluskapp-sahtlitega\/","url":"https:\/\/bbqentertainment.com\/toode\/napoleon-oasis-must-big38-sisseehitatava-grilli-aluskapp-sahtlitega\/","name":"Napoleon Oasis must BIG38 sisseehitatava grilli aluskapp sahtlitega - BBQ Entertainment","isPartOf":{"@id":"https:\/\/bbqentertainment.com\/#website"},"primaryImageOfPage":{"@id":"https:\/\/bbqentertainment.com\/toode\/napoleon-oasis-must-big38-sisseehitatava-grilli-aluskapp-sahtlitega\/#primaryimage"},"image":{"@id":"https:\/\/bbqentertainment.com\/toode\/napoleon-oasis-must-big38-sisseehitatava-grilli-aluskapp-sahtlitega\/#primaryimage"},"thumbnailUrl":"https:\/\/bbqentertainment.com\/wp-content\/uploads\/2026\/03\/Napoleon-Oasis-must-BIG38-sisseehitatava-grilli-aluskapp-sahtlitega.jpg","datePublished":"2026-03-01T22:47:37+00:00","dateModified":"2026-04-06T09:26:53+00:00","breadcrumb":{"@id":"https:\/\/bbqentertainment.com\/toode\/napoleon-oasis-must-big38-sisseehitatava-grilli-aluskapp-sahtlitega\/#breadcrumb"},"inLanguage":"en-US","potentialAction":[{"@type":"ReadAction","target":["https:\/\/bbqentertainment.com\/toode\/napoleon-oasis-must-big38-sisseehitatava-grilli-aluskapp-sahtlitega\/"]}]},{"@type":"ImageObject","inLanguage":"en-US","@id":"https:\/\/bbqentertainment.com\/toode\/napoleon-oasis-must-big38-sisseehitatava-grilli-aluskapp-sahtlitega\/#primaryimage","url":"https:\/\/bbqentertainment.com\/wp-content\/uploads\/2026\/03\/Napoleon-Oasis-must-BIG38-sisseehitatava-grilli-aluskapp-sahtlitega.jpg","contentUrl":"https:\/\/bbqentertainment.com\/wp-content\/uploads\/2026\/03\/Napoleon-Oasis-must-BIG38-sisseehitatava-grilli-aluskapp-sahtlitega.jpg","width":1000,"height":1000},{"@type":"BreadcrumbList","@id":"https:\/\/bbqentertainment.com\/toode\/napoleon-oasis-must-big38-sisseehitatava-grilli-aluskapp-sahtlitega\/#breadcrumb","itemListElement":[{"@type":"ListItem","position":1,"name":"AVALEHT","item":"https:\/\/bbqentertainment.com\/en\/"},{"@type":"ListItem","position":2,"name":"Tooted","item":"https:\/\/bbqentertainment.com\/tooted\/"},{"@type":"ListItem","position":3,"name":"Lisatarvikud","item":"https:\/\/bbqentertainment.com\/tootekategooria\/lisatarvikud\/"},{"@type":"ListItem","position":4,"name":"Lisatarvikud Napoleon","item":"https:\/\/bbqentertainment.com\/tootekategooria\/lisatarvikud\/lisatarvikud-napoleon\/"},{"@type":"ListItem","position":5,"name":"Napoleon Oasis must BIG38 sisseehitatava grilli aluskapp sahtlitega"}]},{"@type":"WebSite","@id":"https:\/\/bbqentertainment.com\/#website","url":"https:\/\/bbqentertainment.com\/","name":"BBQ Entertainment","description":"BBQ is a great lifestyle, not just fun!","publisher":{"@id":"https:\/\/bbqentertainment.com\/#organization"},"potentialAction":[{"@type":"SearchAction","target":{"@type":"EntryPoint","urlTemplate":"https:\/\/bbqentertainment.com\/?s={search_term_string}"},"query-input":{"@type":"PropertyValueSpecification","valueRequired":true,"valueName":"search_term_string"}}],"inLanguage":"en-US"},{"@type":"Organization","@id":"https:\/\/bbqentertainment.com\/#organization","name":"BBQ Entertainment O\u00dc","url":"https:\/\/bbqentertainment.com\/","logo":{"@type":"ImageObject","inLanguage":"en-US","@id":"https:\/\/bbqentertainment.com\/#\/schema\/logo\/image\/","url":"https:\/\/bbqentertainment.com\/wp-content\/uploads\/2020\/04\/BBQ-Entertainment-N-Catering-Enn-Tobreluts-Logo.png","contentUrl":"https:\/\/bbqentertainment.com\/wp-content\/uploads\/2020\/04\/BBQ-Entertainment-N-Catering-Enn-Tobreluts-Logo.png","width":628,"height":266,"caption":"BBQ Entertainment O\u00dc"},"image":{"@id":"https:\/\/bbqentertainment.com\/#\/schema\/logo\/image\/"},"sameAs":["https:\/\/www.facebook.com\/BBQ-Entertainment-N-Catering-2437913376443540","https:\/\/www.instagram.com\/bbqentertainmentncatering\/","https:\/\/www.youtube.com\/channel\/UCmpuANQVhLy2Md8nrenp2jA"]}]}},"_links":{"self":[{"href":"https:\/\/bbqentertainment.com\/en\/wp-json\/wp\/v2\/product\/257808","targetHints":{"allow":["GET"]}}],"collection":[{"href":"https:\/\/bbqentertainment.com\/en\/wp-json\/wp\/v2\/product"}],"about":[{"href":"https:\/\/bbqentertainment.com\/en\/wp-json\/wp\/v2\/types\/product"}],"wp:featuredmedia":[{"embeddable":true,"href":"https:\/\/bbqentertainment.com\/en\/wp-json\/wp\/v2\/media\/257847"}],"wp:attachment":[{"href":"https:\/\/bbqentertainment.com\/en\/wp-json\/wp\/v2\/media?parent=257808"}],"wp:term":[{"taxonomy":"product_brand","embeddable":true,"href":"https:\/\/bbqentertainment.com\/en\/wp-json\/wp\/v2\/product_brand?post=257808"},{"taxonomy":"product_cat","embeddable":true,"href":"https:\/\/bbqentertainment.com\/en\/wp-json\/wp\/v2\/product_cat?post=257808"},{"taxonomy":"product_tag","embeddable":true,"href":"https:\/\/bbqentertainment.com\/en\/wp-json\/wp\/v2\/product_tag?post=257808"}],"curies":[{"name":"wp","href":"https:\/\/api.w.org\/{rel}","templated":true}]}}