{"id":257810,"date":"2026-03-02T00:47:39","date_gmt":"2026-03-01T22:47:39","guid":{"rendered":"https:\/\/bbqentertainment.com\/?post_type=product&#038;p=257810"},"modified":"2026-04-15T15:41:18","modified_gmt":"2026-04-15T12:41:18","slug":"napoleon-grilltangid-premium","status":"publish","type":"product","link":"https:\/\/bbqentertainment.com\/en\/toode\/napoleon-grilltangid-premium\/","title":{"rendered":"Napoleon grilltangid premium"},"content":{"rendered":"","protected":false},"excerpt":{"rendered":"<h3>Napoleon grilltangid premium<\/h3>\n<p>Premium-klassi grilltangid on loodud kuumust taluma ja annavad sulle v\u00e4ga t\u00e4pse kontrolli toidu \u00fcle. Kiire \u00fche k\u00e4ega kasutatav Napoleon QuickClick\u2122 lukustus teeb tangide avamise ja sulgemise mugavaks ning roostevabast terasest korpus peab vastu lugematutele grillimiskordadele. Libisemiskindel k\u00e4epide ja riputusaas hoiavad tangid alati k\u00e4eulatuses ning p\u00e4rast grilli\u00f5htut saad need lihtsalt n\u00f5udepesumasinas puhtaks.<\/p>\n<p><strong>P\u00f5hiomadused<\/strong><\/p>\n<ul>\n<li>Loodud kuumuse talumiseks ja t\u00e4pseks toiduk\u00e4sitluseks<\/li>\n<li>QuickClick\u2122 s\u00fcsteem v\u00f5imaldab mugavat \u00fche k\u00e4ega kasutamist<\/li>\n<li>Sooned tagavad t\u00e4psema ja kindlama haarde toidule<\/li>\n<li>Roostevabast terasest \u2013 vastupidav ja pikaajaline<\/li>\n<li>N\u00f5udepesumasinas pestavad, k\u00e4sipesu pikendab eluiga<\/li>\n<li>Riputusaas mugavaks ladustamiseks ja k\u00e4ep\u00e4raseks hoiustamiseks grillimise ajal<\/li>\n<\/ul>\n","protected":false},"featured_media":257837,"template":"","meta":{"inline_featured_image":false},"product_brand":[],"product_cat":[562,479],"product_tag":[],"class_list":{"0":"post-257810","1":"product","2":"type-product","3":"status-publish","4":"has-post-thumbnail","6":"product_cat-lisatarvikud-napoleon","7":"product_cat-grillitarvikud","9":"first","10":"instock","11":"taxable","12":"shipping-taxable","13":"purchasable","14":"product-type-simple"},"yoast_head":"<!-- This site is optimized with the Yoast SEO plugin v27.4 - https:\/\/yoast.com\/product\/yoast-seo-wordpress\/ -->\n<title>Napoleon grilltangid premium - BBQ Entertainment<\/title>\n<meta name=\"robots\" content=\"index, follow, max-snippet:-1, max-image-preview:large, max-video-preview:-1\" \/>\n<link rel=\"canonical\" href=\"https:\/\/bbqentertainment.com\/toode\/napoleon-grilltangid-premium\/\" \/>\n<meta property=\"og:locale\" content=\"en_US\" \/>\n<meta property=\"og:type\" content=\"article\" \/>\n<meta property=\"og:title\" content=\"Napoleon grilltangid premium - BBQ Entertainment\" \/>\n<meta property=\"og:description\" content=\"Napoleon grilltangid premium Premium-klassi grilltangid on loodud kuumust taluma ja annavad sulle v\u00e4ga t\u00e4pse kontrolli toidu \u00fcle. Kiire \u00fche k\u00e4ega kasutatav Napoleon QuickClick\u2122 lukustus teeb tangide avamise ja sulgemise mugavaks ning roostevabast terasest korpus peab vastu lugematutele grillimiskordadele. Libisemiskindel k\u00e4epide ja riputusaas hoiavad tangid alati k\u00e4eulatuses ning p\u00e4rast grilli\u00f5htut saad need lihtsalt n\u00f5udepesumasinas puhtaks.  P\u00f5hiomadused   Loodud kuumuse talumiseks ja t\u00e4pseks toiduk\u00e4sitluseks  QuickClick\u2122 s\u00fcsteem v\u00f5imaldab mugavat \u00fche k\u00e4ega kasutamist  Sooned tagavad t\u00e4psema ja kindlama haarde toidule  Roostevabast terasest \u2013 vastupidav ja pikaajaline  N\u00f5udepesumasinas pestavad, k\u00e4sipesu pikendab eluiga  Riputusaas mugavaks ladustamiseks ja k\u00e4ep\u00e4raseks hoiustamiseks grillimise ajal\" \/>\n<meta property=\"og:url\" content=\"https:\/\/bbqentertainment.com\/toode\/napoleon-grilltangid-premium\/\" \/>\n<meta property=\"og:site_name\" content=\"BBQ Entertainment\" \/>\n<meta property=\"article:publisher\" content=\"https:\/\/www.facebook.com\/BBQ-Entertainment-N-Catering-2437913376443540\" \/>\n<meta property=\"article:modified_time\" content=\"2026-04-15T12:41:18+00:00\" \/>\n<meta property=\"og:image\" content=\"https:\/\/bbqentertainment.com\/wp-content\/uploads\/2026\/03\/GATL008-Web-Gallery-03-Original_JPG-GATL008_BetterTongs_Prod-Ang-R.jpg\" \/>\n\t<meta property=\"og:image:width\" content=\"1000\" \/>\n\t<meta property=\"og:image:height\" content=\"1000\" \/>\n\t<meta property=\"og:image:type\" content=\"image\/jpeg\" \/>\n<meta name=\"twitter:card\" content=\"summary_large_image\" \/>\n<meta name=\"twitter:label1\" content=\"Est. reading time\" \/>\n\t<meta name=\"twitter:data1\" content=\"1 minute\" \/>\n<script type=\"application\/ld+json\" class=\"yoast-schema-graph\">{\"@context\":\"https:\\\/\\\/schema.org\",\"@graph\":[{\"@type\":[\"WebPage\",\"ItemPage\"],\"@id\":\"https:\\\/\\\/bbqentertainment.com\\\/toode\\\/napoleon-grilltangid-premium\\\/\",\"url\":\"https:\\\/\\\/bbqentertainment.com\\\/toode\\\/napoleon-grilltangid-premium\\\/\",\"name\":\"Napoleon grilltangid premium - BBQ Entertainment\",\"isPartOf\":{\"@id\":\"https:\\\/\\\/bbqentertainment.com\\\/#website\"},\"primaryImageOfPage\":{\"@id\":\"https:\\\/\\\/bbqentertainment.com\\\/toode\\\/napoleon-grilltangid-premium\\\/#primaryimage\"},\"image\":{\"@id\":\"https:\\\/\\\/bbqentertainment.com\\\/toode\\\/napoleon-grilltangid-premium\\\/#primaryimage\"},\"thumbnailUrl\":\"https:\\\/\\\/bbqentertainment.com\\\/wp-content\\\/uploads\\\/2026\\\/03\\\/GATL008-Web-Gallery-03-Original_JPG-GATL008_BetterTongs_Prod-Ang-R.jpg\",\"datePublished\":\"2026-03-01T22:47:39+00:00\",\"dateModified\":\"2026-04-15T12:41:18+00:00\",\"breadcrumb\":{\"@id\":\"https:\\\/\\\/bbqentertainment.com\\\/toode\\\/napoleon-grilltangid-premium\\\/#breadcrumb\"},\"inLanguage\":\"en-US\",\"potentialAction\":[{\"@type\":\"ReadAction\",\"target\":[\"https:\\\/\\\/bbqentertainment.com\\\/toode\\\/napoleon-grilltangid-premium\\\/\"]}]},{\"@type\":\"ImageObject\",\"inLanguage\":\"en-US\",\"@id\":\"https:\\\/\\\/bbqentertainment.com\\\/toode\\\/napoleon-grilltangid-premium\\\/#primaryimage\",\"url\":\"https:\\\/\\\/bbqentertainment.com\\\/wp-content\\\/uploads\\\/2026\\\/03\\\/GATL008-Web-Gallery-03-Original_JPG-GATL008_BetterTongs_Prod-Ang-R.jpg\",\"contentUrl\":\"https:\\\/\\\/bbqentertainment.com\\\/wp-content\\\/uploads\\\/2026\\\/03\\\/GATL008-Web-Gallery-03-Original_JPG-GATL008_BetterTongs_Prod-Ang-R.jpg\",\"width\":1000,\"height\":1000},{\"@type\":\"BreadcrumbList\",\"@id\":\"https:\\\/\\\/bbqentertainment.com\\\/toode\\\/napoleon-grilltangid-premium\\\/#breadcrumb\",\"itemListElement\":[{\"@type\":\"ListItem\",\"position\":1,\"name\":\"AVALEHT\",\"item\":\"https:\\\/\\\/bbqentertainment.com\\\/en\\\/\"},{\"@type\":\"ListItem\",\"position\":2,\"name\":\"Tooted\",\"item\":\"https:\\\/\\\/bbqentertainment.com\\\/tooted\\\/\"},{\"@type\":\"ListItem\",\"position\":3,\"name\":\"Lisatarvikud\",\"item\":\"https:\\\/\\\/bbqentertainment.com\\\/tootekategooria\\\/lisatarvikud\\\/\"},{\"@type\":\"ListItem\",\"position\":4,\"name\":\"Lisatarvikud Napoleon\",\"item\":\"https:\\\/\\\/bbqentertainment.com\\\/tootekategooria\\\/lisatarvikud\\\/lisatarvikud-napoleon\\\/\"},{\"@type\":\"ListItem\",\"position\":5,\"name\":\"Napoleon grilltangid premium\"}]},{\"@type\":\"WebSite\",\"@id\":\"https:\\\/\\\/bbqentertainment.com\\\/#website\",\"url\":\"https:\\\/\\\/bbqentertainment.com\\\/\",\"name\":\"BBQ Entertainment\",\"description\":\"BBQ is a great lifestyle, not just fun!\",\"publisher\":{\"@id\":\"https:\\\/\\\/bbqentertainment.com\\\/#organization\"},\"potentialAction\":[{\"@type\":\"SearchAction\",\"target\":{\"@type\":\"EntryPoint\",\"urlTemplate\":\"https:\\\/\\\/bbqentertainment.com\\\/?s={search_term_string}\"},\"query-input\":{\"@type\":\"PropertyValueSpecification\",\"valueRequired\":true,\"valueName\":\"search_term_string\"}}],\"inLanguage\":\"en-US\"},{\"@type\":\"Organization\",\"@id\":\"https:\\\/\\\/bbqentertainment.com\\\/#organization\",\"name\":\"BBQ Entertainment O\u00dc\",\"url\":\"https:\\\/\\\/bbqentertainment.com\\\/\",\"logo\":{\"@type\":\"ImageObject\",\"inLanguage\":\"en-US\",\"@id\":\"https:\\\/\\\/bbqentertainment.com\\\/#\\\/schema\\\/logo\\\/image\\\/\",\"url\":\"https:\\\/\\\/bbqentertainment.com\\\/wp-content\\\/uploads\\\/2020\\\/04\\\/BBQ-Entertainment-N-Catering-Enn-Tobreluts-Logo.png\",\"contentUrl\":\"https:\\\/\\\/bbqentertainment.com\\\/wp-content\\\/uploads\\\/2020\\\/04\\\/BBQ-Entertainment-N-Catering-Enn-Tobreluts-Logo.png\",\"width\":628,\"height\":266,\"caption\":\"BBQ Entertainment O\u00dc\"},\"image\":{\"@id\":\"https:\\\/\\\/bbqentertainment.com\\\/#\\\/schema\\\/logo\\\/image\\\/\"},\"sameAs\":[\"https:\\\/\\\/www.facebook.com\\\/BBQ-Entertainment-N-Catering-2437913376443540\",\"https:\\\/\\\/www.instagram.com\\\/bbqentertainmentncatering\\\/\",\"https:\\\/\\\/www.youtube.com\\\/channel\\\/UCmpuANQVhLy2Md8nrenp2jA\"]}]}<\/script>\n<!-- \/ Yoast SEO plugin. -->","yoast_head_json":{"title":"Napoleon grilltangid premium - BBQ Entertainment","robots":{"index":"index","follow":"follow","max-snippet":"max-snippet:-1","max-image-preview":"max-image-preview:large","max-video-preview":"max-video-preview:-1"},"canonical":"https:\/\/bbqentertainment.com\/toode\/napoleon-grilltangid-premium\/","og_locale":"en_US","og_type":"article","og_title":"Napoleon grilltangid premium - BBQ Entertainment","og_description":"Napoleon grilltangid premium Premium-klassi grilltangid on loodud kuumust taluma ja annavad sulle v\u00e4ga t\u00e4pse kontrolli toidu \u00fcle. Kiire \u00fche k\u00e4ega kasutatav Napoleon QuickClick\u2122 lukustus teeb tangide avamise ja sulgemise mugavaks ning roostevabast terasest korpus peab vastu lugematutele grillimiskordadele. Libisemiskindel k\u00e4epide ja riputusaas hoiavad tangid alati k\u00e4eulatuses ning p\u00e4rast grilli\u00f5htut saad need lihtsalt n\u00f5udepesumasinas puhtaks.  P\u00f5hiomadused   Loodud kuumuse talumiseks ja t\u00e4pseks toiduk\u00e4sitluseks  QuickClick\u2122 s\u00fcsteem v\u00f5imaldab mugavat \u00fche k\u00e4ega kasutamist  Sooned tagavad t\u00e4psema ja kindlama haarde toidule  Roostevabast terasest \u2013 vastupidav ja pikaajaline  N\u00f5udepesumasinas pestavad, k\u00e4sipesu pikendab eluiga  Riputusaas mugavaks ladustamiseks ja k\u00e4ep\u00e4raseks hoiustamiseks grillimise ajal","og_url":"https:\/\/bbqentertainment.com\/toode\/napoleon-grilltangid-premium\/","og_site_name":"BBQ Entertainment","article_publisher":"https:\/\/www.facebook.com\/BBQ-Entertainment-N-Catering-2437913376443540","article_modified_time":"2026-04-15T12:41:18+00:00","og_image":[{"width":1000,"height":1000,"url":"https:\/\/bbqentertainment.com\/wp-content\/uploads\/2026\/03\/GATL008-Web-Gallery-03-Original_JPG-GATL008_BetterTongs_Prod-Ang-R.jpg","type":"image\/jpeg"}],"twitter_card":"summary_large_image","twitter_misc":{"Est. reading time":"1 minute"},"schema":{"@context":"https:\/\/schema.org","@graph":[{"@type":["WebPage","ItemPage"],"@id":"https:\/\/bbqentertainment.com\/toode\/napoleon-grilltangid-premium\/","url":"https:\/\/bbqentertainment.com\/toode\/napoleon-grilltangid-premium\/","name":"Napoleon grilltangid premium - BBQ Entertainment","isPartOf":{"@id":"https:\/\/bbqentertainment.com\/#website"},"primaryImageOfPage":{"@id":"https:\/\/bbqentertainment.com\/toode\/napoleon-grilltangid-premium\/#primaryimage"},"image":{"@id":"https:\/\/bbqentertainment.com\/toode\/napoleon-grilltangid-premium\/#primaryimage"},"thumbnailUrl":"https:\/\/bbqentertainment.com\/wp-content\/uploads\/2026\/03\/GATL008-Web-Gallery-03-Original_JPG-GATL008_BetterTongs_Prod-Ang-R.jpg","datePublished":"2026-03-01T22:47:39+00:00","dateModified":"2026-04-15T12:41:18+00:00","breadcrumb":{"@id":"https:\/\/bbqentertainment.com\/toode\/napoleon-grilltangid-premium\/#breadcrumb"},"inLanguage":"en-US","potentialAction":[{"@type":"ReadAction","target":["https:\/\/bbqentertainment.com\/toode\/napoleon-grilltangid-premium\/"]}]},{"@type":"ImageObject","inLanguage":"en-US","@id":"https:\/\/bbqentertainment.com\/toode\/napoleon-grilltangid-premium\/#primaryimage","url":"https:\/\/bbqentertainment.com\/wp-content\/uploads\/2026\/03\/GATL008-Web-Gallery-03-Original_JPG-GATL008_BetterTongs_Prod-Ang-R.jpg","contentUrl":"https:\/\/bbqentertainment.com\/wp-content\/uploads\/2026\/03\/GATL008-Web-Gallery-03-Original_JPG-GATL008_BetterTongs_Prod-Ang-R.jpg","width":1000,"height":1000},{"@type":"BreadcrumbList","@id":"https:\/\/bbqentertainment.com\/toode\/napoleon-grilltangid-premium\/#breadcrumb","itemListElement":[{"@type":"ListItem","position":1,"name":"AVALEHT","item":"https:\/\/bbqentertainment.com\/en\/"},{"@type":"ListItem","position":2,"name":"Tooted","item":"https:\/\/bbqentertainment.com\/tooted\/"},{"@type":"ListItem","position":3,"name":"Lisatarvikud","item":"https:\/\/bbqentertainment.com\/tootekategooria\/lisatarvikud\/"},{"@type":"ListItem","position":4,"name":"Lisatarvikud Napoleon","item":"https:\/\/bbqentertainment.com\/tootekategooria\/lisatarvikud\/lisatarvikud-napoleon\/"},{"@type":"ListItem","position":5,"name":"Napoleon grilltangid premium"}]},{"@type":"WebSite","@id":"https:\/\/bbqentertainment.com\/#website","url":"https:\/\/bbqentertainment.com\/","name":"BBQ Entertainment","description":"BBQ is a great lifestyle, not just fun!","publisher":{"@id":"https:\/\/bbqentertainment.com\/#organization"},"potentialAction":[{"@type":"SearchAction","target":{"@type":"EntryPoint","urlTemplate":"https:\/\/bbqentertainment.com\/?s={search_term_string}"},"query-input":{"@type":"PropertyValueSpecification","valueRequired":true,"valueName":"search_term_string"}}],"inLanguage":"en-US"},{"@type":"Organization","@id":"https:\/\/bbqentertainment.com\/#organization","name":"BBQ Entertainment O\u00dc","url":"https:\/\/bbqentertainment.com\/","logo":{"@type":"ImageObject","inLanguage":"en-US","@id":"https:\/\/bbqentertainment.com\/#\/schema\/logo\/image\/","url":"https:\/\/bbqentertainment.com\/wp-content\/uploads\/2020\/04\/BBQ-Entertainment-N-Catering-Enn-Tobreluts-Logo.png","contentUrl":"https:\/\/bbqentertainment.com\/wp-content\/uploads\/2020\/04\/BBQ-Entertainment-N-Catering-Enn-Tobreluts-Logo.png","width":628,"height":266,"caption":"BBQ Entertainment O\u00dc"},"image":{"@id":"https:\/\/bbqentertainment.com\/#\/schema\/logo\/image\/"},"sameAs":["https:\/\/www.facebook.com\/BBQ-Entertainment-N-Catering-2437913376443540","https:\/\/www.instagram.com\/bbqentertainmentncatering\/","https:\/\/www.youtube.com\/channel\/UCmpuANQVhLy2Md8nrenp2jA"]}]}},"_links":{"self":[{"href":"https:\/\/bbqentertainment.com\/en\/wp-json\/wp\/v2\/product\/257810","targetHints":{"allow":["GET"]}}],"collection":[{"href":"https:\/\/bbqentertainment.com\/en\/wp-json\/wp\/v2\/product"}],"about":[{"href":"https:\/\/bbqentertainment.com\/en\/wp-json\/wp\/v2\/types\/product"}],"wp:featuredmedia":[{"embeddable":true,"href":"https:\/\/bbqentertainment.com\/en\/wp-json\/wp\/v2\/media\/257837"}],"wp:attachment":[{"href":"https:\/\/bbqentertainment.com\/en\/wp-json\/wp\/v2\/media?parent=257810"}],"wp:term":[{"taxonomy":"product_brand","embeddable":true,"href":"https:\/\/bbqentertainment.com\/en\/wp-json\/wp\/v2\/product_brand?post=257810"},{"taxonomy":"product_cat","embeddable":true,"href":"https:\/\/bbqentertainment.com\/en\/wp-json\/wp\/v2\/product_cat?post=257810"},{"taxonomy":"product_tag","embeddable":true,"href":"https:\/\/bbqentertainment.com\/en\/wp-json\/wp\/v2\/product_tag?post=257810"}],"curies":[{"name":"wp","href":"https:\/\/api.w.org\/{rel}","templated":true}]}}