{"id":257812,"date":"2026-03-02T00:47:40","date_gmt":"2026-03-01T22:47:40","guid":{"rendered":"https:\/\/bbqentertainment.com\/?post_type=product&#038;p=257812"},"modified":"2026-04-16T13:56:21","modified_gmt":"2026-04-16T10:56:21","slug":"napoleon-freestyle-365-fooliumvannid-rasvaeemaldusplaadid-3-tk-komplektis","status":"publish","type":"product","link":"https:\/\/bbqentertainment.com\/en\/toode\/napoleon-freestyle-365-fooliumvannid-rasvaeemaldusplaadid-3-tk-komplektis\/","title":{"rendered":"Napoleon Freestyle 365 fooliumvannid \/ rasvaeemaldusplaadid 3 tk komplektis"},"content":{"rendered":"","protected":false},"excerpt":{"rendered":"<h3>Napoleon Freestyle 365 fooliumvannid \/ rasvaeemaldusplaadid 3 tk komplektis<\/h3>\n<p>Kui sa tahad oma Freestyle 365 gaasigrilli puhastamise eriti lihtsaks teha, siis need \u00fchekordsed alumiiniumist fooliumvannid on just sulle. Need koguvad k\u00fcpsetamise ajal tekkiva rasva ja toiduj\u00e4\u00e4gid grilli tagaosas, nii et sina saad need lihtsalt v\u00e4lja v\u00f5tta. Fooliumvannid aitavad hoida sinu Napoleon grilli puhtana, pikendavad selle eluiga ja muudavad igap\u00e4evase hoolduse m\u00e4rksa muretumaks.<\/p>\n","protected":false},"featured_media":257834,"template":"","meta":{"inline_featured_image":false},"product_brand":[],"product_cat":[562],"product_tag":[],"class_list":{"0":"post-257812","1":"product","2":"type-product","3":"status-publish","4":"has-post-thumbnail","6":"product_cat-lisatarvikud-napoleon","8":"first","9":"instock","10":"taxable","11":"shipping-taxable","12":"purchasable","13":"product-type-simple"},"yoast_head":"<!-- This site is optimized with the Yoast SEO plugin v27.4 - https:\/\/yoast.com\/product\/yoast-seo-wordpress\/ -->\n<title>Napoleon Freestyle 365 fooliumvannid \/ rasvaeemaldusplaadid 3 tk komplektis - BBQ Entertainment<\/title>\n<meta name=\"robots\" content=\"index, follow, max-snippet:-1, max-image-preview:large, max-video-preview:-1\" \/>\n<link rel=\"canonical\" href=\"https:\/\/bbqentertainment.com\/toode\/napoleon-freestyle-365-fooliumvannid-rasvaeemaldusplaadid-3-tk-komplektis\/\" \/>\n<meta property=\"og:locale\" content=\"en_US\" \/>\n<meta property=\"og:type\" content=\"article\" \/>\n<meta property=\"og:title\" content=\"Napoleon Freestyle 365 fooliumvannid \/ rasvaeemaldusplaadid 3 tk komplektis - BBQ Entertainment\" \/>\n<meta property=\"og:description\" content=\"Napoleon Freestyle 365 fooliumvannid \/ rasvaeemaldusplaadid 3 tk komplektis Kui sa tahad oma Freestyle 365 gaasigrilli puhastamise eriti lihtsaks teha, siis need \u00fchekordsed alumiiniumist fooliumvannid on just sulle. Need koguvad k\u00fcpsetamise ajal tekkiva rasva ja toiduj\u00e4\u00e4gid grilli tagaosas, nii et sina saad need lihtsalt v\u00e4lja v\u00f5tta. Fooliumvannid aitavad hoida sinu Napoleon grilli puhtana, pikendavad selle eluiga ja muudavad igap\u00e4evase hoolduse m\u00e4rksa muretumaks.\" \/>\n<meta property=\"og:url\" content=\"https:\/\/bbqentertainment.com\/toode\/napoleon-freestyle-365-fooliumvannid-rasvaeemaldusplaadid-3-tk-komplektis\/\" \/>\n<meta property=\"og:site_name\" content=\"BBQ Entertainment\" \/>\n<meta property=\"article:publisher\" content=\"https:\/\/www.facebook.com\/BBQ-Entertainment-N-Catering-2437913376443540\" \/>\n<meta property=\"article:modified_time\" content=\"2026-04-16T10:56:21+00:00\" \/>\n<meta property=\"og:image\" content=\"https:\/\/bbqentertainment.com\/wp-content\/uploads\/2026\/03\/62026-Web-Gallery-01-62026-Freestyle_365-Drip-Tray-Liners-Prod-On-White_MAIN_.jpg\" \/>\n\t<meta property=\"og:image:width\" content=\"1000\" \/>\n\t<meta property=\"og:image:height\" content=\"1000\" \/>\n\t<meta property=\"og:image:type\" content=\"image\/jpeg\" \/>\n<meta name=\"twitter:card\" content=\"summary_large_image\" \/>\n<meta name=\"twitter:label1\" content=\"Est. reading time\" \/>\n\t<meta name=\"twitter:data1\" content=\"1 minute\" \/>\n<script type=\"application\/ld+json\" class=\"yoast-schema-graph\">{\"@context\":\"https:\\\/\\\/schema.org\",\"@graph\":[{\"@type\":[\"WebPage\",\"ItemPage\"],\"@id\":\"https:\\\/\\\/bbqentertainment.com\\\/toode\\\/napoleon-freestyle-365-fooliumvannid-rasvaeemaldusplaadid-3-tk-komplektis\\\/\",\"url\":\"https:\\\/\\\/bbqentertainment.com\\\/toode\\\/napoleon-freestyle-365-fooliumvannid-rasvaeemaldusplaadid-3-tk-komplektis\\\/\",\"name\":\"Napoleon Freestyle 365 fooliumvannid \\\/ rasvaeemaldusplaadid 3 tk komplektis - BBQ Entertainment\",\"isPartOf\":{\"@id\":\"https:\\\/\\\/bbqentertainment.com\\\/#website\"},\"primaryImageOfPage\":{\"@id\":\"https:\\\/\\\/bbqentertainment.com\\\/toode\\\/napoleon-freestyle-365-fooliumvannid-rasvaeemaldusplaadid-3-tk-komplektis\\\/#primaryimage\"},\"image\":{\"@id\":\"https:\\\/\\\/bbqentertainment.com\\\/toode\\\/napoleon-freestyle-365-fooliumvannid-rasvaeemaldusplaadid-3-tk-komplektis\\\/#primaryimage\"},\"thumbnailUrl\":\"https:\\\/\\\/bbqentertainment.com\\\/wp-content\\\/uploads\\\/2026\\\/03\\\/62026-Web-Gallery-01-62026-Freestyle_365-Drip-Tray-Liners-Prod-On-White_MAIN_.jpg\",\"datePublished\":\"2026-03-01T22:47:40+00:00\",\"dateModified\":\"2026-04-16T10:56:21+00:00\",\"breadcrumb\":{\"@id\":\"https:\\\/\\\/bbqentertainment.com\\\/toode\\\/napoleon-freestyle-365-fooliumvannid-rasvaeemaldusplaadid-3-tk-komplektis\\\/#breadcrumb\"},\"inLanguage\":\"en-US\",\"potentialAction\":[{\"@type\":\"ReadAction\",\"target\":[\"https:\\\/\\\/bbqentertainment.com\\\/toode\\\/napoleon-freestyle-365-fooliumvannid-rasvaeemaldusplaadid-3-tk-komplektis\\\/\"]}]},{\"@type\":\"ImageObject\",\"inLanguage\":\"en-US\",\"@id\":\"https:\\\/\\\/bbqentertainment.com\\\/toode\\\/napoleon-freestyle-365-fooliumvannid-rasvaeemaldusplaadid-3-tk-komplektis\\\/#primaryimage\",\"url\":\"https:\\\/\\\/bbqentertainment.com\\\/wp-content\\\/uploads\\\/2026\\\/03\\\/62026-Web-Gallery-01-62026-Freestyle_365-Drip-Tray-Liners-Prod-On-White_MAIN_.jpg\",\"contentUrl\":\"https:\\\/\\\/bbqentertainment.com\\\/wp-content\\\/uploads\\\/2026\\\/03\\\/62026-Web-Gallery-01-62026-Freestyle_365-Drip-Tray-Liners-Prod-On-White_MAIN_.jpg\",\"width\":1000,\"height\":1000},{\"@type\":\"BreadcrumbList\",\"@id\":\"https:\\\/\\\/bbqentertainment.com\\\/toode\\\/napoleon-freestyle-365-fooliumvannid-rasvaeemaldusplaadid-3-tk-komplektis\\\/#breadcrumb\",\"itemListElement\":[{\"@type\":\"ListItem\",\"position\":1,\"name\":\"AVALEHT\",\"item\":\"https:\\\/\\\/bbqentertainment.com\\\/en\\\/\"},{\"@type\":\"ListItem\",\"position\":2,\"name\":\"Tooted\",\"item\":\"https:\\\/\\\/bbqentertainment.com\\\/tooted\\\/\"},{\"@type\":\"ListItem\",\"position\":3,\"name\":\"Lisatarvikud\",\"item\":\"https:\\\/\\\/bbqentertainment.com\\\/tootekategooria\\\/lisatarvikud\\\/\"},{\"@type\":\"ListItem\",\"position\":4,\"name\":\"Lisatarvikud Napoleon\",\"item\":\"https:\\\/\\\/bbqentertainment.com\\\/tootekategooria\\\/lisatarvikud\\\/lisatarvikud-napoleon\\\/\"},{\"@type\":\"ListItem\",\"position\":5,\"name\":\"Napoleon Freestyle 365 fooliumvannid \\\/ rasvaeemaldusplaadid 3 tk komplektis\"}]},{\"@type\":\"WebSite\",\"@id\":\"https:\\\/\\\/bbqentertainment.com\\\/#website\",\"url\":\"https:\\\/\\\/bbqentertainment.com\\\/\",\"name\":\"BBQ Entertainment\",\"description\":\"BBQ is a great lifestyle, not just fun!\",\"publisher\":{\"@id\":\"https:\\\/\\\/bbqentertainment.com\\\/#organization\"},\"potentialAction\":[{\"@type\":\"SearchAction\",\"target\":{\"@type\":\"EntryPoint\",\"urlTemplate\":\"https:\\\/\\\/bbqentertainment.com\\\/?s={search_term_string}\"},\"query-input\":{\"@type\":\"PropertyValueSpecification\",\"valueRequired\":true,\"valueName\":\"search_term_string\"}}],\"inLanguage\":\"en-US\"},{\"@type\":\"Organization\",\"@id\":\"https:\\\/\\\/bbqentertainment.com\\\/#organization\",\"name\":\"BBQ Entertainment O\u00dc\",\"url\":\"https:\\\/\\\/bbqentertainment.com\\\/\",\"logo\":{\"@type\":\"ImageObject\",\"inLanguage\":\"en-US\",\"@id\":\"https:\\\/\\\/bbqentertainment.com\\\/#\\\/schema\\\/logo\\\/image\\\/\",\"url\":\"https:\\\/\\\/bbqentertainment.com\\\/wp-content\\\/uploads\\\/2020\\\/04\\\/BBQ-Entertainment-N-Catering-Enn-Tobreluts-Logo.png\",\"contentUrl\":\"https:\\\/\\\/bbqentertainment.com\\\/wp-content\\\/uploads\\\/2020\\\/04\\\/BBQ-Entertainment-N-Catering-Enn-Tobreluts-Logo.png\",\"width\":628,\"height\":266,\"caption\":\"BBQ Entertainment O\u00dc\"},\"image\":{\"@id\":\"https:\\\/\\\/bbqentertainment.com\\\/#\\\/schema\\\/logo\\\/image\\\/\"},\"sameAs\":[\"https:\\\/\\\/www.facebook.com\\\/BBQ-Entertainment-N-Catering-2437913376443540\",\"https:\\\/\\\/www.instagram.com\\\/bbqentertainmentncatering\\\/\",\"https:\\\/\\\/www.youtube.com\\\/channel\\\/UCmpuANQVhLy2Md8nrenp2jA\"]}]}<\/script>\n<!-- \/ Yoast SEO plugin. -->","yoast_head_json":{"title":"Napoleon Freestyle 365 fooliumvannid \/ rasvaeemaldusplaadid 3 tk komplektis - BBQ Entertainment","robots":{"index":"index","follow":"follow","max-snippet":"max-snippet:-1","max-image-preview":"max-image-preview:large","max-video-preview":"max-video-preview:-1"},"canonical":"https:\/\/bbqentertainment.com\/toode\/napoleon-freestyle-365-fooliumvannid-rasvaeemaldusplaadid-3-tk-komplektis\/","og_locale":"en_US","og_type":"article","og_title":"Napoleon Freestyle 365 fooliumvannid \/ rasvaeemaldusplaadid 3 tk komplektis - BBQ Entertainment","og_description":"Napoleon Freestyle 365 fooliumvannid \/ rasvaeemaldusplaadid 3 tk komplektis Kui sa tahad oma Freestyle 365 gaasigrilli puhastamise eriti lihtsaks teha, siis need \u00fchekordsed alumiiniumist fooliumvannid on just sulle. Need koguvad k\u00fcpsetamise ajal tekkiva rasva ja toiduj\u00e4\u00e4gid grilli tagaosas, nii et sina saad need lihtsalt v\u00e4lja v\u00f5tta. Fooliumvannid aitavad hoida sinu Napoleon grilli puhtana, pikendavad selle eluiga ja muudavad igap\u00e4evase hoolduse m\u00e4rksa muretumaks.","og_url":"https:\/\/bbqentertainment.com\/toode\/napoleon-freestyle-365-fooliumvannid-rasvaeemaldusplaadid-3-tk-komplektis\/","og_site_name":"BBQ Entertainment","article_publisher":"https:\/\/www.facebook.com\/BBQ-Entertainment-N-Catering-2437913376443540","article_modified_time":"2026-04-16T10:56:21+00:00","og_image":[{"width":1000,"height":1000,"url":"https:\/\/bbqentertainment.com\/wp-content\/uploads\/2026\/03\/62026-Web-Gallery-01-62026-Freestyle_365-Drip-Tray-Liners-Prod-On-White_MAIN_.jpg","type":"image\/jpeg"}],"twitter_card":"summary_large_image","twitter_misc":{"Est. reading time":"1 minute"},"schema":{"@context":"https:\/\/schema.org","@graph":[{"@type":["WebPage","ItemPage"],"@id":"https:\/\/bbqentertainment.com\/toode\/napoleon-freestyle-365-fooliumvannid-rasvaeemaldusplaadid-3-tk-komplektis\/","url":"https:\/\/bbqentertainment.com\/toode\/napoleon-freestyle-365-fooliumvannid-rasvaeemaldusplaadid-3-tk-komplektis\/","name":"Napoleon Freestyle 365 fooliumvannid \/ rasvaeemaldusplaadid 3 tk komplektis - BBQ Entertainment","isPartOf":{"@id":"https:\/\/bbqentertainment.com\/#website"},"primaryImageOfPage":{"@id":"https:\/\/bbqentertainment.com\/toode\/napoleon-freestyle-365-fooliumvannid-rasvaeemaldusplaadid-3-tk-komplektis\/#primaryimage"},"image":{"@id":"https:\/\/bbqentertainment.com\/toode\/napoleon-freestyle-365-fooliumvannid-rasvaeemaldusplaadid-3-tk-komplektis\/#primaryimage"},"thumbnailUrl":"https:\/\/bbqentertainment.com\/wp-content\/uploads\/2026\/03\/62026-Web-Gallery-01-62026-Freestyle_365-Drip-Tray-Liners-Prod-On-White_MAIN_.jpg","datePublished":"2026-03-01T22:47:40+00:00","dateModified":"2026-04-16T10:56:21+00:00","breadcrumb":{"@id":"https:\/\/bbqentertainment.com\/toode\/napoleon-freestyle-365-fooliumvannid-rasvaeemaldusplaadid-3-tk-komplektis\/#breadcrumb"},"inLanguage":"en-US","potentialAction":[{"@type":"ReadAction","target":["https:\/\/bbqentertainment.com\/toode\/napoleon-freestyle-365-fooliumvannid-rasvaeemaldusplaadid-3-tk-komplektis\/"]}]},{"@type":"ImageObject","inLanguage":"en-US","@id":"https:\/\/bbqentertainment.com\/toode\/napoleon-freestyle-365-fooliumvannid-rasvaeemaldusplaadid-3-tk-komplektis\/#primaryimage","url":"https:\/\/bbqentertainment.com\/wp-content\/uploads\/2026\/03\/62026-Web-Gallery-01-62026-Freestyle_365-Drip-Tray-Liners-Prod-On-White_MAIN_.jpg","contentUrl":"https:\/\/bbqentertainment.com\/wp-content\/uploads\/2026\/03\/62026-Web-Gallery-01-62026-Freestyle_365-Drip-Tray-Liners-Prod-On-White_MAIN_.jpg","width":1000,"height":1000},{"@type":"BreadcrumbList","@id":"https:\/\/bbqentertainment.com\/toode\/napoleon-freestyle-365-fooliumvannid-rasvaeemaldusplaadid-3-tk-komplektis\/#breadcrumb","itemListElement":[{"@type":"ListItem","position":1,"name":"AVALEHT","item":"https:\/\/bbqentertainment.com\/en\/"},{"@type":"ListItem","position":2,"name":"Tooted","item":"https:\/\/bbqentertainment.com\/tooted\/"},{"@type":"ListItem","position":3,"name":"Lisatarvikud","item":"https:\/\/bbqentertainment.com\/tootekategooria\/lisatarvikud\/"},{"@type":"ListItem","position":4,"name":"Lisatarvikud Napoleon","item":"https:\/\/bbqentertainment.com\/tootekategooria\/lisatarvikud\/lisatarvikud-napoleon\/"},{"@type":"ListItem","position":5,"name":"Napoleon Freestyle 365 fooliumvannid \/ rasvaeemaldusplaadid 3 tk komplektis"}]},{"@type":"WebSite","@id":"https:\/\/bbqentertainment.com\/#website","url":"https:\/\/bbqentertainment.com\/","name":"BBQ Entertainment","description":"BBQ is a great lifestyle, not just fun!","publisher":{"@id":"https:\/\/bbqentertainment.com\/#organization"},"potentialAction":[{"@type":"SearchAction","target":{"@type":"EntryPoint","urlTemplate":"https:\/\/bbqentertainment.com\/?s={search_term_string}"},"query-input":{"@type":"PropertyValueSpecification","valueRequired":true,"valueName":"search_term_string"}}],"inLanguage":"en-US"},{"@type":"Organization","@id":"https:\/\/bbqentertainment.com\/#organization","name":"BBQ Entertainment O\u00dc","url":"https:\/\/bbqentertainment.com\/","logo":{"@type":"ImageObject","inLanguage":"en-US","@id":"https:\/\/bbqentertainment.com\/#\/schema\/logo\/image\/","url":"https:\/\/bbqentertainment.com\/wp-content\/uploads\/2020\/04\/BBQ-Entertainment-N-Catering-Enn-Tobreluts-Logo.png","contentUrl":"https:\/\/bbqentertainment.com\/wp-content\/uploads\/2020\/04\/BBQ-Entertainment-N-Catering-Enn-Tobreluts-Logo.png","width":628,"height":266,"caption":"BBQ Entertainment O\u00dc"},"image":{"@id":"https:\/\/bbqentertainment.com\/#\/schema\/logo\/image\/"},"sameAs":["https:\/\/www.facebook.com\/BBQ-Entertainment-N-Catering-2437913376443540","https:\/\/www.instagram.com\/bbqentertainmentncatering\/","https:\/\/www.youtube.com\/channel\/UCmpuANQVhLy2Md8nrenp2jA"]}]}},"_links":{"self":[{"href":"https:\/\/bbqentertainment.com\/en\/wp-json\/wp\/v2\/product\/257812","targetHints":{"allow":["GET"]}}],"collection":[{"href":"https:\/\/bbqentertainment.com\/en\/wp-json\/wp\/v2\/product"}],"about":[{"href":"https:\/\/bbqentertainment.com\/en\/wp-json\/wp\/v2\/types\/product"}],"wp:featuredmedia":[{"embeddable":true,"href":"https:\/\/bbqentertainment.com\/en\/wp-json\/wp\/v2\/media\/257834"}],"wp:attachment":[{"href":"https:\/\/bbqentertainment.com\/en\/wp-json\/wp\/v2\/media?parent=257812"}],"wp:term":[{"taxonomy":"product_brand","embeddable":true,"href":"https:\/\/bbqentertainment.com\/en\/wp-json\/wp\/v2\/product_brand?post=257812"},{"taxonomy":"product_cat","embeddable":true,"href":"https:\/\/bbqentertainment.com\/en\/wp-json\/wp\/v2\/product_cat?post=257812"},{"taxonomy":"product_tag","embeddable":true,"href":"https:\/\/bbqentertainment.com\/en\/wp-json\/wp\/v2\/product_tag?post=257812"}],"curies":[{"name":"wp","href":"https:\/\/api.w.org\/{rel}","templated":true}]}}