{"id":257813,"date":"2026-03-02T00:47:41","date_gmt":"2026-03-01T22:47:41","guid":{"rendered":"https:\/\/bbqentertainment.com\/?post_type=product&#038;p=257813"},"modified":"2026-03-02T01:14:32","modified_gmt":"2026-03-01T23:14:32","slug":"napoleon-freestyle-425-fooliumvannid","status":"publish","type":"product","link":"https:\/\/bbqentertainment.com\/en\/toode\/napoleon-freestyle-425-fooliumvannid\/","title":{"rendered":"Napoleon Freestyle 425 fooliumvannid"},"content":{"rendered":"","protected":false},"excerpt":{"rendered":"<h3>Napoleon Freestyle 425 fooliumvannid<\/h3>\n<p>Kui sa tahad oma Freestyle v\u00f5i Legend seeria gaasigrilli hoolduse v\u00f5imalikult lihtsaks teha, siis \u00fchekordsed fooliumvannid on just sulle. Need kaitsevad grilli p\u00fcsivat rasvialust, koguvad k\u00fcpsetamisel tekkinud rasva ja toiduj\u00e4\u00e4gid ning teeb hilisema koristuse kiireks ja puhtaks.<\/p>\n","protected":false},"featured_media":257832,"template":"","meta":{"inline_featured_image":false},"product_brand":[],"product_cat":[562],"product_tag":[],"class_list":{"0":"post-257813","1":"product","2":"type-product","3":"status-publish","4":"has-post-thumbnail","6":"product_cat-lisatarvikud-napoleon","8":"first","9":"instock","10":"taxable","11":"shipping-taxable","12":"purchasable","13":"product-type-simple"},"yoast_head":"<!-- This site is optimized with the Yoast SEO plugin v27.4 - https:\/\/yoast.com\/product\/yoast-seo-wordpress\/ -->\n<title>Napoleon Freestyle 425 fooliumvannid - BBQ Entertainment<\/title>\n<meta name=\"robots\" content=\"index, follow, max-snippet:-1, max-image-preview:large, max-video-preview:-1\" \/>\n<link rel=\"canonical\" href=\"https:\/\/bbqentertainment.com\/toode\/napoleon-freestyle-425-fooliumvannid\/\" \/>\n<meta property=\"og:locale\" content=\"en_US\" \/>\n<meta property=\"og:type\" content=\"article\" \/>\n<meta property=\"og:title\" content=\"Napoleon Freestyle 425 fooliumvannid - BBQ Entertainment\" \/>\n<meta property=\"og:description\" content=\"Napoleon Freestyle 425 fooliumvannid Kui sa tahad oma Freestyle v\u00f5i Legend seeria gaasigrilli hoolduse v\u00f5imalikult lihtsaks teha, siis \u00fchekordsed fooliumvannid on just sulle. Need kaitsevad grilli p\u00fcsivat rasvialust, koguvad k\u00fcpsetamisel tekkinud rasva ja toiduj\u00e4\u00e4gid ning teeb hilisema koristuse kiireks ja puhtaks.\" \/>\n<meta property=\"og:url\" content=\"https:\/\/bbqentertainment.com\/toode\/napoleon-freestyle-425-fooliumvannid\/\" \/>\n<meta property=\"og:site_name\" content=\"BBQ Entertainment\" \/>\n<meta property=\"article:publisher\" content=\"https:\/\/www.facebook.com\/BBQ-Entertainment-N-Catering-2437913376443540\" \/>\n<meta property=\"article:modified_time\" content=\"2026-03-01T23:14:32+00:00\" \/>\n<meta property=\"og:image\" content=\"https:\/\/bbqentertainment.com\/wp-content\/uploads\/2026\/03\/62029-Web-Gallery-01-62029-Freestyle_425-Drip-Tray-Liners-Prod-On-White_MAIN_.jpg\" \/>\n\t<meta property=\"og:image:width\" content=\"1000\" \/>\n\t<meta property=\"og:image:height\" content=\"1000\" \/>\n\t<meta property=\"og:image:type\" content=\"image\/jpeg\" \/>\n<meta name=\"twitter:card\" content=\"summary_large_image\" \/>\n<meta name=\"twitter:label1\" content=\"Est. reading time\" \/>\n\t<meta name=\"twitter:data1\" content=\"1 minute\" \/>\n<script type=\"application\/ld+json\" class=\"yoast-schema-graph\">{\"@context\":\"https:\\\/\\\/schema.org\",\"@graph\":[{\"@type\":[\"WebPage\",\"ItemPage\"],\"@id\":\"https:\\\/\\\/bbqentertainment.com\\\/toode\\\/napoleon-freestyle-425-fooliumvannid\\\/\",\"url\":\"https:\\\/\\\/bbqentertainment.com\\\/toode\\\/napoleon-freestyle-425-fooliumvannid\\\/\",\"name\":\"Napoleon Freestyle 425 fooliumvannid - BBQ Entertainment\",\"isPartOf\":{\"@id\":\"https:\\\/\\\/bbqentertainment.com\\\/#website\"},\"primaryImageOfPage\":{\"@id\":\"https:\\\/\\\/bbqentertainment.com\\\/toode\\\/napoleon-freestyle-425-fooliumvannid\\\/#primaryimage\"},\"image\":{\"@id\":\"https:\\\/\\\/bbqentertainment.com\\\/toode\\\/napoleon-freestyle-425-fooliumvannid\\\/#primaryimage\"},\"thumbnailUrl\":\"https:\\\/\\\/bbqentertainment.com\\\/wp-content\\\/uploads\\\/2026\\\/03\\\/62029-Web-Gallery-01-62029-Freestyle_425-Drip-Tray-Liners-Prod-On-White_MAIN_.jpg\",\"datePublished\":\"2026-03-01T22:47:41+00:00\",\"dateModified\":\"2026-03-01T23:14:32+00:00\",\"breadcrumb\":{\"@id\":\"https:\\\/\\\/bbqentertainment.com\\\/toode\\\/napoleon-freestyle-425-fooliumvannid\\\/#breadcrumb\"},\"inLanguage\":\"en-US\",\"potentialAction\":[{\"@type\":\"ReadAction\",\"target\":[\"https:\\\/\\\/bbqentertainment.com\\\/toode\\\/napoleon-freestyle-425-fooliumvannid\\\/\"]}]},{\"@type\":\"ImageObject\",\"inLanguage\":\"en-US\",\"@id\":\"https:\\\/\\\/bbqentertainment.com\\\/toode\\\/napoleon-freestyle-425-fooliumvannid\\\/#primaryimage\",\"url\":\"https:\\\/\\\/bbqentertainment.com\\\/wp-content\\\/uploads\\\/2026\\\/03\\\/62029-Web-Gallery-01-62029-Freestyle_425-Drip-Tray-Liners-Prod-On-White_MAIN_.jpg\",\"contentUrl\":\"https:\\\/\\\/bbqentertainment.com\\\/wp-content\\\/uploads\\\/2026\\\/03\\\/62029-Web-Gallery-01-62029-Freestyle_425-Drip-Tray-Liners-Prod-On-White_MAIN_.jpg\",\"width\":1000,\"height\":1000},{\"@type\":\"BreadcrumbList\",\"@id\":\"https:\\\/\\\/bbqentertainment.com\\\/toode\\\/napoleon-freestyle-425-fooliumvannid\\\/#breadcrumb\",\"itemListElement\":[{\"@type\":\"ListItem\",\"position\":1,\"name\":\"AVALEHT\",\"item\":\"https:\\\/\\\/bbqentertainment.com\\\/en\\\/\"},{\"@type\":\"ListItem\",\"position\":2,\"name\":\"Tooted\",\"item\":\"https:\\\/\\\/bbqentertainment.com\\\/tooted\\\/\"},{\"@type\":\"ListItem\",\"position\":3,\"name\":\"Lisatarvikud\",\"item\":\"https:\\\/\\\/bbqentertainment.com\\\/tootekategooria\\\/lisatarvikud\\\/\"},{\"@type\":\"ListItem\",\"position\":4,\"name\":\"Lisatarvikud Napoleon\",\"item\":\"https:\\\/\\\/bbqentertainment.com\\\/tootekategooria\\\/lisatarvikud\\\/lisatarvikud-napoleon\\\/\"},{\"@type\":\"ListItem\",\"position\":5,\"name\":\"Napoleon Freestyle 425 fooliumvannid\"}]},{\"@type\":\"WebSite\",\"@id\":\"https:\\\/\\\/bbqentertainment.com\\\/#website\",\"url\":\"https:\\\/\\\/bbqentertainment.com\\\/\",\"name\":\"BBQ Entertainment\",\"description\":\"BBQ is a great lifestyle, not just fun!\",\"publisher\":{\"@id\":\"https:\\\/\\\/bbqentertainment.com\\\/#organization\"},\"potentialAction\":[{\"@type\":\"SearchAction\",\"target\":{\"@type\":\"EntryPoint\",\"urlTemplate\":\"https:\\\/\\\/bbqentertainment.com\\\/?s={search_term_string}\"},\"query-input\":{\"@type\":\"PropertyValueSpecification\",\"valueRequired\":true,\"valueName\":\"search_term_string\"}}],\"inLanguage\":\"en-US\"},{\"@type\":\"Organization\",\"@id\":\"https:\\\/\\\/bbqentertainment.com\\\/#organization\",\"name\":\"BBQ Entertainment O\u00dc\",\"url\":\"https:\\\/\\\/bbqentertainment.com\\\/\",\"logo\":{\"@type\":\"ImageObject\",\"inLanguage\":\"en-US\",\"@id\":\"https:\\\/\\\/bbqentertainment.com\\\/#\\\/schema\\\/logo\\\/image\\\/\",\"url\":\"https:\\\/\\\/bbqentertainment.com\\\/wp-content\\\/uploads\\\/2020\\\/04\\\/BBQ-Entertainment-N-Catering-Enn-Tobreluts-Logo.png\",\"contentUrl\":\"https:\\\/\\\/bbqentertainment.com\\\/wp-content\\\/uploads\\\/2020\\\/04\\\/BBQ-Entertainment-N-Catering-Enn-Tobreluts-Logo.png\",\"width\":628,\"height\":266,\"caption\":\"BBQ Entertainment O\u00dc\"},\"image\":{\"@id\":\"https:\\\/\\\/bbqentertainment.com\\\/#\\\/schema\\\/logo\\\/image\\\/\"},\"sameAs\":[\"https:\\\/\\\/www.facebook.com\\\/BBQ-Entertainment-N-Catering-2437913376443540\",\"https:\\\/\\\/www.instagram.com\\\/bbqentertainmentncatering\\\/\",\"https:\\\/\\\/www.youtube.com\\\/channel\\\/UCmpuANQVhLy2Md8nrenp2jA\"]}]}<\/script>\n<!-- \/ Yoast SEO plugin. -->","yoast_head_json":{"title":"Napoleon Freestyle 425 fooliumvannid - BBQ Entertainment","robots":{"index":"index","follow":"follow","max-snippet":"max-snippet:-1","max-image-preview":"max-image-preview:large","max-video-preview":"max-video-preview:-1"},"canonical":"https:\/\/bbqentertainment.com\/toode\/napoleon-freestyle-425-fooliumvannid\/","og_locale":"en_US","og_type":"article","og_title":"Napoleon Freestyle 425 fooliumvannid - BBQ Entertainment","og_description":"Napoleon Freestyle 425 fooliumvannid Kui sa tahad oma Freestyle v\u00f5i Legend seeria gaasigrilli hoolduse v\u00f5imalikult lihtsaks teha, siis \u00fchekordsed fooliumvannid on just sulle. Need kaitsevad grilli p\u00fcsivat rasvialust, koguvad k\u00fcpsetamisel tekkinud rasva ja toiduj\u00e4\u00e4gid ning teeb hilisema koristuse kiireks ja puhtaks.","og_url":"https:\/\/bbqentertainment.com\/toode\/napoleon-freestyle-425-fooliumvannid\/","og_site_name":"BBQ Entertainment","article_publisher":"https:\/\/www.facebook.com\/BBQ-Entertainment-N-Catering-2437913376443540","article_modified_time":"2026-03-01T23:14:32+00:00","og_image":[{"width":1000,"height":1000,"url":"https:\/\/bbqentertainment.com\/wp-content\/uploads\/2026\/03\/62029-Web-Gallery-01-62029-Freestyle_425-Drip-Tray-Liners-Prod-On-White_MAIN_.jpg","type":"image\/jpeg"}],"twitter_card":"summary_large_image","twitter_misc":{"Est. reading time":"1 minute"},"schema":{"@context":"https:\/\/schema.org","@graph":[{"@type":["WebPage","ItemPage"],"@id":"https:\/\/bbqentertainment.com\/toode\/napoleon-freestyle-425-fooliumvannid\/","url":"https:\/\/bbqentertainment.com\/toode\/napoleon-freestyle-425-fooliumvannid\/","name":"Napoleon Freestyle 425 fooliumvannid - BBQ Entertainment","isPartOf":{"@id":"https:\/\/bbqentertainment.com\/#website"},"primaryImageOfPage":{"@id":"https:\/\/bbqentertainment.com\/toode\/napoleon-freestyle-425-fooliumvannid\/#primaryimage"},"image":{"@id":"https:\/\/bbqentertainment.com\/toode\/napoleon-freestyle-425-fooliumvannid\/#primaryimage"},"thumbnailUrl":"https:\/\/bbqentertainment.com\/wp-content\/uploads\/2026\/03\/62029-Web-Gallery-01-62029-Freestyle_425-Drip-Tray-Liners-Prod-On-White_MAIN_.jpg","datePublished":"2026-03-01T22:47:41+00:00","dateModified":"2026-03-01T23:14:32+00:00","breadcrumb":{"@id":"https:\/\/bbqentertainment.com\/toode\/napoleon-freestyle-425-fooliumvannid\/#breadcrumb"},"inLanguage":"en-US","potentialAction":[{"@type":"ReadAction","target":["https:\/\/bbqentertainment.com\/toode\/napoleon-freestyle-425-fooliumvannid\/"]}]},{"@type":"ImageObject","inLanguage":"en-US","@id":"https:\/\/bbqentertainment.com\/toode\/napoleon-freestyle-425-fooliumvannid\/#primaryimage","url":"https:\/\/bbqentertainment.com\/wp-content\/uploads\/2026\/03\/62029-Web-Gallery-01-62029-Freestyle_425-Drip-Tray-Liners-Prod-On-White_MAIN_.jpg","contentUrl":"https:\/\/bbqentertainment.com\/wp-content\/uploads\/2026\/03\/62029-Web-Gallery-01-62029-Freestyle_425-Drip-Tray-Liners-Prod-On-White_MAIN_.jpg","width":1000,"height":1000},{"@type":"BreadcrumbList","@id":"https:\/\/bbqentertainment.com\/toode\/napoleon-freestyle-425-fooliumvannid\/#breadcrumb","itemListElement":[{"@type":"ListItem","position":1,"name":"AVALEHT","item":"https:\/\/bbqentertainment.com\/en\/"},{"@type":"ListItem","position":2,"name":"Tooted","item":"https:\/\/bbqentertainment.com\/tooted\/"},{"@type":"ListItem","position":3,"name":"Lisatarvikud","item":"https:\/\/bbqentertainment.com\/tootekategooria\/lisatarvikud\/"},{"@type":"ListItem","position":4,"name":"Lisatarvikud Napoleon","item":"https:\/\/bbqentertainment.com\/tootekategooria\/lisatarvikud\/lisatarvikud-napoleon\/"},{"@type":"ListItem","position":5,"name":"Napoleon Freestyle 425 fooliumvannid"}]},{"@type":"WebSite","@id":"https:\/\/bbqentertainment.com\/#website","url":"https:\/\/bbqentertainment.com\/","name":"BBQ Entertainment","description":"BBQ is a great lifestyle, not just fun!","publisher":{"@id":"https:\/\/bbqentertainment.com\/#organization"},"potentialAction":[{"@type":"SearchAction","target":{"@type":"EntryPoint","urlTemplate":"https:\/\/bbqentertainment.com\/?s={search_term_string}"},"query-input":{"@type":"PropertyValueSpecification","valueRequired":true,"valueName":"search_term_string"}}],"inLanguage":"en-US"},{"@type":"Organization","@id":"https:\/\/bbqentertainment.com\/#organization","name":"BBQ Entertainment O\u00dc","url":"https:\/\/bbqentertainment.com\/","logo":{"@type":"ImageObject","inLanguage":"en-US","@id":"https:\/\/bbqentertainment.com\/#\/schema\/logo\/image\/","url":"https:\/\/bbqentertainment.com\/wp-content\/uploads\/2020\/04\/BBQ-Entertainment-N-Catering-Enn-Tobreluts-Logo.png","contentUrl":"https:\/\/bbqentertainment.com\/wp-content\/uploads\/2020\/04\/BBQ-Entertainment-N-Catering-Enn-Tobreluts-Logo.png","width":628,"height":266,"caption":"BBQ Entertainment O\u00dc"},"image":{"@id":"https:\/\/bbqentertainment.com\/#\/schema\/logo\/image\/"},"sameAs":["https:\/\/www.facebook.com\/BBQ-Entertainment-N-Catering-2437913376443540","https:\/\/www.instagram.com\/bbqentertainmentncatering\/","https:\/\/www.youtube.com\/channel\/UCmpuANQVhLy2Md8nrenp2jA"]}]}},"_links":{"self":[{"href":"https:\/\/bbqentertainment.com\/en\/wp-json\/wp\/v2\/product\/257813","targetHints":{"allow":["GET"]}}],"collection":[{"href":"https:\/\/bbqentertainment.com\/en\/wp-json\/wp\/v2\/product"}],"about":[{"href":"https:\/\/bbqentertainment.com\/en\/wp-json\/wp\/v2\/types\/product"}],"wp:featuredmedia":[{"embeddable":true,"href":"https:\/\/bbqentertainment.com\/en\/wp-json\/wp\/v2\/media\/257832"}],"wp:attachment":[{"href":"https:\/\/bbqentertainment.com\/en\/wp-json\/wp\/v2\/media?parent=257813"}],"wp:term":[{"taxonomy":"product_brand","embeddable":true,"href":"https:\/\/bbqentertainment.com\/en\/wp-json\/wp\/v2\/product_brand?post=257813"},{"taxonomy":"product_cat","embeddable":true,"href":"https:\/\/bbqentertainment.com\/en\/wp-json\/wp\/v2\/product_cat?post=257813"},{"taxonomy":"product_tag","embeddable":true,"href":"https:\/\/bbqentertainment.com\/en\/wp-json\/wp\/v2\/product_tag?post=257813"}],"curies":[{"name":"wp","href":"https:\/\/api.w.org\/{rel}","templated":true}]}}