{"id":257869,"date":"2026-03-06T14:20:18","date_gmt":"2026-03-06T12:20:18","guid":{"rendered":"https:\/\/bbqentertainment.com\/?post_type=product&#038;p=257869"},"modified":"2026-03-09T00:56:45","modified_gmt":"2026-03-08T22:56:45","slug":"hampona-the-grand-set-7-st-elemendist-koosnev-kokteilitarvikute-komplekt","status":"publish","type":"product","link":"https:\/\/bbqentertainment.com\/en\/toode\/hampona-the-grand-set-7-st-elemendist-koosnev-kokteilitarvikute-komplekt\/","title":{"rendered":"HAMPONA The Grand Set kokteilikomplekt, 6-osaline"},"content":{"rendered":"<p><strong data-start=\"0\" data-end=\"11\">HAMPONA<\/strong> on kokteilitarvikute br\u00e4nd, mille keskmes on t\u00e4histamine, koosolemise r\u00f5\u00f5m ja kerge troopiline meeleolu.<\/p>\n<p>Br\u00e4ndi tooted on loodud selleks, et muuta kokteilide valmistamine kodus lihtsaks ja nauditavaks ning tuua kodubaari veidi pidulikku atmosf\u00e4\u00e4ri.<\/p>\n","protected":false},"excerpt":{"rendered":"<h3><strong>HAMPONA The Grand Set kokteilikomplekt, 6-osaline<\/strong><\/h3>\n<p style=\"font-weight: 400\">HAMPONA The Grand Set on kokteilikomplekt, mis sisaldab k\u00f5iki p\u00f5hilisi t\u00f6\u00f6riistu kokteilide valmistamiseks kodubaaris. Komplekt \u00fchendab praktilised baarivahendid ja \u00fchtse disaini, sobides nii igap\u00e4evaseks kasutamiseks kui ka kingituseks.<\/p>\n<p style=\"font-weight: 400\" data-start=\"398\" data-end=\"595\">Shaker ja mensuur on HAMPONA signatuurdisainiga, \u00fclej\u00e4\u00e4nud t\u00f6\u00f6riistad on viimistletud tumedas gunmetal-toonis. K\u00f5ik detailid on valmistatud roostevabast terasest. Komplekt on pakendatud kinkekarpi.<\/p>\n<p style=\"font-weight: 400\" data-start=\"597\" data-end=\"618\"><strong data-start=\"597\" data-end=\"618\">Komplekt sisaldab<\/strong><\/p>\n<ul>\n<li data-start=\"622\" data-end=\"638\">kokteilishaker<\/li>\n<li data-start=\"641\" data-end=\"659\">30\/60 ml mensuur<\/li>\n<li data-start=\"662\" data-end=\"682\">28 cm baarilusikas<\/li>\n<li data-start=\"685\" data-end=\"695\">baarinui<\/li>\n<li data-start=\"698\" data-end=\"709\">baaris\u00f5el<\/li>\n<li data-start=\"712\" data-end=\"730\">2 valamisotsikut<\/li>\n<\/ul>\n<p style=\"font-weight: 400\">Materjal: roostevaba teras<\/p>\n<p style=\"font-weight: 400\" data-start=\"732\" data-end=\"824\">Hooldus: pesta k\u00e4sitsi<\/p>\n<p style=\"font-weight: 400\">\n","protected":false},"featured_media":257872,"template":"","meta":{"inline_featured_image":false},"product_brand":[],"product_cat":[280,234,286,178,377,32,223],"product_tag":[],"class_list":{"0":"post-257869","1":"product","2":"type-product","3":"status-publish","4":"has-post-thumbnail","6":"product_cat-joogid","7":"product_cat-dzinnid","8":"product_cat-muud-dzinnid","9":"product_cat-muud-tooted","10":"product_cat-joogipudelid-termosed","11":"product_cat-kinkekarbid","12":"product_cat-muud-tooted-2","14":"first","15":"instock","16":"taxable","17":"shipping-taxable","18":"purchasable","19":"product-type-simple"},"yoast_head":"<!-- This site is optimized with the Yoast SEO plugin v27.4 - https:\/\/yoast.com\/product\/yoast-seo-wordpress\/ -->\n<title>HAMPONA The Grand Set kokteilikomplekt, 6-osaline - BBQ Entertainment<\/title>\n<meta name=\"description\" content=\"HAMPONA 6-osaline kokteilikomplekt sisaldab shakerit, mensuuri, baarilusikat, s\u00f5ela, baarinui ja valamisotsikuid. Sobib kodubaari v\u00f5i kingituseks.\" \/>\n<meta name=\"robots\" content=\"index, follow, max-snippet:-1, max-image-preview:large, max-video-preview:-1\" \/>\n<link rel=\"canonical\" href=\"https:\/\/bbqentertainment.com\/toode\/hampona-the-grand-set-7-st-elemendist-koosnev-kokteilitarvikute-komplekt\/\" \/>\n<meta property=\"og:locale\" content=\"en_US\" \/>\n<meta property=\"og:type\" content=\"article\" \/>\n<meta property=\"og:title\" content=\"HAMPONA The Grand Set kokteilikomplekt, 6-osaline - BBQ Entertainment\" \/>\n<meta property=\"og:description\" content=\"HAMPONA 6-osaline kokteilikomplekt sisaldab shakerit, mensuuri, baarilusikat, s\u00f5ela, baarinui ja valamisotsikuid. Sobib kodubaari v\u00f5i kingituseks.\" \/>\n<meta property=\"og:url\" content=\"https:\/\/bbqentertainment.com\/toode\/hampona-the-grand-set-7-st-elemendist-koosnev-kokteilitarvikute-komplekt\/\" \/>\n<meta property=\"og:site_name\" content=\"BBQ Entertainment\" \/>\n<meta property=\"article:publisher\" content=\"https:\/\/www.facebook.com\/BBQ-Entertainment-N-Catering-2437913376443540\" \/>\n<meta property=\"article:modified_time\" content=\"2026-03-08T22:56:45+00:00\" \/>\n<meta property=\"og:image\" content=\"https:\/\/bbqentertainment.com\/wp-content\/uploads\/2026\/03\/12.png\" \/>\n\t<meta property=\"og:image:width\" content=\"1200\" \/>\n\t<meta property=\"og:image:height\" content=\"1200\" \/>\n\t<meta property=\"og:image:type\" content=\"image\/png\" \/>\n<meta name=\"twitter:card\" content=\"summary_large_image\" \/>\n<meta name=\"twitter:label1\" content=\"Est. reading time\" \/>\n\t<meta name=\"twitter:data1\" content=\"1 minute\" \/>\n<script type=\"application\/ld+json\" class=\"yoast-schema-graph\">{\"@context\":\"https:\\\/\\\/schema.org\",\"@graph\":[{\"@type\":[\"WebPage\",\"ItemPage\"],\"@id\":\"https:\\\/\\\/bbqentertainment.com\\\/toode\\\/hampona-the-grand-set-7-st-elemendist-koosnev-kokteilitarvikute-komplekt\\\/\",\"url\":\"https:\\\/\\\/bbqentertainment.com\\\/toode\\\/hampona-the-grand-set-7-st-elemendist-koosnev-kokteilitarvikute-komplekt\\\/\",\"name\":\"HAMPONA The Grand Set kokteilikomplekt, 6-osaline - BBQ Entertainment\",\"isPartOf\":{\"@id\":\"https:\\\/\\\/bbqentertainment.com\\\/#website\"},\"primaryImageOfPage\":{\"@id\":\"https:\\\/\\\/bbqentertainment.com\\\/toode\\\/hampona-the-grand-set-7-st-elemendist-koosnev-kokteilitarvikute-komplekt\\\/#primaryimage\"},\"image\":{\"@id\":\"https:\\\/\\\/bbqentertainment.com\\\/toode\\\/hampona-the-grand-set-7-st-elemendist-koosnev-kokteilitarvikute-komplekt\\\/#primaryimage\"},\"thumbnailUrl\":\"https:\\\/\\\/bbqentertainment.com\\\/wp-content\\\/uploads\\\/2026\\\/03\\\/12.png\",\"datePublished\":\"2026-03-06T12:20:18+00:00\",\"dateModified\":\"2026-03-08T22:56:45+00:00\",\"description\":\"HAMPONA 6-osaline kokteilikomplekt sisaldab shakerit, mensuuri, baarilusikat, s\u00f5ela, baarinui ja valamisotsikuid. Sobib kodubaari v\u00f5i kingituseks.\",\"breadcrumb\":{\"@id\":\"https:\\\/\\\/bbqentertainment.com\\\/toode\\\/hampona-the-grand-set-7-st-elemendist-koosnev-kokteilitarvikute-komplekt\\\/#breadcrumb\"},\"inLanguage\":\"en-US\",\"potentialAction\":[{\"@type\":\"ReadAction\",\"target\":[\"https:\\\/\\\/bbqentertainment.com\\\/toode\\\/hampona-the-grand-set-7-st-elemendist-koosnev-kokteilitarvikute-komplekt\\\/\"]}]},{\"@type\":\"ImageObject\",\"inLanguage\":\"en-US\",\"@id\":\"https:\\\/\\\/bbqentertainment.com\\\/toode\\\/hampona-the-grand-set-7-st-elemendist-koosnev-kokteilitarvikute-komplekt\\\/#primaryimage\",\"url\":\"https:\\\/\\\/bbqentertainment.com\\\/wp-content\\\/uploads\\\/2026\\\/03\\\/12.png\",\"contentUrl\":\"https:\\\/\\\/bbqentertainment.com\\\/wp-content\\\/uploads\\\/2026\\\/03\\\/12.png\",\"width\":1200,\"height\":1200},{\"@type\":\"BreadcrumbList\",\"@id\":\"https:\\\/\\\/bbqentertainment.com\\\/toode\\\/hampona-the-grand-set-7-st-elemendist-koosnev-kokteilitarvikute-komplekt\\\/#breadcrumb\",\"itemListElement\":[{\"@type\":\"ListItem\",\"position\":1,\"name\":\"AVALEHT\",\"item\":\"https:\\\/\\\/bbqentertainment.com\\\/en\\\/\"},{\"@type\":\"ListItem\",\"position\":2,\"name\":\"Tooted\",\"item\":\"https:\\\/\\\/bbqentertainment.com\\\/tooted\\\/\"},{\"@type\":\"ListItem\",\"position\":3,\"name\":\"Muud tooted\",\"item\":\"https:\\\/\\\/bbqentertainment.com\\\/tootekategooria\\\/muud-tooted\\\/\"},{\"@type\":\"ListItem\",\"position\":4,\"name\":\"HAMPONA The Grand Set kokteilikomplekt, 6-osaline\"}]},{\"@type\":\"WebSite\",\"@id\":\"https:\\\/\\\/bbqentertainment.com\\\/#website\",\"url\":\"https:\\\/\\\/bbqentertainment.com\\\/\",\"name\":\"BBQ Entertainment\",\"description\":\"BBQ is a great lifestyle, not just fun!\",\"publisher\":{\"@id\":\"https:\\\/\\\/bbqentertainment.com\\\/#organization\"},\"potentialAction\":[{\"@type\":\"SearchAction\",\"target\":{\"@type\":\"EntryPoint\",\"urlTemplate\":\"https:\\\/\\\/bbqentertainment.com\\\/?s={search_term_string}\"},\"query-input\":{\"@type\":\"PropertyValueSpecification\",\"valueRequired\":true,\"valueName\":\"search_term_string\"}}],\"inLanguage\":\"en-US\"},{\"@type\":\"Organization\",\"@id\":\"https:\\\/\\\/bbqentertainment.com\\\/#organization\",\"name\":\"BBQ Entertainment O\u00dc\",\"url\":\"https:\\\/\\\/bbqentertainment.com\\\/\",\"logo\":{\"@type\":\"ImageObject\",\"inLanguage\":\"en-US\",\"@id\":\"https:\\\/\\\/bbqentertainment.com\\\/#\\\/schema\\\/logo\\\/image\\\/\",\"url\":\"https:\\\/\\\/bbqentertainment.com\\\/wp-content\\\/uploads\\\/2020\\\/04\\\/BBQ-Entertainment-N-Catering-Enn-Tobreluts-Logo.png\",\"contentUrl\":\"https:\\\/\\\/bbqentertainment.com\\\/wp-content\\\/uploads\\\/2020\\\/04\\\/BBQ-Entertainment-N-Catering-Enn-Tobreluts-Logo.png\",\"width\":628,\"height\":266,\"caption\":\"BBQ Entertainment O\u00dc\"},\"image\":{\"@id\":\"https:\\\/\\\/bbqentertainment.com\\\/#\\\/schema\\\/logo\\\/image\\\/\"},\"sameAs\":[\"https:\\\/\\\/www.facebook.com\\\/BBQ-Entertainment-N-Catering-2437913376443540\",\"https:\\\/\\\/www.instagram.com\\\/bbqentertainmentncatering\\\/\",\"https:\\\/\\\/www.youtube.com\\\/channel\\\/UCmpuANQVhLy2Md8nrenp2jA\"]}]}<\/script>\n<!-- \/ Yoast SEO plugin. -->","yoast_head_json":{"title":"HAMPONA The Grand Set kokteilikomplekt, 6-osaline - BBQ Entertainment","description":"HAMPONA 6-osaline kokteilikomplekt sisaldab shakerit, mensuuri, baarilusikat, s\u00f5ela, baarinui ja valamisotsikuid. Sobib kodubaari v\u00f5i kingituseks.","robots":{"index":"index","follow":"follow","max-snippet":"max-snippet:-1","max-image-preview":"max-image-preview:large","max-video-preview":"max-video-preview:-1"},"canonical":"https:\/\/bbqentertainment.com\/toode\/hampona-the-grand-set-7-st-elemendist-koosnev-kokteilitarvikute-komplekt\/","og_locale":"en_US","og_type":"article","og_title":"HAMPONA The Grand Set kokteilikomplekt, 6-osaline - BBQ Entertainment","og_description":"HAMPONA 6-osaline kokteilikomplekt sisaldab shakerit, mensuuri, baarilusikat, s\u00f5ela, baarinui ja valamisotsikuid. Sobib kodubaari v\u00f5i kingituseks.","og_url":"https:\/\/bbqentertainment.com\/toode\/hampona-the-grand-set-7-st-elemendist-koosnev-kokteilitarvikute-komplekt\/","og_site_name":"BBQ Entertainment","article_publisher":"https:\/\/www.facebook.com\/BBQ-Entertainment-N-Catering-2437913376443540","article_modified_time":"2026-03-08T22:56:45+00:00","og_image":[{"width":1200,"height":1200,"url":"https:\/\/bbqentertainment.com\/wp-content\/uploads\/2026\/03\/12.png","type":"image\/png"}],"twitter_card":"summary_large_image","twitter_misc":{"Est. reading time":"1 minute"},"schema":{"@context":"https:\/\/schema.org","@graph":[{"@type":["WebPage","ItemPage"],"@id":"https:\/\/bbqentertainment.com\/toode\/hampona-the-grand-set-7-st-elemendist-koosnev-kokteilitarvikute-komplekt\/","url":"https:\/\/bbqentertainment.com\/toode\/hampona-the-grand-set-7-st-elemendist-koosnev-kokteilitarvikute-komplekt\/","name":"HAMPONA The Grand Set kokteilikomplekt, 6-osaline - BBQ Entertainment","isPartOf":{"@id":"https:\/\/bbqentertainment.com\/#website"},"primaryImageOfPage":{"@id":"https:\/\/bbqentertainment.com\/toode\/hampona-the-grand-set-7-st-elemendist-koosnev-kokteilitarvikute-komplekt\/#primaryimage"},"image":{"@id":"https:\/\/bbqentertainment.com\/toode\/hampona-the-grand-set-7-st-elemendist-koosnev-kokteilitarvikute-komplekt\/#primaryimage"},"thumbnailUrl":"https:\/\/bbqentertainment.com\/wp-content\/uploads\/2026\/03\/12.png","datePublished":"2026-03-06T12:20:18+00:00","dateModified":"2026-03-08T22:56:45+00:00","description":"HAMPONA 6-osaline kokteilikomplekt sisaldab shakerit, mensuuri, baarilusikat, s\u00f5ela, baarinui ja valamisotsikuid. Sobib kodubaari v\u00f5i kingituseks.","breadcrumb":{"@id":"https:\/\/bbqentertainment.com\/toode\/hampona-the-grand-set-7-st-elemendist-koosnev-kokteilitarvikute-komplekt\/#breadcrumb"},"inLanguage":"en-US","potentialAction":[{"@type":"ReadAction","target":["https:\/\/bbqentertainment.com\/toode\/hampona-the-grand-set-7-st-elemendist-koosnev-kokteilitarvikute-komplekt\/"]}]},{"@type":"ImageObject","inLanguage":"en-US","@id":"https:\/\/bbqentertainment.com\/toode\/hampona-the-grand-set-7-st-elemendist-koosnev-kokteilitarvikute-komplekt\/#primaryimage","url":"https:\/\/bbqentertainment.com\/wp-content\/uploads\/2026\/03\/12.png","contentUrl":"https:\/\/bbqentertainment.com\/wp-content\/uploads\/2026\/03\/12.png","width":1200,"height":1200},{"@type":"BreadcrumbList","@id":"https:\/\/bbqentertainment.com\/toode\/hampona-the-grand-set-7-st-elemendist-koosnev-kokteilitarvikute-komplekt\/#breadcrumb","itemListElement":[{"@type":"ListItem","position":1,"name":"AVALEHT","item":"https:\/\/bbqentertainment.com\/en\/"},{"@type":"ListItem","position":2,"name":"Tooted","item":"https:\/\/bbqentertainment.com\/tooted\/"},{"@type":"ListItem","position":3,"name":"Muud tooted","item":"https:\/\/bbqentertainment.com\/tootekategooria\/muud-tooted\/"},{"@type":"ListItem","position":4,"name":"HAMPONA The Grand Set kokteilikomplekt, 6-osaline"}]},{"@type":"WebSite","@id":"https:\/\/bbqentertainment.com\/#website","url":"https:\/\/bbqentertainment.com\/","name":"BBQ Entertainment","description":"BBQ is a great lifestyle, not just fun!","publisher":{"@id":"https:\/\/bbqentertainment.com\/#organization"},"potentialAction":[{"@type":"SearchAction","target":{"@type":"EntryPoint","urlTemplate":"https:\/\/bbqentertainment.com\/?s={search_term_string}"},"query-input":{"@type":"PropertyValueSpecification","valueRequired":true,"valueName":"search_term_string"}}],"inLanguage":"en-US"},{"@type":"Organization","@id":"https:\/\/bbqentertainment.com\/#organization","name":"BBQ Entertainment O\u00dc","url":"https:\/\/bbqentertainment.com\/","logo":{"@type":"ImageObject","inLanguage":"en-US","@id":"https:\/\/bbqentertainment.com\/#\/schema\/logo\/image\/","url":"https:\/\/bbqentertainment.com\/wp-content\/uploads\/2020\/04\/BBQ-Entertainment-N-Catering-Enn-Tobreluts-Logo.png","contentUrl":"https:\/\/bbqentertainment.com\/wp-content\/uploads\/2020\/04\/BBQ-Entertainment-N-Catering-Enn-Tobreluts-Logo.png","width":628,"height":266,"caption":"BBQ Entertainment O\u00dc"},"image":{"@id":"https:\/\/bbqentertainment.com\/#\/schema\/logo\/image\/"},"sameAs":["https:\/\/www.facebook.com\/BBQ-Entertainment-N-Catering-2437913376443540","https:\/\/www.instagram.com\/bbqentertainmentncatering\/","https:\/\/www.youtube.com\/channel\/UCmpuANQVhLy2Md8nrenp2jA"]}]}},"_links":{"self":[{"href":"https:\/\/bbqentertainment.com\/en\/wp-json\/wp\/v2\/product\/257869","targetHints":{"allow":["GET"]}}],"collection":[{"href":"https:\/\/bbqentertainment.com\/en\/wp-json\/wp\/v2\/product"}],"about":[{"href":"https:\/\/bbqentertainment.com\/en\/wp-json\/wp\/v2\/types\/product"}],"wp:featuredmedia":[{"embeddable":true,"href":"https:\/\/bbqentertainment.com\/en\/wp-json\/wp\/v2\/media\/257872"}],"wp:attachment":[{"href":"https:\/\/bbqentertainment.com\/en\/wp-json\/wp\/v2\/media?parent=257869"}],"wp:term":[{"taxonomy":"product_brand","embeddable":true,"href":"https:\/\/bbqentertainment.com\/en\/wp-json\/wp\/v2\/product_brand?post=257869"},{"taxonomy":"product_cat","embeddable":true,"href":"https:\/\/bbqentertainment.com\/en\/wp-json\/wp\/v2\/product_cat?post=257869"},{"taxonomy":"product_tag","embeddable":true,"href":"https:\/\/bbqentertainment.com\/en\/wp-json\/wp\/v2\/product_tag?post=257869"}],"curies":[{"name":"wp","href":"https:\/\/api.w.org\/{rel}","templated":true}]}}