{"id":257911,"date":"2026-03-08T02:10:43","date_gmt":"2026-03-08T00:10:43","guid":{"rendered":"https:\/\/bbqentertainment.com\/?post_type=product&#038;p=257911"},"modified":"2026-03-27T16:55:57","modified_gmt":"2026-03-27T14:55:57","slug":"kamado-joe-classic-iii-explorer-pack","status":"publish","type":"product","link":"https:\/\/bbqentertainment.com\/en\/toode\/kamado-joe-classic-iii-explorer-pack\/","title":{"rendered":"Kamado Joe \u00ae Classic III Explorer Pack"},"content":{"rendered":"","protected":false},"excerpt":{"rendered":"<h3><span style=\"color: #000000;\"><strong>Kamado Joe \u00ae Classic III Explorer Pack<\/strong><\/span><\/h3>\n<p><span style=\"color: #000000;\">Selle komplekti hind, kui osta need asjad eraldi, tuleks 2975.80 Eur, kuid ostes siit nn komplektina saate hinnaks 2650 Euri. <span style=\"text-decoration: underline;\">K\u00e4esolev &#8220;Explorer Pack&#8221; st pakett sisaldab<\/span>:<\/span><\/p>\n<ul>\n<li><span style=\"color: #000000;\">1 tk <span style=\"font-size: 14.399999px;\">Kamado Joe \u00ae Classic III keraamiline grillahi<\/span><\/span><\/li>\n<li><span style=\"color: #000000;\">1 tk Kamado Joe \u00ae ilmastikukindel grillikate Classic\u2019ule<\/span><\/li>\n<li><span style=\"color: #000000;\">1 tk Kamado Joe \u00ae malmist poolkuu grillrest Classic\u2019ule<\/span><\/li>\n<li><span style=\"color: #000000;\">1 tk Kamado Joe \u00ae p\u00f6\u00f6ratav malmist poolkuu k\u00fcpsetusplaat Classic\u2019ule<\/span><\/li>\n<li><span style=\"color: #000000;\">1 tk Kamado Joe \u00ae laserl\u00f5igatud roostevabast terasest poolkuu grillrest Classic\u2019ule<\/span><\/li>\n<li><span style=\"color: #000000;\">1 tk Kamado Joe \u00ae steatiidist poolkuu k\u00fcpsetusplaat (Soapstone) Classic\u2019ule<\/span><\/li>\n<li><span style=\"color: #000000;\">1 tk Kamado Joe \u00ae keraamiline pizzakivi Classic\u2019ule<\/span><\/li>\n<li><span style=\"color: #000000;\"><span style=\"font-size: 14.399999px;\">1 pakk Kamado Joe \u00ae grills\u00fcsi suuret\u00fckiline Big Block (Argentiina) 9,1 kg <\/span><span style=\"font-size: 14.399999px;\">(soovi korral saab selle vahetada Grillep 50 L suuret\u00fckilise grills\u00f6e vastu)<\/span><\/span><\/li>\n<li><span style=\"color: #000000; font-size: 14.399999px;\">1 pakk S\u00fc\u00fctekuubikud Kamado Joe \u00ae (soovi korral saab selle vahetada Grillep s\u00fc\u00fctepulkade vastu)<\/span><\/li>\n<\/ul>\n","protected":false},"featured_media":257904,"template":"","meta":{"inline_featured_image":false},"product_brand":[],"product_cat":[17,349,18],"product_tag":[],"class_list":{"0":"post-257911","1":"product","2":"type-product","3":"status-publish","4":"has-post-thumbnail","6":"product_cat-grillid-ja-ahjud","7":"product_cat-kamado-joe-tooted","8":"product_cat-kamado-joe","9":"product_shipping_class-ainult-ise-jarele-tulemisega","11":"first","12":"instock","13":"taxable","14":"shipping-taxable","15":"purchasable","16":"product-type-simple"},"yoast_head":"<!-- This site is optimized with the Yoast SEO plugin v27.4 - https:\/\/yoast.com\/product\/yoast-seo-wordpress\/ -->\n<title>Kamado Joe \u00ae Classic III Explorer Pack - BBQ Entertainment<\/title>\n<meta name=\"robots\" content=\"index, follow, max-snippet:-1, max-image-preview:large, max-video-preview:-1\" \/>\n<link rel=\"canonical\" href=\"https:\/\/bbqentertainment.com\/toode\/kamado-joe-classic-iii-explorer-pack\/\" \/>\n<meta property=\"og:locale\" content=\"en_US\" \/>\n<meta property=\"og:type\" content=\"article\" \/>\n<meta property=\"og:title\" content=\"Kamado Joe \u00ae Classic III Explorer Pack - BBQ Entertainment\" \/>\n<meta property=\"og:description\" content=\"Kamado Joe \u00ae Classic III Explorer PackSelle komplekti hind, kui osta need asjad eraldi, tuleks 2975.80 Eur, kuid ostes siit nn komplektina saate hinnaks 2650 Euri. K\u00e4esolev &quot;Explorer Pack&quot; st pakett sisaldab:1 tk Kamado Joe \u00ae Classic III keraamiline grillahi1 tk Kamado Joe \u00ae ilmastikukindel grillikate Classic\u2019ule1 tk Kamado Joe \u00ae malmist poolkuu grillrest Classic\u2019ule1 tk Kamado Joe \u00ae p\u00f6\u00f6ratav malmist poolkuu k\u00fcpsetusplaat Classic\u2019ule1 tk Kamado Joe \u00ae laserl\u00f5igatud roostevabast terasest poolkuu grillrest Classic\u2019ule1 tk Kamado Joe \u00ae steatiidist poolkuu k\u00fcpsetusplaat (Soapstone) Classic\u2019ule1 tk Kamado Joe \u00ae keraamiline pizzakivi Classic\u2019ule1 pakk Kamado Joe \u00ae grills\u00fcsi suuret\u00fckiline Big Block (Argentiina) 9,1 kg (soovi korral saab selle vahetada Grillep 50 L suuret\u00fckilise grills\u00f6e vastu)1 pakk S\u00fc\u00fctekuubikud Kamado Joe \u00ae (soovi korral saab selle vahetada Grillep s\u00fc\u00fctepulkade vastu)\" \/>\n<meta property=\"og:url\" content=\"https:\/\/bbqentertainment.com\/toode\/kamado-joe-classic-iii-explorer-pack\/\" \/>\n<meta property=\"og:site_name\" content=\"BBQ Entertainment\" \/>\n<meta property=\"article:publisher\" content=\"https:\/\/www.facebook.com\/BBQ-Entertainment-N-Catering-2437913376443540\" \/>\n<meta property=\"article:modified_time\" content=\"2026-03-27T14:55:57+00:00\" \/>\n<meta property=\"og:image\" content=\"https:\/\/bbqentertainment.com\/wp-content\/uploads\/2026\/03\/3-KJ-EXPLPACK-C3_1-1200x1200-bd93c0f.jpg\" \/>\n\t<meta property=\"og:image:width\" content=\"1200\" \/>\n\t<meta property=\"og:image:height\" content=\"1200\" \/>\n\t<meta property=\"og:image:type\" content=\"image\/jpeg\" \/>\n<meta name=\"twitter:card\" content=\"summary_large_image\" \/>\n<meta name=\"twitter:label1\" content=\"Est. reading time\" \/>\n\t<meta name=\"twitter:data1\" content=\"1 minute\" \/>\n<script type=\"application\/ld+json\" class=\"yoast-schema-graph\">{\"@context\":\"https:\\\/\\\/schema.org\",\"@graph\":[{\"@type\":[\"WebPage\",\"ItemPage\"],\"@id\":\"https:\\\/\\\/bbqentertainment.com\\\/toode\\\/kamado-joe-classic-iii-explorer-pack\\\/\",\"url\":\"https:\\\/\\\/bbqentertainment.com\\\/toode\\\/kamado-joe-classic-iii-explorer-pack\\\/\",\"name\":\"Kamado Joe \u00ae Classic III Explorer Pack - BBQ Entertainment\",\"isPartOf\":{\"@id\":\"https:\\\/\\\/bbqentertainment.com\\\/#website\"},\"primaryImageOfPage\":{\"@id\":\"https:\\\/\\\/bbqentertainment.com\\\/toode\\\/kamado-joe-classic-iii-explorer-pack\\\/#primaryimage\"},\"image\":{\"@id\":\"https:\\\/\\\/bbqentertainment.com\\\/toode\\\/kamado-joe-classic-iii-explorer-pack\\\/#primaryimage\"},\"thumbnailUrl\":\"https:\\\/\\\/bbqentertainment.com\\\/wp-content\\\/uploads\\\/2026\\\/03\\\/3-KJ-EXPLPACK-C3_1-1200x1200-bd93c0f.jpg\",\"datePublished\":\"2026-03-08T00:10:43+00:00\",\"dateModified\":\"2026-03-27T14:55:57+00:00\",\"breadcrumb\":{\"@id\":\"https:\\\/\\\/bbqentertainment.com\\\/toode\\\/kamado-joe-classic-iii-explorer-pack\\\/#breadcrumb\"},\"inLanguage\":\"en-US\",\"potentialAction\":[{\"@type\":\"ReadAction\",\"target\":[\"https:\\\/\\\/bbqentertainment.com\\\/toode\\\/kamado-joe-classic-iii-explorer-pack\\\/\"]}]},{\"@type\":\"ImageObject\",\"inLanguage\":\"en-US\",\"@id\":\"https:\\\/\\\/bbqentertainment.com\\\/toode\\\/kamado-joe-classic-iii-explorer-pack\\\/#primaryimage\",\"url\":\"https:\\\/\\\/bbqentertainment.com\\\/wp-content\\\/uploads\\\/2026\\\/03\\\/3-KJ-EXPLPACK-C3_1-1200x1200-bd93c0f.jpg\",\"contentUrl\":\"https:\\\/\\\/bbqentertainment.com\\\/wp-content\\\/uploads\\\/2026\\\/03\\\/3-KJ-EXPLPACK-C3_1-1200x1200-bd93c0f.jpg\",\"width\":1200,\"height\":1200},{\"@type\":\"BreadcrumbList\",\"@id\":\"https:\\\/\\\/bbqentertainment.com\\\/toode\\\/kamado-joe-classic-iii-explorer-pack\\\/#breadcrumb\",\"itemListElement\":[{\"@type\":\"ListItem\",\"position\":1,\"name\":\"AVALEHT\",\"item\":\"https:\\\/\\\/bbqentertainment.com\\\/en\\\/\"},{\"@type\":\"ListItem\",\"position\":2,\"name\":\"Tooted\",\"item\":\"https:\\\/\\\/bbqentertainment.com\\\/tooted\\\/\"},{\"@type\":\"ListItem\",\"position\":3,\"name\":\"Kamado joe\",\"item\":\"https:\\\/\\\/bbqentertainment.com\\\/tootekategooria\\\/kamado-joe-tooted\\\/\"},{\"@type\":\"ListItem\",\"position\":4,\"name\":\"Kamado Joe\",\"item\":\"https:\\\/\\\/bbqentertainment.com\\\/tootekategooria\\\/kamado-joe-tooted\\\/kamado-joe\\\/\"},{\"@type\":\"ListItem\",\"position\":5,\"name\":\"Kamado Joe \u00ae Classic III Explorer Pack\"}]},{\"@type\":\"WebSite\",\"@id\":\"https:\\\/\\\/bbqentertainment.com\\\/#website\",\"url\":\"https:\\\/\\\/bbqentertainment.com\\\/\",\"name\":\"BBQ Entertainment\",\"description\":\"BBQ is a great lifestyle, not just fun!\",\"publisher\":{\"@id\":\"https:\\\/\\\/bbqentertainment.com\\\/#organization\"},\"potentialAction\":[{\"@type\":\"SearchAction\",\"target\":{\"@type\":\"EntryPoint\",\"urlTemplate\":\"https:\\\/\\\/bbqentertainment.com\\\/?s={search_term_string}\"},\"query-input\":{\"@type\":\"PropertyValueSpecification\",\"valueRequired\":true,\"valueName\":\"search_term_string\"}}],\"inLanguage\":\"en-US\"},{\"@type\":\"Organization\",\"@id\":\"https:\\\/\\\/bbqentertainment.com\\\/#organization\",\"name\":\"BBQ Entertainment O\u00dc\",\"url\":\"https:\\\/\\\/bbqentertainment.com\\\/\",\"logo\":{\"@type\":\"ImageObject\",\"inLanguage\":\"en-US\",\"@id\":\"https:\\\/\\\/bbqentertainment.com\\\/#\\\/schema\\\/logo\\\/image\\\/\",\"url\":\"https:\\\/\\\/bbqentertainment.com\\\/wp-content\\\/uploads\\\/2020\\\/04\\\/BBQ-Entertainment-N-Catering-Enn-Tobreluts-Logo.png\",\"contentUrl\":\"https:\\\/\\\/bbqentertainment.com\\\/wp-content\\\/uploads\\\/2020\\\/04\\\/BBQ-Entertainment-N-Catering-Enn-Tobreluts-Logo.png\",\"width\":628,\"height\":266,\"caption\":\"BBQ Entertainment O\u00dc\"},\"image\":{\"@id\":\"https:\\\/\\\/bbqentertainment.com\\\/#\\\/schema\\\/logo\\\/image\\\/\"},\"sameAs\":[\"https:\\\/\\\/www.facebook.com\\\/BBQ-Entertainment-N-Catering-2437913376443540\",\"https:\\\/\\\/www.instagram.com\\\/bbqentertainmentncatering\\\/\",\"https:\\\/\\\/www.youtube.com\\\/channel\\\/UCmpuANQVhLy2Md8nrenp2jA\"]}]}<\/script>\n<!-- \/ Yoast SEO plugin. -->","yoast_head_json":{"title":"Kamado Joe \u00ae Classic III Explorer Pack - BBQ Entertainment","robots":{"index":"index","follow":"follow","max-snippet":"max-snippet:-1","max-image-preview":"max-image-preview:large","max-video-preview":"max-video-preview:-1"},"canonical":"https:\/\/bbqentertainment.com\/toode\/kamado-joe-classic-iii-explorer-pack\/","og_locale":"en_US","og_type":"article","og_title":"Kamado Joe \u00ae Classic III Explorer Pack - BBQ Entertainment","og_description":"Kamado Joe \u00ae Classic III Explorer PackSelle komplekti hind, kui osta need asjad eraldi, tuleks 2975.80 Eur, kuid ostes siit nn komplektina saate hinnaks 2650 Euri. K\u00e4esolev \"Explorer Pack\" st pakett sisaldab:1 tk Kamado Joe \u00ae Classic III keraamiline grillahi1 tk Kamado Joe \u00ae ilmastikukindel grillikate Classic\u2019ule1 tk Kamado Joe \u00ae malmist poolkuu grillrest Classic\u2019ule1 tk Kamado Joe \u00ae p\u00f6\u00f6ratav malmist poolkuu k\u00fcpsetusplaat Classic\u2019ule1 tk Kamado Joe \u00ae laserl\u00f5igatud roostevabast terasest poolkuu grillrest Classic\u2019ule1 tk Kamado Joe \u00ae steatiidist poolkuu k\u00fcpsetusplaat (Soapstone) Classic\u2019ule1 tk Kamado Joe \u00ae keraamiline pizzakivi Classic\u2019ule1 pakk Kamado Joe \u00ae grills\u00fcsi suuret\u00fckiline Big Block (Argentiina) 9,1 kg (soovi korral saab selle vahetada Grillep 50 L suuret\u00fckilise grills\u00f6e vastu)1 pakk S\u00fc\u00fctekuubikud Kamado Joe \u00ae (soovi korral saab selle vahetada Grillep s\u00fc\u00fctepulkade vastu)","og_url":"https:\/\/bbqentertainment.com\/toode\/kamado-joe-classic-iii-explorer-pack\/","og_site_name":"BBQ Entertainment","article_publisher":"https:\/\/www.facebook.com\/BBQ-Entertainment-N-Catering-2437913376443540","article_modified_time":"2026-03-27T14:55:57+00:00","og_image":[{"width":1200,"height":1200,"url":"https:\/\/bbqentertainment.com\/wp-content\/uploads\/2026\/03\/3-KJ-EXPLPACK-C3_1-1200x1200-bd93c0f.jpg","type":"image\/jpeg"}],"twitter_card":"summary_large_image","twitter_misc":{"Est. reading time":"1 minute"},"schema":{"@context":"https:\/\/schema.org","@graph":[{"@type":["WebPage","ItemPage"],"@id":"https:\/\/bbqentertainment.com\/toode\/kamado-joe-classic-iii-explorer-pack\/","url":"https:\/\/bbqentertainment.com\/toode\/kamado-joe-classic-iii-explorer-pack\/","name":"Kamado Joe \u00ae Classic III Explorer Pack - BBQ Entertainment","isPartOf":{"@id":"https:\/\/bbqentertainment.com\/#website"},"primaryImageOfPage":{"@id":"https:\/\/bbqentertainment.com\/toode\/kamado-joe-classic-iii-explorer-pack\/#primaryimage"},"image":{"@id":"https:\/\/bbqentertainment.com\/toode\/kamado-joe-classic-iii-explorer-pack\/#primaryimage"},"thumbnailUrl":"https:\/\/bbqentertainment.com\/wp-content\/uploads\/2026\/03\/3-KJ-EXPLPACK-C3_1-1200x1200-bd93c0f.jpg","datePublished":"2026-03-08T00:10:43+00:00","dateModified":"2026-03-27T14:55:57+00:00","breadcrumb":{"@id":"https:\/\/bbqentertainment.com\/toode\/kamado-joe-classic-iii-explorer-pack\/#breadcrumb"},"inLanguage":"en-US","potentialAction":[{"@type":"ReadAction","target":["https:\/\/bbqentertainment.com\/toode\/kamado-joe-classic-iii-explorer-pack\/"]}]},{"@type":"ImageObject","inLanguage":"en-US","@id":"https:\/\/bbqentertainment.com\/toode\/kamado-joe-classic-iii-explorer-pack\/#primaryimage","url":"https:\/\/bbqentertainment.com\/wp-content\/uploads\/2026\/03\/3-KJ-EXPLPACK-C3_1-1200x1200-bd93c0f.jpg","contentUrl":"https:\/\/bbqentertainment.com\/wp-content\/uploads\/2026\/03\/3-KJ-EXPLPACK-C3_1-1200x1200-bd93c0f.jpg","width":1200,"height":1200},{"@type":"BreadcrumbList","@id":"https:\/\/bbqentertainment.com\/toode\/kamado-joe-classic-iii-explorer-pack\/#breadcrumb","itemListElement":[{"@type":"ListItem","position":1,"name":"AVALEHT","item":"https:\/\/bbqentertainment.com\/en\/"},{"@type":"ListItem","position":2,"name":"Tooted","item":"https:\/\/bbqentertainment.com\/tooted\/"},{"@type":"ListItem","position":3,"name":"Kamado joe","item":"https:\/\/bbqentertainment.com\/tootekategooria\/kamado-joe-tooted\/"},{"@type":"ListItem","position":4,"name":"Kamado Joe","item":"https:\/\/bbqentertainment.com\/tootekategooria\/kamado-joe-tooted\/kamado-joe\/"},{"@type":"ListItem","position":5,"name":"Kamado Joe \u00ae Classic III Explorer Pack"}]},{"@type":"WebSite","@id":"https:\/\/bbqentertainment.com\/#website","url":"https:\/\/bbqentertainment.com\/","name":"BBQ Entertainment","description":"BBQ is a great lifestyle, not just fun!","publisher":{"@id":"https:\/\/bbqentertainment.com\/#organization"},"potentialAction":[{"@type":"SearchAction","target":{"@type":"EntryPoint","urlTemplate":"https:\/\/bbqentertainment.com\/?s={search_term_string}"},"query-input":{"@type":"PropertyValueSpecification","valueRequired":true,"valueName":"search_term_string"}}],"inLanguage":"en-US"},{"@type":"Organization","@id":"https:\/\/bbqentertainment.com\/#organization","name":"BBQ Entertainment O\u00dc","url":"https:\/\/bbqentertainment.com\/","logo":{"@type":"ImageObject","inLanguage":"en-US","@id":"https:\/\/bbqentertainment.com\/#\/schema\/logo\/image\/","url":"https:\/\/bbqentertainment.com\/wp-content\/uploads\/2020\/04\/BBQ-Entertainment-N-Catering-Enn-Tobreluts-Logo.png","contentUrl":"https:\/\/bbqentertainment.com\/wp-content\/uploads\/2020\/04\/BBQ-Entertainment-N-Catering-Enn-Tobreluts-Logo.png","width":628,"height":266,"caption":"BBQ Entertainment O\u00dc"},"image":{"@id":"https:\/\/bbqentertainment.com\/#\/schema\/logo\/image\/"},"sameAs":["https:\/\/www.facebook.com\/BBQ-Entertainment-N-Catering-2437913376443540","https:\/\/www.instagram.com\/bbqentertainmentncatering\/","https:\/\/www.youtube.com\/channel\/UCmpuANQVhLy2Md8nrenp2jA"]}]}},"_links":{"self":[{"href":"https:\/\/bbqentertainment.com\/en\/wp-json\/wp\/v2\/product\/257911","targetHints":{"allow":["GET"]}}],"collection":[{"href":"https:\/\/bbqentertainment.com\/en\/wp-json\/wp\/v2\/product"}],"about":[{"href":"https:\/\/bbqentertainment.com\/en\/wp-json\/wp\/v2\/types\/product"}],"wp:featuredmedia":[{"embeddable":true,"href":"https:\/\/bbqentertainment.com\/en\/wp-json\/wp\/v2\/media\/257904"}],"wp:attachment":[{"href":"https:\/\/bbqentertainment.com\/en\/wp-json\/wp\/v2\/media?parent=257911"}],"wp:term":[{"taxonomy":"product_brand","embeddable":true,"href":"https:\/\/bbqentertainment.com\/en\/wp-json\/wp\/v2\/product_brand?post=257911"},{"taxonomy":"product_cat","embeddable":true,"href":"https:\/\/bbqentertainment.com\/en\/wp-json\/wp\/v2\/product_cat?post=257911"},{"taxonomy":"product_tag","embeddable":true,"href":"https:\/\/bbqentertainment.com\/en\/wp-json\/wp\/v2\/product_tag?post=257911"}],"curies":[{"name":"wp","href":"https:\/\/api.w.org\/{rel}","templated":true}]}}