{"id":258136,"date":"2026-03-09T00:28:55","date_gmt":"2026-03-08T22:28:55","guid":{"rendered":"https:\/\/bbqentertainment.com\/?post_type=product&#038;p=258136"},"modified":"2026-04-13T21:56:15","modified_gmt":"2026-04-13T18:56:15","slug":"napoleon-grillitarvikute-kaheosaline-komplekt-algajatele-lukustatavad-grillitangid-grilllabidas","status":"publish","type":"product","link":"https:\/\/bbqentertainment.com\/en\/toode\/napoleon-grillitarvikute-kaheosaline-komplekt-algajatele-lukustatavad-grillitangid-grilllabidas\/","title":{"rendered":"Napoleon grillitarvikute kaheosaline komplekt algajatele (lukustatavad grillitangid, grilllabidas)"},"content":{"rendered":"","protected":false},"excerpt":{"rendered":"<h3>Napoleon grillitarvikute kaheosaline komplekt algajatele (lukustatavad grillitangid, grilllabidas)<\/h3>\n<p>Grilli mugavalt 2-osalise Grill Starter t\u00f6\u00f6riistakomplektiga, mis sisaldab igale grillijale vajalikke p\u00f5hitarvikuid. Komplektis on 3-k\u00fclgne faasitud servaga spaatel, millega saad toitu kergelt p\u00f6\u00f6rata ja t\u00f5sta, ning soonilised tangid, mis annavad toidu k\u00e4sitlemisel parema kontrolli. Tangidel on lihtne t\u00f5mba-ja-lukusta ning vabasta mehhanism, mis teeb hoiustamise ja transportimise mugavaks. M\u00f5lemal t\u00f6\u00f6riistal on ergonoomilised libisemiskindlad k\u00e4epidemed, et kasutamine oleks turvaline ja mugav. Lisafunktsioonina toimib spaatli riputusava ka pudeliavajana ning m\u00f5lemal t\u00f6\u00f6riistal on aas, et need oleksid grillimise ajal alati k\u00e4ep\u00e4rast. Vastupidav, mitmek\u00fclgne ja praktiline komplekt, mis teeb iga grillimiskorra lihtsamaks ja nauditavamaks.<\/p>\n<p><strong>P\u00f5hiomadused<\/strong><\/p>\n<p>&#8211; T\u00f5mba-ja-lukusta ning vabasta mehhanism tangide mugavaks hoiustamiseks ja transportimiseks<br \/>\n&#8211; 3-k\u00fclgne faasitud servaga spaatel lihtsaks p\u00f6\u00f6ramiseks<br \/>\n&#8211; Soonilised tangid t\u00e4psemaks toidu k\u00e4sitlemiseks<br \/>\n&#8211; Libisemiskindlad k\u00e4epidemed turvaliseks kasutamiseks<br \/>\n&#8211; Riputusaasad hoiustamiseks, et t\u00f6\u00f6riistad oleksid grillimise ajal k\u00e4eulatuses<br \/>\n&#8211; Spaatli riputusava toimib ka pudeliavajana<\/p>\n","protected":false},"featured_media":258138,"template":"","meta":{"inline_featured_image":false},"product_brand":[],"product_cat":[562,479],"product_tag":[],"class_list":{"0":"post-258136","1":"product","2":"type-product","3":"status-publish","4":"has-post-thumbnail","6":"product_cat-lisatarvikud-napoleon","7":"product_cat-grillitarvikud","9":"first","10":"instock","11":"taxable","12":"shipping-taxable","13":"purchasable","14":"product-type-simple"},"yoast_head":"<!-- This site is optimized with the Yoast SEO plugin v27.4 - https:\/\/yoast.com\/product\/yoast-seo-wordpress\/ -->\n<title>Napoleon grillitarvikute kaheosaline komplekt algajatele (lukustatavad grillitangid, grilllabidas) - BBQ Entertainment<\/title>\n<meta name=\"robots\" content=\"index, follow, max-snippet:-1, max-image-preview:large, max-video-preview:-1\" \/>\n<link rel=\"canonical\" href=\"https:\/\/bbqentertainment.com\/toode\/napoleon-grillitarvikute-kaheosaline-komplekt-algajatele-lukustatavad-grillitangid-grilllabidas\/\" \/>\n<meta property=\"og:locale\" content=\"en_US\" \/>\n<meta property=\"og:type\" content=\"article\" \/>\n<meta property=\"og:title\" content=\"Napoleon grillitarvikute kaheosaline komplekt algajatele (lukustatavad grillitangid, grilllabidas) - BBQ Entertainment\" \/>\n<meta property=\"og:description\" content=\"Napoleon grillitarvikute kaheosaline komplekt algajatele (lukustatavad grillitangid, grilllabidas) Grilli mugavalt 2-osalise Grill Starter t\u00f6\u00f6riistakomplektiga, mis sisaldab igale grillijale vajalikke p\u00f5hitarvikuid. Komplektis on 3-k\u00fclgne faasitud servaga spaatel, millega saad toitu kergelt p\u00f6\u00f6rata ja t\u00f5sta, ning soonilised tangid, mis annavad toidu k\u00e4sitlemisel parema kontrolli. Tangidel on lihtne t\u00f5mba-ja-lukusta ning vabasta mehhanism, mis teeb hoiustamise ja transportimise mugavaks. M\u00f5lemal t\u00f6\u00f6riistal on ergonoomilised libisemiskindlad k\u00e4epidemed, et kasutamine oleks turvaline ja mugav. Lisafunktsioonina toimib spaatli riputusava ka pudeliavajana ning m\u00f5lemal t\u00f6\u00f6riistal on aas, et need oleksid grillimise ajal alati k\u00e4ep\u00e4rast. Vastupidav, mitmek\u00fclgne ja praktiline komplekt, mis teeb iga grillimiskorra lihtsamaks ja nauditavamaks.  P\u00f5hiomadused  - T\u00f5mba-ja-lukusta ning vabasta mehhanism tangide mugavaks hoiustamiseks ja transportimiseks - 3-k\u00fclgne faasitud servaga spaatel lihtsaks p\u00f6\u00f6ramiseks - Soonilised tangid t\u00e4psemaks toidu k\u00e4sitlemiseks - Libisemiskindlad k\u00e4epidemed turvaliseks kasutamiseks - Riputusaasad hoiustamiseks, et t\u00f6\u00f6riistad oleksid grillimise ajal k\u00e4eulatuses - Spaatli riputusava toimib ka pudeliavajana\" \/>\n<meta property=\"og:url\" content=\"https:\/\/bbqentertainment.com\/toode\/napoleon-grillitarvikute-kaheosaline-komplekt-algajatele-lukustatavad-grillitangid-grilllabidas\/\" \/>\n<meta property=\"og:site_name\" content=\"BBQ Entertainment\" \/>\n<meta property=\"article:publisher\" content=\"https:\/\/www.facebook.com\/BBQ-Entertainment-N-Catering-2437913376443540\" \/>\n<meta property=\"article:modified_time\" content=\"2026-04-13T18:56:15+00:00\" \/>\n<meta property=\"og:image\" content=\"https:\/\/bbqentertainment.com\/wp-content\/uploads\/2026\/03\/GATL020-Web-Gallery-01-Original_JPG-GATL020_GoodToolSet_Prod-STR.jpg\" \/>\n\t<meta property=\"og:image:width\" content=\"1000\" \/>\n\t<meta property=\"og:image:height\" content=\"1000\" \/>\n\t<meta property=\"og:image:type\" content=\"image\/jpeg\" \/>\n<meta name=\"twitter:card\" content=\"summary_large_image\" \/>\n<meta name=\"twitter:label1\" content=\"Est. reading time\" \/>\n\t<meta name=\"twitter:data1\" content=\"1 minute\" \/>\n<script type=\"application\/ld+json\" class=\"yoast-schema-graph\">{\"@context\":\"https:\\\/\\\/schema.org\",\"@graph\":[{\"@type\":[\"WebPage\",\"ItemPage\"],\"@id\":\"https:\\\/\\\/bbqentertainment.com\\\/toode\\\/napoleon-grillitarvikute-kaheosaline-komplekt-algajatele-lukustatavad-grillitangid-grilllabidas\\\/\",\"url\":\"https:\\\/\\\/bbqentertainment.com\\\/toode\\\/napoleon-grillitarvikute-kaheosaline-komplekt-algajatele-lukustatavad-grillitangid-grilllabidas\\\/\",\"name\":\"Napoleon grillitarvikute kaheosaline komplekt algajatele (lukustatavad grillitangid, grilllabidas) - BBQ Entertainment\",\"isPartOf\":{\"@id\":\"https:\\\/\\\/bbqentertainment.com\\\/#website\"},\"primaryImageOfPage\":{\"@id\":\"https:\\\/\\\/bbqentertainment.com\\\/toode\\\/napoleon-grillitarvikute-kaheosaline-komplekt-algajatele-lukustatavad-grillitangid-grilllabidas\\\/#primaryimage\"},\"image\":{\"@id\":\"https:\\\/\\\/bbqentertainment.com\\\/toode\\\/napoleon-grillitarvikute-kaheosaline-komplekt-algajatele-lukustatavad-grillitangid-grilllabidas\\\/#primaryimage\"},\"thumbnailUrl\":\"https:\\\/\\\/bbqentertainment.com\\\/wp-content\\\/uploads\\\/2026\\\/03\\\/GATL020-Web-Gallery-01-Original_JPG-GATL020_GoodToolSet_Prod-STR.jpg\",\"datePublished\":\"2026-03-08T22:28:55+00:00\",\"dateModified\":\"2026-04-13T18:56:15+00:00\",\"breadcrumb\":{\"@id\":\"https:\\\/\\\/bbqentertainment.com\\\/toode\\\/napoleon-grillitarvikute-kaheosaline-komplekt-algajatele-lukustatavad-grillitangid-grilllabidas\\\/#breadcrumb\"},\"inLanguage\":\"en-US\",\"potentialAction\":[{\"@type\":\"ReadAction\",\"target\":[\"https:\\\/\\\/bbqentertainment.com\\\/toode\\\/napoleon-grillitarvikute-kaheosaline-komplekt-algajatele-lukustatavad-grillitangid-grilllabidas\\\/\"]}]},{\"@type\":\"ImageObject\",\"inLanguage\":\"en-US\",\"@id\":\"https:\\\/\\\/bbqentertainment.com\\\/toode\\\/napoleon-grillitarvikute-kaheosaline-komplekt-algajatele-lukustatavad-grillitangid-grilllabidas\\\/#primaryimage\",\"url\":\"https:\\\/\\\/bbqentertainment.com\\\/wp-content\\\/uploads\\\/2026\\\/03\\\/GATL020-Web-Gallery-01-Original_JPG-GATL020_GoodToolSet_Prod-STR.jpg\",\"contentUrl\":\"https:\\\/\\\/bbqentertainment.com\\\/wp-content\\\/uploads\\\/2026\\\/03\\\/GATL020-Web-Gallery-01-Original_JPG-GATL020_GoodToolSet_Prod-STR.jpg\",\"width\":1000,\"height\":1000},{\"@type\":\"BreadcrumbList\",\"@id\":\"https:\\\/\\\/bbqentertainment.com\\\/toode\\\/napoleon-grillitarvikute-kaheosaline-komplekt-algajatele-lukustatavad-grillitangid-grilllabidas\\\/#breadcrumb\",\"itemListElement\":[{\"@type\":\"ListItem\",\"position\":1,\"name\":\"AVALEHT\",\"item\":\"https:\\\/\\\/bbqentertainment.com\\\/en\\\/\"},{\"@type\":\"ListItem\",\"position\":2,\"name\":\"Tooted\",\"item\":\"https:\\\/\\\/bbqentertainment.com\\\/tooted\\\/\"},{\"@type\":\"ListItem\",\"position\":3,\"name\":\"Lisatarvikud\",\"item\":\"https:\\\/\\\/bbqentertainment.com\\\/tootekategooria\\\/lisatarvikud\\\/\"},{\"@type\":\"ListItem\",\"position\":4,\"name\":\"Lisatarvikud Napoleon\",\"item\":\"https:\\\/\\\/bbqentertainment.com\\\/tootekategooria\\\/lisatarvikud\\\/lisatarvikud-napoleon\\\/\"},{\"@type\":\"ListItem\",\"position\":5,\"name\":\"Napoleon grillitarvikute kaheosaline komplekt algajatele (lukustatavad grillitangid, grilllabidas)\"}]},{\"@type\":\"WebSite\",\"@id\":\"https:\\\/\\\/bbqentertainment.com\\\/#website\",\"url\":\"https:\\\/\\\/bbqentertainment.com\\\/\",\"name\":\"BBQ Entertainment\",\"description\":\"BBQ is a great lifestyle, not just fun!\",\"publisher\":{\"@id\":\"https:\\\/\\\/bbqentertainment.com\\\/#organization\"},\"potentialAction\":[{\"@type\":\"SearchAction\",\"target\":{\"@type\":\"EntryPoint\",\"urlTemplate\":\"https:\\\/\\\/bbqentertainment.com\\\/?s={search_term_string}\"},\"query-input\":{\"@type\":\"PropertyValueSpecification\",\"valueRequired\":true,\"valueName\":\"search_term_string\"}}],\"inLanguage\":\"en-US\"},{\"@type\":\"Organization\",\"@id\":\"https:\\\/\\\/bbqentertainment.com\\\/#organization\",\"name\":\"BBQ Entertainment O\u00dc\",\"url\":\"https:\\\/\\\/bbqentertainment.com\\\/\",\"logo\":{\"@type\":\"ImageObject\",\"inLanguage\":\"en-US\",\"@id\":\"https:\\\/\\\/bbqentertainment.com\\\/#\\\/schema\\\/logo\\\/image\\\/\",\"url\":\"https:\\\/\\\/bbqentertainment.com\\\/wp-content\\\/uploads\\\/2020\\\/04\\\/BBQ-Entertainment-N-Catering-Enn-Tobreluts-Logo.png\",\"contentUrl\":\"https:\\\/\\\/bbqentertainment.com\\\/wp-content\\\/uploads\\\/2020\\\/04\\\/BBQ-Entertainment-N-Catering-Enn-Tobreluts-Logo.png\",\"width\":628,\"height\":266,\"caption\":\"BBQ Entertainment O\u00dc\"},\"image\":{\"@id\":\"https:\\\/\\\/bbqentertainment.com\\\/#\\\/schema\\\/logo\\\/image\\\/\"},\"sameAs\":[\"https:\\\/\\\/www.facebook.com\\\/BBQ-Entertainment-N-Catering-2437913376443540\",\"https:\\\/\\\/www.instagram.com\\\/bbqentertainmentncatering\\\/\",\"https:\\\/\\\/www.youtube.com\\\/channel\\\/UCmpuANQVhLy2Md8nrenp2jA\"]}]}<\/script>\n<!-- \/ Yoast SEO plugin. -->","yoast_head_json":{"title":"Napoleon grillitarvikute kaheosaline komplekt algajatele (lukustatavad grillitangid, grilllabidas) - BBQ Entertainment","robots":{"index":"index","follow":"follow","max-snippet":"max-snippet:-1","max-image-preview":"max-image-preview:large","max-video-preview":"max-video-preview:-1"},"canonical":"https:\/\/bbqentertainment.com\/toode\/napoleon-grillitarvikute-kaheosaline-komplekt-algajatele-lukustatavad-grillitangid-grilllabidas\/","og_locale":"en_US","og_type":"article","og_title":"Napoleon grillitarvikute kaheosaline komplekt algajatele (lukustatavad grillitangid, grilllabidas) - BBQ Entertainment","og_description":"Napoleon grillitarvikute kaheosaline komplekt algajatele (lukustatavad grillitangid, grilllabidas) Grilli mugavalt 2-osalise Grill Starter t\u00f6\u00f6riistakomplektiga, mis sisaldab igale grillijale vajalikke p\u00f5hitarvikuid. Komplektis on 3-k\u00fclgne faasitud servaga spaatel, millega saad toitu kergelt p\u00f6\u00f6rata ja t\u00f5sta, ning soonilised tangid, mis annavad toidu k\u00e4sitlemisel parema kontrolli. Tangidel on lihtne t\u00f5mba-ja-lukusta ning vabasta mehhanism, mis teeb hoiustamise ja transportimise mugavaks. M\u00f5lemal t\u00f6\u00f6riistal on ergonoomilised libisemiskindlad k\u00e4epidemed, et kasutamine oleks turvaline ja mugav. Lisafunktsioonina toimib spaatli riputusava ka pudeliavajana ning m\u00f5lemal t\u00f6\u00f6riistal on aas, et need oleksid grillimise ajal alati k\u00e4ep\u00e4rast. Vastupidav, mitmek\u00fclgne ja praktiline komplekt, mis teeb iga grillimiskorra lihtsamaks ja nauditavamaks.  P\u00f5hiomadused  - T\u00f5mba-ja-lukusta ning vabasta mehhanism tangide mugavaks hoiustamiseks ja transportimiseks - 3-k\u00fclgne faasitud servaga spaatel lihtsaks p\u00f6\u00f6ramiseks - Soonilised tangid t\u00e4psemaks toidu k\u00e4sitlemiseks - Libisemiskindlad k\u00e4epidemed turvaliseks kasutamiseks - Riputusaasad hoiustamiseks, et t\u00f6\u00f6riistad oleksid grillimise ajal k\u00e4eulatuses - Spaatli riputusava toimib ka pudeliavajana","og_url":"https:\/\/bbqentertainment.com\/toode\/napoleon-grillitarvikute-kaheosaline-komplekt-algajatele-lukustatavad-grillitangid-grilllabidas\/","og_site_name":"BBQ Entertainment","article_publisher":"https:\/\/www.facebook.com\/BBQ-Entertainment-N-Catering-2437913376443540","article_modified_time":"2026-04-13T18:56:15+00:00","og_image":[{"width":1000,"height":1000,"url":"https:\/\/bbqentertainment.com\/wp-content\/uploads\/2026\/03\/GATL020-Web-Gallery-01-Original_JPG-GATL020_GoodToolSet_Prod-STR.jpg","type":"image\/jpeg"}],"twitter_card":"summary_large_image","twitter_misc":{"Est. reading time":"1 minute"},"schema":{"@context":"https:\/\/schema.org","@graph":[{"@type":["WebPage","ItemPage"],"@id":"https:\/\/bbqentertainment.com\/toode\/napoleon-grillitarvikute-kaheosaline-komplekt-algajatele-lukustatavad-grillitangid-grilllabidas\/","url":"https:\/\/bbqentertainment.com\/toode\/napoleon-grillitarvikute-kaheosaline-komplekt-algajatele-lukustatavad-grillitangid-grilllabidas\/","name":"Napoleon grillitarvikute kaheosaline komplekt algajatele (lukustatavad grillitangid, grilllabidas) - BBQ Entertainment","isPartOf":{"@id":"https:\/\/bbqentertainment.com\/#website"},"primaryImageOfPage":{"@id":"https:\/\/bbqentertainment.com\/toode\/napoleon-grillitarvikute-kaheosaline-komplekt-algajatele-lukustatavad-grillitangid-grilllabidas\/#primaryimage"},"image":{"@id":"https:\/\/bbqentertainment.com\/toode\/napoleon-grillitarvikute-kaheosaline-komplekt-algajatele-lukustatavad-grillitangid-grilllabidas\/#primaryimage"},"thumbnailUrl":"https:\/\/bbqentertainment.com\/wp-content\/uploads\/2026\/03\/GATL020-Web-Gallery-01-Original_JPG-GATL020_GoodToolSet_Prod-STR.jpg","datePublished":"2026-03-08T22:28:55+00:00","dateModified":"2026-04-13T18:56:15+00:00","breadcrumb":{"@id":"https:\/\/bbqentertainment.com\/toode\/napoleon-grillitarvikute-kaheosaline-komplekt-algajatele-lukustatavad-grillitangid-grilllabidas\/#breadcrumb"},"inLanguage":"en-US","potentialAction":[{"@type":"ReadAction","target":["https:\/\/bbqentertainment.com\/toode\/napoleon-grillitarvikute-kaheosaline-komplekt-algajatele-lukustatavad-grillitangid-grilllabidas\/"]}]},{"@type":"ImageObject","inLanguage":"en-US","@id":"https:\/\/bbqentertainment.com\/toode\/napoleon-grillitarvikute-kaheosaline-komplekt-algajatele-lukustatavad-grillitangid-grilllabidas\/#primaryimage","url":"https:\/\/bbqentertainment.com\/wp-content\/uploads\/2026\/03\/GATL020-Web-Gallery-01-Original_JPG-GATL020_GoodToolSet_Prod-STR.jpg","contentUrl":"https:\/\/bbqentertainment.com\/wp-content\/uploads\/2026\/03\/GATL020-Web-Gallery-01-Original_JPG-GATL020_GoodToolSet_Prod-STR.jpg","width":1000,"height":1000},{"@type":"BreadcrumbList","@id":"https:\/\/bbqentertainment.com\/toode\/napoleon-grillitarvikute-kaheosaline-komplekt-algajatele-lukustatavad-grillitangid-grilllabidas\/#breadcrumb","itemListElement":[{"@type":"ListItem","position":1,"name":"AVALEHT","item":"https:\/\/bbqentertainment.com\/en\/"},{"@type":"ListItem","position":2,"name":"Tooted","item":"https:\/\/bbqentertainment.com\/tooted\/"},{"@type":"ListItem","position":3,"name":"Lisatarvikud","item":"https:\/\/bbqentertainment.com\/tootekategooria\/lisatarvikud\/"},{"@type":"ListItem","position":4,"name":"Lisatarvikud Napoleon","item":"https:\/\/bbqentertainment.com\/tootekategooria\/lisatarvikud\/lisatarvikud-napoleon\/"},{"@type":"ListItem","position":5,"name":"Napoleon grillitarvikute kaheosaline komplekt algajatele (lukustatavad grillitangid, grilllabidas)"}]},{"@type":"WebSite","@id":"https:\/\/bbqentertainment.com\/#website","url":"https:\/\/bbqentertainment.com\/","name":"BBQ Entertainment","description":"BBQ is a great lifestyle, not just fun!","publisher":{"@id":"https:\/\/bbqentertainment.com\/#organization"},"potentialAction":[{"@type":"SearchAction","target":{"@type":"EntryPoint","urlTemplate":"https:\/\/bbqentertainment.com\/?s={search_term_string}"},"query-input":{"@type":"PropertyValueSpecification","valueRequired":true,"valueName":"search_term_string"}}],"inLanguage":"en-US"},{"@type":"Organization","@id":"https:\/\/bbqentertainment.com\/#organization","name":"BBQ Entertainment O\u00dc","url":"https:\/\/bbqentertainment.com\/","logo":{"@type":"ImageObject","inLanguage":"en-US","@id":"https:\/\/bbqentertainment.com\/#\/schema\/logo\/image\/","url":"https:\/\/bbqentertainment.com\/wp-content\/uploads\/2020\/04\/BBQ-Entertainment-N-Catering-Enn-Tobreluts-Logo.png","contentUrl":"https:\/\/bbqentertainment.com\/wp-content\/uploads\/2020\/04\/BBQ-Entertainment-N-Catering-Enn-Tobreluts-Logo.png","width":628,"height":266,"caption":"BBQ Entertainment O\u00dc"},"image":{"@id":"https:\/\/bbqentertainment.com\/#\/schema\/logo\/image\/"},"sameAs":["https:\/\/www.facebook.com\/BBQ-Entertainment-N-Catering-2437913376443540","https:\/\/www.instagram.com\/bbqentertainmentncatering\/","https:\/\/www.youtube.com\/channel\/UCmpuANQVhLy2Md8nrenp2jA"]}]}},"_links":{"self":[{"href":"https:\/\/bbqentertainment.com\/en\/wp-json\/wp\/v2\/product\/258136","targetHints":{"allow":["GET"]}}],"collection":[{"href":"https:\/\/bbqentertainment.com\/en\/wp-json\/wp\/v2\/product"}],"about":[{"href":"https:\/\/bbqentertainment.com\/en\/wp-json\/wp\/v2\/types\/product"}],"wp:featuredmedia":[{"embeddable":true,"href":"https:\/\/bbqentertainment.com\/en\/wp-json\/wp\/v2\/media\/258138"}],"wp:attachment":[{"href":"https:\/\/bbqentertainment.com\/en\/wp-json\/wp\/v2\/media?parent=258136"}],"wp:term":[{"taxonomy":"product_brand","embeddable":true,"href":"https:\/\/bbqentertainment.com\/en\/wp-json\/wp\/v2\/product_brand?post=258136"},{"taxonomy":"product_cat","embeddable":true,"href":"https:\/\/bbqentertainment.com\/en\/wp-json\/wp\/v2\/product_cat?post=258136"},{"taxonomy":"product_tag","embeddable":true,"href":"https:\/\/bbqentertainment.com\/en\/wp-json\/wp\/v2\/product_tag?post=258136"}],"curies":[{"name":"wp","href":"https:\/\/api.w.org\/{rel}","templated":true}]}}