{"id":258148,"date":"2026-03-09T00:39:43","date_gmt":"2026-03-08T22:39:43","guid":{"rendered":"https:\/\/bbqentertainment.com\/?post_type=product&#038;p=258148"},"modified":"2026-04-13T21:56:15","modified_gmt":"2026-04-13T18:56:15","slug":"napoleon-terasest-plancha-tuleplaat-soegrillidele","status":"publish","type":"product","link":"https:\/\/bbqentertainment.com\/en\/toode\/napoleon-terasest-plancha-tuleplaat-soegrillidele\/","title":{"rendered":"Napoleon terasest Plancha-tuleplaat s\u00f6egrillidele \u00d878cm (sobib 22&#8221; ja 18&#8221; s\u00f6egrillidele)"},"content":{"rendered":"","protected":false},"excerpt":{"rendered":"<h3>Napoleon terasest Plancha-tuleplaat s\u00f6egrillidele \u00d878cm (sobib 22&#8221; ja 18&#8221; s\u00f6egrillidele)<\/h3>\n<p>Kvaliteetsest ja vastupidavast terasest valmistatud mitmek\u00fclgne s\u00f6egrilli k\u00fcpsetusplaat seob ja jaotab kuumuse \u00fchtlaselt \u00fcle kogu k\u00fcpsetuspinna, tagades grillitavale toidule suurep\u00e4rase tulemuse. Sile pind sobib ideaalselt liha ja k\u00f6\u00f6giviljade grillimiseks, aga ka munade ja pannkookide k\u00fcpsetamiseks, mist\u00f5ttu on see suurep\u00e4rane t\u00e4iendus sinu s\u00f6egrilli varustusele. T\u00e4nu mittenakkuvale pinnale on k\u00fcpsetusplaati lihtne puhastada. Sobib kasutamiseks Napoleoni 47 cm ja 57 cm s\u00f6egrillidel.<\/p>\n<p><strong>P\u00f5hiomadused<\/strong><\/p>\n<p>&#8211; Vastupidav terasest k\u00fcpsetusplaat \u00fchtlase kuumuse jaotusega<br \/>\n&#8211; Sile pind liha, k\u00f6\u00f6giviljade, munade ja pannkookide k\u00fcpsetamiseks<br \/>\n&#8211; Mittenakkuv pind lihtsamaks puhastamiseks<br \/>\n&#8211; Sobib Napoleoni 47 cm ja 57 cm s\u00f6egrillidele<\/p>\n","protected":false},"featured_media":258151,"template":"","meta":{"inline_featured_image":false},"product_brand":[],"product_cat":[625,562,479],"product_tag":[],"class_list":{"0":"post-258148","1":"product","2":"type-product","3":"status-publish","4":"has-post-thumbnail","6":"product_cat-napoleon-soegrillid","7":"product_cat-lisatarvikud-napoleon","8":"product_cat-grillitarvikud","10":"first","11":"instock","12":"taxable","13":"shipping-taxable","14":"purchasable","15":"product-type-simple"},"yoast_head":"<!-- This site is optimized with the Yoast SEO plugin v27.4 - https:\/\/yoast.com\/product\/yoast-seo-wordpress\/ -->\n<title>Napoleon terasest Plancha-tuleplaat s\u00f6egrillidele \u00d878cm (sobib 22&#039;&#039; ja 18&#039;&#039; s\u00f6egrillidele) - BBQ Entertainment<\/title>\n<meta name=\"robots\" content=\"index, follow, max-snippet:-1, max-image-preview:large, max-video-preview:-1\" \/>\n<link rel=\"canonical\" href=\"https:\/\/bbqentertainment.com\/toode\/napoleon-terasest-plancha-tuleplaat-soegrillidele\/\" \/>\n<meta property=\"og:locale\" content=\"en_US\" \/>\n<meta property=\"og:type\" content=\"article\" \/>\n<meta property=\"og:title\" content=\"Napoleon terasest Plancha-tuleplaat s\u00f6egrillidele \u00d878cm (sobib 22&#039;&#039; ja 18&#039;&#039; s\u00f6egrillidele) - BBQ Entertainment\" \/>\n<meta property=\"og:description\" content=\"Napoleon terasest Plancha-tuleplaat s\u00f6egrillidele \u00d878cm (sobib 22&#039;&#039; ja 18&#039;&#039; s\u00f6egrillidele) Kvaliteetsest ja vastupidavast terasest valmistatud mitmek\u00fclgne s\u00f6egrilli k\u00fcpsetusplaat seob ja jaotab kuumuse \u00fchtlaselt \u00fcle kogu k\u00fcpsetuspinna, tagades grillitavale toidule suurep\u00e4rase tulemuse. Sile pind sobib ideaalselt liha ja k\u00f6\u00f6giviljade grillimiseks, aga ka munade ja pannkookide k\u00fcpsetamiseks, mist\u00f5ttu on see suurep\u00e4rane t\u00e4iendus sinu s\u00f6egrilli varustusele. T\u00e4nu mittenakkuvale pinnale on k\u00fcpsetusplaati lihtne puhastada. Sobib kasutamiseks Napoleoni 47 cm ja 57 cm s\u00f6egrillidel.  P\u00f5hiomadused  - Vastupidav terasest k\u00fcpsetusplaat \u00fchtlase kuumuse jaotusega - Sile pind liha, k\u00f6\u00f6giviljade, munade ja pannkookide k\u00fcpsetamiseks - Mittenakkuv pind lihtsamaks puhastamiseks - Sobib Napoleoni 47 cm ja 57 cm s\u00f6egrillidele\" \/>\n<meta property=\"og:url\" content=\"https:\/\/bbqentertainment.com\/toode\/napoleon-terasest-plancha-tuleplaat-soegrillidele\/\" \/>\n<meta property=\"og:site_name\" content=\"BBQ Entertainment\" \/>\n<meta property=\"article:publisher\" content=\"https:\/\/www.facebook.com\/BBQ-Entertainment-N-Catering-2437913376443540\" \/>\n<meta property=\"article:modified_time\" content=\"2026-04-13T18:56:15+00:00\" \/>\n<meta property=\"og:image\" content=\"https:\/\/bbqentertainment.com\/wp-content\/uploads\/2026\/03\/image.jpg\" \/>\n\t<meta property=\"og:image:width\" content=\"1000\" \/>\n\t<meta property=\"og:image:height\" content=\"1000\" \/>\n\t<meta property=\"og:image:type\" content=\"image\/jpeg\" \/>\n<meta name=\"twitter:card\" content=\"summary_large_image\" \/>\n<meta name=\"twitter:label1\" content=\"Est. reading time\" \/>\n\t<meta name=\"twitter:data1\" content=\"1 minute\" \/>\n<script type=\"application\/ld+json\" class=\"yoast-schema-graph\">{\"@context\":\"https:\\\/\\\/schema.org\",\"@graph\":[{\"@type\":[\"WebPage\",\"ItemPage\"],\"@id\":\"https:\\\/\\\/bbqentertainment.com\\\/toode\\\/napoleon-terasest-plancha-tuleplaat-soegrillidele\\\/\",\"url\":\"https:\\\/\\\/bbqentertainment.com\\\/toode\\\/napoleon-terasest-plancha-tuleplaat-soegrillidele\\\/\",\"name\":\"Napoleon terasest Plancha-tuleplaat s\u00f6egrillidele \u00d878cm (sobib 22'' ja 18'' s\u00f6egrillidele) - BBQ Entertainment\",\"isPartOf\":{\"@id\":\"https:\\\/\\\/bbqentertainment.com\\\/#website\"},\"primaryImageOfPage\":{\"@id\":\"https:\\\/\\\/bbqentertainment.com\\\/toode\\\/napoleon-terasest-plancha-tuleplaat-soegrillidele\\\/#primaryimage\"},\"image\":{\"@id\":\"https:\\\/\\\/bbqentertainment.com\\\/toode\\\/napoleon-terasest-plancha-tuleplaat-soegrillidele\\\/#primaryimage\"},\"thumbnailUrl\":\"https:\\\/\\\/bbqentertainment.com\\\/wp-content\\\/uploads\\\/2026\\\/03\\\/image.jpg\",\"datePublished\":\"2026-03-08T22:39:43+00:00\",\"dateModified\":\"2026-04-13T18:56:15+00:00\",\"breadcrumb\":{\"@id\":\"https:\\\/\\\/bbqentertainment.com\\\/toode\\\/napoleon-terasest-plancha-tuleplaat-soegrillidele\\\/#breadcrumb\"},\"inLanguage\":\"en-US\",\"potentialAction\":[{\"@type\":\"ReadAction\",\"target\":[\"https:\\\/\\\/bbqentertainment.com\\\/toode\\\/napoleon-terasest-plancha-tuleplaat-soegrillidele\\\/\"]}]},{\"@type\":\"ImageObject\",\"inLanguage\":\"en-US\",\"@id\":\"https:\\\/\\\/bbqentertainment.com\\\/toode\\\/napoleon-terasest-plancha-tuleplaat-soegrillidele\\\/#primaryimage\",\"url\":\"https:\\\/\\\/bbqentertainment.com\\\/wp-content\\\/uploads\\\/2026\\\/03\\\/image.jpg\",\"contentUrl\":\"https:\\\/\\\/bbqentertainment.com\\\/wp-content\\\/uploads\\\/2026\\\/03\\\/image.jpg\",\"width\":1000,\"height\":1000},{\"@type\":\"BreadcrumbList\",\"@id\":\"https:\\\/\\\/bbqentertainment.com\\\/toode\\\/napoleon-terasest-plancha-tuleplaat-soegrillidele\\\/#breadcrumb\",\"itemListElement\":[{\"@type\":\"ListItem\",\"position\":1,\"name\":\"AVALEHT\",\"item\":\"https:\\\/\\\/bbqentertainment.com\\\/en\\\/\"},{\"@type\":\"ListItem\",\"position\":2,\"name\":\"Tooted\",\"item\":\"https:\\\/\\\/bbqentertainment.com\\\/tooted\\\/\"},{\"@type\":\"ListItem\",\"position\":3,\"name\":\"Lisatarvikud\",\"item\":\"https:\\\/\\\/bbqentertainment.com\\\/tootekategooria\\\/lisatarvikud\\\/\"},{\"@type\":\"ListItem\",\"position\":4,\"name\":\"Lisatarvikud Napoleon\",\"item\":\"https:\\\/\\\/bbqentertainment.com\\\/tootekategooria\\\/lisatarvikud\\\/lisatarvikud-napoleon\\\/\"},{\"@type\":\"ListItem\",\"position\":5,\"name\":\"Napoleon terasest Plancha-tuleplaat s\u00f6egrillidele \u00d878cm (sobib 22&#8221; ja 18&#8221; s\u00f6egrillidele)\"}]},{\"@type\":\"WebSite\",\"@id\":\"https:\\\/\\\/bbqentertainment.com\\\/#website\",\"url\":\"https:\\\/\\\/bbqentertainment.com\\\/\",\"name\":\"BBQ Entertainment\",\"description\":\"BBQ is a great lifestyle, not just fun!\",\"publisher\":{\"@id\":\"https:\\\/\\\/bbqentertainment.com\\\/#organization\"},\"potentialAction\":[{\"@type\":\"SearchAction\",\"target\":{\"@type\":\"EntryPoint\",\"urlTemplate\":\"https:\\\/\\\/bbqentertainment.com\\\/?s={search_term_string}\"},\"query-input\":{\"@type\":\"PropertyValueSpecification\",\"valueRequired\":true,\"valueName\":\"search_term_string\"}}],\"inLanguage\":\"en-US\"},{\"@type\":\"Organization\",\"@id\":\"https:\\\/\\\/bbqentertainment.com\\\/#organization\",\"name\":\"BBQ Entertainment O\u00dc\",\"url\":\"https:\\\/\\\/bbqentertainment.com\\\/\",\"logo\":{\"@type\":\"ImageObject\",\"inLanguage\":\"en-US\",\"@id\":\"https:\\\/\\\/bbqentertainment.com\\\/#\\\/schema\\\/logo\\\/image\\\/\",\"url\":\"https:\\\/\\\/bbqentertainment.com\\\/wp-content\\\/uploads\\\/2020\\\/04\\\/BBQ-Entertainment-N-Catering-Enn-Tobreluts-Logo.png\",\"contentUrl\":\"https:\\\/\\\/bbqentertainment.com\\\/wp-content\\\/uploads\\\/2020\\\/04\\\/BBQ-Entertainment-N-Catering-Enn-Tobreluts-Logo.png\",\"width\":628,\"height\":266,\"caption\":\"BBQ Entertainment O\u00dc\"},\"image\":{\"@id\":\"https:\\\/\\\/bbqentertainment.com\\\/#\\\/schema\\\/logo\\\/image\\\/\"},\"sameAs\":[\"https:\\\/\\\/www.facebook.com\\\/BBQ-Entertainment-N-Catering-2437913376443540\",\"https:\\\/\\\/www.instagram.com\\\/bbqentertainmentncatering\\\/\",\"https:\\\/\\\/www.youtube.com\\\/channel\\\/UCmpuANQVhLy2Md8nrenp2jA\"]}]}<\/script>\n<!-- \/ Yoast SEO plugin. -->","yoast_head_json":{"title":"Napoleon terasest Plancha-tuleplaat s\u00f6egrillidele \u00d878cm (sobib 22'' ja 18'' s\u00f6egrillidele) - BBQ Entertainment","robots":{"index":"index","follow":"follow","max-snippet":"max-snippet:-1","max-image-preview":"max-image-preview:large","max-video-preview":"max-video-preview:-1"},"canonical":"https:\/\/bbqentertainment.com\/toode\/napoleon-terasest-plancha-tuleplaat-soegrillidele\/","og_locale":"en_US","og_type":"article","og_title":"Napoleon terasest Plancha-tuleplaat s\u00f6egrillidele \u00d878cm (sobib 22'' ja 18'' s\u00f6egrillidele) - BBQ Entertainment","og_description":"Napoleon terasest Plancha-tuleplaat s\u00f6egrillidele \u00d878cm (sobib 22'' ja 18'' s\u00f6egrillidele) Kvaliteetsest ja vastupidavast terasest valmistatud mitmek\u00fclgne s\u00f6egrilli k\u00fcpsetusplaat seob ja jaotab kuumuse \u00fchtlaselt \u00fcle kogu k\u00fcpsetuspinna, tagades grillitavale toidule suurep\u00e4rase tulemuse. Sile pind sobib ideaalselt liha ja k\u00f6\u00f6giviljade grillimiseks, aga ka munade ja pannkookide k\u00fcpsetamiseks, mist\u00f5ttu on see suurep\u00e4rane t\u00e4iendus sinu s\u00f6egrilli varustusele. T\u00e4nu mittenakkuvale pinnale on k\u00fcpsetusplaati lihtne puhastada. Sobib kasutamiseks Napoleoni 47 cm ja 57 cm s\u00f6egrillidel.  P\u00f5hiomadused  - Vastupidav terasest k\u00fcpsetusplaat \u00fchtlase kuumuse jaotusega - Sile pind liha, k\u00f6\u00f6giviljade, munade ja pannkookide k\u00fcpsetamiseks - Mittenakkuv pind lihtsamaks puhastamiseks - Sobib Napoleoni 47 cm ja 57 cm s\u00f6egrillidele","og_url":"https:\/\/bbqentertainment.com\/toode\/napoleon-terasest-plancha-tuleplaat-soegrillidele\/","og_site_name":"BBQ Entertainment","article_publisher":"https:\/\/www.facebook.com\/BBQ-Entertainment-N-Catering-2437913376443540","article_modified_time":"2026-04-13T18:56:15+00:00","og_image":[{"width":1000,"height":1000,"url":"https:\/\/bbqentertainment.com\/wp-content\/uploads\/2026\/03\/image.jpg","type":"image\/jpeg"}],"twitter_card":"summary_large_image","twitter_misc":{"Est. reading time":"1 minute"},"schema":{"@context":"https:\/\/schema.org","@graph":[{"@type":["WebPage","ItemPage"],"@id":"https:\/\/bbqentertainment.com\/toode\/napoleon-terasest-plancha-tuleplaat-soegrillidele\/","url":"https:\/\/bbqentertainment.com\/toode\/napoleon-terasest-plancha-tuleplaat-soegrillidele\/","name":"Napoleon terasest Plancha-tuleplaat s\u00f6egrillidele \u00d878cm (sobib 22'' ja 18'' s\u00f6egrillidele) - BBQ Entertainment","isPartOf":{"@id":"https:\/\/bbqentertainment.com\/#website"},"primaryImageOfPage":{"@id":"https:\/\/bbqentertainment.com\/toode\/napoleon-terasest-plancha-tuleplaat-soegrillidele\/#primaryimage"},"image":{"@id":"https:\/\/bbqentertainment.com\/toode\/napoleon-terasest-plancha-tuleplaat-soegrillidele\/#primaryimage"},"thumbnailUrl":"https:\/\/bbqentertainment.com\/wp-content\/uploads\/2026\/03\/image.jpg","datePublished":"2026-03-08T22:39:43+00:00","dateModified":"2026-04-13T18:56:15+00:00","breadcrumb":{"@id":"https:\/\/bbqentertainment.com\/toode\/napoleon-terasest-plancha-tuleplaat-soegrillidele\/#breadcrumb"},"inLanguage":"en-US","potentialAction":[{"@type":"ReadAction","target":["https:\/\/bbqentertainment.com\/toode\/napoleon-terasest-plancha-tuleplaat-soegrillidele\/"]}]},{"@type":"ImageObject","inLanguage":"en-US","@id":"https:\/\/bbqentertainment.com\/toode\/napoleon-terasest-plancha-tuleplaat-soegrillidele\/#primaryimage","url":"https:\/\/bbqentertainment.com\/wp-content\/uploads\/2026\/03\/image.jpg","contentUrl":"https:\/\/bbqentertainment.com\/wp-content\/uploads\/2026\/03\/image.jpg","width":1000,"height":1000},{"@type":"BreadcrumbList","@id":"https:\/\/bbqentertainment.com\/toode\/napoleon-terasest-plancha-tuleplaat-soegrillidele\/#breadcrumb","itemListElement":[{"@type":"ListItem","position":1,"name":"AVALEHT","item":"https:\/\/bbqentertainment.com\/en\/"},{"@type":"ListItem","position":2,"name":"Tooted","item":"https:\/\/bbqentertainment.com\/tooted\/"},{"@type":"ListItem","position":3,"name":"Lisatarvikud","item":"https:\/\/bbqentertainment.com\/tootekategooria\/lisatarvikud\/"},{"@type":"ListItem","position":4,"name":"Lisatarvikud Napoleon","item":"https:\/\/bbqentertainment.com\/tootekategooria\/lisatarvikud\/lisatarvikud-napoleon\/"},{"@type":"ListItem","position":5,"name":"Napoleon terasest Plancha-tuleplaat s\u00f6egrillidele \u00d878cm (sobib 22&#8221; ja 18&#8221; s\u00f6egrillidele)"}]},{"@type":"WebSite","@id":"https:\/\/bbqentertainment.com\/#website","url":"https:\/\/bbqentertainment.com\/","name":"BBQ Entertainment","description":"BBQ is a great lifestyle, not just fun!","publisher":{"@id":"https:\/\/bbqentertainment.com\/#organization"},"potentialAction":[{"@type":"SearchAction","target":{"@type":"EntryPoint","urlTemplate":"https:\/\/bbqentertainment.com\/?s={search_term_string}"},"query-input":{"@type":"PropertyValueSpecification","valueRequired":true,"valueName":"search_term_string"}}],"inLanguage":"en-US"},{"@type":"Organization","@id":"https:\/\/bbqentertainment.com\/#organization","name":"BBQ Entertainment O\u00dc","url":"https:\/\/bbqentertainment.com\/","logo":{"@type":"ImageObject","inLanguage":"en-US","@id":"https:\/\/bbqentertainment.com\/#\/schema\/logo\/image\/","url":"https:\/\/bbqentertainment.com\/wp-content\/uploads\/2020\/04\/BBQ-Entertainment-N-Catering-Enn-Tobreluts-Logo.png","contentUrl":"https:\/\/bbqentertainment.com\/wp-content\/uploads\/2020\/04\/BBQ-Entertainment-N-Catering-Enn-Tobreluts-Logo.png","width":628,"height":266,"caption":"BBQ Entertainment O\u00dc"},"image":{"@id":"https:\/\/bbqentertainment.com\/#\/schema\/logo\/image\/"},"sameAs":["https:\/\/www.facebook.com\/BBQ-Entertainment-N-Catering-2437913376443540","https:\/\/www.instagram.com\/bbqentertainmentncatering\/","https:\/\/www.youtube.com\/channel\/UCmpuANQVhLy2Md8nrenp2jA"]}]}},"_links":{"self":[{"href":"https:\/\/bbqentertainment.com\/en\/wp-json\/wp\/v2\/product\/258148","targetHints":{"allow":["GET"]}}],"collection":[{"href":"https:\/\/bbqentertainment.com\/en\/wp-json\/wp\/v2\/product"}],"about":[{"href":"https:\/\/bbqentertainment.com\/en\/wp-json\/wp\/v2\/types\/product"}],"wp:featuredmedia":[{"embeddable":true,"href":"https:\/\/bbqentertainment.com\/en\/wp-json\/wp\/v2\/media\/258151"}],"wp:attachment":[{"href":"https:\/\/bbqentertainment.com\/en\/wp-json\/wp\/v2\/media?parent=258148"}],"wp:term":[{"taxonomy":"product_brand","embeddable":true,"href":"https:\/\/bbqentertainment.com\/en\/wp-json\/wp\/v2\/product_brand?post=258148"},{"taxonomy":"product_cat","embeddable":true,"href":"https:\/\/bbqentertainment.com\/en\/wp-json\/wp\/v2\/product_cat?post=258148"},{"taxonomy":"product_tag","embeddable":true,"href":"https:\/\/bbqentertainment.com\/en\/wp-json\/wp\/v2\/product_tag?post=258148"}],"curies":[{"name":"wp","href":"https:\/\/api.w.org\/{rel}","templated":true}]}}