{"id":258440,"date":"2026-03-29T21:53:20","date_gmt":"2026-03-29T18:53:20","guid":{"rendered":"https:\/\/bbqentertainment.com\/?post_type=product&#038;p=258440"},"modified":"2026-04-02T19:18:04","modified_gmt":"2026-04-02T16:18:04","slug":"kamado-pro-joe-koos-alumiiniumist-pulbervarvitud-kokkupandava-toolauaga","status":"publish","type":"product","link":"https:\/\/bbqentertainment.com\/en\/toode\/kamado-pro-joe-koos-alumiiniumist-pulbervarvitud-kokkupandava-toolauaga\/","title":{"rendered":"Kamado PRO JOE koos alumiiniumist pulberv\u00e4rvitud kokkupandava t\u00f6\u00f6lauaga (sahtliga), laud matt must \/ ahi punane + roostevaba"},"content":{"rendered":"","protected":false},"excerpt":{"rendered":"<h3><span style=\"color: #000000;\"><strong>&#8220;LIMITED EDITION&#8221; KOMPLEKT &#8211; Kamado PRO JOE koos alumiiniumist pulberv\u00e4rvitud kokkupandava t\u00f6\u00f6lauaga (sahtliga), laud matt must \/ ahi punane + roostevaba<\/strong><\/span><\/h3>\n<p><span style=\"color: #000000;\">See on UHIUUS ja AINULAADNE KOMPLEKT, sest ProJoe&#8217;sid rohkem Euroopasse ei tooda ja see on v\u00e4ga kvaliteetne Kamado Joe TIPP-MUDEL koos eriti kvaliteetse t\u00f6\u00f6lauaga.<\/span><\/p>\n<p><span style=\"color: #000000;\">T\u00f6\u00f6laua info:<\/span><\/p>\n<ul>\n<li><span style=\"color: #000000;\">T\u00f6\u00f6laud on toodetud Eestis k\u00e4sit\u00f6\u00f6na<\/span><\/li>\n<li><span style=\"color: #000000;\">Raami kaal on umbes 30 kg, ahju kaal on 230 kg<\/span><\/li>\n<li><span style=\"color: #000000;\">Ilmastikukindel r<\/span><span style=\"color: #000000;\">aam on alumiiniumist valmistatud, pulber-v\u00e4rvitud, pool-matt must<\/span><\/li>\n<li><span style=\"color: #000000;\">T\u00f6\u00f6laua k\u00fcljeplaadid on komposiit-plast, kerge puhastada, ilmastikukindlad<\/span><\/li>\n<li><span style=\"color: #000000;\">K\u00fcljelaudade t\u00f5stemehhanismid on merekindlad roostevabast terasast, kroomitud<\/span><\/li>\n<li><span style=\"color: #000000;\">T\u00f6\u00f6laua sahtel, siinid ja sisu k\u00f5ik on roostevabast terasest.\u00a0Sahtli k\u00fcljed osaliselt klaasist<\/span><\/li>\n<li><span style=\"color: #000000;\">Rattad 4 tk piduritega, pulber v\u00e4rvitud, mustad<\/span><\/li>\n<\/ul>\n","protected":false},"featured_media":258441,"template":"","meta":{"inline_featured_image":false},"product_brand":[],"product_cat":[17,238,349,18,236],"product_tag":[],"class_list":{"0":"post-258440","1":"product","2":"type-product","3":"status-publish","4":"has-post-thumbnail","6":"product_cat-grillid-ja-ahjud","7":"product_cat-muud-grillid-ja-ahjud","8":"product_cat-kamado-joe-tooted","9":"product_cat-kamado-joe","10":"product_cat-grillilauad","11":"product_shipping_class-ainult-ise-jarele-tulemisega","13":"first","14":"instock","15":"sale","16":"taxable","17":"shipping-taxable","18":"purchasable","19":"product-type-simple"},"yoast_head":"<!-- This site is optimized with the Yoast SEO plugin v27.4 - https:\/\/yoast.com\/product\/yoast-seo-wordpress\/ -->\n<title>Kamado PRO JOE koos alumiiniumist pulberv\u00e4rvitud kokkupandava t\u00f6\u00f6lauaga (sahtliga), laud matt must \/ ahi punane + roostevaba - BBQ Entertainment<\/title>\n<meta name=\"robots\" content=\"index, follow, max-snippet:-1, max-image-preview:large, max-video-preview:-1\" \/>\n<link rel=\"canonical\" href=\"https:\/\/bbqentertainment.com\/toode\/kamado-pro-joe-koos-alumiiniumist-pulbervarvitud-kokkupandava-toolauaga\/\" \/>\n<meta property=\"og:locale\" content=\"en_US\" \/>\n<meta property=\"og:type\" content=\"article\" \/>\n<meta property=\"og:title\" content=\"Kamado PRO JOE koos alumiiniumist pulberv\u00e4rvitud kokkupandava t\u00f6\u00f6lauaga (sahtliga), laud matt must \/ ahi punane + roostevaba - BBQ Entertainment\" \/>\n<meta property=\"og:description\" content=\"&quot;LIMITED EDITION&quot; KOMPLEKT - Kamado PRO JOE koos alumiiniumist pulberv\u00e4rvitud kokkupandava t\u00f6\u00f6lauaga (sahtliga), laud matt must \/ ahi punane + roostevaba See on UHIUUS ja AINULAADNE KOMPLEKT, sest ProJoe&#039;sid rohkem Euroopasse ei tooda ja see on v\u00e4ga kvaliteetne Kamado Joe TIPP-MUDEL koos eriti kvaliteetse t\u00f6\u00f6lauaga.  T\u00f6\u00f6laua info:   T\u00f6\u00f6laud on toodetud Eestis k\u00e4sit\u00f6\u00f6na  Raami kaal on umbes 30 kg, ahju kaal on 230 kg  Ilmastikukindel raam on alumiiniumist valmistatud, pulber-v\u00e4rvitud, pool-matt must  T\u00f6\u00f6laua k\u00fcljeplaadid on komposiit-plast, kerge puhastada, ilmastikukindlad  K\u00fcljelaudade t\u00f5stemehhanismid on merekindlad roostevabast terasast, kroomitud  T\u00f6\u00f6laua sahtel, siinid ja sisu k\u00f5ik on roostevabast terasest.\u00a0Sahtli k\u00fcljed osaliselt klaasist  Rattad 4 tk piduritega, pulber v\u00e4rvitud, mustad\" \/>\n<meta property=\"og:url\" content=\"https:\/\/bbqentertainment.com\/toode\/kamado-pro-joe-koos-alumiiniumist-pulbervarvitud-kokkupandava-toolauaga\/\" \/>\n<meta property=\"og:site_name\" content=\"BBQ Entertainment\" \/>\n<meta property=\"article:publisher\" content=\"https:\/\/www.facebook.com\/BBQ-Entertainment-N-Catering-2437913376443540\" \/>\n<meta property=\"article:modified_time\" content=\"2026-04-02T16:18:04+00:00\" \/>\n<meta property=\"og:image\" content=\"https:\/\/bbqentertainment.com\/wp-content\/uploads\/2026\/03\/Kamado-PRO-JOE-koos-alumiiniumist-pulbervarvitud-kokkupandava-toolauaga-sahtliga-laud-matt-must-ahi-punane-ja-roostevaba1.jpg\" \/>\n\t<meta property=\"og:image:width\" content=\"1199\" \/>\n\t<meta property=\"og:image:height\" content=\"1355\" \/>\n\t<meta property=\"og:image:type\" content=\"image\/jpeg\" \/>\n<meta name=\"twitter:card\" content=\"summary_large_image\" \/>\n<meta name=\"twitter:label1\" content=\"Est. reading time\" \/>\n\t<meta name=\"twitter:data1\" content=\"1 minute\" \/>\n<script type=\"application\/ld+json\" class=\"yoast-schema-graph\">{\"@context\":\"https:\\\/\\\/schema.org\",\"@graph\":[{\"@type\":[\"WebPage\",\"ItemPage\"],\"@id\":\"https:\\\/\\\/bbqentertainment.com\\\/toode\\\/kamado-pro-joe-koos-alumiiniumist-pulbervarvitud-kokkupandava-toolauaga\\\/\",\"url\":\"https:\\\/\\\/bbqentertainment.com\\\/toode\\\/kamado-pro-joe-koos-alumiiniumist-pulbervarvitud-kokkupandava-toolauaga\\\/\",\"name\":\"Kamado PRO JOE koos alumiiniumist pulberv\u00e4rvitud kokkupandava t\u00f6\u00f6lauaga (sahtliga), laud matt must \\\/ ahi punane + roostevaba - BBQ Entertainment\",\"isPartOf\":{\"@id\":\"https:\\\/\\\/bbqentertainment.com\\\/#website\"},\"primaryImageOfPage\":{\"@id\":\"https:\\\/\\\/bbqentertainment.com\\\/toode\\\/kamado-pro-joe-koos-alumiiniumist-pulbervarvitud-kokkupandava-toolauaga\\\/#primaryimage\"},\"image\":{\"@id\":\"https:\\\/\\\/bbqentertainment.com\\\/toode\\\/kamado-pro-joe-koos-alumiiniumist-pulbervarvitud-kokkupandava-toolauaga\\\/#primaryimage\"},\"thumbnailUrl\":\"https:\\\/\\\/bbqentertainment.com\\\/wp-content\\\/uploads\\\/2026\\\/03\\\/Kamado-PRO-JOE-koos-alumiiniumist-pulbervarvitud-kokkupandava-toolauaga-sahtliga-laud-matt-must-ahi-punane-ja-roostevaba1.jpg\",\"datePublished\":\"2026-03-29T18:53:20+00:00\",\"dateModified\":\"2026-04-02T16:18:04+00:00\",\"breadcrumb\":{\"@id\":\"https:\\\/\\\/bbqentertainment.com\\\/toode\\\/kamado-pro-joe-koos-alumiiniumist-pulbervarvitud-kokkupandava-toolauaga\\\/#breadcrumb\"},\"inLanguage\":\"en-US\",\"potentialAction\":[{\"@type\":\"ReadAction\",\"target\":[\"https:\\\/\\\/bbqentertainment.com\\\/toode\\\/kamado-pro-joe-koos-alumiiniumist-pulbervarvitud-kokkupandava-toolauaga\\\/\"]}]},{\"@type\":\"ImageObject\",\"inLanguage\":\"en-US\",\"@id\":\"https:\\\/\\\/bbqentertainment.com\\\/toode\\\/kamado-pro-joe-koos-alumiiniumist-pulbervarvitud-kokkupandava-toolauaga\\\/#primaryimage\",\"url\":\"https:\\\/\\\/bbqentertainment.com\\\/wp-content\\\/uploads\\\/2026\\\/03\\\/Kamado-PRO-JOE-koos-alumiiniumist-pulbervarvitud-kokkupandava-toolauaga-sahtliga-laud-matt-must-ahi-punane-ja-roostevaba1.jpg\",\"contentUrl\":\"https:\\\/\\\/bbqentertainment.com\\\/wp-content\\\/uploads\\\/2026\\\/03\\\/Kamado-PRO-JOE-koos-alumiiniumist-pulbervarvitud-kokkupandava-toolauaga-sahtliga-laud-matt-must-ahi-punane-ja-roostevaba1.jpg\",\"width\":1199,\"height\":1355},{\"@type\":\"BreadcrumbList\",\"@id\":\"https:\\\/\\\/bbqentertainment.com\\\/toode\\\/kamado-pro-joe-koos-alumiiniumist-pulbervarvitud-kokkupandava-toolauaga\\\/#breadcrumb\",\"itemListElement\":[{\"@type\":\"ListItem\",\"position\":1,\"name\":\"AVALEHT\",\"item\":\"https:\\\/\\\/bbqentertainment.com\\\/en\\\/\"},{\"@type\":\"ListItem\",\"position\":2,\"name\":\"Tooted\",\"item\":\"https:\\\/\\\/bbqentertainment.com\\\/tooted\\\/\"},{\"@type\":\"ListItem\",\"position\":3,\"name\":\"Kamado joe\",\"item\":\"https:\\\/\\\/bbqentertainment.com\\\/tootekategooria\\\/kamado-joe-tooted\\\/\"},{\"@type\":\"ListItem\",\"position\":4,\"name\":\"Kamado Joe\",\"item\":\"https:\\\/\\\/bbqentertainment.com\\\/tootekategooria\\\/kamado-joe-tooted\\\/kamado-joe\\\/\"},{\"@type\":\"ListItem\",\"position\":5,\"name\":\"Kamado PRO JOE koos alumiiniumist pulberv\u00e4rvitud kokkupandava t\u00f6\u00f6lauaga (sahtliga), laud matt must \\\/ ahi punane + roostevaba\"}]},{\"@type\":\"WebSite\",\"@id\":\"https:\\\/\\\/bbqentertainment.com\\\/#website\",\"url\":\"https:\\\/\\\/bbqentertainment.com\\\/\",\"name\":\"BBQ Entertainment\",\"description\":\"BBQ is a great lifestyle, not just fun!\",\"publisher\":{\"@id\":\"https:\\\/\\\/bbqentertainment.com\\\/#organization\"},\"potentialAction\":[{\"@type\":\"SearchAction\",\"target\":{\"@type\":\"EntryPoint\",\"urlTemplate\":\"https:\\\/\\\/bbqentertainment.com\\\/?s={search_term_string}\"},\"query-input\":{\"@type\":\"PropertyValueSpecification\",\"valueRequired\":true,\"valueName\":\"search_term_string\"}}],\"inLanguage\":\"en-US\"},{\"@type\":\"Organization\",\"@id\":\"https:\\\/\\\/bbqentertainment.com\\\/#organization\",\"name\":\"BBQ Entertainment O\u00dc\",\"url\":\"https:\\\/\\\/bbqentertainment.com\\\/\",\"logo\":{\"@type\":\"ImageObject\",\"inLanguage\":\"en-US\",\"@id\":\"https:\\\/\\\/bbqentertainment.com\\\/#\\\/schema\\\/logo\\\/image\\\/\",\"url\":\"https:\\\/\\\/bbqentertainment.com\\\/wp-content\\\/uploads\\\/2020\\\/04\\\/BBQ-Entertainment-N-Catering-Enn-Tobreluts-Logo.png\",\"contentUrl\":\"https:\\\/\\\/bbqentertainment.com\\\/wp-content\\\/uploads\\\/2020\\\/04\\\/BBQ-Entertainment-N-Catering-Enn-Tobreluts-Logo.png\",\"width\":628,\"height\":266,\"caption\":\"BBQ Entertainment O\u00dc\"},\"image\":{\"@id\":\"https:\\\/\\\/bbqentertainment.com\\\/#\\\/schema\\\/logo\\\/image\\\/\"},\"sameAs\":[\"https:\\\/\\\/www.facebook.com\\\/BBQ-Entertainment-N-Catering-2437913376443540\",\"https:\\\/\\\/www.instagram.com\\\/bbqentertainmentncatering\\\/\",\"https:\\\/\\\/www.youtube.com\\\/channel\\\/UCmpuANQVhLy2Md8nrenp2jA\"]}]}<\/script>\n<!-- \/ Yoast SEO plugin. -->","yoast_head_json":{"title":"Kamado PRO JOE koos alumiiniumist pulberv\u00e4rvitud kokkupandava t\u00f6\u00f6lauaga (sahtliga), laud matt must \/ ahi punane + roostevaba - BBQ Entertainment","robots":{"index":"index","follow":"follow","max-snippet":"max-snippet:-1","max-image-preview":"max-image-preview:large","max-video-preview":"max-video-preview:-1"},"canonical":"https:\/\/bbqentertainment.com\/toode\/kamado-pro-joe-koos-alumiiniumist-pulbervarvitud-kokkupandava-toolauaga\/","og_locale":"en_US","og_type":"article","og_title":"Kamado PRO JOE koos alumiiniumist pulberv\u00e4rvitud kokkupandava t\u00f6\u00f6lauaga (sahtliga), laud matt must \/ ahi punane + roostevaba - BBQ Entertainment","og_description":"\"LIMITED EDITION\" KOMPLEKT - Kamado PRO JOE koos alumiiniumist pulberv\u00e4rvitud kokkupandava t\u00f6\u00f6lauaga (sahtliga), laud matt must \/ ahi punane + roostevaba See on UHIUUS ja AINULAADNE KOMPLEKT, sest ProJoe'sid rohkem Euroopasse ei tooda ja see on v\u00e4ga kvaliteetne Kamado Joe TIPP-MUDEL koos eriti kvaliteetse t\u00f6\u00f6lauaga.  T\u00f6\u00f6laua info:   T\u00f6\u00f6laud on toodetud Eestis k\u00e4sit\u00f6\u00f6na  Raami kaal on umbes 30 kg, ahju kaal on 230 kg  Ilmastikukindel raam on alumiiniumist valmistatud, pulber-v\u00e4rvitud, pool-matt must  T\u00f6\u00f6laua k\u00fcljeplaadid on komposiit-plast, kerge puhastada, ilmastikukindlad  K\u00fcljelaudade t\u00f5stemehhanismid on merekindlad roostevabast terasast, kroomitud  T\u00f6\u00f6laua sahtel, siinid ja sisu k\u00f5ik on roostevabast terasest.\u00a0Sahtli k\u00fcljed osaliselt klaasist  Rattad 4 tk piduritega, pulber v\u00e4rvitud, mustad","og_url":"https:\/\/bbqentertainment.com\/toode\/kamado-pro-joe-koos-alumiiniumist-pulbervarvitud-kokkupandava-toolauaga\/","og_site_name":"BBQ Entertainment","article_publisher":"https:\/\/www.facebook.com\/BBQ-Entertainment-N-Catering-2437913376443540","article_modified_time":"2026-04-02T16:18:04+00:00","og_image":[{"width":1199,"height":1355,"url":"https:\/\/bbqentertainment.com\/wp-content\/uploads\/2026\/03\/Kamado-PRO-JOE-koos-alumiiniumist-pulbervarvitud-kokkupandava-toolauaga-sahtliga-laud-matt-must-ahi-punane-ja-roostevaba1.jpg","type":"image\/jpeg"}],"twitter_card":"summary_large_image","twitter_misc":{"Est. reading time":"1 minute"},"schema":{"@context":"https:\/\/schema.org","@graph":[{"@type":["WebPage","ItemPage"],"@id":"https:\/\/bbqentertainment.com\/toode\/kamado-pro-joe-koos-alumiiniumist-pulbervarvitud-kokkupandava-toolauaga\/","url":"https:\/\/bbqentertainment.com\/toode\/kamado-pro-joe-koos-alumiiniumist-pulbervarvitud-kokkupandava-toolauaga\/","name":"Kamado PRO JOE koos alumiiniumist pulberv\u00e4rvitud kokkupandava t\u00f6\u00f6lauaga (sahtliga), laud matt must \/ ahi punane + roostevaba - BBQ Entertainment","isPartOf":{"@id":"https:\/\/bbqentertainment.com\/#website"},"primaryImageOfPage":{"@id":"https:\/\/bbqentertainment.com\/toode\/kamado-pro-joe-koos-alumiiniumist-pulbervarvitud-kokkupandava-toolauaga\/#primaryimage"},"image":{"@id":"https:\/\/bbqentertainment.com\/toode\/kamado-pro-joe-koos-alumiiniumist-pulbervarvitud-kokkupandava-toolauaga\/#primaryimage"},"thumbnailUrl":"https:\/\/bbqentertainment.com\/wp-content\/uploads\/2026\/03\/Kamado-PRO-JOE-koos-alumiiniumist-pulbervarvitud-kokkupandava-toolauaga-sahtliga-laud-matt-must-ahi-punane-ja-roostevaba1.jpg","datePublished":"2026-03-29T18:53:20+00:00","dateModified":"2026-04-02T16:18:04+00:00","breadcrumb":{"@id":"https:\/\/bbqentertainment.com\/toode\/kamado-pro-joe-koos-alumiiniumist-pulbervarvitud-kokkupandava-toolauaga\/#breadcrumb"},"inLanguage":"en-US","potentialAction":[{"@type":"ReadAction","target":["https:\/\/bbqentertainment.com\/toode\/kamado-pro-joe-koos-alumiiniumist-pulbervarvitud-kokkupandava-toolauaga\/"]}]},{"@type":"ImageObject","inLanguage":"en-US","@id":"https:\/\/bbqentertainment.com\/toode\/kamado-pro-joe-koos-alumiiniumist-pulbervarvitud-kokkupandava-toolauaga\/#primaryimage","url":"https:\/\/bbqentertainment.com\/wp-content\/uploads\/2026\/03\/Kamado-PRO-JOE-koos-alumiiniumist-pulbervarvitud-kokkupandava-toolauaga-sahtliga-laud-matt-must-ahi-punane-ja-roostevaba1.jpg","contentUrl":"https:\/\/bbqentertainment.com\/wp-content\/uploads\/2026\/03\/Kamado-PRO-JOE-koos-alumiiniumist-pulbervarvitud-kokkupandava-toolauaga-sahtliga-laud-matt-must-ahi-punane-ja-roostevaba1.jpg","width":1199,"height":1355},{"@type":"BreadcrumbList","@id":"https:\/\/bbqentertainment.com\/toode\/kamado-pro-joe-koos-alumiiniumist-pulbervarvitud-kokkupandava-toolauaga\/#breadcrumb","itemListElement":[{"@type":"ListItem","position":1,"name":"AVALEHT","item":"https:\/\/bbqentertainment.com\/en\/"},{"@type":"ListItem","position":2,"name":"Tooted","item":"https:\/\/bbqentertainment.com\/tooted\/"},{"@type":"ListItem","position":3,"name":"Kamado joe","item":"https:\/\/bbqentertainment.com\/tootekategooria\/kamado-joe-tooted\/"},{"@type":"ListItem","position":4,"name":"Kamado Joe","item":"https:\/\/bbqentertainment.com\/tootekategooria\/kamado-joe-tooted\/kamado-joe\/"},{"@type":"ListItem","position":5,"name":"Kamado PRO JOE koos alumiiniumist pulberv\u00e4rvitud kokkupandava t\u00f6\u00f6lauaga (sahtliga), laud matt must \/ ahi punane + roostevaba"}]},{"@type":"WebSite","@id":"https:\/\/bbqentertainment.com\/#website","url":"https:\/\/bbqentertainment.com\/","name":"BBQ Entertainment","description":"BBQ is a great lifestyle, not just fun!","publisher":{"@id":"https:\/\/bbqentertainment.com\/#organization"},"potentialAction":[{"@type":"SearchAction","target":{"@type":"EntryPoint","urlTemplate":"https:\/\/bbqentertainment.com\/?s={search_term_string}"},"query-input":{"@type":"PropertyValueSpecification","valueRequired":true,"valueName":"search_term_string"}}],"inLanguage":"en-US"},{"@type":"Organization","@id":"https:\/\/bbqentertainment.com\/#organization","name":"BBQ Entertainment O\u00dc","url":"https:\/\/bbqentertainment.com\/","logo":{"@type":"ImageObject","inLanguage":"en-US","@id":"https:\/\/bbqentertainment.com\/#\/schema\/logo\/image\/","url":"https:\/\/bbqentertainment.com\/wp-content\/uploads\/2020\/04\/BBQ-Entertainment-N-Catering-Enn-Tobreluts-Logo.png","contentUrl":"https:\/\/bbqentertainment.com\/wp-content\/uploads\/2020\/04\/BBQ-Entertainment-N-Catering-Enn-Tobreluts-Logo.png","width":628,"height":266,"caption":"BBQ Entertainment O\u00dc"},"image":{"@id":"https:\/\/bbqentertainment.com\/#\/schema\/logo\/image\/"},"sameAs":["https:\/\/www.facebook.com\/BBQ-Entertainment-N-Catering-2437913376443540","https:\/\/www.instagram.com\/bbqentertainmentncatering\/","https:\/\/www.youtube.com\/channel\/UCmpuANQVhLy2Md8nrenp2jA"]}]}},"_links":{"self":[{"href":"https:\/\/bbqentertainment.com\/en\/wp-json\/wp\/v2\/product\/258440","targetHints":{"allow":["GET"]}}],"collection":[{"href":"https:\/\/bbqentertainment.com\/en\/wp-json\/wp\/v2\/product"}],"about":[{"href":"https:\/\/bbqentertainment.com\/en\/wp-json\/wp\/v2\/types\/product"}],"wp:featuredmedia":[{"embeddable":true,"href":"https:\/\/bbqentertainment.com\/en\/wp-json\/wp\/v2\/media\/258441"}],"wp:attachment":[{"href":"https:\/\/bbqentertainment.com\/en\/wp-json\/wp\/v2\/media?parent=258440"}],"wp:term":[{"taxonomy":"product_brand","embeddable":true,"href":"https:\/\/bbqentertainment.com\/en\/wp-json\/wp\/v2\/product_brand?post=258440"},{"taxonomy":"product_cat","embeddable":true,"href":"https:\/\/bbqentertainment.com\/en\/wp-json\/wp\/v2\/product_cat?post=258440"},{"taxonomy":"product_tag","embeddable":true,"href":"https:\/\/bbqentertainment.com\/en\/wp-json\/wp\/v2\/product_tag?post=258440"}],"curies":[{"name":"wp","href":"https:\/\/api.w.org\/{rel}","templated":true}]}}