{"id":258508,"date":"2026-04-06T12:16:22","date_gmt":"2026-04-06T09:16:22","guid":{"rendered":"https:\/\/bbqentertainment.com\/toode\/eritellimusel-froncrete-kergbetoonist-valikook-sinu-valitud-integreeritava-big-green-egg-grilliga\/"},"modified":"2026-04-06T12:18:30","modified_gmt":"2026-04-06T09:18:30","slug":"eritellimusel-froncrete-kergbetoonist-valikook-sinu-valitud-integreeritava-big-green-egg-grilliga","status":"publish","type":"product","link":"https:\/\/bbqentertainment.com\/en\/toode\/eritellimusel-froncrete-kergbetoonist-valikook-sinu-valitud-integreeritava-big-green-egg-grilliga\/","title":{"rendered":"Eritellimusel Froncrete kergbetoonist v\u00e4lik\u00f6\u00f6k Sinu valitud integreeritava Big Green Egg grilliga"},"content":{"rendered":"<h2>Eritellimusel Froncrete kergbetoonist v\u00e4lik\u00f6\u00f6k integreeritava Big Green Egg grilliga<\/h2>\n<p>Sinu Big Green Egg grill v\u00e4\u00e4rib enamat kui lihtsalt kohta terrassil. Froncrete v\u00e4lik\u00f6\u00f6k loob grilli \u00fcmber tervikliku kogemuse, mida perega nautida.<\/p>\n<p>Koost\u00f6\u00f6s Hiiumaal arendatud <strong>Froncrete kergbetoonist v\u00e4lik\u00f6\u00f6gid<\/strong> disainitakse vastavalt Sinu soovidele ja valitud grillile. Lisaks Big Green Egg grillile saab v\u00e4lik\u00f6\u00f6ki integreerida valamu, k\u00fclmiku, panipaigad, n\u00f5udepesumasina ja muud mugavused.<\/p>\n<h3>Kergbetoonist v\u00e4lik\u00f6\u00f6gi eelised<\/h3>\n<ul>\n<li>Iga pind on unikaalne \u2013 k\u00e4sitsi valatud materjal annab kordumatu tulemuse<\/li>\n<li>Kerge, kuid vastupidav struktuur<\/li>\n<li>Oluliselt ilmastikukindlam kui puit v\u00f5i metall ja lihtsasti hooldatav<\/li>\n<li>Soojem ja meeldivam puudutus v\u00f5rreldes tavap\u00e4rase kivipinnaga<\/li>\n<li>Aastak\u00fcmneid kestev lahendus, mida saab vajadusel taastada<\/li>\n<li>Kestlik: \u00fcle poole materjalist on taaskasutatud<\/li>\n<\/ul>\n<h3>Kuidas see k\u00e4ib?<\/h3>\n<p>Vali BBQ Entertainmenti valikust sobiv Big Green Egg grill ja Froncrete meeskond disainib selle \u00fcmber just Sinu terrassile sobiva v\u00e4lik\u00f6\u00f6gi. Tulemuseks on lahendus, kus k\u00f5ik vajalik on k\u00e4eulatuses \u2013 ettevalmistus, k\u00fcpsetamine ja serveerimine.<\/p>\n","protected":false},"excerpt":{"rendered":"<h3>Eritellimusel Froncrete kergbetoonist v\u00e4lik\u00f6\u00f6k Sinu valitud integreeritava Big Green Egg grilliga<\/h3>\n<p>Froncrete kergbetoonist v\u00e4lik\u00f6\u00f6k on loodud kestma \u2013 disainitakse Hiiumaal vastavalt Sinu soovidele ja valitud Big Green Egg grillile. Kerge, ilmastikukindel ja puudutuselt soe kergbetoon, kuhu integreeritakse lisaks grillile ka valamu, k\u00fclmik, panipaigad ja muud mugavused.<\/p>\n","protected":false},"featured_media":258499,"template":"","meta":{"inline_featured_image":false},"product_brand":[],"product_cat":[749,661],"product_tag":[744,745,746],"class_list":{"0":"post-258508","1":"product","2":"type-product","3":"status-publish","4":"has-post-thumbnail","6":"product_cat-valikooki-integreeritavad-grillid","7":"product_cat-big-green-egg","8":"product_tag-froncrete","9":"product_tag-valikook","10":"product_tag-kergbetoon","12":"first","13":"instock","14":"taxable","15":"shipping-taxable","16":"product-type-external"},"yoast_head":"<!-- This site is optimized with the Yoast SEO plugin v27.2 - https:\/\/yoast.com\/product\/yoast-seo-wordpress\/ -->\n<title>Eritellimusel Froncrete kergbetoonist v\u00e4lik\u00f6\u00f6k Sinu valitud integreeritava Big Green Egg grilliga - BBQ Entertainment<\/title>\n<meta name=\"robots\" content=\"index, follow, max-snippet:-1, max-image-preview:large, max-video-preview:-1\" \/>\n<link rel=\"canonical\" href=\"https:\/\/bbqentertainment.com\/toode\/eritellimusel-froncrete-kergbetoonist-valikook-sinu-valitud-integreeritava-big-green-egg-grilliga\/\" \/>\n<meta property=\"og:locale\" content=\"en_US\" \/>\n<meta property=\"og:type\" content=\"article\" \/>\n<meta property=\"og:title\" content=\"Eritellimusel Froncrete kergbetoonist v\u00e4lik\u00f6\u00f6k Sinu valitud integreeritava Big Green Egg grilliga - BBQ Entertainment\" \/>\n<meta property=\"og:description\" content=\"Eritellimusel Froncrete kergbetoonist v\u00e4lik\u00f6\u00f6k Sinu valitud integreeritava Big Green Egg grilliga Froncrete kergbetoonist v\u00e4lik\u00f6\u00f6k on loodud kestma \u2013 disainitakse Hiiumaal vastavalt Sinu soovidele ja valitud Big Green Egg grillile. Kerge, ilmastikukindel ja puudutuselt soe kergbetoon, kuhu integreeritakse lisaks grillile ka valamu, k\u00fclmik, panipaigad ja muud mugavused.\" \/>\n<meta property=\"og:url\" content=\"https:\/\/bbqentertainment.com\/toode\/eritellimusel-froncrete-kergbetoonist-valikook-sinu-valitud-integreeritava-big-green-egg-grilliga\/\" \/>\n<meta property=\"og:site_name\" content=\"BBQ Entertainment\" \/>\n<meta property=\"article:publisher\" content=\"https:\/\/www.facebook.com\/BBQ-Entertainment-N-Catering-2437913376443540\" \/>\n<meta property=\"article:modified_time\" content=\"2026-04-06T09:18:30+00:00\" \/>\n<meta property=\"og:image\" content=\"https:\/\/bbqentertainment.com\/wp-content\/uploads\/2026\/04\/BGEgg_pizza.webp\" \/>\n\t<meta property=\"og:image:width\" content=\"1200\" \/>\n\t<meta property=\"og:image:height\" content=\"1200\" \/>\n\t<meta property=\"og:image:type\" content=\"image\/webp\" \/>\n<meta name=\"twitter:card\" content=\"summary_large_image\" \/>\n<meta name=\"twitter:label1\" content=\"Est. reading time\" \/>\n\t<meta name=\"twitter:data1\" content=\"1 minute\" \/>\n<script type=\"application\/ld+json\" class=\"yoast-schema-graph\">{\"@context\":\"https:\/\/schema.org\",\"@graph\":[{\"@type\":[\"WebPage\",\"ItemPage\"],\"@id\":\"https:\/\/bbqentertainment.com\/toode\/eritellimusel-froncrete-kergbetoonist-valikook-sinu-valitud-integreeritava-big-green-egg-grilliga\/\",\"url\":\"https:\/\/bbqentertainment.com\/toode\/eritellimusel-froncrete-kergbetoonist-valikook-sinu-valitud-integreeritava-big-green-egg-grilliga\/\",\"name\":\"Eritellimusel Froncrete kergbetoonist v\u00e4lik\u00f6\u00f6k Sinu valitud integreeritava Big Green Egg grilliga - BBQ Entertainment\",\"isPartOf\":{\"@id\":\"https:\/\/bbqentertainment.com\/#website\"},\"primaryImageOfPage\":{\"@id\":\"https:\/\/bbqentertainment.com\/toode\/eritellimusel-froncrete-kergbetoonist-valikook-sinu-valitud-integreeritava-big-green-egg-grilliga\/#primaryimage\"},\"image\":{\"@id\":\"https:\/\/bbqentertainment.com\/toode\/eritellimusel-froncrete-kergbetoonist-valikook-sinu-valitud-integreeritava-big-green-egg-grilliga\/#primaryimage\"},\"thumbnailUrl\":\"https:\/\/bbqentertainment.com\/wp-content\/uploads\/2026\/04\/BGEgg_pizza.webp\",\"datePublished\":\"2026-04-06T09:16:22+00:00\",\"dateModified\":\"2026-04-06T09:18:30+00:00\",\"breadcrumb\":{\"@id\":\"https:\/\/bbqentertainment.com\/toode\/eritellimusel-froncrete-kergbetoonist-valikook-sinu-valitud-integreeritava-big-green-egg-grilliga\/#breadcrumb\"},\"inLanguage\":\"en-US\",\"potentialAction\":[{\"@type\":\"ReadAction\",\"target\":[\"https:\/\/bbqentertainment.com\/toode\/eritellimusel-froncrete-kergbetoonist-valikook-sinu-valitud-integreeritava-big-green-egg-grilliga\/\"]}]},{\"@type\":\"ImageObject\",\"inLanguage\":\"en-US\",\"@id\":\"https:\/\/bbqentertainment.com\/toode\/eritellimusel-froncrete-kergbetoonist-valikook-sinu-valitud-integreeritava-big-green-egg-grilliga\/#primaryimage\",\"url\":\"https:\/\/bbqentertainment.com\/wp-content\/uploads\/2026\/04\/BGEgg_pizza.webp\",\"contentUrl\":\"https:\/\/bbqentertainment.com\/wp-content\/uploads\/2026\/04\/BGEgg_pizza.webp\",\"width\":1200,\"height\":1200},{\"@type\":\"BreadcrumbList\",\"@id\":\"https:\/\/bbqentertainment.com\/toode\/eritellimusel-froncrete-kergbetoonist-valikook-sinu-valitud-integreeritava-big-green-egg-grilliga\/#breadcrumb\",\"itemListElement\":[{\"@type\":\"ListItem\",\"position\":1,\"name\":\"AVALEHT\",\"item\":\"https:\/\/bbqentertainment.com\/en\/\"},{\"@type\":\"ListItem\",\"position\":2,\"name\":\"Tooted\",\"item\":\"https:\/\/bbqentertainment.com\/tooted\/\"},{\"@type\":\"ListItem\",\"position\":3,\"name\":\"Grillid ja ahjud\",\"item\":\"https:\/\/bbqentertainment.com\/tootekategooria\/grillid-ja-ahjud\/\"},{\"@type\":\"ListItem\",\"position\":4,\"name\":\"V\u00e4lik\u00f6\u00f6ki integreeritavad grillid\",\"item\":\"https:\/\/bbqentertainment.com\/tootekategooria\/grillid-ja-ahjud\/valikooki-integreeritavad-grillid\/\"},{\"@type\":\"ListItem\",\"position\":5,\"name\":\"Eritellimusel Froncrete kergbetoonist v\u00e4lik\u00f6\u00f6k Sinu valitud integreeritava Big Green Egg grilliga\"}]},{\"@type\":\"WebSite\",\"@id\":\"https:\/\/bbqentertainment.com\/#website\",\"url\":\"https:\/\/bbqentertainment.com\/\",\"name\":\"BBQ Entertainment\",\"description\":\"BBQ is a great lifestyle, not just fun!\",\"publisher\":{\"@id\":\"https:\/\/bbqentertainment.com\/#organization\"},\"potentialAction\":[{\"@type\":\"SearchAction\",\"target\":{\"@type\":\"EntryPoint\",\"urlTemplate\":\"https:\/\/bbqentertainment.com\/?s={search_term_string}\"},\"query-input\":{\"@type\":\"PropertyValueSpecification\",\"valueRequired\":true,\"valueName\":\"search_term_string\"}}],\"inLanguage\":\"en-US\"},{\"@type\":\"Organization\",\"@id\":\"https:\/\/bbqentertainment.com\/#organization\",\"name\":\"BBQ Entertainment O\u00dc\",\"url\":\"https:\/\/bbqentertainment.com\/\",\"logo\":{\"@type\":\"ImageObject\",\"inLanguage\":\"en-US\",\"@id\":\"https:\/\/bbqentertainment.com\/#\/schema\/logo\/image\/\",\"url\":\"https:\/\/bbqentertainment.com\/wp-content\/uploads\/2020\/04\/BBQ-Entertainment-N-Catering-Enn-Tobreluts-Logo.png\",\"contentUrl\":\"https:\/\/bbqentertainment.com\/wp-content\/uploads\/2020\/04\/BBQ-Entertainment-N-Catering-Enn-Tobreluts-Logo.png\",\"width\":628,\"height\":266,\"caption\":\"BBQ Entertainment O\u00dc\"},\"image\":{\"@id\":\"https:\/\/bbqentertainment.com\/#\/schema\/logo\/image\/\"},\"sameAs\":[\"https:\/\/www.facebook.com\/BBQ-Entertainment-N-Catering-2437913376443540\",\"https:\/\/www.instagram.com\/bbqentertainmentncatering\/\",\"https:\/\/www.youtube.com\/channel\/UCmpuANQVhLy2Md8nrenp2jA\"]}]}<\/script>\n<!-- \/ Yoast SEO plugin. -->","yoast_head_json":{"title":"Eritellimusel Froncrete kergbetoonist v\u00e4lik\u00f6\u00f6k Sinu valitud integreeritava Big Green Egg grilliga - BBQ Entertainment","robots":{"index":"index","follow":"follow","max-snippet":"max-snippet:-1","max-image-preview":"max-image-preview:large","max-video-preview":"max-video-preview:-1"},"canonical":"https:\/\/bbqentertainment.com\/toode\/eritellimusel-froncrete-kergbetoonist-valikook-sinu-valitud-integreeritava-big-green-egg-grilliga\/","og_locale":"en_US","og_type":"article","og_title":"Eritellimusel Froncrete kergbetoonist v\u00e4lik\u00f6\u00f6k Sinu valitud integreeritava Big Green Egg grilliga - BBQ Entertainment","og_description":"Eritellimusel Froncrete kergbetoonist v\u00e4lik\u00f6\u00f6k Sinu valitud integreeritava Big Green Egg grilliga Froncrete kergbetoonist v\u00e4lik\u00f6\u00f6k on loodud kestma \u2013 disainitakse Hiiumaal vastavalt Sinu soovidele ja valitud Big Green Egg grillile. Kerge, ilmastikukindel ja puudutuselt soe kergbetoon, kuhu integreeritakse lisaks grillile ka valamu, k\u00fclmik, panipaigad ja muud mugavused.","og_url":"https:\/\/bbqentertainment.com\/toode\/eritellimusel-froncrete-kergbetoonist-valikook-sinu-valitud-integreeritava-big-green-egg-grilliga\/","og_site_name":"BBQ Entertainment","article_publisher":"https:\/\/www.facebook.com\/BBQ-Entertainment-N-Catering-2437913376443540","article_modified_time":"2026-04-06T09:18:30+00:00","og_image":[{"width":1200,"height":1200,"url":"https:\/\/bbqentertainment.com\/wp-content\/uploads\/2026\/04\/BGEgg_pizza.webp","type":"image\/webp"}],"twitter_card":"summary_large_image","twitter_misc":{"Est. reading time":"1 minute"},"schema":{"@context":"https:\/\/schema.org","@graph":[{"@type":["WebPage","ItemPage"],"@id":"https:\/\/bbqentertainment.com\/toode\/eritellimusel-froncrete-kergbetoonist-valikook-sinu-valitud-integreeritava-big-green-egg-grilliga\/","url":"https:\/\/bbqentertainment.com\/toode\/eritellimusel-froncrete-kergbetoonist-valikook-sinu-valitud-integreeritava-big-green-egg-grilliga\/","name":"Eritellimusel Froncrete kergbetoonist v\u00e4lik\u00f6\u00f6k Sinu valitud integreeritava Big Green Egg grilliga - BBQ Entertainment","isPartOf":{"@id":"https:\/\/bbqentertainment.com\/#website"},"primaryImageOfPage":{"@id":"https:\/\/bbqentertainment.com\/toode\/eritellimusel-froncrete-kergbetoonist-valikook-sinu-valitud-integreeritava-big-green-egg-grilliga\/#primaryimage"},"image":{"@id":"https:\/\/bbqentertainment.com\/toode\/eritellimusel-froncrete-kergbetoonist-valikook-sinu-valitud-integreeritava-big-green-egg-grilliga\/#primaryimage"},"thumbnailUrl":"https:\/\/bbqentertainment.com\/wp-content\/uploads\/2026\/04\/BGEgg_pizza.webp","datePublished":"2026-04-06T09:16:22+00:00","dateModified":"2026-04-06T09:18:30+00:00","breadcrumb":{"@id":"https:\/\/bbqentertainment.com\/toode\/eritellimusel-froncrete-kergbetoonist-valikook-sinu-valitud-integreeritava-big-green-egg-grilliga\/#breadcrumb"},"inLanguage":"en-US","potentialAction":[{"@type":"ReadAction","target":["https:\/\/bbqentertainment.com\/toode\/eritellimusel-froncrete-kergbetoonist-valikook-sinu-valitud-integreeritava-big-green-egg-grilliga\/"]}]},{"@type":"ImageObject","inLanguage":"en-US","@id":"https:\/\/bbqentertainment.com\/toode\/eritellimusel-froncrete-kergbetoonist-valikook-sinu-valitud-integreeritava-big-green-egg-grilliga\/#primaryimage","url":"https:\/\/bbqentertainment.com\/wp-content\/uploads\/2026\/04\/BGEgg_pizza.webp","contentUrl":"https:\/\/bbqentertainment.com\/wp-content\/uploads\/2026\/04\/BGEgg_pizza.webp","width":1200,"height":1200},{"@type":"BreadcrumbList","@id":"https:\/\/bbqentertainment.com\/toode\/eritellimusel-froncrete-kergbetoonist-valikook-sinu-valitud-integreeritava-big-green-egg-grilliga\/#breadcrumb","itemListElement":[{"@type":"ListItem","position":1,"name":"AVALEHT","item":"https:\/\/bbqentertainment.com\/en\/"},{"@type":"ListItem","position":2,"name":"Tooted","item":"https:\/\/bbqentertainment.com\/tooted\/"},{"@type":"ListItem","position":3,"name":"Grillid ja ahjud","item":"https:\/\/bbqentertainment.com\/tootekategooria\/grillid-ja-ahjud\/"},{"@type":"ListItem","position":4,"name":"V\u00e4lik\u00f6\u00f6ki integreeritavad grillid","item":"https:\/\/bbqentertainment.com\/tootekategooria\/grillid-ja-ahjud\/valikooki-integreeritavad-grillid\/"},{"@type":"ListItem","position":5,"name":"Eritellimusel Froncrete kergbetoonist v\u00e4lik\u00f6\u00f6k Sinu valitud integreeritava Big Green Egg grilliga"}]},{"@type":"WebSite","@id":"https:\/\/bbqentertainment.com\/#website","url":"https:\/\/bbqentertainment.com\/","name":"BBQ Entertainment","description":"BBQ is a great lifestyle, not just fun!","publisher":{"@id":"https:\/\/bbqentertainment.com\/#organization"},"potentialAction":[{"@type":"SearchAction","target":{"@type":"EntryPoint","urlTemplate":"https:\/\/bbqentertainment.com\/?s={search_term_string}"},"query-input":{"@type":"PropertyValueSpecification","valueRequired":true,"valueName":"search_term_string"}}],"inLanguage":"en-US"},{"@type":"Organization","@id":"https:\/\/bbqentertainment.com\/#organization","name":"BBQ Entertainment O\u00dc","url":"https:\/\/bbqentertainment.com\/","logo":{"@type":"ImageObject","inLanguage":"en-US","@id":"https:\/\/bbqentertainment.com\/#\/schema\/logo\/image\/","url":"https:\/\/bbqentertainment.com\/wp-content\/uploads\/2020\/04\/BBQ-Entertainment-N-Catering-Enn-Tobreluts-Logo.png","contentUrl":"https:\/\/bbqentertainment.com\/wp-content\/uploads\/2020\/04\/BBQ-Entertainment-N-Catering-Enn-Tobreluts-Logo.png","width":628,"height":266,"caption":"BBQ Entertainment O\u00dc"},"image":{"@id":"https:\/\/bbqentertainment.com\/#\/schema\/logo\/image\/"},"sameAs":["https:\/\/www.facebook.com\/BBQ-Entertainment-N-Catering-2437913376443540","https:\/\/www.instagram.com\/bbqentertainmentncatering\/","https:\/\/www.youtube.com\/channel\/UCmpuANQVhLy2Md8nrenp2jA"]}]}},"_links":{"self":[{"href":"https:\/\/bbqentertainment.com\/en\/wp-json\/wp\/v2\/product\/258508","targetHints":{"allow":["GET"]}}],"collection":[{"href":"https:\/\/bbqentertainment.com\/en\/wp-json\/wp\/v2\/product"}],"about":[{"href":"https:\/\/bbqentertainment.com\/en\/wp-json\/wp\/v2\/types\/product"}],"wp:featuredmedia":[{"embeddable":true,"href":"https:\/\/bbqentertainment.com\/en\/wp-json\/wp\/v2\/media\/258499"}],"wp:attachment":[{"href":"https:\/\/bbqentertainment.com\/en\/wp-json\/wp\/v2\/media?parent=258508"}],"wp:term":[{"taxonomy":"product_brand","embeddable":true,"href":"https:\/\/bbqentertainment.com\/en\/wp-json\/wp\/v2\/product_brand?post=258508"},{"taxonomy":"product_cat","embeddable":true,"href":"https:\/\/bbqentertainment.com\/en\/wp-json\/wp\/v2\/product_cat?post=258508"},{"taxonomy":"product_tag","embeddable":true,"href":"https:\/\/bbqentertainment.com\/en\/wp-json\/wp\/v2\/product_tag?post=258508"}],"curies":[{"name":"wp","href":"https:\/\/api.w.org\/{rel}","templated":true}]}}