{"id":258629,"date":"2026-04-17T10:48:09","date_gmt":"2026-04-17T07:48:09","guid":{"rendered":"https:\/\/bbqentertainment.com\/?post_type=product&#038;p=258629"},"modified":"2026-04-17T11:10:54","modified_gmt":"2026-04-17T08:10:54","slug":"heath-riles-competition-bbq-sauce-473ml","status":"publish","type":"product","link":"https:\/\/bbqentertainment.com\/en\/toode\/heath-riles-competition-bbq-sauce-473ml\/","title":{"rendered":"Heath Riles Competition BBQ Sauce 473ml"},"content":{"rendered":"","protected":false},"excerpt":{"rendered":"<h3><strong>Heath Riles Competition BBQ Sauce 473ml<\/strong><\/h3>\n<p data-start=\"59\" data-end=\"331\">Heath Riles Competition BBQ kaste on auhinnatud BBQ-kaste, mis on loodud koost\u00f6\u00f6s Checkered Pig BBQ-ga Martinsville\u2019is, Virginias. Selle kastme ainulaadne ja tasakaalustatud maitse s\u00fcndis p\u00f5hjalike katsetuste tulemusena ning on m\u00f5eldud t\u00f5elistele BBQ-entusiastidele.<\/p>\n<p data-start=\"333\" data-end=\"613\">Kaste sobib suurep\u00e4raselt kasutamiseks eraldi, kuid toimib ideaalselt ka koos teiste Heath Riles\u2019i kastmetega. Just selle kastme ja Heath Riles Sweet BBQ kastme kombinatsioon viis Heath Riles\u2019i v\u00f5iduni ribide kategoorias 2022. aasta Memphis in May BBQ maailmameistriv\u00f5istlustel.<\/p>\n<p data-start=\"615\" data-end=\"773\">See on valmis maitsekooslus, kus magusa ja kergelt hapuka profiili tasakaal on paika timmitud \u2013 sina ei pea midagi juurde s\u00e4ttima, lihtsalt kasuta ja naudi.<\/p>\n<p data-start=\"615\" data-end=\"773\"><strong>Koostisosad<\/strong>: ket\u0161up (vesi, tomatipasta, suhkur, destilleeritud \u00e4\u00e4dikas, suhkrusiirup, sibulapulber, tamarind ja v\u00fcrts), suhkur, pruun suhkur, siidri\u00e4\u00e4dikas, vesi, k\u00f5rge fruktoosisisaldusega komesiirup, v\u00fcrtsisool, <strong>maisit\u00e4rklis<\/strong>, paprika, Worcestershire\u2019i sool, kaste (Worcestershire\u2019i soolakaste, Melass, karamelliv\u00e4rv, tamarind, sibul ja k\u00fc\u00fcslauk), vaniljeekstrakti vesi, alkohol (26%), looduslikud l\u00f5hna- ja maitseained, vanilliin ja muud kunstlikud maitseained, <strong>maisisiirup<\/strong> ja karamelliv\u00e4rv), kuivatatud k\u00fc\u00fcslauk.<\/p>\n","protected":false},"featured_media":258632,"template":"","meta":{"inline_featured_image":false},"product_brand":[],"product_cat":[28,491],"product_tag":[],"class_list":{"0":"post-258629","1":"product","2":"type-product","3":"status-publish","4":"has-post-thumbnail","6":"product_cat-maitseandjad","7":"product_cat-ameerika-bbq-rubid-kastmed","9":"first","10":"instock","11":"taxable","12":"shipping-taxable","13":"purchasable","14":"product-type-simple"},"yoast_head":"<!-- This site is optimized with the Yoast SEO plugin v27.4 - https:\/\/yoast.com\/product\/yoast-seo-wordpress\/ -->\n<title>Heath Riles Competition BBQ Sauce 473ml - BBQ Entertainment<\/title>\n<meta name=\"robots\" content=\"index, follow, max-snippet:-1, max-image-preview:large, max-video-preview:-1\" \/>\n<link rel=\"canonical\" href=\"https:\/\/bbqentertainment.com\/toode\/heath-riles-competition-bbq-sauce-473ml\/\" \/>\n<meta property=\"og:locale\" content=\"en_US\" \/>\n<meta property=\"og:type\" content=\"article\" \/>\n<meta property=\"og:title\" content=\"Heath Riles Competition BBQ Sauce 473ml - BBQ Entertainment\" \/>\n<meta property=\"og:description\" content=\"Heath Riles Competition BBQ Sauce 473ml Heath Riles Competition BBQ kaste on auhinnatud BBQ-kaste, mis on loodud koost\u00f6\u00f6s Checkered Pig BBQ-ga Martinsville\u2019is, Virginias. Selle kastme ainulaadne ja tasakaalustatud maitse s\u00fcndis p\u00f5hjalike katsetuste tulemusena ning on m\u00f5eldud t\u00f5elistele BBQ-entusiastidele. Kaste sobib suurep\u00e4raselt kasutamiseks eraldi, kuid toimib ideaalselt ka koos teiste Heath Riles\u2019i kastmetega. Just selle kastme ja Heath Riles Sweet BBQ kastme kombinatsioon viis Heath Riles\u2019i v\u00f5iduni ribide kategoorias 2022. aasta Memphis in May BBQ maailmameistriv\u00f5istlustel. See on valmis maitsekooslus, kus magusa ja kergelt hapuka profiili tasakaal on paika timmitud \u2013 sina ei pea midagi juurde s\u00e4ttima, lihtsalt kasuta ja naudi. Koostisosad: ket\u0161up (vesi, tomatipasta, suhkur, destilleeritud \u00e4\u00e4dikas, suhkrusiirup, sibulapulber, tamarind ja v\u00fcrts), suhkur, pruun suhkur, siidri\u00e4\u00e4dikas, vesi, k\u00f5rge fruktoosisisaldusega komesiirup, v\u00fcrtsisool, maisit\u00e4rklis, paprika, Worcestershire\u2019i sool, kaste (Worcestershire\u2019i soolakaste, Melass, karamelliv\u00e4rv, tamarind, sibul ja k\u00fc\u00fcslauk), vaniljeekstrakti vesi, alkohol (26%), looduslikud l\u00f5hna- ja maitseained, vanilliin ja muud kunstlikud maitseained, maisisiirup ja karamelliv\u00e4rv), kuivatatud k\u00fc\u00fcslauk.\" \/>\n<meta property=\"og:url\" content=\"https:\/\/bbqentertainment.com\/toode\/heath-riles-competition-bbq-sauce-473ml\/\" \/>\n<meta property=\"og:site_name\" content=\"BBQ Entertainment\" \/>\n<meta property=\"article:publisher\" content=\"https:\/\/www.facebook.com\/BBQ-Entertainment-N-Catering-2437913376443540\" \/>\n<meta property=\"article:modified_time\" content=\"2026-04-17T08:10:54+00:00\" \/>\n<meta property=\"og:image\" content=\"https:\/\/bbqentertainment.com\/wp-content\/uploads\/2026\/04\/Heath-Riles-Competition-BBQ-Sauce.jpg\" \/>\n\t<meta property=\"og:image:width\" content=\"2048\" \/>\n\t<meta property=\"og:image:height\" content=\"2048\" \/>\n\t<meta property=\"og:image:type\" content=\"image\/jpeg\" \/>\n<meta name=\"twitter:card\" content=\"summary_large_image\" \/>\n<meta name=\"twitter:label1\" content=\"Est. reading time\" \/>\n\t<meta name=\"twitter:data1\" content=\"1 minute\" \/>\n<script type=\"application\/ld+json\" class=\"yoast-schema-graph\">{\"@context\":\"https:\\\/\\\/schema.org\",\"@graph\":[{\"@type\":[\"WebPage\",\"ItemPage\"],\"@id\":\"https:\\\/\\\/bbqentertainment.com\\\/toode\\\/heath-riles-competition-bbq-sauce-473ml\\\/\",\"url\":\"https:\\\/\\\/bbqentertainment.com\\\/toode\\\/heath-riles-competition-bbq-sauce-473ml\\\/\",\"name\":\"Heath Riles Competition BBQ Sauce 473ml - BBQ Entertainment\",\"isPartOf\":{\"@id\":\"https:\\\/\\\/bbqentertainment.com\\\/#website\"},\"primaryImageOfPage\":{\"@id\":\"https:\\\/\\\/bbqentertainment.com\\\/toode\\\/heath-riles-competition-bbq-sauce-473ml\\\/#primaryimage\"},\"image\":{\"@id\":\"https:\\\/\\\/bbqentertainment.com\\\/toode\\\/heath-riles-competition-bbq-sauce-473ml\\\/#primaryimage\"},\"thumbnailUrl\":\"https:\\\/\\\/bbqentertainment.com\\\/wp-content\\\/uploads\\\/2026\\\/04\\\/Heath-Riles-Competition-BBQ-Sauce.jpg\",\"datePublished\":\"2026-04-17T07:48:09+00:00\",\"dateModified\":\"2026-04-17T08:10:54+00:00\",\"breadcrumb\":{\"@id\":\"https:\\\/\\\/bbqentertainment.com\\\/toode\\\/heath-riles-competition-bbq-sauce-473ml\\\/#breadcrumb\"},\"inLanguage\":\"en-US\",\"potentialAction\":[{\"@type\":\"ReadAction\",\"target\":[\"https:\\\/\\\/bbqentertainment.com\\\/toode\\\/heath-riles-competition-bbq-sauce-473ml\\\/\"]}]},{\"@type\":\"ImageObject\",\"inLanguage\":\"en-US\",\"@id\":\"https:\\\/\\\/bbqentertainment.com\\\/toode\\\/heath-riles-competition-bbq-sauce-473ml\\\/#primaryimage\",\"url\":\"https:\\\/\\\/bbqentertainment.com\\\/wp-content\\\/uploads\\\/2026\\\/04\\\/Heath-Riles-Competition-BBQ-Sauce.jpg\",\"contentUrl\":\"https:\\\/\\\/bbqentertainment.com\\\/wp-content\\\/uploads\\\/2026\\\/04\\\/Heath-Riles-Competition-BBQ-Sauce.jpg\",\"width\":2048,\"height\":2048},{\"@type\":\"BreadcrumbList\",\"@id\":\"https:\\\/\\\/bbqentertainment.com\\\/toode\\\/heath-riles-competition-bbq-sauce-473ml\\\/#breadcrumb\",\"itemListElement\":[{\"@type\":\"ListItem\",\"position\":1,\"name\":\"AVALEHT\",\"item\":\"https:\\\/\\\/bbqentertainment.com\\\/en\\\/\"},{\"@type\":\"ListItem\",\"position\":2,\"name\":\"Tooted\",\"item\":\"https:\\\/\\\/bbqentertainment.com\\\/tooted\\\/\"},{\"@type\":\"ListItem\",\"position\":3,\"name\":\"Maitseandjad\",\"item\":\"https:\\\/\\\/bbqentertainment.com\\\/en\\\/tootekategooria\\\/maitseandjad\\\/\"},{\"@type\":\"ListItem\",\"position\":4,\"name\":\"Heath Riles Competition BBQ Sauce 473ml\"}]},{\"@type\":\"WebSite\",\"@id\":\"https:\\\/\\\/bbqentertainment.com\\\/#website\",\"url\":\"https:\\\/\\\/bbqentertainment.com\\\/\",\"name\":\"BBQ Entertainment\",\"description\":\"BBQ is a great lifestyle, not just fun!\",\"publisher\":{\"@id\":\"https:\\\/\\\/bbqentertainment.com\\\/#organization\"},\"potentialAction\":[{\"@type\":\"SearchAction\",\"target\":{\"@type\":\"EntryPoint\",\"urlTemplate\":\"https:\\\/\\\/bbqentertainment.com\\\/?s={search_term_string}\"},\"query-input\":{\"@type\":\"PropertyValueSpecification\",\"valueRequired\":true,\"valueName\":\"search_term_string\"}}],\"inLanguage\":\"en-US\"},{\"@type\":\"Organization\",\"@id\":\"https:\\\/\\\/bbqentertainment.com\\\/#organization\",\"name\":\"BBQ Entertainment O\u00dc\",\"url\":\"https:\\\/\\\/bbqentertainment.com\\\/\",\"logo\":{\"@type\":\"ImageObject\",\"inLanguage\":\"en-US\",\"@id\":\"https:\\\/\\\/bbqentertainment.com\\\/#\\\/schema\\\/logo\\\/image\\\/\",\"url\":\"https:\\\/\\\/bbqentertainment.com\\\/wp-content\\\/uploads\\\/2020\\\/04\\\/BBQ-Entertainment-N-Catering-Enn-Tobreluts-Logo.png\",\"contentUrl\":\"https:\\\/\\\/bbqentertainment.com\\\/wp-content\\\/uploads\\\/2020\\\/04\\\/BBQ-Entertainment-N-Catering-Enn-Tobreluts-Logo.png\",\"width\":628,\"height\":266,\"caption\":\"BBQ Entertainment O\u00dc\"},\"image\":{\"@id\":\"https:\\\/\\\/bbqentertainment.com\\\/#\\\/schema\\\/logo\\\/image\\\/\"},\"sameAs\":[\"https:\\\/\\\/www.facebook.com\\\/BBQ-Entertainment-N-Catering-2437913376443540\",\"https:\\\/\\\/www.instagram.com\\\/bbqentertainmentncatering\\\/\",\"https:\\\/\\\/www.youtube.com\\\/channel\\\/UCmpuANQVhLy2Md8nrenp2jA\"]}]}<\/script>\n<!-- \/ Yoast SEO plugin. -->","yoast_head_json":{"title":"Heath Riles Competition BBQ Sauce 473ml - BBQ Entertainment","robots":{"index":"index","follow":"follow","max-snippet":"max-snippet:-1","max-image-preview":"max-image-preview:large","max-video-preview":"max-video-preview:-1"},"canonical":"https:\/\/bbqentertainment.com\/toode\/heath-riles-competition-bbq-sauce-473ml\/","og_locale":"en_US","og_type":"article","og_title":"Heath Riles Competition BBQ Sauce 473ml - BBQ Entertainment","og_description":"Heath Riles Competition BBQ Sauce 473ml Heath Riles Competition BBQ kaste on auhinnatud BBQ-kaste, mis on loodud koost\u00f6\u00f6s Checkered Pig BBQ-ga Martinsville\u2019is, Virginias. Selle kastme ainulaadne ja tasakaalustatud maitse s\u00fcndis p\u00f5hjalike katsetuste tulemusena ning on m\u00f5eldud t\u00f5elistele BBQ-entusiastidele. Kaste sobib suurep\u00e4raselt kasutamiseks eraldi, kuid toimib ideaalselt ka koos teiste Heath Riles\u2019i kastmetega. Just selle kastme ja Heath Riles Sweet BBQ kastme kombinatsioon viis Heath Riles\u2019i v\u00f5iduni ribide kategoorias 2022. aasta Memphis in May BBQ maailmameistriv\u00f5istlustel. See on valmis maitsekooslus, kus magusa ja kergelt hapuka profiili tasakaal on paika timmitud \u2013 sina ei pea midagi juurde s\u00e4ttima, lihtsalt kasuta ja naudi. Koostisosad: ket\u0161up (vesi, tomatipasta, suhkur, destilleeritud \u00e4\u00e4dikas, suhkrusiirup, sibulapulber, tamarind ja v\u00fcrts), suhkur, pruun suhkur, siidri\u00e4\u00e4dikas, vesi, k\u00f5rge fruktoosisisaldusega komesiirup, v\u00fcrtsisool, maisit\u00e4rklis, paprika, Worcestershire\u2019i sool, kaste (Worcestershire\u2019i soolakaste, Melass, karamelliv\u00e4rv, tamarind, sibul ja k\u00fc\u00fcslauk), vaniljeekstrakti vesi, alkohol (26%), looduslikud l\u00f5hna- ja maitseained, vanilliin ja muud kunstlikud maitseained, maisisiirup ja karamelliv\u00e4rv), kuivatatud k\u00fc\u00fcslauk.","og_url":"https:\/\/bbqentertainment.com\/toode\/heath-riles-competition-bbq-sauce-473ml\/","og_site_name":"BBQ Entertainment","article_publisher":"https:\/\/www.facebook.com\/BBQ-Entertainment-N-Catering-2437913376443540","article_modified_time":"2026-04-17T08:10:54+00:00","og_image":[{"width":2048,"height":2048,"url":"https:\/\/bbqentertainment.com\/wp-content\/uploads\/2026\/04\/Heath-Riles-Competition-BBQ-Sauce.jpg","type":"image\/jpeg"}],"twitter_card":"summary_large_image","twitter_misc":{"Est. reading time":"1 minute"},"schema":{"@context":"https:\/\/schema.org","@graph":[{"@type":["WebPage","ItemPage"],"@id":"https:\/\/bbqentertainment.com\/toode\/heath-riles-competition-bbq-sauce-473ml\/","url":"https:\/\/bbqentertainment.com\/toode\/heath-riles-competition-bbq-sauce-473ml\/","name":"Heath Riles Competition BBQ Sauce 473ml - BBQ Entertainment","isPartOf":{"@id":"https:\/\/bbqentertainment.com\/#website"},"primaryImageOfPage":{"@id":"https:\/\/bbqentertainment.com\/toode\/heath-riles-competition-bbq-sauce-473ml\/#primaryimage"},"image":{"@id":"https:\/\/bbqentertainment.com\/toode\/heath-riles-competition-bbq-sauce-473ml\/#primaryimage"},"thumbnailUrl":"https:\/\/bbqentertainment.com\/wp-content\/uploads\/2026\/04\/Heath-Riles-Competition-BBQ-Sauce.jpg","datePublished":"2026-04-17T07:48:09+00:00","dateModified":"2026-04-17T08:10:54+00:00","breadcrumb":{"@id":"https:\/\/bbqentertainment.com\/toode\/heath-riles-competition-bbq-sauce-473ml\/#breadcrumb"},"inLanguage":"en-US","potentialAction":[{"@type":"ReadAction","target":["https:\/\/bbqentertainment.com\/toode\/heath-riles-competition-bbq-sauce-473ml\/"]}]},{"@type":"ImageObject","inLanguage":"en-US","@id":"https:\/\/bbqentertainment.com\/toode\/heath-riles-competition-bbq-sauce-473ml\/#primaryimage","url":"https:\/\/bbqentertainment.com\/wp-content\/uploads\/2026\/04\/Heath-Riles-Competition-BBQ-Sauce.jpg","contentUrl":"https:\/\/bbqentertainment.com\/wp-content\/uploads\/2026\/04\/Heath-Riles-Competition-BBQ-Sauce.jpg","width":2048,"height":2048},{"@type":"BreadcrumbList","@id":"https:\/\/bbqentertainment.com\/toode\/heath-riles-competition-bbq-sauce-473ml\/#breadcrumb","itemListElement":[{"@type":"ListItem","position":1,"name":"AVALEHT","item":"https:\/\/bbqentertainment.com\/en\/"},{"@type":"ListItem","position":2,"name":"Tooted","item":"https:\/\/bbqentertainment.com\/tooted\/"},{"@type":"ListItem","position":3,"name":"Maitseandjad","item":"https:\/\/bbqentertainment.com\/en\/tootekategooria\/maitseandjad\/"},{"@type":"ListItem","position":4,"name":"Heath Riles Competition BBQ Sauce 473ml"}]},{"@type":"WebSite","@id":"https:\/\/bbqentertainment.com\/#website","url":"https:\/\/bbqentertainment.com\/","name":"BBQ Entertainment","description":"BBQ is a great lifestyle, not just fun!","publisher":{"@id":"https:\/\/bbqentertainment.com\/#organization"},"potentialAction":[{"@type":"SearchAction","target":{"@type":"EntryPoint","urlTemplate":"https:\/\/bbqentertainment.com\/?s={search_term_string}"},"query-input":{"@type":"PropertyValueSpecification","valueRequired":true,"valueName":"search_term_string"}}],"inLanguage":"en-US"},{"@type":"Organization","@id":"https:\/\/bbqentertainment.com\/#organization","name":"BBQ Entertainment O\u00dc","url":"https:\/\/bbqentertainment.com\/","logo":{"@type":"ImageObject","inLanguage":"en-US","@id":"https:\/\/bbqentertainment.com\/#\/schema\/logo\/image\/","url":"https:\/\/bbqentertainment.com\/wp-content\/uploads\/2020\/04\/BBQ-Entertainment-N-Catering-Enn-Tobreluts-Logo.png","contentUrl":"https:\/\/bbqentertainment.com\/wp-content\/uploads\/2020\/04\/BBQ-Entertainment-N-Catering-Enn-Tobreluts-Logo.png","width":628,"height":266,"caption":"BBQ Entertainment O\u00dc"},"image":{"@id":"https:\/\/bbqentertainment.com\/#\/schema\/logo\/image\/"},"sameAs":["https:\/\/www.facebook.com\/BBQ-Entertainment-N-Catering-2437913376443540","https:\/\/www.instagram.com\/bbqentertainmentncatering\/","https:\/\/www.youtube.com\/channel\/UCmpuANQVhLy2Md8nrenp2jA"]}]}},"_links":{"self":[{"href":"https:\/\/bbqentertainment.com\/en\/wp-json\/wp\/v2\/product\/258629","targetHints":{"allow":["GET"]}}],"collection":[{"href":"https:\/\/bbqentertainment.com\/en\/wp-json\/wp\/v2\/product"}],"about":[{"href":"https:\/\/bbqentertainment.com\/en\/wp-json\/wp\/v2\/types\/product"}],"wp:featuredmedia":[{"embeddable":true,"href":"https:\/\/bbqentertainment.com\/en\/wp-json\/wp\/v2\/media\/258632"}],"wp:attachment":[{"href":"https:\/\/bbqentertainment.com\/en\/wp-json\/wp\/v2\/media?parent=258629"}],"wp:term":[{"taxonomy":"product_brand","embeddable":true,"href":"https:\/\/bbqentertainment.com\/en\/wp-json\/wp\/v2\/product_brand?post=258629"},{"taxonomy":"product_cat","embeddable":true,"href":"https:\/\/bbqentertainment.com\/en\/wp-json\/wp\/v2\/product_cat?post=258629"},{"taxonomy":"product_tag","embeddable":true,"href":"https:\/\/bbqentertainment.com\/en\/wp-json\/wp\/v2\/product_tag?post=258629"}],"curies":[{"name":"wp","href":"https:\/\/api.w.org\/{rel}","templated":true}]}}