{"id":258646,"date":"2026-04-20T09:28:26","date_gmt":"2026-04-20T06:28:26","guid":{"rendered":"https:\/\/bbqentertainment.com\/?post_type=product&#038;p=258646"},"modified":"2026-04-20T10:13:28","modified_gmt":"2026-04-20T07:13:28","slug":"rukkileib-rosinate-ja-pistaatsiaga","status":"publish","type":"product","link":"https:\/\/bbqentertainment.com\/en\/toode\/rukkileib-rosinate-ja-pistaatsiaga\/","title":{"rendered":"Juuretisega leiva k\u00fcpsetamise komplekt &#8211; BBQ Entertainmenti T\u00c4ISTERALEIB rosinate, pistaatsiap\u00e4hklite ja goji-marjadega"},"content":{"rendered":"","protected":false},"excerpt":{"rendered":"<h3><strong>Juuretisega leiva k\u00fcpsetamise komplekt &#8211; BBQ Entertainmenti T\u00c4ISTERALEIB rosinate, pistaatsiap\u00e4hklite ja goji-marjadega<\/strong><\/h3>\n<p data-start=\"301\" data-end=\"600\">Rukkileib rosinate ja pistaatsiaga on valmistatud Enn Tobrelutsu ja BBQ Entertainmenti kokkade retsepti alusel ning k\u00fcpsetatud Ter\u00e4leib pagarikojas. T\u00e4istera rukkijahu, rosinad, pistaatsiap\u00e4hklid ja goji-marjad annavad leivale t\u00e4idlase, kergelt magusa ja p\u00e4hklise maitse.<\/p>\n<p data-start=\"408\" data-end=\"1063\"><strong data-start=\"408\" data-end=\"423\">Koostisosad<\/strong><br data-start=\"423\" data-end=\"426\" \/>t\u00e4istera rukkijahu, rosinad, pistaatsiap\u00e4hklid 8,2%, nisujahu, goji-marjad 5,5%, linaseemned, fermenteeritud rukkilinnas, mitmevilja segu (p\u00e4evalilleseemned, maisitang, linaseemned, kaerahelbed, suhkur, hirss, sool, odralinnase jahu, emulgaator: mono- ja diatset\u00fc\u00fclviinhappe estrid rasvhapete mono- ja digl\u00fctseriididega, ens\u00fc\u00fcmid (nisu)), kuivjuuretis (nisut\u00e4isterajahu, happesuse regulaator: sidrunhape, nisugluteen, stabilisaatorid: kaltsiumsulfaat, guarkummi; rukkit\u00e4isterajahu, gl\u00fckoos, p\u00e4evalille\u00f5li, happesuse regulaator: naatriumatsetaadid, ens\u00fc\u00fcmid (sh nisujahu), rafineerimata roosuhkur, himaalaja sool, koriander, kuivp\u00e4rm.<\/p>\n<p data-start=\"1065\" data-end=\"1275\"><strong data-start=\"1065\" data-end=\"1093\">Toitev\u00e4\u00e4rtus 100 g kohta<\/strong><br data-start=\"1093\" data-end=\"1096\" \/>energiasisaldus 1555 kJ \/ 370 kcal, rasvad 9,1 g, millest k\u00fcllastunud rasvhapped 0,99 g, s\u00fcsivesikud 55,8 g, millest suhkrud 14,31 g, kiudained 11,9 g, valgud 10,3 g, sool 1,54 g.<\/p>\n<p data-start=\"1277\" data-end=\"1298\" data-is-last-node=\"\" data-is-only-node=\"\"><strong data-start=\"1277\" data-end=\"1290\">Netokogus<\/strong><br data-start=\"1290\" data-end=\"1293\" \/>725 g<\/p>\n","protected":false},"featured_media":258647,"template":"","meta":{"inline_featured_image":false},"product_brand":[],"product_cat":[640,178,283],"product_tag":[],"class_list":{"0":"post-258646","1":"product","2":"type-product","3":"status-publish","4":"has-post-thumbnail","6":"product_cat-kupsetised","7":"product_cat-muud-tooted","8":"product_cat-branditooted","10":"first","11":"instock","12":"taxable","13":"shipping-taxable","14":"purchasable","15":"product-type-simple"},"yoast_head":"<!-- This site is optimized with the Yoast SEO plugin v27.4 - https:\/\/yoast.com\/product\/yoast-seo-wordpress\/ -->\n<title>Rukkileib rosinate ja pistaatsiaga<\/title>\n<meta name=\"description\" content=\"Rukkileib rosinate ja pistaatsiaga goji-marjadega. T\u00e4istera rukkijahust leib, k\u00fcpsetatud Enn Tobrelutsu retsepti alusel Ter\u00e4leib pagarikojas. Juustu k\u00f5rvale\" \/>\n<meta name=\"robots\" content=\"index, follow, max-snippet:-1, max-image-preview:large, max-video-preview:-1\" \/>\n<link rel=\"canonical\" href=\"https:\/\/bbqentertainment.com\/toode\/rukkileib-rosinate-ja-pistaatsiaga\/\" \/>\n<meta property=\"og:locale\" content=\"en_US\" \/>\n<meta property=\"og:type\" content=\"article\" \/>\n<meta property=\"og:title\" content=\"Rukkileib rosinate ja pistaatsiaga\" \/>\n<meta property=\"og:description\" content=\"Rukkileib rosinate ja pistaatsiaga goji-marjadega. T\u00e4istera rukkijahust leib, k\u00fcpsetatud Enn Tobrelutsu retsepti alusel Ter\u00e4leib pagarikojas. Juustu k\u00f5rvale\" \/>\n<meta property=\"og:url\" content=\"https:\/\/bbqentertainment.com\/toode\/rukkileib-rosinate-ja-pistaatsiaga\/\" \/>\n<meta property=\"og:site_name\" content=\"BBQ Entertainment\" \/>\n<meta property=\"article:publisher\" content=\"https:\/\/www.facebook.com\/BBQ-Entertainment-N-Catering-2437913376443540\" \/>\n<meta property=\"article:modified_time\" content=\"2026-04-20T07:13:28+00:00\" \/>\n<meta property=\"og:image\" content=\"https:\/\/bbqentertainment.com\/wp-content\/uploads\/2026\/04\/BBQ-Entertainmenti-TAISTERALEIB-rosinate-pistaatsiapahklite-ja-goji-marjadega.jpg\" \/>\n\t<meta property=\"og:image:width\" content=\"1200\" \/>\n\t<meta property=\"og:image:height\" content=\"1200\" \/>\n\t<meta property=\"og:image:type\" content=\"image\/jpeg\" \/>\n<meta name=\"twitter:card\" content=\"summary_large_image\" \/>\n<meta name=\"twitter:label1\" content=\"Est. reading time\" \/>\n\t<meta name=\"twitter:data1\" content=\"1 minute\" \/>\n<script type=\"application\/ld+json\" class=\"yoast-schema-graph\">{\"@context\":\"https:\\\/\\\/schema.org\",\"@graph\":[{\"@type\":[\"WebPage\",\"ItemPage\"],\"@id\":\"https:\\\/\\\/bbqentertainment.com\\\/toode\\\/rukkileib-rosinate-ja-pistaatsiaga\\\/\",\"url\":\"https:\\\/\\\/bbqentertainment.com\\\/toode\\\/rukkileib-rosinate-ja-pistaatsiaga\\\/\",\"name\":\"Rukkileib rosinate ja pistaatsiaga\",\"isPartOf\":{\"@id\":\"https:\\\/\\\/bbqentertainment.com\\\/#website\"},\"primaryImageOfPage\":{\"@id\":\"https:\\\/\\\/bbqentertainment.com\\\/toode\\\/rukkileib-rosinate-ja-pistaatsiaga\\\/#primaryimage\"},\"image\":{\"@id\":\"https:\\\/\\\/bbqentertainment.com\\\/toode\\\/rukkileib-rosinate-ja-pistaatsiaga\\\/#primaryimage\"},\"thumbnailUrl\":\"https:\\\/\\\/bbqentertainment.com\\\/wp-content\\\/uploads\\\/2026\\\/04\\\/BBQ-Entertainmenti-TAISTERALEIB-rosinate-pistaatsiapahklite-ja-goji-marjadega.jpg\",\"datePublished\":\"2026-04-20T06:28:26+00:00\",\"dateModified\":\"2026-04-20T07:13:28+00:00\",\"description\":\"Rukkileib rosinate ja pistaatsiaga goji-marjadega. T\u00e4istera rukkijahust leib, k\u00fcpsetatud Enn Tobrelutsu retsepti alusel Ter\u00e4leib pagarikojas. Juustu k\u00f5rvale\",\"breadcrumb\":{\"@id\":\"https:\\\/\\\/bbqentertainment.com\\\/toode\\\/rukkileib-rosinate-ja-pistaatsiaga\\\/#breadcrumb\"},\"inLanguage\":\"en-US\",\"potentialAction\":[{\"@type\":\"ReadAction\",\"target\":[\"https:\\\/\\\/bbqentertainment.com\\\/toode\\\/rukkileib-rosinate-ja-pistaatsiaga\\\/\"]}]},{\"@type\":\"ImageObject\",\"inLanguage\":\"en-US\",\"@id\":\"https:\\\/\\\/bbqentertainment.com\\\/toode\\\/rukkileib-rosinate-ja-pistaatsiaga\\\/#primaryimage\",\"url\":\"https:\\\/\\\/bbqentertainment.com\\\/wp-content\\\/uploads\\\/2026\\\/04\\\/BBQ-Entertainmenti-TAISTERALEIB-rosinate-pistaatsiapahklite-ja-goji-marjadega.jpg\",\"contentUrl\":\"https:\\\/\\\/bbqentertainment.com\\\/wp-content\\\/uploads\\\/2026\\\/04\\\/BBQ-Entertainmenti-TAISTERALEIB-rosinate-pistaatsiapahklite-ja-goji-marjadega.jpg\",\"width\":1200,\"height\":1200},{\"@type\":\"BreadcrumbList\",\"@id\":\"https:\\\/\\\/bbqentertainment.com\\\/toode\\\/rukkileib-rosinate-ja-pistaatsiaga\\\/#breadcrumb\",\"itemListElement\":[{\"@type\":\"ListItem\",\"position\":1,\"name\":\"AVALEHT\",\"item\":\"https:\\\/\\\/bbqentertainment.com\\\/en\\\/\"},{\"@type\":\"ListItem\",\"position\":2,\"name\":\"Tooted\",\"item\":\"https:\\\/\\\/bbqentertainment.com\\\/tooted\\\/\"},{\"@type\":\"ListItem\",\"position\":3,\"name\":\"Maitseandjad\",\"item\":\"https:\\\/\\\/bbqentertainment.com\\\/en\\\/tootekategooria\\\/maitseandjad\\\/\"},{\"@type\":\"ListItem\",\"position\":4,\"name\":\"K\u00fcpsetised\",\"item\":\"https:\\\/\\\/bbqentertainment.com\\\/tootekategooria\\\/maitseandjad\\\/kupsetised\\\/\"},{\"@type\":\"ListItem\",\"position\":5,\"name\":\"Juuretisega leiva k\u00fcpsetamise komplekt &#8211; BBQ Entertainmenti T\u00c4ISTERALEIB rosinate, pistaatsiap\u00e4hklite ja goji-marjadega\"}]},{\"@type\":\"WebSite\",\"@id\":\"https:\\\/\\\/bbqentertainment.com\\\/#website\",\"url\":\"https:\\\/\\\/bbqentertainment.com\\\/\",\"name\":\"BBQ Entertainment\",\"description\":\"BBQ is a great lifestyle, not just fun!\",\"publisher\":{\"@id\":\"https:\\\/\\\/bbqentertainment.com\\\/#organization\"},\"potentialAction\":[{\"@type\":\"SearchAction\",\"target\":{\"@type\":\"EntryPoint\",\"urlTemplate\":\"https:\\\/\\\/bbqentertainment.com\\\/?s={search_term_string}\"},\"query-input\":{\"@type\":\"PropertyValueSpecification\",\"valueRequired\":true,\"valueName\":\"search_term_string\"}}],\"inLanguage\":\"en-US\"},{\"@type\":\"Organization\",\"@id\":\"https:\\\/\\\/bbqentertainment.com\\\/#organization\",\"name\":\"BBQ Entertainment O\u00dc\",\"url\":\"https:\\\/\\\/bbqentertainment.com\\\/\",\"logo\":{\"@type\":\"ImageObject\",\"inLanguage\":\"en-US\",\"@id\":\"https:\\\/\\\/bbqentertainment.com\\\/#\\\/schema\\\/logo\\\/image\\\/\",\"url\":\"https:\\\/\\\/bbqentertainment.com\\\/wp-content\\\/uploads\\\/2020\\\/04\\\/BBQ-Entertainment-N-Catering-Enn-Tobreluts-Logo.png\",\"contentUrl\":\"https:\\\/\\\/bbqentertainment.com\\\/wp-content\\\/uploads\\\/2020\\\/04\\\/BBQ-Entertainment-N-Catering-Enn-Tobreluts-Logo.png\",\"width\":628,\"height\":266,\"caption\":\"BBQ Entertainment O\u00dc\"},\"image\":{\"@id\":\"https:\\\/\\\/bbqentertainment.com\\\/#\\\/schema\\\/logo\\\/image\\\/\"},\"sameAs\":[\"https:\\\/\\\/www.facebook.com\\\/BBQ-Entertainment-N-Catering-2437913376443540\",\"https:\\\/\\\/www.instagram.com\\\/bbqentertainmentncatering\\\/\",\"https:\\\/\\\/www.youtube.com\\\/channel\\\/UCmpuANQVhLy2Md8nrenp2jA\"]}]}<\/script>\n<!-- \/ Yoast SEO plugin. -->","yoast_head_json":{"title":"Rukkileib rosinate ja pistaatsiaga","description":"Rukkileib rosinate ja pistaatsiaga goji-marjadega. T\u00e4istera rukkijahust leib, k\u00fcpsetatud Enn Tobrelutsu retsepti alusel Ter\u00e4leib pagarikojas. Juustu k\u00f5rvale","robots":{"index":"index","follow":"follow","max-snippet":"max-snippet:-1","max-image-preview":"max-image-preview:large","max-video-preview":"max-video-preview:-1"},"canonical":"https:\/\/bbqentertainment.com\/toode\/rukkileib-rosinate-ja-pistaatsiaga\/","og_locale":"en_US","og_type":"article","og_title":"Rukkileib rosinate ja pistaatsiaga","og_description":"Rukkileib rosinate ja pistaatsiaga goji-marjadega. T\u00e4istera rukkijahust leib, k\u00fcpsetatud Enn Tobrelutsu retsepti alusel Ter\u00e4leib pagarikojas. Juustu k\u00f5rvale","og_url":"https:\/\/bbqentertainment.com\/toode\/rukkileib-rosinate-ja-pistaatsiaga\/","og_site_name":"BBQ Entertainment","article_publisher":"https:\/\/www.facebook.com\/BBQ-Entertainment-N-Catering-2437913376443540","article_modified_time":"2026-04-20T07:13:28+00:00","og_image":[{"width":1200,"height":1200,"url":"https:\/\/bbqentertainment.com\/wp-content\/uploads\/2026\/04\/BBQ-Entertainmenti-TAISTERALEIB-rosinate-pistaatsiapahklite-ja-goji-marjadega.jpg","type":"image\/jpeg"}],"twitter_card":"summary_large_image","twitter_misc":{"Est. reading time":"1 minute"},"schema":{"@context":"https:\/\/schema.org","@graph":[{"@type":["WebPage","ItemPage"],"@id":"https:\/\/bbqentertainment.com\/toode\/rukkileib-rosinate-ja-pistaatsiaga\/","url":"https:\/\/bbqentertainment.com\/toode\/rukkileib-rosinate-ja-pistaatsiaga\/","name":"Rukkileib rosinate ja pistaatsiaga","isPartOf":{"@id":"https:\/\/bbqentertainment.com\/#website"},"primaryImageOfPage":{"@id":"https:\/\/bbqentertainment.com\/toode\/rukkileib-rosinate-ja-pistaatsiaga\/#primaryimage"},"image":{"@id":"https:\/\/bbqentertainment.com\/toode\/rukkileib-rosinate-ja-pistaatsiaga\/#primaryimage"},"thumbnailUrl":"https:\/\/bbqentertainment.com\/wp-content\/uploads\/2026\/04\/BBQ-Entertainmenti-TAISTERALEIB-rosinate-pistaatsiapahklite-ja-goji-marjadega.jpg","datePublished":"2026-04-20T06:28:26+00:00","dateModified":"2026-04-20T07:13:28+00:00","description":"Rukkileib rosinate ja pistaatsiaga goji-marjadega. T\u00e4istera rukkijahust leib, k\u00fcpsetatud Enn Tobrelutsu retsepti alusel Ter\u00e4leib pagarikojas. Juustu k\u00f5rvale","breadcrumb":{"@id":"https:\/\/bbqentertainment.com\/toode\/rukkileib-rosinate-ja-pistaatsiaga\/#breadcrumb"},"inLanguage":"en-US","potentialAction":[{"@type":"ReadAction","target":["https:\/\/bbqentertainment.com\/toode\/rukkileib-rosinate-ja-pistaatsiaga\/"]}]},{"@type":"ImageObject","inLanguage":"en-US","@id":"https:\/\/bbqentertainment.com\/toode\/rukkileib-rosinate-ja-pistaatsiaga\/#primaryimage","url":"https:\/\/bbqentertainment.com\/wp-content\/uploads\/2026\/04\/BBQ-Entertainmenti-TAISTERALEIB-rosinate-pistaatsiapahklite-ja-goji-marjadega.jpg","contentUrl":"https:\/\/bbqentertainment.com\/wp-content\/uploads\/2026\/04\/BBQ-Entertainmenti-TAISTERALEIB-rosinate-pistaatsiapahklite-ja-goji-marjadega.jpg","width":1200,"height":1200},{"@type":"BreadcrumbList","@id":"https:\/\/bbqentertainment.com\/toode\/rukkileib-rosinate-ja-pistaatsiaga\/#breadcrumb","itemListElement":[{"@type":"ListItem","position":1,"name":"AVALEHT","item":"https:\/\/bbqentertainment.com\/en\/"},{"@type":"ListItem","position":2,"name":"Tooted","item":"https:\/\/bbqentertainment.com\/tooted\/"},{"@type":"ListItem","position":3,"name":"Maitseandjad","item":"https:\/\/bbqentertainment.com\/en\/tootekategooria\/maitseandjad\/"},{"@type":"ListItem","position":4,"name":"K\u00fcpsetised","item":"https:\/\/bbqentertainment.com\/tootekategooria\/maitseandjad\/kupsetised\/"},{"@type":"ListItem","position":5,"name":"Juuretisega leiva k\u00fcpsetamise komplekt &#8211; BBQ Entertainmenti T\u00c4ISTERALEIB rosinate, pistaatsiap\u00e4hklite ja goji-marjadega"}]},{"@type":"WebSite","@id":"https:\/\/bbqentertainment.com\/#website","url":"https:\/\/bbqentertainment.com\/","name":"BBQ Entertainment","description":"BBQ is a great lifestyle, not just fun!","publisher":{"@id":"https:\/\/bbqentertainment.com\/#organization"},"potentialAction":[{"@type":"SearchAction","target":{"@type":"EntryPoint","urlTemplate":"https:\/\/bbqentertainment.com\/?s={search_term_string}"},"query-input":{"@type":"PropertyValueSpecification","valueRequired":true,"valueName":"search_term_string"}}],"inLanguage":"en-US"},{"@type":"Organization","@id":"https:\/\/bbqentertainment.com\/#organization","name":"BBQ Entertainment O\u00dc","url":"https:\/\/bbqentertainment.com\/","logo":{"@type":"ImageObject","inLanguage":"en-US","@id":"https:\/\/bbqentertainment.com\/#\/schema\/logo\/image\/","url":"https:\/\/bbqentertainment.com\/wp-content\/uploads\/2020\/04\/BBQ-Entertainment-N-Catering-Enn-Tobreluts-Logo.png","contentUrl":"https:\/\/bbqentertainment.com\/wp-content\/uploads\/2020\/04\/BBQ-Entertainment-N-Catering-Enn-Tobreluts-Logo.png","width":628,"height":266,"caption":"BBQ Entertainment O\u00dc"},"image":{"@id":"https:\/\/bbqentertainment.com\/#\/schema\/logo\/image\/"},"sameAs":["https:\/\/www.facebook.com\/BBQ-Entertainment-N-Catering-2437913376443540","https:\/\/www.instagram.com\/bbqentertainmentncatering\/","https:\/\/www.youtube.com\/channel\/UCmpuANQVhLy2Md8nrenp2jA"]}]}},"_links":{"self":[{"href":"https:\/\/bbqentertainment.com\/en\/wp-json\/wp\/v2\/product\/258646","targetHints":{"allow":["GET"]}}],"collection":[{"href":"https:\/\/bbqentertainment.com\/en\/wp-json\/wp\/v2\/product"}],"about":[{"href":"https:\/\/bbqentertainment.com\/en\/wp-json\/wp\/v2\/types\/product"}],"wp:featuredmedia":[{"embeddable":true,"href":"https:\/\/bbqentertainment.com\/en\/wp-json\/wp\/v2\/media\/258647"}],"wp:attachment":[{"href":"https:\/\/bbqentertainment.com\/en\/wp-json\/wp\/v2\/media?parent=258646"}],"wp:term":[{"taxonomy":"product_brand","embeddable":true,"href":"https:\/\/bbqentertainment.com\/en\/wp-json\/wp\/v2\/product_brand?post=258646"},{"taxonomy":"product_cat","embeddable":true,"href":"https:\/\/bbqentertainment.com\/en\/wp-json\/wp\/v2\/product_cat?post=258646"},{"taxonomy":"product_tag","embeddable":true,"href":"https:\/\/bbqentertainment.com\/en\/wp-json\/wp\/v2\/product_tag?post=258646"}],"curies":[{"name":"wp","href":"https:\/\/api.w.org\/{rel}","templated":true}]}}