{"id":258740,"date":"2026-05-06T14:37:42","date_gmt":"2026-05-06T11:37:42","guid":{"rendered":"https:\/\/bbqentertainment.com\/?post_type=product&#038;p=258740"},"modified":"2026-05-06T15:31:35","modified_gmt":"2026-05-06T12:31:35","slug":"kamado-joe-tugevdatud-terasest-grillilabidas","status":"publish","type":"product","link":"https:\/\/bbqentertainment.com\/en\/toode\/kamado-joe-tugevdatud-terasest-grillilabidas\/","title":{"rendered":"Kamado Joe \u00ae tugevdatud terasest grillilabidas"},"content":{"rendered":"","protected":false},"excerpt":{"rendered":"<h3><strong>Kamado Joe \u00ae tugevdatud terasest grillilabidas<\/strong><\/h3>\n<p data-start=\"41\" data-end=\"288\">Kamado Joe terasest grillilabidas on m\u00f5eldud toidu t\u00f5stmiseks ja p\u00f6\u00f6ramiseks kuumal grillil. Labidas on valmistatud tugevast roostevabast terasest ning selle 10 \u00d7 11,4 cm p\u00f6\u00f6ramispind sobib ka suuremate t\u00fckkide k\u00e4sitsemiseks.<\/p>\n<p data-start=\"290\" data-end=\"527\">Labida servas on l\u00f5ikeserv, millega saab toitu vajaduse korral otse grillil t\u00fckeldada. K\u00e4epideme pikkus on ca \u00a034,3 cm, mis aitab hoida k\u00e4tt kuumusest eemal. Tasakaalustatud k\u00e4epide teeb t\u00f6\u00f6riista kasutamise stabiilseks.<\/p>\n<p data-start=\"529\" data-end=\"654\" data-is-last-node=\"\" data-is-only-node=\"\">Grillilabidas on n\u00f5udepesumasinas pestav.<\/p>\n","protected":false},"featured_media":258741,"template":"","meta":{"inline_featured_image":false},"product_brand":[],"product_cat":[147,479,106,105,107],"product_tag":[],"class_list":{"0":"post-258740","1":"product","2":"type-product","3":"status-publish","4":"has-post-thumbnail","6":"product_cat-kamado-joe-2","7":"product_cat-grillitarvikud","8":"product_cat-lisatarvikud-junior","9":"product_cat-lisatarvikud-classic","10":"product_cat-lisatarvikud-big","12":"first","13":"instock","14":"taxable","15":"shipping-taxable","16":"purchasable","17":"product-type-simple"},"yoast_head":"<!-- This site is optimized with the Yoast SEO plugin v27.4 - https:\/\/yoast.com\/product\/yoast-seo-wordpress\/ -->\n<title>Kamado Joe \u00ae tugevdatud terasest grillilabidas - BBQ Entertainment<\/title>\n<meta name=\"robots\" content=\"index, follow, max-snippet:-1, max-image-preview:large, max-video-preview:-1\" \/>\n<link rel=\"canonical\" href=\"https:\/\/bbqentertainment.com\/toode\/kamado-joe-tugevdatud-terasest-grillilabidas\/\" \/>\n<meta property=\"og:locale\" content=\"en_US\" \/>\n<meta property=\"og:type\" content=\"article\" \/>\n<meta property=\"og:title\" content=\"Kamado Joe \u00ae tugevdatud terasest grillilabidas - BBQ Entertainment\" \/>\n<meta property=\"og:description\" content=\"Kamado Joe \u00ae tugevdatud terasest grillilabidas Kamado Joe terasest grillilabidas on m\u00f5eldud toidu t\u00f5stmiseks ja p\u00f6\u00f6ramiseks kuumal grillil. Labidas on valmistatud tugevast roostevabast terasest ning selle 10 \u00d7 11,4 cm p\u00f6\u00f6ramispind sobib ka suuremate t\u00fckkide k\u00e4sitsemiseks. Labida servas on l\u00f5ikeserv, millega saab toitu vajaduse korral otse grillil t\u00fckeldada. K\u00e4epideme pikkus on ca \u00a034,3 cm, mis aitab hoida k\u00e4tt kuumusest eemal. Tasakaalustatud k\u00e4epide teeb t\u00f6\u00f6riista kasutamise stabiilseks. Grillilabidas on n\u00f5udepesumasinas pestav.\" \/>\n<meta property=\"og:url\" content=\"https:\/\/bbqentertainment.com\/toode\/kamado-joe-tugevdatud-terasest-grillilabidas\/\" \/>\n<meta property=\"og:site_name\" content=\"BBQ Entertainment\" \/>\n<meta property=\"article:publisher\" content=\"https:\/\/www.facebook.com\/BBQ-Entertainment-N-Catering-2437913376443540\" \/>\n<meta property=\"article:modified_time\" content=\"2026-05-06T12:31:35+00:00\" \/>\n<meta property=\"og:image\" content=\"https:\/\/bbqentertainment.com\/wp-content\/uploads\/2026\/05\/KJ15184126_01_Hero_Etail-2.webp\" \/>\n\t<meta property=\"og:image:width\" content=\"2000\" \/>\n\t<meta property=\"og:image:height\" content=\"2000\" \/>\n\t<meta property=\"og:image:type\" content=\"image\/webp\" \/>\n<meta name=\"twitter:card\" content=\"summary_large_image\" \/>\n<meta name=\"twitter:label1\" content=\"Est. reading time\" \/>\n\t<meta name=\"twitter:data1\" content=\"1 minute\" \/>\n<script type=\"application\/ld+json\" class=\"yoast-schema-graph\">{\"@context\":\"https:\\\/\\\/schema.org\",\"@graph\":[{\"@type\":[\"WebPage\",\"ItemPage\"],\"@id\":\"https:\\\/\\\/bbqentertainment.com\\\/toode\\\/kamado-joe-tugevdatud-terasest-grillilabidas\\\/\",\"url\":\"https:\\\/\\\/bbqentertainment.com\\\/toode\\\/kamado-joe-tugevdatud-terasest-grillilabidas\\\/\",\"name\":\"Kamado Joe \u00ae tugevdatud terasest grillilabidas - BBQ Entertainment\",\"isPartOf\":{\"@id\":\"https:\\\/\\\/bbqentertainment.com\\\/#website\"},\"primaryImageOfPage\":{\"@id\":\"https:\\\/\\\/bbqentertainment.com\\\/toode\\\/kamado-joe-tugevdatud-terasest-grillilabidas\\\/#primaryimage\"},\"image\":{\"@id\":\"https:\\\/\\\/bbqentertainment.com\\\/toode\\\/kamado-joe-tugevdatud-terasest-grillilabidas\\\/#primaryimage\"},\"thumbnailUrl\":\"https:\\\/\\\/bbqentertainment.com\\\/wp-content\\\/uploads\\\/2026\\\/05\\\/KJ15184126_01_Hero_Etail-2.webp\",\"datePublished\":\"2026-05-06T11:37:42+00:00\",\"dateModified\":\"2026-05-06T12:31:35+00:00\",\"breadcrumb\":{\"@id\":\"https:\\\/\\\/bbqentertainment.com\\\/toode\\\/kamado-joe-tugevdatud-terasest-grillilabidas\\\/#breadcrumb\"},\"inLanguage\":\"en-US\",\"potentialAction\":[{\"@type\":\"ReadAction\",\"target\":[\"https:\\\/\\\/bbqentertainment.com\\\/toode\\\/kamado-joe-tugevdatud-terasest-grillilabidas\\\/\"]}]},{\"@type\":\"ImageObject\",\"inLanguage\":\"en-US\",\"@id\":\"https:\\\/\\\/bbqentertainment.com\\\/toode\\\/kamado-joe-tugevdatud-terasest-grillilabidas\\\/#primaryimage\",\"url\":\"https:\\\/\\\/bbqentertainment.com\\\/wp-content\\\/uploads\\\/2026\\\/05\\\/KJ15184126_01_Hero_Etail-2.webp\",\"contentUrl\":\"https:\\\/\\\/bbqentertainment.com\\\/wp-content\\\/uploads\\\/2026\\\/05\\\/KJ15184126_01_Hero_Etail-2.webp\",\"width\":2000,\"height\":2000},{\"@type\":\"BreadcrumbList\",\"@id\":\"https:\\\/\\\/bbqentertainment.com\\\/toode\\\/kamado-joe-tugevdatud-terasest-grillilabidas\\\/#breadcrumb\",\"itemListElement\":[{\"@type\":\"ListItem\",\"position\":1,\"name\":\"AVALEHT\",\"item\":\"https:\\\/\\\/bbqentertainment.com\\\/en\\\/\"},{\"@type\":\"ListItem\",\"position\":2,\"name\":\"Tooted\",\"item\":\"https:\\\/\\\/bbqentertainment.com\\\/tooted\\\/\"},{\"@type\":\"ListItem\",\"position\":3,\"name\":\"Lisatarvikud\",\"item\":\"https:\\\/\\\/bbqentertainment.com\\\/tootekategooria\\\/lisatarvikud\\\/\"},{\"@type\":\"ListItem\",\"position\":4,\"name\":\"GRILLITARVIKUD\",\"item\":\"https:\\\/\\\/bbqentertainment.com\\\/tootekategooria\\\/lisatarvikud\\\/grillitarvikud\\\/\"},{\"@type\":\"ListItem\",\"position\":5,\"name\":\"Kamado Joe \u00ae tugevdatud terasest grillilabidas\"}]},{\"@type\":\"WebSite\",\"@id\":\"https:\\\/\\\/bbqentertainment.com\\\/#website\",\"url\":\"https:\\\/\\\/bbqentertainment.com\\\/\",\"name\":\"BBQ Entertainment\",\"description\":\"BBQ is a great lifestyle, not just fun!\",\"publisher\":{\"@id\":\"https:\\\/\\\/bbqentertainment.com\\\/#organization\"},\"potentialAction\":[{\"@type\":\"SearchAction\",\"target\":{\"@type\":\"EntryPoint\",\"urlTemplate\":\"https:\\\/\\\/bbqentertainment.com\\\/?s={search_term_string}\"},\"query-input\":{\"@type\":\"PropertyValueSpecification\",\"valueRequired\":true,\"valueName\":\"search_term_string\"}}],\"inLanguage\":\"en-US\"},{\"@type\":\"Organization\",\"@id\":\"https:\\\/\\\/bbqentertainment.com\\\/#organization\",\"name\":\"BBQ Entertainment O\u00dc\",\"url\":\"https:\\\/\\\/bbqentertainment.com\\\/\",\"logo\":{\"@type\":\"ImageObject\",\"inLanguage\":\"en-US\",\"@id\":\"https:\\\/\\\/bbqentertainment.com\\\/#\\\/schema\\\/logo\\\/image\\\/\",\"url\":\"https:\\\/\\\/bbqentertainment.com\\\/wp-content\\\/uploads\\\/2020\\\/04\\\/BBQ-Entertainment-N-Catering-Enn-Tobreluts-Logo.png\",\"contentUrl\":\"https:\\\/\\\/bbqentertainment.com\\\/wp-content\\\/uploads\\\/2020\\\/04\\\/BBQ-Entertainment-N-Catering-Enn-Tobreluts-Logo.png\",\"width\":628,\"height\":266,\"caption\":\"BBQ Entertainment O\u00dc\"},\"image\":{\"@id\":\"https:\\\/\\\/bbqentertainment.com\\\/#\\\/schema\\\/logo\\\/image\\\/\"},\"sameAs\":[\"https:\\\/\\\/www.facebook.com\\\/BBQ-Entertainment-N-Catering-2437913376443540\",\"https:\\\/\\\/www.instagram.com\\\/bbqentertainmentncatering\\\/\",\"https:\\\/\\\/www.youtube.com\\\/channel\\\/UCmpuANQVhLy2Md8nrenp2jA\"]}]}<\/script>\n<!-- \/ Yoast SEO plugin. -->","yoast_head_json":{"title":"Kamado Joe \u00ae tugevdatud terasest grillilabidas - BBQ Entertainment","robots":{"index":"index","follow":"follow","max-snippet":"max-snippet:-1","max-image-preview":"max-image-preview:large","max-video-preview":"max-video-preview:-1"},"canonical":"https:\/\/bbqentertainment.com\/toode\/kamado-joe-tugevdatud-terasest-grillilabidas\/","og_locale":"en_US","og_type":"article","og_title":"Kamado Joe \u00ae tugevdatud terasest grillilabidas - BBQ Entertainment","og_description":"Kamado Joe \u00ae tugevdatud terasest grillilabidas Kamado Joe terasest grillilabidas on m\u00f5eldud toidu t\u00f5stmiseks ja p\u00f6\u00f6ramiseks kuumal grillil. Labidas on valmistatud tugevast roostevabast terasest ning selle 10 \u00d7 11,4 cm p\u00f6\u00f6ramispind sobib ka suuremate t\u00fckkide k\u00e4sitsemiseks. Labida servas on l\u00f5ikeserv, millega saab toitu vajaduse korral otse grillil t\u00fckeldada. K\u00e4epideme pikkus on ca \u00a034,3 cm, mis aitab hoida k\u00e4tt kuumusest eemal. Tasakaalustatud k\u00e4epide teeb t\u00f6\u00f6riista kasutamise stabiilseks. Grillilabidas on n\u00f5udepesumasinas pestav.","og_url":"https:\/\/bbqentertainment.com\/toode\/kamado-joe-tugevdatud-terasest-grillilabidas\/","og_site_name":"BBQ Entertainment","article_publisher":"https:\/\/www.facebook.com\/BBQ-Entertainment-N-Catering-2437913376443540","article_modified_time":"2026-05-06T12:31:35+00:00","og_image":[{"width":2000,"height":2000,"url":"https:\/\/bbqentertainment.com\/wp-content\/uploads\/2026\/05\/KJ15184126_01_Hero_Etail-2.webp","type":"image\/webp"}],"twitter_card":"summary_large_image","twitter_misc":{"Est. reading time":"1 minute"},"schema":{"@context":"https:\/\/schema.org","@graph":[{"@type":["WebPage","ItemPage"],"@id":"https:\/\/bbqentertainment.com\/toode\/kamado-joe-tugevdatud-terasest-grillilabidas\/","url":"https:\/\/bbqentertainment.com\/toode\/kamado-joe-tugevdatud-terasest-grillilabidas\/","name":"Kamado Joe \u00ae tugevdatud terasest grillilabidas - BBQ Entertainment","isPartOf":{"@id":"https:\/\/bbqentertainment.com\/#website"},"primaryImageOfPage":{"@id":"https:\/\/bbqentertainment.com\/toode\/kamado-joe-tugevdatud-terasest-grillilabidas\/#primaryimage"},"image":{"@id":"https:\/\/bbqentertainment.com\/toode\/kamado-joe-tugevdatud-terasest-grillilabidas\/#primaryimage"},"thumbnailUrl":"https:\/\/bbqentertainment.com\/wp-content\/uploads\/2026\/05\/KJ15184126_01_Hero_Etail-2.webp","datePublished":"2026-05-06T11:37:42+00:00","dateModified":"2026-05-06T12:31:35+00:00","breadcrumb":{"@id":"https:\/\/bbqentertainment.com\/toode\/kamado-joe-tugevdatud-terasest-grillilabidas\/#breadcrumb"},"inLanguage":"en-US","potentialAction":[{"@type":"ReadAction","target":["https:\/\/bbqentertainment.com\/toode\/kamado-joe-tugevdatud-terasest-grillilabidas\/"]}]},{"@type":"ImageObject","inLanguage":"en-US","@id":"https:\/\/bbqentertainment.com\/toode\/kamado-joe-tugevdatud-terasest-grillilabidas\/#primaryimage","url":"https:\/\/bbqentertainment.com\/wp-content\/uploads\/2026\/05\/KJ15184126_01_Hero_Etail-2.webp","contentUrl":"https:\/\/bbqentertainment.com\/wp-content\/uploads\/2026\/05\/KJ15184126_01_Hero_Etail-2.webp","width":2000,"height":2000},{"@type":"BreadcrumbList","@id":"https:\/\/bbqentertainment.com\/toode\/kamado-joe-tugevdatud-terasest-grillilabidas\/#breadcrumb","itemListElement":[{"@type":"ListItem","position":1,"name":"AVALEHT","item":"https:\/\/bbqentertainment.com\/en\/"},{"@type":"ListItem","position":2,"name":"Tooted","item":"https:\/\/bbqentertainment.com\/tooted\/"},{"@type":"ListItem","position":3,"name":"Lisatarvikud","item":"https:\/\/bbqentertainment.com\/tootekategooria\/lisatarvikud\/"},{"@type":"ListItem","position":4,"name":"GRILLITARVIKUD","item":"https:\/\/bbqentertainment.com\/tootekategooria\/lisatarvikud\/grillitarvikud\/"},{"@type":"ListItem","position":5,"name":"Kamado Joe \u00ae tugevdatud terasest grillilabidas"}]},{"@type":"WebSite","@id":"https:\/\/bbqentertainment.com\/#website","url":"https:\/\/bbqentertainment.com\/","name":"BBQ Entertainment","description":"BBQ is a great lifestyle, not just fun!","publisher":{"@id":"https:\/\/bbqentertainment.com\/#organization"},"potentialAction":[{"@type":"SearchAction","target":{"@type":"EntryPoint","urlTemplate":"https:\/\/bbqentertainment.com\/?s={search_term_string}"},"query-input":{"@type":"PropertyValueSpecification","valueRequired":true,"valueName":"search_term_string"}}],"inLanguage":"en-US"},{"@type":"Organization","@id":"https:\/\/bbqentertainment.com\/#organization","name":"BBQ Entertainment O\u00dc","url":"https:\/\/bbqentertainment.com\/","logo":{"@type":"ImageObject","inLanguage":"en-US","@id":"https:\/\/bbqentertainment.com\/#\/schema\/logo\/image\/","url":"https:\/\/bbqentertainment.com\/wp-content\/uploads\/2020\/04\/BBQ-Entertainment-N-Catering-Enn-Tobreluts-Logo.png","contentUrl":"https:\/\/bbqentertainment.com\/wp-content\/uploads\/2020\/04\/BBQ-Entertainment-N-Catering-Enn-Tobreluts-Logo.png","width":628,"height":266,"caption":"BBQ Entertainment O\u00dc"},"image":{"@id":"https:\/\/bbqentertainment.com\/#\/schema\/logo\/image\/"},"sameAs":["https:\/\/www.facebook.com\/BBQ-Entertainment-N-Catering-2437913376443540","https:\/\/www.instagram.com\/bbqentertainmentncatering\/","https:\/\/www.youtube.com\/channel\/UCmpuANQVhLy2Md8nrenp2jA"]}]}},"_links":{"self":[{"href":"https:\/\/bbqentertainment.com\/en\/wp-json\/wp\/v2\/product\/258740","targetHints":{"allow":["GET"]}}],"collection":[{"href":"https:\/\/bbqentertainment.com\/en\/wp-json\/wp\/v2\/product"}],"about":[{"href":"https:\/\/bbqentertainment.com\/en\/wp-json\/wp\/v2\/types\/product"}],"wp:featuredmedia":[{"embeddable":true,"href":"https:\/\/bbqentertainment.com\/en\/wp-json\/wp\/v2\/media\/258741"}],"wp:attachment":[{"href":"https:\/\/bbqentertainment.com\/en\/wp-json\/wp\/v2\/media?parent=258740"}],"wp:term":[{"taxonomy":"product_brand","embeddable":true,"href":"https:\/\/bbqentertainment.com\/en\/wp-json\/wp\/v2\/product_brand?post=258740"},{"taxonomy":"product_cat","embeddable":true,"href":"https:\/\/bbqentertainment.com\/en\/wp-json\/wp\/v2\/product_cat?post=258740"},{"taxonomy":"product_tag","embeddable":true,"href":"https:\/\/bbqentertainment.com\/en\/wp-json\/wp\/v2\/product_tag?post=258740"}],"curies":[{"name":"wp","href":"https:\/\/api.w.org\/{rel}","templated":true}]}}