{"id":258744,"date":"2026-05-06T14:59:10","date_gmt":"2026-05-06T11:59:10","guid":{"rendered":"https:\/\/bbqentertainment.com\/?post_type=product&#038;p=258744"},"modified":"2026-05-06T15:31:35","modified_gmt":"2026-05-06T12:31:35","slug":"kamado-joe-tugevdatud-terasest-pintseldamisnou-pintsliga","status":"publish","type":"product","link":"https:\/\/bbqentertainment.com\/en\/toode\/kamado-joe-tugevdatud-terasest-pintseldamisnou-pintsliga\/","title":{"rendered":"Kamado Joe \u00ae tugevdatud terasest pintseldamisn\u00f5u pintsliga"},"content":{"rendered":"","protected":false},"excerpt":{"rendered":"<h3><strong>Kamado Joe \u00ae tugevdatud terasest pintseldamisn\u00f5u pintsliga<\/strong><\/h3>\n<p data-start=\"53\" data-end=\"188\">Kamado Joe terasest pintseldamisn\u00f5u on m\u00f5eldud v\u00f5i sulatamiseks ja kastmete soojendamiseks otse grillil. N\u00f5u talub kuumust kuni 120 \u00b0C.<\/p>\n<p data-start=\"190\" data-end=\"341\">Komplekti kuuluv silikoonpintsliga kaas t\u00f6\u00f6tab nii katte kui ka pintseldamisvahendina. \u00d5hukindel lisakaas aitab \u00fcle j\u00e4\u00e4nud kastmeid k\u00fclmikus s\u00e4ilitada.<\/p>\n<p data-start=\"343\" data-end=\"476\" data-is-last-node=\"\" data-is-only-node=\"\">N\u00f5u mahutavus on 1 liiter. Silikoonist k\u00e4epidemekatted aitavad n\u00f5ud mugavamalt k\u00e4sitseda. Pintseldamisn\u00f5u on n\u00f5udepesumasinas pestav.<\/p>\n","protected":false},"featured_media":258745,"template":"","meta":{"inline_featured_image":false},"product_brand":[],"product_cat":[147,479,106,105,107],"product_tag":[],"class_list":{"0":"post-258744","1":"product","2":"type-product","3":"status-publish","4":"has-post-thumbnail","6":"product_cat-kamado-joe-2","7":"product_cat-grillitarvikud","8":"product_cat-lisatarvikud-junior","9":"product_cat-lisatarvikud-classic","10":"product_cat-lisatarvikud-big","12":"first","13":"instock","14":"taxable","15":"shipping-taxable","16":"purchasable","17":"product-type-simple"},"yoast_head":"<!-- This site is optimized with the Yoast SEO plugin v27.4 - https:\/\/yoast.com\/product\/yoast-seo-wordpress\/ -->\n<title>Kamado Joe \u00ae tugevdatud terasest pintseldamisn\u00f5u pintsliga - BBQ Entertainment<\/title>\n<meta name=\"robots\" content=\"index, follow, max-snippet:-1, max-image-preview:large, max-video-preview:-1\" \/>\n<link rel=\"canonical\" href=\"https:\/\/bbqentertainment.com\/toode\/kamado-joe-tugevdatud-terasest-pintseldamisnou-pintsliga\/\" \/>\n<meta property=\"og:locale\" content=\"en_US\" \/>\n<meta property=\"og:type\" content=\"article\" \/>\n<meta property=\"og:title\" content=\"Kamado Joe \u00ae tugevdatud terasest pintseldamisn\u00f5u pintsliga - BBQ Entertainment\" \/>\n<meta property=\"og:description\" content=\"Kamado Joe \u00ae tugevdatud terasest pintseldamisn\u00f5u pintsliga Kamado Joe terasest pintseldamisn\u00f5u on m\u00f5eldud v\u00f5i sulatamiseks ja kastmete soojendamiseks otse grillil. N\u00f5u talub kuumust kuni 120 \u00b0C. Komplekti kuuluv silikoonpintsliga kaas t\u00f6\u00f6tab nii katte kui ka pintseldamisvahendina. \u00d5hukindel lisakaas aitab \u00fcle j\u00e4\u00e4nud kastmeid k\u00fclmikus s\u00e4ilitada. N\u00f5u mahutavus on 1 liiter. Silikoonist k\u00e4epidemekatted aitavad n\u00f5ud mugavamalt k\u00e4sitseda. Pintseldamisn\u00f5u on n\u00f5udepesumasinas pestav.\" \/>\n<meta property=\"og:url\" content=\"https:\/\/bbqentertainment.com\/toode\/kamado-joe-tugevdatud-terasest-pintseldamisnou-pintsliga\/\" \/>\n<meta property=\"og:site_name\" content=\"BBQ Entertainment\" \/>\n<meta property=\"article:publisher\" content=\"https:\/\/www.facebook.com\/BBQ-Entertainment-N-Catering-2437913376443540\" \/>\n<meta property=\"article:modified_time\" content=\"2026-05-06T12:31:35+00:00\" \/>\n<meta property=\"og:image\" content=\"https:\/\/bbqentertainment.com\/wp-content\/uploads\/2026\/05\/KJ15184626_01_Hero_Etail.webp\" \/>\n\t<meta property=\"og:image:width\" content=\"2000\" \/>\n\t<meta property=\"og:image:height\" content=\"2000\" \/>\n\t<meta property=\"og:image:type\" content=\"image\/webp\" \/>\n<meta name=\"twitter:card\" content=\"summary_large_image\" \/>\n<meta name=\"twitter:label1\" content=\"Est. reading time\" \/>\n\t<meta name=\"twitter:data1\" content=\"1 minute\" \/>\n<script type=\"application\/ld+json\" class=\"yoast-schema-graph\">{\"@context\":\"https:\\\/\\\/schema.org\",\"@graph\":[{\"@type\":[\"WebPage\",\"ItemPage\"],\"@id\":\"https:\\\/\\\/bbqentertainment.com\\\/toode\\\/kamado-joe-tugevdatud-terasest-pintseldamisnou-pintsliga\\\/\",\"url\":\"https:\\\/\\\/bbqentertainment.com\\\/toode\\\/kamado-joe-tugevdatud-terasest-pintseldamisnou-pintsliga\\\/\",\"name\":\"Kamado Joe \u00ae tugevdatud terasest pintseldamisn\u00f5u pintsliga - BBQ Entertainment\",\"isPartOf\":{\"@id\":\"https:\\\/\\\/bbqentertainment.com\\\/#website\"},\"primaryImageOfPage\":{\"@id\":\"https:\\\/\\\/bbqentertainment.com\\\/toode\\\/kamado-joe-tugevdatud-terasest-pintseldamisnou-pintsliga\\\/#primaryimage\"},\"image\":{\"@id\":\"https:\\\/\\\/bbqentertainment.com\\\/toode\\\/kamado-joe-tugevdatud-terasest-pintseldamisnou-pintsliga\\\/#primaryimage\"},\"thumbnailUrl\":\"https:\\\/\\\/bbqentertainment.com\\\/wp-content\\\/uploads\\\/2026\\\/05\\\/KJ15184626_01_Hero_Etail.webp\",\"datePublished\":\"2026-05-06T11:59:10+00:00\",\"dateModified\":\"2026-05-06T12:31:35+00:00\",\"breadcrumb\":{\"@id\":\"https:\\\/\\\/bbqentertainment.com\\\/toode\\\/kamado-joe-tugevdatud-terasest-pintseldamisnou-pintsliga\\\/#breadcrumb\"},\"inLanguage\":\"en-US\",\"potentialAction\":[{\"@type\":\"ReadAction\",\"target\":[\"https:\\\/\\\/bbqentertainment.com\\\/toode\\\/kamado-joe-tugevdatud-terasest-pintseldamisnou-pintsliga\\\/\"]}]},{\"@type\":\"ImageObject\",\"inLanguage\":\"en-US\",\"@id\":\"https:\\\/\\\/bbqentertainment.com\\\/toode\\\/kamado-joe-tugevdatud-terasest-pintseldamisnou-pintsliga\\\/#primaryimage\",\"url\":\"https:\\\/\\\/bbqentertainment.com\\\/wp-content\\\/uploads\\\/2026\\\/05\\\/KJ15184626_01_Hero_Etail.webp\",\"contentUrl\":\"https:\\\/\\\/bbqentertainment.com\\\/wp-content\\\/uploads\\\/2026\\\/05\\\/KJ15184626_01_Hero_Etail.webp\",\"width\":2000,\"height\":2000},{\"@type\":\"BreadcrumbList\",\"@id\":\"https:\\\/\\\/bbqentertainment.com\\\/toode\\\/kamado-joe-tugevdatud-terasest-pintseldamisnou-pintsliga\\\/#breadcrumb\",\"itemListElement\":[{\"@type\":\"ListItem\",\"position\":1,\"name\":\"AVALEHT\",\"item\":\"https:\\\/\\\/bbqentertainment.com\\\/en\\\/\"},{\"@type\":\"ListItem\",\"position\":2,\"name\":\"Tooted\",\"item\":\"https:\\\/\\\/bbqentertainment.com\\\/tooted\\\/\"},{\"@type\":\"ListItem\",\"position\":3,\"name\":\"Lisatarvikud\",\"item\":\"https:\\\/\\\/bbqentertainment.com\\\/tootekategooria\\\/lisatarvikud\\\/\"},{\"@type\":\"ListItem\",\"position\":4,\"name\":\"GRILLITARVIKUD\",\"item\":\"https:\\\/\\\/bbqentertainment.com\\\/tootekategooria\\\/lisatarvikud\\\/grillitarvikud\\\/\"},{\"@type\":\"ListItem\",\"position\":5,\"name\":\"Kamado Joe \u00ae tugevdatud terasest pintseldamisn\u00f5u pintsliga\"}]},{\"@type\":\"WebSite\",\"@id\":\"https:\\\/\\\/bbqentertainment.com\\\/#website\",\"url\":\"https:\\\/\\\/bbqentertainment.com\\\/\",\"name\":\"BBQ Entertainment\",\"description\":\"BBQ is a great lifestyle, not just fun!\",\"publisher\":{\"@id\":\"https:\\\/\\\/bbqentertainment.com\\\/#organization\"},\"potentialAction\":[{\"@type\":\"SearchAction\",\"target\":{\"@type\":\"EntryPoint\",\"urlTemplate\":\"https:\\\/\\\/bbqentertainment.com\\\/?s={search_term_string}\"},\"query-input\":{\"@type\":\"PropertyValueSpecification\",\"valueRequired\":true,\"valueName\":\"search_term_string\"}}],\"inLanguage\":\"en-US\"},{\"@type\":\"Organization\",\"@id\":\"https:\\\/\\\/bbqentertainment.com\\\/#organization\",\"name\":\"BBQ Entertainment O\u00dc\",\"url\":\"https:\\\/\\\/bbqentertainment.com\\\/\",\"logo\":{\"@type\":\"ImageObject\",\"inLanguage\":\"en-US\",\"@id\":\"https:\\\/\\\/bbqentertainment.com\\\/#\\\/schema\\\/logo\\\/image\\\/\",\"url\":\"https:\\\/\\\/bbqentertainment.com\\\/wp-content\\\/uploads\\\/2020\\\/04\\\/BBQ-Entertainment-N-Catering-Enn-Tobreluts-Logo.png\",\"contentUrl\":\"https:\\\/\\\/bbqentertainment.com\\\/wp-content\\\/uploads\\\/2020\\\/04\\\/BBQ-Entertainment-N-Catering-Enn-Tobreluts-Logo.png\",\"width\":628,\"height\":266,\"caption\":\"BBQ Entertainment O\u00dc\"},\"image\":{\"@id\":\"https:\\\/\\\/bbqentertainment.com\\\/#\\\/schema\\\/logo\\\/image\\\/\"},\"sameAs\":[\"https:\\\/\\\/www.facebook.com\\\/BBQ-Entertainment-N-Catering-2437913376443540\",\"https:\\\/\\\/www.instagram.com\\\/bbqentertainmentncatering\\\/\",\"https:\\\/\\\/www.youtube.com\\\/channel\\\/UCmpuANQVhLy2Md8nrenp2jA\"]}]}<\/script>\n<!-- \/ Yoast SEO plugin. -->","yoast_head_json":{"title":"Kamado Joe \u00ae tugevdatud terasest pintseldamisn\u00f5u pintsliga - BBQ Entertainment","robots":{"index":"index","follow":"follow","max-snippet":"max-snippet:-1","max-image-preview":"max-image-preview:large","max-video-preview":"max-video-preview:-1"},"canonical":"https:\/\/bbqentertainment.com\/toode\/kamado-joe-tugevdatud-terasest-pintseldamisnou-pintsliga\/","og_locale":"en_US","og_type":"article","og_title":"Kamado Joe \u00ae tugevdatud terasest pintseldamisn\u00f5u pintsliga - BBQ Entertainment","og_description":"Kamado Joe \u00ae tugevdatud terasest pintseldamisn\u00f5u pintsliga Kamado Joe terasest pintseldamisn\u00f5u on m\u00f5eldud v\u00f5i sulatamiseks ja kastmete soojendamiseks otse grillil. N\u00f5u talub kuumust kuni 120 \u00b0C. Komplekti kuuluv silikoonpintsliga kaas t\u00f6\u00f6tab nii katte kui ka pintseldamisvahendina. \u00d5hukindel lisakaas aitab \u00fcle j\u00e4\u00e4nud kastmeid k\u00fclmikus s\u00e4ilitada. N\u00f5u mahutavus on 1 liiter. Silikoonist k\u00e4epidemekatted aitavad n\u00f5ud mugavamalt k\u00e4sitseda. Pintseldamisn\u00f5u on n\u00f5udepesumasinas pestav.","og_url":"https:\/\/bbqentertainment.com\/toode\/kamado-joe-tugevdatud-terasest-pintseldamisnou-pintsliga\/","og_site_name":"BBQ Entertainment","article_publisher":"https:\/\/www.facebook.com\/BBQ-Entertainment-N-Catering-2437913376443540","article_modified_time":"2026-05-06T12:31:35+00:00","og_image":[{"width":2000,"height":2000,"url":"https:\/\/bbqentertainment.com\/wp-content\/uploads\/2026\/05\/KJ15184626_01_Hero_Etail.webp","type":"image\/webp"}],"twitter_card":"summary_large_image","twitter_misc":{"Est. reading time":"1 minute"},"schema":{"@context":"https:\/\/schema.org","@graph":[{"@type":["WebPage","ItemPage"],"@id":"https:\/\/bbqentertainment.com\/toode\/kamado-joe-tugevdatud-terasest-pintseldamisnou-pintsliga\/","url":"https:\/\/bbqentertainment.com\/toode\/kamado-joe-tugevdatud-terasest-pintseldamisnou-pintsliga\/","name":"Kamado Joe \u00ae tugevdatud terasest pintseldamisn\u00f5u pintsliga - BBQ Entertainment","isPartOf":{"@id":"https:\/\/bbqentertainment.com\/#website"},"primaryImageOfPage":{"@id":"https:\/\/bbqentertainment.com\/toode\/kamado-joe-tugevdatud-terasest-pintseldamisnou-pintsliga\/#primaryimage"},"image":{"@id":"https:\/\/bbqentertainment.com\/toode\/kamado-joe-tugevdatud-terasest-pintseldamisnou-pintsliga\/#primaryimage"},"thumbnailUrl":"https:\/\/bbqentertainment.com\/wp-content\/uploads\/2026\/05\/KJ15184626_01_Hero_Etail.webp","datePublished":"2026-05-06T11:59:10+00:00","dateModified":"2026-05-06T12:31:35+00:00","breadcrumb":{"@id":"https:\/\/bbqentertainment.com\/toode\/kamado-joe-tugevdatud-terasest-pintseldamisnou-pintsliga\/#breadcrumb"},"inLanguage":"en-US","potentialAction":[{"@type":"ReadAction","target":["https:\/\/bbqentertainment.com\/toode\/kamado-joe-tugevdatud-terasest-pintseldamisnou-pintsliga\/"]}]},{"@type":"ImageObject","inLanguage":"en-US","@id":"https:\/\/bbqentertainment.com\/toode\/kamado-joe-tugevdatud-terasest-pintseldamisnou-pintsliga\/#primaryimage","url":"https:\/\/bbqentertainment.com\/wp-content\/uploads\/2026\/05\/KJ15184626_01_Hero_Etail.webp","contentUrl":"https:\/\/bbqentertainment.com\/wp-content\/uploads\/2026\/05\/KJ15184626_01_Hero_Etail.webp","width":2000,"height":2000},{"@type":"BreadcrumbList","@id":"https:\/\/bbqentertainment.com\/toode\/kamado-joe-tugevdatud-terasest-pintseldamisnou-pintsliga\/#breadcrumb","itemListElement":[{"@type":"ListItem","position":1,"name":"AVALEHT","item":"https:\/\/bbqentertainment.com\/en\/"},{"@type":"ListItem","position":2,"name":"Tooted","item":"https:\/\/bbqentertainment.com\/tooted\/"},{"@type":"ListItem","position":3,"name":"Lisatarvikud","item":"https:\/\/bbqentertainment.com\/tootekategooria\/lisatarvikud\/"},{"@type":"ListItem","position":4,"name":"GRILLITARVIKUD","item":"https:\/\/bbqentertainment.com\/tootekategooria\/lisatarvikud\/grillitarvikud\/"},{"@type":"ListItem","position":5,"name":"Kamado Joe \u00ae tugevdatud terasest pintseldamisn\u00f5u pintsliga"}]},{"@type":"WebSite","@id":"https:\/\/bbqentertainment.com\/#website","url":"https:\/\/bbqentertainment.com\/","name":"BBQ Entertainment","description":"BBQ is a great lifestyle, not just fun!","publisher":{"@id":"https:\/\/bbqentertainment.com\/#organization"},"potentialAction":[{"@type":"SearchAction","target":{"@type":"EntryPoint","urlTemplate":"https:\/\/bbqentertainment.com\/?s={search_term_string}"},"query-input":{"@type":"PropertyValueSpecification","valueRequired":true,"valueName":"search_term_string"}}],"inLanguage":"en-US"},{"@type":"Organization","@id":"https:\/\/bbqentertainment.com\/#organization","name":"BBQ Entertainment O\u00dc","url":"https:\/\/bbqentertainment.com\/","logo":{"@type":"ImageObject","inLanguage":"en-US","@id":"https:\/\/bbqentertainment.com\/#\/schema\/logo\/image\/","url":"https:\/\/bbqentertainment.com\/wp-content\/uploads\/2020\/04\/BBQ-Entertainment-N-Catering-Enn-Tobreluts-Logo.png","contentUrl":"https:\/\/bbqentertainment.com\/wp-content\/uploads\/2020\/04\/BBQ-Entertainment-N-Catering-Enn-Tobreluts-Logo.png","width":628,"height":266,"caption":"BBQ Entertainment O\u00dc"},"image":{"@id":"https:\/\/bbqentertainment.com\/#\/schema\/logo\/image\/"},"sameAs":["https:\/\/www.facebook.com\/BBQ-Entertainment-N-Catering-2437913376443540","https:\/\/www.instagram.com\/bbqentertainmentncatering\/","https:\/\/www.youtube.com\/channel\/UCmpuANQVhLy2Md8nrenp2jA"]}]}},"_links":{"self":[{"href":"https:\/\/bbqentertainment.com\/en\/wp-json\/wp\/v2\/product\/258744","targetHints":{"allow":["GET"]}}],"collection":[{"href":"https:\/\/bbqentertainment.com\/en\/wp-json\/wp\/v2\/product"}],"about":[{"href":"https:\/\/bbqentertainment.com\/en\/wp-json\/wp\/v2\/types\/product"}],"wp:featuredmedia":[{"embeddable":true,"href":"https:\/\/bbqentertainment.com\/en\/wp-json\/wp\/v2\/media\/258745"}],"wp:attachment":[{"href":"https:\/\/bbqentertainment.com\/en\/wp-json\/wp\/v2\/media?parent=258744"}],"wp:term":[{"taxonomy":"product_brand","embeddable":true,"href":"https:\/\/bbqentertainment.com\/en\/wp-json\/wp\/v2\/product_brand?post=258744"},{"taxonomy":"product_cat","embeddable":true,"href":"https:\/\/bbqentertainment.com\/en\/wp-json\/wp\/v2\/product_cat?post=258744"},{"taxonomy":"product_tag","embeddable":true,"href":"https:\/\/bbqentertainment.com\/en\/wp-json\/wp\/v2\/product_tag?post=258744"}],"curies":[{"name":"wp","href":"https:\/\/api.w.org\/{rel}","templated":true}]}}