{"id":258784,"date":"2026-05-06T18:41:04","date_gmt":"2026-05-06T15:41:04","guid":{"rendered":"https:\/\/bbqentertainment.com\/?post_type=product&#038;p=258784"},"modified":"2026-05-06T19:16:32","modified_gmt":"2026-05-06T16:16:32","slug":"broilchef-paramount-540-gaasigrillide-ilmastikukindel-kate","status":"publish","type":"product","link":"https:\/\/bbqentertainment.com\/en\/toode\/broilchef-paramount-540-gaasigrillide-ilmastikukindel-kate\/","title":{"rendered":"BroilChef Paramount 540 gaasigrillide ilmastikukindel kate"},"content":{"rendered":"","protected":false},"excerpt":{"rendered":"<h3><strong> BroilChef Paramount 540 gaasigrillide ilmastikukindel kate<\/strong><\/h3>\n<p data-start=\"283\" data-end=\"579\">Kate on valmistatud tugevast ja ilmastikukindlast materjalist, mis kaitseb grilli vihma, lume, UV-kiirguse ning tolmu eest. T\u00e4nu veekindlale pinnale ei p\u00e4\u00e4se niiskus grilli sisse, aidates ennetada roostet ja pikendades seadme eluiga. Samal ajal on materjal hingav, v\u00e4ltides kondensatsiooni teket.<\/p>\n<p data-start=\"581\" data-end=\"760\">Praktiline disain koos kinnituss\u00fcsteemiga hoiab katte kindlalt paigal ka tuulistes oludes.<\/p>\n","protected":false},"featured_media":258785,"template":"","meta":{"inline_featured_image":false},"product_brand":[],"product_cat":[750,92],"product_tag":[],"class_list":{"0":"post-258784","1":"product","2":"type-product","3":"status-publish","4":"has-post-thumbnail","6":"product_cat-broilchef-gaasigrillid","7":"product_cat-lisatarvikud","9":"first","10":"instock","11":"taxable","12":"shipping-taxable","13":"purchasable","14":"product-type-simple"},"yoast_head":"<!-- This site is optimized with the Yoast SEO plugin v27.4 - https:\/\/yoast.com\/product\/yoast-seo-wordpress\/ -->\n<title>BroilChef Paramount 540 gaasigrillide ilmastikukindel kate - BBQ Entertainment<\/title>\n<meta name=\"robots\" content=\"index, follow, max-snippet:-1, max-image-preview:large, max-video-preview:-1\" \/>\n<link rel=\"canonical\" href=\"https:\/\/bbqentertainment.com\/toode\/broilchef-paramount-540-gaasigrillide-ilmastikukindel-kate\/\" \/>\n<meta property=\"og:locale\" content=\"en_US\" \/>\n<meta property=\"og:type\" content=\"article\" \/>\n<meta property=\"og:title\" content=\"BroilChef Paramount 540 gaasigrillide ilmastikukindel kate - BBQ Entertainment\" \/>\n<meta property=\"og:description\" content=\"BroilChef Paramount 540 gaasigrillide ilmastikukindel kate Kate on valmistatud tugevast ja ilmastikukindlast materjalist, mis kaitseb grilli vihma, lume, UV-kiirguse ning tolmu eest. T\u00e4nu veekindlale pinnale ei p\u00e4\u00e4se niiskus grilli sisse, aidates ennetada roostet ja pikendades seadme eluiga. Samal ajal on materjal hingav, v\u00e4ltides kondensatsiooni teket. Praktiline disain koos kinnituss\u00fcsteemiga hoiab katte kindlalt paigal ka tuulistes oludes.\" \/>\n<meta property=\"og:url\" content=\"https:\/\/bbqentertainment.com\/toode\/broilchef-paramount-540-gaasigrillide-ilmastikukindel-kate\/\" \/>\n<meta property=\"og:site_name\" content=\"BBQ Entertainment\" \/>\n<meta property=\"article:publisher\" content=\"https:\/\/www.facebook.com\/BBQ-Entertainment-N-Catering-2437913376443540\" \/>\n<meta property=\"article:modified_time\" content=\"2026-05-06T16:16:32+00:00\" \/>\n<meta property=\"og:image\" content=\"https:\/\/bbqentertainment.com\/wp-content\/uploads\/2026\/05\/BroilChef-grillikate.png\" \/>\n\t<meta property=\"og:image:width\" content=\"1200\" \/>\n\t<meta property=\"og:image:height\" content=\"1200\" \/>\n\t<meta property=\"og:image:type\" content=\"image\/png\" \/>\n<meta name=\"twitter:card\" content=\"summary_large_image\" \/>\n<meta name=\"twitter:label1\" content=\"Est. reading time\" \/>\n\t<meta name=\"twitter:data1\" content=\"1 minute\" \/>\n<script type=\"application\/ld+json\" class=\"yoast-schema-graph\">{\"@context\":\"https:\\\/\\\/schema.org\",\"@graph\":[{\"@type\":[\"WebPage\",\"ItemPage\"],\"@id\":\"https:\\\/\\\/bbqentertainment.com\\\/toode\\\/broilchef-paramount-540-gaasigrillide-ilmastikukindel-kate\\\/\",\"url\":\"https:\\\/\\\/bbqentertainment.com\\\/toode\\\/broilchef-paramount-540-gaasigrillide-ilmastikukindel-kate\\\/\",\"name\":\"BroilChef Paramount 540 gaasigrillide ilmastikukindel kate - BBQ Entertainment\",\"isPartOf\":{\"@id\":\"https:\\\/\\\/bbqentertainment.com\\\/#website\"},\"primaryImageOfPage\":{\"@id\":\"https:\\\/\\\/bbqentertainment.com\\\/toode\\\/broilchef-paramount-540-gaasigrillide-ilmastikukindel-kate\\\/#primaryimage\"},\"image\":{\"@id\":\"https:\\\/\\\/bbqentertainment.com\\\/toode\\\/broilchef-paramount-540-gaasigrillide-ilmastikukindel-kate\\\/#primaryimage\"},\"thumbnailUrl\":\"https:\\\/\\\/bbqentertainment.com\\\/wp-content\\\/uploads\\\/2026\\\/05\\\/BroilChef-grillikate.png\",\"datePublished\":\"2026-05-06T15:41:04+00:00\",\"dateModified\":\"2026-05-06T16:16:32+00:00\",\"breadcrumb\":{\"@id\":\"https:\\\/\\\/bbqentertainment.com\\\/toode\\\/broilchef-paramount-540-gaasigrillide-ilmastikukindel-kate\\\/#breadcrumb\"},\"inLanguage\":\"en-US\",\"potentialAction\":[{\"@type\":\"ReadAction\",\"target\":[\"https:\\\/\\\/bbqentertainment.com\\\/toode\\\/broilchef-paramount-540-gaasigrillide-ilmastikukindel-kate\\\/\"]}]},{\"@type\":\"ImageObject\",\"inLanguage\":\"en-US\",\"@id\":\"https:\\\/\\\/bbqentertainment.com\\\/toode\\\/broilchef-paramount-540-gaasigrillide-ilmastikukindel-kate\\\/#primaryimage\",\"url\":\"https:\\\/\\\/bbqentertainment.com\\\/wp-content\\\/uploads\\\/2026\\\/05\\\/BroilChef-grillikate.png\",\"contentUrl\":\"https:\\\/\\\/bbqentertainment.com\\\/wp-content\\\/uploads\\\/2026\\\/05\\\/BroilChef-grillikate.png\",\"width\":1200,\"height\":1200},{\"@type\":\"BreadcrumbList\",\"@id\":\"https:\\\/\\\/bbqentertainment.com\\\/toode\\\/broilchef-paramount-540-gaasigrillide-ilmastikukindel-kate\\\/#breadcrumb\",\"itemListElement\":[{\"@type\":\"ListItem\",\"position\":1,\"name\":\"AVALEHT\",\"item\":\"https:\\\/\\\/bbqentertainment.com\\\/en\\\/\"},{\"@type\":\"ListItem\",\"position\":2,\"name\":\"Tooted\",\"item\":\"https:\\\/\\\/bbqentertainment.com\\\/tooted\\\/\"},{\"@type\":\"ListItem\",\"position\":3,\"name\":\"Grillid ja ahjud\",\"item\":\"https:\\\/\\\/bbqentertainment.com\\\/tootekategooria\\\/grillid-ja-ahjud\\\/\"},{\"@type\":\"ListItem\",\"position\":4,\"name\":\"BroilChef\",\"item\":\"https:\\\/\\\/bbqentertainment.com\\\/tootekategooria\\\/grillid-ja-ahjud\\\/broilchef-gaasigrillid\\\/\"},{\"@type\":\"ListItem\",\"position\":5,\"name\":\"BroilChef Paramount 540 gaasigrillide ilmastikukindel kate\"}]},{\"@type\":\"WebSite\",\"@id\":\"https:\\\/\\\/bbqentertainment.com\\\/#website\",\"url\":\"https:\\\/\\\/bbqentertainment.com\\\/\",\"name\":\"BBQ Entertainment\",\"description\":\"BBQ is a great lifestyle, not just fun!\",\"publisher\":{\"@id\":\"https:\\\/\\\/bbqentertainment.com\\\/#organization\"},\"potentialAction\":[{\"@type\":\"SearchAction\",\"target\":{\"@type\":\"EntryPoint\",\"urlTemplate\":\"https:\\\/\\\/bbqentertainment.com\\\/?s={search_term_string}\"},\"query-input\":{\"@type\":\"PropertyValueSpecification\",\"valueRequired\":true,\"valueName\":\"search_term_string\"}}],\"inLanguage\":\"en-US\"},{\"@type\":\"Organization\",\"@id\":\"https:\\\/\\\/bbqentertainment.com\\\/#organization\",\"name\":\"BBQ Entertainment O\u00dc\",\"url\":\"https:\\\/\\\/bbqentertainment.com\\\/\",\"logo\":{\"@type\":\"ImageObject\",\"inLanguage\":\"en-US\",\"@id\":\"https:\\\/\\\/bbqentertainment.com\\\/#\\\/schema\\\/logo\\\/image\\\/\",\"url\":\"https:\\\/\\\/bbqentertainment.com\\\/wp-content\\\/uploads\\\/2020\\\/04\\\/BBQ-Entertainment-N-Catering-Enn-Tobreluts-Logo.png\",\"contentUrl\":\"https:\\\/\\\/bbqentertainment.com\\\/wp-content\\\/uploads\\\/2020\\\/04\\\/BBQ-Entertainment-N-Catering-Enn-Tobreluts-Logo.png\",\"width\":628,\"height\":266,\"caption\":\"BBQ Entertainment O\u00dc\"},\"image\":{\"@id\":\"https:\\\/\\\/bbqentertainment.com\\\/#\\\/schema\\\/logo\\\/image\\\/\"},\"sameAs\":[\"https:\\\/\\\/www.facebook.com\\\/BBQ-Entertainment-N-Catering-2437913376443540\",\"https:\\\/\\\/www.instagram.com\\\/bbqentertainmentncatering\\\/\",\"https:\\\/\\\/www.youtube.com\\\/channel\\\/UCmpuANQVhLy2Md8nrenp2jA\"]}]}<\/script>\n<!-- \/ Yoast SEO plugin. -->","yoast_head_json":{"title":"BroilChef Paramount 540 gaasigrillide ilmastikukindel kate - BBQ Entertainment","robots":{"index":"index","follow":"follow","max-snippet":"max-snippet:-1","max-image-preview":"max-image-preview:large","max-video-preview":"max-video-preview:-1"},"canonical":"https:\/\/bbqentertainment.com\/toode\/broilchef-paramount-540-gaasigrillide-ilmastikukindel-kate\/","og_locale":"en_US","og_type":"article","og_title":"BroilChef Paramount 540 gaasigrillide ilmastikukindel kate - BBQ Entertainment","og_description":"BroilChef Paramount 540 gaasigrillide ilmastikukindel kate Kate on valmistatud tugevast ja ilmastikukindlast materjalist, mis kaitseb grilli vihma, lume, UV-kiirguse ning tolmu eest. T\u00e4nu veekindlale pinnale ei p\u00e4\u00e4se niiskus grilli sisse, aidates ennetada roostet ja pikendades seadme eluiga. Samal ajal on materjal hingav, v\u00e4ltides kondensatsiooni teket. Praktiline disain koos kinnituss\u00fcsteemiga hoiab katte kindlalt paigal ka tuulistes oludes.","og_url":"https:\/\/bbqentertainment.com\/toode\/broilchef-paramount-540-gaasigrillide-ilmastikukindel-kate\/","og_site_name":"BBQ Entertainment","article_publisher":"https:\/\/www.facebook.com\/BBQ-Entertainment-N-Catering-2437913376443540","article_modified_time":"2026-05-06T16:16:32+00:00","og_image":[{"width":1200,"height":1200,"url":"https:\/\/bbqentertainment.com\/wp-content\/uploads\/2026\/05\/BroilChef-grillikate.png","type":"image\/png"}],"twitter_card":"summary_large_image","twitter_misc":{"Est. reading time":"1 minute"},"schema":{"@context":"https:\/\/schema.org","@graph":[{"@type":["WebPage","ItemPage"],"@id":"https:\/\/bbqentertainment.com\/toode\/broilchef-paramount-540-gaasigrillide-ilmastikukindel-kate\/","url":"https:\/\/bbqentertainment.com\/toode\/broilchef-paramount-540-gaasigrillide-ilmastikukindel-kate\/","name":"BroilChef Paramount 540 gaasigrillide ilmastikukindel kate - BBQ Entertainment","isPartOf":{"@id":"https:\/\/bbqentertainment.com\/#website"},"primaryImageOfPage":{"@id":"https:\/\/bbqentertainment.com\/toode\/broilchef-paramount-540-gaasigrillide-ilmastikukindel-kate\/#primaryimage"},"image":{"@id":"https:\/\/bbqentertainment.com\/toode\/broilchef-paramount-540-gaasigrillide-ilmastikukindel-kate\/#primaryimage"},"thumbnailUrl":"https:\/\/bbqentertainment.com\/wp-content\/uploads\/2026\/05\/BroilChef-grillikate.png","datePublished":"2026-05-06T15:41:04+00:00","dateModified":"2026-05-06T16:16:32+00:00","breadcrumb":{"@id":"https:\/\/bbqentertainment.com\/toode\/broilchef-paramount-540-gaasigrillide-ilmastikukindel-kate\/#breadcrumb"},"inLanguage":"en-US","potentialAction":[{"@type":"ReadAction","target":["https:\/\/bbqentertainment.com\/toode\/broilchef-paramount-540-gaasigrillide-ilmastikukindel-kate\/"]}]},{"@type":"ImageObject","inLanguage":"en-US","@id":"https:\/\/bbqentertainment.com\/toode\/broilchef-paramount-540-gaasigrillide-ilmastikukindel-kate\/#primaryimage","url":"https:\/\/bbqentertainment.com\/wp-content\/uploads\/2026\/05\/BroilChef-grillikate.png","contentUrl":"https:\/\/bbqentertainment.com\/wp-content\/uploads\/2026\/05\/BroilChef-grillikate.png","width":1200,"height":1200},{"@type":"BreadcrumbList","@id":"https:\/\/bbqentertainment.com\/toode\/broilchef-paramount-540-gaasigrillide-ilmastikukindel-kate\/#breadcrumb","itemListElement":[{"@type":"ListItem","position":1,"name":"AVALEHT","item":"https:\/\/bbqentertainment.com\/en\/"},{"@type":"ListItem","position":2,"name":"Tooted","item":"https:\/\/bbqentertainment.com\/tooted\/"},{"@type":"ListItem","position":3,"name":"Grillid ja ahjud","item":"https:\/\/bbqentertainment.com\/tootekategooria\/grillid-ja-ahjud\/"},{"@type":"ListItem","position":4,"name":"BroilChef","item":"https:\/\/bbqentertainment.com\/tootekategooria\/grillid-ja-ahjud\/broilchef-gaasigrillid\/"},{"@type":"ListItem","position":5,"name":"BroilChef Paramount 540 gaasigrillide ilmastikukindel kate"}]},{"@type":"WebSite","@id":"https:\/\/bbqentertainment.com\/#website","url":"https:\/\/bbqentertainment.com\/","name":"BBQ Entertainment","description":"BBQ is a great lifestyle, not just fun!","publisher":{"@id":"https:\/\/bbqentertainment.com\/#organization"},"potentialAction":[{"@type":"SearchAction","target":{"@type":"EntryPoint","urlTemplate":"https:\/\/bbqentertainment.com\/?s={search_term_string}"},"query-input":{"@type":"PropertyValueSpecification","valueRequired":true,"valueName":"search_term_string"}}],"inLanguage":"en-US"},{"@type":"Organization","@id":"https:\/\/bbqentertainment.com\/#organization","name":"BBQ Entertainment O\u00dc","url":"https:\/\/bbqentertainment.com\/","logo":{"@type":"ImageObject","inLanguage":"en-US","@id":"https:\/\/bbqentertainment.com\/#\/schema\/logo\/image\/","url":"https:\/\/bbqentertainment.com\/wp-content\/uploads\/2020\/04\/BBQ-Entertainment-N-Catering-Enn-Tobreluts-Logo.png","contentUrl":"https:\/\/bbqentertainment.com\/wp-content\/uploads\/2020\/04\/BBQ-Entertainment-N-Catering-Enn-Tobreluts-Logo.png","width":628,"height":266,"caption":"BBQ Entertainment O\u00dc"},"image":{"@id":"https:\/\/bbqentertainment.com\/#\/schema\/logo\/image\/"},"sameAs":["https:\/\/www.facebook.com\/BBQ-Entertainment-N-Catering-2437913376443540","https:\/\/www.instagram.com\/bbqentertainmentncatering\/","https:\/\/www.youtube.com\/channel\/UCmpuANQVhLy2Md8nrenp2jA"]}]}},"_links":{"self":[{"href":"https:\/\/bbqentertainment.com\/en\/wp-json\/wp\/v2\/product\/258784","targetHints":{"allow":["GET"]}}],"collection":[{"href":"https:\/\/bbqentertainment.com\/en\/wp-json\/wp\/v2\/product"}],"about":[{"href":"https:\/\/bbqentertainment.com\/en\/wp-json\/wp\/v2\/types\/product"}],"wp:featuredmedia":[{"embeddable":true,"href":"https:\/\/bbqentertainment.com\/en\/wp-json\/wp\/v2\/media\/258785"}],"wp:attachment":[{"href":"https:\/\/bbqentertainment.com\/en\/wp-json\/wp\/v2\/media?parent=258784"}],"wp:term":[{"taxonomy":"product_brand","embeddable":true,"href":"https:\/\/bbqentertainment.com\/en\/wp-json\/wp\/v2\/product_brand?post=258784"},{"taxonomy":"product_cat","embeddable":true,"href":"https:\/\/bbqentertainment.com\/en\/wp-json\/wp\/v2\/product_cat?post=258784"},{"taxonomy":"product_tag","embeddable":true,"href":"https:\/\/bbqentertainment.com\/en\/wp-json\/wp\/v2\/product_tag?post=258784"}],"curies":[{"name":"wp","href":"https:\/\/api.w.org\/{rel}","templated":true}]}}