{"id":258788,"date":"2026-05-06T18:43:53","date_gmt":"2026-05-06T15:43:53","guid":{"rendered":"https:\/\/bbqentertainment.com\/?post_type=product&#038;p=258788"},"modified":"2026-05-06T18:49:06","modified_gmt":"2026-05-06T15:49:06","slug":"broilchef-tahoe-bc-2217-gaasigrilli-ilmastikukindel-grillikate","status":"publish","type":"product","link":"https:\/\/bbqentertainment.com\/en\/toode\/broilchef-tahoe-bc-2217-gaasigrilli-ilmastikukindel-grillikate\/","title":{"rendered":"BroilChef Tahoe BC-2217 gaasigrilli ilmastikukindel grillikate"},"content":{"rendered":"","protected":false},"excerpt":{"rendered":"<h3><strong> BroilChef Tahoe BC-2217 gaasigrilli ilmastikukindel grillikate<\/strong><\/h3>\n<p data-start=\"283\" data-end=\"579\">Kate on valmistatud tugevast ja ilmastikukindlast materjalist, mis kaitseb grilli vihma, lume, UV-kiirguse ning tolmu eest. T\u00e4nu veekindlale pinnale ei p\u00e4\u00e4se niiskus grilli sisse, aidates ennetada roostet ja pikendades seadme eluiga. Samal ajal on materjal hingav, v\u00e4ltides kondensatsiooni teket.<\/p>\n<p data-start=\"581\" data-end=\"760\">Praktiline disain koos kinnituss\u00fcsteemiga hoiab katte kindlalt paigal ka tuulistes oludes.<\/p>\n","protected":false},"featured_media":258789,"template":"","meta":{"inline_featured_image":false},"product_brand":[],"product_cat":[750,92],"product_tag":[],"class_list":{"0":"post-258788","1":"product","2":"type-product","3":"status-publish","4":"has-post-thumbnail","6":"product_cat-broilchef-gaasigrillid","7":"product_cat-lisatarvikud","9":"first","10":"instock","11":"taxable","12":"shipping-taxable","13":"purchasable","14":"product-type-simple"},"yoast_head":"<!-- This site is optimized with the Yoast SEO plugin v27.4 - https:\/\/yoast.com\/product\/yoast-seo-wordpress\/ -->\n<title>BroilChef Tahoe BC-2217 gaasigrilli ilmastikukindel grillikate - BBQ Entertainment<\/title>\n<meta name=\"robots\" content=\"index, follow, max-snippet:-1, max-image-preview:large, max-video-preview:-1\" \/>\n<link rel=\"canonical\" href=\"https:\/\/bbqentertainment.com\/toode\/broilchef-tahoe-bc-2217-gaasigrilli-ilmastikukindel-grillikate\/\" \/>\n<meta property=\"og:locale\" content=\"en_US\" \/>\n<meta property=\"og:type\" content=\"article\" \/>\n<meta property=\"og:title\" content=\"BroilChef Tahoe BC-2217 gaasigrilli ilmastikukindel grillikate - BBQ Entertainment\" \/>\n<meta property=\"og:description\" content=\"BroilChef Tahoe BC-2217 gaasigrilli ilmastikukindel grillikate Kate on valmistatud tugevast ja ilmastikukindlast materjalist, mis kaitseb grilli vihma, lume, UV-kiirguse ning tolmu eest. T\u00e4nu veekindlale pinnale ei p\u00e4\u00e4se niiskus grilli sisse, aidates ennetada roostet ja pikendades seadme eluiga. Samal ajal on materjal hingav, v\u00e4ltides kondensatsiooni teket. Praktiline disain koos kinnituss\u00fcsteemiga hoiab katte kindlalt paigal ka tuulistes oludes.\" \/>\n<meta property=\"og:url\" content=\"https:\/\/bbqentertainment.com\/toode\/broilchef-tahoe-bc-2217-gaasigrilli-ilmastikukindel-grillikate\/\" \/>\n<meta property=\"og:site_name\" content=\"BBQ Entertainment\" \/>\n<meta property=\"article:publisher\" content=\"https:\/\/www.facebook.com\/BBQ-Entertainment-N-Catering-2437913376443540\" \/>\n<meta property=\"article:modified_time\" content=\"2026-05-06T15:49:06+00:00\" \/>\n<meta property=\"og:image\" content=\"https:\/\/bbqentertainment.com\/wp-content\/uploads\/2026\/05\/BroilChef-2217-kate-gaasigrill.png\" \/>\n\t<meta property=\"og:image:width\" content=\"1200\" \/>\n\t<meta property=\"og:image:height\" content=\"1200\" \/>\n\t<meta property=\"og:image:type\" content=\"image\/png\" \/>\n<meta name=\"twitter:card\" content=\"summary_large_image\" \/>\n<meta name=\"twitter:label1\" content=\"Est. reading time\" \/>\n\t<meta name=\"twitter:data1\" content=\"1 minute\" \/>\n<script type=\"application\/ld+json\" class=\"yoast-schema-graph\">{\"@context\":\"https:\\\/\\\/schema.org\",\"@graph\":[{\"@type\":[\"WebPage\",\"ItemPage\"],\"@id\":\"https:\\\/\\\/bbqentertainment.com\\\/toode\\\/broilchef-tahoe-bc-2217-gaasigrilli-ilmastikukindel-grillikate\\\/\",\"url\":\"https:\\\/\\\/bbqentertainment.com\\\/toode\\\/broilchef-tahoe-bc-2217-gaasigrilli-ilmastikukindel-grillikate\\\/\",\"name\":\"BroilChef Tahoe BC-2217 gaasigrilli ilmastikukindel grillikate - BBQ Entertainment\",\"isPartOf\":{\"@id\":\"https:\\\/\\\/bbqentertainment.com\\\/#website\"},\"primaryImageOfPage\":{\"@id\":\"https:\\\/\\\/bbqentertainment.com\\\/toode\\\/broilchef-tahoe-bc-2217-gaasigrilli-ilmastikukindel-grillikate\\\/#primaryimage\"},\"image\":{\"@id\":\"https:\\\/\\\/bbqentertainment.com\\\/toode\\\/broilchef-tahoe-bc-2217-gaasigrilli-ilmastikukindel-grillikate\\\/#primaryimage\"},\"thumbnailUrl\":\"https:\\\/\\\/bbqentertainment.com\\\/wp-content\\\/uploads\\\/2026\\\/05\\\/BroilChef-2217-kate-gaasigrill.png\",\"datePublished\":\"2026-05-06T15:43:53+00:00\",\"dateModified\":\"2026-05-06T15:49:06+00:00\",\"breadcrumb\":{\"@id\":\"https:\\\/\\\/bbqentertainment.com\\\/toode\\\/broilchef-tahoe-bc-2217-gaasigrilli-ilmastikukindel-grillikate\\\/#breadcrumb\"},\"inLanguage\":\"en-US\",\"potentialAction\":[{\"@type\":\"ReadAction\",\"target\":[\"https:\\\/\\\/bbqentertainment.com\\\/toode\\\/broilchef-tahoe-bc-2217-gaasigrilli-ilmastikukindel-grillikate\\\/\"]}]},{\"@type\":\"ImageObject\",\"inLanguage\":\"en-US\",\"@id\":\"https:\\\/\\\/bbqentertainment.com\\\/toode\\\/broilchef-tahoe-bc-2217-gaasigrilli-ilmastikukindel-grillikate\\\/#primaryimage\",\"url\":\"https:\\\/\\\/bbqentertainment.com\\\/wp-content\\\/uploads\\\/2026\\\/05\\\/BroilChef-2217-kate-gaasigrill.png\",\"contentUrl\":\"https:\\\/\\\/bbqentertainment.com\\\/wp-content\\\/uploads\\\/2026\\\/05\\\/BroilChef-2217-kate-gaasigrill.png\",\"width\":1200,\"height\":1200},{\"@type\":\"BreadcrumbList\",\"@id\":\"https:\\\/\\\/bbqentertainment.com\\\/toode\\\/broilchef-tahoe-bc-2217-gaasigrilli-ilmastikukindel-grillikate\\\/#breadcrumb\",\"itemListElement\":[{\"@type\":\"ListItem\",\"position\":1,\"name\":\"AVALEHT\",\"item\":\"https:\\\/\\\/bbqentertainment.com\\\/en\\\/\"},{\"@type\":\"ListItem\",\"position\":2,\"name\":\"Tooted\",\"item\":\"https:\\\/\\\/bbqentertainment.com\\\/tooted\\\/\"},{\"@type\":\"ListItem\",\"position\":3,\"name\":\"Grillid ja ahjud\",\"item\":\"https:\\\/\\\/bbqentertainment.com\\\/tootekategooria\\\/grillid-ja-ahjud\\\/\"},{\"@type\":\"ListItem\",\"position\":4,\"name\":\"BroilChef\",\"item\":\"https:\\\/\\\/bbqentertainment.com\\\/tootekategooria\\\/grillid-ja-ahjud\\\/broilchef-gaasigrillid\\\/\"},{\"@type\":\"ListItem\",\"position\":5,\"name\":\"BroilChef Tahoe BC-2217 gaasigrilli ilmastikukindel grillikate\"}]},{\"@type\":\"WebSite\",\"@id\":\"https:\\\/\\\/bbqentertainment.com\\\/#website\",\"url\":\"https:\\\/\\\/bbqentertainment.com\\\/\",\"name\":\"BBQ Entertainment\",\"description\":\"BBQ is a great lifestyle, not just fun!\",\"publisher\":{\"@id\":\"https:\\\/\\\/bbqentertainment.com\\\/#organization\"},\"potentialAction\":[{\"@type\":\"SearchAction\",\"target\":{\"@type\":\"EntryPoint\",\"urlTemplate\":\"https:\\\/\\\/bbqentertainment.com\\\/?s={search_term_string}\"},\"query-input\":{\"@type\":\"PropertyValueSpecification\",\"valueRequired\":true,\"valueName\":\"search_term_string\"}}],\"inLanguage\":\"en-US\"},{\"@type\":\"Organization\",\"@id\":\"https:\\\/\\\/bbqentertainment.com\\\/#organization\",\"name\":\"BBQ Entertainment O\u00dc\",\"url\":\"https:\\\/\\\/bbqentertainment.com\\\/\",\"logo\":{\"@type\":\"ImageObject\",\"inLanguage\":\"en-US\",\"@id\":\"https:\\\/\\\/bbqentertainment.com\\\/#\\\/schema\\\/logo\\\/image\\\/\",\"url\":\"https:\\\/\\\/bbqentertainment.com\\\/wp-content\\\/uploads\\\/2020\\\/04\\\/BBQ-Entertainment-N-Catering-Enn-Tobreluts-Logo.png\",\"contentUrl\":\"https:\\\/\\\/bbqentertainment.com\\\/wp-content\\\/uploads\\\/2020\\\/04\\\/BBQ-Entertainment-N-Catering-Enn-Tobreluts-Logo.png\",\"width\":628,\"height\":266,\"caption\":\"BBQ Entertainment O\u00dc\"},\"image\":{\"@id\":\"https:\\\/\\\/bbqentertainment.com\\\/#\\\/schema\\\/logo\\\/image\\\/\"},\"sameAs\":[\"https:\\\/\\\/www.facebook.com\\\/BBQ-Entertainment-N-Catering-2437913376443540\",\"https:\\\/\\\/www.instagram.com\\\/bbqentertainmentncatering\\\/\",\"https:\\\/\\\/www.youtube.com\\\/channel\\\/UCmpuANQVhLy2Md8nrenp2jA\"]}]}<\/script>\n<!-- \/ Yoast SEO plugin. -->","yoast_head_json":{"title":"BroilChef Tahoe BC-2217 gaasigrilli ilmastikukindel grillikate - BBQ Entertainment","robots":{"index":"index","follow":"follow","max-snippet":"max-snippet:-1","max-image-preview":"max-image-preview:large","max-video-preview":"max-video-preview:-1"},"canonical":"https:\/\/bbqentertainment.com\/toode\/broilchef-tahoe-bc-2217-gaasigrilli-ilmastikukindel-grillikate\/","og_locale":"en_US","og_type":"article","og_title":"BroilChef Tahoe BC-2217 gaasigrilli ilmastikukindel grillikate - BBQ Entertainment","og_description":"BroilChef Tahoe BC-2217 gaasigrilli ilmastikukindel grillikate Kate on valmistatud tugevast ja ilmastikukindlast materjalist, mis kaitseb grilli vihma, lume, UV-kiirguse ning tolmu eest. T\u00e4nu veekindlale pinnale ei p\u00e4\u00e4se niiskus grilli sisse, aidates ennetada roostet ja pikendades seadme eluiga. Samal ajal on materjal hingav, v\u00e4ltides kondensatsiooni teket. Praktiline disain koos kinnituss\u00fcsteemiga hoiab katte kindlalt paigal ka tuulistes oludes.","og_url":"https:\/\/bbqentertainment.com\/toode\/broilchef-tahoe-bc-2217-gaasigrilli-ilmastikukindel-grillikate\/","og_site_name":"BBQ Entertainment","article_publisher":"https:\/\/www.facebook.com\/BBQ-Entertainment-N-Catering-2437913376443540","article_modified_time":"2026-05-06T15:49:06+00:00","og_image":[{"width":1200,"height":1200,"url":"https:\/\/bbqentertainment.com\/wp-content\/uploads\/2026\/05\/BroilChef-2217-kate-gaasigrill.png","type":"image\/png"}],"twitter_card":"summary_large_image","twitter_misc":{"Est. reading time":"1 minute"},"schema":{"@context":"https:\/\/schema.org","@graph":[{"@type":["WebPage","ItemPage"],"@id":"https:\/\/bbqentertainment.com\/toode\/broilchef-tahoe-bc-2217-gaasigrilli-ilmastikukindel-grillikate\/","url":"https:\/\/bbqentertainment.com\/toode\/broilchef-tahoe-bc-2217-gaasigrilli-ilmastikukindel-grillikate\/","name":"BroilChef Tahoe BC-2217 gaasigrilli ilmastikukindel grillikate - BBQ Entertainment","isPartOf":{"@id":"https:\/\/bbqentertainment.com\/#website"},"primaryImageOfPage":{"@id":"https:\/\/bbqentertainment.com\/toode\/broilchef-tahoe-bc-2217-gaasigrilli-ilmastikukindel-grillikate\/#primaryimage"},"image":{"@id":"https:\/\/bbqentertainment.com\/toode\/broilchef-tahoe-bc-2217-gaasigrilli-ilmastikukindel-grillikate\/#primaryimage"},"thumbnailUrl":"https:\/\/bbqentertainment.com\/wp-content\/uploads\/2026\/05\/BroilChef-2217-kate-gaasigrill.png","datePublished":"2026-05-06T15:43:53+00:00","dateModified":"2026-05-06T15:49:06+00:00","breadcrumb":{"@id":"https:\/\/bbqentertainment.com\/toode\/broilchef-tahoe-bc-2217-gaasigrilli-ilmastikukindel-grillikate\/#breadcrumb"},"inLanguage":"en-US","potentialAction":[{"@type":"ReadAction","target":["https:\/\/bbqentertainment.com\/toode\/broilchef-tahoe-bc-2217-gaasigrilli-ilmastikukindel-grillikate\/"]}]},{"@type":"ImageObject","inLanguage":"en-US","@id":"https:\/\/bbqentertainment.com\/toode\/broilchef-tahoe-bc-2217-gaasigrilli-ilmastikukindel-grillikate\/#primaryimage","url":"https:\/\/bbqentertainment.com\/wp-content\/uploads\/2026\/05\/BroilChef-2217-kate-gaasigrill.png","contentUrl":"https:\/\/bbqentertainment.com\/wp-content\/uploads\/2026\/05\/BroilChef-2217-kate-gaasigrill.png","width":1200,"height":1200},{"@type":"BreadcrumbList","@id":"https:\/\/bbqentertainment.com\/toode\/broilchef-tahoe-bc-2217-gaasigrilli-ilmastikukindel-grillikate\/#breadcrumb","itemListElement":[{"@type":"ListItem","position":1,"name":"AVALEHT","item":"https:\/\/bbqentertainment.com\/en\/"},{"@type":"ListItem","position":2,"name":"Tooted","item":"https:\/\/bbqentertainment.com\/tooted\/"},{"@type":"ListItem","position":3,"name":"Grillid ja ahjud","item":"https:\/\/bbqentertainment.com\/tootekategooria\/grillid-ja-ahjud\/"},{"@type":"ListItem","position":4,"name":"BroilChef","item":"https:\/\/bbqentertainment.com\/tootekategooria\/grillid-ja-ahjud\/broilchef-gaasigrillid\/"},{"@type":"ListItem","position":5,"name":"BroilChef Tahoe BC-2217 gaasigrilli ilmastikukindel grillikate"}]},{"@type":"WebSite","@id":"https:\/\/bbqentertainment.com\/#website","url":"https:\/\/bbqentertainment.com\/","name":"BBQ Entertainment","description":"BBQ is a great lifestyle, not just fun!","publisher":{"@id":"https:\/\/bbqentertainment.com\/#organization"},"potentialAction":[{"@type":"SearchAction","target":{"@type":"EntryPoint","urlTemplate":"https:\/\/bbqentertainment.com\/?s={search_term_string}"},"query-input":{"@type":"PropertyValueSpecification","valueRequired":true,"valueName":"search_term_string"}}],"inLanguage":"en-US"},{"@type":"Organization","@id":"https:\/\/bbqentertainment.com\/#organization","name":"BBQ Entertainment O\u00dc","url":"https:\/\/bbqentertainment.com\/","logo":{"@type":"ImageObject","inLanguage":"en-US","@id":"https:\/\/bbqentertainment.com\/#\/schema\/logo\/image\/","url":"https:\/\/bbqentertainment.com\/wp-content\/uploads\/2020\/04\/BBQ-Entertainment-N-Catering-Enn-Tobreluts-Logo.png","contentUrl":"https:\/\/bbqentertainment.com\/wp-content\/uploads\/2020\/04\/BBQ-Entertainment-N-Catering-Enn-Tobreluts-Logo.png","width":628,"height":266,"caption":"BBQ Entertainment O\u00dc"},"image":{"@id":"https:\/\/bbqentertainment.com\/#\/schema\/logo\/image\/"},"sameAs":["https:\/\/www.facebook.com\/BBQ-Entertainment-N-Catering-2437913376443540","https:\/\/www.instagram.com\/bbqentertainmentncatering\/","https:\/\/www.youtube.com\/channel\/UCmpuANQVhLy2Md8nrenp2jA"]}]}},"_links":{"self":[{"href":"https:\/\/bbqentertainment.com\/en\/wp-json\/wp\/v2\/product\/258788","targetHints":{"allow":["GET"]}}],"collection":[{"href":"https:\/\/bbqentertainment.com\/en\/wp-json\/wp\/v2\/product"}],"about":[{"href":"https:\/\/bbqentertainment.com\/en\/wp-json\/wp\/v2\/types\/product"}],"wp:featuredmedia":[{"embeddable":true,"href":"https:\/\/bbqentertainment.com\/en\/wp-json\/wp\/v2\/media\/258789"}],"wp:attachment":[{"href":"https:\/\/bbqentertainment.com\/en\/wp-json\/wp\/v2\/media?parent=258788"}],"wp:term":[{"taxonomy":"product_brand","embeddable":true,"href":"https:\/\/bbqentertainment.com\/en\/wp-json\/wp\/v2\/product_brand?post=258788"},{"taxonomy":"product_cat","embeddable":true,"href":"https:\/\/bbqentertainment.com\/en\/wp-json\/wp\/v2\/product_cat?post=258788"},{"taxonomy":"product_tag","embeddable":true,"href":"https:\/\/bbqentertainment.com\/en\/wp-json\/wp\/v2\/product_tag?post=258788"}],"curies":[{"name":"wp","href":"https:\/\/api.w.org\/{rel}","templated":true}]}}