{"id":2611,"date":"2020-05-06T07:14:37","date_gmt":"2020-05-06T04:14:37","guid":{"rendered":"https:\/\/bbqentertainment.com\/?post_type=product&#038;p=2611"},"modified":"2026-03-08T21:06:03","modified_gmt":"2026-03-08T19:06:03","slug":"hub-vardaga-everdure","status":"publish","type":"product","link":"https:\/\/bbqentertainment.com\/en\/toode\/hub-vardaga-everdure\/","title":{"rendered":"HUB\u2122 vardaga s\u00f6egrill &#8211; Everdure by Heston Blumenthal"},"content":{"rendered":"","protected":false},"excerpt":{"rendered":"<h3><strong>HUB\u2122 vardaga s\u00f6egrill (elektrilise automaats\u00fc\u00fctega) \u2013 Everdure by Heston Blumenthal<\/strong><\/h3>\n<div class=\"accordion\"> \t<div id=\"accordion-174543884\" class=\"accordion-item\">\n\t\t<a id=\"accordion-174543884-label\" class=\"accordion-title plain\" href=\"#accordion-item-tehniline-info-\" aria-expanded=\"false\" aria-controls=\"accordion-174543884-content\">\n\t\t\t<button class=\"toggle\" aria-label=\"Toggle\"><i class=\"icon-angle-down\" aria-hidden=\"true\"><\/i><\/button>\n\t\t\t<span>Tehniline info <\/span>\n\t\t<\/a>\n\t\t<div id=\"accordion-174543884-content\" class=\"accordion-inner\" aria-labelledby=\"accordion-174543884-label\">\n\t\t\t\n<ul>\n<li>Rotiscope Technology\u2122 \u2013 patent pending rotisserie system<\/li>\n<li>Integrated retractable rotisserie poles with adjustable heights<\/li>\n<li>Internal motor (40kg rated capacity)<\/li>\n<li>Design patented rotisserie rod and Cliplock ForksTM (4 Cliplock ForksTM)<\/li>\n<li>Fast Flame Ignition SystemTM \u2013 9 minute ignition with integrated electric element<\/li>\n<li>Set &amp; Forget electronic control with audio<\/li>\n<li>Includes overheat protection for additional safety<\/li>\n<li>Cooking area: 3321cm2<\/li>\n<li>Integrated retractable power cord (1.5m)<\/li>\n<li>Internal storage solution for rod and Cliplock ForksTM<\/li>\n<li>Porcelain enamel firebox and charcoal tray<\/li>\n<li>Easy to clean interior<\/li>\n<li>Fully enclosed cupboard with double lined doors for storage<\/li>\n<li>Weather\/wind shield<\/li>\n<li>Cool to touch handles<\/li>\n<li>2 x lockable castors for manoeuvrability<\/li>\n<li>2 x chrome grills with integrated cool touch handles<\/li>\n<li>2 person 10 minute assembly<\/li>\n<li>Height with poles up: 1223mm \/ Height with poles down: 900mm<\/li>\n<li>Gross Weight 80kgs \/ Net Weight 78kgs<\/li>\n<li>Depth: 487mm<\/li>\n<li>Width with poles up: 1375mm \/ Width with poles down: 1365mm<\/li>\n<\/ul>\n\t\t<\/div>\n\t<\/div>\n\t \t<div id=\"accordion-1334605339\" class=\"accordion-item\">\n\t\t<a id=\"accordion-1334605339-label\" class=\"accordion-title plain\" href=\"#accordion-item-kasutusjuhend-\" aria-expanded=\"false\" aria-controls=\"accordion-1334605339-content\">\n\t\t\t<button class=\"toggle\" aria-label=\"Toggle\"><i class=\"icon-angle-down\" aria-hidden=\"true\"><\/i><\/button>\n\t\t\t<span>Kasutusjuhend <\/span>\n\t\t<\/a>\n\t\t<div id=\"accordion-1334605339-content\" class=\"accordion-inner\" aria-labelledby=\"accordion-1334605339-label\">\n\t\t\t <a href=\"https:\/\/bbqentertainment.com\/wp-content\/uploads\/2020\/06\/Manual-HUB.pdf\" target=\"\" rel=\"noopener noreferrer\">Manual HUB<\/a> \t\t<\/div>\n\t<\/div>\n\t <\/div>\n","protected":false},"featured_media":2614,"template":"","meta":{"inline_featured_image":false},"product_brand":[],"product_cat":[17,163,238],"product_tag":[],"class_list":{"0":"post-2611","1":"product","2":"type-product","3":"status-publish","4":"has-post-thumbnail","6":"product_cat-grillid-ja-ahjud","7":"product_cat-everdure-by-heston","8":"product_cat-muud-grillid-ja-ahjud","9":"product_shipping_class-ainult-ise-jarele-tulemisega","11":"first","12":"instock","13":"sale","14":"taxable","15":"shipping-taxable","16":"purchasable","17":"product-type-simple"},"yoast_head":"<!-- This site is optimized with the Yoast SEO plugin v27.4 - https:\/\/yoast.com\/product\/yoast-seo-wordpress\/ -->\n<title>HUB\u2122 vardaga s\u00f6egrill - Everdure by Heston Blumenthal - BBQ Entertainment<\/title>\n<meta name=\"robots\" content=\"index, follow, max-snippet:-1, max-image-preview:large, max-video-preview:-1\" \/>\n<link rel=\"canonical\" href=\"https:\/\/bbqentertainment.com\/toode\/hub-vardaga-everdure\/\" \/>\n<meta property=\"og:locale\" content=\"en_US\" \/>\n<meta property=\"og:type\" content=\"article\" \/>\n<meta property=\"og:title\" content=\"HUB\u2122 vardaga s\u00f6egrill - Everdure by Heston Blumenthal - BBQ Entertainment\" \/>\n<meta property=\"og:description\" content=\"HUB\u2122 vardaga s\u00f6egrill (elektrilise automaats\u00fc\u00fctega) \u2013 Everdure by Heston Blumenthal\" \/>\n<meta property=\"og:url\" content=\"https:\/\/bbqentertainment.com\/toode\/hub-vardaga-everdure\/\" \/>\n<meta property=\"og:site_name\" content=\"BBQ Entertainment\" \/>\n<meta property=\"article:publisher\" content=\"https:\/\/www.facebook.com\/BBQ-Entertainment-N-Catering-2437913376443540\" \/>\n<meta property=\"article:modified_time\" content=\"2026-03-08T19:06:03+00:00\" \/>\n<meta property=\"og:image\" content=\"https:\/\/bbqentertainment.com\/wp-content\/uploads\/2020\/05\/BBQ-Entertainement-Ncatering-Enn-Tobreluts-Everdure-by-heston-Everdure-By-Heston-t\u00f6\u00f6laud.jpg\" \/>\n\t<meta property=\"og:image:width\" content=\"1200\" \/>\n\t<meta property=\"og:image:height\" content=\"1200\" \/>\n\t<meta property=\"og:image:type\" content=\"image\/jpeg\" \/>\n<meta name=\"twitter:card\" content=\"summary_large_image\" \/>\n<meta name=\"twitter:label1\" content=\"Est. reading time\" \/>\n\t<meta name=\"twitter:data1\" content=\"1 minute\" \/>\n<script type=\"application\/ld+json\" class=\"yoast-schema-graph\">{\"@context\":\"https:\\\/\\\/schema.org\",\"@graph\":[{\"@type\":[\"WebPage\",\"ItemPage\"],\"@id\":\"https:\\\/\\\/bbqentertainment.com\\\/toode\\\/hub-vardaga-everdure\\\/\",\"url\":\"https:\\\/\\\/bbqentertainment.com\\\/toode\\\/hub-vardaga-everdure\\\/\",\"name\":\"HUB\u2122 vardaga s\u00f6egrill - Everdure by Heston Blumenthal - BBQ Entertainment\",\"isPartOf\":{\"@id\":\"https:\\\/\\\/bbqentertainment.com\\\/#website\"},\"primaryImageOfPage\":{\"@id\":\"https:\\\/\\\/bbqentertainment.com\\\/toode\\\/hub-vardaga-everdure\\\/#primaryimage\"},\"image\":{\"@id\":\"https:\\\/\\\/bbqentertainment.com\\\/toode\\\/hub-vardaga-everdure\\\/#primaryimage\"},\"thumbnailUrl\":\"https:\\\/\\\/bbqentertainment.com\\\/wp-content\\\/uploads\\\/2020\\\/05\\\/BBQ-Entertainement-Ncatering-Enn-Tobreluts-Everdure-by-heston-Everdure-By-Heston-t\u00f6\u00f6laud.jpg\",\"datePublished\":\"2020-05-06T04:14:37+00:00\",\"dateModified\":\"2026-03-08T19:06:03+00:00\",\"breadcrumb\":{\"@id\":\"https:\\\/\\\/bbqentertainment.com\\\/toode\\\/hub-vardaga-everdure\\\/#breadcrumb\"},\"inLanguage\":\"en-US\",\"potentialAction\":[{\"@type\":\"ReadAction\",\"target\":[\"https:\\\/\\\/bbqentertainment.com\\\/toode\\\/hub-vardaga-everdure\\\/\"]}]},{\"@type\":\"ImageObject\",\"inLanguage\":\"en-US\",\"@id\":\"https:\\\/\\\/bbqentertainment.com\\\/toode\\\/hub-vardaga-everdure\\\/#primaryimage\",\"url\":\"https:\\\/\\\/bbqentertainment.com\\\/wp-content\\\/uploads\\\/2020\\\/05\\\/BBQ-Entertainement-Ncatering-Enn-Tobreluts-Everdure-by-heston-Everdure-By-Heston-t\u00f6\u00f6laud.jpg\",\"contentUrl\":\"https:\\\/\\\/bbqentertainment.com\\\/wp-content\\\/uploads\\\/2020\\\/05\\\/BBQ-Entertainement-Ncatering-Enn-Tobreluts-Everdure-by-heston-Everdure-By-Heston-t\u00f6\u00f6laud.jpg\",\"width\":1200,\"height\":1200},{\"@type\":\"BreadcrumbList\",\"@id\":\"https:\\\/\\\/bbqentertainment.com\\\/toode\\\/hub-vardaga-everdure\\\/#breadcrumb\",\"itemListElement\":[{\"@type\":\"ListItem\",\"position\":1,\"name\":\"AVALEHT\",\"item\":\"https:\\\/\\\/bbqentertainment.com\\\/en\\\/\"},{\"@type\":\"ListItem\",\"position\":2,\"name\":\"Tooted\",\"item\":\"https:\\\/\\\/bbqentertainment.com\\\/tooted\\\/\"},{\"@type\":\"ListItem\",\"position\":3,\"name\":\"Grillid ja ahjud\",\"item\":\"https:\\\/\\\/bbqentertainment.com\\\/tootekategooria\\\/grillid-ja-ahjud\\\/\"},{\"@type\":\"ListItem\",\"position\":4,\"name\":\"Everdure by Heston\",\"item\":\"https:\\\/\\\/bbqentertainment.com\\\/tootekategooria\\\/grillid-ja-ahjud\\\/everdure-by-heston\\\/\"},{\"@type\":\"ListItem\",\"position\":5,\"name\":\"HUB\u2122 vardaga s\u00f6egrill &#8211; Everdure by Heston Blumenthal\"}]},{\"@type\":\"WebSite\",\"@id\":\"https:\\\/\\\/bbqentertainment.com\\\/#website\",\"url\":\"https:\\\/\\\/bbqentertainment.com\\\/\",\"name\":\"BBQ Entertainment\",\"description\":\"BBQ is a great lifestyle, not just fun!\",\"publisher\":{\"@id\":\"https:\\\/\\\/bbqentertainment.com\\\/#organization\"},\"potentialAction\":[{\"@type\":\"SearchAction\",\"target\":{\"@type\":\"EntryPoint\",\"urlTemplate\":\"https:\\\/\\\/bbqentertainment.com\\\/?s={search_term_string}\"},\"query-input\":{\"@type\":\"PropertyValueSpecification\",\"valueRequired\":true,\"valueName\":\"search_term_string\"}}],\"inLanguage\":\"en-US\"},{\"@type\":\"Organization\",\"@id\":\"https:\\\/\\\/bbqentertainment.com\\\/#organization\",\"name\":\"BBQ Entertainment O\u00dc\",\"url\":\"https:\\\/\\\/bbqentertainment.com\\\/\",\"logo\":{\"@type\":\"ImageObject\",\"inLanguage\":\"en-US\",\"@id\":\"https:\\\/\\\/bbqentertainment.com\\\/#\\\/schema\\\/logo\\\/image\\\/\",\"url\":\"https:\\\/\\\/bbqentertainment.com\\\/wp-content\\\/uploads\\\/2020\\\/04\\\/BBQ-Entertainment-N-Catering-Enn-Tobreluts-Logo.png\",\"contentUrl\":\"https:\\\/\\\/bbqentertainment.com\\\/wp-content\\\/uploads\\\/2020\\\/04\\\/BBQ-Entertainment-N-Catering-Enn-Tobreluts-Logo.png\",\"width\":628,\"height\":266,\"caption\":\"BBQ Entertainment O\u00dc\"},\"image\":{\"@id\":\"https:\\\/\\\/bbqentertainment.com\\\/#\\\/schema\\\/logo\\\/image\\\/\"},\"sameAs\":[\"https:\\\/\\\/www.facebook.com\\\/BBQ-Entertainment-N-Catering-2437913376443540\",\"https:\\\/\\\/www.instagram.com\\\/bbqentertainmentncatering\\\/\",\"https:\\\/\\\/www.youtube.com\\\/channel\\\/UCmpuANQVhLy2Md8nrenp2jA\"]}]}<\/script>\n<!-- \/ Yoast SEO plugin. -->","yoast_head_json":{"title":"HUB\u2122 vardaga s\u00f6egrill - Everdure by Heston Blumenthal - BBQ Entertainment","robots":{"index":"index","follow":"follow","max-snippet":"max-snippet:-1","max-image-preview":"max-image-preview:large","max-video-preview":"max-video-preview:-1"},"canonical":"https:\/\/bbqentertainment.com\/toode\/hub-vardaga-everdure\/","og_locale":"en_US","og_type":"article","og_title":"HUB\u2122 vardaga s\u00f6egrill - Everdure by Heston Blumenthal - BBQ Entertainment","og_description":"HUB\u2122 vardaga s\u00f6egrill (elektrilise automaats\u00fc\u00fctega) \u2013 Everdure by Heston Blumenthal","og_url":"https:\/\/bbqentertainment.com\/toode\/hub-vardaga-everdure\/","og_site_name":"BBQ Entertainment","article_publisher":"https:\/\/www.facebook.com\/BBQ-Entertainment-N-Catering-2437913376443540","article_modified_time":"2026-03-08T19:06:03+00:00","og_image":[{"width":1200,"height":1200,"url":"https:\/\/bbqentertainment.com\/wp-content\/uploads\/2020\/05\/BBQ-Entertainement-Ncatering-Enn-Tobreluts-Everdure-by-heston-Everdure-By-Heston-t\u00f6\u00f6laud.jpg","type":"image\/jpeg"}],"twitter_card":"summary_large_image","twitter_misc":{"Est. reading time":"1 minute"},"schema":{"@context":"https:\/\/schema.org","@graph":[{"@type":["WebPage","ItemPage"],"@id":"https:\/\/bbqentertainment.com\/toode\/hub-vardaga-everdure\/","url":"https:\/\/bbqentertainment.com\/toode\/hub-vardaga-everdure\/","name":"HUB\u2122 vardaga s\u00f6egrill - Everdure by Heston Blumenthal - BBQ Entertainment","isPartOf":{"@id":"https:\/\/bbqentertainment.com\/#website"},"primaryImageOfPage":{"@id":"https:\/\/bbqentertainment.com\/toode\/hub-vardaga-everdure\/#primaryimage"},"image":{"@id":"https:\/\/bbqentertainment.com\/toode\/hub-vardaga-everdure\/#primaryimage"},"thumbnailUrl":"https:\/\/bbqentertainment.com\/wp-content\/uploads\/2020\/05\/BBQ-Entertainement-Ncatering-Enn-Tobreluts-Everdure-by-heston-Everdure-By-Heston-t\u00f6\u00f6laud.jpg","datePublished":"2020-05-06T04:14:37+00:00","dateModified":"2026-03-08T19:06:03+00:00","breadcrumb":{"@id":"https:\/\/bbqentertainment.com\/toode\/hub-vardaga-everdure\/#breadcrumb"},"inLanguage":"en-US","potentialAction":[{"@type":"ReadAction","target":["https:\/\/bbqentertainment.com\/toode\/hub-vardaga-everdure\/"]}]},{"@type":"ImageObject","inLanguage":"en-US","@id":"https:\/\/bbqentertainment.com\/toode\/hub-vardaga-everdure\/#primaryimage","url":"https:\/\/bbqentertainment.com\/wp-content\/uploads\/2020\/05\/BBQ-Entertainement-Ncatering-Enn-Tobreluts-Everdure-by-heston-Everdure-By-Heston-t\u00f6\u00f6laud.jpg","contentUrl":"https:\/\/bbqentertainment.com\/wp-content\/uploads\/2020\/05\/BBQ-Entertainement-Ncatering-Enn-Tobreluts-Everdure-by-heston-Everdure-By-Heston-t\u00f6\u00f6laud.jpg","width":1200,"height":1200},{"@type":"BreadcrumbList","@id":"https:\/\/bbqentertainment.com\/toode\/hub-vardaga-everdure\/#breadcrumb","itemListElement":[{"@type":"ListItem","position":1,"name":"AVALEHT","item":"https:\/\/bbqentertainment.com\/en\/"},{"@type":"ListItem","position":2,"name":"Tooted","item":"https:\/\/bbqentertainment.com\/tooted\/"},{"@type":"ListItem","position":3,"name":"Grillid ja ahjud","item":"https:\/\/bbqentertainment.com\/tootekategooria\/grillid-ja-ahjud\/"},{"@type":"ListItem","position":4,"name":"Everdure by Heston","item":"https:\/\/bbqentertainment.com\/tootekategooria\/grillid-ja-ahjud\/everdure-by-heston\/"},{"@type":"ListItem","position":5,"name":"HUB\u2122 vardaga s\u00f6egrill &#8211; Everdure by Heston Blumenthal"}]},{"@type":"WebSite","@id":"https:\/\/bbqentertainment.com\/#website","url":"https:\/\/bbqentertainment.com\/","name":"BBQ Entertainment","description":"BBQ is a great lifestyle, not just fun!","publisher":{"@id":"https:\/\/bbqentertainment.com\/#organization"},"potentialAction":[{"@type":"SearchAction","target":{"@type":"EntryPoint","urlTemplate":"https:\/\/bbqentertainment.com\/?s={search_term_string}"},"query-input":{"@type":"PropertyValueSpecification","valueRequired":true,"valueName":"search_term_string"}}],"inLanguage":"en-US"},{"@type":"Organization","@id":"https:\/\/bbqentertainment.com\/#organization","name":"BBQ Entertainment O\u00dc","url":"https:\/\/bbqentertainment.com\/","logo":{"@type":"ImageObject","inLanguage":"en-US","@id":"https:\/\/bbqentertainment.com\/#\/schema\/logo\/image\/","url":"https:\/\/bbqentertainment.com\/wp-content\/uploads\/2020\/04\/BBQ-Entertainment-N-Catering-Enn-Tobreluts-Logo.png","contentUrl":"https:\/\/bbqentertainment.com\/wp-content\/uploads\/2020\/04\/BBQ-Entertainment-N-Catering-Enn-Tobreluts-Logo.png","width":628,"height":266,"caption":"BBQ Entertainment O\u00dc"},"image":{"@id":"https:\/\/bbqentertainment.com\/#\/schema\/logo\/image\/"},"sameAs":["https:\/\/www.facebook.com\/BBQ-Entertainment-N-Catering-2437913376443540","https:\/\/www.instagram.com\/bbqentertainmentncatering\/","https:\/\/www.youtube.com\/channel\/UCmpuANQVhLy2Md8nrenp2jA"]}]}},"_links":{"self":[{"href":"https:\/\/bbqentertainment.com\/en\/wp-json\/wp\/v2\/product\/2611","targetHints":{"allow":["GET"]}}],"collection":[{"href":"https:\/\/bbqentertainment.com\/en\/wp-json\/wp\/v2\/product"}],"about":[{"href":"https:\/\/bbqentertainment.com\/en\/wp-json\/wp\/v2\/types\/product"}],"wp:featuredmedia":[{"embeddable":true,"href":"https:\/\/bbqentertainment.com\/en\/wp-json\/wp\/v2\/media\/2614"}],"wp:attachment":[{"href":"https:\/\/bbqentertainment.com\/en\/wp-json\/wp\/v2\/media?parent=2611"}],"wp:term":[{"taxonomy":"product_brand","embeddable":true,"href":"https:\/\/bbqentertainment.com\/en\/wp-json\/wp\/v2\/product_brand?post=2611"},{"taxonomy":"product_cat","embeddable":true,"href":"https:\/\/bbqentertainment.com\/en\/wp-json\/wp\/v2\/product_cat?post=2611"},{"taxonomy":"product_tag","embeddable":true,"href":"https:\/\/bbqentertainment.com\/en\/wp-json\/wp\/v2\/product_tag?post=2611"}],"curies":[{"name":"wp","href":"https:\/\/api.w.org\/{rel}","templated":true}]}}