{"id":2740,"date":"2020-05-11T20:09:33","date_gmt":"2020-05-11T17:09:33","guid":{"rendered":"https:\/\/bbqentertainment.com\/?post_type=product&#038;p=2740"},"modified":"2026-03-05T12:35:08","modified_gmt":"2026-03-05T10:35:08","slug":"grillep-50ltr","status":"publish","type":"product","link":"https:\/\/bbqentertainment.com\/en\/toode\/grillep-50ltr\/","title":{"rendered":"GRILLEP premium suuret\u00fckiline grills\u00fcsi (lepp) 50 L kott"},"content":{"rendered":"<h1><strong>Enn Tobreluts ja Eesti Grilliliit soovitavad:<\/strong><br \/>\n<strong>GRILLMEISTRITE ja RESTORANIDE LEMMIK GRILLS\u00dcSI \u2014\u00a0GRILLEP 50 L<\/strong><\/h1>\n<h3><strong>SUURET\u00dcKILINE \u00a0\u2022 \u00a0RESTORANIKVALITEEDIGA \u00a0\u2022 \u00a0NATURAALNE LEPP \u00a0\u2022 \u00a0LISAAINETEVABA \u00a0\u2022 \u00a0J\u00c4TKUSUUTLIKEST L\u00c4TI METSADEST (FSC100%) \u00a0\u2022 \u00a0KIIRE JA LIHTNE S\u00dc\u00dcTAMINE (5-10 min) \u00a0\u2022 \u00a0\u00dcHTLANE H\u00d5\u00d5GUMINE \u00a0\u2022 \u00a0ILMA K\u00d5RVALMAITSE JA -L\u00d5HNATA<\/strong><\/h3>\n<p>Grills\u00fcsi GRILLEP 50 L on ideaalne valik nii bbq-meistritele, cateringi-firmadele, restoranidele kui ka kodukasutajatele.<\/p>\n<p>GRILLEP grills\u00f6e puhtus ja kvaliteet teevad selle sobivaks ka steigi k\u00fcpsetamiseks otse s\u00fcte sees (Enn Tobrelutsu maailmakuulus <em>dirty steak<\/em> ehk <a href=\"https:\/\/bbqentertainment.com\/tehtud\/suteshow\/\" target=\"_blank\" rel=\"noopener noreferrer\">s\u00f6esteik<\/a>).<\/p>\n<p>GRILLEP grills\u00f6el on <a href=\"https:\/\/bbqentertainment.com\/wp-content\/uploads\/2020\/09\/FSCcertificate-BBQ-Entertainment-OU-007859-v1.1.pdf\" target=\"_blank\" rel=\"noopener noreferrer\">FSC100% sertifikaat<\/a>\u00a0grills\u00f6e <a href=\"https:\/\/bbqentertainment.com\/wp-content\/uploads\/2021\/06\/Product-Schedule-FSC-BBQ-Entertainment-007859-2020-MA-Updated-22-09-2020.pdf\" target=\"_blank\" rel=\"noopener\">tootegrupis<\/a>, mis kinnitab, et grills\u00fcsi on toodetud puidust, mis on saadud j\u00e4tkusuutlikest h\u00e4stimajandatud metsadest (st see on m\u00e4rk vastutustundlikust metsandusest).<\/p>\n<p>Kasvatatud ja toodetud L\u00e4tis.<\/p>\n<p>Patendeeritud ja k\u00f5ik \u00f5igused kaitstud \u2014 BBQ Entertainment O\u00dc 2020<\/p>\n<p><a href=\"https:\/\/grillep.com\" target=\"_blank\" rel=\"noopener noreferrer\">www.grillep.com<\/a><\/p>\n","protected":false},"excerpt":{"rendered":"<h3><strong>GRILLEP premium suuret\u00fckiline grills\u00fcsi (lepp) 50 ltr kott (FSC100%)<\/strong><\/h3>\n<p><strong>GRILLMEISTRITE LEMMIK \u00a0\u2022 \u00a0<\/strong><strong>SUURET\u00dcKILINE \u00a0\u2022 \u00a0RESTORANIKVALITEEDIGA \u00a0\u2022 \u00a0NATURAALNE LEPP \u00a0\u2022 \u00a0LISAAINETEVABA \u00a0\u2022 \u00a0J\u00c4TKUSUUTLIKEST L\u00c4TI METSADEST (FSC100%) \u00a0\u2022 \u00a0KIIRE JA LIHTNE S\u00dc\u00dcTAMINE (5-10 min) \u00a0\u2022 \u00a0\u00dcHTLANE H\u00d5\u00d5GUMINE \u00a0\u2022 \u00a0ILMA K\u00d5RVALMAITSE JA -L\u00d5HNATA<\/strong><\/p>\n<p>Grills\u00fcsi GRILLEP 50 L on ideaalne valik nii bbq-meistritele, cateringi-firmadele, restoranidele kui ka kodukasutajatele. GRILLEP grills\u00f6e puhtus ja kvaliteet teevad selle sobivaks ka steigi k\u00fcpsetamiseks otse s\u00fcte sees (Enn Tobrelutsu maailmakuulus <em>dirty steak<\/em> ehk <a href=\"https:\/\/bbqentertainment.com\/tehtud\/suteshow\/\" target=\"_blank\" rel=\"noopener noreferrer\">s\u00f6esteik<\/a>). GRILLEP grills\u00f6el on <a href=\"https:\/\/bbqentertainment.com\/wp-content\/uploads\/2020\/09\/FSCcertificate-BBQ-Entertainment-OU-007859-v1.1.pdf\" target=\"_blank\" rel=\"noopener noreferrer\">FSC100% sertifikaat<\/a>\u00a0grills\u00f6e <a href=\"https:\/\/bbqentertainment.com\/wp-content\/uploads\/2021\/06\/Product-Schedule-FSC-BBQ-Entertainment-007859-2020-MA-Updated-22-09-2020.pdf\" target=\"_blank\" rel=\"noopener\">tootegrupis<\/a>, mis kinnitab, et grills\u00fcsi on toodetud puidust, mis on saadud j\u00e4tkusuutlikest h\u00e4stimajandatud metsadest (st see on m\u00e4rk vastutustundlikust metsandusest). Kasvatatud ja toodetud L\u00e4tis. Patendeeritud ja k\u00f5ik \u00f5igused kaitstud \u2014 BBQ Entertainment O\u00dc 2020 (<a href=\"https:\/\/grillep.com\" target=\"_blank\" rel=\"noopener noreferrer\">www.grillep.com<\/a>) (FSC100% certification code SA-COC-007859, Licence code FSC-C158339).<\/p>\n<div class=\"accordion\">\n\t<div id=\"accordion-1701496657\" class=\"accordion-item\">\n\t\t<a id=\"accordion-1701496657-label\" class=\"accordion-title plain\" href=\"#accordion-item-lae-alla-pdf-poster-printimiseks\" aria-expanded=\"false\" aria-controls=\"accordion-1701496657-content\">\n\t\t\t<button class=\"toggle\" aria-label=\"Toggle\"><i class=\"icon-angle-down\" aria-hidden=\"true\"><\/i><\/button>\n\t\t\t<span>Lae alla pdf poster printimiseks<\/span>\n\t\t<\/a>\n\t\t<div id=\"accordion-1701496657-content\" class=\"accordion-inner\" aria-labelledby=\"accordion-1701496657-label\">\n\t\t\t\n<a href=\"https:\/\/bbqentertainment.com\/wp-content\/uploads\/2024\/05\/Grillep_A4_EST_landscape_FSC_Apr2024-BBQ-Entertainment-OU.pdf\" target=\"_blank\" rel=\"noopener\">Grillep poster<\/a><br \/>\n\t\t<\/div>\n\t<\/div>\n\t\n\t<div id=\"accordion-3187422509\" class=\"accordion-item\">\n\t\t<a id=\"accordion-3187422509-label\" class=\"accordion-title plain\" href=\"#accordion-item-lae-alla-pdf-poster-printimiseks-inglise-keeles-\" aria-expanded=\"false\" aria-controls=\"accordion-3187422509-content\">\n\t\t\t<button class=\"toggle\" aria-label=\"Toggle\"><i class=\"icon-angle-down\" aria-hidden=\"true\"><\/i><\/button>\n\t\t\t<span>Lae alla pdf poster printimiseks inglise keeles <\/span>\n\t\t<\/a>\n\t\t<div id=\"accordion-3187422509-content\" class=\"accordion-inner\" aria-labelledby=\"accordion-3187422509-label\">\n\t\t\t\n<a href=\"https:\/\/bbqentertainment.com\/wp-content\/uploads\/2024\/05\/Grillep_A4_ENG_landscape_FSC_Apr2024-BBQ-Entertainment-OU.pdf\" target=\"_blank\" rel=\"noopener\">Grillep Poster Eng<\/a><br \/>\n\t\t<\/div>\n\t<\/div>\n\t\n\t<div id=\"accordion-199306600\" class=\"accordion-item\">\n\t\t<a id=\"accordion-199306600-label\" class=\"accordion-title plain\" href=\"#accordion-item-lae-alla-fsc100%-sertifikaat-\u2013-emthe-mark-of-responsible-forestry\/em-\" aria-expanded=\"false\" aria-controls=\"accordion-199306600-content\">\n\t\t\t<button class=\"toggle\" aria-label=\"Toggle\"><i class=\"icon-angle-down\" aria-hidden=\"true\"><\/i><\/button>\n\t\t\t<span>Lae alla FSC100% sertifikaat \u2013 <em>The mark of responsible forestry<\/em> <\/span>\n\t\t<\/a>\n\t\t<div id=\"accordion-199306600-content\" class=\"accordion-inner\" aria-labelledby=\"accordion-199306600-label\">\n\t\t\t\n<a href=\"https:\/\/bbqentertainment.com\/wp-content\/uploads\/2020\/09\/FSCcertificate-BBQ-Entertainment-OU-007859-v1.1.pdf\" target=\"_blank\" rel=\"noopener noreferrer\">FCS100% sertifikaat<\/a>\u00a0grills\u00f6e <a href=\"https:\/\/bbqentertainment.com\/wp-content\/uploads\/2021\/06\/Product-Schedule-FSC-BBQ-Entertainment-007859-2020-MA-Updated-22-09-2020.pdf\" target=\"_blank\" rel=\"noopener\">tootegrupis<\/a><br \/>\n\t\t<\/div>\n\t<\/div>\n\t\n<\/div>\n<div class=\"accordion\">\n<div class=\"accordion-item\"><\/div>\n<\/div>\n","protected":false},"featured_media":236677,"template":"","meta":{"inline_featured_image":false},"product_brand":[],"product_cat":[92,27,211],"product_tag":[],"class_list":{"0":"post-2740","1":"product","2":"type-product","3":"status-publish","4":"has-post-thumbnail","6":"product_cat-lisatarvikud","7":"product_cat-grillsusi","8":"product_cat-grillep","9":"product_shipping_class-grillsusi","11":"first","12":"instock","13":"taxable","14":"shipping-taxable","15":"purchasable","16":"product-type-simple"},"yoast_head":"<!-- This site is optimized with the Yoast SEO plugin v27.4 - https:\/\/yoast.com\/product\/yoast-seo-wordpress\/ -->\n<title>GRILLEP premium suuret\u00fckiline grills\u00fcsi (lepp) 50 L kott - BBQ Entertainment<\/title>\n<meta name=\"robots\" content=\"index, follow, max-snippet:-1, max-image-preview:large, max-video-preview:-1\" \/>\n<link rel=\"canonical\" href=\"https:\/\/bbqentertainment.com\/toode\/grillep-50ltr\/\" \/>\n<meta property=\"og:locale\" content=\"en_US\" \/>\n<meta property=\"og:type\" content=\"article\" \/>\n<meta property=\"og:title\" content=\"GRILLEP premium suuret\u00fckiline grills\u00fcsi (lepp) 50 L kott - BBQ Entertainment\" \/>\n<meta property=\"og:description\" content=\"GRILLEP premium suuret\u00fckiline grills\u00fcsi (lepp) 50 ltr kott (FSC100%) GRILLMEISTRITE LEMMIK \u00a0\u2022 \u00a0SUURET\u00dcKILINE \u00a0\u2022 \u00a0RESTORANIKVALITEEDIGA \u00a0\u2022 \u00a0NATURAALNE LEPP \u00a0\u2022 \u00a0LISAAINETEVABA \u00a0\u2022 \u00a0J\u00c4TKUSUUTLIKEST L\u00c4TI METSADEST (FSC100%) \u00a0\u2022 \u00a0KIIRE JA LIHTNE S\u00dc\u00dcTAMINE (5-10 min) \u00a0\u2022 \u00a0\u00dcHTLANE H\u00d5\u00d5GUMINE \u00a0\u2022 \u00a0ILMA K\u00d5RVALMAITSE JA -L\u00d5HNATA  Grills\u00fcsi GRILLEP 50 L on ideaalne valik nii bbq-meistritele, cateringi-firmadele, restoranidele kui ka kodukasutajatele. GRILLEP grills\u00f6e puhtus ja kvaliteet teevad selle sobivaks ka steigi k\u00fcpsetamiseks otse s\u00fcte sees (Enn Tobrelutsu maailmakuulus dirty steak ehk s\u00f6esteik). GRILLEP grills\u00f6el on FSC100% sertifikaat\u00a0grills\u00f6e tootegrupis, mis kinnitab, et grills\u00fcsi on toodetud puidust, mis on saadud j\u00e4tkusuutlikest h\u00e4stimajandatud metsadest (st see on m\u00e4rk vastutustundlikust metsandusest). Kasvatatud ja toodetud L\u00e4tis. Patendeeritud ja k\u00f5ik \u00f5igused kaitstud \u2014 BBQ Entertainment O\u00dc 2020 (www.grillep.com) (FSC100% certification code SA-COC-007859, Licence code FSC-C158339).\" \/>\n<meta property=\"og:url\" content=\"https:\/\/bbqentertainment.com\/toode\/grillep-50ltr\/\" \/>\n<meta property=\"og:site_name\" content=\"BBQ Entertainment\" \/>\n<meta property=\"article:publisher\" content=\"https:\/\/www.facebook.com\/BBQ-Entertainment-N-Catering-2437913376443540\" \/>\n<meta property=\"article:modified_time\" content=\"2026-03-05T10:35:08+00:00\" \/>\n<meta property=\"og:image\" content=\"https:\/\/bbqentertainment.com\/wp-content\/uploads\/2021\/06\/GRILLEP-50-L-BBQ-Entertainment.jpg\" \/>\n\t<meta property=\"og:image:width\" content=\"1200\" \/>\n\t<meta property=\"og:image:height\" content=\"1200\" \/>\n\t<meta property=\"og:image:type\" content=\"image\/jpeg\" \/>\n<meta name=\"twitter:card\" content=\"summary_large_image\" \/>\n<meta name=\"twitter:label1\" content=\"Est. reading time\" \/>\n\t<meta name=\"twitter:data1\" content=\"1 minute\" \/>\n<script type=\"application\/ld+json\" class=\"yoast-schema-graph\">{\"@context\":\"https:\\\/\\\/schema.org\",\"@graph\":[{\"@type\":[\"WebPage\",\"ItemPage\"],\"@id\":\"https:\\\/\\\/bbqentertainment.com\\\/toode\\\/grillep-50ltr\\\/\",\"url\":\"https:\\\/\\\/bbqentertainment.com\\\/toode\\\/grillep-50ltr\\\/\",\"name\":\"GRILLEP premium suuret\u00fckiline grills\u00fcsi (lepp) 50 L kott - BBQ Entertainment\",\"isPartOf\":{\"@id\":\"https:\\\/\\\/bbqentertainment.com\\\/#website\"},\"primaryImageOfPage\":{\"@id\":\"https:\\\/\\\/bbqentertainment.com\\\/toode\\\/grillep-50ltr\\\/#primaryimage\"},\"image\":{\"@id\":\"https:\\\/\\\/bbqentertainment.com\\\/toode\\\/grillep-50ltr\\\/#primaryimage\"},\"thumbnailUrl\":\"https:\\\/\\\/bbqentertainment.com\\\/wp-content\\\/uploads\\\/2021\\\/06\\\/GRILLEP-50-L-BBQ-Entertainment.jpg\",\"datePublished\":\"2020-05-11T17:09:33+00:00\",\"dateModified\":\"2026-03-05T10:35:08+00:00\",\"breadcrumb\":{\"@id\":\"https:\\\/\\\/bbqentertainment.com\\\/toode\\\/grillep-50ltr\\\/#breadcrumb\"},\"inLanguage\":\"en-US\",\"potentialAction\":[{\"@type\":\"ReadAction\",\"target\":[\"https:\\\/\\\/bbqentertainment.com\\\/toode\\\/grillep-50ltr\\\/\"]}]},{\"@type\":\"ImageObject\",\"inLanguage\":\"en-US\",\"@id\":\"https:\\\/\\\/bbqentertainment.com\\\/toode\\\/grillep-50ltr\\\/#primaryimage\",\"url\":\"https:\\\/\\\/bbqentertainment.com\\\/wp-content\\\/uploads\\\/2021\\\/06\\\/GRILLEP-50-L-BBQ-Entertainment.jpg\",\"contentUrl\":\"https:\\\/\\\/bbqentertainment.com\\\/wp-content\\\/uploads\\\/2021\\\/06\\\/GRILLEP-50-L-BBQ-Entertainment.jpg\",\"width\":1200,\"height\":1200},{\"@type\":\"BreadcrumbList\",\"@id\":\"https:\\\/\\\/bbqentertainment.com\\\/toode\\\/grillep-50ltr\\\/#breadcrumb\",\"itemListElement\":[{\"@type\":\"ListItem\",\"position\":1,\"name\":\"AVALEHT\",\"item\":\"https:\\\/\\\/bbqentertainment.com\\\/en\\\/\"},{\"@type\":\"ListItem\",\"position\":2,\"name\":\"Tooted\",\"item\":\"https:\\\/\\\/bbqentertainment.com\\\/tooted\\\/\"},{\"@type\":\"ListItem\",\"position\":3,\"name\":\"K\u00fcte\",\"item\":\"https:\\\/\\\/bbqentertainment.com\\\/tootekategooria\\\/grillsusi\\\/\"},{\"@type\":\"ListItem\",\"position\":4,\"name\":\"Grillep\",\"item\":\"https:\\\/\\\/bbqentertainment.com\\\/tootekategooria\\\/grillsusi\\\/grillep\\\/\"},{\"@type\":\"ListItem\",\"position\":5,\"name\":\"GRILLEP premium suuret\u00fckiline grills\u00fcsi (lepp) 50 L kott\"}]},{\"@type\":\"WebSite\",\"@id\":\"https:\\\/\\\/bbqentertainment.com\\\/#website\",\"url\":\"https:\\\/\\\/bbqentertainment.com\\\/\",\"name\":\"BBQ Entertainment\",\"description\":\"BBQ is a great lifestyle, not just fun!\",\"publisher\":{\"@id\":\"https:\\\/\\\/bbqentertainment.com\\\/#organization\"},\"potentialAction\":[{\"@type\":\"SearchAction\",\"target\":{\"@type\":\"EntryPoint\",\"urlTemplate\":\"https:\\\/\\\/bbqentertainment.com\\\/?s={search_term_string}\"},\"query-input\":{\"@type\":\"PropertyValueSpecification\",\"valueRequired\":true,\"valueName\":\"search_term_string\"}}],\"inLanguage\":\"en-US\"},{\"@type\":\"Organization\",\"@id\":\"https:\\\/\\\/bbqentertainment.com\\\/#organization\",\"name\":\"BBQ Entertainment O\u00dc\",\"url\":\"https:\\\/\\\/bbqentertainment.com\\\/\",\"logo\":{\"@type\":\"ImageObject\",\"inLanguage\":\"en-US\",\"@id\":\"https:\\\/\\\/bbqentertainment.com\\\/#\\\/schema\\\/logo\\\/image\\\/\",\"url\":\"https:\\\/\\\/bbqentertainment.com\\\/wp-content\\\/uploads\\\/2020\\\/04\\\/BBQ-Entertainment-N-Catering-Enn-Tobreluts-Logo.png\",\"contentUrl\":\"https:\\\/\\\/bbqentertainment.com\\\/wp-content\\\/uploads\\\/2020\\\/04\\\/BBQ-Entertainment-N-Catering-Enn-Tobreluts-Logo.png\",\"width\":628,\"height\":266,\"caption\":\"BBQ Entertainment O\u00dc\"},\"image\":{\"@id\":\"https:\\\/\\\/bbqentertainment.com\\\/#\\\/schema\\\/logo\\\/image\\\/\"},\"sameAs\":[\"https:\\\/\\\/www.facebook.com\\\/BBQ-Entertainment-N-Catering-2437913376443540\",\"https:\\\/\\\/www.instagram.com\\\/bbqentertainmentncatering\\\/\",\"https:\\\/\\\/www.youtube.com\\\/channel\\\/UCmpuANQVhLy2Md8nrenp2jA\"]}]}<\/script>\n<!-- \/ Yoast SEO plugin. -->","yoast_head_json":{"title":"GRILLEP premium suuret\u00fckiline grills\u00fcsi (lepp) 50 L kott - BBQ Entertainment","robots":{"index":"index","follow":"follow","max-snippet":"max-snippet:-1","max-image-preview":"max-image-preview:large","max-video-preview":"max-video-preview:-1"},"canonical":"https:\/\/bbqentertainment.com\/toode\/grillep-50ltr\/","og_locale":"en_US","og_type":"article","og_title":"GRILLEP premium suuret\u00fckiline grills\u00fcsi (lepp) 50 L kott - BBQ Entertainment","og_description":"GRILLEP premium suuret\u00fckiline grills\u00fcsi (lepp) 50 ltr kott (FSC100%) GRILLMEISTRITE LEMMIK \u00a0\u2022 \u00a0SUURET\u00dcKILINE \u00a0\u2022 \u00a0RESTORANIKVALITEEDIGA \u00a0\u2022 \u00a0NATURAALNE LEPP \u00a0\u2022 \u00a0LISAAINETEVABA \u00a0\u2022 \u00a0J\u00c4TKUSUUTLIKEST L\u00c4TI METSADEST (FSC100%) \u00a0\u2022 \u00a0KIIRE JA LIHTNE S\u00dc\u00dcTAMINE (5-10 min) \u00a0\u2022 \u00a0\u00dcHTLANE H\u00d5\u00d5GUMINE \u00a0\u2022 \u00a0ILMA K\u00d5RVALMAITSE JA -L\u00d5HNATA  Grills\u00fcsi GRILLEP 50 L on ideaalne valik nii bbq-meistritele, cateringi-firmadele, restoranidele kui ka kodukasutajatele. GRILLEP grills\u00f6e puhtus ja kvaliteet teevad selle sobivaks ka steigi k\u00fcpsetamiseks otse s\u00fcte sees (Enn Tobrelutsu maailmakuulus dirty steak ehk s\u00f6esteik). GRILLEP grills\u00f6el on FSC100% sertifikaat\u00a0grills\u00f6e tootegrupis, mis kinnitab, et grills\u00fcsi on toodetud puidust, mis on saadud j\u00e4tkusuutlikest h\u00e4stimajandatud metsadest (st see on m\u00e4rk vastutustundlikust metsandusest). Kasvatatud ja toodetud L\u00e4tis. Patendeeritud ja k\u00f5ik \u00f5igused kaitstud \u2014 BBQ Entertainment O\u00dc 2020 (www.grillep.com) (FSC100% certification code SA-COC-007859, Licence code FSC-C158339).","og_url":"https:\/\/bbqentertainment.com\/toode\/grillep-50ltr\/","og_site_name":"BBQ Entertainment","article_publisher":"https:\/\/www.facebook.com\/BBQ-Entertainment-N-Catering-2437913376443540","article_modified_time":"2026-03-05T10:35:08+00:00","og_image":[{"width":1200,"height":1200,"url":"https:\/\/bbqentertainment.com\/wp-content\/uploads\/2021\/06\/GRILLEP-50-L-BBQ-Entertainment.jpg","type":"image\/jpeg"}],"twitter_card":"summary_large_image","twitter_misc":{"Est. reading time":"1 minute"},"schema":{"@context":"https:\/\/schema.org","@graph":[{"@type":["WebPage","ItemPage"],"@id":"https:\/\/bbqentertainment.com\/toode\/grillep-50ltr\/","url":"https:\/\/bbqentertainment.com\/toode\/grillep-50ltr\/","name":"GRILLEP premium suuret\u00fckiline grills\u00fcsi (lepp) 50 L kott - BBQ Entertainment","isPartOf":{"@id":"https:\/\/bbqentertainment.com\/#website"},"primaryImageOfPage":{"@id":"https:\/\/bbqentertainment.com\/toode\/grillep-50ltr\/#primaryimage"},"image":{"@id":"https:\/\/bbqentertainment.com\/toode\/grillep-50ltr\/#primaryimage"},"thumbnailUrl":"https:\/\/bbqentertainment.com\/wp-content\/uploads\/2021\/06\/GRILLEP-50-L-BBQ-Entertainment.jpg","datePublished":"2020-05-11T17:09:33+00:00","dateModified":"2026-03-05T10:35:08+00:00","breadcrumb":{"@id":"https:\/\/bbqentertainment.com\/toode\/grillep-50ltr\/#breadcrumb"},"inLanguage":"en-US","potentialAction":[{"@type":"ReadAction","target":["https:\/\/bbqentertainment.com\/toode\/grillep-50ltr\/"]}]},{"@type":"ImageObject","inLanguage":"en-US","@id":"https:\/\/bbqentertainment.com\/toode\/grillep-50ltr\/#primaryimage","url":"https:\/\/bbqentertainment.com\/wp-content\/uploads\/2021\/06\/GRILLEP-50-L-BBQ-Entertainment.jpg","contentUrl":"https:\/\/bbqentertainment.com\/wp-content\/uploads\/2021\/06\/GRILLEP-50-L-BBQ-Entertainment.jpg","width":1200,"height":1200},{"@type":"BreadcrumbList","@id":"https:\/\/bbqentertainment.com\/toode\/grillep-50ltr\/#breadcrumb","itemListElement":[{"@type":"ListItem","position":1,"name":"AVALEHT","item":"https:\/\/bbqentertainment.com\/en\/"},{"@type":"ListItem","position":2,"name":"Tooted","item":"https:\/\/bbqentertainment.com\/tooted\/"},{"@type":"ListItem","position":3,"name":"K\u00fcte","item":"https:\/\/bbqentertainment.com\/tootekategooria\/grillsusi\/"},{"@type":"ListItem","position":4,"name":"Grillep","item":"https:\/\/bbqentertainment.com\/tootekategooria\/grillsusi\/grillep\/"},{"@type":"ListItem","position":5,"name":"GRILLEP premium suuret\u00fckiline grills\u00fcsi (lepp) 50 L kott"}]},{"@type":"WebSite","@id":"https:\/\/bbqentertainment.com\/#website","url":"https:\/\/bbqentertainment.com\/","name":"BBQ Entertainment","description":"BBQ is a great lifestyle, not just fun!","publisher":{"@id":"https:\/\/bbqentertainment.com\/#organization"},"potentialAction":[{"@type":"SearchAction","target":{"@type":"EntryPoint","urlTemplate":"https:\/\/bbqentertainment.com\/?s={search_term_string}"},"query-input":{"@type":"PropertyValueSpecification","valueRequired":true,"valueName":"search_term_string"}}],"inLanguage":"en-US"},{"@type":"Organization","@id":"https:\/\/bbqentertainment.com\/#organization","name":"BBQ Entertainment O\u00dc","url":"https:\/\/bbqentertainment.com\/","logo":{"@type":"ImageObject","inLanguage":"en-US","@id":"https:\/\/bbqentertainment.com\/#\/schema\/logo\/image\/","url":"https:\/\/bbqentertainment.com\/wp-content\/uploads\/2020\/04\/BBQ-Entertainment-N-Catering-Enn-Tobreluts-Logo.png","contentUrl":"https:\/\/bbqentertainment.com\/wp-content\/uploads\/2020\/04\/BBQ-Entertainment-N-Catering-Enn-Tobreluts-Logo.png","width":628,"height":266,"caption":"BBQ Entertainment O\u00dc"},"image":{"@id":"https:\/\/bbqentertainment.com\/#\/schema\/logo\/image\/"},"sameAs":["https:\/\/www.facebook.com\/BBQ-Entertainment-N-Catering-2437913376443540","https:\/\/www.instagram.com\/bbqentertainmentncatering\/","https:\/\/www.youtube.com\/channel\/UCmpuANQVhLy2Md8nrenp2jA"]}]}},"_links":{"self":[{"href":"https:\/\/bbqentertainment.com\/en\/wp-json\/wp\/v2\/product\/2740","targetHints":{"allow":["GET"]}}],"collection":[{"href":"https:\/\/bbqentertainment.com\/en\/wp-json\/wp\/v2\/product"}],"about":[{"href":"https:\/\/bbqentertainment.com\/en\/wp-json\/wp\/v2\/types\/product"}],"wp:featuredmedia":[{"embeddable":true,"href":"https:\/\/bbqentertainment.com\/en\/wp-json\/wp\/v2\/media\/236677"}],"wp:attachment":[{"href":"https:\/\/bbqentertainment.com\/en\/wp-json\/wp\/v2\/media?parent=2740"}],"wp:term":[{"taxonomy":"product_brand","embeddable":true,"href":"https:\/\/bbqentertainment.com\/en\/wp-json\/wp\/v2\/product_brand?post=2740"},{"taxonomy":"product_cat","embeddable":true,"href":"https:\/\/bbqentertainment.com\/en\/wp-json\/wp\/v2\/product_cat?post=2740"},{"taxonomy":"product_tag","embeddable":true,"href":"https:\/\/bbqentertainment.com\/en\/wp-json\/wp\/v2\/product_tag?post=2740"}],"curies":[{"name":"wp","href":"https:\/\/api.w.org\/{rel}","templated":true}]}}