{"id":2749,"date":"2020-05-11T20:09:51","date_gmt":"2020-05-11T17:09:51","guid":{"rendered":"https:\/\/bbqentertainment.com\/?post_type=product&#038;p=2749"},"modified":"2025-07-25T13:45:43","modified_gmt":"2025-07-25T10:45:43","slug":"grillep-30ltr","status":"publish","type":"product","link":"https:\/\/bbqentertainment.com\/en\/toode\/grillep-30ltr\/","title":{"rendered":"GRILLEP premium keskmiset\u00fckiline grills\u00fcsi (lepp) 30 L kott"},"content":{"rendered":"<h1><strong>Enn Tobreluts ja Eesti Grilliliit soovitavad:<\/strong> <strong>GRILLMEISTRITE LEMMIK GRILLS\u00dcSI \u2014\u00a0GRILLEP 30 L<\/strong><\/h1>\n<h3><strong>KESKMISET\u00dcKILINE \u00a0\u2022 \u00a0 NATURAALNE LEPP \u00a0\u2022 \u00a0LISAAINETEVABA \u00a0\u2022 \u00a0J\u00c4TKUSUUTLIKEST L\u00c4TI METSADEST (FSC100%) \u00a0\u2022 \u00a0KIIRE JA LIHTNE S\u00dc\u00dcTAMINE (5-10 min) \u00a0\u2022 \u00a0\u00dcHTLANE H\u00d5\u00d5GUMINE \u00a0\u2022 \u00a0ILMA K\u00d5RVALMAITSE JA -L\u00d5HNATA<\/strong><\/h3>\n<p>Grills\u00fcsi GRILLEP 30 L on ideaalne valik nii bbq-meistritele kui ka kodukasutajatele. GRILLEP grills\u00f6e puhtus ja kvaliteet teevad selle sobivaks ka steigi k\u00fcpsetamiseks otse s\u00fcte sees (Enn Tobrelutsu maailmakuulus <em>dirty steak<\/em> ehk <a href=\"https:\/\/bbqentertainment.com\/tehtud\/suteshow\/\" target=\"_blank\" rel=\"noopener noreferrer\">s\u00f6esteik<\/a>). GRILLEP grills\u00f6el on <a href=\"https:\/\/bbqentertainment.com\/wp-content\/uploads\/2020\/09\/FSCcertificate-BBQ-Entertainment-OU-007859-v1.1.pdf\" target=\"_blank\" rel=\"noopener noreferrer\">FSC100% sertifikaat<\/a>\u00a0grills\u00f6e <a href=\"https:\/\/bbqentertainment.com\/wp-content\/uploads\/2021\/06\/Product-Schedule-FSC-BBQ-Entertainment-007859-2020-MA-Updated-22-09-2020.pdf\" target=\"_blank\" rel=\"noopener\">tootegrupis<\/a>, mis kinnitab, et grills\u00fcsi on toodetud puidust, mis on saadud j\u00e4tkusuutlikest h\u00e4stimajandatud metsadest (st see on m\u00e4rk vastutustundlikust metsandusest). Kasvatatud ja toodetud L\u00e4tis. Patendeeritud ja k\u00f5ik \u00f5igused kaitstud \u2014 BBQ Entertainment O\u00dc 2020 <a href=\"https:\/\/grillep.com\" target=\"_blank\" rel=\"noopener noreferrer\">www.grillep.com<\/a><\/p>\n","protected":false},"excerpt":{"rendered":"<h3><strong>GRILLEP premium keskmiset\u00fckiline grills\u00fcsi (lepp) 30 ltr kott (FSC100%)<\/strong><\/h3>\n<p><strong>GRILLMEISTRITE LEMMIK<\/strong><strong>\u00a0 \u2022 KESKMISET\u00dcKILINE \u00a0\u2022 \u00a0NATURAALNE LEPP \u00a0\u2022 \u00a0LISAAINETEVABA \u00a0\u2022 \u00a0J\u00c4TKUSUUTLIKEST L\u00c4TI METSADEST (FSC100%) \u00a0\u2022 \u00a0KIIRE JA LIHTNE S\u00dc\u00dcTAMINE (5-10 min) \u00a0\u2022 \u00a0\u00dcHTLANE H\u00d5\u00d5GUMINE \u00a0\u2022 \u00a0ILMA K\u00d5RVALMAITSE JA -L\u00d5HNATA<\/strong><\/p>\n<p>Grills\u00fcsi GRILLEP 30 L on ideaalne valik nii bbq-meistritele kui ka kodukasutajatele. GRILLEP grills\u00f6e puhtus ja kvaliteet teevad selle sobivaks ka steigi k\u00fcpsetamiseks otse s\u00fcte sees (Enn Tobrelutsu maailmakuulus <em>dirty steak<\/em> ehk <a href=\"https:\/\/bbqentertainment.com\/tehtud\/suteshow\/\" target=\"_blank\" rel=\"noopener noreferrer\">s\u00f6esteik<\/a>). GRILLEP grills\u00f6el on <a href=\"https:\/\/bbqentertainment.com\/wp-content\/uploads\/2020\/09\/FSCcertificate-BBQ-Entertainment-OU-007859-v1.1.pdf\" target=\"_blank\" rel=\"noopener noreferrer\">FSC100% sertifikaat<\/a>\u00a0grills\u00f6e <a href=\"https:\/\/bbqentertainment.com\/wp-content\/uploads\/2021\/06\/Product-Schedule-FSC-BBQ-Entertainment-007859-2020-MA-Updated-22-09-2020.pdf\" target=\"_blank\" rel=\"noopener\">tootegrupis<\/a>, mis kinnitab, et grills\u00fcsi on toodetud puidust, mis on saadud j\u00e4tkusuutlikest h\u00e4stimajandatud metsadest (st see on m\u00e4rk vastutustundlikust metsandusest). Kasvatatud ja toodetud L\u00e4tis. Patendeeritud ja k\u00f5ik \u00f5igused kaitstud \u2014 BBQ Entertainment O\u00dc 2020 (<a href=\"https:\/\/grillep.com\" target=\"_blank\" rel=\"noopener noreferrer\">www.grillep.com<\/a>) (FSC100% certification code SA-COC-007859, Licence code FSC-C158339).<\/p>\n<div class=\"accordion\">\n\t<div id=\"accordion-727904954\" class=\"accordion-item\">\n\t\t<a id=\"accordion-727904954-label\" class=\"accordion-title plain\" href=\"#accordion-item-lae-alla-pdf-poster-printimiseks\" aria-expanded=\"false\" aria-controls=\"accordion-727904954-content\">\n\t\t\t<button class=\"toggle\" aria-label=\"Toggle\"><i class=\"icon-angle-down\" aria-hidden=\"true\"><\/i><\/button>\n\t\t\t<span>Lae alla pdf poster printimiseks<\/span>\n\t\t<\/a>\n\t\t<div id=\"accordion-727904954-content\" class=\"accordion-inner\" aria-labelledby=\"accordion-727904954-label\">\n\t\t\t\n<a href=\"https:\/\/bbqentertainment.com\/wp-content\/uploads\/2021\/06\/Grillep_A4_FSC_Landscape_EST_Apr202.pdf\" target=\"_blank\" rel=\"noopener\">Grillep poster<\/a><br \/>\n\t\t<\/div>\n\t<\/div>\n\t\n\t<div id=\"accordion-862915090\" class=\"accordion-item\">\n\t\t<a id=\"accordion-862915090-label\" class=\"accordion-title plain\" href=\"#accordion-item-lae-alla-pdf-poster-printimiseks-inglise-keeles-\" aria-expanded=\"false\" aria-controls=\"accordion-862915090-content\">\n\t\t\t<button class=\"toggle\" aria-label=\"Toggle\"><i class=\"icon-angle-down\" aria-hidden=\"true\"><\/i><\/button>\n\t\t\t<span>Lae alla pdf poster printimiseks inglise keeles <\/span>\n\t\t<\/a>\n\t\t<div id=\"accordion-862915090-content\" class=\"accordion-inner\" aria-labelledby=\"accordion-862915090-label\">\n\t\t\t\n<a href=\"https:\/\/bbqentertainment.com\/wp-content\/uploads\/2021\/06\/Grillep_A4_FSC_Landscape_ENG_Apr2021.pdf\" target=\"_blank\" rel=\"noopener\">Grillep Poster Eng<\/a><br \/>\n\t\t<\/div>\n\t<\/div>\n\t\n\t<div id=\"accordion-2703339945\" class=\"accordion-item\">\n\t\t<a id=\"accordion-2703339945-label\" class=\"accordion-title plain\" href=\"#accordion-item-lae-alla-fsc100%-sertifikaat-\u2013-emthe-mark-of-responsible-forestry\/em-\" aria-expanded=\"false\" aria-controls=\"accordion-2703339945-content\">\n\t\t\t<button class=\"toggle\" aria-label=\"Toggle\"><i class=\"icon-angle-down\" aria-hidden=\"true\"><\/i><\/button>\n\t\t\t<span>Lae alla FSC100% sertifikaat \u2013 <em>The mark of responsible forestry<\/em> <\/span>\n\t\t<\/a>\n\t\t<div id=\"accordion-2703339945-content\" class=\"accordion-inner\" aria-labelledby=\"accordion-2703339945-label\">\n\t\t\t\n<a href=\"https:\/\/bbqentertainment.com\/wp-content\/uploads\/2020\/09\/FSCcertificate-BBQ-Entertainment-OU-007859-v1.1.pdf\" target=\"_blank\" rel=\"noopener noreferrer\">FCS100% sertifikaat<\/a>\u00a0grills\u00f6e <a href=\"https:\/\/bbqentertainment.com\/wp-content\/uploads\/2021\/06\/Product-Schedule-FSC-BBQ-Entertainment-007859-2020-MA-Updated-22-09-2020.pdf\" target=\"_blank\" rel=\"noopener\">tootegrupis<\/a><br \/>\n\t\t<\/div>\n\t<\/div>\n\t\n<\/div>\n","protected":false},"featured_media":250701,"template":"","meta":{"inline_featured_image":false},"product_brand":[],"product_cat":[92,27,211],"product_tag":[],"class_list":{"0":"post-2749","1":"product","2":"type-product","3":"status-publish","4":"has-post-thumbnail","6":"product_cat-lisatarvikud","7":"product_cat-grillsusi","8":"product_cat-grillep","9":"product_shipping_class-ainult-ise-jarele-tulemisega","11":"first","12":"instock","13":"taxable","14":"shipping-taxable","15":"purchasable","16":"product-type-simple"},"yoast_head":"<!-- This site is optimized with the Yoast SEO plugin v27.4 - https:\/\/yoast.com\/product\/yoast-seo-wordpress\/ -->\n<title>GRILLEP premium keskmiset\u00fckiline grills\u00fcsi (lepp) 30 L kott - BBQ Entertainment<\/title>\n<meta name=\"robots\" content=\"index, follow, max-snippet:-1, max-image-preview:large, max-video-preview:-1\" \/>\n<link rel=\"canonical\" href=\"https:\/\/bbqentertainment.com\/toode\/grillep-30ltr\/\" \/>\n<meta property=\"og:locale\" content=\"en_US\" \/>\n<meta property=\"og:type\" content=\"article\" \/>\n<meta property=\"og:title\" content=\"GRILLEP premium keskmiset\u00fckiline grills\u00fcsi (lepp) 30 L kott - BBQ Entertainment\" \/>\n<meta property=\"og:description\" content=\"GRILLEP premium keskmiset\u00fckiline grills\u00fcsi (lepp) 30 ltr kott (FSC100%) GRILLMEISTRITE LEMMIK\u00a0 \u2022 KESKMISET\u00dcKILINE \u00a0\u2022 \u00a0NATURAALNE LEPP \u00a0\u2022 \u00a0LISAAINETEVABA \u00a0\u2022 \u00a0J\u00c4TKUSUUTLIKEST L\u00c4TI METSADEST (FSC100%) \u00a0\u2022 \u00a0KIIRE JA LIHTNE S\u00dc\u00dcTAMINE (5-10 min) \u00a0\u2022 \u00a0\u00dcHTLANE H\u00d5\u00d5GUMINE \u00a0\u2022 \u00a0ILMA K\u00d5RVALMAITSE JA -L\u00d5HNATA  Grills\u00fcsi GRILLEP 30 L on ideaalne valik nii bbq-meistritele kui ka kodukasutajatele. GRILLEP grills\u00f6e puhtus ja kvaliteet teevad selle sobivaks ka steigi k\u00fcpsetamiseks otse s\u00fcte sees (Enn Tobrelutsu maailmakuulus dirty steak ehk s\u00f6esteik). GRILLEP grills\u00f6el on FSC100% sertifikaat\u00a0grills\u00f6e tootegrupis, mis kinnitab, et grills\u00fcsi on toodetud puidust, mis on saadud j\u00e4tkusuutlikest h\u00e4stimajandatud metsadest (st see on m\u00e4rk vastutustundlikust metsandusest). Kasvatatud ja toodetud L\u00e4tis. Patendeeritud ja k\u00f5ik \u00f5igused kaitstud \u2014 BBQ Entertainment O\u00dc 2020 (www.grillep.com) (FSC100% certification code SA-COC-007859, Licence code FSC-C158339).\" \/>\n<meta property=\"og:url\" content=\"https:\/\/bbqentertainment.com\/toode\/grillep-30ltr\/\" \/>\n<meta property=\"og:site_name\" content=\"BBQ Entertainment\" \/>\n<meta property=\"article:publisher\" content=\"https:\/\/www.facebook.com\/BBQ-Entertainment-N-Catering-2437913376443540\" \/>\n<meta property=\"article:modified_time\" content=\"2025-07-25T10:45:43+00:00\" \/>\n<meta property=\"og:image\" content=\"https:\/\/bbqentertainment.com\/wp-content\/uploads\/2020\/05\/GRILLEP-30L-uus-heleroheline-2025.jpg\" \/>\n\t<meta property=\"og:image:width\" content=\"1200\" \/>\n\t<meta property=\"og:image:height\" content=\"1200\" \/>\n\t<meta property=\"og:image:type\" content=\"image\/jpeg\" \/>\n<meta name=\"twitter:card\" content=\"summary_large_image\" \/>\n<meta name=\"twitter:label1\" content=\"Est. reading time\" \/>\n\t<meta name=\"twitter:data1\" content=\"1 minute\" \/>\n<script type=\"application\/ld+json\" class=\"yoast-schema-graph\">{\"@context\":\"https:\\\/\\\/schema.org\",\"@graph\":[{\"@type\":[\"WebPage\",\"ItemPage\"],\"@id\":\"https:\\\/\\\/bbqentertainment.com\\\/toode\\\/grillep-30ltr\\\/\",\"url\":\"https:\\\/\\\/bbqentertainment.com\\\/toode\\\/grillep-30ltr\\\/\",\"name\":\"GRILLEP premium keskmiset\u00fckiline grills\u00fcsi (lepp) 30 L kott - BBQ Entertainment\",\"isPartOf\":{\"@id\":\"https:\\\/\\\/bbqentertainment.com\\\/#website\"},\"primaryImageOfPage\":{\"@id\":\"https:\\\/\\\/bbqentertainment.com\\\/toode\\\/grillep-30ltr\\\/#primaryimage\"},\"image\":{\"@id\":\"https:\\\/\\\/bbqentertainment.com\\\/toode\\\/grillep-30ltr\\\/#primaryimage\"},\"thumbnailUrl\":\"https:\\\/\\\/bbqentertainment.com\\\/wp-content\\\/uploads\\\/2020\\\/05\\\/GRILLEP-30L-uus-heleroheline-2025.jpg\",\"datePublished\":\"2020-05-11T17:09:51+00:00\",\"dateModified\":\"2025-07-25T10:45:43+00:00\",\"breadcrumb\":{\"@id\":\"https:\\\/\\\/bbqentertainment.com\\\/toode\\\/grillep-30ltr\\\/#breadcrumb\"},\"inLanguage\":\"en-US\",\"potentialAction\":[{\"@type\":\"ReadAction\",\"target\":[\"https:\\\/\\\/bbqentertainment.com\\\/toode\\\/grillep-30ltr\\\/\"]}]},{\"@type\":\"ImageObject\",\"inLanguage\":\"en-US\",\"@id\":\"https:\\\/\\\/bbqentertainment.com\\\/toode\\\/grillep-30ltr\\\/#primaryimage\",\"url\":\"https:\\\/\\\/bbqentertainment.com\\\/wp-content\\\/uploads\\\/2020\\\/05\\\/GRILLEP-30L-uus-heleroheline-2025.jpg\",\"contentUrl\":\"https:\\\/\\\/bbqentertainment.com\\\/wp-content\\\/uploads\\\/2020\\\/05\\\/GRILLEP-30L-uus-heleroheline-2025.jpg\",\"width\":1200,\"height\":1200},{\"@type\":\"BreadcrumbList\",\"@id\":\"https:\\\/\\\/bbqentertainment.com\\\/toode\\\/grillep-30ltr\\\/#breadcrumb\",\"itemListElement\":[{\"@type\":\"ListItem\",\"position\":1,\"name\":\"AVALEHT\",\"item\":\"https:\\\/\\\/bbqentertainment.com\\\/en\\\/\"},{\"@type\":\"ListItem\",\"position\":2,\"name\":\"Tooted\",\"item\":\"https:\\\/\\\/bbqentertainment.com\\\/tooted\\\/\"},{\"@type\":\"ListItem\",\"position\":3,\"name\":\"K\u00fcte\",\"item\":\"https:\\\/\\\/bbqentertainment.com\\\/tootekategooria\\\/grillsusi\\\/\"},{\"@type\":\"ListItem\",\"position\":4,\"name\":\"Grillep\",\"item\":\"https:\\\/\\\/bbqentertainment.com\\\/tootekategooria\\\/grillsusi\\\/grillep\\\/\"},{\"@type\":\"ListItem\",\"position\":5,\"name\":\"GRILLEP premium keskmiset\u00fckiline grills\u00fcsi (lepp) 30 L kott\"}]},{\"@type\":\"WebSite\",\"@id\":\"https:\\\/\\\/bbqentertainment.com\\\/#website\",\"url\":\"https:\\\/\\\/bbqentertainment.com\\\/\",\"name\":\"BBQ Entertainment\",\"description\":\"BBQ is a great lifestyle, not just fun!\",\"publisher\":{\"@id\":\"https:\\\/\\\/bbqentertainment.com\\\/#organization\"},\"potentialAction\":[{\"@type\":\"SearchAction\",\"target\":{\"@type\":\"EntryPoint\",\"urlTemplate\":\"https:\\\/\\\/bbqentertainment.com\\\/?s={search_term_string}\"},\"query-input\":{\"@type\":\"PropertyValueSpecification\",\"valueRequired\":true,\"valueName\":\"search_term_string\"}}],\"inLanguage\":\"en-US\"},{\"@type\":\"Organization\",\"@id\":\"https:\\\/\\\/bbqentertainment.com\\\/#organization\",\"name\":\"BBQ Entertainment O\u00dc\",\"url\":\"https:\\\/\\\/bbqentertainment.com\\\/\",\"logo\":{\"@type\":\"ImageObject\",\"inLanguage\":\"en-US\",\"@id\":\"https:\\\/\\\/bbqentertainment.com\\\/#\\\/schema\\\/logo\\\/image\\\/\",\"url\":\"https:\\\/\\\/bbqentertainment.com\\\/wp-content\\\/uploads\\\/2020\\\/04\\\/BBQ-Entertainment-N-Catering-Enn-Tobreluts-Logo.png\",\"contentUrl\":\"https:\\\/\\\/bbqentertainment.com\\\/wp-content\\\/uploads\\\/2020\\\/04\\\/BBQ-Entertainment-N-Catering-Enn-Tobreluts-Logo.png\",\"width\":628,\"height\":266,\"caption\":\"BBQ Entertainment O\u00dc\"},\"image\":{\"@id\":\"https:\\\/\\\/bbqentertainment.com\\\/#\\\/schema\\\/logo\\\/image\\\/\"},\"sameAs\":[\"https:\\\/\\\/www.facebook.com\\\/BBQ-Entertainment-N-Catering-2437913376443540\",\"https:\\\/\\\/www.instagram.com\\\/bbqentertainmentncatering\\\/\",\"https:\\\/\\\/www.youtube.com\\\/channel\\\/UCmpuANQVhLy2Md8nrenp2jA\"]}]}<\/script>\n<!-- \/ Yoast SEO plugin. -->","yoast_head_json":{"title":"GRILLEP premium keskmiset\u00fckiline grills\u00fcsi (lepp) 30 L kott - BBQ Entertainment","robots":{"index":"index","follow":"follow","max-snippet":"max-snippet:-1","max-image-preview":"max-image-preview:large","max-video-preview":"max-video-preview:-1"},"canonical":"https:\/\/bbqentertainment.com\/toode\/grillep-30ltr\/","og_locale":"en_US","og_type":"article","og_title":"GRILLEP premium keskmiset\u00fckiline grills\u00fcsi (lepp) 30 L kott - BBQ Entertainment","og_description":"GRILLEP premium keskmiset\u00fckiline grills\u00fcsi (lepp) 30 ltr kott (FSC100%) GRILLMEISTRITE LEMMIK\u00a0 \u2022 KESKMISET\u00dcKILINE \u00a0\u2022 \u00a0NATURAALNE LEPP \u00a0\u2022 \u00a0LISAAINETEVABA \u00a0\u2022 \u00a0J\u00c4TKUSUUTLIKEST L\u00c4TI METSADEST (FSC100%) \u00a0\u2022 \u00a0KIIRE JA LIHTNE S\u00dc\u00dcTAMINE (5-10 min) \u00a0\u2022 \u00a0\u00dcHTLANE H\u00d5\u00d5GUMINE \u00a0\u2022 \u00a0ILMA K\u00d5RVALMAITSE JA -L\u00d5HNATA  Grills\u00fcsi GRILLEP 30 L on ideaalne valik nii bbq-meistritele kui ka kodukasutajatele. GRILLEP grills\u00f6e puhtus ja kvaliteet teevad selle sobivaks ka steigi k\u00fcpsetamiseks otse s\u00fcte sees (Enn Tobrelutsu maailmakuulus dirty steak ehk s\u00f6esteik). GRILLEP grills\u00f6el on FSC100% sertifikaat\u00a0grills\u00f6e tootegrupis, mis kinnitab, et grills\u00fcsi on toodetud puidust, mis on saadud j\u00e4tkusuutlikest h\u00e4stimajandatud metsadest (st see on m\u00e4rk vastutustundlikust metsandusest). Kasvatatud ja toodetud L\u00e4tis. Patendeeritud ja k\u00f5ik \u00f5igused kaitstud \u2014 BBQ Entertainment O\u00dc 2020 (www.grillep.com) (FSC100% certification code SA-COC-007859, Licence code FSC-C158339).","og_url":"https:\/\/bbqentertainment.com\/toode\/grillep-30ltr\/","og_site_name":"BBQ Entertainment","article_publisher":"https:\/\/www.facebook.com\/BBQ-Entertainment-N-Catering-2437913376443540","article_modified_time":"2025-07-25T10:45:43+00:00","og_image":[{"width":1200,"height":1200,"url":"https:\/\/bbqentertainment.com\/wp-content\/uploads\/2020\/05\/GRILLEP-30L-uus-heleroheline-2025.jpg","type":"image\/jpeg"}],"twitter_card":"summary_large_image","twitter_misc":{"Est. reading time":"1 minute"},"schema":{"@context":"https:\/\/schema.org","@graph":[{"@type":["WebPage","ItemPage"],"@id":"https:\/\/bbqentertainment.com\/toode\/grillep-30ltr\/","url":"https:\/\/bbqentertainment.com\/toode\/grillep-30ltr\/","name":"GRILLEP premium keskmiset\u00fckiline grills\u00fcsi (lepp) 30 L kott - BBQ Entertainment","isPartOf":{"@id":"https:\/\/bbqentertainment.com\/#website"},"primaryImageOfPage":{"@id":"https:\/\/bbqentertainment.com\/toode\/grillep-30ltr\/#primaryimage"},"image":{"@id":"https:\/\/bbqentertainment.com\/toode\/grillep-30ltr\/#primaryimage"},"thumbnailUrl":"https:\/\/bbqentertainment.com\/wp-content\/uploads\/2020\/05\/GRILLEP-30L-uus-heleroheline-2025.jpg","datePublished":"2020-05-11T17:09:51+00:00","dateModified":"2025-07-25T10:45:43+00:00","breadcrumb":{"@id":"https:\/\/bbqentertainment.com\/toode\/grillep-30ltr\/#breadcrumb"},"inLanguage":"en-US","potentialAction":[{"@type":"ReadAction","target":["https:\/\/bbqentertainment.com\/toode\/grillep-30ltr\/"]}]},{"@type":"ImageObject","inLanguage":"en-US","@id":"https:\/\/bbqentertainment.com\/toode\/grillep-30ltr\/#primaryimage","url":"https:\/\/bbqentertainment.com\/wp-content\/uploads\/2020\/05\/GRILLEP-30L-uus-heleroheline-2025.jpg","contentUrl":"https:\/\/bbqentertainment.com\/wp-content\/uploads\/2020\/05\/GRILLEP-30L-uus-heleroheline-2025.jpg","width":1200,"height":1200},{"@type":"BreadcrumbList","@id":"https:\/\/bbqentertainment.com\/toode\/grillep-30ltr\/#breadcrumb","itemListElement":[{"@type":"ListItem","position":1,"name":"AVALEHT","item":"https:\/\/bbqentertainment.com\/en\/"},{"@type":"ListItem","position":2,"name":"Tooted","item":"https:\/\/bbqentertainment.com\/tooted\/"},{"@type":"ListItem","position":3,"name":"K\u00fcte","item":"https:\/\/bbqentertainment.com\/tootekategooria\/grillsusi\/"},{"@type":"ListItem","position":4,"name":"Grillep","item":"https:\/\/bbqentertainment.com\/tootekategooria\/grillsusi\/grillep\/"},{"@type":"ListItem","position":5,"name":"GRILLEP premium keskmiset\u00fckiline grills\u00fcsi (lepp) 30 L kott"}]},{"@type":"WebSite","@id":"https:\/\/bbqentertainment.com\/#website","url":"https:\/\/bbqentertainment.com\/","name":"BBQ Entertainment","description":"BBQ is a great lifestyle, not just fun!","publisher":{"@id":"https:\/\/bbqentertainment.com\/#organization"},"potentialAction":[{"@type":"SearchAction","target":{"@type":"EntryPoint","urlTemplate":"https:\/\/bbqentertainment.com\/?s={search_term_string}"},"query-input":{"@type":"PropertyValueSpecification","valueRequired":true,"valueName":"search_term_string"}}],"inLanguage":"en-US"},{"@type":"Organization","@id":"https:\/\/bbqentertainment.com\/#organization","name":"BBQ Entertainment O\u00dc","url":"https:\/\/bbqentertainment.com\/","logo":{"@type":"ImageObject","inLanguage":"en-US","@id":"https:\/\/bbqentertainment.com\/#\/schema\/logo\/image\/","url":"https:\/\/bbqentertainment.com\/wp-content\/uploads\/2020\/04\/BBQ-Entertainment-N-Catering-Enn-Tobreluts-Logo.png","contentUrl":"https:\/\/bbqentertainment.com\/wp-content\/uploads\/2020\/04\/BBQ-Entertainment-N-Catering-Enn-Tobreluts-Logo.png","width":628,"height":266,"caption":"BBQ Entertainment O\u00dc"},"image":{"@id":"https:\/\/bbqentertainment.com\/#\/schema\/logo\/image\/"},"sameAs":["https:\/\/www.facebook.com\/BBQ-Entertainment-N-Catering-2437913376443540","https:\/\/www.instagram.com\/bbqentertainmentncatering\/","https:\/\/www.youtube.com\/channel\/UCmpuANQVhLy2Md8nrenp2jA"]}]}},"_links":{"self":[{"href":"https:\/\/bbqentertainment.com\/en\/wp-json\/wp\/v2\/product\/2749","targetHints":{"allow":["GET"]}}],"collection":[{"href":"https:\/\/bbqentertainment.com\/en\/wp-json\/wp\/v2\/product"}],"about":[{"href":"https:\/\/bbqentertainment.com\/en\/wp-json\/wp\/v2\/types\/product"}],"wp:featuredmedia":[{"embeddable":true,"href":"https:\/\/bbqentertainment.com\/en\/wp-json\/wp\/v2\/media\/250701"}],"wp:attachment":[{"href":"https:\/\/bbqentertainment.com\/en\/wp-json\/wp\/v2\/media?parent=2749"}],"wp:term":[{"taxonomy":"product_brand","embeddable":true,"href":"https:\/\/bbqentertainment.com\/en\/wp-json\/wp\/v2\/product_brand?post=2749"},{"taxonomy":"product_cat","embeddable":true,"href":"https:\/\/bbqentertainment.com\/en\/wp-json\/wp\/v2\/product_cat?post=2749"},{"taxonomy":"product_tag","embeddable":true,"href":"https:\/\/bbqentertainment.com\/en\/wp-json\/wp\/v2\/product_tag?post=2749"}],"curies":[{"name":"wp","href":"https:\/\/api.w.org\/{rel}","templated":true}]}}