{"id":2777,"date":"2020-05-11T19:50:58","date_gmt":"2020-05-11T17:50:58","guid":{"rendered":"https:\/\/bbqentertainment.com\/?post_type=product&#038;p=2777"},"modified":"2025-07-25T13:45:21","modified_gmt":"2025-07-25T10:45:21","slug":"marienburg-kask-10kg","status":"publish","type":"product","link":"https:\/\/bbqentertainment.com\/en\/toode\/marienburg-kask-10kg\/","title":{"rendered":"Marienburg suuret\u00fckiline grills\u00fcsi (KASK) 10 kg \/ 80 L kott"},"content":{"rendered":"<p><a class=\"button primary\" href=\"https:\/\/bbqentertainment.com\/wp-content\/uploads\/2020\/05\/Marienburg-sales-brochure_2.pdf\" target=\"_blank\" rel=\"noopener noreferrer\"><br \/>\nLAE ALLA BRO\u0160\u00dc\u00dcR (INGLISE KEELNE)<br \/>\n<\/a><\/p>\n<p><a class=\"button primary\" href=\"http:\/\/marienburg.com\/ee\" target=\"_blank\" rel=\"noopener noreferrer\"><br \/>\nMarienburg.com koduleht<br \/>\n<\/a><\/p>\n","protected":false},"excerpt":{"rendered":"<h3><strong>Marienburg suuret\u00fckiline grills\u00fcsi (KASK) 10 kg \/ 80 ltr kott<\/strong><\/h3>\n<p>See grills\u00fcsi on ideaalne kasutamiseks restoranidele, sest pakendis on \u00fchtlaselt suured s\u00f6et\u00fckid ja kasepuidust grills\u00f6e h\u00f5\u00f5gumisaeg on pikem kui n\u00e4iteks lepapuidust grills\u00f6el. Kasepuidust s\u00f6el on hea aroom ja kasekoore\/tohu p\u00e4rast ei pea muretsema, see on tootmisprotsessis eraldatud.<\/p>\n","protected":false},"featured_media":8962,"template":"","meta":{"inline_featured_image":false},"product_brand":[],"product_cat":[27,212],"product_tag":[],"class_list":{"0":"post-2777","1":"product","2":"type-product","3":"status-publish","4":"has-post-thumbnail","6":"product_cat-grillsusi","7":"product_cat-marienburg","8":"product_shipping_class-ainult-ise-jarele-tulemisega","10":"first","11":"instock","12":"taxable","13":"shipping-taxable","14":"purchasable","15":"product-type-simple"},"yoast_head":"<!-- This site is optimized with the Yoast SEO plugin v27.4 - https:\/\/yoast.com\/product\/yoast-seo-wordpress\/ -->\n<title>Marienburg suuret\u00fckiline grills\u00fcsi (KASK) 10 kg \/ 80 L kott - BBQ Entertainment<\/title>\n<meta name=\"robots\" content=\"index, follow, max-snippet:-1, max-image-preview:large, max-video-preview:-1\" \/>\n<link rel=\"canonical\" href=\"https:\/\/bbqentertainment.com\/toode\/marienburg-kask-10kg\/\" \/>\n<meta property=\"og:locale\" content=\"en_US\" \/>\n<meta property=\"og:type\" content=\"article\" \/>\n<meta property=\"og:title\" content=\"Marienburg suuret\u00fckiline grills\u00fcsi (KASK) 10 kg \/ 80 L kott - BBQ Entertainment\" \/>\n<meta property=\"og:description\" content=\"Marienburg suuret\u00fckiline grills\u00fcsi (KASK) 10 kg \/ 80 ltr kott See grills\u00fcsi on ideaalne kasutamiseks restoranidele, sest pakendis on \u00fchtlaselt suured s\u00f6et\u00fckid ja kasepuidust grills\u00f6e h\u00f5\u00f5gumisaeg on pikem kui n\u00e4iteks lepapuidust grills\u00f6el. Kasepuidust s\u00f6el on hea aroom ja kasekoore\/tohu p\u00e4rast ei pea muretsema, see on tootmisprotsessis eraldatud.\" \/>\n<meta property=\"og:url\" content=\"https:\/\/bbqentertainment.com\/toode\/marienburg-kask-10kg\/\" \/>\n<meta property=\"og:site_name\" content=\"BBQ Entertainment\" \/>\n<meta property=\"article:publisher\" content=\"https:\/\/www.facebook.com\/BBQ-Entertainment-N-Catering-2437913376443540\" \/>\n<meta property=\"article:modified_time\" content=\"2025-07-25T10:45:21+00:00\" \/>\n<meta property=\"og:image\" content=\"https:\/\/bbqentertainment.com\/wp-content\/uploads\/2020\/05\/BBQ-Entertainment-Ncatering-Enn-Tobreluts-_-marienburg-s\u00fcsi-2.jpg\" \/>\n\t<meta property=\"og:image:width\" content=\"750\" \/>\n\t<meta property=\"og:image:height\" content=\"750\" \/>\n\t<meta property=\"og:image:type\" content=\"image\/jpeg\" \/>\n<meta name=\"twitter:card\" content=\"summary_large_image\" \/>\n<meta name=\"twitter:label1\" content=\"Est. reading time\" \/>\n\t<meta name=\"twitter:data1\" content=\"1 minute\" \/>\n<script type=\"application\/ld+json\" class=\"yoast-schema-graph\">{\"@context\":\"https:\\\/\\\/schema.org\",\"@graph\":[{\"@type\":[\"WebPage\",\"ItemPage\"],\"@id\":\"https:\\\/\\\/bbqentertainment.com\\\/toode\\\/marienburg-kask-10kg\\\/\",\"url\":\"https:\\\/\\\/bbqentertainment.com\\\/toode\\\/marienburg-kask-10kg\\\/\",\"name\":\"Marienburg suuret\u00fckiline grills\u00fcsi (KASK) 10 kg \\\/ 80 L kott - BBQ Entertainment\",\"isPartOf\":{\"@id\":\"https:\\\/\\\/bbqentertainment.com\\\/#website\"},\"primaryImageOfPage\":{\"@id\":\"https:\\\/\\\/bbqentertainment.com\\\/toode\\\/marienburg-kask-10kg\\\/#primaryimage\"},\"image\":{\"@id\":\"https:\\\/\\\/bbqentertainment.com\\\/toode\\\/marienburg-kask-10kg\\\/#primaryimage\"},\"thumbnailUrl\":\"https:\\\/\\\/bbqentertainment.com\\\/wp-content\\\/uploads\\\/2020\\\/05\\\/BBQ-Entertainment-Ncatering-Enn-Tobreluts-_-marienburg-s\u00fcsi-2.jpg\",\"datePublished\":\"2020-05-11T17:50:58+00:00\",\"dateModified\":\"2025-07-25T10:45:21+00:00\",\"breadcrumb\":{\"@id\":\"https:\\\/\\\/bbqentertainment.com\\\/toode\\\/marienburg-kask-10kg\\\/#breadcrumb\"},\"inLanguage\":\"en-US\",\"potentialAction\":[{\"@type\":\"ReadAction\",\"target\":[\"https:\\\/\\\/bbqentertainment.com\\\/toode\\\/marienburg-kask-10kg\\\/\"]}]},{\"@type\":\"ImageObject\",\"inLanguage\":\"en-US\",\"@id\":\"https:\\\/\\\/bbqentertainment.com\\\/toode\\\/marienburg-kask-10kg\\\/#primaryimage\",\"url\":\"https:\\\/\\\/bbqentertainment.com\\\/wp-content\\\/uploads\\\/2020\\\/05\\\/BBQ-Entertainment-Ncatering-Enn-Tobreluts-_-marienburg-s\u00fcsi-2.jpg\",\"contentUrl\":\"https:\\\/\\\/bbqentertainment.com\\\/wp-content\\\/uploads\\\/2020\\\/05\\\/BBQ-Entertainment-Ncatering-Enn-Tobreluts-_-marienburg-s\u00fcsi-2.jpg\",\"width\":750,\"height\":750},{\"@type\":\"BreadcrumbList\",\"@id\":\"https:\\\/\\\/bbqentertainment.com\\\/toode\\\/marienburg-kask-10kg\\\/#breadcrumb\",\"itemListElement\":[{\"@type\":\"ListItem\",\"position\":1,\"name\":\"AVALEHT\",\"item\":\"https:\\\/\\\/bbqentertainment.com\\\/en\\\/\"},{\"@type\":\"ListItem\",\"position\":2,\"name\":\"Tooted\",\"item\":\"https:\\\/\\\/bbqentertainment.com\\\/tooted\\\/\"},{\"@type\":\"ListItem\",\"position\":3,\"name\":\"K\u00fcte\",\"item\":\"https:\\\/\\\/bbqentertainment.com\\\/tootekategooria\\\/grillsusi\\\/\"},{\"@type\":\"ListItem\",\"position\":4,\"name\":\"MARIENBURG GRILLS\u00dcSI\",\"item\":\"https:\\\/\\\/bbqentertainment.com\\\/tootekategooria\\\/grillsusi\\\/marienburg\\\/\"},{\"@type\":\"ListItem\",\"position\":5,\"name\":\"Marienburg suuret\u00fckiline grills\u00fcsi (KASK) 10 kg \\\/ 80 L kott\"}]},{\"@type\":\"WebSite\",\"@id\":\"https:\\\/\\\/bbqentertainment.com\\\/#website\",\"url\":\"https:\\\/\\\/bbqentertainment.com\\\/\",\"name\":\"BBQ Entertainment\",\"description\":\"BBQ is a great lifestyle, not just fun!\",\"publisher\":{\"@id\":\"https:\\\/\\\/bbqentertainment.com\\\/#organization\"},\"potentialAction\":[{\"@type\":\"SearchAction\",\"target\":{\"@type\":\"EntryPoint\",\"urlTemplate\":\"https:\\\/\\\/bbqentertainment.com\\\/?s={search_term_string}\"},\"query-input\":{\"@type\":\"PropertyValueSpecification\",\"valueRequired\":true,\"valueName\":\"search_term_string\"}}],\"inLanguage\":\"en-US\"},{\"@type\":\"Organization\",\"@id\":\"https:\\\/\\\/bbqentertainment.com\\\/#organization\",\"name\":\"BBQ Entertainment O\u00dc\",\"url\":\"https:\\\/\\\/bbqentertainment.com\\\/\",\"logo\":{\"@type\":\"ImageObject\",\"inLanguage\":\"en-US\",\"@id\":\"https:\\\/\\\/bbqentertainment.com\\\/#\\\/schema\\\/logo\\\/image\\\/\",\"url\":\"https:\\\/\\\/bbqentertainment.com\\\/wp-content\\\/uploads\\\/2020\\\/04\\\/BBQ-Entertainment-N-Catering-Enn-Tobreluts-Logo.png\",\"contentUrl\":\"https:\\\/\\\/bbqentertainment.com\\\/wp-content\\\/uploads\\\/2020\\\/04\\\/BBQ-Entertainment-N-Catering-Enn-Tobreluts-Logo.png\",\"width\":628,\"height\":266,\"caption\":\"BBQ Entertainment O\u00dc\"},\"image\":{\"@id\":\"https:\\\/\\\/bbqentertainment.com\\\/#\\\/schema\\\/logo\\\/image\\\/\"},\"sameAs\":[\"https:\\\/\\\/www.facebook.com\\\/BBQ-Entertainment-N-Catering-2437913376443540\",\"https:\\\/\\\/www.instagram.com\\\/bbqentertainmentncatering\\\/\",\"https:\\\/\\\/www.youtube.com\\\/channel\\\/UCmpuANQVhLy2Md8nrenp2jA\"]}]}<\/script>\n<!-- \/ Yoast SEO plugin. -->","yoast_head_json":{"title":"Marienburg suuret\u00fckiline grills\u00fcsi (KASK) 10 kg \/ 80 L kott - BBQ Entertainment","robots":{"index":"index","follow":"follow","max-snippet":"max-snippet:-1","max-image-preview":"max-image-preview:large","max-video-preview":"max-video-preview:-1"},"canonical":"https:\/\/bbqentertainment.com\/toode\/marienburg-kask-10kg\/","og_locale":"en_US","og_type":"article","og_title":"Marienburg suuret\u00fckiline grills\u00fcsi (KASK) 10 kg \/ 80 L kott - BBQ Entertainment","og_description":"Marienburg suuret\u00fckiline grills\u00fcsi (KASK) 10 kg \/ 80 ltr kott See grills\u00fcsi on ideaalne kasutamiseks restoranidele, sest pakendis on \u00fchtlaselt suured s\u00f6et\u00fckid ja kasepuidust grills\u00f6e h\u00f5\u00f5gumisaeg on pikem kui n\u00e4iteks lepapuidust grills\u00f6el. Kasepuidust s\u00f6el on hea aroom ja kasekoore\/tohu p\u00e4rast ei pea muretsema, see on tootmisprotsessis eraldatud.","og_url":"https:\/\/bbqentertainment.com\/toode\/marienburg-kask-10kg\/","og_site_name":"BBQ Entertainment","article_publisher":"https:\/\/www.facebook.com\/BBQ-Entertainment-N-Catering-2437913376443540","article_modified_time":"2025-07-25T10:45:21+00:00","og_image":[{"width":750,"height":750,"url":"https:\/\/bbqentertainment.com\/wp-content\/uploads\/2020\/05\/BBQ-Entertainment-Ncatering-Enn-Tobreluts-_-marienburg-s\u00fcsi-2.jpg","type":"image\/jpeg"}],"twitter_card":"summary_large_image","twitter_misc":{"Est. reading time":"1 minute"},"schema":{"@context":"https:\/\/schema.org","@graph":[{"@type":["WebPage","ItemPage"],"@id":"https:\/\/bbqentertainment.com\/toode\/marienburg-kask-10kg\/","url":"https:\/\/bbqentertainment.com\/toode\/marienburg-kask-10kg\/","name":"Marienburg suuret\u00fckiline grills\u00fcsi (KASK) 10 kg \/ 80 L kott - BBQ Entertainment","isPartOf":{"@id":"https:\/\/bbqentertainment.com\/#website"},"primaryImageOfPage":{"@id":"https:\/\/bbqentertainment.com\/toode\/marienburg-kask-10kg\/#primaryimage"},"image":{"@id":"https:\/\/bbqentertainment.com\/toode\/marienburg-kask-10kg\/#primaryimage"},"thumbnailUrl":"https:\/\/bbqentertainment.com\/wp-content\/uploads\/2020\/05\/BBQ-Entertainment-Ncatering-Enn-Tobreluts-_-marienburg-s\u00fcsi-2.jpg","datePublished":"2020-05-11T17:50:58+00:00","dateModified":"2025-07-25T10:45:21+00:00","breadcrumb":{"@id":"https:\/\/bbqentertainment.com\/toode\/marienburg-kask-10kg\/#breadcrumb"},"inLanguage":"en-US","potentialAction":[{"@type":"ReadAction","target":["https:\/\/bbqentertainment.com\/toode\/marienburg-kask-10kg\/"]}]},{"@type":"ImageObject","inLanguage":"en-US","@id":"https:\/\/bbqentertainment.com\/toode\/marienburg-kask-10kg\/#primaryimage","url":"https:\/\/bbqentertainment.com\/wp-content\/uploads\/2020\/05\/BBQ-Entertainment-Ncatering-Enn-Tobreluts-_-marienburg-s\u00fcsi-2.jpg","contentUrl":"https:\/\/bbqentertainment.com\/wp-content\/uploads\/2020\/05\/BBQ-Entertainment-Ncatering-Enn-Tobreluts-_-marienburg-s\u00fcsi-2.jpg","width":750,"height":750},{"@type":"BreadcrumbList","@id":"https:\/\/bbqentertainment.com\/toode\/marienburg-kask-10kg\/#breadcrumb","itemListElement":[{"@type":"ListItem","position":1,"name":"AVALEHT","item":"https:\/\/bbqentertainment.com\/en\/"},{"@type":"ListItem","position":2,"name":"Tooted","item":"https:\/\/bbqentertainment.com\/tooted\/"},{"@type":"ListItem","position":3,"name":"K\u00fcte","item":"https:\/\/bbqentertainment.com\/tootekategooria\/grillsusi\/"},{"@type":"ListItem","position":4,"name":"MARIENBURG GRILLS\u00dcSI","item":"https:\/\/bbqentertainment.com\/tootekategooria\/grillsusi\/marienburg\/"},{"@type":"ListItem","position":5,"name":"Marienburg suuret\u00fckiline grills\u00fcsi (KASK) 10 kg \/ 80 L kott"}]},{"@type":"WebSite","@id":"https:\/\/bbqentertainment.com\/#website","url":"https:\/\/bbqentertainment.com\/","name":"BBQ Entertainment","description":"BBQ is a great lifestyle, not just fun!","publisher":{"@id":"https:\/\/bbqentertainment.com\/#organization"},"potentialAction":[{"@type":"SearchAction","target":{"@type":"EntryPoint","urlTemplate":"https:\/\/bbqentertainment.com\/?s={search_term_string}"},"query-input":{"@type":"PropertyValueSpecification","valueRequired":true,"valueName":"search_term_string"}}],"inLanguage":"en-US"},{"@type":"Organization","@id":"https:\/\/bbqentertainment.com\/#organization","name":"BBQ Entertainment O\u00dc","url":"https:\/\/bbqentertainment.com\/","logo":{"@type":"ImageObject","inLanguage":"en-US","@id":"https:\/\/bbqentertainment.com\/#\/schema\/logo\/image\/","url":"https:\/\/bbqentertainment.com\/wp-content\/uploads\/2020\/04\/BBQ-Entertainment-N-Catering-Enn-Tobreluts-Logo.png","contentUrl":"https:\/\/bbqentertainment.com\/wp-content\/uploads\/2020\/04\/BBQ-Entertainment-N-Catering-Enn-Tobreluts-Logo.png","width":628,"height":266,"caption":"BBQ Entertainment O\u00dc"},"image":{"@id":"https:\/\/bbqentertainment.com\/#\/schema\/logo\/image\/"},"sameAs":["https:\/\/www.facebook.com\/BBQ-Entertainment-N-Catering-2437913376443540","https:\/\/www.instagram.com\/bbqentertainmentncatering\/","https:\/\/www.youtube.com\/channel\/UCmpuANQVhLy2Md8nrenp2jA"]}]}},"_links":{"self":[{"href":"https:\/\/bbqentertainment.com\/en\/wp-json\/wp\/v2\/product\/2777","targetHints":{"allow":["GET"]}}],"collection":[{"href":"https:\/\/bbqentertainment.com\/en\/wp-json\/wp\/v2\/product"}],"about":[{"href":"https:\/\/bbqentertainment.com\/en\/wp-json\/wp\/v2\/types\/product"}],"wp:featuredmedia":[{"embeddable":true,"href":"https:\/\/bbqentertainment.com\/en\/wp-json\/wp\/v2\/media\/8962"}],"wp:attachment":[{"href":"https:\/\/bbqentertainment.com\/en\/wp-json\/wp\/v2\/media?parent=2777"}],"wp:term":[{"taxonomy":"product_brand","embeddable":true,"href":"https:\/\/bbqentertainment.com\/en\/wp-json\/wp\/v2\/product_brand?post=2777"},{"taxonomy":"product_cat","embeddable":true,"href":"https:\/\/bbqentertainment.com\/en\/wp-json\/wp\/v2\/product_cat?post=2777"},{"taxonomy":"product_tag","embeddable":true,"href":"https:\/\/bbqentertainment.com\/en\/wp-json\/wp\/v2\/product_tag?post=2777"}],"curies":[{"name":"wp","href":"https:\/\/api.w.org\/{rel}","templated":true}]}}