{"id":2797,"date":"2020-05-14T08:18:48","date_gmt":"2020-05-14T06:18:48","guid":{"rendered":"https:\/\/bbqentertainment.com\/?post_type=product&#038;p=2797"},"modified":"2026-03-07T23:27:56","modified_gmt":"2026-03-07T21:27:56","slug":"grillitarvikute-komplekt-everdure-kolmeosaline","status":"publish","type":"product","link":"https:\/\/bbqentertainment.com\/en\/toode\/grillitarvikute-komplekt-everdure-kolmeosaline\/","title":{"rendered":"Grillitarvikute komplekt Everdure by Heston Blumenthal (kolmeosaline)"},"content":{"rendered":"","protected":false},"excerpt":{"rendered":"<h3><strong>Grillitarvikute komplekt Everdure by Heston Blumenthal (kolmeosaline) (L)<i class=\"fa fa-globe f-18 m-l-5\" style=\"font-style: normal; font-variant: normal; font-weight: normal; line-height: 1; font-family: FontAwesome; font-size: 18px !important; margin-left: 5px !important; color: #5b5b5b; letter-spacing: normal; text-align: left; text-indent: 0px; text-transform: none; background-color: #ffffff;\" title=\"\" data-container=\"body\" data-trigger=\"hover\" data-toggle=\"popover\" data-placement=\"bottom\" data-html=\"true\" data-content=\"&lt;div&gt;&lt;div class=&quot;bold&quot;&gt;eesti keeles&lt;\/div&gt;&lt;div class=&quot;&quot;&gt;Grillitarvikute komlekt Everdure by Heston Blumenthal (kolme osaline)&lt;\/div&gt;&lt;div class=&quot;m-b-10&quot;&gt;&lt;\/div&gt;&lt;div class=&quot;bold&quot;&gt;inglise keeles&lt;\/div&gt;&lt;div class=&quot;&quot;&gt;&lt;\/div&gt;&lt;div class=&quot;m-b-10&quot;&gt;&lt;\/div&gt;&lt;div class=&quot;bold&quot;&gt;vene keeles&lt;\/div&gt;&lt;div class=&quot;&quot;&gt;&lt;\/div&gt;&lt;div class=&quot;m-b-10&quot;&gt;&lt;\/div&gt;&lt;\/div&gt;\" data-original-title=\"\"><\/i><\/strong><\/h3>\n<p>Komplekti kuulub:<\/p>\n<ul>\n<li>Roostevabast terasest grill-tangid patenteeritud magnetiga lukustusmehhanismiga (m\u00f5\u00f5dud 445x51x47mm)<\/li>\n<li>Roostevabast terasest grill-labidas (m\u00f5\u00f5dud 448 X 99 X 42 mm)<\/li>\n<li>Roostevabast terasest grill-kahvel (m\u00f5\u00f5dud 416 X 42 X 36 mm)<\/li>\n<\/ul>\n","protected":false},"featured_media":2798,"template":"","meta":{"inline_featured_image":false},"product_brand":[],"product_cat":[92,479,210],"product_tag":[],"class_list":{"0":"post-2797","1":"product","2":"type-product","3":"status-publish","4":"has-post-thumbnail","6":"product_cat-lisatarvikud","7":"product_cat-grillitarvikud","8":"product_cat-lisatarvikud-everdure-by-heston","10":"first","11":"instock","12":"sale","13":"taxable","14":"shipping-taxable","15":"purchasable","16":"product-type-simple"},"yoast_head":"<!-- This site is optimized with the Yoast SEO plugin v27.2 - https:\/\/yoast.com\/product\/yoast-seo-wordpress\/ -->\n<title>Grillitarvikute komplekt Everdure by Heston Blumenthal (kolmeosaline) - BBQ Entertainment<\/title>\n<meta name=\"robots\" content=\"index, follow, max-snippet:-1, max-image-preview:large, max-video-preview:-1\" \/>\n<link rel=\"canonical\" href=\"https:\/\/bbqentertainment.com\/toode\/grillitarvikute-komplekt-everdure-kolmeosaline\/\" \/>\n<meta property=\"og:locale\" content=\"en_US\" \/>\n<meta property=\"og:type\" content=\"article\" \/>\n<meta property=\"og:title\" content=\"Grillitarvikute komplekt Everdure by Heston Blumenthal (kolmeosaline) - BBQ Entertainment\" \/>\n<meta property=\"og:description\" content=\"Grillitarvikute komplekt Everdure by Heston Blumenthal (kolmeosaline) (L) Komplekti kuulub:   Roostevabast terasest grill-tangid patenteeritud magnetiga lukustusmehhanismiga (m\u00f5\u00f5dud 445x51x47mm)  Roostevabast terasest grill-labidas (m\u00f5\u00f5dud 448 X 99 X 42 mm)  Roostevabast terasest grill-kahvel (m\u00f5\u00f5dud 416 X 42 X 36 mm)\" \/>\n<meta property=\"og:url\" content=\"https:\/\/bbqentertainment.com\/toode\/grillitarvikute-komplekt-everdure-kolmeosaline\/\" \/>\n<meta property=\"og:site_name\" content=\"BBQ Entertainment\" \/>\n<meta property=\"article:publisher\" content=\"https:\/\/www.facebook.com\/BBQ-Entertainment-N-Catering-2437913376443540\" \/>\n<meta property=\"article:modified_time\" content=\"2026-03-07T21:27:56+00:00\" \/>\n<meta property=\"og:image\" content=\"https:\/\/bbqentertainment.com\/wp-content\/uploads\/2020\/05\/LARGE-PREMIUM-TOOLKIT.jpg\" \/>\n\t<meta property=\"og:image:width\" content=\"600\" \/>\n\t<meta property=\"og:image:height\" content=\"600\" \/>\n\t<meta property=\"og:image:type\" content=\"image\/jpeg\" \/>\n<meta name=\"twitter:card\" content=\"summary_large_image\" \/>\n<script type=\"application\/ld+json\" class=\"yoast-schema-graph\">{\"@context\":\"https:\/\/schema.org\",\"@graph\":[{\"@type\":[\"WebPage\",\"ItemPage\"],\"@id\":\"https:\/\/bbqentertainment.com\/toode\/grillitarvikute-komplekt-everdure-kolmeosaline\/\",\"url\":\"https:\/\/bbqentertainment.com\/toode\/grillitarvikute-komplekt-everdure-kolmeosaline\/\",\"name\":\"Grillitarvikute komplekt Everdure by Heston Blumenthal (kolmeosaline) - BBQ Entertainment\",\"isPartOf\":{\"@id\":\"https:\/\/bbqentertainment.com\/#website\"},\"primaryImageOfPage\":{\"@id\":\"https:\/\/bbqentertainment.com\/toode\/grillitarvikute-komplekt-everdure-kolmeosaline\/#primaryimage\"},\"image\":{\"@id\":\"https:\/\/bbqentertainment.com\/toode\/grillitarvikute-komplekt-everdure-kolmeosaline\/#primaryimage\"},\"thumbnailUrl\":\"https:\/\/bbqentertainment.com\/wp-content\/uploads\/2020\/05\/LARGE-PREMIUM-TOOLKIT.jpg\",\"datePublished\":\"2020-05-14T06:18:48+00:00\",\"dateModified\":\"2026-03-07T21:27:56+00:00\",\"breadcrumb\":{\"@id\":\"https:\/\/bbqentertainment.com\/toode\/grillitarvikute-komplekt-everdure-kolmeosaline\/#breadcrumb\"},\"inLanguage\":\"en-US\",\"potentialAction\":[{\"@type\":\"ReadAction\",\"target\":[\"https:\/\/bbqentertainment.com\/toode\/grillitarvikute-komplekt-everdure-kolmeosaline\/\"]}]},{\"@type\":\"ImageObject\",\"inLanguage\":\"en-US\",\"@id\":\"https:\/\/bbqentertainment.com\/toode\/grillitarvikute-komplekt-everdure-kolmeosaline\/#primaryimage\",\"url\":\"https:\/\/bbqentertainment.com\/wp-content\/uploads\/2020\/05\/LARGE-PREMIUM-TOOLKIT.jpg\",\"contentUrl\":\"https:\/\/bbqentertainment.com\/wp-content\/uploads\/2020\/05\/LARGE-PREMIUM-TOOLKIT.jpg\",\"width\":600,\"height\":600},{\"@type\":\"BreadcrumbList\",\"@id\":\"https:\/\/bbqentertainment.com\/toode\/grillitarvikute-komplekt-everdure-kolmeosaline\/#breadcrumb\",\"itemListElement\":[{\"@type\":\"ListItem\",\"position\":1,\"name\":\"AVALEHT\",\"item\":\"https:\/\/bbqentertainment.com\/en\/\"},{\"@type\":\"ListItem\",\"position\":2,\"name\":\"Tooted\",\"item\":\"https:\/\/bbqentertainment.com\/tooted\/\"},{\"@type\":\"ListItem\",\"position\":3,\"name\":\"Lisatarvikud\",\"item\":\"https:\/\/bbqentertainment.com\/tootekategooria\/lisatarvikud\/\"},{\"@type\":\"ListItem\",\"position\":4,\"name\":\"Grillitarvikute komplekt Everdure by Heston Blumenthal (kolmeosaline)\"}]},{\"@type\":\"WebSite\",\"@id\":\"https:\/\/bbqentertainment.com\/#website\",\"url\":\"https:\/\/bbqentertainment.com\/\",\"name\":\"BBQ Entertainment\",\"description\":\"BBQ is a great lifestyle, not just fun!\",\"publisher\":{\"@id\":\"https:\/\/bbqentertainment.com\/#organization\"},\"potentialAction\":[{\"@type\":\"SearchAction\",\"target\":{\"@type\":\"EntryPoint\",\"urlTemplate\":\"https:\/\/bbqentertainment.com\/?s={search_term_string}\"},\"query-input\":{\"@type\":\"PropertyValueSpecification\",\"valueRequired\":true,\"valueName\":\"search_term_string\"}}],\"inLanguage\":\"en-US\"},{\"@type\":\"Organization\",\"@id\":\"https:\/\/bbqentertainment.com\/#organization\",\"name\":\"BBQ Entertainment O\u00dc\",\"url\":\"https:\/\/bbqentertainment.com\/\",\"logo\":{\"@type\":\"ImageObject\",\"inLanguage\":\"en-US\",\"@id\":\"https:\/\/bbqentertainment.com\/#\/schema\/logo\/image\/\",\"url\":\"https:\/\/bbqentertainment.com\/wp-content\/uploads\/2020\/04\/BBQ-Entertainment-N-Catering-Enn-Tobreluts-Logo.png\",\"contentUrl\":\"https:\/\/bbqentertainment.com\/wp-content\/uploads\/2020\/04\/BBQ-Entertainment-N-Catering-Enn-Tobreluts-Logo.png\",\"width\":628,\"height\":266,\"caption\":\"BBQ Entertainment O\u00dc\"},\"image\":{\"@id\":\"https:\/\/bbqentertainment.com\/#\/schema\/logo\/image\/\"},\"sameAs\":[\"https:\/\/www.facebook.com\/BBQ-Entertainment-N-Catering-2437913376443540\",\"https:\/\/www.instagram.com\/bbqentertainmentncatering\/\",\"https:\/\/www.youtube.com\/channel\/UCmpuANQVhLy2Md8nrenp2jA\"]}]}<\/script>\n<!-- \/ Yoast SEO plugin. -->","yoast_head_json":{"title":"Grillitarvikute komplekt Everdure by Heston Blumenthal (kolmeosaline) - BBQ Entertainment","robots":{"index":"index","follow":"follow","max-snippet":"max-snippet:-1","max-image-preview":"max-image-preview:large","max-video-preview":"max-video-preview:-1"},"canonical":"https:\/\/bbqentertainment.com\/toode\/grillitarvikute-komplekt-everdure-kolmeosaline\/","og_locale":"en_US","og_type":"article","og_title":"Grillitarvikute komplekt Everdure by Heston Blumenthal (kolmeosaline) - BBQ Entertainment","og_description":"Grillitarvikute komplekt Everdure by Heston Blumenthal (kolmeosaline) (L) Komplekti kuulub:   Roostevabast terasest grill-tangid patenteeritud magnetiga lukustusmehhanismiga (m\u00f5\u00f5dud 445x51x47mm)  Roostevabast terasest grill-labidas (m\u00f5\u00f5dud 448 X 99 X 42 mm)  Roostevabast terasest grill-kahvel (m\u00f5\u00f5dud 416 X 42 X 36 mm)","og_url":"https:\/\/bbqentertainment.com\/toode\/grillitarvikute-komplekt-everdure-kolmeosaline\/","og_site_name":"BBQ Entertainment","article_publisher":"https:\/\/www.facebook.com\/BBQ-Entertainment-N-Catering-2437913376443540","article_modified_time":"2026-03-07T21:27:56+00:00","og_image":[{"width":600,"height":600,"url":"https:\/\/bbqentertainment.com\/wp-content\/uploads\/2020\/05\/LARGE-PREMIUM-TOOLKIT.jpg","type":"image\/jpeg"}],"twitter_card":"summary_large_image","schema":{"@context":"https:\/\/schema.org","@graph":[{"@type":["WebPage","ItemPage"],"@id":"https:\/\/bbqentertainment.com\/toode\/grillitarvikute-komplekt-everdure-kolmeosaline\/","url":"https:\/\/bbqentertainment.com\/toode\/grillitarvikute-komplekt-everdure-kolmeosaline\/","name":"Grillitarvikute komplekt Everdure by Heston Blumenthal (kolmeosaline) - BBQ Entertainment","isPartOf":{"@id":"https:\/\/bbqentertainment.com\/#website"},"primaryImageOfPage":{"@id":"https:\/\/bbqentertainment.com\/toode\/grillitarvikute-komplekt-everdure-kolmeosaline\/#primaryimage"},"image":{"@id":"https:\/\/bbqentertainment.com\/toode\/grillitarvikute-komplekt-everdure-kolmeosaline\/#primaryimage"},"thumbnailUrl":"https:\/\/bbqentertainment.com\/wp-content\/uploads\/2020\/05\/LARGE-PREMIUM-TOOLKIT.jpg","datePublished":"2020-05-14T06:18:48+00:00","dateModified":"2026-03-07T21:27:56+00:00","breadcrumb":{"@id":"https:\/\/bbqentertainment.com\/toode\/grillitarvikute-komplekt-everdure-kolmeosaline\/#breadcrumb"},"inLanguage":"en-US","potentialAction":[{"@type":"ReadAction","target":["https:\/\/bbqentertainment.com\/toode\/grillitarvikute-komplekt-everdure-kolmeosaline\/"]}]},{"@type":"ImageObject","inLanguage":"en-US","@id":"https:\/\/bbqentertainment.com\/toode\/grillitarvikute-komplekt-everdure-kolmeosaline\/#primaryimage","url":"https:\/\/bbqentertainment.com\/wp-content\/uploads\/2020\/05\/LARGE-PREMIUM-TOOLKIT.jpg","contentUrl":"https:\/\/bbqentertainment.com\/wp-content\/uploads\/2020\/05\/LARGE-PREMIUM-TOOLKIT.jpg","width":600,"height":600},{"@type":"BreadcrumbList","@id":"https:\/\/bbqentertainment.com\/toode\/grillitarvikute-komplekt-everdure-kolmeosaline\/#breadcrumb","itemListElement":[{"@type":"ListItem","position":1,"name":"AVALEHT","item":"https:\/\/bbqentertainment.com\/en\/"},{"@type":"ListItem","position":2,"name":"Tooted","item":"https:\/\/bbqentertainment.com\/tooted\/"},{"@type":"ListItem","position":3,"name":"Lisatarvikud","item":"https:\/\/bbqentertainment.com\/tootekategooria\/lisatarvikud\/"},{"@type":"ListItem","position":4,"name":"Grillitarvikute komplekt Everdure by Heston Blumenthal (kolmeosaline)"}]},{"@type":"WebSite","@id":"https:\/\/bbqentertainment.com\/#website","url":"https:\/\/bbqentertainment.com\/","name":"BBQ Entertainment","description":"BBQ is a great lifestyle, not just fun!","publisher":{"@id":"https:\/\/bbqentertainment.com\/#organization"},"potentialAction":[{"@type":"SearchAction","target":{"@type":"EntryPoint","urlTemplate":"https:\/\/bbqentertainment.com\/?s={search_term_string}"},"query-input":{"@type":"PropertyValueSpecification","valueRequired":true,"valueName":"search_term_string"}}],"inLanguage":"en-US"},{"@type":"Organization","@id":"https:\/\/bbqentertainment.com\/#organization","name":"BBQ Entertainment O\u00dc","url":"https:\/\/bbqentertainment.com\/","logo":{"@type":"ImageObject","inLanguage":"en-US","@id":"https:\/\/bbqentertainment.com\/#\/schema\/logo\/image\/","url":"https:\/\/bbqentertainment.com\/wp-content\/uploads\/2020\/04\/BBQ-Entertainment-N-Catering-Enn-Tobreluts-Logo.png","contentUrl":"https:\/\/bbqentertainment.com\/wp-content\/uploads\/2020\/04\/BBQ-Entertainment-N-Catering-Enn-Tobreluts-Logo.png","width":628,"height":266,"caption":"BBQ Entertainment O\u00dc"},"image":{"@id":"https:\/\/bbqentertainment.com\/#\/schema\/logo\/image\/"},"sameAs":["https:\/\/www.facebook.com\/BBQ-Entertainment-N-Catering-2437913376443540","https:\/\/www.instagram.com\/bbqentertainmentncatering\/","https:\/\/www.youtube.com\/channel\/UCmpuANQVhLy2Md8nrenp2jA"]}]}},"_links":{"self":[{"href":"https:\/\/bbqentertainment.com\/en\/wp-json\/wp\/v2\/product\/2797","targetHints":{"allow":["GET"]}}],"collection":[{"href":"https:\/\/bbqentertainment.com\/en\/wp-json\/wp\/v2\/product"}],"about":[{"href":"https:\/\/bbqentertainment.com\/en\/wp-json\/wp\/v2\/types\/product"}],"wp:featuredmedia":[{"embeddable":true,"href":"https:\/\/bbqentertainment.com\/en\/wp-json\/wp\/v2\/media\/2798"}],"wp:attachment":[{"href":"https:\/\/bbqentertainment.com\/en\/wp-json\/wp\/v2\/media?parent=2797"}],"wp:term":[{"taxonomy":"product_brand","embeddable":true,"href":"https:\/\/bbqentertainment.com\/en\/wp-json\/wp\/v2\/product_brand?post=2797"},{"taxonomy":"product_cat","embeddable":true,"href":"https:\/\/bbqentertainment.com\/en\/wp-json\/wp\/v2\/product_cat?post=2797"},{"taxonomy":"product_tag","embeddable":true,"href":"https:\/\/bbqentertainment.com\/en\/wp-json\/wp\/v2\/product_tag?post=2797"}],"curies":[{"name":"wp","href":"https:\/\/api.w.org\/{rel}","templated":true}]}}