{"id":3430,"date":"2020-05-29T09:02:34","date_gmt":"2020-05-29T06:02:34","guid":{"rendered":"https:\/\/bbqentertainment.com\/?post_type=product&#038;p=3430"},"modified":"2026-03-12T17:14:42","modified_gmt":"2026-03-12T15:14:42","slug":"grillahju-transpordi-teenus-ule-eesti","status":"publish","type":"product","link":"https:\/\/bbqentertainment.com\/en\/toode\/grillahju-transpordi-teenus-ule-eesti\/","title":{"rendered":"Grillahju transpordi teenus \u00fcle Eesti"},"content":{"rendered":"","protected":false},"excerpt":{"rendered":"<h3><span style=\"color: #000000;\"><strong>Grillahju transpordi teenus \u00fcle Eesti<\/strong><\/span><\/h3>\n<ul data-start=\"282\" data-end=\"490\">\n<li data-start=\"282\" data-end=\"314\"><span style=\"color: #000000;\">TASUTA transport tellimustele alates 100 EUR!<\/span><\/li>\n<li class=\"\" data-start=\"282\" data-end=\"314\">\n<p class=\"\" data-start=\"284\" data-end=\"314\"><span style=\"color: #000000;\">Ahju kokkupaneku teenus t\u00e4iendaval kokkuleppel (tavahind on 100 \u20ac aga see s\u00f5ltub asukohast). Oma soovist kirjuta tellimuse vormistamisel m\u00e4rkuste lahtrisse v\u00f5i saada meile email: info@bbq.ee<br \/>\n<\/span><\/p>\n<\/li>\n<li data-start=\"282\" data-end=\"314\">Tasuta kohalevedu ei kehti DEMO ja KASUTATUD grillidele, sest need ei ole pakendis<\/li>\n<\/ul>\n","protected":false},"featured_media":1467,"template":"","meta":{"inline_featured_image":false},"product_brand":[],"product_cat":[17,661,650,625,616,729,707,561,19,476,470,349,18,178],"product_tag":[],"class_list":{"0":"post-3430","1":"product","2":"type-product","3":"status-publish","4":"has-post-thumbnail","6":"product_cat-grillid-ja-ahjud","7":"product_cat-big-green-egg","8":"product_cat-suitsuahjud","9":"product_cat-napoleon-soegrillid","10":"product_cat-grllr-soegrillid","11":"product_cat-camp-chef","12":"product_cat-gmg","13":"product_cat-napoleon-gaasigrillid","14":"product_cat-masterbuilt-ahjud","15":"product_cat-traeger","16":"product_cat-komodo-kamado","17":"product_cat-kamado-joe-tooted","18":"product_cat-kamado-joe","19":"product_cat-muud-tooted","21":"first","22":"instock","23":"sale","24":"taxable","25":"shipping-taxable","26":"purchasable","27":"product-type-simple"},"yoast_head":"<!-- This site is optimized with the Yoast SEO plugin v27.2 - https:\/\/yoast.com\/product\/yoast-seo-wordpress\/ -->\n<title>Grillahju transpordi teenus \u00fcle Eesti - BBQ Entertainment<\/title>\n<meta name=\"robots\" content=\"index, follow, max-snippet:-1, max-image-preview:large, max-video-preview:-1\" \/>\n<link rel=\"canonical\" href=\"https:\/\/bbqentertainment.com\/toode\/grillahju-transpordi-teenus-ule-eesti\/\" \/>\n<meta property=\"og:locale\" content=\"en_US\" \/>\n<meta property=\"og:type\" content=\"article\" \/>\n<meta property=\"og:title\" content=\"Grillahju transpordi teenus \u00fcle Eesti - BBQ Entertainment\" \/>\n<meta property=\"og:description\" content=\"Grillahju transpordi teenus \u00fcle Eesti   TASUTA transport tellimustele alates 100 EUR!   Ahju kokkupaneku teenus t\u00e4iendaval kokkuleppel (tavahind on 100 \u20ac aga see s\u00f5ltub asukohast). Oma soovist kirjuta tellimuse vormistamisel m\u00e4rkuste lahtrisse v\u00f5i saada meile email: info@bbq.ee    Tasuta kohalevedu ei kehti DEMO ja KASUTATUD grillidele, sest need ei ole pakendis\" \/>\n<meta property=\"og:url\" content=\"https:\/\/bbqentertainment.com\/toode\/grillahju-transpordi-teenus-ule-eesti\/\" \/>\n<meta property=\"og:site_name\" content=\"BBQ Entertainment\" \/>\n<meta property=\"article:publisher\" content=\"https:\/\/www.facebook.com\/BBQ-Entertainment-N-Catering-2437913376443540\" \/>\n<meta property=\"article:modified_time\" content=\"2026-03-12T15:14:42+00:00\" \/>\n<meta property=\"og:image\" content=\"https:\/\/bbqentertainment.com\/wp-content\/uploads\/2020\/04\/IMG_8738.jpg\" \/>\n\t<meta property=\"og:image:width\" content=\"699\" \/>\n\t<meta property=\"og:image:height\" content=\"1048\" \/>\n\t<meta property=\"og:image:type\" content=\"image\/jpeg\" \/>\n<meta name=\"twitter:card\" content=\"summary_large_image\" \/>\n<meta name=\"twitter:label1\" content=\"Est. reading time\" \/>\n\t<meta name=\"twitter:data1\" content=\"1 minute\" \/>\n<script type=\"application\/ld+json\" class=\"yoast-schema-graph\">{\"@context\":\"https:\/\/schema.org\",\"@graph\":[{\"@type\":[\"WebPage\",\"ItemPage\"],\"@id\":\"https:\/\/bbqentertainment.com\/toode\/grillahju-transpordi-teenus-ule-eesti\/\",\"url\":\"https:\/\/bbqentertainment.com\/toode\/grillahju-transpordi-teenus-ule-eesti\/\",\"name\":\"Grillahju transpordi teenus \u00fcle Eesti - BBQ Entertainment\",\"isPartOf\":{\"@id\":\"https:\/\/bbqentertainment.com\/#website\"},\"primaryImageOfPage\":{\"@id\":\"https:\/\/bbqentertainment.com\/toode\/grillahju-transpordi-teenus-ule-eesti\/#primaryimage\"},\"image\":{\"@id\":\"https:\/\/bbqentertainment.com\/toode\/grillahju-transpordi-teenus-ule-eesti\/#primaryimage\"},\"thumbnailUrl\":\"https:\/\/bbqentertainment.com\/wp-content\/uploads\/2020\/04\/IMG_8738.jpg\",\"datePublished\":\"2020-05-29T06:02:34+00:00\",\"dateModified\":\"2026-03-12T15:14:42+00:00\",\"breadcrumb\":{\"@id\":\"https:\/\/bbqentertainment.com\/toode\/grillahju-transpordi-teenus-ule-eesti\/#breadcrumb\"},\"inLanguage\":\"en-US\",\"potentialAction\":[{\"@type\":\"ReadAction\",\"target\":[\"https:\/\/bbqentertainment.com\/toode\/grillahju-transpordi-teenus-ule-eesti\/\"]}]},{\"@type\":\"ImageObject\",\"inLanguage\":\"en-US\",\"@id\":\"https:\/\/bbqentertainment.com\/toode\/grillahju-transpordi-teenus-ule-eesti\/#primaryimage\",\"url\":\"https:\/\/bbqentertainment.com\/wp-content\/uploads\/2020\/04\/IMG_8738.jpg\",\"contentUrl\":\"https:\/\/bbqentertainment.com\/wp-content\/uploads\/2020\/04\/IMG_8738.jpg\",\"width\":699,\"height\":1048},{\"@type\":\"BreadcrumbList\",\"@id\":\"https:\/\/bbqentertainment.com\/toode\/grillahju-transpordi-teenus-ule-eesti\/#breadcrumb\",\"itemListElement\":[{\"@type\":\"ListItem\",\"position\":1,\"name\":\"AVALEHT\",\"item\":\"https:\/\/bbqentertainment.com\/en\/\"},{\"@type\":\"ListItem\",\"position\":2,\"name\":\"Tooted\",\"item\":\"https:\/\/bbqentertainment.com\/tooted\/\"},{\"@type\":\"ListItem\",\"position\":3,\"name\":\"Kamado joe\",\"item\":\"https:\/\/bbqentertainment.com\/tootekategooria\/kamado-joe-tooted\/\"},{\"@type\":\"ListItem\",\"position\":4,\"name\":\"Kamado Joe\",\"item\":\"https:\/\/bbqentertainment.com\/tootekategooria\/kamado-joe-tooted\/kamado-joe\/\"},{\"@type\":\"ListItem\",\"position\":5,\"name\":\"Grillahju transpordi teenus \u00fcle Eesti\"}]},{\"@type\":\"WebSite\",\"@id\":\"https:\/\/bbqentertainment.com\/#website\",\"url\":\"https:\/\/bbqentertainment.com\/\",\"name\":\"BBQ Entertainment\",\"description\":\"BBQ is a great lifestyle, not just fun!\",\"publisher\":{\"@id\":\"https:\/\/bbqentertainment.com\/#organization\"},\"potentialAction\":[{\"@type\":\"SearchAction\",\"target\":{\"@type\":\"EntryPoint\",\"urlTemplate\":\"https:\/\/bbqentertainment.com\/?s={search_term_string}\"},\"query-input\":{\"@type\":\"PropertyValueSpecification\",\"valueRequired\":true,\"valueName\":\"search_term_string\"}}],\"inLanguage\":\"en-US\"},{\"@type\":\"Organization\",\"@id\":\"https:\/\/bbqentertainment.com\/#organization\",\"name\":\"BBQ Entertainment O\u00dc\",\"url\":\"https:\/\/bbqentertainment.com\/\",\"logo\":{\"@type\":\"ImageObject\",\"inLanguage\":\"en-US\",\"@id\":\"https:\/\/bbqentertainment.com\/#\/schema\/logo\/image\/\",\"url\":\"https:\/\/bbqentertainment.com\/wp-content\/uploads\/2020\/04\/BBQ-Entertainment-N-Catering-Enn-Tobreluts-Logo.png\",\"contentUrl\":\"https:\/\/bbqentertainment.com\/wp-content\/uploads\/2020\/04\/BBQ-Entertainment-N-Catering-Enn-Tobreluts-Logo.png\",\"width\":628,\"height\":266,\"caption\":\"BBQ Entertainment O\u00dc\"},\"image\":{\"@id\":\"https:\/\/bbqentertainment.com\/#\/schema\/logo\/image\/\"},\"sameAs\":[\"https:\/\/www.facebook.com\/BBQ-Entertainment-N-Catering-2437913376443540\",\"https:\/\/www.instagram.com\/bbqentertainmentncatering\/\",\"https:\/\/www.youtube.com\/channel\/UCmpuANQVhLy2Md8nrenp2jA\"]}]}<\/script>\n<!-- \/ Yoast SEO plugin. -->","yoast_head_json":{"title":"Grillahju transpordi teenus \u00fcle Eesti - BBQ Entertainment","robots":{"index":"index","follow":"follow","max-snippet":"max-snippet:-1","max-image-preview":"max-image-preview:large","max-video-preview":"max-video-preview:-1"},"canonical":"https:\/\/bbqentertainment.com\/toode\/grillahju-transpordi-teenus-ule-eesti\/","og_locale":"en_US","og_type":"article","og_title":"Grillahju transpordi teenus \u00fcle Eesti - BBQ Entertainment","og_description":"Grillahju transpordi teenus \u00fcle Eesti   TASUTA transport tellimustele alates 100 EUR!   Ahju kokkupaneku teenus t\u00e4iendaval kokkuleppel (tavahind on 100 \u20ac aga see s\u00f5ltub asukohast). Oma soovist kirjuta tellimuse vormistamisel m\u00e4rkuste lahtrisse v\u00f5i saada meile email: info@bbq.ee    Tasuta kohalevedu ei kehti DEMO ja KASUTATUD grillidele, sest need ei ole pakendis","og_url":"https:\/\/bbqentertainment.com\/toode\/grillahju-transpordi-teenus-ule-eesti\/","og_site_name":"BBQ Entertainment","article_publisher":"https:\/\/www.facebook.com\/BBQ-Entertainment-N-Catering-2437913376443540","article_modified_time":"2026-03-12T15:14:42+00:00","og_image":[{"width":699,"height":1048,"url":"https:\/\/bbqentertainment.com\/wp-content\/uploads\/2020\/04\/IMG_8738.jpg","type":"image\/jpeg"}],"twitter_card":"summary_large_image","twitter_misc":{"Est. reading time":"1 minute"},"schema":{"@context":"https:\/\/schema.org","@graph":[{"@type":["WebPage","ItemPage"],"@id":"https:\/\/bbqentertainment.com\/toode\/grillahju-transpordi-teenus-ule-eesti\/","url":"https:\/\/bbqentertainment.com\/toode\/grillahju-transpordi-teenus-ule-eesti\/","name":"Grillahju transpordi teenus \u00fcle Eesti - BBQ Entertainment","isPartOf":{"@id":"https:\/\/bbqentertainment.com\/#website"},"primaryImageOfPage":{"@id":"https:\/\/bbqentertainment.com\/toode\/grillahju-transpordi-teenus-ule-eesti\/#primaryimage"},"image":{"@id":"https:\/\/bbqentertainment.com\/toode\/grillahju-transpordi-teenus-ule-eesti\/#primaryimage"},"thumbnailUrl":"https:\/\/bbqentertainment.com\/wp-content\/uploads\/2020\/04\/IMG_8738.jpg","datePublished":"2020-05-29T06:02:34+00:00","dateModified":"2026-03-12T15:14:42+00:00","breadcrumb":{"@id":"https:\/\/bbqentertainment.com\/toode\/grillahju-transpordi-teenus-ule-eesti\/#breadcrumb"},"inLanguage":"en-US","potentialAction":[{"@type":"ReadAction","target":["https:\/\/bbqentertainment.com\/toode\/grillahju-transpordi-teenus-ule-eesti\/"]}]},{"@type":"ImageObject","inLanguage":"en-US","@id":"https:\/\/bbqentertainment.com\/toode\/grillahju-transpordi-teenus-ule-eesti\/#primaryimage","url":"https:\/\/bbqentertainment.com\/wp-content\/uploads\/2020\/04\/IMG_8738.jpg","contentUrl":"https:\/\/bbqentertainment.com\/wp-content\/uploads\/2020\/04\/IMG_8738.jpg","width":699,"height":1048},{"@type":"BreadcrumbList","@id":"https:\/\/bbqentertainment.com\/toode\/grillahju-transpordi-teenus-ule-eesti\/#breadcrumb","itemListElement":[{"@type":"ListItem","position":1,"name":"AVALEHT","item":"https:\/\/bbqentertainment.com\/en\/"},{"@type":"ListItem","position":2,"name":"Tooted","item":"https:\/\/bbqentertainment.com\/tooted\/"},{"@type":"ListItem","position":3,"name":"Kamado joe","item":"https:\/\/bbqentertainment.com\/tootekategooria\/kamado-joe-tooted\/"},{"@type":"ListItem","position":4,"name":"Kamado Joe","item":"https:\/\/bbqentertainment.com\/tootekategooria\/kamado-joe-tooted\/kamado-joe\/"},{"@type":"ListItem","position":5,"name":"Grillahju transpordi teenus \u00fcle Eesti"}]},{"@type":"WebSite","@id":"https:\/\/bbqentertainment.com\/#website","url":"https:\/\/bbqentertainment.com\/","name":"BBQ Entertainment","description":"BBQ is a great lifestyle, not just fun!","publisher":{"@id":"https:\/\/bbqentertainment.com\/#organization"},"potentialAction":[{"@type":"SearchAction","target":{"@type":"EntryPoint","urlTemplate":"https:\/\/bbqentertainment.com\/?s={search_term_string}"},"query-input":{"@type":"PropertyValueSpecification","valueRequired":true,"valueName":"search_term_string"}}],"inLanguage":"en-US"},{"@type":"Organization","@id":"https:\/\/bbqentertainment.com\/#organization","name":"BBQ Entertainment O\u00dc","url":"https:\/\/bbqentertainment.com\/","logo":{"@type":"ImageObject","inLanguage":"en-US","@id":"https:\/\/bbqentertainment.com\/#\/schema\/logo\/image\/","url":"https:\/\/bbqentertainment.com\/wp-content\/uploads\/2020\/04\/BBQ-Entertainment-N-Catering-Enn-Tobreluts-Logo.png","contentUrl":"https:\/\/bbqentertainment.com\/wp-content\/uploads\/2020\/04\/BBQ-Entertainment-N-Catering-Enn-Tobreluts-Logo.png","width":628,"height":266,"caption":"BBQ Entertainment O\u00dc"},"image":{"@id":"https:\/\/bbqentertainment.com\/#\/schema\/logo\/image\/"},"sameAs":["https:\/\/www.facebook.com\/BBQ-Entertainment-N-Catering-2437913376443540","https:\/\/www.instagram.com\/bbqentertainmentncatering\/","https:\/\/www.youtube.com\/channel\/UCmpuANQVhLy2Md8nrenp2jA"]}]}},"_links":{"self":[{"href":"https:\/\/bbqentertainment.com\/en\/wp-json\/wp\/v2\/product\/3430","targetHints":{"allow":["GET"]}}],"collection":[{"href":"https:\/\/bbqentertainment.com\/en\/wp-json\/wp\/v2\/product"}],"about":[{"href":"https:\/\/bbqentertainment.com\/en\/wp-json\/wp\/v2\/types\/product"}],"wp:featuredmedia":[{"embeddable":true,"href":"https:\/\/bbqentertainment.com\/en\/wp-json\/wp\/v2\/media\/1467"}],"wp:attachment":[{"href":"https:\/\/bbqentertainment.com\/en\/wp-json\/wp\/v2\/media?parent=3430"}],"wp:term":[{"taxonomy":"product_brand","embeddable":true,"href":"https:\/\/bbqentertainment.com\/en\/wp-json\/wp\/v2\/product_brand?post=3430"},{"taxonomy":"product_cat","embeddable":true,"href":"https:\/\/bbqentertainment.com\/en\/wp-json\/wp\/v2\/product_cat?post=3430"},{"taxonomy":"product_tag","embeddable":true,"href":"https:\/\/bbqentertainment.com\/en\/wp-json\/wp\/v2\/product_tag?post=3430"}],"curies":[{"name":"wp","href":"https:\/\/api.w.org\/{rel}","templated":true}]}}