{"id":5370,"date":"2020-06-08T14:17:46","date_gmt":"2020-06-08T12:17:46","guid":{"rendered":"https:\/\/bbqentertainment.com\/?post_type=product&#038;p=5370"},"modified":"2025-07-25T13:45:45","modified_gmt":"2025-07-25T10:45:45","slug":"toolaud-jane-1200mm","status":"publish","type":"product","link":"https:\/\/bbqentertainment.com\/en\/toode\/toolaud-jane-1200mm\/","title":{"rendered":"T\u00d6\u00d6LAUD JANE 1200 mm Kamado Joe Classic Stand Alone \u00ae jaoks"},"content":{"rendered":"","protected":false},"excerpt":{"rendered":"<h3><strong>T\u00d6\u00d6LAUD JANE 1200 mm Kamado Joe Classic Stand Alone \u00ae\u00a0jaoks<\/strong><\/h3>\n<ul>\n<li>T\u00f6\u00f6laud JANE 1200 on m\u00f5eldud Kamado Joe\u00a0Classic II keraamilisele grillile<\/li>\n<li>T\u00f6\u00f6lauda on v\u00f5imalik vajadusel tellida ilma\u00a0avata, et saaksid seda kohandada vastavalt vajadusele<\/li>\n<li>Puit \u2013 \u00f5litatud termosaar<\/li>\n<li>V\u00e4rv \u2013 pulbertsink ja pulberv\u00e4rv<\/li>\n<li>Raam \u2014 metall<\/li>\n<li>Rattad \u2013 blickle p\u00f6\u00f6rleva kahvliga rattad\u00a0\u201cstop-fix\u201d lukustusega 4 tk (toodetud Saksamaal)<\/li>\n<li>M\u00f5\u00f5dud \u2013 1200 x 800 x 820 mm<\/li>\n<\/ul>\n","protected":false},"featured_media":5355,"template":"","meta":{"inline_featured_image":false},"product_brand":[],"product_cat":[236],"product_tag":[],"class_list":{"0":"post-5370","1":"product","2":"type-product","3":"status-publish","4":"has-post-thumbnail","6":"product_cat-grillilauad","8":"first","9":"instock","10":"taxable","11":"shipping-taxable","12":"purchasable","13":"product-type-simple"},"yoast_head":"<!-- This site is optimized with the Yoast SEO plugin v27.4 - https:\/\/yoast.com\/product\/yoast-seo-wordpress\/ -->\n<title>T\u00d6\u00d6LAUD JANE 1200 mm Kamado Joe Classic Stand Alone \u00ae jaoks - BBQ Entertainment<\/title>\n<meta name=\"robots\" content=\"index, follow, max-snippet:-1, max-image-preview:large, max-video-preview:-1\" \/>\n<link rel=\"canonical\" href=\"https:\/\/bbqentertainment.com\/toode\/toolaud-jane-1200mm\/\" \/>\n<meta property=\"og:locale\" content=\"en_US\" \/>\n<meta property=\"og:type\" content=\"article\" \/>\n<meta property=\"og:title\" content=\"T\u00d6\u00d6LAUD JANE 1200 mm Kamado Joe Classic Stand Alone \u00ae jaoks - BBQ Entertainment\" \/>\n<meta property=\"og:description\" content=\"T\u00d6\u00d6LAUD JANE 1200 mm Kamado Joe Classic Stand Alone \u00ae\u00a0jaoks   T\u00f6\u00f6laud JANE 1200 on m\u00f5eldud Kamado Joe\u00a0Classic II keraamilisele grillile  T\u00f6\u00f6lauda on v\u00f5imalik vajadusel tellida ilma\u00a0avata, et saaksid seda kohandada vastavalt vajadusele  Puit \u2013 \u00f5litatud termosaar  V\u00e4rv \u2013 pulbertsink ja pulberv\u00e4rv  Raam \u2014 metall  Rattad \u2013 blickle p\u00f6\u00f6rleva kahvliga rattad\u00a0\u201cstop-fix\u201d lukustusega 4 tk (toodetud Saksamaal)  M\u00f5\u00f5dud \u2013 1200 x 800 x 820 mm\" \/>\n<meta property=\"og:url\" content=\"https:\/\/bbqentertainment.com\/toode\/toolaud-jane-1200mm\/\" \/>\n<meta property=\"og:site_name\" content=\"BBQ Entertainment\" \/>\n<meta property=\"article:publisher\" content=\"https:\/\/www.facebook.com\/BBQ-Entertainment-N-Catering-2437913376443540\" \/>\n<meta property=\"article:modified_time\" content=\"2025-07-25T10:45:45+00:00\" \/>\n<meta property=\"og:image\" content=\"https:\/\/bbqentertainment.com\/wp-content\/uploads\/2020\/06\/BBQ-Entertainment-N-catering-Enn-tobreluts-DISAINMET-T\u00f6\u00f6laud-JANE-1200-6.jpg\" \/>\n\t<meta property=\"og:image:width\" content=\"1200\" \/>\n\t<meta property=\"og:image:height\" content=\"800\" \/>\n\t<meta property=\"og:image:type\" content=\"image\/jpeg\" \/>\n<meta name=\"twitter:card\" content=\"summary_large_image\" \/>\n<meta name=\"twitter:label1\" content=\"Est. reading time\" \/>\n\t<meta name=\"twitter:data1\" content=\"1 minute\" \/>\n<script type=\"application\/ld+json\" class=\"yoast-schema-graph\">{\"@context\":\"https:\\\/\\\/schema.org\",\"@graph\":[{\"@type\":[\"WebPage\",\"ItemPage\"],\"@id\":\"https:\\\/\\\/bbqentertainment.com\\\/toode\\\/toolaud-jane-1200mm\\\/\",\"url\":\"https:\\\/\\\/bbqentertainment.com\\\/toode\\\/toolaud-jane-1200mm\\\/\",\"name\":\"T\u00d6\u00d6LAUD JANE 1200 mm Kamado Joe Classic Stand Alone \u00ae jaoks - BBQ Entertainment\",\"isPartOf\":{\"@id\":\"https:\\\/\\\/bbqentertainment.com\\\/#website\"},\"primaryImageOfPage\":{\"@id\":\"https:\\\/\\\/bbqentertainment.com\\\/toode\\\/toolaud-jane-1200mm\\\/#primaryimage\"},\"image\":{\"@id\":\"https:\\\/\\\/bbqentertainment.com\\\/toode\\\/toolaud-jane-1200mm\\\/#primaryimage\"},\"thumbnailUrl\":\"https:\\\/\\\/bbqentertainment.com\\\/wp-content\\\/uploads\\\/2020\\\/06\\\/BBQ-Entertainment-N-catering-Enn-tobreluts-DISAINMET-T\u00f6\u00f6laud-JANE-1200-6.jpg\",\"datePublished\":\"2020-06-08T12:17:46+00:00\",\"dateModified\":\"2025-07-25T10:45:45+00:00\",\"breadcrumb\":{\"@id\":\"https:\\\/\\\/bbqentertainment.com\\\/toode\\\/toolaud-jane-1200mm\\\/#breadcrumb\"},\"inLanguage\":\"en-US\",\"potentialAction\":[{\"@type\":\"ReadAction\",\"target\":[\"https:\\\/\\\/bbqentertainment.com\\\/toode\\\/toolaud-jane-1200mm\\\/\"]}]},{\"@type\":\"ImageObject\",\"inLanguage\":\"en-US\",\"@id\":\"https:\\\/\\\/bbqentertainment.com\\\/toode\\\/toolaud-jane-1200mm\\\/#primaryimage\",\"url\":\"https:\\\/\\\/bbqentertainment.com\\\/wp-content\\\/uploads\\\/2020\\\/06\\\/BBQ-Entertainment-N-catering-Enn-tobreluts-DISAINMET-T\u00f6\u00f6laud-JANE-1200-6.jpg\",\"contentUrl\":\"https:\\\/\\\/bbqentertainment.com\\\/wp-content\\\/uploads\\\/2020\\\/06\\\/BBQ-Entertainment-N-catering-Enn-tobreluts-DISAINMET-T\u00f6\u00f6laud-JANE-1200-6.jpg\",\"width\":1200,\"height\":800},{\"@type\":\"BreadcrumbList\",\"@id\":\"https:\\\/\\\/bbqentertainment.com\\\/toode\\\/toolaud-jane-1200mm\\\/#breadcrumb\",\"itemListElement\":[{\"@type\":\"ListItem\",\"position\":1,\"name\":\"AVALEHT\",\"item\":\"https:\\\/\\\/bbqentertainment.com\\\/en\\\/\"},{\"@type\":\"ListItem\",\"position\":2,\"name\":\"Tooted\",\"item\":\"https:\\\/\\\/bbqentertainment.com\\\/tooted\\\/\"},{\"@type\":\"ListItem\",\"position\":3,\"name\":\"Lisatarvikud\",\"item\":\"https:\\\/\\\/bbqentertainment.com\\\/tootekategooria\\\/lisatarvikud\\\/\"},{\"@type\":\"ListItem\",\"position\":4,\"name\":\"GRILLILAUAD\",\"item\":\"https:\\\/\\\/bbqentertainment.com\\\/tootekategooria\\\/lisatarvikud\\\/grillilauad\\\/\"},{\"@type\":\"ListItem\",\"position\":5,\"name\":\"T\u00d6\u00d6LAUD JANE 1200 mm Kamado Joe Classic Stand Alone \u00ae jaoks\"}]},{\"@type\":\"WebSite\",\"@id\":\"https:\\\/\\\/bbqentertainment.com\\\/#website\",\"url\":\"https:\\\/\\\/bbqentertainment.com\\\/\",\"name\":\"BBQ Entertainment\",\"description\":\"BBQ is a great lifestyle, not just fun!\",\"publisher\":{\"@id\":\"https:\\\/\\\/bbqentertainment.com\\\/#organization\"},\"potentialAction\":[{\"@type\":\"SearchAction\",\"target\":{\"@type\":\"EntryPoint\",\"urlTemplate\":\"https:\\\/\\\/bbqentertainment.com\\\/?s={search_term_string}\"},\"query-input\":{\"@type\":\"PropertyValueSpecification\",\"valueRequired\":true,\"valueName\":\"search_term_string\"}}],\"inLanguage\":\"en-US\"},{\"@type\":\"Organization\",\"@id\":\"https:\\\/\\\/bbqentertainment.com\\\/#organization\",\"name\":\"BBQ Entertainment O\u00dc\",\"url\":\"https:\\\/\\\/bbqentertainment.com\\\/\",\"logo\":{\"@type\":\"ImageObject\",\"inLanguage\":\"en-US\",\"@id\":\"https:\\\/\\\/bbqentertainment.com\\\/#\\\/schema\\\/logo\\\/image\\\/\",\"url\":\"https:\\\/\\\/bbqentertainment.com\\\/wp-content\\\/uploads\\\/2020\\\/04\\\/BBQ-Entertainment-N-Catering-Enn-Tobreluts-Logo.png\",\"contentUrl\":\"https:\\\/\\\/bbqentertainment.com\\\/wp-content\\\/uploads\\\/2020\\\/04\\\/BBQ-Entertainment-N-Catering-Enn-Tobreluts-Logo.png\",\"width\":628,\"height\":266,\"caption\":\"BBQ Entertainment O\u00dc\"},\"image\":{\"@id\":\"https:\\\/\\\/bbqentertainment.com\\\/#\\\/schema\\\/logo\\\/image\\\/\"},\"sameAs\":[\"https:\\\/\\\/www.facebook.com\\\/BBQ-Entertainment-N-Catering-2437913376443540\",\"https:\\\/\\\/www.instagram.com\\\/bbqentertainmentncatering\\\/\",\"https:\\\/\\\/www.youtube.com\\\/channel\\\/UCmpuANQVhLy2Md8nrenp2jA\"]}]}<\/script>\n<!-- \/ Yoast SEO plugin. -->","yoast_head_json":{"title":"T\u00d6\u00d6LAUD JANE 1200 mm Kamado Joe Classic Stand Alone \u00ae jaoks - BBQ Entertainment","robots":{"index":"index","follow":"follow","max-snippet":"max-snippet:-1","max-image-preview":"max-image-preview:large","max-video-preview":"max-video-preview:-1"},"canonical":"https:\/\/bbqentertainment.com\/toode\/toolaud-jane-1200mm\/","og_locale":"en_US","og_type":"article","og_title":"T\u00d6\u00d6LAUD JANE 1200 mm Kamado Joe Classic Stand Alone \u00ae jaoks - BBQ Entertainment","og_description":"T\u00d6\u00d6LAUD JANE 1200 mm Kamado Joe Classic Stand Alone \u00ae\u00a0jaoks   T\u00f6\u00f6laud JANE 1200 on m\u00f5eldud Kamado Joe\u00a0Classic II keraamilisele grillile  T\u00f6\u00f6lauda on v\u00f5imalik vajadusel tellida ilma\u00a0avata, et saaksid seda kohandada vastavalt vajadusele  Puit \u2013 \u00f5litatud termosaar  V\u00e4rv \u2013 pulbertsink ja pulberv\u00e4rv  Raam \u2014 metall  Rattad \u2013 blickle p\u00f6\u00f6rleva kahvliga rattad\u00a0\u201cstop-fix\u201d lukustusega 4 tk (toodetud Saksamaal)  M\u00f5\u00f5dud \u2013 1200 x 800 x 820 mm","og_url":"https:\/\/bbqentertainment.com\/toode\/toolaud-jane-1200mm\/","og_site_name":"BBQ Entertainment","article_publisher":"https:\/\/www.facebook.com\/BBQ-Entertainment-N-Catering-2437913376443540","article_modified_time":"2025-07-25T10:45:45+00:00","og_image":[{"width":1200,"height":800,"url":"https:\/\/bbqentertainment.com\/wp-content\/uploads\/2020\/06\/BBQ-Entertainment-N-catering-Enn-tobreluts-DISAINMET-T\u00f6\u00f6laud-JANE-1200-6.jpg","type":"image\/jpeg"}],"twitter_card":"summary_large_image","twitter_misc":{"Est. reading time":"1 minute"},"schema":{"@context":"https:\/\/schema.org","@graph":[{"@type":["WebPage","ItemPage"],"@id":"https:\/\/bbqentertainment.com\/toode\/toolaud-jane-1200mm\/","url":"https:\/\/bbqentertainment.com\/toode\/toolaud-jane-1200mm\/","name":"T\u00d6\u00d6LAUD JANE 1200 mm Kamado Joe Classic Stand Alone \u00ae jaoks - BBQ Entertainment","isPartOf":{"@id":"https:\/\/bbqentertainment.com\/#website"},"primaryImageOfPage":{"@id":"https:\/\/bbqentertainment.com\/toode\/toolaud-jane-1200mm\/#primaryimage"},"image":{"@id":"https:\/\/bbqentertainment.com\/toode\/toolaud-jane-1200mm\/#primaryimage"},"thumbnailUrl":"https:\/\/bbqentertainment.com\/wp-content\/uploads\/2020\/06\/BBQ-Entertainment-N-catering-Enn-tobreluts-DISAINMET-T\u00f6\u00f6laud-JANE-1200-6.jpg","datePublished":"2020-06-08T12:17:46+00:00","dateModified":"2025-07-25T10:45:45+00:00","breadcrumb":{"@id":"https:\/\/bbqentertainment.com\/toode\/toolaud-jane-1200mm\/#breadcrumb"},"inLanguage":"en-US","potentialAction":[{"@type":"ReadAction","target":["https:\/\/bbqentertainment.com\/toode\/toolaud-jane-1200mm\/"]}]},{"@type":"ImageObject","inLanguage":"en-US","@id":"https:\/\/bbqentertainment.com\/toode\/toolaud-jane-1200mm\/#primaryimage","url":"https:\/\/bbqentertainment.com\/wp-content\/uploads\/2020\/06\/BBQ-Entertainment-N-catering-Enn-tobreluts-DISAINMET-T\u00f6\u00f6laud-JANE-1200-6.jpg","contentUrl":"https:\/\/bbqentertainment.com\/wp-content\/uploads\/2020\/06\/BBQ-Entertainment-N-catering-Enn-tobreluts-DISAINMET-T\u00f6\u00f6laud-JANE-1200-6.jpg","width":1200,"height":800},{"@type":"BreadcrumbList","@id":"https:\/\/bbqentertainment.com\/toode\/toolaud-jane-1200mm\/#breadcrumb","itemListElement":[{"@type":"ListItem","position":1,"name":"AVALEHT","item":"https:\/\/bbqentertainment.com\/en\/"},{"@type":"ListItem","position":2,"name":"Tooted","item":"https:\/\/bbqentertainment.com\/tooted\/"},{"@type":"ListItem","position":3,"name":"Lisatarvikud","item":"https:\/\/bbqentertainment.com\/tootekategooria\/lisatarvikud\/"},{"@type":"ListItem","position":4,"name":"GRILLILAUAD","item":"https:\/\/bbqentertainment.com\/tootekategooria\/lisatarvikud\/grillilauad\/"},{"@type":"ListItem","position":5,"name":"T\u00d6\u00d6LAUD JANE 1200 mm Kamado Joe Classic Stand Alone \u00ae jaoks"}]},{"@type":"WebSite","@id":"https:\/\/bbqentertainment.com\/#website","url":"https:\/\/bbqentertainment.com\/","name":"BBQ Entertainment","description":"BBQ is a great lifestyle, not just fun!","publisher":{"@id":"https:\/\/bbqentertainment.com\/#organization"},"potentialAction":[{"@type":"SearchAction","target":{"@type":"EntryPoint","urlTemplate":"https:\/\/bbqentertainment.com\/?s={search_term_string}"},"query-input":{"@type":"PropertyValueSpecification","valueRequired":true,"valueName":"search_term_string"}}],"inLanguage":"en-US"},{"@type":"Organization","@id":"https:\/\/bbqentertainment.com\/#organization","name":"BBQ Entertainment O\u00dc","url":"https:\/\/bbqentertainment.com\/","logo":{"@type":"ImageObject","inLanguage":"en-US","@id":"https:\/\/bbqentertainment.com\/#\/schema\/logo\/image\/","url":"https:\/\/bbqentertainment.com\/wp-content\/uploads\/2020\/04\/BBQ-Entertainment-N-Catering-Enn-Tobreluts-Logo.png","contentUrl":"https:\/\/bbqentertainment.com\/wp-content\/uploads\/2020\/04\/BBQ-Entertainment-N-Catering-Enn-Tobreluts-Logo.png","width":628,"height":266,"caption":"BBQ Entertainment O\u00dc"},"image":{"@id":"https:\/\/bbqentertainment.com\/#\/schema\/logo\/image\/"},"sameAs":["https:\/\/www.facebook.com\/BBQ-Entertainment-N-Catering-2437913376443540","https:\/\/www.instagram.com\/bbqentertainmentncatering\/","https:\/\/www.youtube.com\/channel\/UCmpuANQVhLy2Md8nrenp2jA"]}]}},"_links":{"self":[{"href":"https:\/\/bbqentertainment.com\/en\/wp-json\/wp\/v2\/product\/5370","targetHints":{"allow":["GET"]}}],"collection":[{"href":"https:\/\/bbqentertainment.com\/en\/wp-json\/wp\/v2\/product"}],"about":[{"href":"https:\/\/bbqentertainment.com\/en\/wp-json\/wp\/v2\/types\/product"}],"wp:featuredmedia":[{"embeddable":true,"href":"https:\/\/bbqentertainment.com\/en\/wp-json\/wp\/v2\/media\/5355"}],"wp:attachment":[{"href":"https:\/\/bbqentertainment.com\/en\/wp-json\/wp\/v2\/media?parent=5370"}],"wp:term":[{"taxonomy":"product_brand","embeddable":true,"href":"https:\/\/bbqentertainment.com\/en\/wp-json\/wp\/v2\/product_brand?post=5370"},{"taxonomy":"product_cat","embeddable":true,"href":"https:\/\/bbqentertainment.com\/en\/wp-json\/wp\/v2\/product_cat?post=5370"},{"taxonomy":"product_tag","embeddable":true,"href":"https:\/\/bbqentertainment.com\/en\/wp-json\/wp\/v2\/product_tag?post=5370"}],"curies":[{"name":"wp","href":"https:\/\/api.w.org\/{rel}","templated":true}]}}