{"id":6085,"date":"2020-06-08T16:07:48","date_gmt":"2020-06-08T14:07:48","guid":{"rendered":"https:\/\/bbqentertainment.com\/?post_type=product&#038;p=6085"},"modified":"2025-07-25T13:45:34","modified_gmt":"2025-07-25T10:45:34","slug":"tohi-gin-500-ml","status":"publish","type":"product","link":"https:\/\/bbqentertainment.com\/en\/toode\/tohi-gin-500-ml\/","title":{"rendered":"TOHI Cloudberry Mist Nordic Dry Gin 500 ml"},"content":{"rendered":"","protected":false},"excerpt":{"rendered":"<h3><strong>TOHI Cloudberry Mist Nordic Dry Gin 500 ml\u00a043% vol<\/strong><\/h3>\n<p><strong>Stiil: <\/strong>Kuiv London Dry stiilis d\u017einn, millele on lisatud veidikene salap\u00e4rast \u00fcrdileotist. Destilleeritud Pot- still meetodil, kasutades kvaliteetset Eesti rukkipiiritust, parimaid \u00fcrte ja murakaid. <strong>V\u00e4limus: <\/strong>\u00f5rnalt kollaka varjundiga, l\u00e4bipaiste <strong>Aroom: <\/strong>aroomis tunda magusaid noote (mesi, kummel, cassia, kirevili) <strong>Maitse: <\/strong>tugev kadakamari, apelsinikoor, \u00f5rn magusus, kardemon, murakas<\/p>\n<div class=\"accordion\">\n\t<div id=\"accordion-2834715662\" class=\"accordion-item\">\n\t\t<a id=\"accordion-2834715662-label\" class=\"accordion-title plain\" href=\"#accordion-item-kuidas-tarbida-\" aria-expanded=\"false\" aria-controls=\"accordion-2834715662-content\">\n\t\t\t<button class=\"toggle\" aria-label=\"Toggle\"><i class=\"icon-angle-down\" aria-hidden=\"true\"><\/i><\/button>\n\t\t\t<span>Kuidas tarbida <\/span>\n\t\t<\/a>\n\t\t<div id=\"accordion-2834715662-content\" class=\"accordion-inner\" aria-labelledby=\"accordion-2834715662-label\">\n\t\t\t\nMeie soovitame tarvitada TOHI Nordic Dry Cloudberry Mist d\u017einni ohtra j\u00e4\u00e4, klassikalise <strong>Indian <\/strong>tooniku ja <strong>apelsini <\/strong>viiluga.<br \/>\n\t\t<\/div>\n\t<\/div>\n\t\n\t<div id=\"accordion-204910385\" class=\"accordion-item\">\n\t\t<a id=\"accordion-204910385-label\" class=\"accordion-title plain\" href=\"#accordion-item-muu-info-\" aria-expanded=\"false\" aria-controls=\"accordion-204910385-content\">\n\t\t\t<button class=\"toggle\" aria-label=\"Toggle\"><i class=\"icon-angle-down\" aria-hidden=\"true\"><\/i><\/button>\n\t\t\t<span>Muu info <\/span>\n\t\t<\/a>\n\t\t<div id=\"accordion-204910385-content\" class=\"accordion-inner\" aria-labelledby=\"accordion-204910385-label\">\n\t\t\t\nTohi d\u017einni toodab Tohi Distillery O\u00dc, mille destilleerimiskoda asub Kohilas, Tohisoo m\u00f5isa vanas viinavabrikus. Sealt tuleb ka Tohi nimi. Ettev\u00f5te alustas tootmisega aastal 2019. \u00dcritame toota oman\u00e4oliseid \u00e4ratuntavaid d\u017einne, kasutades p\u00f5nevaid \u00fcrte, v\u00fcrtse ja marju kogu maailmast.<br \/>\n\t\t<\/div>\n\t<\/div>\n\t\n\t<div id=\"accordion-370457521\" class=\"accordion-item\">\n\t\t<a id=\"accordion-370457521-label\" class=\"accordion-title plain\" href=\"#accordion-item-tooteleht-\" aria-expanded=\"false\" aria-controls=\"accordion-370457521-content\">\n\t\t\t<button class=\"toggle\" aria-label=\"Toggle\"><i class=\"icon-angle-down\" aria-hidden=\"true\"><\/i><\/button>\n\t\t\t<span>Tooteleht <\/span>\n\t\t<\/a>\n\t\t<div id=\"accordion-370457521-content\" class=\"accordion-inner\" aria-labelledby=\"accordion-370457521-label\">\n\t\t\t\n<a href=\"https:\/\/bbqentertainment.com\/wp-content\/uploads\/2020\/06\/TOHI-NORDIC-DRY-GIN.pdf\" target=\"_blank\" rel=\"noopener noreferrer\">TOHI NORDIC DRY GIN<\/a><br \/>\n\t\t<\/div>\n\t<\/div>\n\t\n<\/div>\n","protected":false},"featured_media":6168,"template":"","meta":{"inline_featured_image":false},"product_brand":[],"product_cat":[280,234,286],"product_tag":[],"class_list":{"0":"post-6085","1":"product","2":"type-product","3":"status-publish","4":"has-post-thumbnail","6":"product_cat-joogid","7":"product_cat-dzinnid","8":"product_cat-muud-dzinnid","9":"product_shipping_class-tulen-ise-jarele","11":"first","12":"instock","13":"taxable","14":"shipping-taxable","15":"purchasable","16":"product-type-simple"},"yoast_head":"<!-- This site is optimized with the Yoast SEO plugin v27.4 - https:\/\/yoast.com\/product\/yoast-seo-wordpress\/ -->\n<title>TOHI Cloudberry Mist Nordic Dry Gin 500 ml - BBQ Entertainment<\/title>\n<meta name=\"robots\" content=\"index, follow, max-snippet:-1, max-image-preview:large, max-video-preview:-1\" \/>\n<link rel=\"canonical\" href=\"https:\/\/bbqentertainment.com\/toode\/tohi-gin-500-ml\/\" \/>\n<meta property=\"og:locale\" content=\"en_US\" \/>\n<meta property=\"og:type\" content=\"article\" \/>\n<meta property=\"og:title\" content=\"TOHI Cloudberry Mist Nordic Dry Gin 500 ml - BBQ Entertainment\" \/>\n<meta property=\"og:description\" content=\"TOHI Cloudberry Mist Nordic Dry Gin 500 ml\u00a043% vol Stiil: Kuiv London Dry stiilis d\u017einn, millele on lisatud veidikene salap\u00e4rast \u00fcrdileotist. Destilleeritud Pot- still meetodil, kasutades kvaliteetset Eesti rukkipiiritust, parimaid \u00fcrte ja murakaid. V\u00e4limus: \u00f5rnalt kollaka varjundiga, l\u00e4bipaiste Aroom: aroomis tunda magusaid noote (mesi, kummel, cassia, kirevili) Maitse: tugev kadakamari, apelsinikoor, \u00f5rn magusus, kardemon, murakas\" \/>\n<meta property=\"og:url\" content=\"https:\/\/bbqentertainment.com\/toode\/tohi-gin-500-ml\/\" \/>\n<meta property=\"og:site_name\" content=\"BBQ Entertainment\" \/>\n<meta property=\"article:publisher\" content=\"https:\/\/www.facebook.com\/BBQ-Entertainment-N-Catering-2437913376443540\" \/>\n<meta property=\"article:modified_time\" content=\"2025-07-25T10:45:34+00:00\" \/>\n<meta property=\"og:image\" content=\"https:\/\/bbqentertainment.com\/wp-content\/uploads\/2020\/06\/TOHI-Cloudberry-Mist-Nordic-Dry-Gin.jpg\" \/>\n\t<meta property=\"og:image:width\" content=\"1050\" \/>\n\t<meta property=\"og:image:height\" content=\"1052\" \/>\n\t<meta property=\"og:image:type\" content=\"image\/jpeg\" \/>\n<meta name=\"twitter:card\" content=\"summary_large_image\" \/>\n<script type=\"application\/ld+json\" class=\"yoast-schema-graph\">{\"@context\":\"https:\\\/\\\/schema.org\",\"@graph\":[{\"@type\":[\"WebPage\",\"ItemPage\"],\"@id\":\"https:\\\/\\\/bbqentertainment.com\\\/toode\\\/tohi-gin-500-ml\\\/\",\"url\":\"https:\\\/\\\/bbqentertainment.com\\\/toode\\\/tohi-gin-500-ml\\\/\",\"name\":\"TOHI Cloudberry Mist Nordic Dry Gin 500 ml - BBQ Entertainment\",\"isPartOf\":{\"@id\":\"https:\\\/\\\/bbqentertainment.com\\\/#website\"},\"primaryImageOfPage\":{\"@id\":\"https:\\\/\\\/bbqentertainment.com\\\/toode\\\/tohi-gin-500-ml\\\/#primaryimage\"},\"image\":{\"@id\":\"https:\\\/\\\/bbqentertainment.com\\\/toode\\\/tohi-gin-500-ml\\\/#primaryimage\"},\"thumbnailUrl\":\"https:\\\/\\\/bbqentertainment.com\\\/wp-content\\\/uploads\\\/2020\\\/06\\\/TOHI-Cloudberry-Mist-Nordic-Dry-Gin.jpg\",\"datePublished\":\"2020-06-08T14:07:48+00:00\",\"dateModified\":\"2025-07-25T10:45:34+00:00\",\"breadcrumb\":{\"@id\":\"https:\\\/\\\/bbqentertainment.com\\\/toode\\\/tohi-gin-500-ml\\\/#breadcrumb\"},\"inLanguage\":\"en-US\",\"potentialAction\":[{\"@type\":\"ReadAction\",\"target\":[\"https:\\\/\\\/bbqentertainment.com\\\/toode\\\/tohi-gin-500-ml\\\/\"]}]},{\"@type\":\"ImageObject\",\"inLanguage\":\"en-US\",\"@id\":\"https:\\\/\\\/bbqentertainment.com\\\/toode\\\/tohi-gin-500-ml\\\/#primaryimage\",\"url\":\"https:\\\/\\\/bbqentertainment.com\\\/wp-content\\\/uploads\\\/2020\\\/06\\\/TOHI-Cloudberry-Mist-Nordic-Dry-Gin.jpg\",\"contentUrl\":\"https:\\\/\\\/bbqentertainment.com\\\/wp-content\\\/uploads\\\/2020\\\/06\\\/TOHI-Cloudberry-Mist-Nordic-Dry-Gin.jpg\",\"width\":1050,\"height\":1052},{\"@type\":\"BreadcrumbList\",\"@id\":\"https:\\\/\\\/bbqentertainment.com\\\/toode\\\/tohi-gin-500-ml\\\/#breadcrumb\",\"itemListElement\":[{\"@type\":\"ListItem\",\"position\":1,\"name\":\"AVALEHT\",\"item\":\"https:\\\/\\\/bbqentertainment.com\\\/en\\\/\"},{\"@type\":\"ListItem\",\"position\":2,\"name\":\"Tooted\",\"item\":\"https:\\\/\\\/bbqentertainment.com\\\/tooted\\\/\"},{\"@type\":\"ListItem\",\"position\":3,\"name\":\"Joogid\",\"item\":\"https:\\\/\\\/bbqentertainment.com\\\/tootekategooria\\\/joogid\\\/\"},{\"@type\":\"ListItem\",\"position\":4,\"name\":\"D\u017dINNID\",\"item\":\"https:\\\/\\\/bbqentertainment.com\\\/tootekategooria\\\/joogid\\\/dzinnid\\\/\"},{\"@type\":\"ListItem\",\"position\":5,\"name\":\"MUUD D\u017dINNID\",\"item\":\"https:\\\/\\\/bbqentertainment.com\\\/tootekategooria\\\/joogid\\\/dzinnid\\\/muud-dzinnid\\\/\"},{\"@type\":\"ListItem\",\"position\":6,\"name\":\"TOHI Cloudberry Mist Nordic Dry Gin 500 ml\"}]},{\"@type\":\"WebSite\",\"@id\":\"https:\\\/\\\/bbqentertainment.com\\\/#website\",\"url\":\"https:\\\/\\\/bbqentertainment.com\\\/\",\"name\":\"BBQ Entertainment\",\"description\":\"BBQ is a great lifestyle, not just fun!\",\"publisher\":{\"@id\":\"https:\\\/\\\/bbqentertainment.com\\\/#organization\"},\"potentialAction\":[{\"@type\":\"SearchAction\",\"target\":{\"@type\":\"EntryPoint\",\"urlTemplate\":\"https:\\\/\\\/bbqentertainment.com\\\/?s={search_term_string}\"},\"query-input\":{\"@type\":\"PropertyValueSpecification\",\"valueRequired\":true,\"valueName\":\"search_term_string\"}}],\"inLanguage\":\"en-US\"},{\"@type\":\"Organization\",\"@id\":\"https:\\\/\\\/bbqentertainment.com\\\/#organization\",\"name\":\"BBQ Entertainment O\u00dc\",\"url\":\"https:\\\/\\\/bbqentertainment.com\\\/\",\"logo\":{\"@type\":\"ImageObject\",\"inLanguage\":\"en-US\",\"@id\":\"https:\\\/\\\/bbqentertainment.com\\\/#\\\/schema\\\/logo\\\/image\\\/\",\"url\":\"https:\\\/\\\/bbqentertainment.com\\\/wp-content\\\/uploads\\\/2020\\\/04\\\/BBQ-Entertainment-N-Catering-Enn-Tobreluts-Logo.png\",\"contentUrl\":\"https:\\\/\\\/bbqentertainment.com\\\/wp-content\\\/uploads\\\/2020\\\/04\\\/BBQ-Entertainment-N-Catering-Enn-Tobreluts-Logo.png\",\"width\":628,\"height\":266,\"caption\":\"BBQ Entertainment O\u00dc\"},\"image\":{\"@id\":\"https:\\\/\\\/bbqentertainment.com\\\/#\\\/schema\\\/logo\\\/image\\\/\"},\"sameAs\":[\"https:\\\/\\\/www.facebook.com\\\/BBQ-Entertainment-N-Catering-2437913376443540\",\"https:\\\/\\\/www.instagram.com\\\/bbqentertainmentncatering\\\/\",\"https:\\\/\\\/www.youtube.com\\\/channel\\\/UCmpuANQVhLy2Md8nrenp2jA\"]}]}<\/script>\n<!-- \/ Yoast SEO plugin. -->","yoast_head_json":{"title":"TOHI Cloudberry Mist Nordic Dry Gin 500 ml - BBQ Entertainment","robots":{"index":"index","follow":"follow","max-snippet":"max-snippet:-1","max-image-preview":"max-image-preview:large","max-video-preview":"max-video-preview:-1"},"canonical":"https:\/\/bbqentertainment.com\/toode\/tohi-gin-500-ml\/","og_locale":"en_US","og_type":"article","og_title":"TOHI Cloudberry Mist Nordic Dry Gin 500 ml - BBQ Entertainment","og_description":"TOHI Cloudberry Mist Nordic Dry Gin 500 ml\u00a043% vol Stiil: Kuiv London Dry stiilis d\u017einn, millele on lisatud veidikene salap\u00e4rast \u00fcrdileotist. Destilleeritud Pot- still meetodil, kasutades kvaliteetset Eesti rukkipiiritust, parimaid \u00fcrte ja murakaid. V\u00e4limus: \u00f5rnalt kollaka varjundiga, l\u00e4bipaiste Aroom: aroomis tunda magusaid noote (mesi, kummel, cassia, kirevili) Maitse: tugev kadakamari, apelsinikoor, \u00f5rn magusus, kardemon, murakas","og_url":"https:\/\/bbqentertainment.com\/toode\/tohi-gin-500-ml\/","og_site_name":"BBQ Entertainment","article_publisher":"https:\/\/www.facebook.com\/BBQ-Entertainment-N-Catering-2437913376443540","article_modified_time":"2025-07-25T10:45:34+00:00","og_image":[{"width":1050,"height":1052,"url":"https:\/\/bbqentertainment.com\/wp-content\/uploads\/2020\/06\/TOHI-Cloudberry-Mist-Nordic-Dry-Gin.jpg","type":"image\/jpeg"}],"twitter_card":"summary_large_image","schema":{"@context":"https:\/\/schema.org","@graph":[{"@type":["WebPage","ItemPage"],"@id":"https:\/\/bbqentertainment.com\/toode\/tohi-gin-500-ml\/","url":"https:\/\/bbqentertainment.com\/toode\/tohi-gin-500-ml\/","name":"TOHI Cloudberry Mist Nordic Dry Gin 500 ml - BBQ Entertainment","isPartOf":{"@id":"https:\/\/bbqentertainment.com\/#website"},"primaryImageOfPage":{"@id":"https:\/\/bbqentertainment.com\/toode\/tohi-gin-500-ml\/#primaryimage"},"image":{"@id":"https:\/\/bbqentertainment.com\/toode\/tohi-gin-500-ml\/#primaryimage"},"thumbnailUrl":"https:\/\/bbqentertainment.com\/wp-content\/uploads\/2020\/06\/TOHI-Cloudberry-Mist-Nordic-Dry-Gin.jpg","datePublished":"2020-06-08T14:07:48+00:00","dateModified":"2025-07-25T10:45:34+00:00","breadcrumb":{"@id":"https:\/\/bbqentertainment.com\/toode\/tohi-gin-500-ml\/#breadcrumb"},"inLanguage":"en-US","potentialAction":[{"@type":"ReadAction","target":["https:\/\/bbqentertainment.com\/toode\/tohi-gin-500-ml\/"]}]},{"@type":"ImageObject","inLanguage":"en-US","@id":"https:\/\/bbqentertainment.com\/toode\/tohi-gin-500-ml\/#primaryimage","url":"https:\/\/bbqentertainment.com\/wp-content\/uploads\/2020\/06\/TOHI-Cloudberry-Mist-Nordic-Dry-Gin.jpg","contentUrl":"https:\/\/bbqentertainment.com\/wp-content\/uploads\/2020\/06\/TOHI-Cloudberry-Mist-Nordic-Dry-Gin.jpg","width":1050,"height":1052},{"@type":"BreadcrumbList","@id":"https:\/\/bbqentertainment.com\/toode\/tohi-gin-500-ml\/#breadcrumb","itemListElement":[{"@type":"ListItem","position":1,"name":"AVALEHT","item":"https:\/\/bbqentertainment.com\/en\/"},{"@type":"ListItem","position":2,"name":"Tooted","item":"https:\/\/bbqentertainment.com\/tooted\/"},{"@type":"ListItem","position":3,"name":"Joogid","item":"https:\/\/bbqentertainment.com\/tootekategooria\/joogid\/"},{"@type":"ListItem","position":4,"name":"D\u017dINNID","item":"https:\/\/bbqentertainment.com\/tootekategooria\/joogid\/dzinnid\/"},{"@type":"ListItem","position":5,"name":"MUUD D\u017dINNID","item":"https:\/\/bbqentertainment.com\/tootekategooria\/joogid\/dzinnid\/muud-dzinnid\/"},{"@type":"ListItem","position":6,"name":"TOHI Cloudberry Mist Nordic Dry Gin 500 ml"}]},{"@type":"WebSite","@id":"https:\/\/bbqentertainment.com\/#website","url":"https:\/\/bbqentertainment.com\/","name":"BBQ Entertainment","description":"BBQ is a great lifestyle, not just fun!","publisher":{"@id":"https:\/\/bbqentertainment.com\/#organization"},"potentialAction":[{"@type":"SearchAction","target":{"@type":"EntryPoint","urlTemplate":"https:\/\/bbqentertainment.com\/?s={search_term_string}"},"query-input":{"@type":"PropertyValueSpecification","valueRequired":true,"valueName":"search_term_string"}}],"inLanguage":"en-US"},{"@type":"Organization","@id":"https:\/\/bbqentertainment.com\/#organization","name":"BBQ Entertainment O\u00dc","url":"https:\/\/bbqentertainment.com\/","logo":{"@type":"ImageObject","inLanguage":"en-US","@id":"https:\/\/bbqentertainment.com\/#\/schema\/logo\/image\/","url":"https:\/\/bbqentertainment.com\/wp-content\/uploads\/2020\/04\/BBQ-Entertainment-N-Catering-Enn-Tobreluts-Logo.png","contentUrl":"https:\/\/bbqentertainment.com\/wp-content\/uploads\/2020\/04\/BBQ-Entertainment-N-Catering-Enn-Tobreluts-Logo.png","width":628,"height":266,"caption":"BBQ Entertainment O\u00dc"},"image":{"@id":"https:\/\/bbqentertainment.com\/#\/schema\/logo\/image\/"},"sameAs":["https:\/\/www.facebook.com\/BBQ-Entertainment-N-Catering-2437913376443540","https:\/\/www.instagram.com\/bbqentertainmentncatering\/","https:\/\/www.youtube.com\/channel\/UCmpuANQVhLy2Md8nrenp2jA"]}]}},"_links":{"self":[{"href":"https:\/\/bbqentertainment.com\/en\/wp-json\/wp\/v2\/product\/6085","targetHints":{"allow":["GET"]}}],"collection":[{"href":"https:\/\/bbqentertainment.com\/en\/wp-json\/wp\/v2\/product"}],"about":[{"href":"https:\/\/bbqentertainment.com\/en\/wp-json\/wp\/v2\/types\/product"}],"wp:featuredmedia":[{"embeddable":true,"href":"https:\/\/bbqentertainment.com\/en\/wp-json\/wp\/v2\/media\/6168"}],"wp:attachment":[{"href":"https:\/\/bbqentertainment.com\/en\/wp-json\/wp\/v2\/media?parent=6085"}],"wp:term":[{"taxonomy":"product_brand","embeddable":true,"href":"https:\/\/bbqentertainment.com\/en\/wp-json\/wp\/v2\/product_brand?post=6085"},{"taxonomy":"product_cat","embeddable":true,"href":"https:\/\/bbqentertainment.com\/en\/wp-json\/wp\/v2\/product_cat?post=6085"},{"taxonomy":"product_tag","embeddable":true,"href":"https:\/\/bbqentertainment.com\/en\/wp-json\/wp\/v2\/product_tag?post=6085"}],"curies":[{"name":"wp","href":"https:\/\/api.w.org\/{rel}","templated":true}]}}