{"id":62,"date":"2020-03-01T21:57:23","date_gmt":"2020-03-01T19:57:23","guid":{"rendered":"https:\/\/bbqentertainment.com\/?post_type=product&#038;p=62"},"modified":"2026-04-08T02:02:06","modified_gmt":"2026-04-07T23:02:06","slug":"kamado-joe-classic-i","status":"publish","type":"product","link":"https:\/\/bbqentertainment.com\/en\/toode\/kamado-joe-classic-i\/","title":{"rendered":"Kamado Joe \u00ae Classic I"},"content":{"rendered":"","protected":false},"excerpt":{"rendered":"<h2><strong>Kamado Joe \u00ae Classic I<\/strong><\/h2>\n<ul>\n<li><strong>K\u00fcsi eripakkumist! Kirjuta enn@bbqentertainment.com v\u00f5i helista 5165581.<\/strong><\/li>\n<li>Maailma tipp-kvaliteet!<\/li>\n<li>Parim hinna ja kvaliteedi suhe!<\/li>\n<li>Vaieldamatult parim valik keraamiliste grillide valdkonnas!<\/li>\n<li>Enimm\u00fc\u00fcdud Kamado Joe grilli vanem mudel \u2013 Classic I<\/li>\n<li>Grillrest \u00d8 47 cm (18\u201d), ahi seest\u00a0\u00d8 50 cm, ahi v\u00e4ljast\u00a0\u00d8 57 cm, kaal 90 kg<\/li>\n<\/ul>\n<p>Ideaalse suurusega keraamiline Kamado Joe grillahi hoovis grillimiseks nii madalal kui k\u00f5rgel kuumusel,\u00a0sobib\u00a0ka suitsutamiseks. Grillil on paksude seintega kuumakindel keraamiline korpus, mis\u00a0lukustab endasse suitsu ja niiskuse igal temperatuuril. K\u00fcpsetusrest on valmistatud v\u00e4ga kvaliteetsest roosetavabaterasest (304).\u00a0Mudeli Classic I standardvarustusse kuulub ka mitme paneeliga\u00a0keraamiline AMP tulekolle, ratastel t\u00f6\u00f6kindel\u00a0tsingitud terasest\u00a0alusraam ja patenteeritud v\u00e4ljat\u00f5mmatav tuhasahtel\u00a0grilli lihtsamaks puhastamiseks. Samuti on Classic I mudeli komplektis alates aastast 2020 kaasas ka paindlikku k\u00fcpsetamist v\u00f5imaldav s\u00fcsteem \u201cDivide &amp;\u00a0Conquer\u00ae\u201d. <h3 class=\"accordion_title\"> <\/h3><div class=\"accordion\"> \t<div id=\"accordion-1543132592\" class=\"accordion-item\">\n\t\t<a id=\"accordion-1543132592-label\" class=\"accordion-title plain\" href=\"#accordion-item-komplekti-kuulub\" aria-expanded=\"false\" aria-controls=\"accordion-1543132592-content\">\n\t\t\t<button class=\"toggle\" aria-label=\"Toggle\"><i class=\"icon-angle-down\" aria-hidden=\"true\"><\/i><\/button>\n\t\t\t<span>Komplekti kuulub<\/span>\n\t\t<\/a>\n\t\t<div id=\"accordion-1543132592-content\" class=\"accordion-inner\" aria-labelledby=\"accordion-1543132592-label\">\n\t\t\t\n<ul>\n<li>18\u201d (46 cm) keraamiline grillahi\u00a0tsingitud terasest\u00a0alusraami ja lukustatavate ratastega<\/li>\n<li>Viimistletud kokkuklapitavad metallist k\u00fclgmised riiulid ja k\u00f5rge tihedusega pol\u00fcuretaanist k\u00e4epide<\/li>\n<li>Paindlikku k\u00fcpsetamist v\u00f5imaldav kolmetasandiline s\u00fcsteem \u201cDivide &amp; Conquer\u00ae\u201d, st sealhulgas 2 tk poolkuu keraamiline soojusdeflektor (kuumusjagaja) ja 2 tk roostevabaterasest (304) poolkuu-grillrestid\u00a0(l\u00e4bim\u00f5\u00f5duga 46 cm) \u2013 lisa grillreste saab lisadena juurde osta<\/li>\n<li>Patenteeritud v\u00e4ljat\u00f5mmatav\u00a0roostevabaterasest (304) tuhasahtel\u00a0grilli lihtsamaks puhastamiseks<\/li>\n<li>Sisseehitatud termomeeter<\/li>\n<li>Vildist kaanetihendid<\/li>\n<li>AMP mitmepaneeliga tulekolle (viiest osast koosnev, mittepurunev)<\/li>\n<li>Tuharoop<\/li>\n<\/ul>\n\t\t<\/div>\n\t<\/div>\n\t \t<div id=\"accordion-1850353511\" class=\"accordion-item\">\n\t\t<a id=\"accordion-1850353511-label\" class=\"accordion-title plain\" href=\"#accordion-item-vaata-kamado-joe-tootekataloog\" aria-expanded=\"false\" aria-controls=\"accordion-1850353511-content\">\n\t\t\t<button class=\"toggle\" aria-label=\"Toggle\"><i class=\"icon-angle-down\" aria-hidden=\"true\"><\/i><\/button>\n\t\t\t<span>Vaata Kamado Joe tootekataloog<\/span>\n\t\t<\/a>\n\t\t<div id=\"accordion-1850353511-content\" class=\"accordion-inner\" aria-labelledby=\"accordion-1850353511-label\">\n\t\t\t <a href=\"https:\/\/bbqentertainment.com\/wp-content\/uploads\/2021\/11\/KJO_2019-Brochure_EnglishUK.pdf\" target=\"_blank\" rel=\"noopener\">KAMADO JOE SUUR KATALOOG<\/a> \t\t<\/div>\n\t<\/div>\n\t \t<div id=\"accordion-1714387686\" class=\"accordion-item\">\n\t\t<a id=\"accordion-1714387686-label\" class=\"accordion-title plain\" href=\"#accordion-item-prindi-tooteleht\" aria-expanded=\"false\" aria-controls=\"accordion-1714387686-content\">\n\t\t\t<button class=\"toggle\" aria-label=\"Toggle\"><i class=\"icon-angle-down\" aria-hidden=\"true\"><\/i><\/button>\n\t\t\t<span>Prindi tooteleht<\/span>\n\t\t<\/a>\n\t\t<div id=\"accordion-1714387686-content\" class=\"accordion-inner\" aria-labelledby=\"accordion-1714387686-label\">\n\t\t\t <a href=\"https:\/\/bbqentertainment.com\/wp-content\/uploads\/2020\/03\/Classic-I.pdf\" target=\"_blank\" rel=\"noopener noreferrer\">Kamado Joe Classic I<\/a> \t\t<\/div>\n\t<\/div>\n\t \t<div id=\"accordion-2023594219\" class=\"accordion-item\">\n\t\t<a id=\"accordion-2023594219-label\" class=\"accordion-title plain\" href=\"#accordion-item-kasutusjuhend-inglise-keeles\" aria-expanded=\"false\" aria-controls=\"accordion-2023594219-content\">\n\t\t\t<button class=\"toggle\" aria-label=\"Toggle\"><i class=\"icon-angle-down\" aria-hidden=\"true\"><\/i><\/button>\n\t\t\t<span>Kasutusjuhend inglise keeles<\/span>\n\t\t<\/a>\n\t\t<div id=\"accordion-2023594219-content\" class=\"accordion-inner\" aria-labelledby=\"accordion-2023594219-label\">\n\t\t\t <a href=\"https:\/\/bbqentertainment.com\/wp-content\/uploads\/2020\/03\/9804190010_KJ-Classic-I-Manual_English_190515.pdf\" target=\"_blank\" rel=\"noopener noreferrer\">KJ Classic I Manual English<\/a> \t\t<\/div>\n\t<\/div>\n\t <\/div>\n","protected":false},"featured_media":974,"template":"","meta":{"inline_featured_image":false},"product_brand":[],"product_cat":[17,349,18],"product_tag":[],"class_list":{"0":"post-62","1":"product","2":"type-product","3":"status-publish","4":"has-post-thumbnail","6":"product_cat-grillid-ja-ahjud","7":"product_cat-kamado-joe-tooted","8":"product_cat-kamado-joe","9":"product_shipping_class-ainult-ise-jarele-tulemisega","11":"first","12":"instock","13":"taxable","14":"shipping-taxable","15":"purchasable","16":"product-type-simple"},"yoast_head":"<!-- This site is optimized with the Yoast SEO plugin v27.4 - https:\/\/yoast.com\/product\/yoast-seo-wordpress\/ -->\n<title>Kamado Joe \u00ae Classic I - BBQ Entertainment<\/title>\n<meta name=\"robots\" content=\"index, follow, max-snippet:-1, max-image-preview:large, max-video-preview:-1\" \/>\n<link rel=\"canonical\" href=\"https:\/\/bbqentertainment.com\/toode\/kamado-joe-classic-i\/\" \/>\n<meta property=\"og:locale\" content=\"en_US\" \/>\n<meta property=\"og:type\" content=\"article\" \/>\n<meta property=\"og:title\" content=\"Kamado Joe \u00ae Classic I - BBQ Entertainment\" \/>\n<meta property=\"og:description\" content=\"Kamado Joe \u00ae Classic I   K\u00fcsi eripakkumist! Kirjuta enn@bbqentertainment.com v\u00f5i helista 5165581.  Maailma tipp-kvaliteet!  Parim hinna ja kvaliteedi suhe!  Vaieldamatult parim valik keraamiliste grillide valdkonnas!  Enimm\u00fc\u00fcdud Kamado Joe grilli vanem mudel \u2013 Classic I  Grillrest \u00d8 47 cm (18\u201d), ahi seest\u00a0\u00d8 50 cm, ahi v\u00e4ljast\u00a0\u00d8 57 cm, kaal 90 kg  Ideaalse suurusega keraamiline Kamado Joe grillahi hoovis grillimiseks nii madalal kui k\u00f5rgel kuumusel,\u00a0sobib\u00a0ka suitsutamiseks. Grillil on paksude seintega kuumakindel keraamiline korpus, mis\u00a0lukustab endasse suitsu ja niiskuse igal temperatuuril. K\u00fcpsetusrest on valmistatud v\u00e4ga kvaliteetsest roosetavabaterasest (304).\u00a0Mudeli Classic I standardvarustusse kuulub ka mitme paneeliga\u00a0keraamiline AMP tulekolle, ratastel t\u00f6\u00f6kindel\u00a0tsingitud terasest\u00a0alusraam ja patenteeritud v\u00e4ljat\u00f5mmatav tuhasahtel\u00a0grilli lihtsamaks puhastamiseks. Samuti on Classic I mudeli komplektis alates aastast 2020 kaasas ka paindlikku k\u00fcpsetamist v\u00f5imaldav s\u00fcsteem \u201cDivide &amp;\u00a0Conquer\u00ae\u201d.\" \/>\n<meta property=\"og:url\" content=\"https:\/\/bbqentertainment.com\/toode\/kamado-joe-classic-i\/\" \/>\n<meta property=\"og:site_name\" content=\"BBQ Entertainment\" \/>\n<meta property=\"article:publisher\" content=\"https:\/\/www.facebook.com\/BBQ-Entertainment-N-Catering-2437913376443540\" \/>\n<meta property=\"article:modified_time\" content=\"2026-04-07T23:02:06+00:00\" \/>\n<meta property=\"og:image\" content=\"https:\/\/bbqentertainment.com\/wp-content\/uploads\/2020\/03\/Kamodoe-Joe-Classic-I-BBQ-Entertainment-Enn-Tobreluts.jpg\" \/>\n\t<meta property=\"og:image:width\" content=\"1200\" \/>\n\t<meta property=\"og:image:height\" content=\"1200\" \/>\n\t<meta property=\"og:image:type\" content=\"image\/jpeg\" \/>\n<meta name=\"twitter:card\" content=\"summary_large_image\" \/>\n<meta name=\"twitter:label1\" content=\"Est. reading time\" \/>\n\t<meta name=\"twitter:data1\" content=\"1 minute\" \/>\n<script type=\"application\/ld+json\" class=\"yoast-schema-graph\">{\"@context\":\"https:\\\/\\\/schema.org\",\"@graph\":[{\"@type\":[\"WebPage\",\"ItemPage\"],\"@id\":\"https:\\\/\\\/bbqentertainment.com\\\/toode\\\/kamado-joe-classic-i\\\/\",\"url\":\"https:\\\/\\\/bbqentertainment.com\\\/toode\\\/kamado-joe-classic-i\\\/\",\"name\":\"Kamado Joe \u00ae Classic I - BBQ Entertainment\",\"isPartOf\":{\"@id\":\"https:\\\/\\\/bbqentertainment.com\\\/#website\"},\"primaryImageOfPage\":{\"@id\":\"https:\\\/\\\/bbqentertainment.com\\\/toode\\\/kamado-joe-classic-i\\\/#primaryimage\"},\"image\":{\"@id\":\"https:\\\/\\\/bbqentertainment.com\\\/toode\\\/kamado-joe-classic-i\\\/#primaryimage\"},\"thumbnailUrl\":\"https:\\\/\\\/bbqentertainment.com\\\/wp-content\\\/uploads\\\/2020\\\/03\\\/Kamodoe-Joe-Classic-I-BBQ-Entertainment-Enn-Tobreluts.jpg\",\"datePublished\":\"2020-03-01T19:57:23+00:00\",\"dateModified\":\"2026-04-07T23:02:06+00:00\",\"breadcrumb\":{\"@id\":\"https:\\\/\\\/bbqentertainment.com\\\/toode\\\/kamado-joe-classic-i\\\/#breadcrumb\"},\"inLanguage\":\"en-US\",\"potentialAction\":[{\"@type\":\"ReadAction\",\"target\":[\"https:\\\/\\\/bbqentertainment.com\\\/toode\\\/kamado-joe-classic-i\\\/\"]}]},{\"@type\":\"ImageObject\",\"inLanguage\":\"en-US\",\"@id\":\"https:\\\/\\\/bbqentertainment.com\\\/toode\\\/kamado-joe-classic-i\\\/#primaryimage\",\"url\":\"https:\\\/\\\/bbqentertainment.com\\\/wp-content\\\/uploads\\\/2020\\\/03\\\/Kamodoe-Joe-Classic-I-BBQ-Entertainment-Enn-Tobreluts.jpg\",\"contentUrl\":\"https:\\\/\\\/bbqentertainment.com\\\/wp-content\\\/uploads\\\/2020\\\/03\\\/Kamodoe-Joe-Classic-I-BBQ-Entertainment-Enn-Tobreluts.jpg\",\"width\":1200,\"height\":1200},{\"@type\":\"BreadcrumbList\",\"@id\":\"https:\\\/\\\/bbqentertainment.com\\\/toode\\\/kamado-joe-classic-i\\\/#breadcrumb\",\"itemListElement\":[{\"@type\":\"ListItem\",\"position\":1,\"name\":\"AVALEHT\",\"item\":\"https:\\\/\\\/bbqentertainment.com\\\/en\\\/\"},{\"@type\":\"ListItem\",\"position\":2,\"name\":\"Tooted\",\"item\":\"https:\\\/\\\/bbqentertainment.com\\\/tooted\\\/\"},{\"@type\":\"ListItem\",\"position\":3,\"name\":\"Kamado joe\",\"item\":\"https:\\\/\\\/bbqentertainment.com\\\/tootekategooria\\\/kamado-joe-tooted\\\/\"},{\"@type\":\"ListItem\",\"position\":4,\"name\":\"Kamado Joe\",\"item\":\"https:\\\/\\\/bbqentertainment.com\\\/tootekategooria\\\/kamado-joe-tooted\\\/kamado-joe\\\/\"},{\"@type\":\"ListItem\",\"position\":5,\"name\":\"Kamado Joe \u00ae Classic I\"}]},{\"@type\":\"WebSite\",\"@id\":\"https:\\\/\\\/bbqentertainment.com\\\/#website\",\"url\":\"https:\\\/\\\/bbqentertainment.com\\\/\",\"name\":\"BBQ Entertainment\",\"description\":\"BBQ is a great lifestyle, not just fun!\",\"publisher\":{\"@id\":\"https:\\\/\\\/bbqentertainment.com\\\/#organization\"},\"potentialAction\":[{\"@type\":\"SearchAction\",\"target\":{\"@type\":\"EntryPoint\",\"urlTemplate\":\"https:\\\/\\\/bbqentertainment.com\\\/?s={search_term_string}\"},\"query-input\":{\"@type\":\"PropertyValueSpecification\",\"valueRequired\":true,\"valueName\":\"search_term_string\"}}],\"inLanguage\":\"en-US\"},{\"@type\":\"Organization\",\"@id\":\"https:\\\/\\\/bbqentertainment.com\\\/#organization\",\"name\":\"BBQ Entertainment O\u00dc\",\"url\":\"https:\\\/\\\/bbqentertainment.com\\\/\",\"logo\":{\"@type\":\"ImageObject\",\"inLanguage\":\"en-US\",\"@id\":\"https:\\\/\\\/bbqentertainment.com\\\/#\\\/schema\\\/logo\\\/image\\\/\",\"url\":\"https:\\\/\\\/bbqentertainment.com\\\/wp-content\\\/uploads\\\/2020\\\/04\\\/BBQ-Entertainment-N-Catering-Enn-Tobreluts-Logo.png\",\"contentUrl\":\"https:\\\/\\\/bbqentertainment.com\\\/wp-content\\\/uploads\\\/2020\\\/04\\\/BBQ-Entertainment-N-Catering-Enn-Tobreluts-Logo.png\",\"width\":628,\"height\":266,\"caption\":\"BBQ Entertainment O\u00dc\"},\"image\":{\"@id\":\"https:\\\/\\\/bbqentertainment.com\\\/#\\\/schema\\\/logo\\\/image\\\/\"},\"sameAs\":[\"https:\\\/\\\/www.facebook.com\\\/BBQ-Entertainment-N-Catering-2437913376443540\",\"https:\\\/\\\/www.instagram.com\\\/bbqentertainmentncatering\\\/\",\"https:\\\/\\\/www.youtube.com\\\/channel\\\/UCmpuANQVhLy2Md8nrenp2jA\"]}]}<\/script>\n<!-- \/ Yoast SEO plugin. -->","yoast_head_json":{"title":"Kamado Joe \u00ae Classic I - BBQ Entertainment","robots":{"index":"index","follow":"follow","max-snippet":"max-snippet:-1","max-image-preview":"max-image-preview:large","max-video-preview":"max-video-preview:-1"},"canonical":"https:\/\/bbqentertainment.com\/toode\/kamado-joe-classic-i\/","og_locale":"en_US","og_type":"article","og_title":"Kamado Joe \u00ae Classic I - BBQ Entertainment","og_description":"Kamado Joe \u00ae Classic I   K\u00fcsi eripakkumist! Kirjuta enn@bbqentertainment.com v\u00f5i helista 5165581.  Maailma tipp-kvaliteet!  Parim hinna ja kvaliteedi suhe!  Vaieldamatult parim valik keraamiliste grillide valdkonnas!  Enimm\u00fc\u00fcdud Kamado Joe grilli vanem mudel \u2013 Classic I  Grillrest \u00d8 47 cm (18\u201d), ahi seest\u00a0\u00d8 50 cm, ahi v\u00e4ljast\u00a0\u00d8 57 cm, kaal 90 kg  Ideaalse suurusega keraamiline Kamado Joe grillahi hoovis grillimiseks nii madalal kui k\u00f5rgel kuumusel,\u00a0sobib\u00a0ka suitsutamiseks. Grillil on paksude seintega kuumakindel keraamiline korpus, mis\u00a0lukustab endasse suitsu ja niiskuse igal temperatuuril. K\u00fcpsetusrest on valmistatud v\u00e4ga kvaliteetsest roosetavabaterasest (304).\u00a0Mudeli Classic I standardvarustusse kuulub ka mitme paneeliga\u00a0keraamiline AMP tulekolle, ratastel t\u00f6\u00f6kindel\u00a0tsingitud terasest\u00a0alusraam ja patenteeritud v\u00e4ljat\u00f5mmatav tuhasahtel\u00a0grilli lihtsamaks puhastamiseks. Samuti on Classic I mudeli komplektis alates aastast 2020 kaasas ka paindlikku k\u00fcpsetamist v\u00f5imaldav s\u00fcsteem \u201cDivide &amp;\u00a0Conquer\u00ae\u201d.","og_url":"https:\/\/bbqentertainment.com\/toode\/kamado-joe-classic-i\/","og_site_name":"BBQ Entertainment","article_publisher":"https:\/\/www.facebook.com\/BBQ-Entertainment-N-Catering-2437913376443540","article_modified_time":"2026-04-07T23:02:06+00:00","og_image":[{"width":1200,"height":1200,"url":"https:\/\/bbqentertainment.com\/wp-content\/uploads\/2020\/03\/Kamodoe-Joe-Classic-I-BBQ-Entertainment-Enn-Tobreluts.jpg","type":"image\/jpeg"}],"twitter_card":"summary_large_image","twitter_misc":{"Est. reading time":"1 minute"},"schema":{"@context":"https:\/\/schema.org","@graph":[{"@type":["WebPage","ItemPage"],"@id":"https:\/\/bbqentertainment.com\/toode\/kamado-joe-classic-i\/","url":"https:\/\/bbqentertainment.com\/toode\/kamado-joe-classic-i\/","name":"Kamado Joe \u00ae Classic I - BBQ Entertainment","isPartOf":{"@id":"https:\/\/bbqentertainment.com\/#website"},"primaryImageOfPage":{"@id":"https:\/\/bbqentertainment.com\/toode\/kamado-joe-classic-i\/#primaryimage"},"image":{"@id":"https:\/\/bbqentertainment.com\/toode\/kamado-joe-classic-i\/#primaryimage"},"thumbnailUrl":"https:\/\/bbqentertainment.com\/wp-content\/uploads\/2020\/03\/Kamodoe-Joe-Classic-I-BBQ-Entertainment-Enn-Tobreluts.jpg","datePublished":"2020-03-01T19:57:23+00:00","dateModified":"2026-04-07T23:02:06+00:00","breadcrumb":{"@id":"https:\/\/bbqentertainment.com\/toode\/kamado-joe-classic-i\/#breadcrumb"},"inLanguage":"en-US","potentialAction":[{"@type":"ReadAction","target":["https:\/\/bbqentertainment.com\/toode\/kamado-joe-classic-i\/"]}]},{"@type":"ImageObject","inLanguage":"en-US","@id":"https:\/\/bbqentertainment.com\/toode\/kamado-joe-classic-i\/#primaryimage","url":"https:\/\/bbqentertainment.com\/wp-content\/uploads\/2020\/03\/Kamodoe-Joe-Classic-I-BBQ-Entertainment-Enn-Tobreluts.jpg","contentUrl":"https:\/\/bbqentertainment.com\/wp-content\/uploads\/2020\/03\/Kamodoe-Joe-Classic-I-BBQ-Entertainment-Enn-Tobreluts.jpg","width":1200,"height":1200},{"@type":"BreadcrumbList","@id":"https:\/\/bbqentertainment.com\/toode\/kamado-joe-classic-i\/#breadcrumb","itemListElement":[{"@type":"ListItem","position":1,"name":"AVALEHT","item":"https:\/\/bbqentertainment.com\/en\/"},{"@type":"ListItem","position":2,"name":"Tooted","item":"https:\/\/bbqentertainment.com\/tooted\/"},{"@type":"ListItem","position":3,"name":"Kamado joe","item":"https:\/\/bbqentertainment.com\/tootekategooria\/kamado-joe-tooted\/"},{"@type":"ListItem","position":4,"name":"Kamado Joe","item":"https:\/\/bbqentertainment.com\/tootekategooria\/kamado-joe-tooted\/kamado-joe\/"},{"@type":"ListItem","position":5,"name":"Kamado Joe \u00ae Classic I"}]},{"@type":"WebSite","@id":"https:\/\/bbqentertainment.com\/#website","url":"https:\/\/bbqentertainment.com\/","name":"BBQ Entertainment","description":"BBQ is a great lifestyle, not just fun!","publisher":{"@id":"https:\/\/bbqentertainment.com\/#organization"},"potentialAction":[{"@type":"SearchAction","target":{"@type":"EntryPoint","urlTemplate":"https:\/\/bbqentertainment.com\/?s={search_term_string}"},"query-input":{"@type":"PropertyValueSpecification","valueRequired":true,"valueName":"search_term_string"}}],"inLanguage":"en-US"},{"@type":"Organization","@id":"https:\/\/bbqentertainment.com\/#organization","name":"BBQ Entertainment O\u00dc","url":"https:\/\/bbqentertainment.com\/","logo":{"@type":"ImageObject","inLanguage":"en-US","@id":"https:\/\/bbqentertainment.com\/#\/schema\/logo\/image\/","url":"https:\/\/bbqentertainment.com\/wp-content\/uploads\/2020\/04\/BBQ-Entertainment-N-Catering-Enn-Tobreluts-Logo.png","contentUrl":"https:\/\/bbqentertainment.com\/wp-content\/uploads\/2020\/04\/BBQ-Entertainment-N-Catering-Enn-Tobreluts-Logo.png","width":628,"height":266,"caption":"BBQ Entertainment O\u00dc"},"image":{"@id":"https:\/\/bbqentertainment.com\/#\/schema\/logo\/image\/"},"sameAs":["https:\/\/www.facebook.com\/BBQ-Entertainment-N-Catering-2437913376443540","https:\/\/www.instagram.com\/bbqentertainmentncatering\/","https:\/\/www.youtube.com\/channel\/UCmpuANQVhLy2Md8nrenp2jA"]}]}},"_links":{"self":[{"href":"https:\/\/bbqentertainment.com\/en\/wp-json\/wp\/v2\/product\/62","targetHints":{"allow":["GET"]}}],"collection":[{"href":"https:\/\/bbqentertainment.com\/en\/wp-json\/wp\/v2\/product"}],"about":[{"href":"https:\/\/bbqentertainment.com\/en\/wp-json\/wp\/v2\/types\/product"}],"wp:featuredmedia":[{"embeddable":true,"href":"https:\/\/bbqentertainment.com\/en\/wp-json\/wp\/v2\/media\/974"}],"wp:attachment":[{"href":"https:\/\/bbqentertainment.com\/en\/wp-json\/wp\/v2\/media?parent=62"}],"wp:term":[{"taxonomy":"product_brand","embeddable":true,"href":"https:\/\/bbqentertainment.com\/en\/wp-json\/wp\/v2\/product_brand?post=62"},{"taxonomy":"product_cat","embeddable":true,"href":"https:\/\/bbqentertainment.com\/en\/wp-json\/wp\/v2\/product_cat?post=62"},{"taxonomy":"product_tag","embeddable":true,"href":"https:\/\/bbqentertainment.com\/en\/wp-json\/wp\/v2\/product_tag?post=62"}],"curies":[{"name":"wp","href":"https:\/\/api.w.org\/{rel}","templated":true}]}}